{"id":188353,"date":"2023-12-15T12:45:25","date_gmt":"2023-12-15T11:45:25","guid":{"rendered":"https:\/\/shop.bantam.ch\/produit\/tente-mount-baker-btc\/"},"modified":"2026-04-17T22:52:31","modified_gmt":"2026-04-17T20:52:31","slug":"tente-mount-baker-btc","status":"publish","type":"product","link":"https:\/\/shop.bantam.ch\/fr\/produit\/tente-mount-baker-btc\/","title":{"rendered":"Tente MOUNT BAKER BTC"},"content":{"rendered":"<p>Le Mount Baker BTC est fabriqu\u00e9 en polyester\/coton respirant et convient pour 5 personnes. Tr\u00e8s grand espace de vie pratique avec de grandes fen\u00eatres verrouillables tout autour et une belle vue panoramique. Porte lat\u00e9rale avec auvent anti-pluie et porte en filet suppl\u00e9mentaire pour une bonne ventilation. Le Mount Baker Air est \u00e9quip\u00e9 du syst\u00e8me de gonflage AirTube pour une mise en place simple et rapide. Le salon offre beaucoup d&rsquo;espace pour table, chaises et bagages. L&rsquo;auvent avant fixe profond avec fen\u00eatres vous offre une zone ombrag\u00e9e parfaite pour vous asseoir et vous d\u00e9tendre. La grande tente int\u00e9rieure avec s\u00e9parateur peut \u00eatre divis\u00e9e en une cabine spacieuse pour 3 et 2 personnes et dispose \u00e9galement d&rsquo;un organisateur pratique dans la paroi avant et de poches en filet \u00e0 l&rsquo;int\u00e9rieur. Le tapis de sol enti\u00e8rement fixe garantit que la salet\u00e9 et la vermine restent \u00e0 l&rsquo;ext\u00e9rieur.<\/p>\n<p>Tissu ext\u00e9rieur : Polyester\/coton 65\/35% respirant<br \/>\nTente int\u00e9rieure : 100 % polyester<br \/>\nBas : 100% polyester Oxford min.5000mm<br \/>\nTubes \u00e0 air : \u00d8 12 cm<br \/>\nM\u00e2t de canop\u00e9e : \u00d8 9,5 mm + m\u00e2t en aluminium \u00d8 7,9 mm<br \/>\nDimensions : 710x360x210cm<br \/>\nHauteur : 210cm<br \/>\nPoids : 43 kg<br \/>\nEmball\u00e9 : 90x70x50cm<\/p>\n","protected":false},"excerpt":{"rendered":"<p>Le Mount Baker BTC est fabriqu\u00e9 en polyester\/coton respirant et convient pour 5 personnes. Tr\u00e8s grand espace de vie pratique avec de grandes fen\u00eatres verrouillables tout autour et une belle vue panoramique. Porte lat\u00e9rale avec auvent anti-pluie et porte en filet suppl\u00e9mentaire pour une bonne ventilation. Le Mount Baker Air est \u00e9quip\u00e9 du syst\u00e8me de [&hellip;]<\/p>\n","protected":false},"featured_media":188420,"template":"","meta":{"_acf_changed":false},"product_featured_cat":[],"product_brand":[3074],"product_cat":[4241],"product_tag":[],"class_list":{"0":"post-188353","1":"product","2":"type-product","3":"status-publish","4":"has-post-thumbnail","6":"product_brand-eurotrail","7":"product_cat-tentes-fonctionnelles","9":"first","10":"instock","11":"sale","12":"taxable","13":"shipping-taxable","14":"purchasable","15":"product-type-simple"},"acf":[],"yoast_head":"<!-- This site is optimized with the Yoast SEO plugin v27.4 - https:\/\/yoast.com\/product\/yoast-seo-wordpress\/ -->\n<title>Tente MOUNT BAKER BTC - Bantam Wankm\u00fcller SA<\/title>\n<meta name=\"robots\" content=\"index, follow, max-snippet:-1, max-image-preview:large, max-video-preview:-1\" \/>\n<link rel=\"canonical\" href=\"https:\/\/shop.bantam.ch\/fr\/produit\/tente-mount-baker-btc\/\" \/>\n<meta property=\"og:locale\" content=\"fr_FR\" \/>\n<meta property=\"og:type\" content=\"article\" \/>\n<meta property=\"og:title\" content=\"Tente MOUNT BAKER BTC - Bantam Wankm\u00fcller SA\" \/>\n<meta property=\"og:description\" content=\"Le Mount Baker BTC est fabriqu\u00e9 en polyester\/coton respirant et convient pour 5 personnes. Tr\u00e8s grand espace de vie pratique avec de grandes fen\u00eatres verrouillables tout autour et une belle vue panoramique. Porte lat\u00e9rale avec auvent anti-pluie et porte en filet suppl\u00e9mentaire pour une bonne ventilation. Le Mount Baker Air est \u00e9quip\u00e9 du syst\u00e8me de [&hellip;]\" \/>\n<meta property=\"og:url\" content=\"https:\/\/shop.bantam.ch\/fr\/produit\/tente-mount-baker-btc\/\" \/>\n<meta property=\"og:site_name\" content=\"Bantam Wankm\u00fcller SA\" \/>\n<meta property=\"article:modified_time\" content=\"2026-04-17T20:52:31+00:00\" \/>\n<meta property=\"og:image\" content=\"https:\/\/shop.bantam.ch\/wp-content\/uploads\/2023\/12\/ETTE1131_Mount-Baker-Air_side_600px.jpg\" \/>\n\t<meta property=\"og:image:width\" content=\"600\" \/>\n\t<meta property=\"og:image:height\" content=\"400\" \/>\n\t<meta property=\"og:image:type\" content=\"image\/jpeg\" \/>\n<meta name=\"twitter:card\" content=\"summary_large_image\" \/>\n<meta name=\"twitter:label1\" content=\"Dur\u00e9e de lecture estim\u00e9e\" \/>\n\t<meta name=\"twitter:data1\" content=\"1 minute\" \/>\n<script type=\"application\/ld+json\" class=\"yoast-schema-graph\">{\"@context\":\"https:\\\/\\\/schema.org\",\"@graph\":[{\"@type\":\"WebPage\",\"@id\":\"https:\\\/\\\/shop.bantam.ch\\\/fr\\\/produit\\\/tente-mount-baker-btc\\\/\",\"url\":\"https:\\\/\\\/shop.bantam.ch\\\/fr\\\/produit\\\/tente-mount-baker-btc\\\/\",\"name\":\"Tente MOUNT BAKER BTC - Bantam Wankm\u00fcller SA\",\"isPartOf\":{\"@id\":\"https:\\\/\\\/shop.bantam.ch\\\/fr\\\/#website\"},\"primaryImageOfPage\":{\"@id\":\"https:\\\/\\\/shop.bantam.ch\\\/fr\\\/produit\\\/tente-mount-baker-btc\\\/#primaryimage\"},\"image\":{\"@id\":\"https:\\\/\\\/shop.bantam.ch\\\/fr\\\/produit\\\/tente-mount-baker-btc\\\/#primaryimage\"},\"thumbnailUrl\":\"https:\\\/\\\/shop.bantam.ch\\\/wp-content\\\/uploads\\\/2023\\\/12\\\/ETTE1131_Mount-Baker-Air_side_600px.jpg\",\"datePublished\":\"2023-12-15T11:45:25+00:00\",\"dateModified\":\"2026-04-17T20:52:31+00:00\",\"breadcrumb\":{\"@id\":\"https:\\\/\\\/shop.bantam.ch\\\/fr\\\/produit\\\/tente-mount-baker-btc\\\/#breadcrumb\"},\"inLanguage\":\"fr-FR\",\"potentialAction\":[{\"@type\":\"ReadAction\",\"target\":[\"https:\\\/\\\/shop.bantam.ch\\\/fr\\\/produit\\\/tente-mount-baker-btc\\\/\"]}]},{\"@type\":\"ImageObject\",\"inLanguage\":\"fr-FR\",\"@id\":\"https:\\\/\\\/shop.bantam.ch\\\/fr\\\/produit\\\/tente-mount-baker-btc\\\/#primaryimage\",\"url\":\"https:\\\/\\\/shop.bantam.ch\\\/wp-content\\\/uploads\\\/2023\\\/12\\\/ETTE1131_Mount-Baker-Air_side_600px.jpg\",\"contentUrl\":\"https:\\\/\\\/shop.bantam.ch\\\/wp-content\\\/uploads\\\/2023\\\/12\\\/ETTE1131_Mount-Baker-Air_side_600px.jpg\",\"width\":600,\"height\":400},{\"@type\":\"BreadcrumbList\",\"@id\":\"https:\\\/\\\/shop.bantam.ch\\\/fr\\\/produit\\\/tente-mount-baker-btc\\\/#breadcrumb\",\"itemListElement\":[{\"@type\":\"ListItem\",\"position\":1,\"name\":\"Accueil\",\"item\":\"https:\\\/\\\/shop.bantam.ch\\\/fr\\\/\"},{\"@type\":\"ListItem\",\"position\":2,\"name\":\"Boutique\",\"item\":\"https:\\\/\\\/shop.bantam.ch\\\/fr\\\/boutique\\\/\"},{\"@type\":\"ListItem\",\"position\":3,\"name\":\"Tente MOUNT BAKER BTC\"}]},{\"@type\":\"WebSite\",\"@id\":\"https:\\\/\\\/shop.bantam.ch\\\/fr\\\/#website\",\"url\":\"https:\\\/\\\/shop.bantam.ch\\\/fr\\\/\",\"name\":\"Bantam Wankm\u00fcller SA\",\"description\":\"\",\"publisher\":{\"@id\":\"https:\\\/\\\/shop.bantam.ch\\\/fr\\\/#organization\"},\"inLanguage\":\"fr-FR\"},{\"@type\":\"Organization\",\"@id\":\"https:\\\/\\\/shop.bantam.ch\\\/fr\\\/#organization\",\"name\":\"Bantam Wankm\u00fcller SA\",\"url\":\"https:\\\/\\\/shop.bantam.ch\\\/fr\\\/\",\"logo\":{\"@type\":\"ImageObject\",\"inLanguage\":\"fr-FR\",\"@id\":\"https:\\\/\\\/shop.bantam.ch\\\/fr\\\/#\\\/schema\\\/logo\\\/image\\\/\",\"url\":\"https:\\\/\\\/shop.bantam.ch\\\/wp-content\\\/uploads\\\/2022\\\/12\\\/bantam-logo.png\",\"contentUrl\":\"https:\\\/\\\/shop.bantam.ch\\\/wp-content\\\/uploads\\\/2022\\\/12\\\/bantam-logo.png\",\"width\":320,\"height\":71,\"caption\":\"Bantam Wankm\u00fcller SA\"},\"image\":{\"@id\":\"https:\\\/\\\/shop.bantam.ch\\\/fr\\\/#\\\/schema\\\/logo\\\/image\\\/\"}}]}<\/script>\n<!-- \/ Yoast SEO plugin. -->","yoast_head_json":{"title":"Tente MOUNT BAKER BTC - Bantam Wankm\u00fcller SA","robots":{"index":"index","follow":"follow","max-snippet":"max-snippet:-1","max-image-preview":"max-image-preview:large","max-video-preview":"max-video-preview:-1"},"canonical":"https:\/\/shop.bantam.ch\/fr\/produit\/tente-mount-baker-btc\/","og_locale":"fr_FR","og_type":"article","og_title":"Tente MOUNT BAKER BTC - Bantam Wankm\u00fcller SA","og_description":"Le Mount Baker BTC est fabriqu\u00e9 en polyester\/coton respirant et convient pour 5 personnes. Tr\u00e8s grand espace de vie pratique avec de grandes fen\u00eatres verrouillables tout autour et une belle vue panoramique. Porte lat\u00e9rale avec auvent anti-pluie et porte en filet suppl\u00e9mentaire pour une bonne ventilation. Le Mount Baker Air est \u00e9quip\u00e9 du syst\u00e8me de [&hellip;]","og_url":"https:\/\/shop.bantam.ch\/fr\/produit\/tente-mount-baker-btc\/","og_site_name":"Bantam Wankm\u00fcller SA","article_modified_time":"2026-04-17T20:52:31+00:00","og_image":[{"width":600,"height":400,"url":"https:\/\/shop.bantam.ch\/wp-content\/uploads\/2023\/12\/ETTE1131_Mount-Baker-Air_side_600px.jpg","type":"image\/jpeg"}],"twitter_card":"summary_large_image","twitter_misc":{"Dur\u00e9e de lecture estim\u00e9e":"1 minute"},"schema":{"@context":"https:\/\/schema.org","@graph":[{"@type":"WebPage","@id":"https:\/\/shop.bantam.ch\/fr\/produit\/tente-mount-baker-btc\/","url":"https:\/\/shop.bantam.ch\/fr\/produit\/tente-mount-baker-btc\/","name":"Tente MOUNT BAKER BTC - Bantam Wankm\u00fcller SA","isPartOf":{"@id":"https:\/\/shop.bantam.ch\/fr\/#website"},"primaryImageOfPage":{"@id":"https:\/\/shop.bantam.ch\/fr\/produit\/tente-mount-baker-btc\/#primaryimage"},"image":{"@id":"https:\/\/shop.bantam.ch\/fr\/produit\/tente-mount-baker-btc\/#primaryimage"},"thumbnailUrl":"https:\/\/shop.bantam.ch\/wp-content\/uploads\/2023\/12\/ETTE1131_Mount-Baker-Air_side_600px.jpg","datePublished":"2023-12-15T11:45:25+00:00","dateModified":"2026-04-17T20:52:31+00:00","breadcrumb":{"@id":"https:\/\/shop.bantam.ch\/fr\/produit\/tente-mount-baker-btc\/#breadcrumb"},"inLanguage":"fr-FR","potentialAction":[{"@type":"ReadAction","target":["https:\/\/shop.bantam.ch\/fr\/produit\/tente-mount-baker-btc\/"]}]},{"@type":"ImageObject","inLanguage":"fr-FR","@id":"https:\/\/shop.bantam.ch\/fr\/produit\/tente-mount-baker-btc\/#primaryimage","url":"https:\/\/shop.bantam.ch\/wp-content\/uploads\/2023\/12\/ETTE1131_Mount-Baker-Air_side_600px.jpg","contentUrl":"https:\/\/shop.bantam.ch\/wp-content\/uploads\/2023\/12\/ETTE1131_Mount-Baker-Air_side_600px.jpg","width":600,"height":400},{"@type":"BreadcrumbList","@id":"https:\/\/shop.bantam.ch\/fr\/produit\/tente-mount-baker-btc\/#breadcrumb","itemListElement":[{"@type":"ListItem","position":1,"name":"Accueil","item":"https:\/\/shop.bantam.ch\/fr\/"},{"@type":"ListItem","position":2,"name":"Boutique","item":"https:\/\/shop.bantam.ch\/fr\/boutique\/"},{"@type":"ListItem","position":3,"name":"Tente MOUNT BAKER BTC"}]},{"@type":"WebSite","@id":"https:\/\/shop.bantam.ch\/fr\/#website","url":"https:\/\/shop.bantam.ch\/fr\/","name":"Bantam Wankm\u00fcller SA","description":"","publisher":{"@id":"https:\/\/shop.bantam.ch\/fr\/#organization"},"inLanguage":"fr-FR"},{"@type":"Organization","@id":"https:\/\/shop.bantam.ch\/fr\/#organization","name":"Bantam Wankm\u00fcller SA","url":"https:\/\/shop.bantam.ch\/fr\/","logo":{"@type":"ImageObject","inLanguage":"fr-FR","@id":"https:\/\/shop.bantam.ch\/fr\/#\/schema\/logo\/image\/","url":"https:\/\/shop.bantam.ch\/wp-content\/uploads\/2022\/12\/bantam-logo.png","contentUrl":"https:\/\/shop.bantam.ch\/wp-content\/uploads\/2022\/12\/bantam-logo.png","width":320,"height":71,"caption":"Bantam Wankm\u00fcller SA"},"image":{"@id":"https:\/\/shop.bantam.ch\/fr\/#\/schema\/logo\/image\/"}}]}},"_links":{"self":[{"href":"https:\/\/shop.bantam.ch\/fr\/wp-json\/wp\/v2\/product\/188353","targetHints":{"allow":["GET"]}}],"collection":[{"href":"https:\/\/shop.bantam.ch\/fr\/wp-json\/wp\/v2\/product"}],"about":[{"href":"https:\/\/shop.bantam.ch\/fr\/wp-json\/wp\/v2\/types\/product"}],"wp:featuredmedia":[{"embeddable":true,"href":"https:\/\/shop.bantam.ch\/fr\/wp-json\/wp\/v2\/media\/188420"}],"wp:attachment":[{"href":"https:\/\/shop.bantam.ch\/fr\/wp-json\/wp\/v2\/media?parent=188353"}],"wp:term":[{"taxonomy":"product_featured_cat","embeddable":true,"href":"https:\/\/shop.bantam.ch\/fr\/wp-json\/wp\/v2\/product_featured_cat?post=188353"},{"taxonomy":"product_brand","embeddable":true,"href":"https:\/\/shop.bantam.ch\/fr\/wp-json\/wp\/v2\/product_brand?post=188353"},{"taxonomy":"product_cat","embeddable":true,"href":"https:\/\/shop.bantam.ch\/fr\/wp-json\/wp\/v2\/product_cat?post=188353"},{"taxonomy":"product_tag","embeddable":true,"href":"https:\/\/shop.bantam.ch\/fr\/wp-json\/wp\/v2\/product_tag?post=188353"}],"curies":[{"name":"wp","href":"https:\/\/api.w.org\/{rel}","templated":true}]}}