{"id":188110,"date":"2023-12-11T09:15:27","date_gmt":"2023-12-11T08:15:27","guid":{"rendered":"https:\/\/shop.bantam.ch\/produit\/glaciere-thermoelectrique-23l\/"},"modified":"2026-04-17T22:52:03","modified_gmt":"2026-04-17T20:52:03","slug":"glaciere-thermoelectrique-23l","status":"publish","type":"product","link":"https:\/\/shop.bantam.ch\/fr\/produit\/glaciere-thermoelectrique-23l\/","title":{"rendered":"Glaci\u00e8re thermo\u00e9lectrique 23L"},"content":{"rendered":"<p>Technologie : thermo\u00e9lectrique<br \/>\nType d&rsquo;alimentation : 12V \/ 24V \/ 220V<br \/>\nConsommation :<br \/>\nEn 12V (chaud ou froid) : 40W \/ 48W<br \/>\nEn 220V (chaud ou froid) : 52W \/ 58W<br \/>\nPlage de temp\u00e9rature de fonctionnement :<br \/>\nFroid : 17\u00b0C &#8211; 20\u00b0C en dessous de la temp\u00e9rature ambiante<br \/>\nChaud : 60\u00b0C<br \/>\nFonction cong\u00e9lation : Non<br \/>\nMode de communication : bouton de contr\u00f4le<br \/>\nLitrage bouteille max : 1.5L<br \/>\nType boitage : PU foaming<br \/>\nColoris : Vert pantone \/ gris<br \/>\nLivr\u00e9 avec :<br \/>\n1 x c\u00e2ble d&rsquo;alimentation pour prise 220 V<br \/>\n1 x c\u00e2ble d&rsquo;alimentation pour prise allume-cigare<br \/>\nNotice multilingues (FR \/ EN \/ ES \/ IT \/ DE \/ NL)<br \/>\nCertifications \/ homologations : CE &amp; ROHS 2011 \/ 65 \/ UE &amp; ErP<br \/>\nGarantie : 24 mois<br \/>\nCapacit\u00e9 volume : 23L<br \/>\nType d&rsquo;ouverture : Frontale<br \/>\nDimensions ext\u00e9rieures (L x l x H) : 390 x 300 x 407 mm<br \/>\nDimensions int\u00e9rieures (L x l x H) : 320 x 230 x 300 mm<br \/>\nPoids net : 3,6 kg<\/p>\n","protected":false},"excerpt":{"rendered":"<p>Technologie : thermo\u00e9lectrique Type d&rsquo;alimentation : 12V \/ 24V \/ 220V Consommation : En 12V (chaud ou froid) : 40W \/ 48W En 220V (chaud ou froid) : 52W \/ 58W Plage de temp\u00e9rature de fonctionnement : Froid : 17\u00b0C &#8211; 20\u00b0C en dessous de la temp\u00e9rature ambiante Chaud : 60\u00b0C Fonction cong\u00e9lation : Non [&hellip;]<\/p>\n","protected":false},"featured_media":188108,"template":"","meta":{"_acf_changed":false},"product_featured_cat":[1888],"product_brand":[3674],"product_cat":[5163],"product_tag":[],"class_list":{"0":"post-188110","1":"product","2":"type-product","3":"status-publish","4":"has-post-thumbnail","6":"product_featured_cat-glacieres-dometic","7":"product_brand-incasa","8":"product_cat-glacieres","10":"first","11":"instock","12":"taxable","13":"shipping-taxable","14":"purchasable","15":"product-type-simple"},"acf":[],"yoast_head":"<!-- This site is optimized with the Yoast SEO plugin v27.4 - https:\/\/yoast.com\/product\/yoast-seo-wordpress\/ -->\n<title>Glaci\u00e8re thermo\u00e9lectrique 23L - Bantam Wankm\u00fcller SA<\/title>\n<meta name=\"robots\" content=\"index, follow, max-snippet:-1, max-image-preview:large, max-video-preview:-1\" \/>\n<link rel=\"canonical\" href=\"https:\/\/shop.bantam.ch\/fr\/produit\/glaciere-thermoelectrique-23l\/\" \/>\n<meta property=\"og:locale\" content=\"fr_FR\" \/>\n<meta property=\"og:type\" content=\"article\" \/>\n<meta property=\"og:title\" content=\"Glaci\u00e8re thermo\u00e9lectrique 23L - Bantam Wankm\u00fcller SA\" \/>\n<meta property=\"og:description\" content=\"Technologie : thermo\u00e9lectrique Type d&rsquo;alimentation : 12V \/ 24V \/ 220V Consommation : En 12V (chaud ou froid) : 40W \/ 48W En 220V (chaud ou froid) : 52W \/ 58W Plage de temp\u00e9rature de fonctionnement : Froid : 17\u00b0C &#8211; 20\u00b0C en dessous de la temp\u00e9rature ambiante Chaud : 60\u00b0C Fonction cong\u00e9lation : Non [&hellip;]\" \/>\n<meta property=\"og:url\" content=\"https:\/\/shop.bantam.ch\/fr\/produit\/glaciere-thermoelectrique-23l\/\" \/>\n<meta property=\"og:site_name\" content=\"Bantam Wankm\u00fcller SA\" \/>\n<meta property=\"article:modified_time\" content=\"2026-04-17T20:52:03+00:00\" \/>\n<meta property=\"og:image\" content=\"https:\/\/shop.bantam.ch\/wp-content\/uploads\/2023\/12\/vignette_produit-23.jpg\" \/>\n\t<meta property=\"og:image:width\" content=\"455\" \/>\n\t<meta property=\"og:image:height\" content=\"460\" \/>\n\t<meta property=\"og:image:type\" content=\"image\/jpeg\" \/>\n<meta name=\"twitter:card\" content=\"summary_large_image\" \/>\n<meta name=\"twitter:label1\" content=\"Dur\u00e9e de lecture estim\u00e9e\" \/>\n\t<meta name=\"twitter:data1\" content=\"1 minute\" \/>\n<script type=\"application\/ld+json\" class=\"yoast-schema-graph\">{\"@context\":\"https:\\\/\\\/schema.org\",\"@graph\":[{\"@type\":\"WebPage\",\"@id\":\"https:\\\/\\\/shop.bantam.ch\\\/fr\\\/produit\\\/glaciere-thermoelectrique-23l\\\/\",\"url\":\"https:\\\/\\\/shop.bantam.ch\\\/fr\\\/produit\\\/glaciere-thermoelectrique-23l\\\/\",\"name\":\"Glaci\u00e8re thermo\u00e9lectrique 23L - Bantam Wankm\u00fcller SA\",\"isPartOf\":{\"@id\":\"https:\\\/\\\/shop.bantam.ch\\\/fr\\\/#website\"},\"primaryImageOfPage\":{\"@id\":\"https:\\\/\\\/shop.bantam.ch\\\/fr\\\/produit\\\/glaciere-thermoelectrique-23l\\\/#primaryimage\"},\"image\":{\"@id\":\"https:\\\/\\\/shop.bantam.ch\\\/fr\\\/produit\\\/glaciere-thermoelectrique-23l\\\/#primaryimage\"},\"thumbnailUrl\":\"https:\\\/\\\/shop.bantam.ch\\\/wp-content\\\/uploads\\\/2023\\\/12\\\/vignette_produit-23.jpg\",\"datePublished\":\"2023-12-11T08:15:27+00:00\",\"dateModified\":\"2026-04-17T20:52:03+00:00\",\"breadcrumb\":{\"@id\":\"https:\\\/\\\/shop.bantam.ch\\\/fr\\\/produit\\\/glaciere-thermoelectrique-23l\\\/#breadcrumb\"},\"inLanguage\":\"fr-FR\",\"potentialAction\":[{\"@type\":\"ReadAction\",\"target\":[\"https:\\\/\\\/shop.bantam.ch\\\/fr\\\/produit\\\/glaciere-thermoelectrique-23l\\\/\"]}]},{\"@type\":\"ImageObject\",\"inLanguage\":\"fr-FR\",\"@id\":\"https:\\\/\\\/shop.bantam.ch\\\/fr\\\/produit\\\/glaciere-thermoelectrique-23l\\\/#primaryimage\",\"url\":\"https:\\\/\\\/shop.bantam.ch\\\/wp-content\\\/uploads\\\/2023\\\/12\\\/vignette_produit-23.jpg\",\"contentUrl\":\"https:\\\/\\\/shop.bantam.ch\\\/wp-content\\\/uploads\\\/2023\\\/12\\\/vignette_produit-23.jpg\",\"width\":455,\"height\":460},{\"@type\":\"BreadcrumbList\",\"@id\":\"https:\\\/\\\/shop.bantam.ch\\\/fr\\\/produit\\\/glaciere-thermoelectrique-23l\\\/#breadcrumb\",\"itemListElement\":[{\"@type\":\"ListItem\",\"position\":1,\"name\":\"Accueil\",\"item\":\"https:\\\/\\\/shop.bantam.ch\\\/fr\\\/\"},{\"@type\":\"ListItem\",\"position\":2,\"name\":\"Boutique\",\"item\":\"https:\\\/\\\/shop.bantam.ch\\\/fr\\\/boutique\\\/\"},{\"@type\":\"ListItem\",\"position\":3,\"name\":\"Glaci\u00e8re thermo\u00e9lectrique 23L\"}]},{\"@type\":\"WebSite\",\"@id\":\"https:\\\/\\\/shop.bantam.ch\\\/fr\\\/#website\",\"url\":\"https:\\\/\\\/shop.bantam.ch\\\/fr\\\/\",\"name\":\"Bantam Wankm\u00fcller SA\",\"description\":\"\",\"publisher\":{\"@id\":\"https:\\\/\\\/shop.bantam.ch\\\/fr\\\/#organization\"},\"inLanguage\":\"fr-FR\"},{\"@type\":\"Organization\",\"@id\":\"https:\\\/\\\/shop.bantam.ch\\\/fr\\\/#organization\",\"name\":\"Bantam Wankm\u00fcller SA\",\"url\":\"https:\\\/\\\/shop.bantam.ch\\\/fr\\\/\",\"logo\":{\"@type\":\"ImageObject\",\"inLanguage\":\"fr-FR\",\"@id\":\"https:\\\/\\\/shop.bantam.ch\\\/fr\\\/#\\\/schema\\\/logo\\\/image\\\/\",\"url\":\"https:\\\/\\\/shop.bantam.ch\\\/wp-content\\\/uploads\\\/2022\\\/12\\\/bantam-logo.png\",\"contentUrl\":\"https:\\\/\\\/shop.bantam.ch\\\/wp-content\\\/uploads\\\/2022\\\/12\\\/bantam-logo.png\",\"width\":320,\"height\":71,\"caption\":\"Bantam Wankm\u00fcller SA\"},\"image\":{\"@id\":\"https:\\\/\\\/shop.bantam.ch\\\/fr\\\/#\\\/schema\\\/logo\\\/image\\\/\"}}]}<\/script>\n<!-- \/ Yoast SEO plugin. -->","yoast_head_json":{"title":"Glaci\u00e8re thermo\u00e9lectrique 23L - Bantam Wankm\u00fcller SA","robots":{"index":"index","follow":"follow","max-snippet":"max-snippet:-1","max-image-preview":"max-image-preview:large","max-video-preview":"max-video-preview:-1"},"canonical":"https:\/\/shop.bantam.ch\/fr\/produit\/glaciere-thermoelectrique-23l\/","og_locale":"fr_FR","og_type":"article","og_title":"Glaci\u00e8re thermo\u00e9lectrique 23L - Bantam Wankm\u00fcller SA","og_description":"Technologie : thermo\u00e9lectrique Type d&rsquo;alimentation : 12V \/ 24V \/ 220V Consommation : En 12V (chaud ou froid) : 40W \/ 48W En 220V (chaud ou froid) : 52W \/ 58W Plage de temp\u00e9rature de fonctionnement : Froid : 17\u00b0C &#8211; 20\u00b0C en dessous de la temp\u00e9rature ambiante Chaud : 60\u00b0C Fonction cong\u00e9lation : Non [&hellip;]","og_url":"https:\/\/shop.bantam.ch\/fr\/produit\/glaciere-thermoelectrique-23l\/","og_site_name":"Bantam Wankm\u00fcller SA","article_modified_time":"2026-04-17T20:52:03+00:00","og_image":[{"width":455,"height":460,"url":"https:\/\/shop.bantam.ch\/wp-content\/uploads\/2023\/12\/vignette_produit-23.jpg","type":"image\/jpeg"}],"twitter_card":"summary_large_image","twitter_misc":{"Dur\u00e9e de lecture estim\u00e9e":"1 minute"},"schema":{"@context":"https:\/\/schema.org","@graph":[{"@type":"WebPage","@id":"https:\/\/shop.bantam.ch\/fr\/produit\/glaciere-thermoelectrique-23l\/","url":"https:\/\/shop.bantam.ch\/fr\/produit\/glaciere-thermoelectrique-23l\/","name":"Glaci\u00e8re thermo\u00e9lectrique 23L - Bantam Wankm\u00fcller SA","isPartOf":{"@id":"https:\/\/shop.bantam.ch\/fr\/#website"},"primaryImageOfPage":{"@id":"https:\/\/shop.bantam.ch\/fr\/produit\/glaciere-thermoelectrique-23l\/#primaryimage"},"image":{"@id":"https:\/\/shop.bantam.ch\/fr\/produit\/glaciere-thermoelectrique-23l\/#primaryimage"},"thumbnailUrl":"https:\/\/shop.bantam.ch\/wp-content\/uploads\/2023\/12\/vignette_produit-23.jpg","datePublished":"2023-12-11T08:15:27+00:00","dateModified":"2026-04-17T20:52:03+00:00","breadcrumb":{"@id":"https:\/\/shop.bantam.ch\/fr\/produit\/glaciere-thermoelectrique-23l\/#breadcrumb"},"inLanguage":"fr-FR","potentialAction":[{"@type":"ReadAction","target":["https:\/\/shop.bantam.ch\/fr\/produit\/glaciere-thermoelectrique-23l\/"]}]},{"@type":"ImageObject","inLanguage":"fr-FR","@id":"https:\/\/shop.bantam.ch\/fr\/produit\/glaciere-thermoelectrique-23l\/#primaryimage","url":"https:\/\/shop.bantam.ch\/wp-content\/uploads\/2023\/12\/vignette_produit-23.jpg","contentUrl":"https:\/\/shop.bantam.ch\/wp-content\/uploads\/2023\/12\/vignette_produit-23.jpg","width":455,"height":460},{"@type":"BreadcrumbList","@id":"https:\/\/shop.bantam.ch\/fr\/produit\/glaciere-thermoelectrique-23l\/#breadcrumb","itemListElement":[{"@type":"ListItem","position":1,"name":"Accueil","item":"https:\/\/shop.bantam.ch\/fr\/"},{"@type":"ListItem","position":2,"name":"Boutique","item":"https:\/\/shop.bantam.ch\/fr\/boutique\/"},{"@type":"ListItem","position":3,"name":"Glaci\u00e8re thermo\u00e9lectrique 23L"}]},{"@type":"WebSite","@id":"https:\/\/shop.bantam.ch\/fr\/#website","url":"https:\/\/shop.bantam.ch\/fr\/","name":"Bantam Wankm\u00fcller SA","description":"","publisher":{"@id":"https:\/\/shop.bantam.ch\/fr\/#organization"},"inLanguage":"fr-FR"},{"@type":"Organization","@id":"https:\/\/shop.bantam.ch\/fr\/#organization","name":"Bantam Wankm\u00fcller SA","url":"https:\/\/shop.bantam.ch\/fr\/","logo":{"@type":"ImageObject","inLanguage":"fr-FR","@id":"https:\/\/shop.bantam.ch\/fr\/#\/schema\/logo\/image\/","url":"https:\/\/shop.bantam.ch\/wp-content\/uploads\/2022\/12\/bantam-logo.png","contentUrl":"https:\/\/shop.bantam.ch\/wp-content\/uploads\/2022\/12\/bantam-logo.png","width":320,"height":71,"caption":"Bantam Wankm\u00fcller SA"},"image":{"@id":"https:\/\/shop.bantam.ch\/fr\/#\/schema\/logo\/image\/"}}]}},"_links":{"self":[{"href":"https:\/\/shop.bantam.ch\/fr\/wp-json\/wp\/v2\/product\/188110","targetHints":{"allow":["GET"]}}],"collection":[{"href":"https:\/\/shop.bantam.ch\/fr\/wp-json\/wp\/v2\/product"}],"about":[{"href":"https:\/\/shop.bantam.ch\/fr\/wp-json\/wp\/v2\/types\/product"}],"wp:featuredmedia":[{"embeddable":true,"href":"https:\/\/shop.bantam.ch\/fr\/wp-json\/wp\/v2\/media\/188108"}],"wp:attachment":[{"href":"https:\/\/shop.bantam.ch\/fr\/wp-json\/wp\/v2\/media?parent=188110"}],"wp:term":[{"taxonomy":"product_featured_cat","embeddable":true,"href":"https:\/\/shop.bantam.ch\/fr\/wp-json\/wp\/v2\/product_featured_cat?post=188110"},{"taxonomy":"product_brand","embeddable":true,"href":"https:\/\/shop.bantam.ch\/fr\/wp-json\/wp\/v2\/product_brand?post=188110"},{"taxonomy":"product_cat","embeddable":true,"href":"https:\/\/shop.bantam.ch\/fr\/wp-json\/wp\/v2\/product_cat?post=188110"},{"taxonomy":"product_tag","embeddable":true,"href":"https:\/\/shop.bantam.ch\/fr\/wp-json\/wp\/v2\/product_tag?post=188110"}],"curies":[{"name":"wp","href":"https:\/\/api.w.org\/{rel}","templated":true}]}}