{"id":188078,"date":"2022-12-11T08:57:40","date_gmt":"2022-12-11T07:57:40","guid":{"rendered":"https:\/\/shop.bantam.ch\/produit\/powerstation-captain-1200\/"},"modified":"2026-04-20T22:52:46","modified_gmt":"2026-04-20T20:52:46","slug":"powerstation-captain-1200","status":"publish","type":"product","link":"https:\/\/shop.bantam.ch\/fr\/produit\/powerstation-captain-1200\/","title":{"rendered":"Powerstation CAPTAIN 1200"},"content":{"rendered":"<p>Type de cellules : Lithium (LiFePO4)<br \/>\nCapacit\u00e9 de la batterie : 1280Wh (25,6V, 50Ah)<br \/>\nPuissance de sortie :<br \/>\nPuissance nominale : 1200W (puissance de cr\u00eate 2400W)<br \/>\nPuissance max pour appareils r\u00e9sistifs : 1800W<br \/>\nDur\u00e9e de vie : Plus de 3 500 cycles de charge \u00e0 80 ?d\u00e9charge<br \/>\nProtection BMS: protection surchauffes, protection basses temp\u00e9ratures, protection contre la surcharge, protection contre les courts-circuits, protection contre les surintensit\u00e9s, protection contre les d\u00e9faillances de la batterie.<br \/>\nD\u00e9clenchement onduleur : \u226410ms<br \/>\nLeds : 2 \u00e9clairages lat\u00e9raux multi-modes (lecture, \u00e9clairage puissant, SOS et clignotant)<br \/>\nTemp\u00e9ratures de fonctionnement : -10\u00b0C \u00e0 40\u00b0C<br \/>\nEntr\u00e9e AC : 100V-120V, 50Hz \/ 60Hz (220V-240V, 50Hz en option), 800W MAX<br \/>\nEntr\u00e9e solaire : 12V-56V, 400W MAX (MPPT int\u00e9gr\u00e9)<br \/>\nCharge via prise allume-cigare : 12V\/24V, 8A MAX<br \/>\nPuissance max en entr\u00e9e : AC 800W + Anderson 400W, 1200W MAX<br \/>\nSortie AC (\u00d72) : Norme UE Sortie AC (\u00d72) 220V-240V, 50Hz \/ 60Hz<br \/>\nPuissance nominale : 1200W (puissance de pointe 2400W)<br \/>\nSortie USB-A (\u00d72) : 5V\u23933A, 9V\u23932A, 12V\u23931.5A, MAX 18W (Total 36W)<br \/>\nSortie USB-C (\u00d72) : 5V\u23933A, 9V\u23933A, 12V\u23933A, 15V\u23933A, 20V\u23935A, MAX 100W. (Total 200W)<br \/>\nSortie allume cigare : 120W MAX<br \/>\nSortie jack DC5521 (\u00d72) : 12V\u23933A 36W MAX par sortie (Total 72W)<br \/>\nSortie charge induction: 10W MAX<br \/>\nCouplage parall\u00e8le: 2400W<br \/>\nNom de l&rsquo;appli: VigorPool<br \/>\nModes de connection: bluetooth, Wi-Fi<br \/>\nPoids: 14,8Kg<br \/>\nDimensions du produit : 395 x 240 x 280 mm<br \/>\nInclus : Adaptateur de charge secteur 230V, Cordon allume-cigare pour charge en roulant, notice.<\/p>\n","protected":false},"excerpt":{"rendered":"<p>Type de cellules : Lithium (LiFePO4) Capacit\u00e9 de la batterie : 1280Wh (25,6V, 50Ah) Puissance de sortie : Puissance nominale : 1200W (puissance de cr\u00eate 2400W) Puissance max pour appareils r\u00e9sistifs : 1800W Dur\u00e9e de vie : Plus de 3 500 cycles de charge \u00e0 80 ?d\u00e9charge Protection BMS: protection surchauffes, protection basses temp\u00e9ratures, protection [&hellip;]<\/p>\n","protected":false},"featured_media":188076,"template":"","meta":{"_acf_changed":false},"product_featured_cat":[],"product_brand":[3032],"product_cat":[5129],"product_tag":[],"class_list":{"0":"post-188078","1":"product","2":"type-product","3":"status-publish","4":"has-post-thumbnail","6":"product_brand-standard","7":"product_cat-batteries-portables","9":"first","10":"instock","11":"taxable","12":"shipping-taxable","13":"purchasable","14":"product-type-simple"},"acf":[],"yoast_head":"<!-- This site is optimized with the Yoast SEO plugin v27.4 - https:\/\/yoast.com\/product\/yoast-seo-wordpress\/ -->\n<title>Powerstation CAPTAIN 1200 - Bantam Wankm\u00fcller SA<\/title>\n<meta name=\"robots\" content=\"index, follow, max-snippet:-1, max-image-preview:large, max-video-preview:-1\" \/>\n<link rel=\"canonical\" href=\"https:\/\/shop.bantam.ch\/fr\/produit\/powerstation-captain-1200\/\" \/>\n<meta property=\"og:locale\" content=\"fr_FR\" \/>\n<meta property=\"og:type\" content=\"article\" \/>\n<meta property=\"og:title\" content=\"Powerstation CAPTAIN 1200 - Bantam Wankm\u00fcller SA\" \/>\n<meta property=\"og:description\" content=\"Type de cellules : Lithium (LiFePO4) Capacit\u00e9 de la batterie : 1280Wh (25,6V, 50Ah) Puissance de sortie : Puissance nominale : 1200W (puissance de cr\u00eate 2400W) Puissance max pour appareils r\u00e9sistifs : 1800W Dur\u00e9e de vie : Plus de 3 500 cycles de charge \u00e0 80 ?d\u00e9charge Protection BMS: protection surchauffes, protection basses temp\u00e9ratures, protection [&hellip;]\" \/>\n<meta property=\"og:url\" content=\"https:\/\/shop.bantam.ch\/fr\/produit\/powerstation-captain-1200\/\" \/>\n<meta property=\"og:site_name\" content=\"Bantam Wankm\u00fcller SA\" \/>\n<meta property=\"article:modified_time\" content=\"2026-04-20T20:52:46+00:00\" \/>\n<meta property=\"og:image\" content=\"https:\/\/shop.bantam.ch\/wp-content\/uploads\/2023\/12\/vignette_produit-15.jpg\" \/>\n\t<meta property=\"og:image:width\" content=\"455\" \/>\n\t<meta property=\"og:image:height\" content=\"460\" \/>\n\t<meta property=\"og:image:type\" content=\"image\/jpeg\" \/>\n<meta name=\"twitter:card\" content=\"summary_large_image\" \/>\n<meta name=\"twitter:label1\" content=\"Dur\u00e9e de lecture estim\u00e9e\" \/>\n\t<meta name=\"twitter:data1\" content=\"1 minute\" \/>\n<script type=\"application\/ld+json\" class=\"yoast-schema-graph\">{\"@context\":\"https:\\\/\\\/schema.org\",\"@graph\":[{\"@type\":\"WebPage\",\"@id\":\"https:\\\/\\\/shop.bantam.ch\\\/fr\\\/produit\\\/powerstation-captain-1200\\\/\",\"url\":\"https:\\\/\\\/shop.bantam.ch\\\/fr\\\/produit\\\/powerstation-captain-1200\\\/\",\"name\":\"Powerstation CAPTAIN 1200 - Bantam Wankm\u00fcller SA\",\"isPartOf\":{\"@id\":\"https:\\\/\\\/shop.bantam.ch\\\/fr\\\/#website\"},\"primaryImageOfPage\":{\"@id\":\"https:\\\/\\\/shop.bantam.ch\\\/fr\\\/produit\\\/powerstation-captain-1200\\\/#primaryimage\"},\"image\":{\"@id\":\"https:\\\/\\\/shop.bantam.ch\\\/fr\\\/produit\\\/powerstation-captain-1200\\\/#primaryimage\"},\"thumbnailUrl\":\"https:\\\/\\\/shop.bantam.ch\\\/wp-content\\\/uploads\\\/2023\\\/12\\\/vignette_produit-15.jpg\",\"datePublished\":\"2022-12-11T07:57:40+00:00\",\"dateModified\":\"2026-04-20T20:52:46+00:00\",\"breadcrumb\":{\"@id\":\"https:\\\/\\\/shop.bantam.ch\\\/fr\\\/produit\\\/powerstation-captain-1200\\\/#breadcrumb\"},\"inLanguage\":\"fr-FR\",\"potentialAction\":[{\"@type\":\"ReadAction\",\"target\":[\"https:\\\/\\\/shop.bantam.ch\\\/fr\\\/produit\\\/powerstation-captain-1200\\\/\"]}]},{\"@type\":\"ImageObject\",\"inLanguage\":\"fr-FR\",\"@id\":\"https:\\\/\\\/shop.bantam.ch\\\/fr\\\/produit\\\/powerstation-captain-1200\\\/#primaryimage\",\"url\":\"https:\\\/\\\/shop.bantam.ch\\\/wp-content\\\/uploads\\\/2023\\\/12\\\/vignette_produit-15.jpg\",\"contentUrl\":\"https:\\\/\\\/shop.bantam.ch\\\/wp-content\\\/uploads\\\/2023\\\/12\\\/vignette_produit-15.jpg\",\"width\":455,\"height\":460},{\"@type\":\"BreadcrumbList\",\"@id\":\"https:\\\/\\\/shop.bantam.ch\\\/fr\\\/produit\\\/powerstation-captain-1200\\\/#breadcrumb\",\"itemListElement\":[{\"@type\":\"ListItem\",\"position\":1,\"name\":\"Accueil\",\"item\":\"https:\\\/\\\/shop.bantam.ch\\\/fr\\\/\"},{\"@type\":\"ListItem\",\"position\":2,\"name\":\"Boutique\",\"item\":\"https:\\\/\\\/shop.bantam.ch\\\/fr\\\/boutique\\\/\"},{\"@type\":\"ListItem\",\"position\":3,\"name\":\"Powerstation CAPTAIN 1200\"}]},{\"@type\":\"WebSite\",\"@id\":\"https:\\\/\\\/shop.bantam.ch\\\/fr\\\/#website\",\"url\":\"https:\\\/\\\/shop.bantam.ch\\\/fr\\\/\",\"name\":\"Bantam Wankm\u00fcller SA\",\"description\":\"\",\"publisher\":{\"@id\":\"https:\\\/\\\/shop.bantam.ch\\\/fr\\\/#organization\"},\"inLanguage\":\"fr-FR\"},{\"@type\":\"Organization\",\"@id\":\"https:\\\/\\\/shop.bantam.ch\\\/fr\\\/#organization\",\"name\":\"Bantam Wankm\u00fcller SA\",\"url\":\"https:\\\/\\\/shop.bantam.ch\\\/fr\\\/\",\"logo\":{\"@type\":\"ImageObject\",\"inLanguage\":\"fr-FR\",\"@id\":\"https:\\\/\\\/shop.bantam.ch\\\/fr\\\/#\\\/schema\\\/logo\\\/image\\\/\",\"url\":\"https:\\\/\\\/shop.bantam.ch\\\/wp-content\\\/uploads\\\/2022\\\/12\\\/bantam-logo.png\",\"contentUrl\":\"https:\\\/\\\/shop.bantam.ch\\\/wp-content\\\/uploads\\\/2022\\\/12\\\/bantam-logo.png\",\"width\":320,\"height\":71,\"caption\":\"Bantam Wankm\u00fcller SA\"},\"image\":{\"@id\":\"https:\\\/\\\/shop.bantam.ch\\\/fr\\\/#\\\/schema\\\/logo\\\/image\\\/\"}}]}<\/script>\n<!-- \/ Yoast SEO plugin. -->","yoast_head_json":{"title":"Powerstation CAPTAIN 1200 - Bantam Wankm\u00fcller SA","robots":{"index":"index","follow":"follow","max-snippet":"max-snippet:-1","max-image-preview":"max-image-preview:large","max-video-preview":"max-video-preview:-1"},"canonical":"https:\/\/shop.bantam.ch\/fr\/produit\/powerstation-captain-1200\/","og_locale":"fr_FR","og_type":"article","og_title":"Powerstation CAPTAIN 1200 - Bantam Wankm\u00fcller SA","og_description":"Type de cellules : Lithium (LiFePO4) Capacit\u00e9 de la batterie : 1280Wh (25,6V, 50Ah) Puissance de sortie : Puissance nominale : 1200W (puissance de cr\u00eate 2400W) Puissance max pour appareils r\u00e9sistifs : 1800W Dur\u00e9e de vie : Plus de 3 500 cycles de charge \u00e0 80 ?d\u00e9charge Protection BMS: protection surchauffes, protection basses temp\u00e9ratures, protection [&hellip;]","og_url":"https:\/\/shop.bantam.ch\/fr\/produit\/powerstation-captain-1200\/","og_site_name":"Bantam Wankm\u00fcller SA","article_modified_time":"2026-04-20T20:52:46+00:00","og_image":[{"width":455,"height":460,"url":"https:\/\/shop.bantam.ch\/wp-content\/uploads\/2023\/12\/vignette_produit-15.jpg","type":"image\/jpeg"}],"twitter_card":"summary_large_image","twitter_misc":{"Dur\u00e9e de lecture estim\u00e9e":"1 minute"},"schema":{"@context":"https:\/\/schema.org","@graph":[{"@type":"WebPage","@id":"https:\/\/shop.bantam.ch\/fr\/produit\/powerstation-captain-1200\/","url":"https:\/\/shop.bantam.ch\/fr\/produit\/powerstation-captain-1200\/","name":"Powerstation CAPTAIN 1200 - Bantam Wankm\u00fcller SA","isPartOf":{"@id":"https:\/\/shop.bantam.ch\/fr\/#website"},"primaryImageOfPage":{"@id":"https:\/\/shop.bantam.ch\/fr\/produit\/powerstation-captain-1200\/#primaryimage"},"image":{"@id":"https:\/\/shop.bantam.ch\/fr\/produit\/powerstation-captain-1200\/#primaryimage"},"thumbnailUrl":"https:\/\/shop.bantam.ch\/wp-content\/uploads\/2023\/12\/vignette_produit-15.jpg","datePublished":"2022-12-11T07:57:40+00:00","dateModified":"2026-04-20T20:52:46+00:00","breadcrumb":{"@id":"https:\/\/shop.bantam.ch\/fr\/produit\/powerstation-captain-1200\/#breadcrumb"},"inLanguage":"fr-FR","potentialAction":[{"@type":"ReadAction","target":["https:\/\/shop.bantam.ch\/fr\/produit\/powerstation-captain-1200\/"]}]},{"@type":"ImageObject","inLanguage":"fr-FR","@id":"https:\/\/shop.bantam.ch\/fr\/produit\/powerstation-captain-1200\/#primaryimage","url":"https:\/\/shop.bantam.ch\/wp-content\/uploads\/2023\/12\/vignette_produit-15.jpg","contentUrl":"https:\/\/shop.bantam.ch\/wp-content\/uploads\/2023\/12\/vignette_produit-15.jpg","width":455,"height":460},{"@type":"BreadcrumbList","@id":"https:\/\/shop.bantam.ch\/fr\/produit\/powerstation-captain-1200\/#breadcrumb","itemListElement":[{"@type":"ListItem","position":1,"name":"Accueil","item":"https:\/\/shop.bantam.ch\/fr\/"},{"@type":"ListItem","position":2,"name":"Boutique","item":"https:\/\/shop.bantam.ch\/fr\/boutique\/"},{"@type":"ListItem","position":3,"name":"Powerstation CAPTAIN 1200"}]},{"@type":"WebSite","@id":"https:\/\/shop.bantam.ch\/fr\/#website","url":"https:\/\/shop.bantam.ch\/fr\/","name":"Bantam Wankm\u00fcller SA","description":"","publisher":{"@id":"https:\/\/shop.bantam.ch\/fr\/#organization"},"inLanguage":"fr-FR"},{"@type":"Organization","@id":"https:\/\/shop.bantam.ch\/fr\/#organization","name":"Bantam Wankm\u00fcller SA","url":"https:\/\/shop.bantam.ch\/fr\/","logo":{"@type":"ImageObject","inLanguage":"fr-FR","@id":"https:\/\/shop.bantam.ch\/fr\/#\/schema\/logo\/image\/","url":"https:\/\/shop.bantam.ch\/wp-content\/uploads\/2022\/12\/bantam-logo.png","contentUrl":"https:\/\/shop.bantam.ch\/wp-content\/uploads\/2022\/12\/bantam-logo.png","width":320,"height":71,"caption":"Bantam Wankm\u00fcller SA"},"image":{"@id":"https:\/\/shop.bantam.ch\/fr\/#\/schema\/logo\/image\/"}}]}},"_links":{"self":[{"href":"https:\/\/shop.bantam.ch\/fr\/wp-json\/wp\/v2\/product\/188078","targetHints":{"allow":["GET"]}}],"collection":[{"href":"https:\/\/shop.bantam.ch\/fr\/wp-json\/wp\/v2\/product"}],"about":[{"href":"https:\/\/shop.bantam.ch\/fr\/wp-json\/wp\/v2\/types\/product"}],"wp:featuredmedia":[{"embeddable":true,"href":"https:\/\/shop.bantam.ch\/fr\/wp-json\/wp\/v2\/media\/188076"}],"wp:attachment":[{"href":"https:\/\/shop.bantam.ch\/fr\/wp-json\/wp\/v2\/media?parent=188078"}],"wp:term":[{"taxonomy":"product_featured_cat","embeddable":true,"href":"https:\/\/shop.bantam.ch\/fr\/wp-json\/wp\/v2\/product_featured_cat?post=188078"},{"taxonomy":"product_brand","embeddable":true,"href":"https:\/\/shop.bantam.ch\/fr\/wp-json\/wp\/v2\/product_brand?post=188078"},{"taxonomy":"product_cat","embeddable":true,"href":"https:\/\/shop.bantam.ch\/fr\/wp-json\/wp\/v2\/product_cat?post=188078"},{"taxonomy":"product_tag","embeddable":true,"href":"https:\/\/shop.bantam.ch\/fr\/wp-json\/wp\/v2\/product_tag?post=188078"}],"curies":[{"name":"wp","href":"https:\/\/api.w.org\/{rel}","templated":true}]}}