{"id":188074,"date":"2022-12-11T08:55:18","date_gmt":"2022-12-11T07:55:18","guid":{"rendered":"https:\/\/shop.bantam.ch\/produit\/power-station-powerroam-gs600\/"},"modified":"2026-04-20T22:52:46","modified_gmt":"2026-04-20T20:52:46","slug":"power-station-powerroam-gs600","status":"publish","type":"product","link":"https:\/\/shop.bantam.ch\/fr\/produit\/power-station-powerroam-gs600\/","title":{"rendered":"Power station PowerRoam GS600"},"content":{"rendered":"<p>Dur\u00e9e de vie de 10 ans : les Batteries BYD haute performance de classe LiFePO4 EV donnent aux Power station PowerRoam une dur\u00e9e de vie 6 fois plus longue par rapport aux batteries lithium-ion conventionnelles. Inclus: une protection BMS avanc\u00e9e et une fonction de surveillance de la tension, du courant et de la temp\u00e9rature pour que votre batterie LFP continue de fonctionner pendant des ann\u00e9es.<br \/>\nCycles de charge : s\u00fbres, durables et respectueuses de l&rsquo;environnement lors de leur utilisation, ces batteries haute performance peuvent r\u00e9aliser jusqu&rsquo;\u00e0 3000 cycles de charge \u00e0 80% et 6000 \u00e0 60%.<br \/>\nCharge rapide : gr\u00e2ce \u00e0 la technologie avanc\u00e9e PowerZip, la Power station peut \u00eatre rapidement charg\u00e9e de 0 \u00e0 80 % en seulement 50 minutes avec une entr\u00e9e AC et compl\u00e8tement charg\u00e9e en 1,5 heure. Rechargez \u00e9galement votre PowerRoam en d\u00e9placement en moins de 4,5 heures sur la prise allume cigare (600W sur 24V).<br \/>\nTechnologie U-Turbo : augmentez la puissance de votre PowerRoam avec la technologie U-Turbo et alimentez des appareils \u00e0 haute puissance jusqu\u2019\u00e0 3500W selon le mod\u00e8le de votre power station.<br \/>\nApplication mobile (Bluetooh ou Wifi) : avec l&rsquo;application UGREEN simple et compl\u00e8te, surveillez votre power station n&rsquo;importe o\u00f9, y compris de nombreuses fonctions pratiques telles que le mode silencieux, le mode d&rsquo;\u00e9conomie d&rsquo;\u00e9nergie, la s\u00e9curit\u00e9 enfant, etc.<br \/>\nMode urgence : activez le mode urgence 0?tterie et gagnez encore 7 heures de charge pour les fonctions d\u2019urgences telles que la charge de t\u00e9l\u00e9phone, les lumi\u00e8res\u2026<br \/>\nFonction UPS : ne perdez pas l\u2019alimentation de vos appareils gr\u00e2ce \u00e0 la fonction UPS. Votre power station continuera de s\u2019alimenter en cas de blocage soudain dans un d\u00e9lai de basculement de 20ms.<br \/>\nFonctions avanc\u00e9es : les power station PowerRoam disposent de nombreuses fonctions suppl\u00e9mentaires pratiques et s\u00e9curitaires telles que le mode silencieux, le mode \u00e9conomie d\u2019\u00e9nergie, la s\u00e9curit\u00e9 enfant et l\u2019autodiagnostic.<br \/>\nGarantie 5 ans<br \/>\n\u00c9cran : LCD 12 cm<br \/>\nCapacit\u00e9 : 680 Wh<br \/>\nDimensions : 31 x 19 x 24 cm<br \/>\nPoids : 9 kg<br \/>\nNombre de ports : 9<br \/>\nRecharge :<br \/>\nAC 600 W<br \/>\n0-100% en 1.5 heures<br \/>\nCharge solaire 200 W Max. : charge compl\u00e8te en 4 heures<br \/>\nAllume cigare 12 \/ 24V, 200 W Max. : charge compl\u00e8te en 7 \/ 4.5 heures<br \/>\nSorties :<br \/>\nAC 220V x 2 (600W max)<br \/>\nUSB-C : 100W \u00d7 2<br \/>\nUSB-A : 22.5W \u00d7 2 (Compatible protocoles de charge rapide)<br \/>\nPrise allume cigare \u00d7 1<br \/>\nDC5521 \u00d7 2<br \/>\nTotal : 965W Max<br \/>\nInclus :<br \/>\n1x C\u00e2ble AC de 1,5 m\u00e8tre pour charger la power station portable en prise secteur<br \/>\n1x C\u00e2ble DC5521 vers DC5525 de 1 m\u00e8tre &#8211; pour la sortie DC.<br \/>\n1x C\u00e2ble pour connecter le panneau solaire de 0,5 m\u00e8tre.<br \/>\n1x C\u00e2ble de charge Allume Cigare pour v\u00e9hicule 12\/24V de 1,5 m\u00e8tre.<\/p>\n","protected":false},"excerpt":{"rendered":"<p>Dur\u00e9e de vie de 10 ans : les Batteries BYD haute performance de classe LiFePO4 EV donnent aux Power station PowerRoam une dur\u00e9e de vie 6 fois plus longue par rapport aux batteries lithium-ion conventionnelles. Inclus: une protection BMS avanc\u00e9e et une fonction de surveillance de la tension, du courant et de la temp\u00e9rature pour [&hellip;]<\/p>\n","protected":false},"featured_media":188072,"template":"","meta":{"_acf_changed":false},"product_featured_cat":[],"product_brand":[3032],"product_cat":[5129],"product_tag":[],"class_list":{"0":"post-188074","1":"product","2":"type-product","3":"status-publish","4":"has-post-thumbnail","6":"product_brand-standard","7":"product_cat-batteries-portables","9":"first","10":"instock","11":"taxable","12":"shipping-taxable","13":"purchasable","14":"product-type-simple"},"acf":[],"yoast_head":"<!-- This site is optimized with the Yoast SEO plugin v27.4 - https:\/\/yoast.com\/product\/yoast-seo-wordpress\/ -->\n<title>Power station PowerRoam GS600 - Bantam Wankm\u00fcller SA<\/title>\n<meta name=\"robots\" content=\"index, follow, max-snippet:-1, max-image-preview:large, max-video-preview:-1\" \/>\n<link rel=\"canonical\" href=\"https:\/\/shop.bantam.ch\/fr\/produit\/power-station-powerroam-gs600\/\" \/>\n<meta property=\"og:locale\" content=\"fr_FR\" \/>\n<meta property=\"og:type\" content=\"article\" \/>\n<meta property=\"og:title\" content=\"Power station PowerRoam GS600 - Bantam Wankm\u00fcller SA\" \/>\n<meta property=\"og:description\" content=\"Dur\u00e9e de vie de 10 ans : les Batteries BYD haute performance de classe LiFePO4 EV donnent aux Power station PowerRoam une dur\u00e9e de vie 6 fois plus longue par rapport aux batteries lithium-ion conventionnelles. Inclus: une protection BMS avanc\u00e9e et une fonction de surveillance de la tension, du courant et de la temp\u00e9rature pour [&hellip;]\" \/>\n<meta property=\"og:url\" content=\"https:\/\/shop.bantam.ch\/fr\/produit\/power-station-powerroam-gs600\/\" \/>\n<meta property=\"og:site_name\" content=\"Bantam Wankm\u00fcller SA\" \/>\n<meta property=\"article:modified_time\" content=\"2026-04-20T20:52:46+00:00\" \/>\n<meta property=\"og:image\" content=\"https:\/\/shop.bantam.ch\/wp-content\/uploads\/2023\/12\/vignette_produit-14.jpg\" \/>\n\t<meta property=\"og:image:width\" content=\"455\" \/>\n\t<meta property=\"og:image:height\" content=\"460\" \/>\n\t<meta property=\"og:image:type\" content=\"image\/jpeg\" \/>\n<meta name=\"twitter:card\" content=\"summary_large_image\" \/>\n<meta name=\"twitter:label1\" content=\"Dur\u00e9e de lecture estim\u00e9e\" \/>\n\t<meta name=\"twitter:data1\" content=\"3 minutes\" \/>\n<script type=\"application\/ld+json\" class=\"yoast-schema-graph\">{\"@context\":\"https:\\\/\\\/schema.org\",\"@graph\":[{\"@type\":\"WebPage\",\"@id\":\"https:\\\/\\\/shop.bantam.ch\\\/fr\\\/produit\\\/power-station-powerroam-gs600\\\/\",\"url\":\"https:\\\/\\\/shop.bantam.ch\\\/fr\\\/produit\\\/power-station-powerroam-gs600\\\/\",\"name\":\"Power station PowerRoam GS600 - Bantam Wankm\u00fcller SA\",\"isPartOf\":{\"@id\":\"https:\\\/\\\/shop.bantam.ch\\\/fr\\\/#website\"},\"primaryImageOfPage\":{\"@id\":\"https:\\\/\\\/shop.bantam.ch\\\/fr\\\/produit\\\/power-station-powerroam-gs600\\\/#primaryimage\"},\"image\":{\"@id\":\"https:\\\/\\\/shop.bantam.ch\\\/fr\\\/produit\\\/power-station-powerroam-gs600\\\/#primaryimage\"},\"thumbnailUrl\":\"https:\\\/\\\/shop.bantam.ch\\\/wp-content\\\/uploads\\\/2023\\\/12\\\/vignette_produit-14.jpg\",\"datePublished\":\"2022-12-11T07:55:18+00:00\",\"dateModified\":\"2026-04-20T20:52:46+00:00\",\"breadcrumb\":{\"@id\":\"https:\\\/\\\/shop.bantam.ch\\\/fr\\\/produit\\\/power-station-powerroam-gs600\\\/#breadcrumb\"},\"inLanguage\":\"fr-FR\",\"potentialAction\":[{\"@type\":\"ReadAction\",\"target\":[\"https:\\\/\\\/shop.bantam.ch\\\/fr\\\/produit\\\/power-station-powerroam-gs600\\\/\"]}]},{\"@type\":\"ImageObject\",\"inLanguage\":\"fr-FR\",\"@id\":\"https:\\\/\\\/shop.bantam.ch\\\/fr\\\/produit\\\/power-station-powerroam-gs600\\\/#primaryimage\",\"url\":\"https:\\\/\\\/shop.bantam.ch\\\/wp-content\\\/uploads\\\/2023\\\/12\\\/vignette_produit-14.jpg\",\"contentUrl\":\"https:\\\/\\\/shop.bantam.ch\\\/wp-content\\\/uploads\\\/2023\\\/12\\\/vignette_produit-14.jpg\",\"width\":455,\"height\":460},{\"@type\":\"BreadcrumbList\",\"@id\":\"https:\\\/\\\/shop.bantam.ch\\\/fr\\\/produit\\\/power-station-powerroam-gs600\\\/#breadcrumb\",\"itemListElement\":[{\"@type\":\"ListItem\",\"position\":1,\"name\":\"Accueil\",\"item\":\"https:\\\/\\\/shop.bantam.ch\\\/fr\\\/\"},{\"@type\":\"ListItem\",\"position\":2,\"name\":\"Boutique\",\"item\":\"https:\\\/\\\/shop.bantam.ch\\\/fr\\\/boutique\\\/\"},{\"@type\":\"ListItem\",\"position\":3,\"name\":\"Power station PowerRoam GS600\"}]},{\"@type\":\"WebSite\",\"@id\":\"https:\\\/\\\/shop.bantam.ch\\\/fr\\\/#website\",\"url\":\"https:\\\/\\\/shop.bantam.ch\\\/fr\\\/\",\"name\":\"Bantam Wankm\u00fcller SA\",\"description\":\"\",\"publisher\":{\"@id\":\"https:\\\/\\\/shop.bantam.ch\\\/fr\\\/#organization\"},\"inLanguage\":\"fr-FR\"},{\"@type\":\"Organization\",\"@id\":\"https:\\\/\\\/shop.bantam.ch\\\/fr\\\/#organization\",\"name\":\"Bantam Wankm\u00fcller SA\",\"url\":\"https:\\\/\\\/shop.bantam.ch\\\/fr\\\/\",\"logo\":{\"@type\":\"ImageObject\",\"inLanguage\":\"fr-FR\",\"@id\":\"https:\\\/\\\/shop.bantam.ch\\\/fr\\\/#\\\/schema\\\/logo\\\/image\\\/\",\"url\":\"https:\\\/\\\/shop.bantam.ch\\\/wp-content\\\/uploads\\\/2022\\\/12\\\/bantam-logo.png\",\"contentUrl\":\"https:\\\/\\\/shop.bantam.ch\\\/wp-content\\\/uploads\\\/2022\\\/12\\\/bantam-logo.png\",\"width\":320,\"height\":71,\"caption\":\"Bantam Wankm\u00fcller SA\"},\"image\":{\"@id\":\"https:\\\/\\\/shop.bantam.ch\\\/fr\\\/#\\\/schema\\\/logo\\\/image\\\/\"}}]}<\/script>\n<!-- \/ Yoast SEO plugin. -->","yoast_head_json":{"title":"Power station PowerRoam GS600 - Bantam Wankm\u00fcller SA","robots":{"index":"index","follow":"follow","max-snippet":"max-snippet:-1","max-image-preview":"max-image-preview:large","max-video-preview":"max-video-preview:-1"},"canonical":"https:\/\/shop.bantam.ch\/fr\/produit\/power-station-powerroam-gs600\/","og_locale":"fr_FR","og_type":"article","og_title":"Power station PowerRoam GS600 - Bantam Wankm\u00fcller SA","og_description":"Dur\u00e9e de vie de 10 ans : les Batteries BYD haute performance de classe LiFePO4 EV donnent aux Power station PowerRoam une dur\u00e9e de vie 6 fois plus longue par rapport aux batteries lithium-ion conventionnelles. Inclus: une protection BMS avanc\u00e9e et une fonction de surveillance de la tension, du courant et de la temp\u00e9rature pour [&hellip;]","og_url":"https:\/\/shop.bantam.ch\/fr\/produit\/power-station-powerroam-gs600\/","og_site_name":"Bantam Wankm\u00fcller SA","article_modified_time":"2026-04-20T20:52:46+00:00","og_image":[{"width":455,"height":460,"url":"https:\/\/shop.bantam.ch\/wp-content\/uploads\/2023\/12\/vignette_produit-14.jpg","type":"image\/jpeg"}],"twitter_card":"summary_large_image","twitter_misc":{"Dur\u00e9e de lecture estim\u00e9e":"3 minutes"},"schema":{"@context":"https:\/\/schema.org","@graph":[{"@type":"WebPage","@id":"https:\/\/shop.bantam.ch\/fr\/produit\/power-station-powerroam-gs600\/","url":"https:\/\/shop.bantam.ch\/fr\/produit\/power-station-powerroam-gs600\/","name":"Power station PowerRoam GS600 - Bantam Wankm\u00fcller SA","isPartOf":{"@id":"https:\/\/shop.bantam.ch\/fr\/#website"},"primaryImageOfPage":{"@id":"https:\/\/shop.bantam.ch\/fr\/produit\/power-station-powerroam-gs600\/#primaryimage"},"image":{"@id":"https:\/\/shop.bantam.ch\/fr\/produit\/power-station-powerroam-gs600\/#primaryimage"},"thumbnailUrl":"https:\/\/shop.bantam.ch\/wp-content\/uploads\/2023\/12\/vignette_produit-14.jpg","datePublished":"2022-12-11T07:55:18+00:00","dateModified":"2026-04-20T20:52:46+00:00","breadcrumb":{"@id":"https:\/\/shop.bantam.ch\/fr\/produit\/power-station-powerroam-gs600\/#breadcrumb"},"inLanguage":"fr-FR","potentialAction":[{"@type":"ReadAction","target":["https:\/\/shop.bantam.ch\/fr\/produit\/power-station-powerroam-gs600\/"]}]},{"@type":"ImageObject","inLanguage":"fr-FR","@id":"https:\/\/shop.bantam.ch\/fr\/produit\/power-station-powerroam-gs600\/#primaryimage","url":"https:\/\/shop.bantam.ch\/wp-content\/uploads\/2023\/12\/vignette_produit-14.jpg","contentUrl":"https:\/\/shop.bantam.ch\/wp-content\/uploads\/2023\/12\/vignette_produit-14.jpg","width":455,"height":460},{"@type":"BreadcrumbList","@id":"https:\/\/shop.bantam.ch\/fr\/produit\/power-station-powerroam-gs600\/#breadcrumb","itemListElement":[{"@type":"ListItem","position":1,"name":"Accueil","item":"https:\/\/shop.bantam.ch\/fr\/"},{"@type":"ListItem","position":2,"name":"Boutique","item":"https:\/\/shop.bantam.ch\/fr\/boutique\/"},{"@type":"ListItem","position":3,"name":"Power station PowerRoam GS600"}]},{"@type":"WebSite","@id":"https:\/\/shop.bantam.ch\/fr\/#website","url":"https:\/\/shop.bantam.ch\/fr\/","name":"Bantam Wankm\u00fcller SA","description":"","publisher":{"@id":"https:\/\/shop.bantam.ch\/fr\/#organization"},"inLanguage":"fr-FR"},{"@type":"Organization","@id":"https:\/\/shop.bantam.ch\/fr\/#organization","name":"Bantam Wankm\u00fcller SA","url":"https:\/\/shop.bantam.ch\/fr\/","logo":{"@type":"ImageObject","inLanguage":"fr-FR","@id":"https:\/\/shop.bantam.ch\/fr\/#\/schema\/logo\/image\/","url":"https:\/\/shop.bantam.ch\/wp-content\/uploads\/2022\/12\/bantam-logo.png","contentUrl":"https:\/\/shop.bantam.ch\/wp-content\/uploads\/2022\/12\/bantam-logo.png","width":320,"height":71,"caption":"Bantam Wankm\u00fcller SA"},"image":{"@id":"https:\/\/shop.bantam.ch\/fr\/#\/schema\/logo\/image\/"}}]}},"_links":{"self":[{"href":"https:\/\/shop.bantam.ch\/fr\/wp-json\/wp\/v2\/product\/188074","targetHints":{"allow":["GET"]}}],"collection":[{"href":"https:\/\/shop.bantam.ch\/fr\/wp-json\/wp\/v2\/product"}],"about":[{"href":"https:\/\/shop.bantam.ch\/fr\/wp-json\/wp\/v2\/types\/product"}],"wp:featuredmedia":[{"embeddable":true,"href":"https:\/\/shop.bantam.ch\/fr\/wp-json\/wp\/v2\/media\/188072"}],"wp:attachment":[{"href":"https:\/\/shop.bantam.ch\/fr\/wp-json\/wp\/v2\/media?parent=188074"}],"wp:term":[{"taxonomy":"product_featured_cat","embeddable":true,"href":"https:\/\/shop.bantam.ch\/fr\/wp-json\/wp\/v2\/product_featured_cat?post=188074"},{"taxonomy":"product_brand","embeddable":true,"href":"https:\/\/shop.bantam.ch\/fr\/wp-json\/wp\/v2\/product_brand?post=188074"},{"taxonomy":"product_cat","embeddable":true,"href":"https:\/\/shop.bantam.ch\/fr\/wp-json\/wp\/v2\/product_cat?post=188074"},{"taxonomy":"product_tag","embeddable":true,"href":"https:\/\/shop.bantam.ch\/fr\/wp-json\/wp\/v2\/product_tag?post=188074"}],"curies":[{"name":"wp","href":"https:\/\/api.w.org\/{rel}","templated":true}]}}