{"id":188070,"date":"2022-12-11T08:52:59","date_gmt":"2022-12-11T07:52:59","guid":{"rendered":"https:\/\/shop.bantam.ch\/produit\/powerstation-lake-300\/"},"modified":"2026-04-20T22:52:40","modified_gmt":"2026-04-20T20:52:40","slug":"powerstation-lake-300","status":"publish","type":"product","link":"https:\/\/shop.bantam.ch\/fr\/produit\/powerstation-lake-300\/","title":{"rendered":"Powerstation LAKE 300"},"content":{"rendered":"<p>Optez pour la powerstation Lake 300 pour assurer la charge de vos petits accessoires \u00e9lectroniques lors de vos d\u00e9placements. Avec une capacit\u00e9 de 320Wh et une puissance de sortie de 300W (cr\u00eate 500W), elle apporte de l&rsquo;autonomie \u00e0 vos activit\u00e9s de plein air.<\/p>\n<p>Le syst\u00e8me avanc\u00e9 de gestion de la batterie (BMS) int\u00e9gr\u00e9 \u00e0 triple processeur permet de r\u00e9guler et prot\u00e9ger la dur\u00e9e de vie de la batterie interne et de vos appareils.<\/p>\n<p>La batterie lithium LiFePO 4, permet d&rsquo;utiliser la Lake 300 en toute s\u00e9curit\u00e9 et allonge sa dur\u00e9e de vie : plusde 2000cycles.<\/p>\n<p>Elle peut alimenter jusqu&rsquo;\u00e0 9 accessoires simultan\u00e9ment.<\/p>\n<p>La technologie de double charge rapide (charge secteur 90W + USB-C 100W en m\u00eame temps) permet d&rsquo;atteindre 190W, ce qui signifie une recharge compl\u00e8te en 2,5 heures.<\/p>\n<p>Le projecteur LED int\u00e9gr\u00e9 sera tr\u00e8s utile d\u00e8s la tomb\u00e9e de la nuit.<\/p>\n<p>Le chargeur \u00e0 induction rechargera vos smartphones derni\u00e8re g\u00e9n\u00e9ration<br \/>\nCapacit\u00e9 nominale : 320Wh (12.8V, 25Ah)<br \/>\nType de cellules: Lithium LiFePO 4<br \/>\nDur\u00e9e vie : 2000 cycles \u00e0 80?d\u00e9charge<br \/>\nBMS: Protection contre les surcharges, protection les d\u00e9charges profondes, les surcharges,les courts-circuits, les surintensit\u00e9s, les surchauffes, les basses temp\u00e9ratures<br \/>\nSortie AC : 230V~, 50Hz Total 300W<br \/>\nSortie USB-A (\u00d72) : 5V \u2393 3A, 9V \u2393 2A, 12V \u2393 1.5A, Total 36W<br \/>\nSortie USB-C : 5V \u2393 3A, 9V \u2393 3A, 12V \u2393 3A, 15V \u2393 3A, 20V \u2393 5A, 100W Max.<br \/>\nSortie prise allume-cigare : 12V\u239310A<br \/>\nSortie jack DC5521 (\u00d72) : 12V\u23933A Total 72W<br \/>\nSortie charge induction : 5V\u23931A, 9V\u23931A<br \/>\nEntr\u00e9e DC : 20V \u2393 4.5A<br \/>\nEntr\u00e9e USB-C : 5V \u2393 3A, 9V \u2393 3A, 12V \u2393 3A, 15V \u2393 3A, 20V \u2393 5A, 100W Max<br \/>\nPoids : 4,3 kg<br \/>\nDimensions (L x l x P) : 255 x 182 x 210 mm<br \/>\nTemp\u00e9rature d&rsquo;utilisation : -10\u00b0C+40\u00b0C<br \/>\nInclus : Adaptateur de charge secteur 230V, Cordon allume-cigare pour charge en roulant, notice.<\/p>\n","protected":false},"excerpt":{"rendered":"<p>Optez pour la powerstation Lake 300 pour assurer la charge de vos petits accessoires \u00e9lectroniques lors de vos d\u00e9placements. Avec une capacit\u00e9 de 320Wh et une puissance de sortie de 300W (cr\u00eate 500W), elle apporte de l&rsquo;autonomie \u00e0 vos activit\u00e9s de plein air. Le syst\u00e8me avanc\u00e9 de gestion de la batterie (BMS) int\u00e9gr\u00e9 \u00e0 triple [&hellip;]<\/p>\n","protected":false},"featured_media":188068,"template":"","meta":{"_acf_changed":false},"product_featured_cat":[],"product_brand":[3032],"product_cat":[5129],"product_tag":[],"class_list":{"0":"post-188070","1":"product","2":"type-product","3":"status-publish","4":"has-post-thumbnail","6":"product_brand-standard","7":"product_cat-batteries-portables","9":"first","10":"instock","11":"taxable","12":"shipping-taxable","13":"purchasable","14":"product-type-simple"},"acf":[],"yoast_head":"<!-- This site is optimized with the Yoast SEO plugin v27.4 - https:\/\/yoast.com\/product\/yoast-seo-wordpress\/ -->\n<title>Powerstation LAKE 300 - Bantam Wankm\u00fcller SA<\/title>\n<meta name=\"robots\" content=\"index, follow, max-snippet:-1, max-image-preview:large, max-video-preview:-1\" \/>\n<link rel=\"canonical\" href=\"https:\/\/shop.bantam.ch\/fr\/produit\/powerstation-lake-300\/\" \/>\n<meta property=\"og:locale\" content=\"fr_FR\" \/>\n<meta property=\"og:type\" content=\"article\" \/>\n<meta property=\"og:title\" content=\"Powerstation LAKE 300 - Bantam Wankm\u00fcller SA\" \/>\n<meta property=\"og:description\" content=\"Optez pour la powerstation Lake 300 pour assurer la charge de vos petits accessoires \u00e9lectroniques lors de vos d\u00e9placements. Avec une capacit\u00e9 de 320Wh et une puissance de sortie de 300W (cr\u00eate 500W), elle apporte de l&rsquo;autonomie \u00e0 vos activit\u00e9s de plein air. Le syst\u00e8me avanc\u00e9 de gestion de la batterie (BMS) int\u00e9gr\u00e9 \u00e0 triple [&hellip;]\" \/>\n<meta property=\"og:url\" content=\"https:\/\/shop.bantam.ch\/fr\/produit\/powerstation-lake-300\/\" \/>\n<meta property=\"og:site_name\" content=\"Bantam Wankm\u00fcller SA\" \/>\n<meta property=\"article:modified_time\" content=\"2026-04-20T20:52:40+00:00\" \/>\n<meta property=\"og:image\" content=\"https:\/\/shop.bantam.ch\/wp-content\/uploads\/2023\/12\/vignette_produit-13.jpg\" \/>\n\t<meta property=\"og:image:width\" content=\"455\" \/>\n\t<meta property=\"og:image:height\" content=\"460\" \/>\n\t<meta property=\"og:image:type\" content=\"image\/jpeg\" \/>\n<meta name=\"twitter:card\" content=\"summary_large_image\" \/>\n<meta name=\"twitter:label1\" content=\"Dur\u00e9e de lecture estim\u00e9e\" \/>\n\t<meta name=\"twitter:data1\" content=\"1 minute\" \/>\n<script type=\"application\/ld+json\" class=\"yoast-schema-graph\">{\"@context\":\"https:\\\/\\\/schema.org\",\"@graph\":[{\"@type\":\"WebPage\",\"@id\":\"https:\\\/\\\/shop.bantam.ch\\\/fr\\\/produit\\\/powerstation-lake-300\\\/\",\"url\":\"https:\\\/\\\/shop.bantam.ch\\\/fr\\\/produit\\\/powerstation-lake-300\\\/\",\"name\":\"Powerstation LAKE 300 - Bantam Wankm\u00fcller SA\",\"isPartOf\":{\"@id\":\"https:\\\/\\\/shop.bantam.ch\\\/fr\\\/#website\"},\"primaryImageOfPage\":{\"@id\":\"https:\\\/\\\/shop.bantam.ch\\\/fr\\\/produit\\\/powerstation-lake-300\\\/#primaryimage\"},\"image\":{\"@id\":\"https:\\\/\\\/shop.bantam.ch\\\/fr\\\/produit\\\/powerstation-lake-300\\\/#primaryimage\"},\"thumbnailUrl\":\"https:\\\/\\\/shop.bantam.ch\\\/wp-content\\\/uploads\\\/2023\\\/12\\\/vignette_produit-13.jpg\",\"datePublished\":\"2022-12-11T07:52:59+00:00\",\"dateModified\":\"2026-04-20T20:52:40+00:00\",\"breadcrumb\":{\"@id\":\"https:\\\/\\\/shop.bantam.ch\\\/fr\\\/produit\\\/powerstation-lake-300\\\/#breadcrumb\"},\"inLanguage\":\"fr-FR\",\"potentialAction\":[{\"@type\":\"ReadAction\",\"target\":[\"https:\\\/\\\/shop.bantam.ch\\\/fr\\\/produit\\\/powerstation-lake-300\\\/\"]}]},{\"@type\":\"ImageObject\",\"inLanguage\":\"fr-FR\",\"@id\":\"https:\\\/\\\/shop.bantam.ch\\\/fr\\\/produit\\\/powerstation-lake-300\\\/#primaryimage\",\"url\":\"https:\\\/\\\/shop.bantam.ch\\\/wp-content\\\/uploads\\\/2023\\\/12\\\/vignette_produit-13.jpg\",\"contentUrl\":\"https:\\\/\\\/shop.bantam.ch\\\/wp-content\\\/uploads\\\/2023\\\/12\\\/vignette_produit-13.jpg\",\"width\":455,\"height\":460},{\"@type\":\"BreadcrumbList\",\"@id\":\"https:\\\/\\\/shop.bantam.ch\\\/fr\\\/produit\\\/powerstation-lake-300\\\/#breadcrumb\",\"itemListElement\":[{\"@type\":\"ListItem\",\"position\":1,\"name\":\"Accueil\",\"item\":\"https:\\\/\\\/shop.bantam.ch\\\/fr\\\/\"},{\"@type\":\"ListItem\",\"position\":2,\"name\":\"Boutique\",\"item\":\"https:\\\/\\\/shop.bantam.ch\\\/fr\\\/boutique\\\/\"},{\"@type\":\"ListItem\",\"position\":3,\"name\":\"Powerstation LAKE 300\"}]},{\"@type\":\"WebSite\",\"@id\":\"https:\\\/\\\/shop.bantam.ch\\\/fr\\\/#website\",\"url\":\"https:\\\/\\\/shop.bantam.ch\\\/fr\\\/\",\"name\":\"Bantam Wankm\u00fcller SA\",\"description\":\"\",\"publisher\":{\"@id\":\"https:\\\/\\\/shop.bantam.ch\\\/fr\\\/#organization\"},\"inLanguage\":\"fr-FR\"},{\"@type\":\"Organization\",\"@id\":\"https:\\\/\\\/shop.bantam.ch\\\/fr\\\/#organization\",\"name\":\"Bantam Wankm\u00fcller SA\",\"url\":\"https:\\\/\\\/shop.bantam.ch\\\/fr\\\/\",\"logo\":{\"@type\":\"ImageObject\",\"inLanguage\":\"fr-FR\",\"@id\":\"https:\\\/\\\/shop.bantam.ch\\\/fr\\\/#\\\/schema\\\/logo\\\/image\\\/\",\"url\":\"https:\\\/\\\/shop.bantam.ch\\\/wp-content\\\/uploads\\\/2022\\\/12\\\/bantam-logo.png\",\"contentUrl\":\"https:\\\/\\\/shop.bantam.ch\\\/wp-content\\\/uploads\\\/2022\\\/12\\\/bantam-logo.png\",\"width\":320,\"height\":71,\"caption\":\"Bantam Wankm\u00fcller SA\"},\"image\":{\"@id\":\"https:\\\/\\\/shop.bantam.ch\\\/fr\\\/#\\\/schema\\\/logo\\\/image\\\/\"}}]}<\/script>\n<!-- \/ Yoast SEO plugin. -->","yoast_head_json":{"title":"Powerstation LAKE 300 - Bantam Wankm\u00fcller SA","robots":{"index":"index","follow":"follow","max-snippet":"max-snippet:-1","max-image-preview":"max-image-preview:large","max-video-preview":"max-video-preview:-1"},"canonical":"https:\/\/shop.bantam.ch\/fr\/produit\/powerstation-lake-300\/","og_locale":"fr_FR","og_type":"article","og_title":"Powerstation LAKE 300 - Bantam Wankm\u00fcller SA","og_description":"Optez pour la powerstation Lake 300 pour assurer la charge de vos petits accessoires \u00e9lectroniques lors de vos d\u00e9placements. Avec une capacit\u00e9 de 320Wh et une puissance de sortie de 300W (cr\u00eate 500W), elle apporte de l&rsquo;autonomie \u00e0 vos activit\u00e9s de plein air. Le syst\u00e8me avanc\u00e9 de gestion de la batterie (BMS) int\u00e9gr\u00e9 \u00e0 triple [&hellip;]","og_url":"https:\/\/shop.bantam.ch\/fr\/produit\/powerstation-lake-300\/","og_site_name":"Bantam Wankm\u00fcller SA","article_modified_time":"2026-04-20T20:52:40+00:00","og_image":[{"width":455,"height":460,"url":"https:\/\/shop.bantam.ch\/wp-content\/uploads\/2023\/12\/vignette_produit-13.jpg","type":"image\/jpeg"}],"twitter_card":"summary_large_image","twitter_misc":{"Dur\u00e9e de lecture estim\u00e9e":"1 minute"},"schema":{"@context":"https:\/\/schema.org","@graph":[{"@type":"WebPage","@id":"https:\/\/shop.bantam.ch\/fr\/produit\/powerstation-lake-300\/","url":"https:\/\/shop.bantam.ch\/fr\/produit\/powerstation-lake-300\/","name":"Powerstation LAKE 300 - Bantam Wankm\u00fcller SA","isPartOf":{"@id":"https:\/\/shop.bantam.ch\/fr\/#website"},"primaryImageOfPage":{"@id":"https:\/\/shop.bantam.ch\/fr\/produit\/powerstation-lake-300\/#primaryimage"},"image":{"@id":"https:\/\/shop.bantam.ch\/fr\/produit\/powerstation-lake-300\/#primaryimage"},"thumbnailUrl":"https:\/\/shop.bantam.ch\/wp-content\/uploads\/2023\/12\/vignette_produit-13.jpg","datePublished":"2022-12-11T07:52:59+00:00","dateModified":"2026-04-20T20:52:40+00:00","breadcrumb":{"@id":"https:\/\/shop.bantam.ch\/fr\/produit\/powerstation-lake-300\/#breadcrumb"},"inLanguage":"fr-FR","potentialAction":[{"@type":"ReadAction","target":["https:\/\/shop.bantam.ch\/fr\/produit\/powerstation-lake-300\/"]}]},{"@type":"ImageObject","inLanguage":"fr-FR","@id":"https:\/\/shop.bantam.ch\/fr\/produit\/powerstation-lake-300\/#primaryimage","url":"https:\/\/shop.bantam.ch\/wp-content\/uploads\/2023\/12\/vignette_produit-13.jpg","contentUrl":"https:\/\/shop.bantam.ch\/wp-content\/uploads\/2023\/12\/vignette_produit-13.jpg","width":455,"height":460},{"@type":"BreadcrumbList","@id":"https:\/\/shop.bantam.ch\/fr\/produit\/powerstation-lake-300\/#breadcrumb","itemListElement":[{"@type":"ListItem","position":1,"name":"Accueil","item":"https:\/\/shop.bantam.ch\/fr\/"},{"@type":"ListItem","position":2,"name":"Boutique","item":"https:\/\/shop.bantam.ch\/fr\/boutique\/"},{"@type":"ListItem","position":3,"name":"Powerstation LAKE 300"}]},{"@type":"WebSite","@id":"https:\/\/shop.bantam.ch\/fr\/#website","url":"https:\/\/shop.bantam.ch\/fr\/","name":"Bantam Wankm\u00fcller SA","description":"","publisher":{"@id":"https:\/\/shop.bantam.ch\/fr\/#organization"},"inLanguage":"fr-FR"},{"@type":"Organization","@id":"https:\/\/shop.bantam.ch\/fr\/#organization","name":"Bantam Wankm\u00fcller SA","url":"https:\/\/shop.bantam.ch\/fr\/","logo":{"@type":"ImageObject","inLanguage":"fr-FR","@id":"https:\/\/shop.bantam.ch\/fr\/#\/schema\/logo\/image\/","url":"https:\/\/shop.bantam.ch\/wp-content\/uploads\/2022\/12\/bantam-logo.png","contentUrl":"https:\/\/shop.bantam.ch\/wp-content\/uploads\/2022\/12\/bantam-logo.png","width":320,"height":71,"caption":"Bantam Wankm\u00fcller SA"},"image":{"@id":"https:\/\/shop.bantam.ch\/fr\/#\/schema\/logo\/image\/"}}]}},"_links":{"self":[{"href":"https:\/\/shop.bantam.ch\/fr\/wp-json\/wp\/v2\/product\/188070","targetHints":{"allow":["GET"]}}],"collection":[{"href":"https:\/\/shop.bantam.ch\/fr\/wp-json\/wp\/v2\/product"}],"about":[{"href":"https:\/\/shop.bantam.ch\/fr\/wp-json\/wp\/v2\/types\/product"}],"wp:featuredmedia":[{"embeddable":true,"href":"https:\/\/shop.bantam.ch\/fr\/wp-json\/wp\/v2\/media\/188068"}],"wp:attachment":[{"href":"https:\/\/shop.bantam.ch\/fr\/wp-json\/wp\/v2\/media?parent=188070"}],"wp:term":[{"taxonomy":"product_featured_cat","embeddable":true,"href":"https:\/\/shop.bantam.ch\/fr\/wp-json\/wp\/v2\/product_featured_cat?post=188070"},{"taxonomy":"product_brand","embeddable":true,"href":"https:\/\/shop.bantam.ch\/fr\/wp-json\/wp\/v2\/product_brand?post=188070"},{"taxonomy":"product_cat","embeddable":true,"href":"https:\/\/shop.bantam.ch\/fr\/wp-json\/wp\/v2\/product_cat?post=188070"},{"taxonomy":"product_tag","embeddable":true,"href":"https:\/\/shop.bantam.ch\/fr\/wp-json\/wp\/v2\/product_tag?post=188070"}],"curies":[{"name":"wp","href":"https:\/\/api.w.org\/{rel}","templated":true}]}}