{"id":187996,"date":"2023-12-09T17:38:21","date_gmt":"2023-12-09T16:38:21","guid":{"rendered":"https:\/\/shop.bantam.ch\/produit\/batterie-moove-105-ah\/"},"modified":"2026-04-18T22:54:09","modified_gmt":"2026-04-18T20:54:09","slug":"batterie-moove-105-ah","status":"publish","type":"product","link":"https:\/\/shop.bantam.ch\/fr\/produit\/batterie-moove-105-ah\/","title":{"rendered":"BATTERIE MOOVE 105 Ah"},"content":{"rendered":"<p>Batterie Stationnaire \u00e0 plomb ouvert<\/p>\n<p>Bac L5D<\/p>\n<p>Tension 12V<\/p>\n<p>Capacit\u00e9 Ah\/20H : 105<\/p>\n<p>Capacit\u00e9 Ah\/100H : 115<\/p>\n<p>Le compl\u00e9ment indispensable pour votre panneau solaire !Nos batteries sont toujours livr\u00e9es \u00ab pr\u00eates \u00e0 l\u2019emploi \u00bb.<\/p>\n<p>Test\u00e9e et approuv\u00e9e par nos soins pour un grand nombre de cycles \u00ab charges \/ d\u00e9charges \u00bb avec un panneau solaire.<\/p>\n","protected":false},"excerpt":{"rendered":"<p>Batterie Stationnaire \u00e0 plomb ouvert Bac L5D Tension 12V Capacit\u00e9 Ah\/20H : 105 Capacit\u00e9 Ah\/100H : 115 Le compl\u00e9ment indispensable pour votre panneau solaire !Nos batteries sont toujours livr\u00e9es \u00ab pr\u00eates \u00e0 l\u2019emploi \u00bb. Test\u00e9e et approuv\u00e9e par nos soins pour un grand nombre de cycles \u00ab charges \/ d\u00e9charges \u00bb avec un panneau solaire.<\/p>\n","protected":false},"featured_media":187994,"template":"","meta":{"_acf_changed":false},"product_featured_cat":[],"product_brand":[3810],"product_cat":[4903],"product_tag":[],"class_list":{"0":"post-187996","1":"product","2":"type-product","3":"status-publish","4":"has-post-thumbnail","6":"product_brand-moove","7":"product_cat-batteries-de-bord","9":"first","10":"instock","11":"taxable","12":"shipping-taxable","13":"purchasable","14":"product-type-simple"},"acf":[],"yoast_head":"<!-- This site is optimized with the Yoast SEO plugin v27.4 - https:\/\/yoast.com\/product\/yoast-seo-wordpress\/ -->\n<title>BATTERIE MOOVE 105 Ah - Bantam Wankm\u00fcller SA<\/title>\n<meta name=\"robots\" content=\"index, follow, max-snippet:-1, max-image-preview:large, max-video-preview:-1\" \/>\n<link rel=\"canonical\" href=\"https:\/\/shop.bantam.ch\/fr\/produit\/batterie-moove-105-ah\/\" \/>\n<meta property=\"og:locale\" content=\"fr_FR\" \/>\n<meta property=\"og:type\" content=\"article\" \/>\n<meta property=\"og:title\" content=\"BATTERIE MOOVE 105 Ah - Bantam Wankm\u00fcller SA\" \/>\n<meta property=\"og:description\" content=\"Batterie Stationnaire \u00e0 plomb ouvert Bac L5D Tension 12V Capacit\u00e9 Ah\/20H : 105 Capacit\u00e9 Ah\/100H : 115 Le compl\u00e9ment indispensable pour votre panneau solaire !Nos batteries sont toujours livr\u00e9es \u00ab pr\u00eates \u00e0 l\u2019emploi \u00bb. Test\u00e9e et approuv\u00e9e par nos soins pour un grand nombre de cycles \u00ab charges \/ d\u00e9charges \u00bb avec un panneau solaire.\" \/>\n<meta property=\"og:url\" content=\"https:\/\/shop.bantam.ch\/fr\/produit\/batterie-moove-105-ah\/\" \/>\n<meta property=\"og:site_name\" content=\"Bantam Wankm\u00fcller SA\" \/>\n<meta property=\"article:modified_time\" content=\"2026-04-18T20:54:09+00:00\" \/>\n<meta property=\"og:image\" content=\"https:\/\/shop.bantam.ch\/wp-content\/uploads\/2023\/12\/batterie-moove-105-ah-95752.jpg\" \/>\n\t<meta property=\"og:image:width\" content=\"458\" \/>\n\t<meta property=\"og:image:height\" content=\"458\" \/>\n\t<meta property=\"og:image:type\" content=\"image\/jpeg\" \/>\n<meta name=\"twitter:card\" content=\"summary_large_image\" \/>\n<script type=\"application\/ld+json\" class=\"yoast-schema-graph\">{\"@context\":\"https:\\\/\\\/schema.org\",\"@graph\":[{\"@type\":\"WebPage\",\"@id\":\"https:\\\/\\\/shop.bantam.ch\\\/fr\\\/produit\\\/batterie-moove-105-ah\\\/\",\"url\":\"https:\\\/\\\/shop.bantam.ch\\\/fr\\\/produit\\\/batterie-moove-105-ah\\\/\",\"name\":\"BATTERIE MOOVE 105 Ah - Bantam Wankm\u00fcller SA\",\"isPartOf\":{\"@id\":\"https:\\\/\\\/shop.bantam.ch\\\/fr\\\/#website\"},\"primaryImageOfPage\":{\"@id\":\"https:\\\/\\\/shop.bantam.ch\\\/fr\\\/produit\\\/batterie-moove-105-ah\\\/#primaryimage\"},\"image\":{\"@id\":\"https:\\\/\\\/shop.bantam.ch\\\/fr\\\/produit\\\/batterie-moove-105-ah\\\/#primaryimage\"},\"thumbnailUrl\":\"https:\\\/\\\/shop.bantam.ch\\\/wp-content\\\/uploads\\\/2023\\\/12\\\/batterie-moove-105-ah-95752.jpg\",\"datePublished\":\"2023-12-09T16:38:21+00:00\",\"dateModified\":\"2026-04-18T20:54:09+00:00\",\"breadcrumb\":{\"@id\":\"https:\\\/\\\/shop.bantam.ch\\\/fr\\\/produit\\\/batterie-moove-105-ah\\\/#breadcrumb\"},\"inLanguage\":\"fr-FR\",\"potentialAction\":[{\"@type\":\"ReadAction\",\"target\":[\"https:\\\/\\\/shop.bantam.ch\\\/fr\\\/produit\\\/batterie-moove-105-ah\\\/\"]}]},{\"@type\":\"ImageObject\",\"inLanguage\":\"fr-FR\",\"@id\":\"https:\\\/\\\/shop.bantam.ch\\\/fr\\\/produit\\\/batterie-moove-105-ah\\\/#primaryimage\",\"url\":\"https:\\\/\\\/shop.bantam.ch\\\/wp-content\\\/uploads\\\/2023\\\/12\\\/batterie-moove-105-ah-95752.jpg\",\"contentUrl\":\"https:\\\/\\\/shop.bantam.ch\\\/wp-content\\\/uploads\\\/2023\\\/12\\\/batterie-moove-105-ah-95752.jpg\",\"width\":458,\"height\":458},{\"@type\":\"BreadcrumbList\",\"@id\":\"https:\\\/\\\/shop.bantam.ch\\\/fr\\\/produit\\\/batterie-moove-105-ah\\\/#breadcrumb\",\"itemListElement\":[{\"@type\":\"ListItem\",\"position\":1,\"name\":\"Accueil\",\"item\":\"https:\\\/\\\/shop.bantam.ch\\\/fr\\\/\"},{\"@type\":\"ListItem\",\"position\":2,\"name\":\"Boutique\",\"item\":\"https:\\\/\\\/shop.bantam.ch\\\/fr\\\/boutique\\\/\"},{\"@type\":\"ListItem\",\"position\":3,\"name\":\"BATTERIE MOOVE 105 Ah\"}]},{\"@type\":\"WebSite\",\"@id\":\"https:\\\/\\\/shop.bantam.ch\\\/fr\\\/#website\",\"url\":\"https:\\\/\\\/shop.bantam.ch\\\/fr\\\/\",\"name\":\"Bantam Wankm\u00fcller SA\",\"description\":\"\",\"publisher\":{\"@id\":\"https:\\\/\\\/shop.bantam.ch\\\/fr\\\/#organization\"},\"inLanguage\":\"fr-FR\"},{\"@type\":\"Organization\",\"@id\":\"https:\\\/\\\/shop.bantam.ch\\\/fr\\\/#organization\",\"name\":\"Bantam Wankm\u00fcller SA\",\"url\":\"https:\\\/\\\/shop.bantam.ch\\\/fr\\\/\",\"logo\":{\"@type\":\"ImageObject\",\"inLanguage\":\"fr-FR\",\"@id\":\"https:\\\/\\\/shop.bantam.ch\\\/fr\\\/#\\\/schema\\\/logo\\\/image\\\/\",\"url\":\"https:\\\/\\\/shop.bantam.ch\\\/wp-content\\\/uploads\\\/2022\\\/12\\\/bantam-logo.png\",\"contentUrl\":\"https:\\\/\\\/shop.bantam.ch\\\/wp-content\\\/uploads\\\/2022\\\/12\\\/bantam-logo.png\",\"width\":320,\"height\":71,\"caption\":\"Bantam Wankm\u00fcller SA\"},\"image\":{\"@id\":\"https:\\\/\\\/shop.bantam.ch\\\/fr\\\/#\\\/schema\\\/logo\\\/image\\\/\"}}]}<\/script>\n<!-- \/ Yoast SEO plugin. -->","yoast_head_json":{"title":"BATTERIE MOOVE 105 Ah - Bantam Wankm\u00fcller SA","robots":{"index":"index","follow":"follow","max-snippet":"max-snippet:-1","max-image-preview":"max-image-preview:large","max-video-preview":"max-video-preview:-1"},"canonical":"https:\/\/shop.bantam.ch\/fr\/produit\/batterie-moove-105-ah\/","og_locale":"fr_FR","og_type":"article","og_title":"BATTERIE MOOVE 105 Ah - Bantam Wankm\u00fcller SA","og_description":"Batterie Stationnaire \u00e0 plomb ouvert Bac L5D Tension 12V Capacit\u00e9 Ah\/20H : 105 Capacit\u00e9 Ah\/100H : 115 Le compl\u00e9ment indispensable pour votre panneau solaire !Nos batteries sont toujours livr\u00e9es \u00ab pr\u00eates \u00e0 l\u2019emploi \u00bb. Test\u00e9e et approuv\u00e9e par nos soins pour un grand nombre de cycles \u00ab charges \/ d\u00e9charges \u00bb avec un panneau solaire.","og_url":"https:\/\/shop.bantam.ch\/fr\/produit\/batterie-moove-105-ah\/","og_site_name":"Bantam Wankm\u00fcller SA","article_modified_time":"2026-04-18T20:54:09+00:00","og_image":[{"width":458,"height":458,"url":"https:\/\/shop.bantam.ch\/wp-content\/uploads\/2023\/12\/batterie-moove-105-ah-95752.jpg","type":"image\/jpeg"}],"twitter_card":"summary_large_image","schema":{"@context":"https:\/\/schema.org","@graph":[{"@type":"WebPage","@id":"https:\/\/shop.bantam.ch\/fr\/produit\/batterie-moove-105-ah\/","url":"https:\/\/shop.bantam.ch\/fr\/produit\/batterie-moove-105-ah\/","name":"BATTERIE MOOVE 105 Ah - Bantam Wankm\u00fcller SA","isPartOf":{"@id":"https:\/\/shop.bantam.ch\/fr\/#website"},"primaryImageOfPage":{"@id":"https:\/\/shop.bantam.ch\/fr\/produit\/batterie-moove-105-ah\/#primaryimage"},"image":{"@id":"https:\/\/shop.bantam.ch\/fr\/produit\/batterie-moove-105-ah\/#primaryimage"},"thumbnailUrl":"https:\/\/shop.bantam.ch\/wp-content\/uploads\/2023\/12\/batterie-moove-105-ah-95752.jpg","datePublished":"2023-12-09T16:38:21+00:00","dateModified":"2026-04-18T20:54:09+00:00","breadcrumb":{"@id":"https:\/\/shop.bantam.ch\/fr\/produit\/batterie-moove-105-ah\/#breadcrumb"},"inLanguage":"fr-FR","potentialAction":[{"@type":"ReadAction","target":["https:\/\/shop.bantam.ch\/fr\/produit\/batterie-moove-105-ah\/"]}]},{"@type":"ImageObject","inLanguage":"fr-FR","@id":"https:\/\/shop.bantam.ch\/fr\/produit\/batterie-moove-105-ah\/#primaryimage","url":"https:\/\/shop.bantam.ch\/wp-content\/uploads\/2023\/12\/batterie-moove-105-ah-95752.jpg","contentUrl":"https:\/\/shop.bantam.ch\/wp-content\/uploads\/2023\/12\/batterie-moove-105-ah-95752.jpg","width":458,"height":458},{"@type":"BreadcrumbList","@id":"https:\/\/shop.bantam.ch\/fr\/produit\/batterie-moove-105-ah\/#breadcrumb","itemListElement":[{"@type":"ListItem","position":1,"name":"Accueil","item":"https:\/\/shop.bantam.ch\/fr\/"},{"@type":"ListItem","position":2,"name":"Boutique","item":"https:\/\/shop.bantam.ch\/fr\/boutique\/"},{"@type":"ListItem","position":3,"name":"BATTERIE MOOVE 105 Ah"}]},{"@type":"WebSite","@id":"https:\/\/shop.bantam.ch\/fr\/#website","url":"https:\/\/shop.bantam.ch\/fr\/","name":"Bantam Wankm\u00fcller SA","description":"","publisher":{"@id":"https:\/\/shop.bantam.ch\/fr\/#organization"},"inLanguage":"fr-FR"},{"@type":"Organization","@id":"https:\/\/shop.bantam.ch\/fr\/#organization","name":"Bantam Wankm\u00fcller SA","url":"https:\/\/shop.bantam.ch\/fr\/","logo":{"@type":"ImageObject","inLanguage":"fr-FR","@id":"https:\/\/shop.bantam.ch\/fr\/#\/schema\/logo\/image\/","url":"https:\/\/shop.bantam.ch\/wp-content\/uploads\/2022\/12\/bantam-logo.png","contentUrl":"https:\/\/shop.bantam.ch\/wp-content\/uploads\/2022\/12\/bantam-logo.png","width":320,"height":71,"caption":"Bantam Wankm\u00fcller SA"},"image":{"@id":"https:\/\/shop.bantam.ch\/fr\/#\/schema\/logo\/image\/"}}]}},"_links":{"self":[{"href":"https:\/\/shop.bantam.ch\/fr\/wp-json\/wp\/v2\/product\/187996","targetHints":{"allow":["GET"]}}],"collection":[{"href":"https:\/\/shop.bantam.ch\/fr\/wp-json\/wp\/v2\/product"}],"about":[{"href":"https:\/\/shop.bantam.ch\/fr\/wp-json\/wp\/v2\/types\/product"}],"wp:featuredmedia":[{"embeddable":true,"href":"https:\/\/shop.bantam.ch\/fr\/wp-json\/wp\/v2\/media\/187994"}],"wp:attachment":[{"href":"https:\/\/shop.bantam.ch\/fr\/wp-json\/wp\/v2\/media?parent=187996"}],"wp:term":[{"taxonomy":"product_featured_cat","embeddable":true,"href":"https:\/\/shop.bantam.ch\/fr\/wp-json\/wp\/v2\/product_featured_cat?post=187996"},{"taxonomy":"product_brand","embeddable":true,"href":"https:\/\/shop.bantam.ch\/fr\/wp-json\/wp\/v2\/product_brand?post=187996"},{"taxonomy":"product_cat","embeddable":true,"href":"https:\/\/shop.bantam.ch\/fr\/wp-json\/wp\/v2\/product_cat?post=187996"},{"taxonomy":"product_tag","embeddable":true,"href":"https:\/\/shop.bantam.ch\/fr\/wp-json\/wp\/v2\/product_tag?post=187996"}],"curies":[{"name":"wp","href":"https:\/\/api.w.org\/{rel}","templated":true}]}}