{"id":187568,"date":"2023-11-08T13:19:53","date_gmt":"2023-11-08T12:19:53","guid":{"rendered":"https:\/\/shop.bantam.ch\/produit\/appareil-a-ultrasons-stopgo-1-haut-parleurs-12-v\/"},"modified":"2026-05-11T22:48:30","modified_gmt":"2026-05-11T20:48:30","slug":"appareil-a-ultrasons-stopgo-1-haut-parleurs-12-v","status":"publish","type":"product","link":"https:\/\/shop.bantam.ch\/fr\/produit\/appareil-a-ultrasons-stopgo-1-haut-parleurs-12-v\/","title":{"rendered":"STOP+GO Ultrasonique r\u00e9pulsif martres type standard avec 1 sondeur"},"content":{"rendered":"<p class=\"MsoNormal\"><span>Appareil \u00e0 ultrasons<br \/>\ntr\u00e8s efficace avec modulation de fr\u00e9quence et connexion 12 volts.\u00a0<\/span><span>Les ondes ultrasons sont \u00e9mises dans la gamme<br \/>\nde fr\u00e9quences qui signalent les cris d&rsquo;alerte et de peur chez la\u00a0martre.<br \/>\nIl n&rsquo;y a donc plus de risque qu\u2019elles s\u2019introduisent dans le compartiment<br \/>\nmoteur. La fr\u00e9quence est modifi\u00e9e\u00a0r\u00e9guli\u00e8rement pour \u00e9viter<br \/>\nl&rsquo;accoutumance.\u00a0<\/span><span>Une lumi\u00e8re clignotante LED indique le<br \/>\nfonctionnement et irrit\u00e9 de plus la martre.\u00a0<\/span><span>&#8211; Connexion 12 volts\u00a0<\/span><span>&#8211; Haut-parleur imperm\u00e9able\u00a0<\/span><span>&#8211; R\u00e9sistant aux chocs et aux \u00e9claboussures<\/span><span><br \/>\n<\/span><span>&#8211; Angle effectif : 160 \u00b0\u00a0<\/span><span>&#8211; Modulation de fr\u00e9quence\u00a0<\/span><span>&#8211; Fr\u00e9quence 22 &#8211; 28 kHz\u00a0<\/span><span>&#8211; La pression acoustique 85 dB\u00a0<\/span><span>&#8211; Tr\u00e8s facile \u00e0 installer (pr\u00e9c\u00e2bl\u00e9)\u00a0<\/span><span>&#8211; Sans entretien\u00a0<\/span><span>&#8211; E1 marquage<\/span><span><\/span><\/p>\n","protected":false},"excerpt":{"rendered":"<p>Appareil \u00e0 ultrasons tr\u00e8s efficace avec modulation de fr\u00e9quence et connexion 12 volts.\u00a0Les ondes ultrasons sont \u00e9mises dans la gamme de fr\u00e9quences qui signalent les cris d&rsquo;alerte et de peur chez la\u00a0martre. Il n&rsquo;y a donc plus de risque qu\u2019elles s\u2019introduisent dans le compartiment moteur. La fr\u00e9quence est modifi\u00e9e\u00a0r\u00e9guli\u00e8rement pour \u00e9viter l&rsquo;accoutumance.\u00a0Une lumi\u00e8re clignotante LED [&hellip;]<\/p>\n","protected":false},"featured_media":187566,"template":"","meta":{"_acf_changed":false},"product_featured_cat":[],"product_brand":[3470],"product_cat":[5055],"product_tag":[],"class_list":{"0":"post-187568","1":"product","2":"type-product","3":"status-publish","4":"has-post-thumbnail","6":"product_brand-marder-stop-go","7":"product_cat-repulsif-anti-martres","9":"first","10":"instock","11":"taxable","12":"shipping-taxable","13":"purchasable","14":"product-type-simple"},"acf":[],"yoast_head":"<!-- This site is optimized with the Yoast SEO plugin v27.5 - https:\/\/yoast.com\/product\/yoast-seo-wordpress\/ -->\n<title>STOP+GO Ultrasonique r\u00e9pulsif martres type standard avec 1 sondeur - Bantam<\/title>\n<meta name=\"robots\" content=\"index, follow, max-snippet:-1, max-image-preview:large, max-video-preview:-1\" \/>\n<link rel=\"canonical\" href=\"https:\/\/shop.bantam.ch\/fr\/produit\/appareil-a-ultrasons-stopgo-1-haut-parleurs-12-v\/\" \/>\n<meta property=\"og:locale\" content=\"fr_FR\" \/>\n<meta property=\"og:type\" content=\"article\" \/>\n<meta property=\"og:title\" content=\"STOP+GO Ultrasonique r\u00e9pulsif martres type standard avec 1 sondeur - Bantam\" \/>\n<meta property=\"og:description\" content=\"Appareil \u00e0 ultrasons tr\u00e8s efficace avec modulation de fr\u00e9quence et connexion 12 volts.\u00a0Les ondes ultrasons sont \u00e9mises dans la gamme de fr\u00e9quences qui signalent les cris d&rsquo;alerte et de peur chez la\u00a0martre. Il n&rsquo;y a donc plus de risque qu\u2019elles s\u2019introduisent dans le compartiment moteur. La fr\u00e9quence est modifi\u00e9e\u00a0r\u00e9guli\u00e8rement pour \u00e9viter l&rsquo;accoutumance.\u00a0Une lumi\u00e8re clignotante LED [&hellip;]\" \/>\n<meta property=\"og:url\" content=\"https:\/\/shop.bantam.ch\/fr\/produit\/appareil-a-ultrasons-stopgo-1-haut-parleurs-12-v\/\" \/>\n<meta property=\"og:site_name\" content=\"Bantam\" \/>\n<meta property=\"article:modified_time\" content=\"2026-05-11T20:48:30+00:00\" \/>\n<meta property=\"og:image\" content=\"https:\/\/shop.bantam.ch\/wp-content\/uploads\/2023\/11\/Movera-L-9941486100.jpg\" \/>\n\t<meta property=\"og:image:width\" content=\"640\" \/>\n\t<meta property=\"og:image:height\" content=\"225\" \/>\n\t<meta property=\"og:image:type\" content=\"image\/jpeg\" \/>\n<meta name=\"twitter:card\" content=\"summary_large_image\" \/>\n<meta name=\"twitter:label1\" content=\"Dur\u00e9e de lecture estim\u00e9e\" \/>\n\t<meta name=\"twitter:data1\" content=\"1 minute\" \/>\n<script type=\"application\/ld+json\" class=\"yoast-schema-graph\">{\"@context\":\"https:\\\/\\\/schema.org\",\"@graph\":[{\"@type\":\"WebPage\",\"@id\":\"https:\\\/\\\/shop.bantam.ch\\\/fr\\\/produit\\\/appareil-a-ultrasons-stopgo-1-haut-parleurs-12-v\\\/\",\"url\":\"https:\\\/\\\/shop.bantam.ch\\\/fr\\\/produit\\\/appareil-a-ultrasons-stopgo-1-haut-parleurs-12-v\\\/\",\"name\":\"STOP+GO Ultrasonique r\u00e9pulsif martres type standard avec 1 sondeur - Bantam\",\"isPartOf\":{\"@id\":\"https:\\\/\\\/shop.bantam.ch\\\/fr\\\/#website\"},\"primaryImageOfPage\":{\"@id\":\"https:\\\/\\\/shop.bantam.ch\\\/fr\\\/produit\\\/appareil-a-ultrasons-stopgo-1-haut-parleurs-12-v\\\/#primaryimage\"},\"image\":{\"@id\":\"https:\\\/\\\/shop.bantam.ch\\\/fr\\\/produit\\\/appareil-a-ultrasons-stopgo-1-haut-parleurs-12-v\\\/#primaryimage\"},\"thumbnailUrl\":\"https:\\\/\\\/shop.bantam.ch\\\/wp-content\\\/uploads\\\/2023\\\/11\\\/Movera-L-9941486100.jpg\",\"datePublished\":\"2023-11-08T12:19:53+00:00\",\"dateModified\":\"2026-05-11T20:48:30+00:00\",\"breadcrumb\":{\"@id\":\"https:\\\/\\\/shop.bantam.ch\\\/fr\\\/produit\\\/appareil-a-ultrasons-stopgo-1-haut-parleurs-12-v\\\/#breadcrumb\"},\"inLanguage\":\"fr-FR\",\"potentialAction\":[{\"@type\":\"ReadAction\",\"target\":[\"https:\\\/\\\/shop.bantam.ch\\\/fr\\\/produit\\\/appareil-a-ultrasons-stopgo-1-haut-parleurs-12-v\\\/\"]}]},{\"@type\":\"ImageObject\",\"inLanguage\":\"fr-FR\",\"@id\":\"https:\\\/\\\/shop.bantam.ch\\\/fr\\\/produit\\\/appareil-a-ultrasons-stopgo-1-haut-parleurs-12-v\\\/#primaryimage\",\"url\":\"https:\\\/\\\/shop.bantam.ch\\\/wp-content\\\/uploads\\\/2023\\\/11\\\/Movera-L-9941486100.jpg\",\"contentUrl\":\"https:\\\/\\\/shop.bantam.ch\\\/wp-content\\\/uploads\\\/2023\\\/11\\\/Movera-L-9941486100.jpg\",\"width\":640,\"height\":225},{\"@type\":\"BreadcrumbList\",\"@id\":\"https:\\\/\\\/shop.bantam.ch\\\/fr\\\/produit\\\/appareil-a-ultrasons-stopgo-1-haut-parleurs-12-v\\\/#breadcrumb\",\"itemListElement\":[{\"@type\":\"ListItem\",\"position\":1,\"name\":\"Accueil\",\"item\":\"https:\\\/\\\/shop.bantam.ch\\\/fr\\\/\"},{\"@type\":\"ListItem\",\"position\":2,\"name\":\"Boutique\",\"item\":\"https:\\\/\\\/shop.bantam.ch\\\/fr\\\/boutique\\\/\"},{\"@type\":\"ListItem\",\"position\":3,\"name\":\"STOP+GO Ultrasonique r\u00e9pulsif martres type standard avec 1 sondeur\"}]},{\"@type\":\"WebSite\",\"@id\":\"https:\\\/\\\/shop.bantam.ch\\\/fr\\\/#website\",\"url\":\"https:\\\/\\\/shop.bantam.ch\\\/fr\\\/\",\"name\":\"Bantam\",\"description\":\"\",\"publisher\":{\"@id\":\"https:\\\/\\\/shop.bantam.ch\\\/fr\\\/#organization\"},\"inLanguage\":\"fr-FR\"},{\"@type\":\"Organization\",\"@id\":\"https:\\\/\\\/shop.bantam.ch\\\/fr\\\/#organization\",\"name\":\"Bantam\",\"url\":\"https:\\\/\\\/shop.bantam.ch\\\/fr\\\/\",\"logo\":{\"@type\":\"ImageObject\",\"inLanguage\":\"fr-FR\",\"@id\":\"https:\\\/\\\/shop.bantam.ch\\\/fr\\\/#\\\/schema\\\/logo\\\/image\\\/\",\"url\":\"https:\\\/\\\/shop.bantam.ch\\\/wp-content\\\/uploads\\\/2022\\\/12\\\/bantam-logo.png\",\"contentUrl\":\"https:\\\/\\\/shop.bantam.ch\\\/wp-content\\\/uploads\\\/2022\\\/12\\\/bantam-logo.png\",\"width\":320,\"height\":71,\"caption\":\"Bantam\"},\"image\":{\"@id\":\"https:\\\/\\\/shop.bantam.ch\\\/fr\\\/#\\\/schema\\\/logo\\\/image\\\/\"}}]}<\/script>\n<!-- \/ Yoast SEO plugin. -->","yoast_head_json":{"title":"STOP+GO Ultrasonique r\u00e9pulsif martres type standard avec 1 sondeur - Bantam","robots":{"index":"index","follow":"follow","max-snippet":"max-snippet:-1","max-image-preview":"max-image-preview:large","max-video-preview":"max-video-preview:-1"},"canonical":"https:\/\/shop.bantam.ch\/fr\/produit\/appareil-a-ultrasons-stopgo-1-haut-parleurs-12-v\/","og_locale":"fr_FR","og_type":"article","og_title":"STOP+GO Ultrasonique r\u00e9pulsif martres type standard avec 1 sondeur - Bantam","og_description":"Appareil \u00e0 ultrasons tr\u00e8s efficace avec modulation de fr\u00e9quence et connexion 12 volts.\u00a0Les ondes ultrasons sont \u00e9mises dans la gamme de fr\u00e9quences qui signalent les cris d&rsquo;alerte et de peur chez la\u00a0martre. Il n&rsquo;y a donc plus de risque qu\u2019elles s\u2019introduisent dans le compartiment moteur. La fr\u00e9quence est modifi\u00e9e\u00a0r\u00e9guli\u00e8rement pour \u00e9viter l&rsquo;accoutumance.\u00a0Une lumi\u00e8re clignotante LED [&hellip;]","og_url":"https:\/\/shop.bantam.ch\/fr\/produit\/appareil-a-ultrasons-stopgo-1-haut-parleurs-12-v\/","og_site_name":"Bantam","article_modified_time":"2026-05-11T20:48:30+00:00","og_image":[{"width":640,"height":225,"url":"https:\/\/shop.bantam.ch\/wp-content\/uploads\/2023\/11\/Movera-L-9941486100.jpg","type":"image\/jpeg"}],"twitter_card":"summary_large_image","twitter_misc":{"Dur\u00e9e de lecture estim\u00e9e":"1 minute"},"schema":{"@context":"https:\/\/schema.org","@graph":[{"@type":"WebPage","@id":"https:\/\/shop.bantam.ch\/fr\/produit\/appareil-a-ultrasons-stopgo-1-haut-parleurs-12-v\/","url":"https:\/\/shop.bantam.ch\/fr\/produit\/appareil-a-ultrasons-stopgo-1-haut-parleurs-12-v\/","name":"STOP+GO Ultrasonique r\u00e9pulsif martres type standard avec 1 sondeur - Bantam","isPartOf":{"@id":"https:\/\/shop.bantam.ch\/fr\/#website"},"primaryImageOfPage":{"@id":"https:\/\/shop.bantam.ch\/fr\/produit\/appareil-a-ultrasons-stopgo-1-haut-parleurs-12-v\/#primaryimage"},"image":{"@id":"https:\/\/shop.bantam.ch\/fr\/produit\/appareil-a-ultrasons-stopgo-1-haut-parleurs-12-v\/#primaryimage"},"thumbnailUrl":"https:\/\/shop.bantam.ch\/wp-content\/uploads\/2023\/11\/Movera-L-9941486100.jpg","datePublished":"2023-11-08T12:19:53+00:00","dateModified":"2026-05-11T20:48:30+00:00","breadcrumb":{"@id":"https:\/\/shop.bantam.ch\/fr\/produit\/appareil-a-ultrasons-stopgo-1-haut-parleurs-12-v\/#breadcrumb"},"inLanguage":"fr-FR","potentialAction":[{"@type":"ReadAction","target":["https:\/\/shop.bantam.ch\/fr\/produit\/appareil-a-ultrasons-stopgo-1-haut-parleurs-12-v\/"]}]},{"@type":"ImageObject","inLanguage":"fr-FR","@id":"https:\/\/shop.bantam.ch\/fr\/produit\/appareil-a-ultrasons-stopgo-1-haut-parleurs-12-v\/#primaryimage","url":"https:\/\/shop.bantam.ch\/wp-content\/uploads\/2023\/11\/Movera-L-9941486100.jpg","contentUrl":"https:\/\/shop.bantam.ch\/wp-content\/uploads\/2023\/11\/Movera-L-9941486100.jpg","width":640,"height":225},{"@type":"BreadcrumbList","@id":"https:\/\/shop.bantam.ch\/fr\/produit\/appareil-a-ultrasons-stopgo-1-haut-parleurs-12-v\/#breadcrumb","itemListElement":[{"@type":"ListItem","position":1,"name":"Accueil","item":"https:\/\/shop.bantam.ch\/fr\/"},{"@type":"ListItem","position":2,"name":"Boutique","item":"https:\/\/shop.bantam.ch\/fr\/boutique\/"},{"@type":"ListItem","position":3,"name":"STOP+GO Ultrasonique r\u00e9pulsif martres type standard avec 1 sondeur"}]},{"@type":"WebSite","@id":"https:\/\/shop.bantam.ch\/fr\/#website","url":"https:\/\/shop.bantam.ch\/fr\/","name":"Bantam","description":"","publisher":{"@id":"https:\/\/shop.bantam.ch\/fr\/#organization"},"inLanguage":"fr-FR"},{"@type":"Organization","@id":"https:\/\/shop.bantam.ch\/fr\/#organization","name":"Bantam","url":"https:\/\/shop.bantam.ch\/fr\/","logo":{"@type":"ImageObject","inLanguage":"fr-FR","@id":"https:\/\/shop.bantam.ch\/fr\/#\/schema\/logo\/image\/","url":"https:\/\/shop.bantam.ch\/wp-content\/uploads\/2022\/12\/bantam-logo.png","contentUrl":"https:\/\/shop.bantam.ch\/wp-content\/uploads\/2022\/12\/bantam-logo.png","width":320,"height":71,"caption":"Bantam"},"image":{"@id":"https:\/\/shop.bantam.ch\/fr\/#\/schema\/logo\/image\/"}}]}},"_links":{"self":[{"href":"https:\/\/shop.bantam.ch\/fr\/wp-json\/wp\/v2\/product\/187568","targetHints":{"allow":["GET"]}}],"collection":[{"href":"https:\/\/shop.bantam.ch\/fr\/wp-json\/wp\/v2\/product"}],"about":[{"href":"https:\/\/shop.bantam.ch\/fr\/wp-json\/wp\/v2\/types\/product"}],"wp:featuredmedia":[{"embeddable":true,"href":"https:\/\/shop.bantam.ch\/fr\/wp-json\/wp\/v2\/media\/187566"}],"wp:attachment":[{"href":"https:\/\/shop.bantam.ch\/fr\/wp-json\/wp\/v2\/media?parent=187568"}],"wp:term":[{"taxonomy":"product_featured_cat","embeddable":true,"href":"https:\/\/shop.bantam.ch\/fr\/wp-json\/wp\/v2\/product_featured_cat?post=187568"},{"taxonomy":"product_brand","embeddable":true,"href":"https:\/\/shop.bantam.ch\/fr\/wp-json\/wp\/v2\/product_brand?post=187568"},{"taxonomy":"product_cat","embeddable":true,"href":"https:\/\/shop.bantam.ch\/fr\/wp-json\/wp\/v2\/product_cat?post=187568"},{"taxonomy":"product_tag","embeddable":true,"href":"https:\/\/shop.bantam.ch\/fr\/wp-json\/wp\/v2\/product_tag?post=187568"}],"curies":[{"name":"wp","href":"https:\/\/api.w.org\/{rel}","templated":true}]}}