{"id":186778,"date":"2023-09-04T16:09:30","date_gmt":"2023-09-04T14:09:30","guid":{"rendered":"https:\/\/shop.bantam.ch\/produit\/veranda-storm-pole-dometic\/"},"modified":"2026-04-17T22:51:25","modified_gmt":"2026-04-17T20:51:25","slug":"veranda-storm-pole-dometic","status":"publish","type":"product","link":"https:\/\/shop.bantam.ch\/fr\/produit\/veranda-storm-pole-dometic\/","title":{"rendered":"Veranda Storm Pole Dometic"},"content":{"rendered":"<p>Accessoires de montage pour auvents<br \/>\nGr\u00e2ce \u00e0 cette barre en aluminium r\u00e9glable en continu, vous pouvez ouvrir les fen\u00eatres de votre auvent dans la position souhait\u00e9e et faire entrer de l&rsquo;air frais quand vous le souhaitez. En cas de s\u00e9jour prolong\u00e9, retirez la barre et installez le pied anti-temp\u00eate Veranda en option. Vous obtenez ainsi une s\u00e9curit\u00e9 suppl\u00e9mentaire pour les mod\u00e8les Dometic Residence AIR All-Season.<br \/>\nBarre en aluminium en 4 parties<br \/>\nSyst\u00e8me t\u00e9lescopique<br \/>\nDouble fonction : barre de fen\u00eatre Veranda ou barre anti-temp\u00eate Residence<br \/>\nPied de s\u00e9curit\u00e9 anti-temp\u00eate Dometic Veranda disponible comme accessoire optionnel.<br \/>\nDimensions profondeur du produit 30 mm<br \/>\nDimensions hauteur produit 2010 mm<br \/>\nDimensions largeur produit 30 mm<br \/>\nPoids net 0.40 kg<\/p>\n","protected":false},"excerpt":{"rendered":"<p>Accessoires de montage pour auvents Gr\u00e2ce \u00e0 cette barre en aluminium r\u00e9glable en continu, vous pouvez ouvrir les fen\u00eatres de votre auvent dans la position souhait\u00e9e et faire entrer de l&rsquo;air frais quand vous le souhaitez. En cas de s\u00e9jour prolong\u00e9, retirez la barre et installez le pied anti-temp\u00eate Veranda en option. Vous obtenez ainsi [&hellip;]<\/p>\n","protected":false},"featured_media":186776,"template":"","meta":{"_acf_changed":false},"product_featured_cat":[],"product_brand":[3028],"product_cat":[4261],"product_tag":[],"class_list":{"0":"post-186778","1":"product","2":"type-product","3":"status-publish","4":"has-post-thumbnail","6":"product_brand-dometic","7":"product_cat-tapis-de-tente-et-planchers","9":"first","10":"instock","11":"taxable","12":"shipping-taxable","13":"purchasable","14":"product-type-simple"},"acf":[],"yoast_head":"<!-- This site is optimized with the Yoast SEO plugin v27.4 - https:\/\/yoast.com\/product\/yoast-seo-wordpress\/ -->\n<title>Veranda Storm Pole Dometic - Bantam Wankm\u00fcller SA<\/title>\n<meta name=\"robots\" content=\"index, follow, max-snippet:-1, max-image-preview:large, max-video-preview:-1\" \/>\n<link rel=\"canonical\" href=\"https:\/\/shop.bantam.ch\/fr\/produit\/veranda-storm-pole-dometic\/\" \/>\n<meta property=\"og:locale\" content=\"fr_FR\" \/>\n<meta property=\"og:type\" content=\"article\" \/>\n<meta property=\"og:title\" content=\"Veranda Storm Pole Dometic - Bantam Wankm\u00fcller SA\" \/>\n<meta property=\"og:description\" content=\"Accessoires de montage pour auvents Gr\u00e2ce \u00e0 cette barre en aluminium r\u00e9glable en continu, vous pouvez ouvrir les fen\u00eatres de votre auvent dans la position souhait\u00e9e et faire entrer de l&rsquo;air frais quand vous le souhaitez. En cas de s\u00e9jour prolong\u00e9, retirez la barre et installez le pied anti-temp\u00eate Veranda en option. Vous obtenez ainsi [&hellip;]\" \/>\n<meta property=\"og:url\" content=\"https:\/\/shop.bantam.ch\/fr\/produit\/veranda-storm-pole-dometic\/\" \/>\n<meta property=\"og:site_name\" content=\"Bantam Wankm\u00fcller SA\" \/>\n<meta property=\"article:modified_time\" content=\"2026-04-17T20:51:25+00:00\" \/>\n<meta property=\"og:image\" content=\"https:\/\/shop.bantam.ch\/wp-content\/uploads\/2023\/09\/Dometic-Veranda-Storm-Pole-2023_Detail-A_72.jpg\" \/>\n\t<meta property=\"og:image:width\" content=\"600\" \/>\n\t<meta property=\"og:image:height\" content=\"600\" \/>\n\t<meta property=\"og:image:type\" content=\"image\/jpeg\" \/>\n<meta name=\"twitter:card\" content=\"summary_large_image\" \/>\n<meta name=\"twitter:label1\" content=\"Dur\u00e9e de lecture estim\u00e9e\" \/>\n\t<meta name=\"twitter:data1\" content=\"1 minute\" \/>\n<script type=\"application\/ld+json\" class=\"yoast-schema-graph\">{\"@context\":\"https:\\\/\\\/schema.org\",\"@graph\":[{\"@type\":\"WebPage\",\"@id\":\"https:\\\/\\\/shop.bantam.ch\\\/fr\\\/produit\\\/veranda-storm-pole-dometic\\\/\",\"url\":\"https:\\\/\\\/shop.bantam.ch\\\/fr\\\/produit\\\/veranda-storm-pole-dometic\\\/\",\"name\":\"Veranda Storm Pole Dometic - Bantam Wankm\u00fcller SA\",\"isPartOf\":{\"@id\":\"https:\\\/\\\/shop.bantam.ch\\\/fr\\\/#website\"},\"primaryImageOfPage\":{\"@id\":\"https:\\\/\\\/shop.bantam.ch\\\/fr\\\/produit\\\/veranda-storm-pole-dometic\\\/#primaryimage\"},\"image\":{\"@id\":\"https:\\\/\\\/shop.bantam.ch\\\/fr\\\/produit\\\/veranda-storm-pole-dometic\\\/#primaryimage\"},\"thumbnailUrl\":\"https:\\\/\\\/shop.bantam.ch\\\/wp-content\\\/uploads\\\/2023\\\/09\\\/Dometic-Veranda-Storm-Pole-2023_Detail-A_72.jpg\",\"datePublished\":\"2023-09-04T14:09:30+00:00\",\"dateModified\":\"2026-04-17T20:51:25+00:00\",\"breadcrumb\":{\"@id\":\"https:\\\/\\\/shop.bantam.ch\\\/fr\\\/produit\\\/veranda-storm-pole-dometic\\\/#breadcrumb\"},\"inLanguage\":\"fr-FR\",\"potentialAction\":[{\"@type\":\"ReadAction\",\"target\":[\"https:\\\/\\\/shop.bantam.ch\\\/fr\\\/produit\\\/veranda-storm-pole-dometic\\\/\"]}]},{\"@type\":\"ImageObject\",\"inLanguage\":\"fr-FR\",\"@id\":\"https:\\\/\\\/shop.bantam.ch\\\/fr\\\/produit\\\/veranda-storm-pole-dometic\\\/#primaryimage\",\"url\":\"https:\\\/\\\/shop.bantam.ch\\\/wp-content\\\/uploads\\\/2023\\\/09\\\/Dometic-Veranda-Storm-Pole-2023_Detail-A_72.jpg\",\"contentUrl\":\"https:\\\/\\\/shop.bantam.ch\\\/wp-content\\\/uploads\\\/2023\\\/09\\\/Dometic-Veranda-Storm-Pole-2023_Detail-A_72.jpg\",\"width\":600,\"height\":600},{\"@type\":\"BreadcrumbList\",\"@id\":\"https:\\\/\\\/shop.bantam.ch\\\/fr\\\/produit\\\/veranda-storm-pole-dometic\\\/#breadcrumb\",\"itemListElement\":[{\"@type\":\"ListItem\",\"position\":1,\"name\":\"Accueil\",\"item\":\"https:\\\/\\\/shop.bantam.ch\\\/fr\\\/\"},{\"@type\":\"ListItem\",\"position\":2,\"name\":\"Boutique\",\"item\":\"https:\\\/\\\/shop.bantam.ch\\\/fr\\\/boutique\\\/\"},{\"@type\":\"ListItem\",\"position\":3,\"name\":\"Veranda Storm Pole Dometic\"}]},{\"@type\":\"WebSite\",\"@id\":\"https:\\\/\\\/shop.bantam.ch\\\/fr\\\/#website\",\"url\":\"https:\\\/\\\/shop.bantam.ch\\\/fr\\\/\",\"name\":\"Bantam Wankm\u00fcller SA\",\"description\":\"\",\"publisher\":{\"@id\":\"https:\\\/\\\/shop.bantam.ch\\\/fr\\\/#organization\"},\"inLanguage\":\"fr-FR\"},{\"@type\":\"Organization\",\"@id\":\"https:\\\/\\\/shop.bantam.ch\\\/fr\\\/#organization\",\"name\":\"Bantam Wankm\u00fcller SA\",\"url\":\"https:\\\/\\\/shop.bantam.ch\\\/fr\\\/\",\"logo\":{\"@type\":\"ImageObject\",\"inLanguage\":\"fr-FR\",\"@id\":\"https:\\\/\\\/shop.bantam.ch\\\/fr\\\/#\\\/schema\\\/logo\\\/image\\\/\",\"url\":\"https:\\\/\\\/shop.bantam.ch\\\/wp-content\\\/uploads\\\/2022\\\/12\\\/bantam-logo.png\",\"contentUrl\":\"https:\\\/\\\/shop.bantam.ch\\\/wp-content\\\/uploads\\\/2022\\\/12\\\/bantam-logo.png\",\"width\":320,\"height\":71,\"caption\":\"Bantam Wankm\u00fcller SA\"},\"image\":{\"@id\":\"https:\\\/\\\/shop.bantam.ch\\\/fr\\\/#\\\/schema\\\/logo\\\/image\\\/\"}}]}<\/script>\n<!-- \/ Yoast SEO plugin. -->","yoast_head_json":{"title":"Veranda Storm Pole Dometic - Bantam Wankm\u00fcller SA","robots":{"index":"index","follow":"follow","max-snippet":"max-snippet:-1","max-image-preview":"max-image-preview:large","max-video-preview":"max-video-preview:-1"},"canonical":"https:\/\/shop.bantam.ch\/fr\/produit\/veranda-storm-pole-dometic\/","og_locale":"fr_FR","og_type":"article","og_title":"Veranda Storm Pole Dometic - Bantam Wankm\u00fcller SA","og_description":"Accessoires de montage pour auvents Gr\u00e2ce \u00e0 cette barre en aluminium r\u00e9glable en continu, vous pouvez ouvrir les fen\u00eatres de votre auvent dans la position souhait\u00e9e et faire entrer de l&rsquo;air frais quand vous le souhaitez. En cas de s\u00e9jour prolong\u00e9, retirez la barre et installez le pied anti-temp\u00eate Veranda en option. Vous obtenez ainsi [&hellip;]","og_url":"https:\/\/shop.bantam.ch\/fr\/produit\/veranda-storm-pole-dometic\/","og_site_name":"Bantam Wankm\u00fcller SA","article_modified_time":"2026-04-17T20:51:25+00:00","og_image":[{"width":600,"height":600,"url":"https:\/\/shop.bantam.ch\/wp-content\/uploads\/2023\/09\/Dometic-Veranda-Storm-Pole-2023_Detail-A_72.jpg","type":"image\/jpeg"}],"twitter_card":"summary_large_image","twitter_misc":{"Dur\u00e9e de lecture estim\u00e9e":"1 minute"},"schema":{"@context":"https:\/\/schema.org","@graph":[{"@type":"WebPage","@id":"https:\/\/shop.bantam.ch\/fr\/produit\/veranda-storm-pole-dometic\/","url":"https:\/\/shop.bantam.ch\/fr\/produit\/veranda-storm-pole-dometic\/","name":"Veranda Storm Pole Dometic - Bantam Wankm\u00fcller SA","isPartOf":{"@id":"https:\/\/shop.bantam.ch\/fr\/#website"},"primaryImageOfPage":{"@id":"https:\/\/shop.bantam.ch\/fr\/produit\/veranda-storm-pole-dometic\/#primaryimage"},"image":{"@id":"https:\/\/shop.bantam.ch\/fr\/produit\/veranda-storm-pole-dometic\/#primaryimage"},"thumbnailUrl":"https:\/\/shop.bantam.ch\/wp-content\/uploads\/2023\/09\/Dometic-Veranda-Storm-Pole-2023_Detail-A_72.jpg","datePublished":"2023-09-04T14:09:30+00:00","dateModified":"2026-04-17T20:51:25+00:00","breadcrumb":{"@id":"https:\/\/shop.bantam.ch\/fr\/produit\/veranda-storm-pole-dometic\/#breadcrumb"},"inLanguage":"fr-FR","potentialAction":[{"@type":"ReadAction","target":["https:\/\/shop.bantam.ch\/fr\/produit\/veranda-storm-pole-dometic\/"]}]},{"@type":"ImageObject","inLanguage":"fr-FR","@id":"https:\/\/shop.bantam.ch\/fr\/produit\/veranda-storm-pole-dometic\/#primaryimage","url":"https:\/\/shop.bantam.ch\/wp-content\/uploads\/2023\/09\/Dometic-Veranda-Storm-Pole-2023_Detail-A_72.jpg","contentUrl":"https:\/\/shop.bantam.ch\/wp-content\/uploads\/2023\/09\/Dometic-Veranda-Storm-Pole-2023_Detail-A_72.jpg","width":600,"height":600},{"@type":"BreadcrumbList","@id":"https:\/\/shop.bantam.ch\/fr\/produit\/veranda-storm-pole-dometic\/#breadcrumb","itemListElement":[{"@type":"ListItem","position":1,"name":"Accueil","item":"https:\/\/shop.bantam.ch\/fr\/"},{"@type":"ListItem","position":2,"name":"Boutique","item":"https:\/\/shop.bantam.ch\/fr\/boutique\/"},{"@type":"ListItem","position":3,"name":"Veranda Storm Pole Dometic"}]},{"@type":"WebSite","@id":"https:\/\/shop.bantam.ch\/fr\/#website","url":"https:\/\/shop.bantam.ch\/fr\/","name":"Bantam Wankm\u00fcller SA","description":"","publisher":{"@id":"https:\/\/shop.bantam.ch\/fr\/#organization"},"inLanguage":"fr-FR"},{"@type":"Organization","@id":"https:\/\/shop.bantam.ch\/fr\/#organization","name":"Bantam Wankm\u00fcller SA","url":"https:\/\/shop.bantam.ch\/fr\/","logo":{"@type":"ImageObject","inLanguage":"fr-FR","@id":"https:\/\/shop.bantam.ch\/fr\/#\/schema\/logo\/image\/","url":"https:\/\/shop.bantam.ch\/wp-content\/uploads\/2022\/12\/bantam-logo.png","contentUrl":"https:\/\/shop.bantam.ch\/wp-content\/uploads\/2022\/12\/bantam-logo.png","width":320,"height":71,"caption":"Bantam Wankm\u00fcller SA"},"image":{"@id":"https:\/\/shop.bantam.ch\/fr\/#\/schema\/logo\/image\/"}}]}},"_links":{"self":[{"href":"https:\/\/shop.bantam.ch\/fr\/wp-json\/wp\/v2\/product\/186778","targetHints":{"allow":["GET"]}}],"collection":[{"href":"https:\/\/shop.bantam.ch\/fr\/wp-json\/wp\/v2\/product"}],"about":[{"href":"https:\/\/shop.bantam.ch\/fr\/wp-json\/wp\/v2\/types\/product"}],"wp:featuredmedia":[{"embeddable":true,"href":"https:\/\/shop.bantam.ch\/fr\/wp-json\/wp\/v2\/media\/186776"}],"wp:attachment":[{"href":"https:\/\/shop.bantam.ch\/fr\/wp-json\/wp\/v2\/media?parent=186778"}],"wp:term":[{"taxonomy":"product_featured_cat","embeddable":true,"href":"https:\/\/shop.bantam.ch\/fr\/wp-json\/wp\/v2\/product_featured_cat?post=186778"},{"taxonomy":"product_brand","embeddable":true,"href":"https:\/\/shop.bantam.ch\/fr\/wp-json\/wp\/v2\/product_brand?post=186778"},{"taxonomy":"product_cat","embeddable":true,"href":"https:\/\/shop.bantam.ch\/fr\/wp-json\/wp\/v2\/product_cat?post=186778"},{"taxonomy":"product_tag","embeddable":true,"href":"https:\/\/shop.bantam.ch\/fr\/wp-json\/wp\/v2\/product_tag?post=186778"}],"curies":[{"name":"wp","href":"https:\/\/api.w.org\/{rel}","templated":true}]}}