{"id":186752,"date":"2023-09-04T14:33:32","date_gmt":"2023-09-04T12:33:32","guid":{"rendered":"https:\/\/shop.bantam.ch\/produit\/boracay-ftc-401-tc-dometic\/"},"modified":"2026-04-18T22:54:00","modified_gmt":"2026-04-18T20:54:00","slug":"boracay-ftc-401-tc-dometic","status":"publish","type":"product","link":"https:\/\/shop.bantam.ch\/fr\/produit\/boracay-ftc-401-tc-dometic\/","title":{"rendered":"Boracay FTC 401 TC Dometic"},"content":{"rendered":"<p>Tente gonflable 4 personnes<br \/>\nLa tente compacte Boracay FTC 401 TC est id\u00e9ale pour les excusions : de grandes fen\u00eatres pleine hauteur, un compartiment de rangement arri\u00e8re et une ventilation de bas en haut vous offrent une exp\u00e9rience de camping luxueuse. Son mat\u00e9riau en coton technique respirant r\u00e9gule la temp\u00e9rature int\u00e9rieure, tandis que l\u2019avanc\u00e9e avant int\u00e9gr\u00e9e fournit un acc\u00e8s couvert et un espace de vie ext\u00e9rieur suppl\u00e9mentaire.<br \/>\nTechnologie Air Frame \u00e0 syst\u00e8me de gonflage multipoint bien prot\u00e9g\u00e9e et durable<br \/>\nLe mat\u00e9riau en coton technique respirant pr\u00e9vient la condensation et garantit votre confort<br \/>\nTente pour 4 personnes pour le camping en famille ou entre amis<br \/>\nDimensions profondeur du produit 4750 mm<br \/>\nDimensions hauteur du produit 2000 mm<br \/>\nDimensions largeur du produit 3000 mm<br \/>\nPoids net 33.77 kg<\/p>\n","protected":false},"excerpt":{"rendered":"<p>Tente gonflable 4 personnes La tente compacte Boracay FTC 401 TC est id\u00e9ale pour les excusions : de grandes fen\u00eatres pleine hauteur, un compartiment de rangement arri\u00e8re et une ventilation de bas en haut vous offrent une exp\u00e9rience de camping luxueuse. Son mat\u00e9riau en coton technique respirant r\u00e9gule la temp\u00e9rature int\u00e9rieure, tandis que l\u2019avanc\u00e9e avant [&hellip;]<\/p>\n","protected":false},"featured_media":186750,"template":"","meta":{"_acf_changed":false},"product_featured_cat":[],"product_brand":[3028],"product_cat":[3979],"product_tag":[],"class_list":{"0":"post-186752","1":"product","2":"type-product","3":"status-publish","4":"has-post-thumbnail","6":"product_brand-dometic","7":"product_cat-tentes-pour-vehicules","9":"first","10":"instock","11":"taxable","12":"shipping-taxable","13":"purchasable","14":"product-type-simple"},"acf":[],"yoast_head":"<!-- This site is optimized with the Yoast SEO plugin v27.4 - https:\/\/yoast.com\/product\/yoast-seo-wordpress\/ -->\n<title>Boracay FTC 401 TC Dometic - Bantam Wankm\u00fcller SA<\/title>\n<meta name=\"robots\" content=\"index, follow, max-snippet:-1, max-image-preview:large, max-video-preview:-1\" \/>\n<link rel=\"canonical\" href=\"https:\/\/shop.bantam.ch\/fr\/produit\/boracay-ftc-401-tc-dometic\/\" \/>\n<meta property=\"og:locale\" content=\"fr_FR\" \/>\n<meta property=\"og:type\" content=\"article\" \/>\n<meta property=\"og:title\" content=\"Boracay FTC 401 TC Dometic - Bantam Wankm\u00fcller SA\" \/>\n<meta property=\"og:description\" content=\"Tente gonflable 4 personnes La tente compacte Boracay FTC 401 TC est id\u00e9ale pour les excusions : de grandes fen\u00eatres pleine hauteur, un compartiment de rangement arri\u00e8re et une ventilation de bas en haut vous offrent une exp\u00e9rience de camping luxueuse. Son mat\u00e9riau en coton technique respirant r\u00e9gule la temp\u00e9rature int\u00e9rieure, tandis que l\u2019avanc\u00e9e avant [&hellip;]\" \/>\n<meta property=\"og:url\" content=\"https:\/\/shop.bantam.ch\/fr\/produit\/boracay-ftc-401-tc-dometic\/\" \/>\n<meta property=\"og:site_name\" content=\"Bantam Wankm\u00fcller SA\" \/>\n<meta property=\"article:modified_time\" content=\"2026-04-18T20:54:00+00:00\" \/>\n<meta property=\"og:image\" content=\"https:\/\/shop.bantam.ch\/wp-content\/uploads\/2023\/09\/Dometic-Boracay-FTC-401-TC_72_15022995_ok.jpg\" \/>\n\t<meta property=\"og:image:width\" content=\"600\" \/>\n\t<meta property=\"og:image:height\" content=\"600\" \/>\n\t<meta property=\"og:image:type\" content=\"image\/jpeg\" \/>\n<meta name=\"twitter:card\" content=\"summary_large_image\" \/>\n<meta name=\"twitter:label1\" content=\"Dur\u00e9e de lecture estim\u00e9e\" \/>\n\t<meta name=\"twitter:data1\" content=\"1 minute\" \/>\n<script type=\"application\/ld+json\" class=\"yoast-schema-graph\">{\"@context\":\"https:\\\/\\\/schema.org\",\"@graph\":[{\"@type\":\"WebPage\",\"@id\":\"https:\\\/\\\/shop.bantam.ch\\\/fr\\\/produit\\\/boracay-ftc-401-tc-dometic\\\/\",\"url\":\"https:\\\/\\\/shop.bantam.ch\\\/fr\\\/produit\\\/boracay-ftc-401-tc-dometic\\\/\",\"name\":\"Boracay FTC 401 TC Dometic - Bantam Wankm\u00fcller SA\",\"isPartOf\":{\"@id\":\"https:\\\/\\\/shop.bantam.ch\\\/fr\\\/#website\"},\"primaryImageOfPage\":{\"@id\":\"https:\\\/\\\/shop.bantam.ch\\\/fr\\\/produit\\\/boracay-ftc-401-tc-dometic\\\/#primaryimage\"},\"image\":{\"@id\":\"https:\\\/\\\/shop.bantam.ch\\\/fr\\\/produit\\\/boracay-ftc-401-tc-dometic\\\/#primaryimage\"},\"thumbnailUrl\":\"https:\\\/\\\/shop.bantam.ch\\\/wp-content\\\/uploads\\\/2023\\\/09\\\/Dometic-Boracay-FTC-401-TC_72_15022995_ok.jpg\",\"datePublished\":\"2023-09-04T12:33:32+00:00\",\"dateModified\":\"2026-04-18T20:54:00+00:00\",\"breadcrumb\":{\"@id\":\"https:\\\/\\\/shop.bantam.ch\\\/fr\\\/produit\\\/boracay-ftc-401-tc-dometic\\\/#breadcrumb\"},\"inLanguage\":\"fr-FR\",\"potentialAction\":[{\"@type\":\"ReadAction\",\"target\":[\"https:\\\/\\\/shop.bantam.ch\\\/fr\\\/produit\\\/boracay-ftc-401-tc-dometic\\\/\"]}]},{\"@type\":\"ImageObject\",\"inLanguage\":\"fr-FR\",\"@id\":\"https:\\\/\\\/shop.bantam.ch\\\/fr\\\/produit\\\/boracay-ftc-401-tc-dometic\\\/#primaryimage\",\"url\":\"https:\\\/\\\/shop.bantam.ch\\\/wp-content\\\/uploads\\\/2023\\\/09\\\/Dometic-Boracay-FTC-401-TC_72_15022995_ok.jpg\",\"contentUrl\":\"https:\\\/\\\/shop.bantam.ch\\\/wp-content\\\/uploads\\\/2023\\\/09\\\/Dometic-Boracay-FTC-401-TC_72_15022995_ok.jpg\",\"width\":600,\"height\":600},{\"@type\":\"BreadcrumbList\",\"@id\":\"https:\\\/\\\/shop.bantam.ch\\\/fr\\\/produit\\\/boracay-ftc-401-tc-dometic\\\/#breadcrumb\",\"itemListElement\":[{\"@type\":\"ListItem\",\"position\":1,\"name\":\"Accueil\",\"item\":\"https:\\\/\\\/shop.bantam.ch\\\/fr\\\/\"},{\"@type\":\"ListItem\",\"position\":2,\"name\":\"Boutique\",\"item\":\"https:\\\/\\\/shop.bantam.ch\\\/fr\\\/boutique\\\/\"},{\"@type\":\"ListItem\",\"position\":3,\"name\":\"Boracay FTC 401 TC Dometic\"}]},{\"@type\":\"WebSite\",\"@id\":\"https:\\\/\\\/shop.bantam.ch\\\/fr\\\/#website\",\"url\":\"https:\\\/\\\/shop.bantam.ch\\\/fr\\\/\",\"name\":\"Bantam Wankm\u00fcller SA\",\"description\":\"\",\"publisher\":{\"@id\":\"https:\\\/\\\/shop.bantam.ch\\\/fr\\\/#organization\"},\"inLanguage\":\"fr-FR\"},{\"@type\":\"Organization\",\"@id\":\"https:\\\/\\\/shop.bantam.ch\\\/fr\\\/#organization\",\"name\":\"Bantam Wankm\u00fcller SA\",\"url\":\"https:\\\/\\\/shop.bantam.ch\\\/fr\\\/\",\"logo\":{\"@type\":\"ImageObject\",\"inLanguage\":\"fr-FR\",\"@id\":\"https:\\\/\\\/shop.bantam.ch\\\/fr\\\/#\\\/schema\\\/logo\\\/image\\\/\",\"url\":\"https:\\\/\\\/shop.bantam.ch\\\/wp-content\\\/uploads\\\/2022\\\/12\\\/bantam-logo.png\",\"contentUrl\":\"https:\\\/\\\/shop.bantam.ch\\\/wp-content\\\/uploads\\\/2022\\\/12\\\/bantam-logo.png\",\"width\":320,\"height\":71,\"caption\":\"Bantam Wankm\u00fcller SA\"},\"image\":{\"@id\":\"https:\\\/\\\/shop.bantam.ch\\\/fr\\\/#\\\/schema\\\/logo\\\/image\\\/\"}}]}<\/script>\n<!-- \/ Yoast SEO plugin. -->","yoast_head_json":{"title":"Boracay FTC 401 TC Dometic - Bantam Wankm\u00fcller SA","robots":{"index":"index","follow":"follow","max-snippet":"max-snippet:-1","max-image-preview":"max-image-preview:large","max-video-preview":"max-video-preview:-1"},"canonical":"https:\/\/shop.bantam.ch\/fr\/produit\/boracay-ftc-401-tc-dometic\/","og_locale":"fr_FR","og_type":"article","og_title":"Boracay FTC 401 TC Dometic - Bantam Wankm\u00fcller SA","og_description":"Tente gonflable 4 personnes La tente compacte Boracay FTC 401 TC est id\u00e9ale pour les excusions : de grandes fen\u00eatres pleine hauteur, un compartiment de rangement arri\u00e8re et une ventilation de bas en haut vous offrent une exp\u00e9rience de camping luxueuse. Son mat\u00e9riau en coton technique respirant r\u00e9gule la temp\u00e9rature int\u00e9rieure, tandis que l\u2019avanc\u00e9e avant [&hellip;]","og_url":"https:\/\/shop.bantam.ch\/fr\/produit\/boracay-ftc-401-tc-dometic\/","og_site_name":"Bantam Wankm\u00fcller SA","article_modified_time":"2026-04-18T20:54:00+00:00","og_image":[{"width":600,"height":600,"url":"https:\/\/shop.bantam.ch\/wp-content\/uploads\/2023\/09\/Dometic-Boracay-FTC-401-TC_72_15022995_ok.jpg","type":"image\/jpeg"}],"twitter_card":"summary_large_image","twitter_misc":{"Dur\u00e9e de lecture estim\u00e9e":"1 minute"},"schema":{"@context":"https:\/\/schema.org","@graph":[{"@type":"WebPage","@id":"https:\/\/shop.bantam.ch\/fr\/produit\/boracay-ftc-401-tc-dometic\/","url":"https:\/\/shop.bantam.ch\/fr\/produit\/boracay-ftc-401-tc-dometic\/","name":"Boracay FTC 401 TC Dometic - Bantam Wankm\u00fcller SA","isPartOf":{"@id":"https:\/\/shop.bantam.ch\/fr\/#website"},"primaryImageOfPage":{"@id":"https:\/\/shop.bantam.ch\/fr\/produit\/boracay-ftc-401-tc-dometic\/#primaryimage"},"image":{"@id":"https:\/\/shop.bantam.ch\/fr\/produit\/boracay-ftc-401-tc-dometic\/#primaryimage"},"thumbnailUrl":"https:\/\/shop.bantam.ch\/wp-content\/uploads\/2023\/09\/Dometic-Boracay-FTC-401-TC_72_15022995_ok.jpg","datePublished":"2023-09-04T12:33:32+00:00","dateModified":"2026-04-18T20:54:00+00:00","breadcrumb":{"@id":"https:\/\/shop.bantam.ch\/fr\/produit\/boracay-ftc-401-tc-dometic\/#breadcrumb"},"inLanguage":"fr-FR","potentialAction":[{"@type":"ReadAction","target":["https:\/\/shop.bantam.ch\/fr\/produit\/boracay-ftc-401-tc-dometic\/"]}]},{"@type":"ImageObject","inLanguage":"fr-FR","@id":"https:\/\/shop.bantam.ch\/fr\/produit\/boracay-ftc-401-tc-dometic\/#primaryimage","url":"https:\/\/shop.bantam.ch\/wp-content\/uploads\/2023\/09\/Dometic-Boracay-FTC-401-TC_72_15022995_ok.jpg","contentUrl":"https:\/\/shop.bantam.ch\/wp-content\/uploads\/2023\/09\/Dometic-Boracay-FTC-401-TC_72_15022995_ok.jpg","width":600,"height":600},{"@type":"BreadcrumbList","@id":"https:\/\/shop.bantam.ch\/fr\/produit\/boracay-ftc-401-tc-dometic\/#breadcrumb","itemListElement":[{"@type":"ListItem","position":1,"name":"Accueil","item":"https:\/\/shop.bantam.ch\/fr\/"},{"@type":"ListItem","position":2,"name":"Boutique","item":"https:\/\/shop.bantam.ch\/fr\/boutique\/"},{"@type":"ListItem","position":3,"name":"Boracay FTC 401 TC Dometic"}]},{"@type":"WebSite","@id":"https:\/\/shop.bantam.ch\/fr\/#website","url":"https:\/\/shop.bantam.ch\/fr\/","name":"Bantam Wankm\u00fcller SA","description":"","publisher":{"@id":"https:\/\/shop.bantam.ch\/fr\/#organization"},"inLanguage":"fr-FR"},{"@type":"Organization","@id":"https:\/\/shop.bantam.ch\/fr\/#organization","name":"Bantam Wankm\u00fcller SA","url":"https:\/\/shop.bantam.ch\/fr\/","logo":{"@type":"ImageObject","inLanguage":"fr-FR","@id":"https:\/\/shop.bantam.ch\/fr\/#\/schema\/logo\/image\/","url":"https:\/\/shop.bantam.ch\/wp-content\/uploads\/2022\/12\/bantam-logo.png","contentUrl":"https:\/\/shop.bantam.ch\/wp-content\/uploads\/2022\/12\/bantam-logo.png","width":320,"height":71,"caption":"Bantam Wankm\u00fcller SA"},"image":{"@id":"https:\/\/shop.bantam.ch\/fr\/#\/schema\/logo\/image\/"}}]}},"_links":{"self":[{"href":"https:\/\/shop.bantam.ch\/fr\/wp-json\/wp\/v2\/product\/186752","targetHints":{"allow":["GET"]}}],"collection":[{"href":"https:\/\/shop.bantam.ch\/fr\/wp-json\/wp\/v2\/product"}],"about":[{"href":"https:\/\/shop.bantam.ch\/fr\/wp-json\/wp\/v2\/types\/product"}],"wp:featuredmedia":[{"embeddable":true,"href":"https:\/\/shop.bantam.ch\/fr\/wp-json\/wp\/v2\/media\/186750"}],"wp:attachment":[{"href":"https:\/\/shop.bantam.ch\/fr\/wp-json\/wp\/v2\/media?parent=186752"}],"wp:term":[{"taxonomy":"product_featured_cat","embeddable":true,"href":"https:\/\/shop.bantam.ch\/fr\/wp-json\/wp\/v2\/product_featured_cat?post=186752"},{"taxonomy":"product_brand","embeddable":true,"href":"https:\/\/shop.bantam.ch\/fr\/wp-json\/wp\/v2\/product_brand?post=186752"},{"taxonomy":"product_cat","embeddable":true,"href":"https:\/\/shop.bantam.ch\/fr\/wp-json\/wp\/v2\/product_cat?post=186752"},{"taxonomy":"product_tag","embeddable":true,"href":"https:\/\/shop.bantam.ch\/fr\/wp-json\/wp\/v2\/product_tag?post=186752"}],"curies":[{"name":"wp","href":"https:\/\/api.w.org\/{rel}","templated":true}]}}