{"id":186672,"date":"2023-08-31T16:03:27","date_gmt":"2023-08-31T14:03:27","guid":{"rendered":"https:\/\/shop.bantam.ch\/produit\/club-air-all-season-ext-l-h-s-dometic\/"},"modified":"2026-04-18T22:53:54","modified_gmt":"2026-04-18T20:53:54","slug":"club-air-all-season-ext-l-h-s-dometic","status":"publish","type":"product","link":"https:\/\/shop.bantam.ch\/fr\/produit\/club-air-all-season-ext-l-h-s-dometic\/","title":{"rendered":"Club AIR All-Season EXT L\/H S Dometic"},"content":{"rendered":"<p>Extension pour auvent gonflable<br \/>\nDes extensions en option peuvent \u00eatre install\u00e9es sur un ou les deux c\u00f4t\u00e9s de l&rsquo;auvent. Il suffit de les attacher avec la fermeture \u00e9clair et de les gonfler \u00e0 partir d\u2019un seul point. Id\u00e9al pour recevoir des invit\u00e9s ou quand vous avez besoin d\u2019espace suppl\u00e9mentaire de rangement.<br \/>\nLa technologie Air Frame garantit la solidit\u00e9 de la structure et sa facilit\u00e9 d\u2019installation<br \/>\nVerrouillage \u00e0 fermeture \u00e9clair facile d\u2019acc\u00e8s<br \/>\nLa moustiquaire en maille apporte une ventilation tout en vous prot\u00e9geant des insectes<br \/>\nChaque extension augmente la largeur totale de l&rsquo;auvent de 1,9 m tout en conservant sa hauteur et sa profondeur g\u00e9n\u00e9reuses.<br \/>\nIns\u00e9rez la tente int\u00e9rieure en option pour un espace de nuit suppl\u00e9mentaire.<br \/>\nDimensions profondeur du produit 2650 mm<br \/>\nDimensions hauteur du produit 2650 mm<br \/>\nDimensions largeur du produit 1900 mm<br \/>\nConnection height min 235.00 cm<br \/>\nConnection height max 265.00 cm<br \/>\nPoids net 13.90 kg<\/p>\n","protected":false},"excerpt":{"rendered":"<p>Extension pour auvent gonflable Des extensions en option peuvent \u00eatre install\u00e9es sur un ou les deux c\u00f4t\u00e9s de l&rsquo;auvent. Il suffit de les attacher avec la fermeture \u00e9clair et de les gonfler \u00e0 partir d\u2019un seul point. Id\u00e9al pour recevoir des invit\u00e9s ou quand vous avez besoin d\u2019espace suppl\u00e9mentaire de rangement. La technologie Air Frame [&hellip;]<\/p>\n","protected":false},"featured_media":186670,"template":"","meta":{"_acf_changed":false},"product_featured_cat":[],"product_brand":[3028],"product_cat":[4247],"product_tag":[],"class_list":{"0":"post-186672","1":"product","2":"type-product","3":"status-publish","4":"has-post-thumbnail","6":"product_brand-dometic","7":"product_cat-auvents","9":"first","10":"instock","11":"taxable","12":"shipping-taxable","13":"purchasable","14":"product-type-simple"},"acf":[],"yoast_head":"<!-- This site is optimized with the Yoast SEO plugin v27.4 - https:\/\/yoast.com\/product\/yoast-seo-wordpress\/ -->\n<title>Club AIR All-Season EXT L\/H S Dometic - Bantam Wankm\u00fcller SA<\/title>\n<meta name=\"robots\" content=\"index, follow, max-snippet:-1, max-image-preview:large, max-video-preview:-1\" \/>\n<link rel=\"canonical\" href=\"https:\/\/shop.bantam.ch\/fr\/produit\/club-air-all-season-ext-l-h-s-dometic\/\" \/>\n<meta property=\"og:locale\" content=\"fr_FR\" \/>\n<meta property=\"og:type\" content=\"article\" \/>\n<meta property=\"og:title\" content=\"Club AIR All-Season EXT L\/H S Dometic - Bantam Wankm\u00fcller SA\" \/>\n<meta property=\"og:description\" content=\"Extension pour auvent gonflable Des extensions en option peuvent \u00eatre install\u00e9es sur un ou les deux c\u00f4t\u00e9s de l&rsquo;auvent. Il suffit de les attacher avec la fermeture \u00e9clair et de les gonfler \u00e0 partir d\u2019un seul point. Id\u00e9al pour recevoir des invit\u00e9s ou quand vous avez besoin d\u2019espace suppl\u00e9mentaire de rangement. La technologie Air Frame [&hellip;]\" \/>\n<meta property=\"og:url\" content=\"https:\/\/shop.bantam.ch\/fr\/produit\/club-air-all-season-ext-l-h-s-dometic\/\" \/>\n<meta property=\"og:site_name\" content=\"Bantam Wankm\u00fcller SA\" \/>\n<meta property=\"article:modified_time\" content=\"2026-04-18T20:53:54+00:00\" \/>\n<meta property=\"og:image\" content=\"https:\/\/shop.bantam.ch\/wp-content\/uploads\/2023\/08\/AA0006-9120000043-p400_72_15022096.jpg\" \/>\n\t<meta property=\"og:image:width\" content=\"600\" \/>\n\t<meta property=\"og:image:height\" content=\"600\" \/>\n\t<meta property=\"og:image:type\" content=\"image\/jpeg\" \/>\n<meta name=\"twitter:card\" content=\"summary_large_image\" \/>\n<meta name=\"twitter:label1\" content=\"Dur\u00e9e de lecture estim\u00e9e\" \/>\n\t<meta name=\"twitter:data1\" content=\"1 minute\" \/>\n<script type=\"application\/ld+json\" class=\"yoast-schema-graph\">{\"@context\":\"https:\\\/\\\/schema.org\",\"@graph\":[{\"@type\":\"WebPage\",\"@id\":\"https:\\\/\\\/shop.bantam.ch\\\/fr\\\/produit\\\/club-air-all-season-ext-l-h-s-dometic\\\/\",\"url\":\"https:\\\/\\\/shop.bantam.ch\\\/fr\\\/produit\\\/club-air-all-season-ext-l-h-s-dometic\\\/\",\"name\":\"Club AIR All-Season EXT L\\\/H S Dometic - Bantam Wankm\u00fcller SA\",\"isPartOf\":{\"@id\":\"https:\\\/\\\/shop.bantam.ch\\\/fr\\\/#website\"},\"primaryImageOfPage\":{\"@id\":\"https:\\\/\\\/shop.bantam.ch\\\/fr\\\/produit\\\/club-air-all-season-ext-l-h-s-dometic\\\/#primaryimage\"},\"image\":{\"@id\":\"https:\\\/\\\/shop.bantam.ch\\\/fr\\\/produit\\\/club-air-all-season-ext-l-h-s-dometic\\\/#primaryimage\"},\"thumbnailUrl\":\"https:\\\/\\\/shop.bantam.ch\\\/wp-content\\\/uploads\\\/2023\\\/08\\\/AA0006-9120000043-p400_72_15022096.jpg\",\"datePublished\":\"2023-08-31T14:03:27+00:00\",\"dateModified\":\"2026-04-18T20:53:54+00:00\",\"breadcrumb\":{\"@id\":\"https:\\\/\\\/shop.bantam.ch\\\/fr\\\/produit\\\/club-air-all-season-ext-l-h-s-dometic\\\/#breadcrumb\"},\"inLanguage\":\"fr-FR\",\"potentialAction\":[{\"@type\":\"ReadAction\",\"target\":[\"https:\\\/\\\/shop.bantam.ch\\\/fr\\\/produit\\\/club-air-all-season-ext-l-h-s-dometic\\\/\"]}]},{\"@type\":\"ImageObject\",\"inLanguage\":\"fr-FR\",\"@id\":\"https:\\\/\\\/shop.bantam.ch\\\/fr\\\/produit\\\/club-air-all-season-ext-l-h-s-dometic\\\/#primaryimage\",\"url\":\"https:\\\/\\\/shop.bantam.ch\\\/wp-content\\\/uploads\\\/2023\\\/08\\\/AA0006-9120000043-p400_72_15022096.jpg\",\"contentUrl\":\"https:\\\/\\\/shop.bantam.ch\\\/wp-content\\\/uploads\\\/2023\\\/08\\\/AA0006-9120000043-p400_72_15022096.jpg\",\"width\":600,\"height\":600},{\"@type\":\"BreadcrumbList\",\"@id\":\"https:\\\/\\\/shop.bantam.ch\\\/fr\\\/produit\\\/club-air-all-season-ext-l-h-s-dometic\\\/#breadcrumb\",\"itemListElement\":[{\"@type\":\"ListItem\",\"position\":1,\"name\":\"Accueil\",\"item\":\"https:\\\/\\\/shop.bantam.ch\\\/fr\\\/\"},{\"@type\":\"ListItem\",\"position\":2,\"name\":\"Boutique\",\"item\":\"https:\\\/\\\/shop.bantam.ch\\\/fr\\\/boutique\\\/\"},{\"@type\":\"ListItem\",\"position\":3,\"name\":\"Club AIR All-Season EXT L\\\/H S Dometic\"}]},{\"@type\":\"WebSite\",\"@id\":\"https:\\\/\\\/shop.bantam.ch\\\/fr\\\/#website\",\"url\":\"https:\\\/\\\/shop.bantam.ch\\\/fr\\\/\",\"name\":\"Bantam Wankm\u00fcller SA\",\"description\":\"\",\"publisher\":{\"@id\":\"https:\\\/\\\/shop.bantam.ch\\\/fr\\\/#organization\"},\"inLanguage\":\"fr-FR\"},{\"@type\":\"Organization\",\"@id\":\"https:\\\/\\\/shop.bantam.ch\\\/fr\\\/#organization\",\"name\":\"Bantam Wankm\u00fcller SA\",\"url\":\"https:\\\/\\\/shop.bantam.ch\\\/fr\\\/\",\"logo\":{\"@type\":\"ImageObject\",\"inLanguage\":\"fr-FR\",\"@id\":\"https:\\\/\\\/shop.bantam.ch\\\/fr\\\/#\\\/schema\\\/logo\\\/image\\\/\",\"url\":\"https:\\\/\\\/shop.bantam.ch\\\/wp-content\\\/uploads\\\/2022\\\/12\\\/bantam-logo.png\",\"contentUrl\":\"https:\\\/\\\/shop.bantam.ch\\\/wp-content\\\/uploads\\\/2022\\\/12\\\/bantam-logo.png\",\"width\":320,\"height\":71,\"caption\":\"Bantam Wankm\u00fcller SA\"},\"image\":{\"@id\":\"https:\\\/\\\/shop.bantam.ch\\\/fr\\\/#\\\/schema\\\/logo\\\/image\\\/\"}}]}<\/script>\n<!-- \/ Yoast SEO plugin. -->","yoast_head_json":{"title":"Club AIR All-Season EXT L\/H S Dometic - Bantam Wankm\u00fcller SA","robots":{"index":"index","follow":"follow","max-snippet":"max-snippet:-1","max-image-preview":"max-image-preview:large","max-video-preview":"max-video-preview:-1"},"canonical":"https:\/\/shop.bantam.ch\/fr\/produit\/club-air-all-season-ext-l-h-s-dometic\/","og_locale":"fr_FR","og_type":"article","og_title":"Club AIR All-Season EXT L\/H S Dometic - Bantam Wankm\u00fcller SA","og_description":"Extension pour auvent gonflable Des extensions en option peuvent \u00eatre install\u00e9es sur un ou les deux c\u00f4t\u00e9s de l&rsquo;auvent. Il suffit de les attacher avec la fermeture \u00e9clair et de les gonfler \u00e0 partir d\u2019un seul point. Id\u00e9al pour recevoir des invit\u00e9s ou quand vous avez besoin d\u2019espace suppl\u00e9mentaire de rangement. La technologie Air Frame [&hellip;]","og_url":"https:\/\/shop.bantam.ch\/fr\/produit\/club-air-all-season-ext-l-h-s-dometic\/","og_site_name":"Bantam Wankm\u00fcller SA","article_modified_time":"2026-04-18T20:53:54+00:00","og_image":[{"width":600,"height":600,"url":"https:\/\/shop.bantam.ch\/wp-content\/uploads\/2023\/08\/AA0006-9120000043-p400_72_15022096.jpg","type":"image\/jpeg"}],"twitter_card":"summary_large_image","twitter_misc":{"Dur\u00e9e de lecture estim\u00e9e":"1 minute"},"schema":{"@context":"https:\/\/schema.org","@graph":[{"@type":"WebPage","@id":"https:\/\/shop.bantam.ch\/fr\/produit\/club-air-all-season-ext-l-h-s-dometic\/","url":"https:\/\/shop.bantam.ch\/fr\/produit\/club-air-all-season-ext-l-h-s-dometic\/","name":"Club AIR All-Season EXT L\/H S Dometic - Bantam Wankm\u00fcller SA","isPartOf":{"@id":"https:\/\/shop.bantam.ch\/fr\/#website"},"primaryImageOfPage":{"@id":"https:\/\/shop.bantam.ch\/fr\/produit\/club-air-all-season-ext-l-h-s-dometic\/#primaryimage"},"image":{"@id":"https:\/\/shop.bantam.ch\/fr\/produit\/club-air-all-season-ext-l-h-s-dometic\/#primaryimage"},"thumbnailUrl":"https:\/\/shop.bantam.ch\/wp-content\/uploads\/2023\/08\/AA0006-9120000043-p400_72_15022096.jpg","datePublished":"2023-08-31T14:03:27+00:00","dateModified":"2026-04-18T20:53:54+00:00","breadcrumb":{"@id":"https:\/\/shop.bantam.ch\/fr\/produit\/club-air-all-season-ext-l-h-s-dometic\/#breadcrumb"},"inLanguage":"fr-FR","potentialAction":[{"@type":"ReadAction","target":["https:\/\/shop.bantam.ch\/fr\/produit\/club-air-all-season-ext-l-h-s-dometic\/"]}]},{"@type":"ImageObject","inLanguage":"fr-FR","@id":"https:\/\/shop.bantam.ch\/fr\/produit\/club-air-all-season-ext-l-h-s-dometic\/#primaryimage","url":"https:\/\/shop.bantam.ch\/wp-content\/uploads\/2023\/08\/AA0006-9120000043-p400_72_15022096.jpg","contentUrl":"https:\/\/shop.bantam.ch\/wp-content\/uploads\/2023\/08\/AA0006-9120000043-p400_72_15022096.jpg","width":600,"height":600},{"@type":"BreadcrumbList","@id":"https:\/\/shop.bantam.ch\/fr\/produit\/club-air-all-season-ext-l-h-s-dometic\/#breadcrumb","itemListElement":[{"@type":"ListItem","position":1,"name":"Accueil","item":"https:\/\/shop.bantam.ch\/fr\/"},{"@type":"ListItem","position":2,"name":"Boutique","item":"https:\/\/shop.bantam.ch\/fr\/boutique\/"},{"@type":"ListItem","position":3,"name":"Club AIR All-Season EXT L\/H S Dometic"}]},{"@type":"WebSite","@id":"https:\/\/shop.bantam.ch\/fr\/#website","url":"https:\/\/shop.bantam.ch\/fr\/","name":"Bantam Wankm\u00fcller SA","description":"","publisher":{"@id":"https:\/\/shop.bantam.ch\/fr\/#organization"},"inLanguage":"fr-FR"},{"@type":"Organization","@id":"https:\/\/shop.bantam.ch\/fr\/#organization","name":"Bantam Wankm\u00fcller SA","url":"https:\/\/shop.bantam.ch\/fr\/","logo":{"@type":"ImageObject","inLanguage":"fr-FR","@id":"https:\/\/shop.bantam.ch\/fr\/#\/schema\/logo\/image\/","url":"https:\/\/shop.bantam.ch\/wp-content\/uploads\/2022\/12\/bantam-logo.png","contentUrl":"https:\/\/shop.bantam.ch\/wp-content\/uploads\/2022\/12\/bantam-logo.png","width":320,"height":71,"caption":"Bantam Wankm\u00fcller SA"},"image":{"@id":"https:\/\/shop.bantam.ch\/fr\/#\/schema\/logo\/image\/"}}]}},"_links":{"self":[{"href":"https:\/\/shop.bantam.ch\/fr\/wp-json\/wp\/v2\/product\/186672","targetHints":{"allow":["GET"]}}],"collection":[{"href":"https:\/\/shop.bantam.ch\/fr\/wp-json\/wp\/v2\/product"}],"about":[{"href":"https:\/\/shop.bantam.ch\/fr\/wp-json\/wp\/v2\/types\/product"}],"wp:featuredmedia":[{"embeddable":true,"href":"https:\/\/shop.bantam.ch\/fr\/wp-json\/wp\/v2\/media\/186670"}],"wp:attachment":[{"href":"https:\/\/shop.bantam.ch\/fr\/wp-json\/wp\/v2\/media?parent=186672"}],"wp:term":[{"taxonomy":"product_featured_cat","embeddable":true,"href":"https:\/\/shop.bantam.ch\/fr\/wp-json\/wp\/v2\/product_featured_cat?post=186672"},{"taxonomy":"product_brand","embeddable":true,"href":"https:\/\/shop.bantam.ch\/fr\/wp-json\/wp\/v2\/product_brand?post=186672"},{"taxonomy":"product_cat","embeddable":true,"href":"https:\/\/shop.bantam.ch\/fr\/wp-json\/wp\/v2\/product_cat?post=186672"},{"taxonomy":"product_tag","embeddable":true,"href":"https:\/\/shop.bantam.ch\/fr\/wp-json\/wp\/v2\/product_tag?post=186672"}],"curies":[{"name":"wp","href":"https:\/\/api.w.org\/{rel}","templated":true}]}}