{"id":186654,"date":"2023-08-31T12:18:34","date_gmt":"2023-08-31T10:18:34","guid":{"rendered":"https:\/\/shop.bantam.ch\/produit\/rally-air-pro-260-da-dometic\/"},"modified":"2026-04-18T22:53:47","modified_gmt":"2026-04-18T20:53:47","slug":"rally-air-pro-260-da-dometic","status":"publish","type":"product","link":"https:\/\/shop.bantam.ch\/fr\/produit\/rally-air-pro-260-da-dometic\/","title":{"rendered":"Rally AIR Pro 260 DA Dometic"},"content":{"rendered":"<p>Auvent ind\u00e9pendant gonflable, largeur 2,6 m<br \/>\nCon\u00e7u pour s\u2019adapter \u00e0 une large gamme de v\u00e9hicules, le Rally AIR D\/A vous permet de laisser votre auvent sur place pendant que vous explorez les alentours. Il est \u00e9galement facile \u00e0 configurer, gr\u00e2ce \u00e0 la technologie Air Frame \u00e0 un seul point de gonflage.<br \/>\nLa technologie Air Frame \u00e0 gonflage en un seul point garantit la solidit\u00e9 de la structure et sa facilit\u00e9 d\u2019installation<br \/>\nSolide mais l\u00e9ger, le mat\u00e9riau Weathershield\u2122 Pro a fait ses preuves dans de nombreux environnements<br \/>\nAuvent ind\u00e9pendant<br \/>\nDimensions profondeur du produit 2500 mm<br \/>\nDimensions hauteur du produit 3000 mm<br \/>\nDimensions largeur du produit 2600 mm<br \/>\nConnection height min 220.00 cm<br \/>\nConnection height max 300.00 cm<br \/>\nPoids net 31.30 kg<\/p>\n","protected":false},"excerpt":{"rendered":"<p>Auvent ind\u00e9pendant gonflable, largeur 2,6 m Con\u00e7u pour s\u2019adapter \u00e0 une large gamme de v\u00e9hicules, le Rally AIR D\/A vous permet de laisser votre auvent sur place pendant que vous explorez les alentours. Il est \u00e9galement facile \u00e0 configurer, gr\u00e2ce \u00e0 la technologie Air Frame \u00e0 un seul point de gonflage. La technologie Air Frame [&hellip;]<\/p>\n","protected":false},"featured_media":186652,"template":"","meta":{"_acf_changed":false},"product_featured_cat":[],"product_brand":[3028],"product_cat":[4915],"product_tag":[],"class_list":{"0":"post-186654","1":"product","2":"type-product","3":"status-publish","4":"has-post-thumbnail","6":"product_brand-dometic","7":"product_cat-auvents-de-bus-et-camping-cars","9":"first","10":"instock","11":"taxable","12":"shipping-taxable","13":"purchasable","14":"product-type-simple"},"acf":[],"yoast_head":"<!-- This site is optimized with the Yoast SEO plugin v27.4 - https:\/\/yoast.com\/product\/yoast-seo-wordpress\/ -->\n<title>Rally AIR Pro 260 DA Dometic - Bantam Wankm\u00fcller SA<\/title>\n<meta name=\"robots\" content=\"index, follow, max-snippet:-1, max-image-preview:large, max-video-preview:-1\" \/>\n<link rel=\"canonical\" href=\"https:\/\/shop.bantam.ch\/fr\/produit\/rally-air-pro-260-da-dometic\/\" \/>\n<meta property=\"og:locale\" content=\"fr_FR\" \/>\n<meta property=\"og:type\" content=\"article\" \/>\n<meta property=\"og:title\" content=\"Rally AIR Pro 260 DA Dometic - Bantam Wankm\u00fcller SA\" \/>\n<meta property=\"og:description\" content=\"Auvent ind\u00e9pendant gonflable, largeur 2,6 m Con\u00e7u pour s\u2019adapter \u00e0 une large gamme de v\u00e9hicules, le Rally AIR D\/A vous permet de laisser votre auvent sur place pendant que vous explorez les alentours. Il est \u00e9galement facile \u00e0 configurer, gr\u00e2ce \u00e0 la technologie Air Frame \u00e0 un seul point de gonflage. La technologie Air Frame [&hellip;]\" \/>\n<meta property=\"og:url\" content=\"https:\/\/shop.bantam.ch\/fr\/produit\/rally-air-pro-260-da-dometic\/\" \/>\n<meta property=\"og:site_name\" content=\"Bantam Wankm\u00fcller SA\" \/>\n<meta property=\"article:modified_time\" content=\"2026-04-18T20:53:47+00:00\" \/>\n<meta property=\"og:image\" content=\"https:\/\/shop.bantam.ch\/wp-content\/uploads\/2023\/08\/9120001137_72_1202110.jpg\" \/>\n\t<meta property=\"og:image:width\" content=\"600\" \/>\n\t<meta property=\"og:image:height\" content=\"600\" \/>\n\t<meta property=\"og:image:type\" content=\"image\/jpeg\" \/>\n<meta name=\"twitter:card\" content=\"summary_large_image\" \/>\n<meta name=\"twitter:label1\" content=\"Dur\u00e9e de lecture estim\u00e9e\" \/>\n\t<meta name=\"twitter:data1\" content=\"1 minute\" \/>\n<script type=\"application\/ld+json\" class=\"yoast-schema-graph\">{\"@context\":\"https:\\\/\\\/schema.org\",\"@graph\":[{\"@type\":\"WebPage\",\"@id\":\"https:\\\/\\\/shop.bantam.ch\\\/fr\\\/produit\\\/rally-air-pro-260-da-dometic\\\/\",\"url\":\"https:\\\/\\\/shop.bantam.ch\\\/fr\\\/produit\\\/rally-air-pro-260-da-dometic\\\/\",\"name\":\"Rally AIR Pro 260 DA Dometic - Bantam Wankm\u00fcller SA\",\"isPartOf\":{\"@id\":\"https:\\\/\\\/shop.bantam.ch\\\/fr\\\/#website\"},\"primaryImageOfPage\":{\"@id\":\"https:\\\/\\\/shop.bantam.ch\\\/fr\\\/produit\\\/rally-air-pro-260-da-dometic\\\/#primaryimage\"},\"image\":{\"@id\":\"https:\\\/\\\/shop.bantam.ch\\\/fr\\\/produit\\\/rally-air-pro-260-da-dometic\\\/#primaryimage\"},\"thumbnailUrl\":\"https:\\\/\\\/shop.bantam.ch\\\/wp-content\\\/uploads\\\/2023\\\/08\\\/9120001137_72_1202110.jpg\",\"datePublished\":\"2023-08-31T10:18:34+00:00\",\"dateModified\":\"2026-04-18T20:53:47+00:00\",\"breadcrumb\":{\"@id\":\"https:\\\/\\\/shop.bantam.ch\\\/fr\\\/produit\\\/rally-air-pro-260-da-dometic\\\/#breadcrumb\"},\"inLanguage\":\"fr-FR\",\"potentialAction\":[{\"@type\":\"ReadAction\",\"target\":[\"https:\\\/\\\/shop.bantam.ch\\\/fr\\\/produit\\\/rally-air-pro-260-da-dometic\\\/\"]}]},{\"@type\":\"ImageObject\",\"inLanguage\":\"fr-FR\",\"@id\":\"https:\\\/\\\/shop.bantam.ch\\\/fr\\\/produit\\\/rally-air-pro-260-da-dometic\\\/#primaryimage\",\"url\":\"https:\\\/\\\/shop.bantam.ch\\\/wp-content\\\/uploads\\\/2023\\\/08\\\/9120001137_72_1202110.jpg\",\"contentUrl\":\"https:\\\/\\\/shop.bantam.ch\\\/wp-content\\\/uploads\\\/2023\\\/08\\\/9120001137_72_1202110.jpg\",\"width\":600,\"height\":600},{\"@type\":\"BreadcrumbList\",\"@id\":\"https:\\\/\\\/shop.bantam.ch\\\/fr\\\/produit\\\/rally-air-pro-260-da-dometic\\\/#breadcrumb\",\"itemListElement\":[{\"@type\":\"ListItem\",\"position\":1,\"name\":\"Accueil\",\"item\":\"https:\\\/\\\/shop.bantam.ch\\\/fr\\\/\"},{\"@type\":\"ListItem\",\"position\":2,\"name\":\"Boutique\",\"item\":\"https:\\\/\\\/shop.bantam.ch\\\/fr\\\/boutique\\\/\"},{\"@type\":\"ListItem\",\"position\":3,\"name\":\"Rally AIR Pro 260 DA Dometic\"}]},{\"@type\":\"WebSite\",\"@id\":\"https:\\\/\\\/shop.bantam.ch\\\/fr\\\/#website\",\"url\":\"https:\\\/\\\/shop.bantam.ch\\\/fr\\\/\",\"name\":\"Bantam Wankm\u00fcller SA\",\"description\":\"\",\"publisher\":{\"@id\":\"https:\\\/\\\/shop.bantam.ch\\\/fr\\\/#organization\"},\"inLanguage\":\"fr-FR\"},{\"@type\":\"Organization\",\"@id\":\"https:\\\/\\\/shop.bantam.ch\\\/fr\\\/#organization\",\"name\":\"Bantam Wankm\u00fcller SA\",\"url\":\"https:\\\/\\\/shop.bantam.ch\\\/fr\\\/\",\"logo\":{\"@type\":\"ImageObject\",\"inLanguage\":\"fr-FR\",\"@id\":\"https:\\\/\\\/shop.bantam.ch\\\/fr\\\/#\\\/schema\\\/logo\\\/image\\\/\",\"url\":\"https:\\\/\\\/shop.bantam.ch\\\/wp-content\\\/uploads\\\/2022\\\/12\\\/bantam-logo.png\",\"contentUrl\":\"https:\\\/\\\/shop.bantam.ch\\\/wp-content\\\/uploads\\\/2022\\\/12\\\/bantam-logo.png\",\"width\":320,\"height\":71,\"caption\":\"Bantam Wankm\u00fcller SA\"},\"image\":{\"@id\":\"https:\\\/\\\/shop.bantam.ch\\\/fr\\\/#\\\/schema\\\/logo\\\/image\\\/\"}}]}<\/script>\n<!-- \/ Yoast SEO plugin. -->","yoast_head_json":{"title":"Rally AIR Pro 260 DA Dometic - Bantam Wankm\u00fcller SA","robots":{"index":"index","follow":"follow","max-snippet":"max-snippet:-1","max-image-preview":"max-image-preview:large","max-video-preview":"max-video-preview:-1"},"canonical":"https:\/\/shop.bantam.ch\/fr\/produit\/rally-air-pro-260-da-dometic\/","og_locale":"fr_FR","og_type":"article","og_title":"Rally AIR Pro 260 DA Dometic - Bantam Wankm\u00fcller SA","og_description":"Auvent ind\u00e9pendant gonflable, largeur 2,6 m Con\u00e7u pour s\u2019adapter \u00e0 une large gamme de v\u00e9hicules, le Rally AIR D\/A vous permet de laisser votre auvent sur place pendant que vous explorez les alentours. Il est \u00e9galement facile \u00e0 configurer, gr\u00e2ce \u00e0 la technologie Air Frame \u00e0 un seul point de gonflage. La technologie Air Frame [&hellip;]","og_url":"https:\/\/shop.bantam.ch\/fr\/produit\/rally-air-pro-260-da-dometic\/","og_site_name":"Bantam Wankm\u00fcller SA","article_modified_time":"2026-04-18T20:53:47+00:00","og_image":[{"width":600,"height":600,"url":"https:\/\/shop.bantam.ch\/wp-content\/uploads\/2023\/08\/9120001137_72_1202110.jpg","type":"image\/jpeg"}],"twitter_card":"summary_large_image","twitter_misc":{"Dur\u00e9e de lecture estim\u00e9e":"1 minute"},"schema":{"@context":"https:\/\/schema.org","@graph":[{"@type":"WebPage","@id":"https:\/\/shop.bantam.ch\/fr\/produit\/rally-air-pro-260-da-dometic\/","url":"https:\/\/shop.bantam.ch\/fr\/produit\/rally-air-pro-260-da-dometic\/","name":"Rally AIR Pro 260 DA Dometic - Bantam Wankm\u00fcller SA","isPartOf":{"@id":"https:\/\/shop.bantam.ch\/fr\/#website"},"primaryImageOfPage":{"@id":"https:\/\/shop.bantam.ch\/fr\/produit\/rally-air-pro-260-da-dometic\/#primaryimage"},"image":{"@id":"https:\/\/shop.bantam.ch\/fr\/produit\/rally-air-pro-260-da-dometic\/#primaryimage"},"thumbnailUrl":"https:\/\/shop.bantam.ch\/wp-content\/uploads\/2023\/08\/9120001137_72_1202110.jpg","datePublished":"2023-08-31T10:18:34+00:00","dateModified":"2026-04-18T20:53:47+00:00","breadcrumb":{"@id":"https:\/\/shop.bantam.ch\/fr\/produit\/rally-air-pro-260-da-dometic\/#breadcrumb"},"inLanguage":"fr-FR","potentialAction":[{"@type":"ReadAction","target":["https:\/\/shop.bantam.ch\/fr\/produit\/rally-air-pro-260-da-dometic\/"]}]},{"@type":"ImageObject","inLanguage":"fr-FR","@id":"https:\/\/shop.bantam.ch\/fr\/produit\/rally-air-pro-260-da-dometic\/#primaryimage","url":"https:\/\/shop.bantam.ch\/wp-content\/uploads\/2023\/08\/9120001137_72_1202110.jpg","contentUrl":"https:\/\/shop.bantam.ch\/wp-content\/uploads\/2023\/08\/9120001137_72_1202110.jpg","width":600,"height":600},{"@type":"BreadcrumbList","@id":"https:\/\/shop.bantam.ch\/fr\/produit\/rally-air-pro-260-da-dometic\/#breadcrumb","itemListElement":[{"@type":"ListItem","position":1,"name":"Accueil","item":"https:\/\/shop.bantam.ch\/fr\/"},{"@type":"ListItem","position":2,"name":"Boutique","item":"https:\/\/shop.bantam.ch\/fr\/boutique\/"},{"@type":"ListItem","position":3,"name":"Rally AIR Pro 260 DA Dometic"}]},{"@type":"WebSite","@id":"https:\/\/shop.bantam.ch\/fr\/#website","url":"https:\/\/shop.bantam.ch\/fr\/","name":"Bantam Wankm\u00fcller SA","description":"","publisher":{"@id":"https:\/\/shop.bantam.ch\/fr\/#organization"},"inLanguage":"fr-FR"},{"@type":"Organization","@id":"https:\/\/shop.bantam.ch\/fr\/#organization","name":"Bantam Wankm\u00fcller SA","url":"https:\/\/shop.bantam.ch\/fr\/","logo":{"@type":"ImageObject","inLanguage":"fr-FR","@id":"https:\/\/shop.bantam.ch\/fr\/#\/schema\/logo\/image\/","url":"https:\/\/shop.bantam.ch\/wp-content\/uploads\/2022\/12\/bantam-logo.png","contentUrl":"https:\/\/shop.bantam.ch\/wp-content\/uploads\/2022\/12\/bantam-logo.png","width":320,"height":71,"caption":"Bantam Wankm\u00fcller SA"},"image":{"@id":"https:\/\/shop.bantam.ch\/fr\/#\/schema\/logo\/image\/"}}]}},"_links":{"self":[{"href":"https:\/\/shop.bantam.ch\/fr\/wp-json\/wp\/v2\/product\/186654","targetHints":{"allow":["GET"]}}],"collection":[{"href":"https:\/\/shop.bantam.ch\/fr\/wp-json\/wp\/v2\/product"}],"about":[{"href":"https:\/\/shop.bantam.ch\/fr\/wp-json\/wp\/v2\/types\/product"}],"wp:featuredmedia":[{"embeddable":true,"href":"https:\/\/shop.bantam.ch\/fr\/wp-json\/wp\/v2\/media\/186652"}],"wp:attachment":[{"href":"https:\/\/shop.bantam.ch\/fr\/wp-json\/wp\/v2\/media?parent=186654"}],"wp:term":[{"taxonomy":"product_featured_cat","embeddable":true,"href":"https:\/\/shop.bantam.ch\/fr\/wp-json\/wp\/v2\/product_featured_cat?post=186654"},{"taxonomy":"product_brand","embeddable":true,"href":"https:\/\/shop.bantam.ch\/fr\/wp-json\/wp\/v2\/product_brand?post=186654"},{"taxonomy":"product_cat","embeddable":true,"href":"https:\/\/shop.bantam.ch\/fr\/wp-json\/wp\/v2\/product_cat?post=186654"},{"taxonomy":"product_tag","embeddable":true,"href":"https:\/\/shop.bantam.ch\/fr\/wp-json\/wp\/v2\/product_tag?post=186654"}],"curies":[{"name":"wp","href":"https:\/\/api.w.org\/{rel}","templated":true}]}}