{"id":186610,"date":"2023-08-30T17:00:18","date_gmt":"2023-08-30T15:00:18","guid":{"rendered":"https:\/\/shop.bantam.ch\/produit\/club-air-pro-330-s-dometic\/"},"modified":"2026-04-18T22:53:41","modified_gmt":"2026-04-18T20:53:41","slug":"club-air-pro-330-s-dometic","status":"publish","type":"product","link":"https:\/\/shop.bantam.ch\/fr\/produit\/club-air-pro-330-s-dometic\/","title":{"rendered":"Club AIR Pro 330 S Dometic"},"content":{"rendered":"<p>Auvent gonflable statique, largeur 3,3 m<br \/>\nLe Club AIR Pro est imm\u00e9diatement reconnaissable gr\u00e2ce \u00e0 son sommet de toiture Dual-Pitch\u2122 et \u00e0 sa casquette int\u00e9gr\u00e9e. La configuration intelligente du panneau avant offre deux portes d\u2019entr\u00e9e. Vous pouvez \u00e9galement d\u00e9faire la fermeture \u00e9clair et retirer les panneaux pour ouvrir l&rsquo;auvent en version v\u00e9randa.<br \/>\nLa technologie Air Frame \u00e0 gonflage en un seul point garantit la solidit\u00e9 de la structure et sa facilit\u00e9 d\u2019installation<br \/>\nSolide mais l\u00e9ger, le mat\u00e9riau Weathershield\u2122 Pro a fait ses preuves dans de nombreux environnements<br \/>\nLe toit Dual-Pitch augmente la hauteur sous plafond, assure une d\u00e9viation du vent et une \u00e9vacuation de l\u2019eau efficaces.<br \/>\nLe syst\u00e8me multi-hauteurs garantit une adaptation parfaite au v\u00e9hicule<br \/>\nLa configuration polyvalente vous permet d\u2019ouvrir le store ext\u00e9rieur dans un style de v\u00e9randa<br \/>\nDimensions profondeur du produit 2750 mm<br \/>\nDimensions hauteur du produit 2650 mm<br \/>\nDimensions largeur du produit 3300 mm<br \/>\nPoids net 27 kg<\/p>\n","protected":false},"excerpt":{"rendered":"<p>Auvent gonflable statique, largeur 3,3 m Le Club AIR Pro est imm\u00e9diatement reconnaissable gr\u00e2ce \u00e0 son sommet de toiture Dual-Pitch\u2122 et \u00e0 sa casquette int\u00e9gr\u00e9e. La configuration intelligente du panneau avant offre deux portes d\u2019entr\u00e9e. Vous pouvez \u00e9galement d\u00e9faire la fermeture \u00e9clair et retirer les panneaux pour ouvrir l&rsquo;auvent en version v\u00e9randa. La technologie Air [&hellip;]<\/p>\n","protected":false},"featured_media":186608,"template":"","meta":{"_acf_changed":false},"product_featured_cat":[],"product_brand":[3028],"product_cat":[4247],"product_tag":[],"class_list":{"0":"post-186610","1":"product","2":"type-product","3":"status-publish","4":"has-post-thumbnail","6":"product_brand-dometic","7":"product_cat-auvents","9":"first","10":"instock","11":"taxable","12":"shipping-taxable","13":"purchasable","14":"product-type-simple"},"acf":[],"yoast_head":"<!-- This site is optimized with the Yoast SEO plugin v27.4 - https:\/\/yoast.com\/product\/yoast-seo-wordpress\/ -->\n<title>Club AIR Pro 330 S Dometic - Bantam Wankm\u00fcller SA<\/title>\n<meta name=\"robots\" content=\"index, follow, max-snippet:-1, max-image-preview:large, max-video-preview:-1\" \/>\n<link rel=\"canonical\" href=\"https:\/\/shop.bantam.ch\/fr\/produit\/club-air-pro-330-s-dometic\/\" \/>\n<meta property=\"og:locale\" content=\"fr_FR\" \/>\n<meta property=\"og:type\" content=\"article\" \/>\n<meta property=\"og:title\" content=\"Club AIR Pro 330 S Dometic - Bantam Wankm\u00fcller SA\" \/>\n<meta property=\"og:description\" content=\"Auvent gonflable statique, largeur 3,3 m Le Club AIR Pro est imm\u00e9diatement reconnaissable gr\u00e2ce \u00e0 son sommet de toiture Dual-Pitch\u2122 et \u00e0 sa casquette int\u00e9gr\u00e9e. La configuration intelligente du panneau avant offre deux portes d\u2019entr\u00e9e. Vous pouvez \u00e9galement d\u00e9faire la fermeture \u00e9clair et retirer les panneaux pour ouvrir l&rsquo;auvent en version v\u00e9randa. La technologie Air [&hellip;]\" \/>\n<meta property=\"og:url\" content=\"https:\/\/shop.bantam.ch\/fr\/produit\/club-air-pro-330-s-dometic\/\" \/>\n<meta property=\"og:site_name\" content=\"Bantam Wankm\u00fcller SA\" \/>\n<meta property=\"article:modified_time\" content=\"2026-04-18T20:53:41+00:00\" \/>\n<meta property=\"og:image\" content=\"https:\/\/shop.bantam.ch\/wp-content\/uploads\/2023\/08\/9120001115_72_15022079_ok.jpg\" \/>\n\t<meta property=\"og:image:width\" content=\"600\" \/>\n\t<meta property=\"og:image:height\" content=\"608\" \/>\n\t<meta property=\"og:image:type\" content=\"image\/jpeg\" \/>\n<meta name=\"twitter:card\" content=\"summary_large_image\" \/>\n<meta name=\"twitter:label1\" content=\"Dur\u00e9e de lecture estim\u00e9e\" \/>\n\t<meta name=\"twitter:data1\" content=\"1 minute\" \/>\n<script type=\"application\/ld+json\" class=\"yoast-schema-graph\">{\"@context\":\"https:\\\/\\\/schema.org\",\"@graph\":[{\"@type\":\"WebPage\",\"@id\":\"https:\\\/\\\/shop.bantam.ch\\\/fr\\\/produit\\\/club-air-pro-330-s-dometic\\\/\",\"url\":\"https:\\\/\\\/shop.bantam.ch\\\/fr\\\/produit\\\/club-air-pro-330-s-dometic\\\/\",\"name\":\"Club AIR Pro 330 S Dometic - Bantam Wankm\u00fcller SA\",\"isPartOf\":{\"@id\":\"https:\\\/\\\/shop.bantam.ch\\\/fr\\\/#website\"},\"primaryImageOfPage\":{\"@id\":\"https:\\\/\\\/shop.bantam.ch\\\/fr\\\/produit\\\/club-air-pro-330-s-dometic\\\/#primaryimage\"},\"image\":{\"@id\":\"https:\\\/\\\/shop.bantam.ch\\\/fr\\\/produit\\\/club-air-pro-330-s-dometic\\\/#primaryimage\"},\"thumbnailUrl\":\"https:\\\/\\\/shop.bantam.ch\\\/wp-content\\\/uploads\\\/2023\\\/08\\\/9120001115_72_15022079_ok.jpg\",\"datePublished\":\"2023-08-30T15:00:18+00:00\",\"dateModified\":\"2026-04-18T20:53:41+00:00\",\"breadcrumb\":{\"@id\":\"https:\\\/\\\/shop.bantam.ch\\\/fr\\\/produit\\\/club-air-pro-330-s-dometic\\\/#breadcrumb\"},\"inLanguage\":\"fr-FR\",\"potentialAction\":[{\"@type\":\"ReadAction\",\"target\":[\"https:\\\/\\\/shop.bantam.ch\\\/fr\\\/produit\\\/club-air-pro-330-s-dometic\\\/\"]}]},{\"@type\":\"ImageObject\",\"inLanguage\":\"fr-FR\",\"@id\":\"https:\\\/\\\/shop.bantam.ch\\\/fr\\\/produit\\\/club-air-pro-330-s-dometic\\\/#primaryimage\",\"url\":\"https:\\\/\\\/shop.bantam.ch\\\/wp-content\\\/uploads\\\/2023\\\/08\\\/9120001115_72_15022079_ok.jpg\",\"contentUrl\":\"https:\\\/\\\/shop.bantam.ch\\\/wp-content\\\/uploads\\\/2023\\\/08\\\/9120001115_72_15022079_ok.jpg\",\"width\":600,\"height\":608},{\"@type\":\"BreadcrumbList\",\"@id\":\"https:\\\/\\\/shop.bantam.ch\\\/fr\\\/produit\\\/club-air-pro-330-s-dometic\\\/#breadcrumb\",\"itemListElement\":[{\"@type\":\"ListItem\",\"position\":1,\"name\":\"Accueil\",\"item\":\"https:\\\/\\\/shop.bantam.ch\\\/fr\\\/\"},{\"@type\":\"ListItem\",\"position\":2,\"name\":\"Boutique\",\"item\":\"https:\\\/\\\/shop.bantam.ch\\\/fr\\\/boutique\\\/\"},{\"@type\":\"ListItem\",\"position\":3,\"name\":\"Club AIR Pro 330 S Dometic\"}]},{\"@type\":\"WebSite\",\"@id\":\"https:\\\/\\\/shop.bantam.ch\\\/fr\\\/#website\",\"url\":\"https:\\\/\\\/shop.bantam.ch\\\/fr\\\/\",\"name\":\"Bantam Wankm\u00fcller SA\",\"description\":\"\",\"publisher\":{\"@id\":\"https:\\\/\\\/shop.bantam.ch\\\/fr\\\/#organization\"},\"inLanguage\":\"fr-FR\"},{\"@type\":\"Organization\",\"@id\":\"https:\\\/\\\/shop.bantam.ch\\\/fr\\\/#organization\",\"name\":\"Bantam Wankm\u00fcller SA\",\"url\":\"https:\\\/\\\/shop.bantam.ch\\\/fr\\\/\",\"logo\":{\"@type\":\"ImageObject\",\"inLanguage\":\"fr-FR\",\"@id\":\"https:\\\/\\\/shop.bantam.ch\\\/fr\\\/#\\\/schema\\\/logo\\\/image\\\/\",\"url\":\"https:\\\/\\\/shop.bantam.ch\\\/wp-content\\\/uploads\\\/2022\\\/12\\\/bantam-logo.png\",\"contentUrl\":\"https:\\\/\\\/shop.bantam.ch\\\/wp-content\\\/uploads\\\/2022\\\/12\\\/bantam-logo.png\",\"width\":320,\"height\":71,\"caption\":\"Bantam Wankm\u00fcller SA\"},\"image\":{\"@id\":\"https:\\\/\\\/shop.bantam.ch\\\/fr\\\/#\\\/schema\\\/logo\\\/image\\\/\"}}]}<\/script>\n<!-- \/ Yoast SEO plugin. -->","yoast_head_json":{"title":"Club AIR Pro 330 S Dometic - Bantam Wankm\u00fcller SA","robots":{"index":"index","follow":"follow","max-snippet":"max-snippet:-1","max-image-preview":"max-image-preview:large","max-video-preview":"max-video-preview:-1"},"canonical":"https:\/\/shop.bantam.ch\/fr\/produit\/club-air-pro-330-s-dometic\/","og_locale":"fr_FR","og_type":"article","og_title":"Club AIR Pro 330 S Dometic - Bantam Wankm\u00fcller SA","og_description":"Auvent gonflable statique, largeur 3,3 m Le Club AIR Pro est imm\u00e9diatement reconnaissable gr\u00e2ce \u00e0 son sommet de toiture Dual-Pitch\u2122 et \u00e0 sa casquette int\u00e9gr\u00e9e. La configuration intelligente du panneau avant offre deux portes d\u2019entr\u00e9e. Vous pouvez \u00e9galement d\u00e9faire la fermeture \u00e9clair et retirer les panneaux pour ouvrir l&rsquo;auvent en version v\u00e9randa. La technologie Air [&hellip;]","og_url":"https:\/\/shop.bantam.ch\/fr\/produit\/club-air-pro-330-s-dometic\/","og_site_name":"Bantam Wankm\u00fcller SA","article_modified_time":"2026-04-18T20:53:41+00:00","og_image":[{"width":600,"height":608,"url":"https:\/\/shop.bantam.ch\/wp-content\/uploads\/2023\/08\/9120001115_72_15022079_ok.jpg","type":"image\/jpeg"}],"twitter_card":"summary_large_image","twitter_misc":{"Dur\u00e9e de lecture estim\u00e9e":"1 minute"},"schema":{"@context":"https:\/\/schema.org","@graph":[{"@type":"WebPage","@id":"https:\/\/shop.bantam.ch\/fr\/produit\/club-air-pro-330-s-dometic\/","url":"https:\/\/shop.bantam.ch\/fr\/produit\/club-air-pro-330-s-dometic\/","name":"Club AIR Pro 330 S Dometic - Bantam Wankm\u00fcller SA","isPartOf":{"@id":"https:\/\/shop.bantam.ch\/fr\/#website"},"primaryImageOfPage":{"@id":"https:\/\/shop.bantam.ch\/fr\/produit\/club-air-pro-330-s-dometic\/#primaryimage"},"image":{"@id":"https:\/\/shop.bantam.ch\/fr\/produit\/club-air-pro-330-s-dometic\/#primaryimage"},"thumbnailUrl":"https:\/\/shop.bantam.ch\/wp-content\/uploads\/2023\/08\/9120001115_72_15022079_ok.jpg","datePublished":"2023-08-30T15:00:18+00:00","dateModified":"2026-04-18T20:53:41+00:00","breadcrumb":{"@id":"https:\/\/shop.bantam.ch\/fr\/produit\/club-air-pro-330-s-dometic\/#breadcrumb"},"inLanguage":"fr-FR","potentialAction":[{"@type":"ReadAction","target":["https:\/\/shop.bantam.ch\/fr\/produit\/club-air-pro-330-s-dometic\/"]}]},{"@type":"ImageObject","inLanguage":"fr-FR","@id":"https:\/\/shop.bantam.ch\/fr\/produit\/club-air-pro-330-s-dometic\/#primaryimage","url":"https:\/\/shop.bantam.ch\/wp-content\/uploads\/2023\/08\/9120001115_72_15022079_ok.jpg","contentUrl":"https:\/\/shop.bantam.ch\/wp-content\/uploads\/2023\/08\/9120001115_72_15022079_ok.jpg","width":600,"height":608},{"@type":"BreadcrumbList","@id":"https:\/\/shop.bantam.ch\/fr\/produit\/club-air-pro-330-s-dometic\/#breadcrumb","itemListElement":[{"@type":"ListItem","position":1,"name":"Accueil","item":"https:\/\/shop.bantam.ch\/fr\/"},{"@type":"ListItem","position":2,"name":"Boutique","item":"https:\/\/shop.bantam.ch\/fr\/boutique\/"},{"@type":"ListItem","position":3,"name":"Club AIR Pro 330 S Dometic"}]},{"@type":"WebSite","@id":"https:\/\/shop.bantam.ch\/fr\/#website","url":"https:\/\/shop.bantam.ch\/fr\/","name":"Bantam Wankm\u00fcller SA","description":"","publisher":{"@id":"https:\/\/shop.bantam.ch\/fr\/#organization"},"inLanguage":"fr-FR"},{"@type":"Organization","@id":"https:\/\/shop.bantam.ch\/fr\/#organization","name":"Bantam Wankm\u00fcller SA","url":"https:\/\/shop.bantam.ch\/fr\/","logo":{"@type":"ImageObject","inLanguage":"fr-FR","@id":"https:\/\/shop.bantam.ch\/fr\/#\/schema\/logo\/image\/","url":"https:\/\/shop.bantam.ch\/wp-content\/uploads\/2022\/12\/bantam-logo.png","contentUrl":"https:\/\/shop.bantam.ch\/wp-content\/uploads\/2022\/12\/bantam-logo.png","width":320,"height":71,"caption":"Bantam Wankm\u00fcller SA"},"image":{"@id":"https:\/\/shop.bantam.ch\/fr\/#\/schema\/logo\/image\/"}}]}},"_links":{"self":[{"href":"https:\/\/shop.bantam.ch\/fr\/wp-json\/wp\/v2\/product\/186610","targetHints":{"allow":["GET"]}}],"collection":[{"href":"https:\/\/shop.bantam.ch\/fr\/wp-json\/wp\/v2\/product"}],"about":[{"href":"https:\/\/shop.bantam.ch\/fr\/wp-json\/wp\/v2\/types\/product"}],"wp:featuredmedia":[{"embeddable":true,"href":"https:\/\/shop.bantam.ch\/fr\/wp-json\/wp\/v2\/media\/186608"}],"wp:attachment":[{"href":"https:\/\/shop.bantam.ch\/fr\/wp-json\/wp\/v2\/media?parent=186610"}],"wp:term":[{"taxonomy":"product_featured_cat","embeddable":true,"href":"https:\/\/shop.bantam.ch\/fr\/wp-json\/wp\/v2\/product_featured_cat?post=186610"},{"taxonomy":"product_brand","embeddable":true,"href":"https:\/\/shop.bantam.ch\/fr\/wp-json\/wp\/v2\/product_brand?post=186610"},{"taxonomy":"product_cat","embeddable":true,"href":"https:\/\/shop.bantam.ch\/fr\/wp-json\/wp\/v2\/product_cat?post=186610"},{"taxonomy":"product_tag","embeddable":true,"href":"https:\/\/shop.bantam.ch\/fr\/wp-json\/wp\/v2\/product_tag?post=186610"}],"curies":[{"name":"wp","href":"https:\/\/api.w.org\/{rel}","templated":true}]}}