{"id":186588,"date":"2023-08-30T15:29:25","date_gmt":"2023-08-30T13:29:25","guid":{"rendered":"https:\/\/shop.bantam.ch\/produit\/deluxe-canopy-pole-set-dometic\/"},"modified":"2026-04-18T22:53:40","modified_gmt":"2026-04-18T20:53:40","slug":"deluxe-canopy-pole-set-dometic","status":"publish","type":"product","link":"https:\/\/shop.bantam.ch\/fr\/produit\/deluxe-canopy-pole-set-dometic\/","title":{"rendered":"Deluxe Canopy Pole Set Dometic"},"content":{"rendered":"<p>Accessoire pour auvent<br \/>\nCr\u00e9ez instantan\u00e9ment une protection avec notre ensemble d\u2019auvent int\u00e9gralement r\u00e9glable. Adapt\u00e9 aux auvents de 90 \u00e0 230 cm de hauteur, sa conception en aluminium \u00e9vite la corrosion et est plus l\u00e9g\u00e8re.<br \/>\nConception en aluminium<br \/>\nVerrouillage pivotant<br \/>\nLongueur int\u00e9gralement r\u00e9glable de 90 \u00e0 230 cm<br \/>\nConception en aluminium l\u00e9g\u00e8re et durable<br \/>\nEnti\u00e8rement r\u00e9glable<\/p>\n","protected":false},"excerpt":{"rendered":"<p>Accessoire pour auvent Cr\u00e9ez instantan\u00e9ment une protection avec notre ensemble d\u2019auvent int\u00e9gralement r\u00e9glable. Adapt\u00e9 aux auvents de 90 \u00e0 230 cm de hauteur, sa conception en aluminium \u00e9vite la corrosion et est plus l\u00e9g\u00e8re. Conception en aluminium Verrouillage pivotant Longueur int\u00e9gralement r\u00e9glable de 90 \u00e0 230 cm Conception en aluminium l\u00e9g\u00e8re et durable Enti\u00e8rement r\u00e9glable<\/p>\n","protected":false},"featured_media":186586,"template":"","meta":{"_acf_changed":false},"product_featured_cat":[],"product_brand":[3028],"product_cat":[3987],"product_tag":[],"class_list":{"0":"post-186588","1":"product","2":"type-product","3":"status-publish","4":"has-post-thumbnail","6":"product_brand-dometic","7":"product_cat-accessoires-pour-tentes-et-auvents","9":"first","10":"instock","11":"taxable","12":"shipping-taxable","13":"purchasable","14":"product-type-simple"},"acf":[],"yoast_head":"<!-- This site is optimized with the Yoast SEO plugin v27.4 - https:\/\/yoast.com\/product\/yoast-seo-wordpress\/ -->\n<title>Deluxe Canopy Pole Set Dometic - Bantam Wankm\u00fcller SA<\/title>\n<meta name=\"robots\" content=\"index, follow, max-snippet:-1, max-image-preview:large, max-video-preview:-1\" \/>\n<link rel=\"canonical\" href=\"https:\/\/shop.bantam.ch\/fr\/produit\/deluxe-canopy-pole-set-dometic\/\" \/>\n<meta property=\"og:locale\" content=\"fr_FR\" \/>\n<meta property=\"og:type\" content=\"article\" \/>\n<meta property=\"og:title\" content=\"Deluxe Canopy Pole Set Dometic - Bantam Wankm\u00fcller SA\" \/>\n<meta property=\"og:description\" content=\"Accessoire pour auvent Cr\u00e9ez instantan\u00e9ment une protection avec notre ensemble d\u2019auvent int\u00e9gralement r\u00e9glable. Adapt\u00e9 aux auvents de 90 \u00e0 230 cm de hauteur, sa conception en aluminium \u00e9vite la corrosion et est plus l\u00e9g\u00e8re. Conception en aluminium Verrouillage pivotant Longueur int\u00e9gralement r\u00e9glable de 90 \u00e0 230 cm Conception en aluminium l\u00e9g\u00e8re et durable Enti\u00e8rement r\u00e9glable\" \/>\n<meta property=\"og:url\" content=\"https:\/\/shop.bantam.ch\/fr\/produit\/deluxe-canopy-pole-set-dometic\/\" \/>\n<meta property=\"og:site_name\" content=\"Bantam Wankm\u00fcller SA\" \/>\n<meta property=\"article:modified_time\" content=\"2026-04-18T20:53:40+00:00\" \/>\n<meta property=\"og:image\" content=\"https:\/\/shop.bantam.ch\/wp-content\/uploads\/2023\/08\/AC0336-9120000436-p400_72_15021092_ok.jpg\" \/>\n\t<meta property=\"og:image:width\" content=\"600\" \/>\n\t<meta property=\"og:image:height\" content=\"600\" \/>\n\t<meta property=\"og:image:type\" content=\"image\/jpeg\" \/>\n<meta name=\"twitter:card\" content=\"summary_large_image\" \/>\n<script type=\"application\/ld+json\" class=\"yoast-schema-graph\">{\"@context\":\"https:\\\/\\\/schema.org\",\"@graph\":[{\"@type\":\"WebPage\",\"@id\":\"https:\\\/\\\/shop.bantam.ch\\\/fr\\\/produit\\\/deluxe-canopy-pole-set-dometic\\\/\",\"url\":\"https:\\\/\\\/shop.bantam.ch\\\/fr\\\/produit\\\/deluxe-canopy-pole-set-dometic\\\/\",\"name\":\"Deluxe Canopy Pole Set Dometic - Bantam Wankm\u00fcller SA\",\"isPartOf\":{\"@id\":\"https:\\\/\\\/shop.bantam.ch\\\/fr\\\/#website\"},\"primaryImageOfPage\":{\"@id\":\"https:\\\/\\\/shop.bantam.ch\\\/fr\\\/produit\\\/deluxe-canopy-pole-set-dometic\\\/#primaryimage\"},\"image\":{\"@id\":\"https:\\\/\\\/shop.bantam.ch\\\/fr\\\/produit\\\/deluxe-canopy-pole-set-dometic\\\/#primaryimage\"},\"thumbnailUrl\":\"https:\\\/\\\/shop.bantam.ch\\\/wp-content\\\/uploads\\\/2023\\\/08\\\/AC0336-9120000436-p400_72_15021092_ok.jpg\",\"datePublished\":\"2023-08-30T13:29:25+00:00\",\"dateModified\":\"2026-04-18T20:53:40+00:00\",\"breadcrumb\":{\"@id\":\"https:\\\/\\\/shop.bantam.ch\\\/fr\\\/produit\\\/deluxe-canopy-pole-set-dometic\\\/#breadcrumb\"},\"inLanguage\":\"fr-FR\",\"potentialAction\":[{\"@type\":\"ReadAction\",\"target\":[\"https:\\\/\\\/shop.bantam.ch\\\/fr\\\/produit\\\/deluxe-canopy-pole-set-dometic\\\/\"]}]},{\"@type\":\"ImageObject\",\"inLanguage\":\"fr-FR\",\"@id\":\"https:\\\/\\\/shop.bantam.ch\\\/fr\\\/produit\\\/deluxe-canopy-pole-set-dometic\\\/#primaryimage\",\"url\":\"https:\\\/\\\/shop.bantam.ch\\\/wp-content\\\/uploads\\\/2023\\\/08\\\/AC0336-9120000436-p400_72_15021092_ok.jpg\",\"contentUrl\":\"https:\\\/\\\/shop.bantam.ch\\\/wp-content\\\/uploads\\\/2023\\\/08\\\/AC0336-9120000436-p400_72_15021092_ok.jpg\",\"width\":600,\"height\":600},{\"@type\":\"BreadcrumbList\",\"@id\":\"https:\\\/\\\/shop.bantam.ch\\\/fr\\\/produit\\\/deluxe-canopy-pole-set-dometic\\\/#breadcrumb\",\"itemListElement\":[{\"@type\":\"ListItem\",\"position\":1,\"name\":\"Accueil\",\"item\":\"https:\\\/\\\/shop.bantam.ch\\\/fr\\\/\"},{\"@type\":\"ListItem\",\"position\":2,\"name\":\"Boutique\",\"item\":\"https:\\\/\\\/shop.bantam.ch\\\/fr\\\/boutique\\\/\"},{\"@type\":\"ListItem\",\"position\":3,\"name\":\"Deluxe Canopy Pole Set Dometic\"}]},{\"@type\":\"WebSite\",\"@id\":\"https:\\\/\\\/shop.bantam.ch\\\/fr\\\/#website\",\"url\":\"https:\\\/\\\/shop.bantam.ch\\\/fr\\\/\",\"name\":\"Bantam Wankm\u00fcller SA\",\"description\":\"\",\"publisher\":{\"@id\":\"https:\\\/\\\/shop.bantam.ch\\\/fr\\\/#organization\"},\"inLanguage\":\"fr-FR\"},{\"@type\":\"Organization\",\"@id\":\"https:\\\/\\\/shop.bantam.ch\\\/fr\\\/#organization\",\"name\":\"Bantam Wankm\u00fcller SA\",\"url\":\"https:\\\/\\\/shop.bantam.ch\\\/fr\\\/\",\"logo\":{\"@type\":\"ImageObject\",\"inLanguage\":\"fr-FR\",\"@id\":\"https:\\\/\\\/shop.bantam.ch\\\/fr\\\/#\\\/schema\\\/logo\\\/image\\\/\",\"url\":\"https:\\\/\\\/shop.bantam.ch\\\/wp-content\\\/uploads\\\/2022\\\/12\\\/bantam-logo.png\",\"contentUrl\":\"https:\\\/\\\/shop.bantam.ch\\\/wp-content\\\/uploads\\\/2022\\\/12\\\/bantam-logo.png\",\"width\":320,\"height\":71,\"caption\":\"Bantam Wankm\u00fcller SA\"},\"image\":{\"@id\":\"https:\\\/\\\/shop.bantam.ch\\\/fr\\\/#\\\/schema\\\/logo\\\/image\\\/\"}}]}<\/script>\n<!-- \/ Yoast SEO plugin. -->","yoast_head_json":{"title":"Deluxe Canopy Pole Set Dometic - Bantam Wankm\u00fcller SA","robots":{"index":"index","follow":"follow","max-snippet":"max-snippet:-1","max-image-preview":"max-image-preview:large","max-video-preview":"max-video-preview:-1"},"canonical":"https:\/\/shop.bantam.ch\/fr\/produit\/deluxe-canopy-pole-set-dometic\/","og_locale":"fr_FR","og_type":"article","og_title":"Deluxe Canopy Pole Set Dometic - Bantam Wankm\u00fcller SA","og_description":"Accessoire pour auvent Cr\u00e9ez instantan\u00e9ment une protection avec notre ensemble d\u2019auvent int\u00e9gralement r\u00e9glable. Adapt\u00e9 aux auvents de 90 \u00e0 230 cm de hauteur, sa conception en aluminium \u00e9vite la corrosion et est plus l\u00e9g\u00e8re. Conception en aluminium Verrouillage pivotant Longueur int\u00e9gralement r\u00e9glable de 90 \u00e0 230 cm Conception en aluminium l\u00e9g\u00e8re et durable Enti\u00e8rement r\u00e9glable","og_url":"https:\/\/shop.bantam.ch\/fr\/produit\/deluxe-canopy-pole-set-dometic\/","og_site_name":"Bantam Wankm\u00fcller SA","article_modified_time":"2026-04-18T20:53:40+00:00","og_image":[{"width":600,"height":600,"url":"https:\/\/shop.bantam.ch\/wp-content\/uploads\/2023\/08\/AC0336-9120000436-p400_72_15021092_ok.jpg","type":"image\/jpeg"}],"twitter_card":"summary_large_image","schema":{"@context":"https:\/\/schema.org","@graph":[{"@type":"WebPage","@id":"https:\/\/shop.bantam.ch\/fr\/produit\/deluxe-canopy-pole-set-dometic\/","url":"https:\/\/shop.bantam.ch\/fr\/produit\/deluxe-canopy-pole-set-dometic\/","name":"Deluxe Canopy Pole Set Dometic - Bantam Wankm\u00fcller SA","isPartOf":{"@id":"https:\/\/shop.bantam.ch\/fr\/#website"},"primaryImageOfPage":{"@id":"https:\/\/shop.bantam.ch\/fr\/produit\/deluxe-canopy-pole-set-dometic\/#primaryimage"},"image":{"@id":"https:\/\/shop.bantam.ch\/fr\/produit\/deluxe-canopy-pole-set-dometic\/#primaryimage"},"thumbnailUrl":"https:\/\/shop.bantam.ch\/wp-content\/uploads\/2023\/08\/AC0336-9120000436-p400_72_15021092_ok.jpg","datePublished":"2023-08-30T13:29:25+00:00","dateModified":"2026-04-18T20:53:40+00:00","breadcrumb":{"@id":"https:\/\/shop.bantam.ch\/fr\/produit\/deluxe-canopy-pole-set-dometic\/#breadcrumb"},"inLanguage":"fr-FR","potentialAction":[{"@type":"ReadAction","target":["https:\/\/shop.bantam.ch\/fr\/produit\/deluxe-canopy-pole-set-dometic\/"]}]},{"@type":"ImageObject","inLanguage":"fr-FR","@id":"https:\/\/shop.bantam.ch\/fr\/produit\/deluxe-canopy-pole-set-dometic\/#primaryimage","url":"https:\/\/shop.bantam.ch\/wp-content\/uploads\/2023\/08\/AC0336-9120000436-p400_72_15021092_ok.jpg","contentUrl":"https:\/\/shop.bantam.ch\/wp-content\/uploads\/2023\/08\/AC0336-9120000436-p400_72_15021092_ok.jpg","width":600,"height":600},{"@type":"BreadcrumbList","@id":"https:\/\/shop.bantam.ch\/fr\/produit\/deluxe-canopy-pole-set-dometic\/#breadcrumb","itemListElement":[{"@type":"ListItem","position":1,"name":"Accueil","item":"https:\/\/shop.bantam.ch\/fr\/"},{"@type":"ListItem","position":2,"name":"Boutique","item":"https:\/\/shop.bantam.ch\/fr\/boutique\/"},{"@type":"ListItem","position":3,"name":"Deluxe Canopy Pole Set Dometic"}]},{"@type":"WebSite","@id":"https:\/\/shop.bantam.ch\/fr\/#website","url":"https:\/\/shop.bantam.ch\/fr\/","name":"Bantam Wankm\u00fcller SA","description":"","publisher":{"@id":"https:\/\/shop.bantam.ch\/fr\/#organization"},"inLanguage":"fr-FR"},{"@type":"Organization","@id":"https:\/\/shop.bantam.ch\/fr\/#organization","name":"Bantam Wankm\u00fcller SA","url":"https:\/\/shop.bantam.ch\/fr\/","logo":{"@type":"ImageObject","inLanguage":"fr-FR","@id":"https:\/\/shop.bantam.ch\/fr\/#\/schema\/logo\/image\/","url":"https:\/\/shop.bantam.ch\/wp-content\/uploads\/2022\/12\/bantam-logo.png","contentUrl":"https:\/\/shop.bantam.ch\/wp-content\/uploads\/2022\/12\/bantam-logo.png","width":320,"height":71,"caption":"Bantam Wankm\u00fcller SA"},"image":{"@id":"https:\/\/shop.bantam.ch\/fr\/#\/schema\/logo\/image\/"}}]}},"_links":{"self":[{"href":"https:\/\/shop.bantam.ch\/fr\/wp-json\/wp\/v2\/product\/186588","targetHints":{"allow":["GET"]}}],"collection":[{"href":"https:\/\/shop.bantam.ch\/fr\/wp-json\/wp\/v2\/product"}],"about":[{"href":"https:\/\/shop.bantam.ch\/fr\/wp-json\/wp\/v2\/types\/product"}],"wp:featuredmedia":[{"embeddable":true,"href":"https:\/\/shop.bantam.ch\/fr\/wp-json\/wp\/v2\/media\/186586"}],"wp:attachment":[{"href":"https:\/\/shop.bantam.ch\/fr\/wp-json\/wp\/v2\/media?parent=186588"}],"wp:term":[{"taxonomy":"product_featured_cat","embeddable":true,"href":"https:\/\/shop.bantam.ch\/fr\/wp-json\/wp\/v2\/product_featured_cat?post=186588"},{"taxonomy":"product_brand","embeddable":true,"href":"https:\/\/shop.bantam.ch\/fr\/wp-json\/wp\/v2\/product_brand?post=186588"},{"taxonomy":"product_cat","embeddable":true,"href":"https:\/\/shop.bantam.ch\/fr\/wp-json\/wp\/v2\/product_cat?post=186588"},{"taxonomy":"product_tag","embeddable":true,"href":"https:\/\/shop.bantam.ch\/fr\/wp-json\/wp\/v2\/product_tag?post=186588"}],"curies":[{"name":"wp","href":"https:\/\/api.w.org\/{rel}","templated":true}]}}