{"id":186550,"date":"2023-08-30T12:22:17","date_gmt":"2023-08-30T10:22:17","guid":{"rendered":"https:\/\/shop.bantam.ch\/produit\/dometic-sabrelink-150-starter-eu\/"},"modified":"2026-04-18T22:53:32","modified_gmt":"2026-04-18T20:53:32","slug":"dometic-sabrelink-150-starter-eu","status":"publish","type":"product","link":"https:\/\/shop.bantam.ch\/fr\/produit\/dometic-sabrelink-150-starter-eu\/","title":{"rendered":"SabreLink 150 Starter EU"},"content":{"rendered":"<p>Dometic\u00a0\u00c9clairage d&rsquo;auvent\u00a0<\/p>\n<p>Ajoutez de la lumi\u00e8re et profitez de vos soir\u00e9es avec SabreLink 150. Utilise une t\u00e9l\u00e9commande pour r\u00e9gler la luminosit\u00e9 et l\u2019allumage\/extinction. Reliez jusqu\u2019\u00e0 trois lumi\u00e8res.<\/p>\n<p>Dometic\u00a0<\/p>\n<p>150\u00a0LED<\/p>\n<p>Luminosit\u00e9 variable<\/p>\n<p>1\u00a0000\u00a0lumens<\/p>\n<p>Reliez jusqu\u2019\u00e0 trois \u00e9clairages \u00e0 l\u2019aide du Raccordement Dometic SabreLink (vendu s\u00e9par\u00e9ment)<\/p>\n<p>R\u00e9glez la luminosit\u00e9 pour cr\u00e9er l\u2019ambiance parfaite<\/p>\n<p>T\u00e9l\u00e9commande pour plus de confort151\u00a0LED conviennent aux repas, pour lire ou pour jouer aux cartes \u00e0 la nuit tomb\u00e9e<\/p>\n<p><\/p>\n","protected":false},"excerpt":{"rendered":"<p>Dometic\u00a0\u00c9clairage d&rsquo;auvent\u00a0 Ajoutez de la lumi\u00e8re et profitez de vos soir\u00e9es avec SabreLink 150. Utilise une t\u00e9l\u00e9commande pour r\u00e9gler la luminosit\u00e9 et l\u2019allumage\/extinction. Reliez jusqu\u2019\u00e0 trois lumi\u00e8res. Dometic\u00a0 150\u00a0LED Luminosit\u00e9 variable 1\u00a0000\u00a0lumens Reliez jusqu\u2019\u00e0 trois \u00e9clairages \u00e0 l\u2019aide du Raccordement Dometic SabreLink (vendu s\u00e9par\u00e9ment) R\u00e9glez la luminosit\u00e9 pour cr\u00e9er l\u2019ambiance parfaite T\u00e9l\u00e9commande pour plus de [&hellip;]<\/p>\n","protected":false},"featured_media":186548,"template":"","meta":{"_acf_changed":false},"product_featured_cat":[],"product_brand":[3028],"product_cat":[3987],"product_tag":[],"class_list":{"0":"post-186550","1":"product","2":"type-product","3":"status-publish","4":"has-post-thumbnail","6":"product_brand-dometic","7":"product_cat-accessoires-pour-tentes-et-auvents","9":"first","10":"instock","11":"taxable","12":"shipping-taxable","13":"purchasable","14":"product-type-simple"},"acf":[],"yoast_head":"<!-- This site is optimized with the Yoast SEO plugin v27.4 - https:\/\/yoast.com\/product\/yoast-seo-wordpress\/ -->\n<title>SabreLink 150 Starter EU - Bantam Wankm\u00fcller SA<\/title>\n<meta name=\"robots\" content=\"index, follow, max-snippet:-1, max-image-preview:large, max-video-preview:-1\" \/>\n<link rel=\"canonical\" href=\"https:\/\/shop.bantam.ch\/fr\/produit\/dometic-sabrelink-150-starter-eu\/\" \/>\n<meta property=\"og:locale\" content=\"fr_FR\" \/>\n<meta property=\"og:type\" content=\"article\" \/>\n<meta property=\"og:title\" content=\"SabreLink 150 Starter EU - Bantam Wankm\u00fcller SA\" \/>\n<meta property=\"og:description\" content=\"Dometic\u00a0\u00c9clairage d&rsquo;auvent\u00a0 Ajoutez de la lumi\u00e8re et profitez de vos soir\u00e9es avec SabreLink 150. Utilise une t\u00e9l\u00e9commande pour r\u00e9gler la luminosit\u00e9 et l\u2019allumage\/extinction. Reliez jusqu\u2019\u00e0 trois lumi\u00e8res. Dometic\u00a0 150\u00a0LED Luminosit\u00e9 variable 1\u00a0000\u00a0lumens Reliez jusqu\u2019\u00e0 trois \u00e9clairages \u00e0 l\u2019aide du Raccordement Dometic SabreLink (vendu s\u00e9par\u00e9ment) R\u00e9glez la luminosit\u00e9 pour cr\u00e9er l\u2019ambiance parfaite T\u00e9l\u00e9commande pour plus de [&hellip;]\" \/>\n<meta property=\"og:url\" content=\"https:\/\/shop.bantam.ch\/fr\/produit\/dometic-sabrelink-150-starter-eu\/\" \/>\n<meta property=\"og:site_name\" content=\"Bantam Wankm\u00fcller SA\" \/>\n<meta property=\"article:modified_time\" content=\"2026-04-18T20:53:32+00:00\" \/>\n<meta property=\"og:image\" content=\"https:\/\/shop.bantam.ch\/wp-content\/uploads\/2023\/08\/LG1031-9120000337-p400_72_15021337.jpg\" \/>\n\t<meta property=\"og:image:width\" content=\"600\" \/>\n\t<meta property=\"og:image:height\" content=\"600\" \/>\n\t<meta property=\"og:image:type\" content=\"image\/jpeg\" \/>\n<meta name=\"twitter:card\" content=\"summary_large_image\" \/>\n<script type=\"application\/ld+json\" class=\"yoast-schema-graph\">{\"@context\":\"https:\\\/\\\/schema.org\",\"@graph\":[{\"@type\":\"WebPage\",\"@id\":\"https:\\\/\\\/shop.bantam.ch\\\/fr\\\/produit\\\/dometic-sabrelink-150-starter-eu\\\/\",\"url\":\"https:\\\/\\\/shop.bantam.ch\\\/fr\\\/produit\\\/dometic-sabrelink-150-starter-eu\\\/\",\"name\":\"SabreLink 150 Starter EU - Bantam Wankm\u00fcller SA\",\"isPartOf\":{\"@id\":\"https:\\\/\\\/shop.bantam.ch\\\/fr\\\/#website\"},\"primaryImageOfPage\":{\"@id\":\"https:\\\/\\\/shop.bantam.ch\\\/fr\\\/produit\\\/dometic-sabrelink-150-starter-eu\\\/#primaryimage\"},\"image\":{\"@id\":\"https:\\\/\\\/shop.bantam.ch\\\/fr\\\/produit\\\/dometic-sabrelink-150-starter-eu\\\/#primaryimage\"},\"thumbnailUrl\":\"https:\\\/\\\/shop.bantam.ch\\\/wp-content\\\/uploads\\\/2023\\\/08\\\/LG1031-9120000337-p400_72_15021337.jpg\",\"datePublished\":\"2023-08-30T10:22:17+00:00\",\"dateModified\":\"2026-04-18T20:53:32+00:00\",\"breadcrumb\":{\"@id\":\"https:\\\/\\\/shop.bantam.ch\\\/fr\\\/produit\\\/dometic-sabrelink-150-starter-eu\\\/#breadcrumb\"},\"inLanguage\":\"fr-FR\",\"potentialAction\":[{\"@type\":\"ReadAction\",\"target\":[\"https:\\\/\\\/shop.bantam.ch\\\/fr\\\/produit\\\/dometic-sabrelink-150-starter-eu\\\/\"]}]},{\"@type\":\"ImageObject\",\"inLanguage\":\"fr-FR\",\"@id\":\"https:\\\/\\\/shop.bantam.ch\\\/fr\\\/produit\\\/dometic-sabrelink-150-starter-eu\\\/#primaryimage\",\"url\":\"https:\\\/\\\/shop.bantam.ch\\\/wp-content\\\/uploads\\\/2023\\\/08\\\/LG1031-9120000337-p400_72_15021337.jpg\",\"contentUrl\":\"https:\\\/\\\/shop.bantam.ch\\\/wp-content\\\/uploads\\\/2023\\\/08\\\/LG1031-9120000337-p400_72_15021337.jpg\",\"width\":600,\"height\":600},{\"@type\":\"BreadcrumbList\",\"@id\":\"https:\\\/\\\/shop.bantam.ch\\\/fr\\\/produit\\\/dometic-sabrelink-150-starter-eu\\\/#breadcrumb\",\"itemListElement\":[{\"@type\":\"ListItem\",\"position\":1,\"name\":\"Accueil\",\"item\":\"https:\\\/\\\/shop.bantam.ch\\\/fr\\\/\"},{\"@type\":\"ListItem\",\"position\":2,\"name\":\"Boutique\",\"item\":\"https:\\\/\\\/shop.bantam.ch\\\/fr\\\/boutique\\\/\"},{\"@type\":\"ListItem\",\"position\":3,\"name\":\"SabreLink 150 Starter EU\"}]},{\"@type\":\"WebSite\",\"@id\":\"https:\\\/\\\/shop.bantam.ch\\\/fr\\\/#website\",\"url\":\"https:\\\/\\\/shop.bantam.ch\\\/fr\\\/\",\"name\":\"Bantam Wankm\u00fcller SA\",\"description\":\"\",\"publisher\":{\"@id\":\"https:\\\/\\\/shop.bantam.ch\\\/fr\\\/#organization\"},\"inLanguage\":\"fr-FR\"},{\"@type\":\"Organization\",\"@id\":\"https:\\\/\\\/shop.bantam.ch\\\/fr\\\/#organization\",\"name\":\"Bantam Wankm\u00fcller SA\",\"url\":\"https:\\\/\\\/shop.bantam.ch\\\/fr\\\/\",\"logo\":{\"@type\":\"ImageObject\",\"inLanguage\":\"fr-FR\",\"@id\":\"https:\\\/\\\/shop.bantam.ch\\\/fr\\\/#\\\/schema\\\/logo\\\/image\\\/\",\"url\":\"https:\\\/\\\/shop.bantam.ch\\\/wp-content\\\/uploads\\\/2022\\\/12\\\/bantam-logo.png\",\"contentUrl\":\"https:\\\/\\\/shop.bantam.ch\\\/wp-content\\\/uploads\\\/2022\\\/12\\\/bantam-logo.png\",\"width\":320,\"height\":71,\"caption\":\"Bantam Wankm\u00fcller SA\"},\"image\":{\"@id\":\"https:\\\/\\\/shop.bantam.ch\\\/fr\\\/#\\\/schema\\\/logo\\\/image\\\/\"}}]}<\/script>\n<!-- \/ Yoast SEO plugin. -->","yoast_head_json":{"title":"SabreLink 150 Starter EU - Bantam Wankm\u00fcller SA","robots":{"index":"index","follow":"follow","max-snippet":"max-snippet:-1","max-image-preview":"max-image-preview:large","max-video-preview":"max-video-preview:-1"},"canonical":"https:\/\/shop.bantam.ch\/fr\/produit\/dometic-sabrelink-150-starter-eu\/","og_locale":"fr_FR","og_type":"article","og_title":"SabreLink 150 Starter EU - Bantam Wankm\u00fcller SA","og_description":"Dometic\u00a0\u00c9clairage d&rsquo;auvent\u00a0 Ajoutez de la lumi\u00e8re et profitez de vos soir\u00e9es avec SabreLink 150. Utilise une t\u00e9l\u00e9commande pour r\u00e9gler la luminosit\u00e9 et l\u2019allumage\/extinction. Reliez jusqu\u2019\u00e0 trois lumi\u00e8res. Dometic\u00a0 150\u00a0LED Luminosit\u00e9 variable 1\u00a0000\u00a0lumens Reliez jusqu\u2019\u00e0 trois \u00e9clairages \u00e0 l\u2019aide du Raccordement Dometic SabreLink (vendu s\u00e9par\u00e9ment) R\u00e9glez la luminosit\u00e9 pour cr\u00e9er l\u2019ambiance parfaite T\u00e9l\u00e9commande pour plus de [&hellip;]","og_url":"https:\/\/shop.bantam.ch\/fr\/produit\/dometic-sabrelink-150-starter-eu\/","og_site_name":"Bantam Wankm\u00fcller SA","article_modified_time":"2026-04-18T20:53:32+00:00","og_image":[{"width":600,"height":600,"url":"https:\/\/shop.bantam.ch\/wp-content\/uploads\/2023\/08\/LG1031-9120000337-p400_72_15021337.jpg","type":"image\/jpeg"}],"twitter_card":"summary_large_image","schema":{"@context":"https:\/\/schema.org","@graph":[{"@type":"WebPage","@id":"https:\/\/shop.bantam.ch\/fr\/produit\/dometic-sabrelink-150-starter-eu\/","url":"https:\/\/shop.bantam.ch\/fr\/produit\/dometic-sabrelink-150-starter-eu\/","name":"SabreLink 150 Starter EU - Bantam Wankm\u00fcller SA","isPartOf":{"@id":"https:\/\/shop.bantam.ch\/fr\/#website"},"primaryImageOfPage":{"@id":"https:\/\/shop.bantam.ch\/fr\/produit\/dometic-sabrelink-150-starter-eu\/#primaryimage"},"image":{"@id":"https:\/\/shop.bantam.ch\/fr\/produit\/dometic-sabrelink-150-starter-eu\/#primaryimage"},"thumbnailUrl":"https:\/\/shop.bantam.ch\/wp-content\/uploads\/2023\/08\/LG1031-9120000337-p400_72_15021337.jpg","datePublished":"2023-08-30T10:22:17+00:00","dateModified":"2026-04-18T20:53:32+00:00","breadcrumb":{"@id":"https:\/\/shop.bantam.ch\/fr\/produit\/dometic-sabrelink-150-starter-eu\/#breadcrumb"},"inLanguage":"fr-FR","potentialAction":[{"@type":"ReadAction","target":["https:\/\/shop.bantam.ch\/fr\/produit\/dometic-sabrelink-150-starter-eu\/"]}]},{"@type":"ImageObject","inLanguage":"fr-FR","@id":"https:\/\/shop.bantam.ch\/fr\/produit\/dometic-sabrelink-150-starter-eu\/#primaryimage","url":"https:\/\/shop.bantam.ch\/wp-content\/uploads\/2023\/08\/LG1031-9120000337-p400_72_15021337.jpg","contentUrl":"https:\/\/shop.bantam.ch\/wp-content\/uploads\/2023\/08\/LG1031-9120000337-p400_72_15021337.jpg","width":600,"height":600},{"@type":"BreadcrumbList","@id":"https:\/\/shop.bantam.ch\/fr\/produit\/dometic-sabrelink-150-starter-eu\/#breadcrumb","itemListElement":[{"@type":"ListItem","position":1,"name":"Accueil","item":"https:\/\/shop.bantam.ch\/fr\/"},{"@type":"ListItem","position":2,"name":"Boutique","item":"https:\/\/shop.bantam.ch\/fr\/boutique\/"},{"@type":"ListItem","position":3,"name":"SabreLink 150 Starter EU"}]},{"@type":"WebSite","@id":"https:\/\/shop.bantam.ch\/fr\/#website","url":"https:\/\/shop.bantam.ch\/fr\/","name":"Bantam Wankm\u00fcller SA","description":"","publisher":{"@id":"https:\/\/shop.bantam.ch\/fr\/#organization"},"inLanguage":"fr-FR"},{"@type":"Organization","@id":"https:\/\/shop.bantam.ch\/fr\/#organization","name":"Bantam Wankm\u00fcller SA","url":"https:\/\/shop.bantam.ch\/fr\/","logo":{"@type":"ImageObject","inLanguage":"fr-FR","@id":"https:\/\/shop.bantam.ch\/fr\/#\/schema\/logo\/image\/","url":"https:\/\/shop.bantam.ch\/wp-content\/uploads\/2022\/12\/bantam-logo.png","contentUrl":"https:\/\/shop.bantam.ch\/wp-content\/uploads\/2022\/12\/bantam-logo.png","width":320,"height":71,"caption":"Bantam Wankm\u00fcller SA"},"image":{"@id":"https:\/\/shop.bantam.ch\/fr\/#\/schema\/logo\/image\/"}}]}},"_links":{"self":[{"href":"https:\/\/shop.bantam.ch\/fr\/wp-json\/wp\/v2\/product\/186550","targetHints":{"allow":["GET"]}}],"collection":[{"href":"https:\/\/shop.bantam.ch\/fr\/wp-json\/wp\/v2\/product"}],"about":[{"href":"https:\/\/shop.bantam.ch\/fr\/wp-json\/wp\/v2\/types\/product"}],"wp:featuredmedia":[{"embeddable":true,"href":"https:\/\/shop.bantam.ch\/fr\/wp-json\/wp\/v2\/media\/186548"}],"wp:attachment":[{"href":"https:\/\/shop.bantam.ch\/fr\/wp-json\/wp\/v2\/media?parent=186550"}],"wp:term":[{"taxonomy":"product_featured_cat","embeddable":true,"href":"https:\/\/shop.bantam.ch\/fr\/wp-json\/wp\/v2\/product_featured_cat?post=186550"},{"taxonomy":"product_brand","embeddable":true,"href":"https:\/\/shop.bantam.ch\/fr\/wp-json\/wp\/v2\/product_brand?post=186550"},{"taxonomy":"product_cat","embeddable":true,"href":"https:\/\/shop.bantam.ch\/fr\/wp-json\/wp\/v2\/product_cat?post=186550"},{"taxonomy":"product_tag","embeddable":true,"href":"https:\/\/shop.bantam.ch\/fr\/wp-json\/wp\/v2\/product_tag?post=186550"}],"curies":[{"name":"wp","href":"https:\/\/api.w.org\/{rel}","templated":true}]}}