{"id":186541,"date":"2023-08-30T11:28:54","date_gmt":"2023-08-30T09:28:54","guid":{"rendered":"https:\/\/shop.bantam.ch\/produit\/pop-air-pro-annexe-290-340-365-auvent-a-air-dometic\/"},"modified":"2026-04-18T22:53:26","modified_gmt":"2026-04-18T20:53:26","slug":"pop-air-pro-annexe-290-340-365-auvent-a-air-dometic","status":"publish","type":"product","link":"https:\/\/shop.bantam.ch\/fr\/produit\/pop-air-pro-annexe-290-340-365-auvent-a-air-dometic\/","title":{"rendered":"Pop AIR Pro Annexe 290, 340, 365 Auvent \u00e0 air Dometic"},"content":{"rendered":"<p>Annexe pour auvent gonflable<\/p>\n<p>Cette annexe optionnelle, compl\u00e8te avec une tente int\u00e9rieure et une paroi arrachable, est id\u00e9ale pour les invit\u00e9s suppl\u00e9mentaires, les animaux domestiques et comme espace de rangement. La technologie Air-Frame facilite et acc\u00e9l\u00e8re le montage.<\/p>\n<p>Dimensions Profondeur du produit 1450 mm<br \/>\nDimensions hauteur du produit 1450 mm<br \/>\nDimensions largeur du produit 2150 mm<br \/>\nPoids net 5.9 kg<\/p>\n","protected":false},"excerpt":{"rendered":"<p>Annexe pour auvent gonflable Cette annexe optionnelle, compl\u00e8te avec une tente int\u00e9rieure et une paroi arrachable, est id\u00e9ale pour les invit\u00e9s suppl\u00e9mentaires, les animaux domestiques et comme espace de rangement. La technologie Air-Frame facilite et acc\u00e9l\u00e8re le montage. Dimensions Profondeur du produit 1450 mm Dimensions hauteur du produit 1450 mm Dimensions largeur du produit 2150 [&hellip;]<\/p>\n","protected":false},"featured_media":186539,"template":"","meta":{"_acf_changed":false},"product_featured_cat":[5306],"product_brand":[3028],"product_cat":[4917],"product_tag":[],"class_list":{"0":"post-186541","1":"product","2":"type-product","3":"status-publish","4":"has-post-thumbnail","6":"product_featured_cat-auvents-hindelbank-fr","7":"product_brand-dometic","8":"product_cat-kit-de-montage-dauvent","10":"first","11":"instock","12":"sale","13":"taxable","14":"shipping-taxable","15":"purchasable","16":"product-type-simple"},"acf":[],"yoast_head":"<!-- This site is optimized with the Yoast SEO plugin v27.4 - https:\/\/yoast.com\/product\/yoast-seo-wordpress\/ -->\n<title>Pop AIR Pro Annexe 290, 340, 365 Auvent \u00e0 air Dometic - Bantam Wankm\u00fcller SA<\/title>\n<meta name=\"robots\" content=\"index, follow, max-snippet:-1, max-image-preview:large, max-video-preview:-1\" \/>\n<link rel=\"canonical\" href=\"https:\/\/shop.bantam.ch\/fr\/produit\/pop-air-pro-annexe-290-340-365-auvent-a-air-dometic\/\" \/>\n<meta property=\"og:locale\" content=\"fr_FR\" \/>\n<meta property=\"og:type\" content=\"article\" \/>\n<meta property=\"og:title\" content=\"Pop AIR Pro Annexe 290, 340, 365 Auvent \u00e0 air Dometic - Bantam Wankm\u00fcller SA\" \/>\n<meta property=\"og:description\" content=\"Annexe pour auvent gonflable Cette annexe optionnelle, compl\u00e8te avec une tente int\u00e9rieure et une paroi arrachable, est id\u00e9ale pour les invit\u00e9s suppl\u00e9mentaires, les animaux domestiques et comme espace de rangement. La technologie Air-Frame facilite et acc\u00e9l\u00e8re le montage. Dimensions Profondeur du produit 1450 mm Dimensions hauteur du produit 1450 mm Dimensions largeur du produit 2150 [&hellip;]\" \/>\n<meta property=\"og:url\" content=\"https:\/\/shop.bantam.ch\/fr\/produit\/pop-air-pro-annexe-290-340-365-auvent-a-air-dometic\/\" \/>\n<meta property=\"og:site_name\" content=\"Bantam Wankm\u00fcller SA\" \/>\n<meta property=\"article:modified_time\" content=\"2026-04-18T20:53:26+00:00\" \/>\n<meta property=\"og:image\" content=\"https:\/\/shop.bantam.ch\/wp-content\/uploads\/2023\/08\/9120000054_72_15019215.jpg\" \/>\n\t<meta property=\"og:image:width\" content=\"600\" \/>\n\t<meta property=\"og:image:height\" content=\"600\" \/>\n\t<meta property=\"og:image:type\" content=\"image\/jpeg\" \/>\n<meta name=\"twitter:card\" content=\"summary_large_image\" \/>\n<script type=\"application\/ld+json\" class=\"yoast-schema-graph\">{\"@context\":\"https:\\\/\\\/schema.org\",\"@graph\":[{\"@type\":\"WebPage\",\"@id\":\"https:\\\/\\\/shop.bantam.ch\\\/fr\\\/produit\\\/pop-air-pro-annexe-290-340-365-auvent-a-air-dometic\\\/\",\"url\":\"https:\\\/\\\/shop.bantam.ch\\\/fr\\\/produit\\\/pop-air-pro-annexe-290-340-365-auvent-a-air-dometic\\\/\",\"name\":\"Pop AIR Pro Annexe 290, 340, 365 Auvent \u00e0 air Dometic - Bantam Wankm\u00fcller SA\",\"isPartOf\":{\"@id\":\"https:\\\/\\\/shop.bantam.ch\\\/fr\\\/#website\"},\"primaryImageOfPage\":{\"@id\":\"https:\\\/\\\/shop.bantam.ch\\\/fr\\\/produit\\\/pop-air-pro-annexe-290-340-365-auvent-a-air-dometic\\\/#primaryimage\"},\"image\":{\"@id\":\"https:\\\/\\\/shop.bantam.ch\\\/fr\\\/produit\\\/pop-air-pro-annexe-290-340-365-auvent-a-air-dometic\\\/#primaryimage\"},\"thumbnailUrl\":\"https:\\\/\\\/shop.bantam.ch\\\/wp-content\\\/uploads\\\/2023\\\/08\\\/9120000054_72_15019215.jpg\",\"datePublished\":\"2023-08-30T09:28:54+00:00\",\"dateModified\":\"2026-04-18T20:53:26+00:00\",\"breadcrumb\":{\"@id\":\"https:\\\/\\\/shop.bantam.ch\\\/fr\\\/produit\\\/pop-air-pro-annexe-290-340-365-auvent-a-air-dometic\\\/#breadcrumb\"},\"inLanguage\":\"fr-FR\",\"potentialAction\":[{\"@type\":\"ReadAction\",\"target\":[\"https:\\\/\\\/shop.bantam.ch\\\/fr\\\/produit\\\/pop-air-pro-annexe-290-340-365-auvent-a-air-dometic\\\/\"]}]},{\"@type\":\"ImageObject\",\"inLanguage\":\"fr-FR\",\"@id\":\"https:\\\/\\\/shop.bantam.ch\\\/fr\\\/produit\\\/pop-air-pro-annexe-290-340-365-auvent-a-air-dometic\\\/#primaryimage\",\"url\":\"https:\\\/\\\/shop.bantam.ch\\\/wp-content\\\/uploads\\\/2023\\\/08\\\/9120000054_72_15019215.jpg\",\"contentUrl\":\"https:\\\/\\\/shop.bantam.ch\\\/wp-content\\\/uploads\\\/2023\\\/08\\\/9120000054_72_15019215.jpg\",\"width\":600,\"height\":600},{\"@type\":\"BreadcrumbList\",\"@id\":\"https:\\\/\\\/shop.bantam.ch\\\/fr\\\/produit\\\/pop-air-pro-annexe-290-340-365-auvent-a-air-dometic\\\/#breadcrumb\",\"itemListElement\":[{\"@type\":\"ListItem\",\"position\":1,\"name\":\"Accueil\",\"item\":\"https:\\\/\\\/shop.bantam.ch\\\/fr\\\/\"},{\"@type\":\"ListItem\",\"position\":2,\"name\":\"Boutique\",\"item\":\"https:\\\/\\\/shop.bantam.ch\\\/fr\\\/boutique\\\/\"},{\"@type\":\"ListItem\",\"position\":3,\"name\":\"Pop AIR Pro Annexe 290, 340, 365 Auvent \u00e0 air Dometic\"}]},{\"@type\":\"WebSite\",\"@id\":\"https:\\\/\\\/shop.bantam.ch\\\/fr\\\/#website\",\"url\":\"https:\\\/\\\/shop.bantam.ch\\\/fr\\\/\",\"name\":\"Bantam Wankm\u00fcller SA\",\"description\":\"\",\"publisher\":{\"@id\":\"https:\\\/\\\/shop.bantam.ch\\\/fr\\\/#organization\"},\"inLanguage\":\"fr-FR\"},{\"@type\":\"Organization\",\"@id\":\"https:\\\/\\\/shop.bantam.ch\\\/fr\\\/#organization\",\"name\":\"Bantam Wankm\u00fcller SA\",\"url\":\"https:\\\/\\\/shop.bantam.ch\\\/fr\\\/\",\"logo\":{\"@type\":\"ImageObject\",\"inLanguage\":\"fr-FR\",\"@id\":\"https:\\\/\\\/shop.bantam.ch\\\/fr\\\/#\\\/schema\\\/logo\\\/image\\\/\",\"url\":\"https:\\\/\\\/shop.bantam.ch\\\/wp-content\\\/uploads\\\/2022\\\/12\\\/bantam-logo.png\",\"contentUrl\":\"https:\\\/\\\/shop.bantam.ch\\\/wp-content\\\/uploads\\\/2022\\\/12\\\/bantam-logo.png\",\"width\":320,\"height\":71,\"caption\":\"Bantam Wankm\u00fcller SA\"},\"image\":{\"@id\":\"https:\\\/\\\/shop.bantam.ch\\\/fr\\\/#\\\/schema\\\/logo\\\/image\\\/\"}}]}<\/script>\n<!-- \/ Yoast SEO plugin. -->","yoast_head_json":{"title":"Pop AIR Pro Annexe 290, 340, 365 Auvent \u00e0 air Dometic - Bantam Wankm\u00fcller SA","robots":{"index":"index","follow":"follow","max-snippet":"max-snippet:-1","max-image-preview":"max-image-preview:large","max-video-preview":"max-video-preview:-1"},"canonical":"https:\/\/shop.bantam.ch\/fr\/produit\/pop-air-pro-annexe-290-340-365-auvent-a-air-dometic\/","og_locale":"fr_FR","og_type":"article","og_title":"Pop AIR Pro Annexe 290, 340, 365 Auvent \u00e0 air Dometic - Bantam Wankm\u00fcller SA","og_description":"Annexe pour auvent gonflable Cette annexe optionnelle, compl\u00e8te avec une tente int\u00e9rieure et une paroi arrachable, est id\u00e9ale pour les invit\u00e9s suppl\u00e9mentaires, les animaux domestiques et comme espace de rangement. La technologie Air-Frame facilite et acc\u00e9l\u00e8re le montage. Dimensions Profondeur du produit 1450 mm Dimensions hauteur du produit 1450 mm Dimensions largeur du produit 2150 [&hellip;]","og_url":"https:\/\/shop.bantam.ch\/fr\/produit\/pop-air-pro-annexe-290-340-365-auvent-a-air-dometic\/","og_site_name":"Bantam Wankm\u00fcller SA","article_modified_time":"2026-04-18T20:53:26+00:00","og_image":[{"width":600,"height":600,"url":"https:\/\/shop.bantam.ch\/wp-content\/uploads\/2023\/08\/9120000054_72_15019215.jpg","type":"image\/jpeg"}],"twitter_card":"summary_large_image","schema":{"@context":"https:\/\/schema.org","@graph":[{"@type":"WebPage","@id":"https:\/\/shop.bantam.ch\/fr\/produit\/pop-air-pro-annexe-290-340-365-auvent-a-air-dometic\/","url":"https:\/\/shop.bantam.ch\/fr\/produit\/pop-air-pro-annexe-290-340-365-auvent-a-air-dometic\/","name":"Pop AIR Pro Annexe 290, 340, 365 Auvent \u00e0 air Dometic - Bantam Wankm\u00fcller SA","isPartOf":{"@id":"https:\/\/shop.bantam.ch\/fr\/#website"},"primaryImageOfPage":{"@id":"https:\/\/shop.bantam.ch\/fr\/produit\/pop-air-pro-annexe-290-340-365-auvent-a-air-dometic\/#primaryimage"},"image":{"@id":"https:\/\/shop.bantam.ch\/fr\/produit\/pop-air-pro-annexe-290-340-365-auvent-a-air-dometic\/#primaryimage"},"thumbnailUrl":"https:\/\/shop.bantam.ch\/wp-content\/uploads\/2023\/08\/9120000054_72_15019215.jpg","datePublished":"2023-08-30T09:28:54+00:00","dateModified":"2026-04-18T20:53:26+00:00","breadcrumb":{"@id":"https:\/\/shop.bantam.ch\/fr\/produit\/pop-air-pro-annexe-290-340-365-auvent-a-air-dometic\/#breadcrumb"},"inLanguage":"fr-FR","potentialAction":[{"@type":"ReadAction","target":["https:\/\/shop.bantam.ch\/fr\/produit\/pop-air-pro-annexe-290-340-365-auvent-a-air-dometic\/"]}]},{"@type":"ImageObject","inLanguage":"fr-FR","@id":"https:\/\/shop.bantam.ch\/fr\/produit\/pop-air-pro-annexe-290-340-365-auvent-a-air-dometic\/#primaryimage","url":"https:\/\/shop.bantam.ch\/wp-content\/uploads\/2023\/08\/9120000054_72_15019215.jpg","contentUrl":"https:\/\/shop.bantam.ch\/wp-content\/uploads\/2023\/08\/9120000054_72_15019215.jpg","width":600,"height":600},{"@type":"BreadcrumbList","@id":"https:\/\/shop.bantam.ch\/fr\/produit\/pop-air-pro-annexe-290-340-365-auvent-a-air-dometic\/#breadcrumb","itemListElement":[{"@type":"ListItem","position":1,"name":"Accueil","item":"https:\/\/shop.bantam.ch\/fr\/"},{"@type":"ListItem","position":2,"name":"Boutique","item":"https:\/\/shop.bantam.ch\/fr\/boutique\/"},{"@type":"ListItem","position":3,"name":"Pop AIR Pro Annexe 290, 340, 365 Auvent \u00e0 air Dometic"}]},{"@type":"WebSite","@id":"https:\/\/shop.bantam.ch\/fr\/#website","url":"https:\/\/shop.bantam.ch\/fr\/","name":"Bantam Wankm\u00fcller SA","description":"","publisher":{"@id":"https:\/\/shop.bantam.ch\/fr\/#organization"},"inLanguage":"fr-FR"},{"@type":"Organization","@id":"https:\/\/shop.bantam.ch\/fr\/#organization","name":"Bantam Wankm\u00fcller SA","url":"https:\/\/shop.bantam.ch\/fr\/","logo":{"@type":"ImageObject","inLanguage":"fr-FR","@id":"https:\/\/shop.bantam.ch\/fr\/#\/schema\/logo\/image\/","url":"https:\/\/shop.bantam.ch\/wp-content\/uploads\/2022\/12\/bantam-logo.png","contentUrl":"https:\/\/shop.bantam.ch\/wp-content\/uploads\/2022\/12\/bantam-logo.png","width":320,"height":71,"caption":"Bantam Wankm\u00fcller SA"},"image":{"@id":"https:\/\/shop.bantam.ch\/fr\/#\/schema\/logo\/image\/"}}]}},"_links":{"self":[{"href":"https:\/\/shop.bantam.ch\/fr\/wp-json\/wp\/v2\/product\/186541","targetHints":{"allow":["GET"]}}],"collection":[{"href":"https:\/\/shop.bantam.ch\/fr\/wp-json\/wp\/v2\/product"}],"about":[{"href":"https:\/\/shop.bantam.ch\/fr\/wp-json\/wp\/v2\/types\/product"}],"wp:featuredmedia":[{"embeddable":true,"href":"https:\/\/shop.bantam.ch\/fr\/wp-json\/wp\/v2\/media\/186539"}],"wp:attachment":[{"href":"https:\/\/shop.bantam.ch\/fr\/wp-json\/wp\/v2\/media?parent=186541"}],"wp:term":[{"taxonomy":"product_featured_cat","embeddable":true,"href":"https:\/\/shop.bantam.ch\/fr\/wp-json\/wp\/v2\/product_featured_cat?post=186541"},{"taxonomy":"product_brand","embeddable":true,"href":"https:\/\/shop.bantam.ch\/fr\/wp-json\/wp\/v2\/product_brand?post=186541"},{"taxonomy":"product_cat","embeddable":true,"href":"https:\/\/shop.bantam.ch\/fr\/wp-json\/wp\/v2\/product_cat?post=186541"},{"taxonomy":"product_tag","embeddable":true,"href":"https:\/\/shop.bantam.ch\/fr\/wp-json\/wp\/v2\/product_tag?post=186541"}],"curies":[{"name":"wp","href":"https:\/\/api.w.org\/{rel}","templated":true}]}}