{"id":186476,"date":"2023-08-29T13:42:13","date_gmt":"2023-08-29T11:42:13","guid":{"rendered":"https:\/\/shop.bantam.ch\/produit\/mobil-air-pro-361-391-auvent-gonflable-dometic\/"},"modified":"2026-04-18T22:53:18","modified_gmt":"2026-04-18T20:53:18","slug":"mobil-air-pro-361-391-auvent-gonflable-dometic","status":"publish","type":"product","link":"https:\/\/shop.bantam.ch\/fr\/produit\/mobil-air-pro-361-391-auvent-gonflable-dometic\/","title":{"rendered":"Mobil AIR Pro 361\/391 Auvent gonflable Dometic"},"content":{"rendered":"<p>Auvent gonflable pour caravanes, largeur 3,95 m<\/p>\n<p>Con\u00e7u pour les caravanes Adria Action 361 LH, 391 PD et 391 PH. La technologie de gonflage \u00e0 point unique de Mobil Air Pro garantit des performances fiables et un montage facile \u00e0 tout moment.<\/p>\n<p>Dimensions profondeur du produit 2500 mm<br \/>\nDimensions hauteur produit 2390 mm<br \/>\nDimensions largeur produit 3950 mm<br \/>\nPoids net 26.10 kg<\/p>\n","protected":false},"excerpt":{"rendered":"<p>Auvent gonflable pour caravanes, largeur 3,95 m Con\u00e7u pour les caravanes Adria Action 361 LH, 391 PD et 391 PH. La technologie de gonflage \u00e0 point unique de Mobil Air Pro garantit des performances fiables et un montage facile \u00e0 tout moment. Dimensions profondeur du produit 2500 mm Dimensions hauteur produit 2390 mm Dimensions largeur [&hellip;]<\/p>\n","protected":false},"featured_media":186474,"template":"","meta":{"_acf_changed":false},"product_featured_cat":[],"product_brand":[3028],"product_cat":[4247],"product_tag":[],"class_list":{"0":"post-186476","1":"product","2":"type-product","3":"status-publish","4":"has-post-thumbnail","6":"product_brand-dometic","7":"product_cat-auvents","9":"first","10":"instock","11":"taxable","12":"shipping-taxable","13":"purchasable","14":"product-type-simple"},"acf":[],"yoast_head":"<!-- This site is optimized with the Yoast SEO plugin v27.4 - https:\/\/yoast.com\/product\/yoast-seo-wordpress\/ -->\n<title>Mobil AIR Pro 361\/391 Auvent gonflable Dometic - Bantam Wankm\u00fcller SA<\/title>\n<meta name=\"robots\" content=\"index, follow, max-snippet:-1, max-image-preview:large, max-video-preview:-1\" \/>\n<link rel=\"canonical\" href=\"https:\/\/shop.bantam.ch\/fr\/produit\/mobil-air-pro-361-391-auvent-gonflable-dometic\/\" \/>\n<meta property=\"og:locale\" content=\"fr_FR\" \/>\n<meta property=\"og:type\" content=\"article\" \/>\n<meta property=\"og:title\" content=\"Mobil AIR Pro 361\/391 Auvent gonflable Dometic - Bantam Wankm\u00fcller SA\" \/>\n<meta property=\"og:description\" content=\"Auvent gonflable pour caravanes, largeur 3,95 m Con\u00e7u pour les caravanes Adria Action 361 LH, 391 PD et 391 PH. La technologie de gonflage \u00e0 point unique de Mobil Air Pro garantit des performances fiables et un montage facile \u00e0 tout moment. Dimensions profondeur du produit 2500 mm Dimensions hauteur produit 2390 mm Dimensions largeur [&hellip;]\" \/>\n<meta property=\"og:url\" content=\"https:\/\/shop.bantam.ch\/fr\/produit\/mobil-air-pro-361-391-auvent-gonflable-dometic\/\" \/>\n<meta property=\"og:site_name\" content=\"Bantam Wankm\u00fcller SA\" \/>\n<meta property=\"article:modified_time\" content=\"2026-04-18T20:53:18+00:00\" \/>\n<meta property=\"og:image\" content=\"https:\/\/shop.bantam.ch\/wp-content\/uploads\/2023\/08\/9120000022_4_15022074_ok.jpg\" \/>\n\t<meta property=\"og:image:width\" content=\"600\" \/>\n\t<meta property=\"og:image:height\" content=\"600\" \/>\n\t<meta property=\"og:image:type\" content=\"image\/jpeg\" \/>\n<meta name=\"twitter:card\" content=\"summary_large_image\" \/>\n<script type=\"application\/ld+json\" class=\"yoast-schema-graph\">{\"@context\":\"https:\\\/\\\/schema.org\",\"@graph\":[{\"@type\":\"WebPage\",\"@id\":\"https:\\\/\\\/shop.bantam.ch\\\/fr\\\/produit\\\/mobil-air-pro-361-391-auvent-gonflable-dometic\\\/\",\"url\":\"https:\\\/\\\/shop.bantam.ch\\\/fr\\\/produit\\\/mobil-air-pro-361-391-auvent-gonflable-dometic\\\/\",\"name\":\"Mobil AIR Pro 361\\\/391 Auvent gonflable Dometic - Bantam Wankm\u00fcller SA\",\"isPartOf\":{\"@id\":\"https:\\\/\\\/shop.bantam.ch\\\/fr\\\/#website\"},\"primaryImageOfPage\":{\"@id\":\"https:\\\/\\\/shop.bantam.ch\\\/fr\\\/produit\\\/mobil-air-pro-361-391-auvent-gonflable-dometic\\\/#primaryimage\"},\"image\":{\"@id\":\"https:\\\/\\\/shop.bantam.ch\\\/fr\\\/produit\\\/mobil-air-pro-361-391-auvent-gonflable-dometic\\\/#primaryimage\"},\"thumbnailUrl\":\"https:\\\/\\\/shop.bantam.ch\\\/wp-content\\\/uploads\\\/2023\\\/08\\\/9120000022_4_15022074_ok.jpg\",\"datePublished\":\"2023-08-29T11:42:13+00:00\",\"dateModified\":\"2026-04-18T20:53:18+00:00\",\"breadcrumb\":{\"@id\":\"https:\\\/\\\/shop.bantam.ch\\\/fr\\\/produit\\\/mobil-air-pro-361-391-auvent-gonflable-dometic\\\/#breadcrumb\"},\"inLanguage\":\"fr-FR\",\"potentialAction\":[{\"@type\":\"ReadAction\",\"target\":[\"https:\\\/\\\/shop.bantam.ch\\\/fr\\\/produit\\\/mobil-air-pro-361-391-auvent-gonflable-dometic\\\/\"]}]},{\"@type\":\"ImageObject\",\"inLanguage\":\"fr-FR\",\"@id\":\"https:\\\/\\\/shop.bantam.ch\\\/fr\\\/produit\\\/mobil-air-pro-361-391-auvent-gonflable-dometic\\\/#primaryimage\",\"url\":\"https:\\\/\\\/shop.bantam.ch\\\/wp-content\\\/uploads\\\/2023\\\/08\\\/9120000022_4_15022074_ok.jpg\",\"contentUrl\":\"https:\\\/\\\/shop.bantam.ch\\\/wp-content\\\/uploads\\\/2023\\\/08\\\/9120000022_4_15022074_ok.jpg\",\"width\":600,\"height\":600},{\"@type\":\"BreadcrumbList\",\"@id\":\"https:\\\/\\\/shop.bantam.ch\\\/fr\\\/produit\\\/mobil-air-pro-361-391-auvent-gonflable-dometic\\\/#breadcrumb\",\"itemListElement\":[{\"@type\":\"ListItem\",\"position\":1,\"name\":\"Accueil\",\"item\":\"https:\\\/\\\/shop.bantam.ch\\\/fr\\\/\"},{\"@type\":\"ListItem\",\"position\":2,\"name\":\"Boutique\",\"item\":\"https:\\\/\\\/shop.bantam.ch\\\/fr\\\/boutique\\\/\"},{\"@type\":\"ListItem\",\"position\":3,\"name\":\"Mobil AIR Pro 361\\\/391 Auvent gonflable Dometic\"}]},{\"@type\":\"WebSite\",\"@id\":\"https:\\\/\\\/shop.bantam.ch\\\/fr\\\/#website\",\"url\":\"https:\\\/\\\/shop.bantam.ch\\\/fr\\\/\",\"name\":\"Bantam Wankm\u00fcller SA\",\"description\":\"\",\"publisher\":{\"@id\":\"https:\\\/\\\/shop.bantam.ch\\\/fr\\\/#organization\"},\"inLanguage\":\"fr-FR\"},{\"@type\":\"Organization\",\"@id\":\"https:\\\/\\\/shop.bantam.ch\\\/fr\\\/#organization\",\"name\":\"Bantam Wankm\u00fcller SA\",\"url\":\"https:\\\/\\\/shop.bantam.ch\\\/fr\\\/\",\"logo\":{\"@type\":\"ImageObject\",\"inLanguage\":\"fr-FR\",\"@id\":\"https:\\\/\\\/shop.bantam.ch\\\/fr\\\/#\\\/schema\\\/logo\\\/image\\\/\",\"url\":\"https:\\\/\\\/shop.bantam.ch\\\/wp-content\\\/uploads\\\/2022\\\/12\\\/bantam-logo.png\",\"contentUrl\":\"https:\\\/\\\/shop.bantam.ch\\\/wp-content\\\/uploads\\\/2022\\\/12\\\/bantam-logo.png\",\"width\":320,\"height\":71,\"caption\":\"Bantam Wankm\u00fcller SA\"},\"image\":{\"@id\":\"https:\\\/\\\/shop.bantam.ch\\\/fr\\\/#\\\/schema\\\/logo\\\/image\\\/\"}}]}<\/script>\n<!-- \/ Yoast SEO plugin. -->","yoast_head_json":{"title":"Mobil AIR Pro 361\/391 Auvent gonflable Dometic - Bantam Wankm\u00fcller SA","robots":{"index":"index","follow":"follow","max-snippet":"max-snippet:-1","max-image-preview":"max-image-preview:large","max-video-preview":"max-video-preview:-1"},"canonical":"https:\/\/shop.bantam.ch\/fr\/produit\/mobil-air-pro-361-391-auvent-gonflable-dometic\/","og_locale":"fr_FR","og_type":"article","og_title":"Mobil AIR Pro 361\/391 Auvent gonflable Dometic - Bantam Wankm\u00fcller SA","og_description":"Auvent gonflable pour caravanes, largeur 3,95 m Con\u00e7u pour les caravanes Adria Action 361 LH, 391 PD et 391 PH. La technologie de gonflage \u00e0 point unique de Mobil Air Pro garantit des performances fiables et un montage facile \u00e0 tout moment. Dimensions profondeur du produit 2500 mm Dimensions hauteur produit 2390 mm Dimensions largeur [&hellip;]","og_url":"https:\/\/shop.bantam.ch\/fr\/produit\/mobil-air-pro-361-391-auvent-gonflable-dometic\/","og_site_name":"Bantam Wankm\u00fcller SA","article_modified_time":"2026-04-18T20:53:18+00:00","og_image":[{"width":600,"height":600,"url":"https:\/\/shop.bantam.ch\/wp-content\/uploads\/2023\/08\/9120000022_4_15022074_ok.jpg","type":"image\/jpeg"}],"twitter_card":"summary_large_image","schema":{"@context":"https:\/\/schema.org","@graph":[{"@type":"WebPage","@id":"https:\/\/shop.bantam.ch\/fr\/produit\/mobil-air-pro-361-391-auvent-gonflable-dometic\/","url":"https:\/\/shop.bantam.ch\/fr\/produit\/mobil-air-pro-361-391-auvent-gonflable-dometic\/","name":"Mobil AIR Pro 361\/391 Auvent gonflable Dometic - Bantam Wankm\u00fcller SA","isPartOf":{"@id":"https:\/\/shop.bantam.ch\/fr\/#website"},"primaryImageOfPage":{"@id":"https:\/\/shop.bantam.ch\/fr\/produit\/mobil-air-pro-361-391-auvent-gonflable-dometic\/#primaryimage"},"image":{"@id":"https:\/\/shop.bantam.ch\/fr\/produit\/mobil-air-pro-361-391-auvent-gonflable-dometic\/#primaryimage"},"thumbnailUrl":"https:\/\/shop.bantam.ch\/wp-content\/uploads\/2023\/08\/9120000022_4_15022074_ok.jpg","datePublished":"2023-08-29T11:42:13+00:00","dateModified":"2026-04-18T20:53:18+00:00","breadcrumb":{"@id":"https:\/\/shop.bantam.ch\/fr\/produit\/mobil-air-pro-361-391-auvent-gonflable-dometic\/#breadcrumb"},"inLanguage":"fr-FR","potentialAction":[{"@type":"ReadAction","target":["https:\/\/shop.bantam.ch\/fr\/produit\/mobil-air-pro-361-391-auvent-gonflable-dometic\/"]}]},{"@type":"ImageObject","inLanguage":"fr-FR","@id":"https:\/\/shop.bantam.ch\/fr\/produit\/mobil-air-pro-361-391-auvent-gonflable-dometic\/#primaryimage","url":"https:\/\/shop.bantam.ch\/wp-content\/uploads\/2023\/08\/9120000022_4_15022074_ok.jpg","contentUrl":"https:\/\/shop.bantam.ch\/wp-content\/uploads\/2023\/08\/9120000022_4_15022074_ok.jpg","width":600,"height":600},{"@type":"BreadcrumbList","@id":"https:\/\/shop.bantam.ch\/fr\/produit\/mobil-air-pro-361-391-auvent-gonflable-dometic\/#breadcrumb","itemListElement":[{"@type":"ListItem","position":1,"name":"Accueil","item":"https:\/\/shop.bantam.ch\/fr\/"},{"@type":"ListItem","position":2,"name":"Boutique","item":"https:\/\/shop.bantam.ch\/fr\/boutique\/"},{"@type":"ListItem","position":3,"name":"Mobil AIR Pro 361\/391 Auvent gonflable Dometic"}]},{"@type":"WebSite","@id":"https:\/\/shop.bantam.ch\/fr\/#website","url":"https:\/\/shop.bantam.ch\/fr\/","name":"Bantam Wankm\u00fcller SA","description":"","publisher":{"@id":"https:\/\/shop.bantam.ch\/fr\/#organization"},"inLanguage":"fr-FR"},{"@type":"Organization","@id":"https:\/\/shop.bantam.ch\/fr\/#organization","name":"Bantam Wankm\u00fcller SA","url":"https:\/\/shop.bantam.ch\/fr\/","logo":{"@type":"ImageObject","inLanguage":"fr-FR","@id":"https:\/\/shop.bantam.ch\/fr\/#\/schema\/logo\/image\/","url":"https:\/\/shop.bantam.ch\/wp-content\/uploads\/2022\/12\/bantam-logo.png","contentUrl":"https:\/\/shop.bantam.ch\/wp-content\/uploads\/2022\/12\/bantam-logo.png","width":320,"height":71,"caption":"Bantam Wankm\u00fcller SA"},"image":{"@id":"https:\/\/shop.bantam.ch\/fr\/#\/schema\/logo\/image\/"}}]}},"_links":{"self":[{"href":"https:\/\/shop.bantam.ch\/fr\/wp-json\/wp\/v2\/product\/186476","targetHints":{"allow":["GET"]}}],"collection":[{"href":"https:\/\/shop.bantam.ch\/fr\/wp-json\/wp\/v2\/product"}],"about":[{"href":"https:\/\/shop.bantam.ch\/fr\/wp-json\/wp\/v2\/types\/product"}],"wp:featuredmedia":[{"embeddable":true,"href":"https:\/\/shop.bantam.ch\/fr\/wp-json\/wp\/v2\/media\/186474"}],"wp:attachment":[{"href":"https:\/\/shop.bantam.ch\/fr\/wp-json\/wp\/v2\/media?parent=186476"}],"wp:term":[{"taxonomy":"product_featured_cat","embeddable":true,"href":"https:\/\/shop.bantam.ch\/fr\/wp-json\/wp\/v2\/product_featured_cat?post=186476"},{"taxonomy":"product_brand","embeddable":true,"href":"https:\/\/shop.bantam.ch\/fr\/wp-json\/wp\/v2\/product_brand?post=186476"},{"taxonomy":"product_cat","embeddable":true,"href":"https:\/\/shop.bantam.ch\/fr\/wp-json\/wp\/v2\/product_cat?post=186476"},{"taxonomy":"product_tag","embeddable":true,"href":"https:\/\/shop.bantam.ch\/fr\/wp-json\/wp\/v2\/product_tag?post=186476"}],"curies":[{"name":"wp","href":"https:\/\/api.w.org\/{rel}","templated":true}]}}