{"id":186136,"date":"2023-08-13T15:38:04","date_gmt":"2023-08-13T13:38:04","guid":{"rendered":"https:\/\/shop.bantam.ch\/produit\/repulsif-odorant\/"},"modified":"2026-04-18T22:53:05","modified_gmt":"2026-04-18T20:53:05","slug":"repulsif-odorant","status":"publish","type":"product","link":"https:\/\/shop.bantam.ch\/fr\/produit\/repulsif-odorant\/","title":{"rendered":"R\u00e9pulsif odorant"},"content":{"rendered":"<p>Mousse de nettoyage sp\u00e9ciale &#8211; pr\u00e9traitement. Recommand\u00e9 d&rsquo;urgence avant toute mesure r\u00e9pulsive contre les fouines ! Permet d&rsquo;enlever facilement la trace olfactive de la fouine. Cela \u00e9vite de laver le moteur dans des conditions risqu\u00e9es.<\/p>\n<p>Mousse efficace avec une bonne adh\u00e9rence<br \/>\nUtilisation conviviale<br \/>\nInoffensif pour le plastique, le caoutchouc et la laque<\/p>\n","protected":false},"excerpt":{"rendered":"<p>Mousse de nettoyage sp\u00e9ciale &#8211; pr\u00e9traitement. Recommand\u00e9 d&rsquo;urgence avant toute mesure r\u00e9pulsive contre les fouines ! Permet d&rsquo;enlever facilement la trace olfactive de la fouine. Cela \u00e9vite de laver le moteur dans des conditions risqu\u00e9es. Mousse efficace avec une bonne adh\u00e9rence Utilisation conviviale Inoffensif pour le plastique, le caoutchouc et la laque<\/p>\n","protected":false},"featured_media":186134,"template":"","meta":{"_acf_changed":false},"product_featured_cat":[],"product_brand":[3470],"product_cat":[4653],"product_tag":[],"class_list":{"0":"post-186136","1":"product","2":"type-product","3":"status-publish","4":"has-post-thumbnail","6":"product_brand-marder-stop-go","7":"product_cat-installations-de-securite","9":"first","10":"instock","11":"taxable","12":"shipping-taxable","13":"purchasable","14":"product-type-simple"},"acf":[],"yoast_head":"<!-- This site is optimized with the Yoast SEO plugin v27.4 - https:\/\/yoast.com\/product\/yoast-seo-wordpress\/ -->\n<title>R\u00e9pulsif odorant - Bantam Wankm\u00fcller SA<\/title>\n<meta name=\"robots\" content=\"index, follow, max-snippet:-1, max-image-preview:large, max-video-preview:-1\" \/>\n<link rel=\"canonical\" href=\"https:\/\/shop.bantam.ch\/fr\/produit\/repulsif-odorant\/\" \/>\n<meta property=\"og:locale\" content=\"fr_FR\" \/>\n<meta property=\"og:type\" content=\"article\" \/>\n<meta property=\"og:title\" content=\"R\u00e9pulsif odorant - Bantam Wankm\u00fcller SA\" \/>\n<meta property=\"og:description\" content=\"Mousse de nettoyage sp\u00e9ciale &#8211; pr\u00e9traitement. Recommand\u00e9 d&rsquo;urgence avant toute mesure r\u00e9pulsive contre les fouines ! Permet d&rsquo;enlever facilement la trace olfactive de la fouine. Cela \u00e9vite de laver le moteur dans des conditions risqu\u00e9es. Mousse efficace avec une bonne adh\u00e9rence Utilisation conviviale Inoffensif pour le plastique, le caoutchouc et la laque\" \/>\n<meta property=\"og:url\" content=\"https:\/\/shop.bantam.ch\/fr\/produit\/repulsif-odorant\/\" \/>\n<meta property=\"og:site_name\" content=\"Bantam Wankm\u00fcller SA\" \/>\n<meta property=\"article:modified_time\" content=\"2026-04-18T20:53:05+00:00\" \/>\n<meta property=\"og:image\" content=\"https:\/\/shop.bantam.ch\/wp-content\/uploads\/2023\/08\/994148211HJ0I1GYmszRbA.jpg\" \/>\n\t<meta property=\"og:image:width\" content=\"366\" \/>\n\t<meta property=\"og:image:height\" content=\"500\" \/>\n\t<meta property=\"og:image:type\" content=\"image\/jpeg\" \/>\n<meta name=\"twitter:card\" content=\"summary_large_image\" \/>\n<script type=\"application\/ld+json\" class=\"yoast-schema-graph\">{\"@context\":\"https:\\\/\\\/schema.org\",\"@graph\":[{\"@type\":\"WebPage\",\"@id\":\"https:\\\/\\\/shop.bantam.ch\\\/fr\\\/produit\\\/repulsif-odorant\\\/\",\"url\":\"https:\\\/\\\/shop.bantam.ch\\\/fr\\\/produit\\\/repulsif-odorant\\\/\",\"name\":\"R\u00e9pulsif odorant - Bantam Wankm\u00fcller SA\",\"isPartOf\":{\"@id\":\"https:\\\/\\\/shop.bantam.ch\\\/fr\\\/#website\"},\"primaryImageOfPage\":{\"@id\":\"https:\\\/\\\/shop.bantam.ch\\\/fr\\\/produit\\\/repulsif-odorant\\\/#primaryimage\"},\"image\":{\"@id\":\"https:\\\/\\\/shop.bantam.ch\\\/fr\\\/produit\\\/repulsif-odorant\\\/#primaryimage\"},\"thumbnailUrl\":\"https:\\\/\\\/shop.bantam.ch\\\/wp-content\\\/uploads\\\/2023\\\/08\\\/994148211HJ0I1GYmszRbA.jpg\",\"datePublished\":\"2023-08-13T13:38:04+00:00\",\"dateModified\":\"2026-04-18T20:53:05+00:00\",\"breadcrumb\":{\"@id\":\"https:\\\/\\\/shop.bantam.ch\\\/fr\\\/produit\\\/repulsif-odorant\\\/#breadcrumb\"},\"inLanguage\":\"fr-FR\",\"potentialAction\":[{\"@type\":\"ReadAction\",\"target\":[\"https:\\\/\\\/shop.bantam.ch\\\/fr\\\/produit\\\/repulsif-odorant\\\/\"]}]},{\"@type\":\"ImageObject\",\"inLanguage\":\"fr-FR\",\"@id\":\"https:\\\/\\\/shop.bantam.ch\\\/fr\\\/produit\\\/repulsif-odorant\\\/#primaryimage\",\"url\":\"https:\\\/\\\/shop.bantam.ch\\\/wp-content\\\/uploads\\\/2023\\\/08\\\/994148211HJ0I1GYmszRbA.jpg\",\"contentUrl\":\"https:\\\/\\\/shop.bantam.ch\\\/wp-content\\\/uploads\\\/2023\\\/08\\\/994148211HJ0I1GYmszRbA.jpg\",\"width\":366,\"height\":500},{\"@type\":\"BreadcrumbList\",\"@id\":\"https:\\\/\\\/shop.bantam.ch\\\/fr\\\/produit\\\/repulsif-odorant\\\/#breadcrumb\",\"itemListElement\":[{\"@type\":\"ListItem\",\"position\":1,\"name\":\"Accueil\",\"item\":\"https:\\\/\\\/shop.bantam.ch\\\/fr\\\/\"},{\"@type\":\"ListItem\",\"position\":2,\"name\":\"Boutique\",\"item\":\"https:\\\/\\\/shop.bantam.ch\\\/fr\\\/boutique\\\/\"},{\"@type\":\"ListItem\",\"position\":3,\"name\":\"R\u00e9pulsif odorant\"}]},{\"@type\":\"WebSite\",\"@id\":\"https:\\\/\\\/shop.bantam.ch\\\/fr\\\/#website\",\"url\":\"https:\\\/\\\/shop.bantam.ch\\\/fr\\\/\",\"name\":\"Bantam Wankm\u00fcller SA\",\"description\":\"\",\"publisher\":{\"@id\":\"https:\\\/\\\/shop.bantam.ch\\\/fr\\\/#organization\"},\"inLanguage\":\"fr-FR\"},{\"@type\":\"Organization\",\"@id\":\"https:\\\/\\\/shop.bantam.ch\\\/fr\\\/#organization\",\"name\":\"Bantam Wankm\u00fcller SA\",\"url\":\"https:\\\/\\\/shop.bantam.ch\\\/fr\\\/\",\"logo\":{\"@type\":\"ImageObject\",\"inLanguage\":\"fr-FR\",\"@id\":\"https:\\\/\\\/shop.bantam.ch\\\/fr\\\/#\\\/schema\\\/logo\\\/image\\\/\",\"url\":\"https:\\\/\\\/shop.bantam.ch\\\/wp-content\\\/uploads\\\/2022\\\/12\\\/bantam-logo.png\",\"contentUrl\":\"https:\\\/\\\/shop.bantam.ch\\\/wp-content\\\/uploads\\\/2022\\\/12\\\/bantam-logo.png\",\"width\":320,\"height\":71,\"caption\":\"Bantam Wankm\u00fcller SA\"},\"image\":{\"@id\":\"https:\\\/\\\/shop.bantam.ch\\\/fr\\\/#\\\/schema\\\/logo\\\/image\\\/\"}}]}<\/script>\n<!-- \/ Yoast SEO plugin. -->","yoast_head_json":{"title":"R\u00e9pulsif odorant - Bantam Wankm\u00fcller SA","robots":{"index":"index","follow":"follow","max-snippet":"max-snippet:-1","max-image-preview":"max-image-preview:large","max-video-preview":"max-video-preview:-1"},"canonical":"https:\/\/shop.bantam.ch\/fr\/produit\/repulsif-odorant\/","og_locale":"fr_FR","og_type":"article","og_title":"R\u00e9pulsif odorant - Bantam Wankm\u00fcller SA","og_description":"Mousse de nettoyage sp\u00e9ciale &#8211; pr\u00e9traitement. Recommand\u00e9 d&rsquo;urgence avant toute mesure r\u00e9pulsive contre les fouines ! Permet d&rsquo;enlever facilement la trace olfactive de la fouine. Cela \u00e9vite de laver le moteur dans des conditions risqu\u00e9es. Mousse efficace avec une bonne adh\u00e9rence Utilisation conviviale Inoffensif pour le plastique, le caoutchouc et la laque","og_url":"https:\/\/shop.bantam.ch\/fr\/produit\/repulsif-odorant\/","og_site_name":"Bantam Wankm\u00fcller SA","article_modified_time":"2026-04-18T20:53:05+00:00","og_image":[{"width":366,"height":500,"url":"https:\/\/shop.bantam.ch\/wp-content\/uploads\/2023\/08\/994148211HJ0I1GYmszRbA.jpg","type":"image\/jpeg"}],"twitter_card":"summary_large_image","schema":{"@context":"https:\/\/schema.org","@graph":[{"@type":"WebPage","@id":"https:\/\/shop.bantam.ch\/fr\/produit\/repulsif-odorant\/","url":"https:\/\/shop.bantam.ch\/fr\/produit\/repulsif-odorant\/","name":"R\u00e9pulsif odorant - Bantam Wankm\u00fcller SA","isPartOf":{"@id":"https:\/\/shop.bantam.ch\/fr\/#website"},"primaryImageOfPage":{"@id":"https:\/\/shop.bantam.ch\/fr\/produit\/repulsif-odorant\/#primaryimage"},"image":{"@id":"https:\/\/shop.bantam.ch\/fr\/produit\/repulsif-odorant\/#primaryimage"},"thumbnailUrl":"https:\/\/shop.bantam.ch\/wp-content\/uploads\/2023\/08\/994148211HJ0I1GYmszRbA.jpg","datePublished":"2023-08-13T13:38:04+00:00","dateModified":"2026-04-18T20:53:05+00:00","breadcrumb":{"@id":"https:\/\/shop.bantam.ch\/fr\/produit\/repulsif-odorant\/#breadcrumb"},"inLanguage":"fr-FR","potentialAction":[{"@type":"ReadAction","target":["https:\/\/shop.bantam.ch\/fr\/produit\/repulsif-odorant\/"]}]},{"@type":"ImageObject","inLanguage":"fr-FR","@id":"https:\/\/shop.bantam.ch\/fr\/produit\/repulsif-odorant\/#primaryimage","url":"https:\/\/shop.bantam.ch\/wp-content\/uploads\/2023\/08\/994148211HJ0I1GYmszRbA.jpg","contentUrl":"https:\/\/shop.bantam.ch\/wp-content\/uploads\/2023\/08\/994148211HJ0I1GYmszRbA.jpg","width":366,"height":500},{"@type":"BreadcrumbList","@id":"https:\/\/shop.bantam.ch\/fr\/produit\/repulsif-odorant\/#breadcrumb","itemListElement":[{"@type":"ListItem","position":1,"name":"Accueil","item":"https:\/\/shop.bantam.ch\/fr\/"},{"@type":"ListItem","position":2,"name":"Boutique","item":"https:\/\/shop.bantam.ch\/fr\/boutique\/"},{"@type":"ListItem","position":3,"name":"R\u00e9pulsif odorant"}]},{"@type":"WebSite","@id":"https:\/\/shop.bantam.ch\/fr\/#website","url":"https:\/\/shop.bantam.ch\/fr\/","name":"Bantam Wankm\u00fcller SA","description":"","publisher":{"@id":"https:\/\/shop.bantam.ch\/fr\/#organization"},"inLanguage":"fr-FR"},{"@type":"Organization","@id":"https:\/\/shop.bantam.ch\/fr\/#organization","name":"Bantam Wankm\u00fcller SA","url":"https:\/\/shop.bantam.ch\/fr\/","logo":{"@type":"ImageObject","inLanguage":"fr-FR","@id":"https:\/\/shop.bantam.ch\/fr\/#\/schema\/logo\/image\/","url":"https:\/\/shop.bantam.ch\/wp-content\/uploads\/2022\/12\/bantam-logo.png","contentUrl":"https:\/\/shop.bantam.ch\/wp-content\/uploads\/2022\/12\/bantam-logo.png","width":320,"height":71,"caption":"Bantam Wankm\u00fcller SA"},"image":{"@id":"https:\/\/shop.bantam.ch\/fr\/#\/schema\/logo\/image\/"}}]}},"_links":{"self":[{"href":"https:\/\/shop.bantam.ch\/fr\/wp-json\/wp\/v2\/product\/186136","targetHints":{"allow":["GET"]}}],"collection":[{"href":"https:\/\/shop.bantam.ch\/fr\/wp-json\/wp\/v2\/product"}],"about":[{"href":"https:\/\/shop.bantam.ch\/fr\/wp-json\/wp\/v2\/types\/product"}],"wp:featuredmedia":[{"embeddable":true,"href":"https:\/\/shop.bantam.ch\/fr\/wp-json\/wp\/v2\/media\/186134"}],"wp:attachment":[{"href":"https:\/\/shop.bantam.ch\/fr\/wp-json\/wp\/v2\/media?parent=186136"}],"wp:term":[{"taxonomy":"product_featured_cat","embeddable":true,"href":"https:\/\/shop.bantam.ch\/fr\/wp-json\/wp\/v2\/product_featured_cat?post=186136"},{"taxonomy":"product_brand","embeddable":true,"href":"https:\/\/shop.bantam.ch\/fr\/wp-json\/wp\/v2\/product_brand?post=186136"},{"taxonomy":"product_cat","embeddable":true,"href":"https:\/\/shop.bantam.ch\/fr\/wp-json\/wp\/v2\/product_cat?post=186136"},{"taxonomy":"product_tag","embeddable":true,"href":"https:\/\/shop.bantam.ch\/fr\/wp-json\/wp\/v2\/product_tag?post=186136"}],"curies":[{"name":"wp","href":"https:\/\/api.w.org\/{rel}","templated":true}]}}