{"id":186103,"date":"2023-08-13T13:52:11","date_gmt":"2023-08-13T11:52:11","guid":{"rendered":"https:\/\/shop.bantam.ch\/produit\/cobble-stone-briquette-6-pieces-2\/"},"modified":"2026-04-17T22:50:21","modified_gmt":"2026-04-17T20:50:21","slug":"cobble-stone-briquette-6-pieces-2","status":"publish","type":"product","link":"https:\/\/shop.bantam.ch\/fr\/produit\/cobble-stone-briquette-6-pieces-2\/","title":{"rendered":"Briquette Cobble Stone convient pour Cobb Grill Contenu 6 pi\u00e8ces Version CH"},"content":{"rendered":"<p>Originaire d&rsquo;Inde, la CobbleStone est fabriqu\u00e9e \u00e0 partir du sous-produit de la noix de coco, c&rsquo;est-\u00e0-dire de la coque de la noix de coco. Gr\u00e2ce \u00e0 la technologie d&rsquo;allumage rapide de nos CobbleStones, l&rsquo;allumage prend quelques secondes, sans l&rsquo;aide d&rsquo;un allume-feu.&nbsp;<br \/>\nApr\u00e8s l&rsquo;allumage, il faut environ 3 minutes, puis la CobbleStone cesse de fumer et en 5 minutes, elle est pr\u00eate pour que vous puissiez commencer \u00e0 cuisiner.<\/p>\n","protected":false},"excerpt":{"rendered":"<p>Originaire d&rsquo;Inde, la CobbleStone est fabriqu\u00e9e \u00e0 partir du sous-produit de la noix de coco, c&rsquo;est-\u00e0-dire de la coque de la noix de coco. Gr\u00e2ce \u00e0 la technologie d&rsquo;allumage rapide de nos CobbleStones, l&rsquo;allumage prend quelques secondes, sans l&rsquo;aide d&rsquo;un allume-feu.&nbsp; Apr\u00e8s l&rsquo;allumage, il faut environ 3 minutes, puis la CobbleStone cesse de fumer et [&hellip;]<\/p>\n","protected":false},"featured_media":186099,"template":"","meta":{"_acf_changed":false},"product_featured_cat":[],"product_brand":[3114],"product_cat":[4339],"product_tag":[],"class_list":{"0":"post-186103","1":"product","2":"type-product","3":"status-publish","4":"has-post-thumbnail","6":"product_brand-cobb","7":"product_cat-accessoires-pour-barbecue","9":"first","10":"instock","11":"taxable","12":"shipping-taxable","13":"purchasable","14":"product-type-simple"},"acf":[],"yoast_head":"<!-- This site is optimized with the Yoast SEO plugin v27.4 - https:\/\/yoast.com\/product\/yoast-seo-wordpress\/ -->\n<title>Briquette Cobble Stone convient pour Cobb Grill Contenu 6 pi\u00e8ces Version CH - Bantam Wankm\u00fcller SA<\/title>\n<meta name=\"robots\" content=\"index, follow, max-snippet:-1, max-image-preview:large, max-video-preview:-1\" \/>\n<link rel=\"canonical\" href=\"https:\/\/shop.bantam.ch\/fr\/produit\/cobble-stone-briquette-6-pieces-2\/\" \/>\n<meta property=\"og:locale\" content=\"fr_FR\" \/>\n<meta property=\"og:type\" content=\"article\" \/>\n<meta property=\"og:title\" content=\"Briquette Cobble Stone convient pour Cobb Grill Contenu 6 pi\u00e8ces Version CH - Bantam Wankm\u00fcller SA\" \/>\n<meta property=\"og:description\" content=\"Originaire d&rsquo;Inde, la CobbleStone est fabriqu\u00e9e \u00e0 partir du sous-produit de la noix de coco, c&rsquo;est-\u00e0-dire de la coque de la noix de coco. Gr\u00e2ce \u00e0 la technologie d&rsquo;allumage rapide de nos CobbleStones, l&rsquo;allumage prend quelques secondes, sans l&rsquo;aide d&rsquo;un allume-feu.&nbsp; Apr\u00e8s l&rsquo;allumage, il faut environ 3 minutes, puis la CobbleStone cesse de fumer et [&hellip;]\" \/>\n<meta property=\"og:url\" content=\"https:\/\/shop.bantam.ch\/fr\/produit\/cobble-stone-briquette-6-pieces-2\/\" \/>\n<meta property=\"og:site_name\" content=\"Bantam Wankm\u00fcller SA\" \/>\n<meta property=\"article:modified_time\" content=\"2026-04-17T20:50:21+00:00\" \/>\n<meta property=\"og:image\" content=\"https:\/\/shop.bantam.ch\/wp-content\/uploads\/2023\/08\/9933375-Cobbble_Stone_Brikett_passend_zu_Cobb_Grill_6_Briketts_Packte-Standard-02-1.jpg\" \/>\n\t<meta property=\"og:image:width\" content=\"1000\" \/>\n\t<meta property=\"og:image:height\" content=\"1000\" \/>\n\t<meta property=\"og:image:type\" content=\"image\/jpeg\" \/>\n<meta name=\"twitter:card\" content=\"summary_large_image\" \/>\n<script type=\"application\/ld+json\" class=\"yoast-schema-graph\">{\"@context\":\"https:\\\/\\\/schema.org\",\"@graph\":[{\"@type\":\"WebPage\",\"@id\":\"https:\\\/\\\/shop.bantam.ch\\\/fr\\\/produit\\\/cobble-stone-briquette-6-pieces-2\\\/\",\"url\":\"https:\\\/\\\/shop.bantam.ch\\\/fr\\\/produit\\\/cobble-stone-briquette-6-pieces-2\\\/\",\"name\":\"Briquette Cobble Stone convient pour Cobb Grill Contenu 6 pi\u00e8ces Version CH - Bantam Wankm\u00fcller SA\",\"isPartOf\":{\"@id\":\"https:\\\/\\\/shop.bantam.ch\\\/fr\\\/#website\"},\"primaryImageOfPage\":{\"@id\":\"https:\\\/\\\/shop.bantam.ch\\\/fr\\\/produit\\\/cobble-stone-briquette-6-pieces-2\\\/#primaryimage\"},\"image\":{\"@id\":\"https:\\\/\\\/shop.bantam.ch\\\/fr\\\/produit\\\/cobble-stone-briquette-6-pieces-2\\\/#primaryimage\"},\"thumbnailUrl\":\"https:\\\/\\\/shop.bantam.ch\\\/wp-content\\\/uploads\\\/2023\\\/08\\\/9933375-Cobbble_Stone_Brikett_passend_zu_Cobb_Grill_6_Briketts_Packte-Standard-02-1.jpg\",\"datePublished\":\"2023-08-13T11:52:11+00:00\",\"dateModified\":\"2026-04-17T20:50:21+00:00\",\"breadcrumb\":{\"@id\":\"https:\\\/\\\/shop.bantam.ch\\\/fr\\\/produit\\\/cobble-stone-briquette-6-pieces-2\\\/#breadcrumb\"},\"inLanguage\":\"fr-FR\",\"potentialAction\":[{\"@type\":\"ReadAction\",\"target\":[\"https:\\\/\\\/shop.bantam.ch\\\/fr\\\/produit\\\/cobble-stone-briquette-6-pieces-2\\\/\"]}]},{\"@type\":\"ImageObject\",\"inLanguage\":\"fr-FR\",\"@id\":\"https:\\\/\\\/shop.bantam.ch\\\/fr\\\/produit\\\/cobble-stone-briquette-6-pieces-2\\\/#primaryimage\",\"url\":\"https:\\\/\\\/shop.bantam.ch\\\/wp-content\\\/uploads\\\/2023\\\/08\\\/9933375-Cobbble_Stone_Brikett_passend_zu_Cobb_Grill_6_Briketts_Packte-Standard-02-1.jpg\",\"contentUrl\":\"https:\\\/\\\/shop.bantam.ch\\\/wp-content\\\/uploads\\\/2023\\\/08\\\/9933375-Cobbble_Stone_Brikett_passend_zu_Cobb_Grill_6_Briketts_Packte-Standard-02-1.jpg\",\"width\":1000,\"height\":1000},{\"@type\":\"BreadcrumbList\",\"@id\":\"https:\\\/\\\/shop.bantam.ch\\\/fr\\\/produit\\\/cobble-stone-briquette-6-pieces-2\\\/#breadcrumb\",\"itemListElement\":[{\"@type\":\"ListItem\",\"position\":1,\"name\":\"Accueil\",\"item\":\"https:\\\/\\\/shop.bantam.ch\\\/fr\\\/\"},{\"@type\":\"ListItem\",\"position\":2,\"name\":\"Boutique\",\"item\":\"https:\\\/\\\/shop.bantam.ch\\\/fr\\\/boutique\\\/\"},{\"@type\":\"ListItem\",\"position\":3,\"name\":\"Briquette Cobble Stone convient pour Cobb Grill Contenu 6 pi\u00e8ces Version CH\"}]},{\"@type\":\"WebSite\",\"@id\":\"https:\\\/\\\/shop.bantam.ch\\\/fr\\\/#website\",\"url\":\"https:\\\/\\\/shop.bantam.ch\\\/fr\\\/\",\"name\":\"Bantam Wankm\u00fcller SA\",\"description\":\"\",\"publisher\":{\"@id\":\"https:\\\/\\\/shop.bantam.ch\\\/fr\\\/#organization\"},\"inLanguage\":\"fr-FR\"},{\"@type\":\"Organization\",\"@id\":\"https:\\\/\\\/shop.bantam.ch\\\/fr\\\/#organization\",\"name\":\"Bantam Wankm\u00fcller SA\",\"url\":\"https:\\\/\\\/shop.bantam.ch\\\/fr\\\/\",\"logo\":{\"@type\":\"ImageObject\",\"inLanguage\":\"fr-FR\",\"@id\":\"https:\\\/\\\/shop.bantam.ch\\\/fr\\\/#\\\/schema\\\/logo\\\/image\\\/\",\"url\":\"https:\\\/\\\/shop.bantam.ch\\\/wp-content\\\/uploads\\\/2022\\\/12\\\/bantam-logo.png\",\"contentUrl\":\"https:\\\/\\\/shop.bantam.ch\\\/wp-content\\\/uploads\\\/2022\\\/12\\\/bantam-logo.png\",\"width\":320,\"height\":71,\"caption\":\"Bantam Wankm\u00fcller SA\"},\"image\":{\"@id\":\"https:\\\/\\\/shop.bantam.ch\\\/fr\\\/#\\\/schema\\\/logo\\\/image\\\/\"}}]}<\/script>\n<!-- \/ Yoast SEO plugin. -->","yoast_head_json":{"title":"Briquette Cobble Stone convient pour Cobb Grill Contenu 6 pi\u00e8ces Version CH - Bantam Wankm\u00fcller SA","robots":{"index":"index","follow":"follow","max-snippet":"max-snippet:-1","max-image-preview":"max-image-preview:large","max-video-preview":"max-video-preview:-1"},"canonical":"https:\/\/shop.bantam.ch\/fr\/produit\/cobble-stone-briquette-6-pieces-2\/","og_locale":"fr_FR","og_type":"article","og_title":"Briquette Cobble Stone convient pour Cobb Grill Contenu 6 pi\u00e8ces Version CH - Bantam Wankm\u00fcller SA","og_description":"Originaire d&rsquo;Inde, la CobbleStone est fabriqu\u00e9e \u00e0 partir du sous-produit de la noix de coco, c&rsquo;est-\u00e0-dire de la coque de la noix de coco. Gr\u00e2ce \u00e0 la technologie d&rsquo;allumage rapide de nos CobbleStones, l&rsquo;allumage prend quelques secondes, sans l&rsquo;aide d&rsquo;un allume-feu.&nbsp; Apr\u00e8s l&rsquo;allumage, il faut environ 3 minutes, puis la CobbleStone cesse de fumer et [&hellip;]","og_url":"https:\/\/shop.bantam.ch\/fr\/produit\/cobble-stone-briquette-6-pieces-2\/","og_site_name":"Bantam Wankm\u00fcller SA","article_modified_time":"2026-04-17T20:50:21+00:00","og_image":[{"width":1000,"height":1000,"url":"https:\/\/shop.bantam.ch\/wp-content\/uploads\/2023\/08\/9933375-Cobbble_Stone_Brikett_passend_zu_Cobb_Grill_6_Briketts_Packte-Standard-02-1.jpg","type":"image\/jpeg"}],"twitter_card":"summary_large_image","schema":{"@context":"https:\/\/schema.org","@graph":[{"@type":"WebPage","@id":"https:\/\/shop.bantam.ch\/fr\/produit\/cobble-stone-briquette-6-pieces-2\/","url":"https:\/\/shop.bantam.ch\/fr\/produit\/cobble-stone-briquette-6-pieces-2\/","name":"Briquette Cobble Stone convient pour Cobb Grill Contenu 6 pi\u00e8ces Version CH - Bantam Wankm\u00fcller SA","isPartOf":{"@id":"https:\/\/shop.bantam.ch\/fr\/#website"},"primaryImageOfPage":{"@id":"https:\/\/shop.bantam.ch\/fr\/produit\/cobble-stone-briquette-6-pieces-2\/#primaryimage"},"image":{"@id":"https:\/\/shop.bantam.ch\/fr\/produit\/cobble-stone-briquette-6-pieces-2\/#primaryimage"},"thumbnailUrl":"https:\/\/shop.bantam.ch\/wp-content\/uploads\/2023\/08\/9933375-Cobbble_Stone_Brikett_passend_zu_Cobb_Grill_6_Briketts_Packte-Standard-02-1.jpg","datePublished":"2023-08-13T11:52:11+00:00","dateModified":"2026-04-17T20:50:21+00:00","breadcrumb":{"@id":"https:\/\/shop.bantam.ch\/fr\/produit\/cobble-stone-briquette-6-pieces-2\/#breadcrumb"},"inLanguage":"fr-FR","potentialAction":[{"@type":"ReadAction","target":["https:\/\/shop.bantam.ch\/fr\/produit\/cobble-stone-briquette-6-pieces-2\/"]}]},{"@type":"ImageObject","inLanguage":"fr-FR","@id":"https:\/\/shop.bantam.ch\/fr\/produit\/cobble-stone-briquette-6-pieces-2\/#primaryimage","url":"https:\/\/shop.bantam.ch\/wp-content\/uploads\/2023\/08\/9933375-Cobbble_Stone_Brikett_passend_zu_Cobb_Grill_6_Briketts_Packte-Standard-02-1.jpg","contentUrl":"https:\/\/shop.bantam.ch\/wp-content\/uploads\/2023\/08\/9933375-Cobbble_Stone_Brikett_passend_zu_Cobb_Grill_6_Briketts_Packte-Standard-02-1.jpg","width":1000,"height":1000},{"@type":"BreadcrumbList","@id":"https:\/\/shop.bantam.ch\/fr\/produit\/cobble-stone-briquette-6-pieces-2\/#breadcrumb","itemListElement":[{"@type":"ListItem","position":1,"name":"Accueil","item":"https:\/\/shop.bantam.ch\/fr\/"},{"@type":"ListItem","position":2,"name":"Boutique","item":"https:\/\/shop.bantam.ch\/fr\/boutique\/"},{"@type":"ListItem","position":3,"name":"Briquette Cobble Stone convient pour Cobb Grill Contenu 6 pi\u00e8ces Version CH"}]},{"@type":"WebSite","@id":"https:\/\/shop.bantam.ch\/fr\/#website","url":"https:\/\/shop.bantam.ch\/fr\/","name":"Bantam Wankm\u00fcller SA","description":"","publisher":{"@id":"https:\/\/shop.bantam.ch\/fr\/#organization"},"inLanguage":"fr-FR"},{"@type":"Organization","@id":"https:\/\/shop.bantam.ch\/fr\/#organization","name":"Bantam Wankm\u00fcller SA","url":"https:\/\/shop.bantam.ch\/fr\/","logo":{"@type":"ImageObject","inLanguage":"fr-FR","@id":"https:\/\/shop.bantam.ch\/fr\/#\/schema\/logo\/image\/","url":"https:\/\/shop.bantam.ch\/wp-content\/uploads\/2022\/12\/bantam-logo.png","contentUrl":"https:\/\/shop.bantam.ch\/wp-content\/uploads\/2022\/12\/bantam-logo.png","width":320,"height":71,"caption":"Bantam Wankm\u00fcller SA"},"image":{"@id":"https:\/\/shop.bantam.ch\/fr\/#\/schema\/logo\/image\/"}}]}},"_links":{"self":[{"href":"https:\/\/shop.bantam.ch\/fr\/wp-json\/wp\/v2\/product\/186103","targetHints":{"allow":["GET"]}}],"collection":[{"href":"https:\/\/shop.bantam.ch\/fr\/wp-json\/wp\/v2\/product"}],"about":[{"href":"https:\/\/shop.bantam.ch\/fr\/wp-json\/wp\/v2\/types\/product"}],"wp:featuredmedia":[{"embeddable":true,"href":"https:\/\/shop.bantam.ch\/fr\/wp-json\/wp\/v2\/media\/186099"}],"wp:attachment":[{"href":"https:\/\/shop.bantam.ch\/fr\/wp-json\/wp\/v2\/media?parent=186103"}],"wp:term":[{"taxonomy":"product_featured_cat","embeddable":true,"href":"https:\/\/shop.bantam.ch\/fr\/wp-json\/wp\/v2\/product_featured_cat?post=186103"},{"taxonomy":"product_brand","embeddable":true,"href":"https:\/\/shop.bantam.ch\/fr\/wp-json\/wp\/v2\/product_brand?post=186103"},{"taxonomy":"product_cat","embeddable":true,"href":"https:\/\/shop.bantam.ch\/fr\/wp-json\/wp\/v2\/product_cat?post=186103"},{"taxonomy":"product_tag","embeddable":true,"href":"https:\/\/shop.bantam.ch\/fr\/wp-json\/wp\/v2\/product_tag?post=186103"}],"curies":[{"name":"wp","href":"https:\/\/api.w.org\/{rel}","templated":true}]}}