{"id":183654,"date":"2023-05-26T08:36:07","date_gmt":"2023-05-26T06:36:07","guid":{"rendered":"https:\/\/shop.bantam.ch\/produit\/store-mural-f45-s-sans-support-standard\/"},"modified":"2026-04-18T00:51:00","modified_gmt":"2026-04-17T22:51:00","slug":"store-mural-f45-s-sans-support-standard","status":"publish","type":"product","link":"https:\/\/shop.bantam.ch\/fr\/produit\/store-mural-f45-s-sans-support-standard\/","title":{"rendered":"Store mural F45 S sans support standard"},"content":{"rendered":"<p>\u00a0<span>Grande facilit\u00e9 de man\u0153uvre et simplicit\u00e9 de montage ; le store F45 allie une technologie d\u2019avant-garde \u00e0 la meilleure qualit\u00e9 et au meilleur service. Design compact et fonctionnel, toujours \u00e0 la pointe de la technologie et de la qualit\u00e9, r\u00e9sistant et solide, s\u00fbr et pratique \u00e0 utiliser. L\u2019anneau visible facilite l\u2019accrochage de la manivelle lors de l\u2019ouverture du store.<\/span><\/p>\n<ul>\n<li>LED : de nombreux mod\u00e8les de LED diff\u00e9rents pour l\u2019\u00e9clairage sous le store<\/li>\n<li>Double Guide : double rail sur le bandeau frontal permettant ainsi l\u2019installation simultan\u00e9e de deux fa\u00e7ades<\/li>\n<li><span><span>Fermeture parfaite : ouverture et fermeture silencieuses et rapides gr\u00e2ce au m\u00e9canisme de s\u00e9curit\u00e9 Auto Lock. Les indicateurs visuels Dual Security Syst\u00e8me permettent d\u2019ajuster la fermeture du store de mani\u00e8re parfaite et compl\u00e8te.<\/span><\/span><\/li>\n<li><span>Presto Fix: Syst\u00e8me qui permet d\u2019ajuster la fermeture du bandeau frontal pour garantir une fermeture parfaite dans le temps.<\/span><\/li>\n<li><span><span>Enroulement de la toile uniquement dans le bon sens, garanti par le syst\u00e8me brevet\u00e9 One Way Roll<\/span><\/span><\/li>\n<li><span>Absorbeur de chocs Dual : support antichoc \u00e0 double vis brevet\u00e9 qui prot\u00e8ge \u00e0 la vois le  store et le v\u00e9hicule<\/span><\/li>\n<li><span><span>Bras articul\u00e9s renforc\u00e9s avec double c\u00e2ble en acier pour une tension optimale de la toile<\/span><\/span><\/li>\n<li><span><span>Secure Lock : les pieds peuvent \u00eatre fix\u00e9s au sol ou \u00e0 la paroi du v\u00e9hicule et permettent de r\u00e9gler la hauteur du panneau avant gr\u00e2ce \u00e0 un syst\u00e8me t\u00e9lescopique s\u00fbr et pratique.<\/span><\/span><\/li>\n<li><span>Accessoires : une vaste gamme d\u2019accessoires pour encore plus de confort<\/span><\/li>\n<\/ul>\n<p>\u00a0<\/p>\n<p><span>Mat\u00e9riau :<br \/><\/span><span>Toile : 90 % PVC, 10 % polyester<br \/><\/span><span>Bo\u00eetier : Aluminium<\/span><\/p>\n<p><span>Contenu de la livraison \u00a0<br \/>Store F 45 S 260-400<br \/><\/span><span>Manivelle pour store<br \/><\/span><span>Plaques de fixation (supports standard) pour les parois verticales des v\u00e9hicules<br \/><\/span><span>Fixation du pied de support \u00e0 la paroi<br \/><\/span><span>Sardines pour fixation au sol<br \/><\/span><span>livr\u00e9 avec 1 barre de tension Rafter  en aluminium anodis\u00e9<\/span><\/p>\n","protected":false},"excerpt":{"rendered":"<p>\u00a0Grande facilit\u00e9 de man\u0153uvre et simplicit\u00e9 de montage ; le store F45 allie une technologie d\u2019avant-garde \u00e0 la meilleure qualit\u00e9 et au meilleur service. Design compact et fonctionnel, toujours \u00e0 la pointe de la technologie et de la qualit\u00e9, r\u00e9sistant et solide, s\u00fbr et pratique \u00e0 utiliser. L\u2019anneau visible facilite l\u2019accrochage de la manivelle lors [&hellip;]<\/p>\n","protected":false},"featured_media":183652,"template":"","meta":{"_acf_changed":false},"product_featured_cat":[],"product_brand":[3034],"product_cat":[4213],"product_tag":[],"class_list":{"0":"post-183654","1":"product","2":"type-product","3":"status-publish","4":"has-post-thumbnail","6":"product_brand-fiamma","7":"product_cat-stores-a-cassette","9":"first","10":"instock","11":"taxable","12":"shipping-taxable","13":"purchasable","14":"product-type-variable"},"acf":[],"yoast_head":"<!-- This site is optimized with the Yoast SEO plugin v27.4 - https:\/\/yoast.com\/product\/yoast-seo-wordpress\/ -->\n<title>Store mural F45 S sans support standard - Bantam Wankm\u00fcller SA<\/title>\n<meta name=\"robots\" content=\"index, follow, max-snippet:-1, max-image-preview:large, max-video-preview:-1\" \/>\n<link rel=\"canonical\" href=\"https:\/\/shop.bantam.ch\/fr\/produit\/store-mural-f45-s-sans-support-standard\/\" \/>\n<meta property=\"og:locale\" content=\"fr_FR\" \/>\n<meta property=\"og:type\" content=\"article\" \/>\n<meta property=\"og:title\" content=\"Store mural F45 S sans support standard - Bantam Wankm\u00fcller SA\" \/>\n<meta property=\"og:description\" content=\"\u00a0Grande facilit\u00e9 de man\u0153uvre et simplicit\u00e9 de montage ; le store F45 allie une technologie d\u2019avant-garde \u00e0 la meilleure qualit\u00e9 et au meilleur service. Design compact et fonctionnel, toujours \u00e0 la pointe de la technologie et de la qualit\u00e9, r\u00e9sistant et solide, s\u00fbr et pratique \u00e0 utiliser. L\u2019anneau visible facilite l\u2019accrochage de la manivelle lors [&hellip;]\" \/>\n<meta property=\"og:url\" content=\"https:\/\/shop.bantam.ch\/fr\/produit\/store-mural-f45-s-sans-support-standard\/\" \/>\n<meta property=\"og:site_name\" content=\"Bantam Wankm\u00fcller SA\" \/>\n<meta property=\"article:modified_time\" content=\"2026-04-17T22:51:00+00:00\" \/>\n<meta property=\"og:image\" content=\"https:\/\/shop.bantam.ch\/wp-content\/uploads\/2023\/05\/997075511.jpg\" \/>\n\t<meta property=\"og:image:width\" content=\"690\" \/>\n\t<meta property=\"og:image:height\" content=\"460\" \/>\n\t<meta property=\"og:image:type\" content=\"image\/jpeg\" \/>\n<meta name=\"twitter:card\" content=\"summary_large_image\" \/>\n<meta name=\"twitter:label1\" content=\"Dur\u00e9e de lecture estim\u00e9e\" \/>\n\t<meta name=\"twitter:data1\" content=\"2 minutes\" \/>\n<script type=\"application\/ld+json\" class=\"yoast-schema-graph\">{\"@context\":\"https:\\\/\\\/schema.org\",\"@graph\":[{\"@type\":\"WebPage\",\"@id\":\"https:\\\/\\\/shop.bantam.ch\\\/fr\\\/produit\\\/store-mural-f45-s-sans-support-standard\\\/\",\"url\":\"https:\\\/\\\/shop.bantam.ch\\\/fr\\\/produit\\\/store-mural-f45-s-sans-support-standard\\\/\",\"name\":\"Store mural F45 S sans support standard - Bantam Wankm\u00fcller SA\",\"isPartOf\":{\"@id\":\"https:\\\/\\\/shop.bantam.ch\\\/fr\\\/#website\"},\"primaryImageOfPage\":{\"@id\":\"https:\\\/\\\/shop.bantam.ch\\\/fr\\\/produit\\\/store-mural-f45-s-sans-support-standard\\\/#primaryimage\"},\"image\":{\"@id\":\"https:\\\/\\\/shop.bantam.ch\\\/fr\\\/produit\\\/store-mural-f45-s-sans-support-standard\\\/#primaryimage\"},\"thumbnailUrl\":\"https:\\\/\\\/shop.bantam.ch\\\/wp-content\\\/uploads\\\/2023\\\/05\\\/997075511.jpg\",\"datePublished\":\"2023-05-26T06:36:07+00:00\",\"dateModified\":\"2026-04-17T22:51:00+00:00\",\"breadcrumb\":{\"@id\":\"https:\\\/\\\/shop.bantam.ch\\\/fr\\\/produit\\\/store-mural-f45-s-sans-support-standard\\\/#breadcrumb\"},\"inLanguage\":\"fr-FR\",\"potentialAction\":[{\"@type\":\"ReadAction\",\"target\":[\"https:\\\/\\\/shop.bantam.ch\\\/fr\\\/produit\\\/store-mural-f45-s-sans-support-standard\\\/\"]}]},{\"@type\":\"ImageObject\",\"inLanguage\":\"fr-FR\",\"@id\":\"https:\\\/\\\/shop.bantam.ch\\\/fr\\\/produit\\\/store-mural-f45-s-sans-support-standard\\\/#primaryimage\",\"url\":\"https:\\\/\\\/shop.bantam.ch\\\/wp-content\\\/uploads\\\/2023\\\/05\\\/997075511.jpg\",\"contentUrl\":\"https:\\\/\\\/shop.bantam.ch\\\/wp-content\\\/uploads\\\/2023\\\/05\\\/997075511.jpg\",\"width\":690,\"height\":460},{\"@type\":\"BreadcrumbList\",\"@id\":\"https:\\\/\\\/shop.bantam.ch\\\/fr\\\/produit\\\/store-mural-f45-s-sans-support-standard\\\/#breadcrumb\",\"itemListElement\":[{\"@type\":\"ListItem\",\"position\":1,\"name\":\"Accueil\",\"item\":\"https:\\\/\\\/shop.bantam.ch\\\/fr\\\/\"},{\"@type\":\"ListItem\",\"position\":2,\"name\":\"Boutique\",\"item\":\"https:\\\/\\\/shop.bantam.ch\\\/fr\\\/boutique\\\/\"},{\"@type\":\"ListItem\",\"position\":3,\"name\":\"Store mural F45 S sans support standard\"}]},{\"@type\":\"WebSite\",\"@id\":\"https:\\\/\\\/shop.bantam.ch\\\/fr\\\/#website\",\"url\":\"https:\\\/\\\/shop.bantam.ch\\\/fr\\\/\",\"name\":\"Bantam Wankm\u00fcller SA\",\"description\":\"\",\"publisher\":{\"@id\":\"https:\\\/\\\/shop.bantam.ch\\\/fr\\\/#organization\"},\"inLanguage\":\"fr-FR\"},{\"@type\":\"Organization\",\"@id\":\"https:\\\/\\\/shop.bantam.ch\\\/fr\\\/#organization\",\"name\":\"Bantam Wankm\u00fcller SA\",\"url\":\"https:\\\/\\\/shop.bantam.ch\\\/fr\\\/\",\"logo\":{\"@type\":\"ImageObject\",\"inLanguage\":\"fr-FR\",\"@id\":\"https:\\\/\\\/shop.bantam.ch\\\/fr\\\/#\\\/schema\\\/logo\\\/image\\\/\",\"url\":\"https:\\\/\\\/shop.bantam.ch\\\/wp-content\\\/uploads\\\/2022\\\/12\\\/bantam-logo.png\",\"contentUrl\":\"https:\\\/\\\/shop.bantam.ch\\\/wp-content\\\/uploads\\\/2022\\\/12\\\/bantam-logo.png\",\"width\":320,\"height\":71,\"caption\":\"Bantam Wankm\u00fcller SA\"},\"image\":{\"@id\":\"https:\\\/\\\/shop.bantam.ch\\\/fr\\\/#\\\/schema\\\/logo\\\/image\\\/\"}}]}<\/script>\n<!-- \/ Yoast SEO plugin. -->","yoast_head_json":{"title":"Store mural F45 S sans support standard - Bantam Wankm\u00fcller SA","robots":{"index":"index","follow":"follow","max-snippet":"max-snippet:-1","max-image-preview":"max-image-preview:large","max-video-preview":"max-video-preview:-1"},"canonical":"https:\/\/shop.bantam.ch\/fr\/produit\/store-mural-f45-s-sans-support-standard\/","og_locale":"fr_FR","og_type":"article","og_title":"Store mural F45 S sans support standard - Bantam Wankm\u00fcller SA","og_description":"\u00a0Grande facilit\u00e9 de man\u0153uvre et simplicit\u00e9 de montage ; le store F45 allie une technologie d\u2019avant-garde \u00e0 la meilleure qualit\u00e9 et au meilleur service. Design compact et fonctionnel, toujours \u00e0 la pointe de la technologie et de la qualit\u00e9, r\u00e9sistant et solide, s\u00fbr et pratique \u00e0 utiliser. L\u2019anneau visible facilite l\u2019accrochage de la manivelle lors [&hellip;]","og_url":"https:\/\/shop.bantam.ch\/fr\/produit\/store-mural-f45-s-sans-support-standard\/","og_site_name":"Bantam Wankm\u00fcller SA","article_modified_time":"2026-04-17T22:51:00+00:00","og_image":[{"width":690,"height":460,"url":"https:\/\/shop.bantam.ch\/wp-content\/uploads\/2023\/05\/997075511.jpg","type":"image\/jpeg"}],"twitter_card":"summary_large_image","twitter_misc":{"Dur\u00e9e de lecture estim\u00e9e":"2 minutes"},"schema":{"@context":"https:\/\/schema.org","@graph":[{"@type":"WebPage","@id":"https:\/\/shop.bantam.ch\/fr\/produit\/store-mural-f45-s-sans-support-standard\/","url":"https:\/\/shop.bantam.ch\/fr\/produit\/store-mural-f45-s-sans-support-standard\/","name":"Store mural F45 S sans support standard - Bantam Wankm\u00fcller SA","isPartOf":{"@id":"https:\/\/shop.bantam.ch\/fr\/#website"},"primaryImageOfPage":{"@id":"https:\/\/shop.bantam.ch\/fr\/produit\/store-mural-f45-s-sans-support-standard\/#primaryimage"},"image":{"@id":"https:\/\/shop.bantam.ch\/fr\/produit\/store-mural-f45-s-sans-support-standard\/#primaryimage"},"thumbnailUrl":"https:\/\/shop.bantam.ch\/wp-content\/uploads\/2023\/05\/997075511.jpg","datePublished":"2023-05-26T06:36:07+00:00","dateModified":"2026-04-17T22:51:00+00:00","breadcrumb":{"@id":"https:\/\/shop.bantam.ch\/fr\/produit\/store-mural-f45-s-sans-support-standard\/#breadcrumb"},"inLanguage":"fr-FR","potentialAction":[{"@type":"ReadAction","target":["https:\/\/shop.bantam.ch\/fr\/produit\/store-mural-f45-s-sans-support-standard\/"]}]},{"@type":"ImageObject","inLanguage":"fr-FR","@id":"https:\/\/shop.bantam.ch\/fr\/produit\/store-mural-f45-s-sans-support-standard\/#primaryimage","url":"https:\/\/shop.bantam.ch\/wp-content\/uploads\/2023\/05\/997075511.jpg","contentUrl":"https:\/\/shop.bantam.ch\/wp-content\/uploads\/2023\/05\/997075511.jpg","width":690,"height":460},{"@type":"BreadcrumbList","@id":"https:\/\/shop.bantam.ch\/fr\/produit\/store-mural-f45-s-sans-support-standard\/#breadcrumb","itemListElement":[{"@type":"ListItem","position":1,"name":"Accueil","item":"https:\/\/shop.bantam.ch\/fr\/"},{"@type":"ListItem","position":2,"name":"Boutique","item":"https:\/\/shop.bantam.ch\/fr\/boutique\/"},{"@type":"ListItem","position":3,"name":"Store mural F45 S sans support standard"}]},{"@type":"WebSite","@id":"https:\/\/shop.bantam.ch\/fr\/#website","url":"https:\/\/shop.bantam.ch\/fr\/","name":"Bantam Wankm\u00fcller SA","description":"","publisher":{"@id":"https:\/\/shop.bantam.ch\/fr\/#organization"},"inLanguage":"fr-FR"},{"@type":"Organization","@id":"https:\/\/shop.bantam.ch\/fr\/#organization","name":"Bantam Wankm\u00fcller SA","url":"https:\/\/shop.bantam.ch\/fr\/","logo":{"@type":"ImageObject","inLanguage":"fr-FR","@id":"https:\/\/shop.bantam.ch\/fr\/#\/schema\/logo\/image\/","url":"https:\/\/shop.bantam.ch\/wp-content\/uploads\/2022\/12\/bantam-logo.png","contentUrl":"https:\/\/shop.bantam.ch\/wp-content\/uploads\/2022\/12\/bantam-logo.png","width":320,"height":71,"caption":"Bantam Wankm\u00fcller SA"},"image":{"@id":"https:\/\/shop.bantam.ch\/fr\/#\/schema\/logo\/image\/"}}]}},"_links":{"self":[{"href":"https:\/\/shop.bantam.ch\/fr\/wp-json\/wp\/v2\/product\/183654","targetHints":{"allow":["GET"]}}],"collection":[{"href":"https:\/\/shop.bantam.ch\/fr\/wp-json\/wp\/v2\/product"}],"about":[{"href":"https:\/\/shop.bantam.ch\/fr\/wp-json\/wp\/v2\/types\/product"}],"wp:featuredmedia":[{"embeddable":true,"href":"https:\/\/shop.bantam.ch\/fr\/wp-json\/wp\/v2\/media\/183652"}],"wp:attachment":[{"href":"https:\/\/shop.bantam.ch\/fr\/wp-json\/wp\/v2\/media?parent=183654"}],"wp:term":[{"taxonomy":"product_featured_cat","embeddable":true,"href":"https:\/\/shop.bantam.ch\/fr\/wp-json\/wp\/v2\/product_featured_cat?post=183654"},{"taxonomy":"product_brand","embeddable":true,"href":"https:\/\/shop.bantam.ch\/fr\/wp-json\/wp\/v2\/product_brand?post=183654"},{"taxonomy":"product_cat","embeddable":true,"href":"https:\/\/shop.bantam.ch\/fr\/wp-json\/wp\/v2\/product_cat?post=183654"},{"taxonomy":"product_tag","embeddable":true,"href":"https:\/\/shop.bantam.ch\/fr\/wp-json\/wp\/v2\/product_tag?post=183654"}],"curies":[{"name":"wp","href":"https:\/\/api.w.org\/{rel}","templated":true}]}}