{"id":183566,"date":"2023-05-26T08:31:18","date_gmt":"2023-05-26T06:31:18","guid":{"rendered":"https:\/\/shop.bantam.ch\/produit\/porte-velos-a-timon-bc260\/"},"modified":"2026-04-18T00:50:52","modified_gmt":"2026-04-17T22:50:52","slug":"porte-velos-a-timon-bc260","status":"publish","type":"product","link":"https:\/\/shop.bantam.ch\/fr\/produit\/porte-velos-a-timon-bc260\/","title":{"rendered":"Porte-v\u00e9los \u00e0 timon BC260"},"content":{"rendered":"<p>Con\u00e7u pour le transport de 2 v\u00e9los sur le timon d&rsquo;une caravane.\u00a0<\/p>\n<p>\u00a0<\/p>\n<ul>\n<li>Adapt\u00e9 pour les v\u00e9los \u00e9lectriques<\/li>\n<li>Extensible jusqu&rsquo;\u00e0 34,5 cm env.<\/li>\n<li>\u00c9cart des rails : Env. 20 cm<\/li>\n<li>Empattement\u00a0: Capacit\u00e9 de charge 125 cm.\u00a0<\/li>\n<li>Capacit\u00e9 de charge Largeur des pneus sur le rail : jusqu&rsquo;\u00e0 2,35 pouces<\/li>\n<li>Capacit\u00e9 de charge Charge utile : 60 kg<\/li>\n<li>Poids \u00e0 vide : Env. 10 kg<\/li>\n<\/ul>\n","protected":false},"excerpt":{"rendered":"<p>Con\u00e7u pour le transport de 2 v\u00e9los sur le timon d&rsquo;une caravane.\u00a0 \u00a0 Adapt\u00e9 pour les v\u00e9los \u00e9lectriques Extensible jusqu&rsquo;\u00e0 34,5 cm env. \u00c9cart des rails : Env. 20 cm Empattement\u00a0: Capacit\u00e9 de charge 125 cm.\u00a0 Capacit\u00e9 de charge Largeur des pneus sur le rail : jusqu&rsquo;\u00e0 2,35 pouces Capacit\u00e9 de charge Charge utile : [&hellip;]<\/p>\n","protected":false},"featured_media":183556,"template":"","meta":{"_acf_changed":false},"product_featured_cat":[],"product_brand":[3570],"product_cat":[5135],"product_tag":[],"class_list":{"0":"post-183566","1":"product","2":"type-product","3":"status-publish","4":"has-post-thumbnail","6":"product_brand-las","7":"product_cat-porte-velos-a-timon","9":"first","10":"instock","11":"taxable","12":"shipping-taxable","13":"purchasable","14":"product-type-variable"},"acf":[],"yoast_head":"<!-- This site is optimized with the Yoast SEO plugin v27.4 - https:\/\/yoast.com\/product\/yoast-seo-wordpress\/ -->\n<title>Porte-v\u00e9los \u00e0 timon BC260 - Bantam Wankm\u00fcller SA<\/title>\n<meta name=\"robots\" content=\"index, follow, max-snippet:-1, max-image-preview:large, max-video-preview:-1\" \/>\n<link rel=\"canonical\" href=\"https:\/\/shop.bantam.ch\/fr\/produit\/porte-velos-a-timon-bc260\/\" \/>\n<meta property=\"og:locale\" content=\"fr_FR\" \/>\n<meta property=\"og:type\" content=\"article\" \/>\n<meta property=\"og:title\" content=\"Porte-v\u00e9los \u00e0 timon BC260 - Bantam Wankm\u00fcller SA\" \/>\n<meta property=\"og:description\" content=\"Con\u00e7u pour le transport de 2 v\u00e9los sur le timon d&rsquo;une caravane.\u00a0 \u00a0 Adapt\u00e9 pour les v\u00e9los \u00e9lectriques Extensible jusqu&rsquo;\u00e0 34,5 cm env. \u00c9cart des rails : Env. 20 cm Empattement\u00a0: Capacit\u00e9 de charge 125 cm.\u00a0 Capacit\u00e9 de charge Largeur des pneus sur le rail : jusqu&rsquo;\u00e0 2,35 pouces Capacit\u00e9 de charge Charge utile : [&hellip;]\" \/>\n<meta property=\"og:url\" content=\"https:\/\/shop.bantam.ch\/fr\/produit\/porte-velos-a-timon-bc260\/\" \/>\n<meta property=\"og:site_name\" content=\"Bantam Wankm\u00fcller SA\" \/>\n<meta property=\"article:modified_time\" content=\"2026-04-17T22:50:52+00:00\" \/>\n<meta property=\"og:image\" content=\"https:\/\/shop.bantam.ch\/wp-content\/uploads\/2023\/05\/9944803101-scaled.jpg\" \/>\n\t<meta property=\"og:image:width\" content=\"2048\" \/>\n\t<meta property=\"og:image:height\" content=\"1556\" \/>\n\t<meta property=\"og:image:type\" content=\"image\/jpeg\" \/>\n<meta name=\"twitter:card\" content=\"summary_large_image\" \/>\n<script type=\"application\/ld+json\" class=\"yoast-schema-graph\">{\"@context\":\"https:\\\/\\\/schema.org\",\"@graph\":[{\"@type\":\"WebPage\",\"@id\":\"https:\\\/\\\/shop.bantam.ch\\\/fr\\\/produit\\\/porte-velos-a-timon-bc260\\\/\",\"url\":\"https:\\\/\\\/shop.bantam.ch\\\/fr\\\/produit\\\/porte-velos-a-timon-bc260\\\/\",\"name\":\"Porte-v\u00e9los \u00e0 timon BC260 - Bantam Wankm\u00fcller SA\",\"isPartOf\":{\"@id\":\"https:\\\/\\\/shop.bantam.ch\\\/fr\\\/#website\"},\"primaryImageOfPage\":{\"@id\":\"https:\\\/\\\/shop.bantam.ch\\\/fr\\\/produit\\\/porte-velos-a-timon-bc260\\\/#primaryimage\"},\"image\":{\"@id\":\"https:\\\/\\\/shop.bantam.ch\\\/fr\\\/produit\\\/porte-velos-a-timon-bc260\\\/#primaryimage\"},\"thumbnailUrl\":\"https:\\\/\\\/shop.bantam.ch\\\/wp-content\\\/uploads\\\/2023\\\/05\\\/9944803101-scaled.jpg\",\"datePublished\":\"2023-05-26T06:31:18+00:00\",\"dateModified\":\"2026-04-17T22:50:52+00:00\",\"breadcrumb\":{\"@id\":\"https:\\\/\\\/shop.bantam.ch\\\/fr\\\/produit\\\/porte-velos-a-timon-bc260\\\/#breadcrumb\"},\"inLanguage\":\"fr-FR\",\"potentialAction\":[{\"@type\":\"ReadAction\",\"target\":[\"https:\\\/\\\/shop.bantam.ch\\\/fr\\\/produit\\\/porte-velos-a-timon-bc260\\\/\"]}]},{\"@type\":\"ImageObject\",\"inLanguage\":\"fr-FR\",\"@id\":\"https:\\\/\\\/shop.bantam.ch\\\/fr\\\/produit\\\/porte-velos-a-timon-bc260\\\/#primaryimage\",\"url\":\"https:\\\/\\\/shop.bantam.ch\\\/wp-content\\\/uploads\\\/2023\\\/05\\\/9944803101-scaled.jpg\",\"contentUrl\":\"https:\\\/\\\/shop.bantam.ch\\\/wp-content\\\/uploads\\\/2023\\\/05\\\/9944803101-scaled.jpg\",\"width\":2048,\"height\":1556},{\"@type\":\"BreadcrumbList\",\"@id\":\"https:\\\/\\\/shop.bantam.ch\\\/fr\\\/produit\\\/porte-velos-a-timon-bc260\\\/#breadcrumb\",\"itemListElement\":[{\"@type\":\"ListItem\",\"position\":1,\"name\":\"Accueil\",\"item\":\"https:\\\/\\\/shop.bantam.ch\\\/fr\\\/\"},{\"@type\":\"ListItem\",\"position\":2,\"name\":\"Boutique\",\"item\":\"https:\\\/\\\/shop.bantam.ch\\\/fr\\\/boutique\\\/\"},{\"@type\":\"ListItem\",\"position\":3,\"name\":\"Porte-v\u00e9los \u00e0 timon BC260\"}]},{\"@type\":\"WebSite\",\"@id\":\"https:\\\/\\\/shop.bantam.ch\\\/fr\\\/#website\",\"url\":\"https:\\\/\\\/shop.bantam.ch\\\/fr\\\/\",\"name\":\"Bantam Wankm\u00fcller SA\",\"description\":\"\",\"publisher\":{\"@id\":\"https:\\\/\\\/shop.bantam.ch\\\/fr\\\/#organization\"},\"inLanguage\":\"fr-FR\"},{\"@type\":\"Organization\",\"@id\":\"https:\\\/\\\/shop.bantam.ch\\\/fr\\\/#organization\",\"name\":\"Bantam Wankm\u00fcller SA\",\"url\":\"https:\\\/\\\/shop.bantam.ch\\\/fr\\\/\",\"logo\":{\"@type\":\"ImageObject\",\"inLanguage\":\"fr-FR\",\"@id\":\"https:\\\/\\\/shop.bantam.ch\\\/fr\\\/#\\\/schema\\\/logo\\\/image\\\/\",\"url\":\"https:\\\/\\\/shop.bantam.ch\\\/wp-content\\\/uploads\\\/2022\\\/12\\\/bantam-logo.png\",\"contentUrl\":\"https:\\\/\\\/shop.bantam.ch\\\/wp-content\\\/uploads\\\/2022\\\/12\\\/bantam-logo.png\",\"width\":320,\"height\":71,\"caption\":\"Bantam Wankm\u00fcller SA\"},\"image\":{\"@id\":\"https:\\\/\\\/shop.bantam.ch\\\/fr\\\/#\\\/schema\\\/logo\\\/image\\\/\"}}]}<\/script>\n<!-- \/ Yoast SEO plugin. -->","yoast_head_json":{"title":"Porte-v\u00e9los \u00e0 timon BC260 - Bantam Wankm\u00fcller SA","robots":{"index":"index","follow":"follow","max-snippet":"max-snippet:-1","max-image-preview":"max-image-preview:large","max-video-preview":"max-video-preview:-1"},"canonical":"https:\/\/shop.bantam.ch\/fr\/produit\/porte-velos-a-timon-bc260\/","og_locale":"fr_FR","og_type":"article","og_title":"Porte-v\u00e9los \u00e0 timon BC260 - Bantam Wankm\u00fcller SA","og_description":"Con\u00e7u pour le transport de 2 v\u00e9los sur le timon d&rsquo;une caravane.\u00a0 \u00a0 Adapt\u00e9 pour les v\u00e9los \u00e9lectriques Extensible jusqu&rsquo;\u00e0 34,5 cm env. \u00c9cart des rails : Env. 20 cm Empattement\u00a0: Capacit\u00e9 de charge 125 cm.\u00a0 Capacit\u00e9 de charge Largeur des pneus sur le rail : jusqu&rsquo;\u00e0 2,35 pouces Capacit\u00e9 de charge Charge utile : [&hellip;]","og_url":"https:\/\/shop.bantam.ch\/fr\/produit\/porte-velos-a-timon-bc260\/","og_site_name":"Bantam Wankm\u00fcller SA","article_modified_time":"2026-04-17T22:50:52+00:00","og_image":[{"width":2048,"height":1556,"url":"https:\/\/shop.bantam.ch\/wp-content\/uploads\/2023\/05\/9944803101-scaled.jpg","type":"image\/jpeg"}],"twitter_card":"summary_large_image","schema":{"@context":"https:\/\/schema.org","@graph":[{"@type":"WebPage","@id":"https:\/\/shop.bantam.ch\/fr\/produit\/porte-velos-a-timon-bc260\/","url":"https:\/\/shop.bantam.ch\/fr\/produit\/porte-velos-a-timon-bc260\/","name":"Porte-v\u00e9los \u00e0 timon BC260 - Bantam Wankm\u00fcller SA","isPartOf":{"@id":"https:\/\/shop.bantam.ch\/fr\/#website"},"primaryImageOfPage":{"@id":"https:\/\/shop.bantam.ch\/fr\/produit\/porte-velos-a-timon-bc260\/#primaryimage"},"image":{"@id":"https:\/\/shop.bantam.ch\/fr\/produit\/porte-velos-a-timon-bc260\/#primaryimage"},"thumbnailUrl":"https:\/\/shop.bantam.ch\/wp-content\/uploads\/2023\/05\/9944803101-scaled.jpg","datePublished":"2023-05-26T06:31:18+00:00","dateModified":"2026-04-17T22:50:52+00:00","breadcrumb":{"@id":"https:\/\/shop.bantam.ch\/fr\/produit\/porte-velos-a-timon-bc260\/#breadcrumb"},"inLanguage":"fr-FR","potentialAction":[{"@type":"ReadAction","target":["https:\/\/shop.bantam.ch\/fr\/produit\/porte-velos-a-timon-bc260\/"]}]},{"@type":"ImageObject","inLanguage":"fr-FR","@id":"https:\/\/shop.bantam.ch\/fr\/produit\/porte-velos-a-timon-bc260\/#primaryimage","url":"https:\/\/shop.bantam.ch\/wp-content\/uploads\/2023\/05\/9944803101-scaled.jpg","contentUrl":"https:\/\/shop.bantam.ch\/wp-content\/uploads\/2023\/05\/9944803101-scaled.jpg","width":2048,"height":1556},{"@type":"BreadcrumbList","@id":"https:\/\/shop.bantam.ch\/fr\/produit\/porte-velos-a-timon-bc260\/#breadcrumb","itemListElement":[{"@type":"ListItem","position":1,"name":"Accueil","item":"https:\/\/shop.bantam.ch\/fr\/"},{"@type":"ListItem","position":2,"name":"Boutique","item":"https:\/\/shop.bantam.ch\/fr\/boutique\/"},{"@type":"ListItem","position":3,"name":"Porte-v\u00e9los \u00e0 timon BC260"}]},{"@type":"WebSite","@id":"https:\/\/shop.bantam.ch\/fr\/#website","url":"https:\/\/shop.bantam.ch\/fr\/","name":"Bantam Wankm\u00fcller SA","description":"","publisher":{"@id":"https:\/\/shop.bantam.ch\/fr\/#organization"},"inLanguage":"fr-FR"},{"@type":"Organization","@id":"https:\/\/shop.bantam.ch\/fr\/#organization","name":"Bantam Wankm\u00fcller SA","url":"https:\/\/shop.bantam.ch\/fr\/","logo":{"@type":"ImageObject","inLanguage":"fr-FR","@id":"https:\/\/shop.bantam.ch\/fr\/#\/schema\/logo\/image\/","url":"https:\/\/shop.bantam.ch\/wp-content\/uploads\/2022\/12\/bantam-logo.png","contentUrl":"https:\/\/shop.bantam.ch\/wp-content\/uploads\/2022\/12\/bantam-logo.png","width":320,"height":71,"caption":"Bantam Wankm\u00fcller SA"},"image":{"@id":"https:\/\/shop.bantam.ch\/fr\/#\/schema\/logo\/image\/"}}]}},"_links":{"self":[{"href":"https:\/\/shop.bantam.ch\/fr\/wp-json\/wp\/v2\/product\/183566","targetHints":{"allow":["GET"]}}],"collection":[{"href":"https:\/\/shop.bantam.ch\/fr\/wp-json\/wp\/v2\/product"}],"about":[{"href":"https:\/\/shop.bantam.ch\/fr\/wp-json\/wp\/v2\/types\/product"}],"wp:featuredmedia":[{"embeddable":true,"href":"https:\/\/shop.bantam.ch\/fr\/wp-json\/wp\/v2\/media\/183556"}],"wp:attachment":[{"href":"https:\/\/shop.bantam.ch\/fr\/wp-json\/wp\/v2\/media?parent=183566"}],"wp:term":[{"taxonomy":"product_featured_cat","embeddable":true,"href":"https:\/\/shop.bantam.ch\/fr\/wp-json\/wp\/v2\/product_featured_cat?post=183566"},{"taxonomy":"product_brand","embeddable":true,"href":"https:\/\/shop.bantam.ch\/fr\/wp-json\/wp\/v2\/product_brand?post=183566"},{"taxonomy":"product_cat","embeddable":true,"href":"https:\/\/shop.bantam.ch\/fr\/wp-json\/wp\/v2\/product_cat?post=183566"},{"taxonomy":"product_tag","embeddable":true,"href":"https:\/\/shop.bantam.ch\/fr\/wp-json\/wp\/v2\/product_tag?post=183566"}],"curies":[{"name":"wp","href":"https:\/\/api.w.org\/{rel}","templated":true}]}}