{"id":182279,"date":"2023-05-26T01:08:57","date_gmt":"2023-05-25T23:08:57","guid":{"rendered":"https:\/\/shop.bantam.ch\/produit\/climatiseur-cool-top-trail-28\/"},"modified":"2026-04-17T22:46:45","modified_gmt":"2026-04-17T20:46:45","slug":"climatiseur-cool-top-trail-28","status":"publish","type":"product","link":"https:\/\/shop.bantam.ch\/fr\/produit\/climatiseur-cool-top-trail-28\/","title":{"rendered":"Climatiseur Cool Top Trail 28"},"content":{"rendered":"<ul>\n<li>Consommation de courant en mode refroidissement\u00a0: 5 A<\/li>\n<li>Consommation de courant en mode chauffage : 4,8 A<\/li>\n<li>Dimensions ext\u00e9rieures (l \u00d7 h \u00d7 p)\u00a0: 855 \u00d7 215 \u00d7 657\u00a0mm<\/li>\n<li>Dimensions int\u00e9rieures (l x h x p) : 575 \u00d7 49 \u00d7 556\u00a0mm<\/li>\n<li>D\u00e9coupe de toit (l x p) : 400 x 400 mm<\/li>\n<li>\u00c9paisseur de toit\u00a0: 25 &#8211; 70 mm<\/li>\n<li>Longueur recommand\u00e9e du v\u00e9hicule\u00a0: jusqu\u2019\u00e0 env. 10\u00a0m<\/li>\n<\/ul>\n","protected":false},"excerpt":{"rendered":"<p>Consommation de courant en mode refroidissement\u00a0: 5 A Consommation de courant en mode chauffage : 4,8 A Dimensions ext\u00e9rieures (l \u00d7 h \u00d7 p)\u00a0: 855 \u00d7 215 \u00d7 657\u00a0mm Dimensions int\u00e9rieures (l x h x p) : 575 \u00d7 49 \u00d7 556\u00a0mm D\u00e9coupe de toit (l x p) : 400 x 400 mm \u00c9paisseur de [&hellip;]<\/p>\n","protected":false},"featured_media":182275,"template":"","meta":{"_acf_changed":false},"product_featured_cat":[],"product_brand":[3284],"product_cat":[4089],"product_tag":[],"class_list":{"0":"post-182279","1":"product","2":"type-product","3":"status-publish","4":"has-post-thumbnail","6":"product_brand-webasto","7":"product_cat-climatisations","9":"first","10":"instock","11":"taxable","12":"shipping-taxable","13":"purchasable","14":"product-type-simple"},"acf":[],"yoast_head":"<!-- This site is optimized with the Yoast SEO plugin v27.4 - https:\/\/yoast.com\/product\/yoast-seo-wordpress\/ -->\n<title>Climatiseur Cool Top Trail 28 - Bantam Wankm\u00fcller SA<\/title>\n<meta name=\"robots\" content=\"index, follow, max-snippet:-1, max-image-preview:large, max-video-preview:-1\" \/>\n<link rel=\"canonical\" href=\"https:\/\/shop.bantam.ch\/fr\/produit\/climatiseur-cool-top-trail-28\/\" \/>\n<meta property=\"og:locale\" content=\"fr_FR\" \/>\n<meta property=\"og:type\" content=\"article\" \/>\n<meta property=\"og:title\" content=\"Climatiseur Cool Top Trail 28 - Bantam Wankm\u00fcller SA\" \/>\n<meta property=\"og:description\" content=\"Consommation de courant en mode refroidissement\u00a0: 5 A Consommation de courant en mode chauffage : 4,8 A Dimensions ext\u00e9rieures (l \u00d7 h \u00d7 p)\u00a0: 855 \u00d7 215 \u00d7 657\u00a0mm Dimensions int\u00e9rieures (l x h x p) : 575 \u00d7 49 \u00d7 556\u00a0mm D\u00e9coupe de toit (l x p) : 400 x 400 mm \u00c9paisseur de [&hellip;]\" \/>\n<meta property=\"og:url\" content=\"https:\/\/shop.bantam.ch\/fr\/produit\/climatiseur-cool-top-trail-28\/\" \/>\n<meta property=\"og:site_name\" content=\"Bantam Wankm\u00fcller SA\" \/>\n<meta property=\"article:modified_time\" content=\"2026-04-17T20:46:45+00:00\" \/>\n<meta property=\"og:image\" content=\"https:\/\/shop.bantam.ch\/wp-content\/uploads\/2023\/05\/996125411.jpg\" \/>\n\t<meta property=\"og:image:width\" content=\"1000\" \/>\n\t<meta property=\"og:image:height\" content=\"638\" \/>\n\t<meta property=\"og:image:type\" content=\"image\/jpeg\" \/>\n<meta name=\"twitter:card\" content=\"summary_large_image\" \/>\n<script type=\"application\/ld+json\" class=\"yoast-schema-graph\">{\"@context\":\"https:\\\/\\\/schema.org\",\"@graph\":[{\"@type\":\"WebPage\",\"@id\":\"https:\\\/\\\/shop.bantam.ch\\\/fr\\\/produit\\\/climatiseur-cool-top-trail-28\\\/\",\"url\":\"https:\\\/\\\/shop.bantam.ch\\\/fr\\\/produit\\\/climatiseur-cool-top-trail-28\\\/\",\"name\":\"Climatiseur Cool Top Trail 28 - Bantam Wankm\u00fcller SA\",\"isPartOf\":{\"@id\":\"https:\\\/\\\/shop.bantam.ch\\\/fr\\\/#website\"},\"primaryImageOfPage\":{\"@id\":\"https:\\\/\\\/shop.bantam.ch\\\/fr\\\/produit\\\/climatiseur-cool-top-trail-28\\\/#primaryimage\"},\"image\":{\"@id\":\"https:\\\/\\\/shop.bantam.ch\\\/fr\\\/produit\\\/climatiseur-cool-top-trail-28\\\/#primaryimage\"},\"thumbnailUrl\":\"https:\\\/\\\/shop.bantam.ch\\\/wp-content\\\/uploads\\\/2023\\\/05\\\/996125411.jpg\",\"datePublished\":\"2023-05-25T23:08:57+00:00\",\"dateModified\":\"2026-04-17T20:46:45+00:00\",\"breadcrumb\":{\"@id\":\"https:\\\/\\\/shop.bantam.ch\\\/fr\\\/produit\\\/climatiseur-cool-top-trail-28\\\/#breadcrumb\"},\"inLanguage\":\"fr-FR\",\"potentialAction\":[{\"@type\":\"ReadAction\",\"target\":[\"https:\\\/\\\/shop.bantam.ch\\\/fr\\\/produit\\\/climatiseur-cool-top-trail-28\\\/\"]}]},{\"@type\":\"ImageObject\",\"inLanguage\":\"fr-FR\",\"@id\":\"https:\\\/\\\/shop.bantam.ch\\\/fr\\\/produit\\\/climatiseur-cool-top-trail-28\\\/#primaryimage\",\"url\":\"https:\\\/\\\/shop.bantam.ch\\\/wp-content\\\/uploads\\\/2023\\\/05\\\/996125411.jpg\",\"contentUrl\":\"https:\\\/\\\/shop.bantam.ch\\\/wp-content\\\/uploads\\\/2023\\\/05\\\/996125411.jpg\",\"width\":1000,\"height\":638},{\"@type\":\"BreadcrumbList\",\"@id\":\"https:\\\/\\\/shop.bantam.ch\\\/fr\\\/produit\\\/climatiseur-cool-top-trail-28\\\/#breadcrumb\",\"itemListElement\":[{\"@type\":\"ListItem\",\"position\":1,\"name\":\"Accueil\",\"item\":\"https:\\\/\\\/shop.bantam.ch\\\/fr\\\/\"},{\"@type\":\"ListItem\",\"position\":2,\"name\":\"Boutique\",\"item\":\"https:\\\/\\\/shop.bantam.ch\\\/fr\\\/boutique\\\/\"},{\"@type\":\"ListItem\",\"position\":3,\"name\":\"Climatiseur Cool Top Trail 28\"}]},{\"@type\":\"WebSite\",\"@id\":\"https:\\\/\\\/shop.bantam.ch\\\/fr\\\/#website\",\"url\":\"https:\\\/\\\/shop.bantam.ch\\\/fr\\\/\",\"name\":\"Bantam Wankm\u00fcller SA\",\"description\":\"\",\"publisher\":{\"@id\":\"https:\\\/\\\/shop.bantam.ch\\\/fr\\\/#organization\"},\"inLanguage\":\"fr-FR\"},{\"@type\":\"Organization\",\"@id\":\"https:\\\/\\\/shop.bantam.ch\\\/fr\\\/#organization\",\"name\":\"Bantam Wankm\u00fcller SA\",\"url\":\"https:\\\/\\\/shop.bantam.ch\\\/fr\\\/\",\"logo\":{\"@type\":\"ImageObject\",\"inLanguage\":\"fr-FR\",\"@id\":\"https:\\\/\\\/shop.bantam.ch\\\/fr\\\/#\\\/schema\\\/logo\\\/image\\\/\",\"url\":\"https:\\\/\\\/shop.bantam.ch\\\/wp-content\\\/uploads\\\/2022\\\/12\\\/bantam-logo.png\",\"contentUrl\":\"https:\\\/\\\/shop.bantam.ch\\\/wp-content\\\/uploads\\\/2022\\\/12\\\/bantam-logo.png\",\"width\":320,\"height\":71,\"caption\":\"Bantam Wankm\u00fcller SA\"},\"image\":{\"@id\":\"https:\\\/\\\/shop.bantam.ch\\\/fr\\\/#\\\/schema\\\/logo\\\/image\\\/\"}}]}<\/script>\n<!-- \/ Yoast SEO plugin. -->","yoast_head_json":{"title":"Climatiseur Cool Top Trail 28 - Bantam Wankm\u00fcller SA","robots":{"index":"index","follow":"follow","max-snippet":"max-snippet:-1","max-image-preview":"max-image-preview:large","max-video-preview":"max-video-preview:-1"},"canonical":"https:\/\/shop.bantam.ch\/fr\/produit\/climatiseur-cool-top-trail-28\/","og_locale":"fr_FR","og_type":"article","og_title":"Climatiseur Cool Top Trail 28 - Bantam Wankm\u00fcller SA","og_description":"Consommation de courant en mode refroidissement\u00a0: 5 A Consommation de courant en mode chauffage : 4,8 A Dimensions ext\u00e9rieures (l \u00d7 h \u00d7 p)\u00a0: 855 \u00d7 215 \u00d7 657\u00a0mm Dimensions int\u00e9rieures (l x h x p) : 575 \u00d7 49 \u00d7 556\u00a0mm D\u00e9coupe de toit (l x p) : 400 x 400 mm \u00c9paisseur de [&hellip;]","og_url":"https:\/\/shop.bantam.ch\/fr\/produit\/climatiseur-cool-top-trail-28\/","og_site_name":"Bantam Wankm\u00fcller SA","article_modified_time":"2026-04-17T20:46:45+00:00","og_image":[{"width":1000,"height":638,"url":"https:\/\/shop.bantam.ch\/wp-content\/uploads\/2023\/05\/996125411.jpg","type":"image\/jpeg"}],"twitter_card":"summary_large_image","schema":{"@context":"https:\/\/schema.org","@graph":[{"@type":"WebPage","@id":"https:\/\/shop.bantam.ch\/fr\/produit\/climatiseur-cool-top-trail-28\/","url":"https:\/\/shop.bantam.ch\/fr\/produit\/climatiseur-cool-top-trail-28\/","name":"Climatiseur Cool Top Trail 28 - Bantam Wankm\u00fcller SA","isPartOf":{"@id":"https:\/\/shop.bantam.ch\/fr\/#website"},"primaryImageOfPage":{"@id":"https:\/\/shop.bantam.ch\/fr\/produit\/climatiseur-cool-top-trail-28\/#primaryimage"},"image":{"@id":"https:\/\/shop.bantam.ch\/fr\/produit\/climatiseur-cool-top-trail-28\/#primaryimage"},"thumbnailUrl":"https:\/\/shop.bantam.ch\/wp-content\/uploads\/2023\/05\/996125411.jpg","datePublished":"2023-05-25T23:08:57+00:00","dateModified":"2026-04-17T20:46:45+00:00","breadcrumb":{"@id":"https:\/\/shop.bantam.ch\/fr\/produit\/climatiseur-cool-top-trail-28\/#breadcrumb"},"inLanguage":"fr-FR","potentialAction":[{"@type":"ReadAction","target":["https:\/\/shop.bantam.ch\/fr\/produit\/climatiseur-cool-top-trail-28\/"]}]},{"@type":"ImageObject","inLanguage":"fr-FR","@id":"https:\/\/shop.bantam.ch\/fr\/produit\/climatiseur-cool-top-trail-28\/#primaryimage","url":"https:\/\/shop.bantam.ch\/wp-content\/uploads\/2023\/05\/996125411.jpg","contentUrl":"https:\/\/shop.bantam.ch\/wp-content\/uploads\/2023\/05\/996125411.jpg","width":1000,"height":638},{"@type":"BreadcrumbList","@id":"https:\/\/shop.bantam.ch\/fr\/produit\/climatiseur-cool-top-trail-28\/#breadcrumb","itemListElement":[{"@type":"ListItem","position":1,"name":"Accueil","item":"https:\/\/shop.bantam.ch\/fr\/"},{"@type":"ListItem","position":2,"name":"Boutique","item":"https:\/\/shop.bantam.ch\/fr\/boutique\/"},{"@type":"ListItem","position":3,"name":"Climatiseur Cool Top Trail 28"}]},{"@type":"WebSite","@id":"https:\/\/shop.bantam.ch\/fr\/#website","url":"https:\/\/shop.bantam.ch\/fr\/","name":"Bantam Wankm\u00fcller SA","description":"","publisher":{"@id":"https:\/\/shop.bantam.ch\/fr\/#organization"},"inLanguage":"fr-FR"},{"@type":"Organization","@id":"https:\/\/shop.bantam.ch\/fr\/#organization","name":"Bantam Wankm\u00fcller SA","url":"https:\/\/shop.bantam.ch\/fr\/","logo":{"@type":"ImageObject","inLanguage":"fr-FR","@id":"https:\/\/shop.bantam.ch\/fr\/#\/schema\/logo\/image\/","url":"https:\/\/shop.bantam.ch\/wp-content\/uploads\/2022\/12\/bantam-logo.png","contentUrl":"https:\/\/shop.bantam.ch\/wp-content\/uploads\/2022\/12\/bantam-logo.png","width":320,"height":71,"caption":"Bantam Wankm\u00fcller SA"},"image":{"@id":"https:\/\/shop.bantam.ch\/fr\/#\/schema\/logo\/image\/"}}]}},"_links":{"self":[{"href":"https:\/\/shop.bantam.ch\/fr\/wp-json\/wp\/v2\/product\/182279","targetHints":{"allow":["GET"]}}],"collection":[{"href":"https:\/\/shop.bantam.ch\/fr\/wp-json\/wp\/v2\/product"}],"about":[{"href":"https:\/\/shop.bantam.ch\/fr\/wp-json\/wp\/v2\/types\/product"}],"wp:featuredmedia":[{"embeddable":true,"href":"https:\/\/shop.bantam.ch\/fr\/wp-json\/wp\/v2\/media\/182275"}],"wp:attachment":[{"href":"https:\/\/shop.bantam.ch\/fr\/wp-json\/wp\/v2\/media?parent=182279"}],"wp:term":[{"taxonomy":"product_featured_cat","embeddable":true,"href":"https:\/\/shop.bantam.ch\/fr\/wp-json\/wp\/v2\/product_featured_cat?post=182279"},{"taxonomy":"product_brand","embeddable":true,"href":"https:\/\/shop.bantam.ch\/fr\/wp-json\/wp\/v2\/product_brand?post=182279"},{"taxonomy":"product_cat","embeddable":true,"href":"https:\/\/shop.bantam.ch\/fr\/wp-json\/wp\/v2\/product_cat?post=182279"},{"taxonomy":"product_tag","embeddable":true,"href":"https:\/\/shop.bantam.ch\/fr\/wp-json\/wp\/v2\/product_tag?post=182279"}],"curies":[{"name":"wp","href":"https:\/\/api.w.org\/{rel}","templated":true}]}}