{"id":181473,"date":"2023-05-26T00:37:56","date_gmt":"2023-05-25T22:37:56","guid":{"rendered":"https:\/\/shop.bantam.ch\/produit\/set-dustensiles-de-cuisine-nest-plus-9-pieces-multicolore\/"},"modified":"2026-05-10T22:45:35","modified_gmt":"2026-05-10T20:45:35","slug":"set-dustensiles-de-cuisine-nest-plus-9-pieces-multicolore","status":"publish","type":"product","link":"https:\/\/shop.bantam.ch\/fr\/produit\/set-dustensiles-de-cuisine-nest-plus-9-pieces-multicolore\/","title":{"rendered":"Pr\u00e9pare repas Joseph Joseph Set Nest\u2122 Plus 9 pcs Couleur multicolour"},"content":{"rendered":"<p>Le set d\u2019ustensiles 9 pi\u00e8ces se compose de bols \u00e0 m\u00e9langer, passoires et gobelets mesureurs. Bols m\u00e9langeurs avec dessous antid\u00e9rapant et larges poign\u00e9es, petit bol m\u00e9langeur avec graduations \u00e0 l\u2019int\u00e9rieur et bec verseur. Le tamis poss\u00e8de une fine grille en acier inoxydable et la passoire a de larges trous. Tous les \u00e9l\u00e9ments sont empilables pour un rangement gain de place.<\/p>\n","protected":false},"excerpt":{"rendered":"<p>Le set d\u2019ustensiles 9 pi\u00e8ces se compose de bols \u00e0 m\u00e9langer, passoires et gobelets mesureurs. Bols m\u00e9langeurs avec dessous antid\u00e9rapant et larges poign\u00e9es, petit bol m\u00e9langeur avec graduations \u00e0 l\u2019int\u00e9rieur et bec verseur. Le tamis poss\u00e8de une fine grille en acier inoxydable et la passoire a de larges trous. Tous les \u00e9l\u00e9ments sont empilables pour [&hellip;]<\/p>\n","protected":false},"featured_media":181463,"template":"","meta":{"_acf_changed":false},"product_featured_cat":[],"product_brand":[3412],"product_cat":[4285],"product_tag":[],"class_list":{"0":"post-181473","1":"product","2":"type-product","3":"status-publish","4":"has-post-thumbnail","6":"product_brand-joseph-joseph","7":"product_cat-ustensiles-de-cuisine","9":"first","10":"instock","11":"taxable","12":"shipping-taxable","13":"purchasable","14":"product-type-simple"},"acf":[],"yoast_head":"<!-- This site is optimized with the Yoast SEO plugin v27.5 - https:\/\/yoast.com\/product\/yoast-seo-wordpress\/ -->\n<title>Pr\u00e9pare repas Joseph Joseph Set Nest\u2122 Plus 9 pcs Couleur multicolour - Bantam<\/title>\n<meta name=\"robots\" content=\"index, follow, max-snippet:-1, max-image-preview:large, max-video-preview:-1\" \/>\n<link rel=\"canonical\" href=\"https:\/\/shop.bantam.ch\/fr\/produit\/set-dustensiles-de-cuisine-nest-plus-9-pieces-multicolore\/\" \/>\n<meta property=\"og:locale\" content=\"fr_FR\" \/>\n<meta property=\"og:type\" content=\"article\" \/>\n<meta property=\"og:title\" content=\"Pr\u00e9pare repas Joseph Joseph Set Nest\u2122 Plus 9 pcs Couleur multicolour - Bantam\" \/>\n<meta property=\"og:description\" content=\"Le set d\u2019ustensiles 9 pi\u00e8ces se compose de bols \u00e0 m\u00e9langer, passoires et gobelets mesureurs. Bols m\u00e9langeurs avec dessous antid\u00e9rapant et larges poign\u00e9es, petit bol m\u00e9langeur avec graduations \u00e0 l\u2019int\u00e9rieur et bec verseur. Le tamis poss\u00e8de une fine grille en acier inoxydable et la passoire a de larges trous. Tous les \u00e9l\u00e9ments sont empilables pour [&hellip;]\" \/>\n<meta property=\"og:url\" content=\"https:\/\/shop.bantam.ch\/fr\/produit\/set-dustensiles-de-cuisine-nest-plus-9-pieces-multicolore\/\" \/>\n<meta property=\"og:site_name\" content=\"Bantam\" \/>\n<meta property=\"article:modified_time\" content=\"2026-05-10T20:45:35+00:00\" \/>\n<meta property=\"og:image\" content=\"https:\/\/shop.bantam.ch\/wp-content\/uploads\/2023\/05\/998427411.jpg\" \/>\n\t<meta property=\"og:image:width\" content=\"366\" \/>\n\t<meta property=\"og:image:height\" content=\"1000\" \/>\n\t<meta property=\"og:image:type\" content=\"image\/jpeg\" \/>\n<meta name=\"twitter:card\" content=\"summary_large_image\" \/>\n<script type=\"application\/ld+json\" class=\"yoast-schema-graph\">{\"@context\":\"https:\\\/\\\/schema.org\",\"@graph\":[{\"@type\":\"WebPage\",\"@id\":\"https:\\\/\\\/shop.bantam.ch\\\/fr\\\/produit\\\/set-dustensiles-de-cuisine-nest-plus-9-pieces-multicolore\\\/\",\"url\":\"https:\\\/\\\/shop.bantam.ch\\\/fr\\\/produit\\\/set-dustensiles-de-cuisine-nest-plus-9-pieces-multicolore\\\/\",\"name\":\"Pr\u00e9pare repas Joseph Joseph Set Nest\u2122 Plus 9 pcs Couleur multicolour - Bantam\",\"isPartOf\":{\"@id\":\"https:\\\/\\\/shop.bantam.ch\\\/fr\\\/#website\"},\"primaryImageOfPage\":{\"@id\":\"https:\\\/\\\/shop.bantam.ch\\\/fr\\\/produit\\\/set-dustensiles-de-cuisine-nest-plus-9-pieces-multicolore\\\/#primaryimage\"},\"image\":{\"@id\":\"https:\\\/\\\/shop.bantam.ch\\\/fr\\\/produit\\\/set-dustensiles-de-cuisine-nest-plus-9-pieces-multicolore\\\/#primaryimage\"},\"thumbnailUrl\":\"https:\\\/\\\/shop.bantam.ch\\\/wp-content\\\/uploads\\\/2023\\\/05\\\/998427411.jpg\",\"datePublished\":\"2023-05-25T22:37:56+00:00\",\"dateModified\":\"2026-05-10T20:45:35+00:00\",\"breadcrumb\":{\"@id\":\"https:\\\/\\\/shop.bantam.ch\\\/fr\\\/produit\\\/set-dustensiles-de-cuisine-nest-plus-9-pieces-multicolore\\\/#breadcrumb\"},\"inLanguage\":\"fr-FR\",\"potentialAction\":[{\"@type\":\"ReadAction\",\"target\":[\"https:\\\/\\\/shop.bantam.ch\\\/fr\\\/produit\\\/set-dustensiles-de-cuisine-nest-plus-9-pieces-multicolore\\\/\"]}]},{\"@type\":\"ImageObject\",\"inLanguage\":\"fr-FR\",\"@id\":\"https:\\\/\\\/shop.bantam.ch\\\/fr\\\/produit\\\/set-dustensiles-de-cuisine-nest-plus-9-pieces-multicolore\\\/#primaryimage\",\"url\":\"https:\\\/\\\/shop.bantam.ch\\\/wp-content\\\/uploads\\\/2023\\\/05\\\/998427411.jpg\",\"contentUrl\":\"https:\\\/\\\/shop.bantam.ch\\\/wp-content\\\/uploads\\\/2023\\\/05\\\/998427411.jpg\",\"width\":366,\"height\":1000},{\"@type\":\"BreadcrumbList\",\"@id\":\"https:\\\/\\\/shop.bantam.ch\\\/fr\\\/produit\\\/set-dustensiles-de-cuisine-nest-plus-9-pieces-multicolore\\\/#breadcrumb\",\"itemListElement\":[{\"@type\":\"ListItem\",\"position\":1,\"name\":\"Accueil\",\"item\":\"https:\\\/\\\/shop.bantam.ch\\\/fr\\\/\"},{\"@type\":\"ListItem\",\"position\":2,\"name\":\"Boutique\",\"item\":\"https:\\\/\\\/shop.bantam.ch\\\/fr\\\/boutique\\\/\"},{\"@type\":\"ListItem\",\"position\":3,\"name\":\"Pr\u00e9pare repas Joseph Joseph Set Nest\u2122 Plus 9 pcs Couleur multicolour\"}]},{\"@type\":\"WebSite\",\"@id\":\"https:\\\/\\\/shop.bantam.ch\\\/fr\\\/#website\",\"url\":\"https:\\\/\\\/shop.bantam.ch\\\/fr\\\/\",\"name\":\"Bantam\",\"description\":\"\",\"publisher\":{\"@id\":\"https:\\\/\\\/shop.bantam.ch\\\/fr\\\/#organization\"},\"inLanguage\":\"fr-FR\"},{\"@type\":\"Organization\",\"@id\":\"https:\\\/\\\/shop.bantam.ch\\\/fr\\\/#organization\",\"name\":\"Bantam\",\"url\":\"https:\\\/\\\/shop.bantam.ch\\\/fr\\\/\",\"logo\":{\"@type\":\"ImageObject\",\"inLanguage\":\"fr-FR\",\"@id\":\"https:\\\/\\\/shop.bantam.ch\\\/fr\\\/#\\\/schema\\\/logo\\\/image\\\/\",\"url\":\"https:\\\/\\\/shop.bantam.ch\\\/wp-content\\\/uploads\\\/2022\\\/12\\\/bantam-logo.png\",\"contentUrl\":\"https:\\\/\\\/shop.bantam.ch\\\/wp-content\\\/uploads\\\/2022\\\/12\\\/bantam-logo.png\",\"width\":320,\"height\":71,\"caption\":\"Bantam\"},\"image\":{\"@id\":\"https:\\\/\\\/shop.bantam.ch\\\/fr\\\/#\\\/schema\\\/logo\\\/image\\\/\"}}]}<\/script>\n<!-- \/ Yoast SEO plugin. -->","yoast_head_json":{"title":"Pr\u00e9pare repas Joseph Joseph Set Nest\u2122 Plus 9 pcs Couleur multicolour - Bantam","robots":{"index":"index","follow":"follow","max-snippet":"max-snippet:-1","max-image-preview":"max-image-preview:large","max-video-preview":"max-video-preview:-1"},"canonical":"https:\/\/shop.bantam.ch\/fr\/produit\/set-dustensiles-de-cuisine-nest-plus-9-pieces-multicolore\/","og_locale":"fr_FR","og_type":"article","og_title":"Pr\u00e9pare repas Joseph Joseph Set Nest\u2122 Plus 9 pcs Couleur multicolour - Bantam","og_description":"Le set d\u2019ustensiles 9 pi\u00e8ces se compose de bols \u00e0 m\u00e9langer, passoires et gobelets mesureurs. Bols m\u00e9langeurs avec dessous antid\u00e9rapant et larges poign\u00e9es, petit bol m\u00e9langeur avec graduations \u00e0 l\u2019int\u00e9rieur et bec verseur. Le tamis poss\u00e8de une fine grille en acier inoxydable et la passoire a de larges trous. Tous les \u00e9l\u00e9ments sont empilables pour [&hellip;]","og_url":"https:\/\/shop.bantam.ch\/fr\/produit\/set-dustensiles-de-cuisine-nest-plus-9-pieces-multicolore\/","og_site_name":"Bantam","article_modified_time":"2026-05-10T20:45:35+00:00","og_image":[{"width":366,"height":1000,"url":"https:\/\/shop.bantam.ch\/wp-content\/uploads\/2023\/05\/998427411.jpg","type":"image\/jpeg"}],"twitter_card":"summary_large_image","schema":{"@context":"https:\/\/schema.org","@graph":[{"@type":"WebPage","@id":"https:\/\/shop.bantam.ch\/fr\/produit\/set-dustensiles-de-cuisine-nest-plus-9-pieces-multicolore\/","url":"https:\/\/shop.bantam.ch\/fr\/produit\/set-dustensiles-de-cuisine-nest-plus-9-pieces-multicolore\/","name":"Pr\u00e9pare repas Joseph Joseph Set Nest\u2122 Plus 9 pcs Couleur multicolour - Bantam","isPartOf":{"@id":"https:\/\/shop.bantam.ch\/fr\/#website"},"primaryImageOfPage":{"@id":"https:\/\/shop.bantam.ch\/fr\/produit\/set-dustensiles-de-cuisine-nest-plus-9-pieces-multicolore\/#primaryimage"},"image":{"@id":"https:\/\/shop.bantam.ch\/fr\/produit\/set-dustensiles-de-cuisine-nest-plus-9-pieces-multicolore\/#primaryimage"},"thumbnailUrl":"https:\/\/shop.bantam.ch\/wp-content\/uploads\/2023\/05\/998427411.jpg","datePublished":"2023-05-25T22:37:56+00:00","dateModified":"2026-05-10T20:45:35+00:00","breadcrumb":{"@id":"https:\/\/shop.bantam.ch\/fr\/produit\/set-dustensiles-de-cuisine-nest-plus-9-pieces-multicolore\/#breadcrumb"},"inLanguage":"fr-FR","potentialAction":[{"@type":"ReadAction","target":["https:\/\/shop.bantam.ch\/fr\/produit\/set-dustensiles-de-cuisine-nest-plus-9-pieces-multicolore\/"]}]},{"@type":"ImageObject","inLanguage":"fr-FR","@id":"https:\/\/shop.bantam.ch\/fr\/produit\/set-dustensiles-de-cuisine-nest-plus-9-pieces-multicolore\/#primaryimage","url":"https:\/\/shop.bantam.ch\/wp-content\/uploads\/2023\/05\/998427411.jpg","contentUrl":"https:\/\/shop.bantam.ch\/wp-content\/uploads\/2023\/05\/998427411.jpg","width":366,"height":1000},{"@type":"BreadcrumbList","@id":"https:\/\/shop.bantam.ch\/fr\/produit\/set-dustensiles-de-cuisine-nest-plus-9-pieces-multicolore\/#breadcrumb","itemListElement":[{"@type":"ListItem","position":1,"name":"Accueil","item":"https:\/\/shop.bantam.ch\/fr\/"},{"@type":"ListItem","position":2,"name":"Boutique","item":"https:\/\/shop.bantam.ch\/fr\/boutique\/"},{"@type":"ListItem","position":3,"name":"Pr\u00e9pare repas Joseph Joseph Set Nest\u2122 Plus 9 pcs Couleur multicolour"}]},{"@type":"WebSite","@id":"https:\/\/shop.bantam.ch\/fr\/#website","url":"https:\/\/shop.bantam.ch\/fr\/","name":"Bantam","description":"","publisher":{"@id":"https:\/\/shop.bantam.ch\/fr\/#organization"},"inLanguage":"fr-FR"},{"@type":"Organization","@id":"https:\/\/shop.bantam.ch\/fr\/#organization","name":"Bantam","url":"https:\/\/shop.bantam.ch\/fr\/","logo":{"@type":"ImageObject","inLanguage":"fr-FR","@id":"https:\/\/shop.bantam.ch\/fr\/#\/schema\/logo\/image\/","url":"https:\/\/shop.bantam.ch\/wp-content\/uploads\/2022\/12\/bantam-logo.png","contentUrl":"https:\/\/shop.bantam.ch\/wp-content\/uploads\/2022\/12\/bantam-logo.png","width":320,"height":71,"caption":"Bantam"},"image":{"@id":"https:\/\/shop.bantam.ch\/fr\/#\/schema\/logo\/image\/"}}]}},"_links":{"self":[{"href":"https:\/\/shop.bantam.ch\/fr\/wp-json\/wp\/v2\/product\/181473","targetHints":{"allow":["GET"]}}],"collection":[{"href":"https:\/\/shop.bantam.ch\/fr\/wp-json\/wp\/v2\/product"}],"about":[{"href":"https:\/\/shop.bantam.ch\/fr\/wp-json\/wp\/v2\/types\/product"}],"wp:featuredmedia":[{"embeddable":true,"href":"https:\/\/shop.bantam.ch\/fr\/wp-json\/wp\/v2\/media\/181463"}],"wp:attachment":[{"href":"https:\/\/shop.bantam.ch\/fr\/wp-json\/wp\/v2\/media?parent=181473"}],"wp:term":[{"taxonomy":"product_featured_cat","embeddable":true,"href":"https:\/\/shop.bantam.ch\/fr\/wp-json\/wp\/v2\/product_featured_cat?post=181473"},{"taxonomy":"product_brand","embeddable":true,"href":"https:\/\/shop.bantam.ch\/fr\/wp-json\/wp\/v2\/product_brand?post=181473"},{"taxonomy":"product_cat","embeddable":true,"href":"https:\/\/shop.bantam.ch\/fr\/wp-json\/wp\/v2\/product_cat?post=181473"},{"taxonomy":"product_tag","embeddable":true,"href":"https:\/\/shop.bantam.ch\/fr\/wp-json\/wp\/v2\/product_tag?post=181473"}],"curies":[{"name":"wp","href":"https:\/\/api.w.org\/{rel}","templated":true}]}}