{"id":180785,"date":"2023-05-25T23:55:21","date_gmt":"2023-05-25T21:55:21","guid":{"rendered":"https:\/\/shop.bantam.ch\/produit\/tapis-de-tente-yurop-soft-vert\/"},"modified":"2026-04-18T00:47:10","modified_gmt":"2026-04-17T22:47:10","slug":"tapis-de-tente-yurop-soft-vert","status":"publish","type":"product","link":"https:\/\/shop.bantam.ch\/fr\/produit\/tapis-de-tente-yurop-soft-vert\/","title":{"rendered":"Tapis de tente Yurop Soft, vert"},"content":{"rendered":"<p class=\"MsoNormal\"><span>Le tapis de sol<br \/>\nYurop fait partie des classiques en mati\u00e8re d&rsquo;accessoires de camping. Gr\u00e2ce \u00e0<br \/>\nsa robustesse, sa souplesse et son confort de marche, il constitue une solution<br \/>\ntr\u00e8s conviviale pour \u00e9quiper le sol des tentes ou des auvents de mani\u00e8re<br \/>\n\u00e9l\u00e9gante et confortable. Disponible en diff\u00e9rentes tailles et couleurs.\u00a0<\/span><span><span>D\u00e9tails :\u00a0<\/span><\/span>R\u00e9sistant \u00e0 la d\u00e9chirure.\u00a0Antid\u00e9rapant.\u00a0Respirant.\u00a0R\u00e9sistant aux UV.\u00a0Imputrescible.\u00a0450 g\/m.\u00a0Facile \u00e0 nettoyer.\u00a0Peut \u00eatre d\u00e9coup\u00e9 sur mesure.\u00a0Confort de marche agr\u00e9able.\u00a0Avec sac de transport r\u00e9utilisable.\u00a0100 % chlorure de polyvinyle tiss\u00e9<br \/>\n     en polyester.\u00a0Sans phtalate.\u00a0<\/p>\n","protected":false},"excerpt":{"rendered":"<p>Le tapis de sol Yurop fait partie des classiques en mati\u00e8re d&rsquo;accessoires de camping. Gr\u00e2ce \u00e0 sa robustesse, sa souplesse et son confort de marche, il constitue une solution tr\u00e8s conviviale pour \u00e9quiper le sol des tentes ou des auvents de mani\u00e8re \u00e9l\u00e9gante et confortable. Disponible en diff\u00e9rentes tailles et couleurs.\u00a0D\u00e9tails :\u00a0R\u00e9sistant \u00e0 la d\u00e9chirure.\u00a0Antid\u00e9rapant.\u00a0Respirant.\u00a0R\u00e9sistant [&hellip;]<\/p>\n","protected":false},"featured_media":221952,"template":"","meta":{"_acf_changed":false},"product_featured_cat":[],"product_brand":[3080],"product_cat":[4261],"product_tag":[],"class_list":{"0":"post-180785","1":"product","2":"type-product","3":"status-publish","4":"has-post-thumbnail","6":"product_brand-brunner","7":"product_cat-tapis-de-tente-et-planchers","9":"first","10":"instock","11":"taxable","12":"shipping-taxable","13":"purchasable","14":"product-type-variable"},"acf":[],"yoast_head":"<!-- This site is optimized with the Yoast SEO plugin v27.4 - https:\/\/yoast.com\/product\/yoast-seo-wordpress\/ -->\n<title>Tapis de tente Yurop Soft, vert - Bantam Wankm\u00fcller SA<\/title>\n<meta name=\"robots\" content=\"index, follow, max-snippet:-1, max-image-preview:large, max-video-preview:-1\" \/>\n<link rel=\"canonical\" href=\"https:\/\/shop.bantam.ch\/fr\/produit\/tapis-de-tente-yurop-soft-vert\/\" \/>\n<meta property=\"og:locale\" content=\"fr_FR\" \/>\n<meta property=\"og:type\" content=\"article\" \/>\n<meta property=\"og:title\" content=\"Tapis de tente Yurop Soft, vert - Bantam Wankm\u00fcller SA\" \/>\n<meta property=\"og:description\" content=\"Le tapis de sol Yurop fait partie des classiques en mati\u00e8re d&rsquo;accessoires de camping. Gr\u00e2ce \u00e0 sa robustesse, sa souplesse et son confort de marche, il constitue une solution tr\u00e8s conviviale pour \u00e9quiper le sol des tentes ou des auvents de mani\u00e8re \u00e9l\u00e9gante et confortable. Disponible en diff\u00e9rentes tailles et couleurs.\u00a0D\u00e9tails :\u00a0R\u00e9sistant \u00e0 la d\u00e9chirure.\u00a0Antid\u00e9rapant.\u00a0Respirant.\u00a0R\u00e9sistant [&hellip;]\" \/>\n<meta property=\"og:url\" content=\"https:\/\/shop.bantam.ch\/fr\/produit\/tapis-de-tente-yurop-soft-vert\/\" \/>\n<meta property=\"og:site_name\" content=\"Bantam Wankm\u00fcller SA\" \/>\n<meta property=\"article:modified_time\" content=\"2026-04-17T22:47:10+00:00\" \/>\n<meta property=\"og:image\" content=\"https:\/\/shop.bantam.ch\/wp-content\/uploads\/2025\/08\/brunner-yurop-soft-zeltteppich.jpg\" \/>\n\t<meta property=\"og:image:width\" content=\"600\" \/>\n\t<meta property=\"og:image:height\" content=\"600\" \/>\n\t<meta property=\"og:image:type\" content=\"image\/jpeg\" \/>\n<meta name=\"twitter:card\" content=\"summary_large_image\" \/>\n<meta name=\"twitter:label1\" content=\"Dur\u00e9e de lecture estim\u00e9e\" \/>\n\t<meta name=\"twitter:data1\" content=\"1 minute\" \/>\n<script type=\"application\/ld+json\" class=\"yoast-schema-graph\">{\"@context\":\"https:\\\/\\\/schema.org\",\"@graph\":[{\"@type\":\"WebPage\",\"@id\":\"https:\\\/\\\/shop.bantam.ch\\\/fr\\\/produit\\\/tapis-de-tente-yurop-soft-vert\\\/\",\"url\":\"https:\\\/\\\/shop.bantam.ch\\\/fr\\\/produit\\\/tapis-de-tente-yurop-soft-vert\\\/\",\"name\":\"Tapis de tente Yurop Soft, vert - Bantam Wankm\u00fcller SA\",\"isPartOf\":{\"@id\":\"https:\\\/\\\/shop.bantam.ch\\\/fr\\\/#website\"},\"primaryImageOfPage\":{\"@id\":\"https:\\\/\\\/shop.bantam.ch\\\/fr\\\/produit\\\/tapis-de-tente-yurop-soft-vert\\\/#primaryimage\"},\"image\":{\"@id\":\"https:\\\/\\\/shop.bantam.ch\\\/fr\\\/produit\\\/tapis-de-tente-yurop-soft-vert\\\/#primaryimage\"},\"thumbnailUrl\":\"https:\\\/\\\/shop.bantam.ch\\\/wp-content\\\/uploads\\\/2025\\\/08\\\/brunner-yurop-soft-zeltteppich.jpg\",\"datePublished\":\"2023-05-25T21:55:21+00:00\",\"dateModified\":\"2026-04-17T22:47:10+00:00\",\"breadcrumb\":{\"@id\":\"https:\\\/\\\/shop.bantam.ch\\\/fr\\\/produit\\\/tapis-de-tente-yurop-soft-vert\\\/#breadcrumb\"},\"inLanguage\":\"fr-FR\",\"potentialAction\":[{\"@type\":\"ReadAction\",\"target\":[\"https:\\\/\\\/shop.bantam.ch\\\/fr\\\/produit\\\/tapis-de-tente-yurop-soft-vert\\\/\"]}]},{\"@type\":\"ImageObject\",\"inLanguage\":\"fr-FR\",\"@id\":\"https:\\\/\\\/shop.bantam.ch\\\/fr\\\/produit\\\/tapis-de-tente-yurop-soft-vert\\\/#primaryimage\",\"url\":\"https:\\\/\\\/shop.bantam.ch\\\/wp-content\\\/uploads\\\/2025\\\/08\\\/brunner-yurop-soft-zeltteppich.jpg\",\"contentUrl\":\"https:\\\/\\\/shop.bantam.ch\\\/wp-content\\\/uploads\\\/2025\\\/08\\\/brunner-yurop-soft-zeltteppich.jpg\",\"width\":600,\"height\":600},{\"@type\":\"BreadcrumbList\",\"@id\":\"https:\\\/\\\/shop.bantam.ch\\\/fr\\\/produit\\\/tapis-de-tente-yurop-soft-vert\\\/#breadcrumb\",\"itemListElement\":[{\"@type\":\"ListItem\",\"position\":1,\"name\":\"Accueil\",\"item\":\"https:\\\/\\\/shop.bantam.ch\\\/fr\\\/\"},{\"@type\":\"ListItem\",\"position\":2,\"name\":\"Boutique\",\"item\":\"https:\\\/\\\/shop.bantam.ch\\\/fr\\\/boutique\\\/\"},{\"@type\":\"ListItem\",\"position\":3,\"name\":\"Tapis de tente Yurop Soft, vert\"}]},{\"@type\":\"WebSite\",\"@id\":\"https:\\\/\\\/shop.bantam.ch\\\/fr\\\/#website\",\"url\":\"https:\\\/\\\/shop.bantam.ch\\\/fr\\\/\",\"name\":\"Bantam Wankm\u00fcller SA\",\"description\":\"\",\"publisher\":{\"@id\":\"https:\\\/\\\/shop.bantam.ch\\\/fr\\\/#organization\"},\"inLanguage\":\"fr-FR\"},{\"@type\":\"Organization\",\"@id\":\"https:\\\/\\\/shop.bantam.ch\\\/fr\\\/#organization\",\"name\":\"Bantam Wankm\u00fcller SA\",\"url\":\"https:\\\/\\\/shop.bantam.ch\\\/fr\\\/\",\"logo\":{\"@type\":\"ImageObject\",\"inLanguage\":\"fr-FR\",\"@id\":\"https:\\\/\\\/shop.bantam.ch\\\/fr\\\/#\\\/schema\\\/logo\\\/image\\\/\",\"url\":\"https:\\\/\\\/shop.bantam.ch\\\/wp-content\\\/uploads\\\/2022\\\/12\\\/bantam-logo.png\",\"contentUrl\":\"https:\\\/\\\/shop.bantam.ch\\\/wp-content\\\/uploads\\\/2022\\\/12\\\/bantam-logo.png\",\"width\":320,\"height\":71,\"caption\":\"Bantam Wankm\u00fcller SA\"},\"image\":{\"@id\":\"https:\\\/\\\/shop.bantam.ch\\\/fr\\\/#\\\/schema\\\/logo\\\/image\\\/\"}}]}<\/script>\n<!-- \/ Yoast SEO plugin. -->","yoast_head_json":{"title":"Tapis de tente Yurop Soft, vert - Bantam Wankm\u00fcller SA","robots":{"index":"index","follow":"follow","max-snippet":"max-snippet:-1","max-image-preview":"max-image-preview:large","max-video-preview":"max-video-preview:-1"},"canonical":"https:\/\/shop.bantam.ch\/fr\/produit\/tapis-de-tente-yurop-soft-vert\/","og_locale":"fr_FR","og_type":"article","og_title":"Tapis de tente Yurop Soft, vert - Bantam Wankm\u00fcller SA","og_description":"Le tapis de sol Yurop fait partie des classiques en mati\u00e8re d&rsquo;accessoires de camping. Gr\u00e2ce \u00e0 sa robustesse, sa souplesse et son confort de marche, il constitue une solution tr\u00e8s conviviale pour \u00e9quiper le sol des tentes ou des auvents de mani\u00e8re \u00e9l\u00e9gante et confortable. Disponible en diff\u00e9rentes tailles et couleurs.\u00a0D\u00e9tails :\u00a0R\u00e9sistant \u00e0 la d\u00e9chirure.\u00a0Antid\u00e9rapant.\u00a0Respirant.\u00a0R\u00e9sistant [&hellip;]","og_url":"https:\/\/shop.bantam.ch\/fr\/produit\/tapis-de-tente-yurop-soft-vert\/","og_site_name":"Bantam Wankm\u00fcller SA","article_modified_time":"2026-04-17T22:47:10+00:00","og_image":[{"width":600,"height":600,"url":"https:\/\/shop.bantam.ch\/wp-content\/uploads\/2025\/08\/brunner-yurop-soft-zeltteppich.jpg","type":"image\/jpeg"}],"twitter_card":"summary_large_image","twitter_misc":{"Dur\u00e9e de lecture estim\u00e9e":"1 minute"},"schema":{"@context":"https:\/\/schema.org","@graph":[{"@type":"WebPage","@id":"https:\/\/shop.bantam.ch\/fr\/produit\/tapis-de-tente-yurop-soft-vert\/","url":"https:\/\/shop.bantam.ch\/fr\/produit\/tapis-de-tente-yurop-soft-vert\/","name":"Tapis de tente Yurop Soft, vert - Bantam Wankm\u00fcller SA","isPartOf":{"@id":"https:\/\/shop.bantam.ch\/fr\/#website"},"primaryImageOfPage":{"@id":"https:\/\/shop.bantam.ch\/fr\/produit\/tapis-de-tente-yurop-soft-vert\/#primaryimage"},"image":{"@id":"https:\/\/shop.bantam.ch\/fr\/produit\/tapis-de-tente-yurop-soft-vert\/#primaryimage"},"thumbnailUrl":"https:\/\/shop.bantam.ch\/wp-content\/uploads\/2025\/08\/brunner-yurop-soft-zeltteppich.jpg","datePublished":"2023-05-25T21:55:21+00:00","dateModified":"2026-04-17T22:47:10+00:00","breadcrumb":{"@id":"https:\/\/shop.bantam.ch\/fr\/produit\/tapis-de-tente-yurop-soft-vert\/#breadcrumb"},"inLanguage":"fr-FR","potentialAction":[{"@type":"ReadAction","target":["https:\/\/shop.bantam.ch\/fr\/produit\/tapis-de-tente-yurop-soft-vert\/"]}]},{"@type":"ImageObject","inLanguage":"fr-FR","@id":"https:\/\/shop.bantam.ch\/fr\/produit\/tapis-de-tente-yurop-soft-vert\/#primaryimage","url":"https:\/\/shop.bantam.ch\/wp-content\/uploads\/2025\/08\/brunner-yurop-soft-zeltteppich.jpg","contentUrl":"https:\/\/shop.bantam.ch\/wp-content\/uploads\/2025\/08\/brunner-yurop-soft-zeltteppich.jpg","width":600,"height":600},{"@type":"BreadcrumbList","@id":"https:\/\/shop.bantam.ch\/fr\/produit\/tapis-de-tente-yurop-soft-vert\/#breadcrumb","itemListElement":[{"@type":"ListItem","position":1,"name":"Accueil","item":"https:\/\/shop.bantam.ch\/fr\/"},{"@type":"ListItem","position":2,"name":"Boutique","item":"https:\/\/shop.bantam.ch\/fr\/boutique\/"},{"@type":"ListItem","position":3,"name":"Tapis de tente Yurop Soft, vert"}]},{"@type":"WebSite","@id":"https:\/\/shop.bantam.ch\/fr\/#website","url":"https:\/\/shop.bantam.ch\/fr\/","name":"Bantam Wankm\u00fcller SA","description":"","publisher":{"@id":"https:\/\/shop.bantam.ch\/fr\/#organization"},"inLanguage":"fr-FR"},{"@type":"Organization","@id":"https:\/\/shop.bantam.ch\/fr\/#organization","name":"Bantam Wankm\u00fcller SA","url":"https:\/\/shop.bantam.ch\/fr\/","logo":{"@type":"ImageObject","inLanguage":"fr-FR","@id":"https:\/\/shop.bantam.ch\/fr\/#\/schema\/logo\/image\/","url":"https:\/\/shop.bantam.ch\/wp-content\/uploads\/2022\/12\/bantam-logo.png","contentUrl":"https:\/\/shop.bantam.ch\/wp-content\/uploads\/2022\/12\/bantam-logo.png","width":320,"height":71,"caption":"Bantam Wankm\u00fcller SA"},"image":{"@id":"https:\/\/shop.bantam.ch\/fr\/#\/schema\/logo\/image\/"}}]}},"_links":{"self":[{"href":"https:\/\/shop.bantam.ch\/fr\/wp-json\/wp\/v2\/product\/180785","targetHints":{"allow":["GET"]}}],"collection":[{"href":"https:\/\/shop.bantam.ch\/fr\/wp-json\/wp\/v2\/product"}],"about":[{"href":"https:\/\/shop.bantam.ch\/fr\/wp-json\/wp\/v2\/types\/product"}],"wp:featuredmedia":[{"embeddable":true,"href":"https:\/\/shop.bantam.ch\/fr\/wp-json\/wp\/v2\/media\/221952"}],"wp:attachment":[{"href":"https:\/\/shop.bantam.ch\/fr\/wp-json\/wp\/v2\/media?parent=180785"}],"wp:term":[{"taxonomy":"product_featured_cat","embeddable":true,"href":"https:\/\/shop.bantam.ch\/fr\/wp-json\/wp\/v2\/product_featured_cat?post=180785"},{"taxonomy":"product_brand","embeddable":true,"href":"https:\/\/shop.bantam.ch\/fr\/wp-json\/wp\/v2\/product_brand?post=180785"},{"taxonomy":"product_cat","embeddable":true,"href":"https:\/\/shop.bantam.ch\/fr\/wp-json\/wp\/v2\/product_cat?post=180785"},{"taxonomy":"product_tag","embeddable":true,"href":"https:\/\/shop.bantam.ch\/fr\/wp-json\/wp\/v2\/product_tag?post=180785"}],"curies":[{"name":"wp","href":"https:\/\/api.w.org\/{rel}","templated":true}]}}