{"id":180321,"date":"2023-05-25T23:33:20","date_gmt":"2023-05-25T21:33:20","guid":{"rendered":"https:\/\/shop.bantam.ch\/produit\/ventilateur-12-v\/"},"modified":"2026-04-19T22:48:58","modified_gmt":"2026-04-19T20:48:58","slug":"ventilateur-12-v","status":"publish","type":"product","link":"https:\/\/shop.bantam.ch\/fr\/produit\/ventilateur-12-v\/","title":{"rendered":"Ventilateur\u00a012V"},"content":{"rendered":"<p class=\"MsoNormal\">Vent de refroidissement merveilleux avec ce ventilateur. La<br \/>\nconnexion 12V permet d\u2019utiliser le ventilateur n\u2019importe o\u00f9, comme dans la<br \/>\nvoiture, le camping-car ou le bateau.\u00a0Le ventilateur est silencieux avec<br \/>\nun d\u00e9bit d\u2019air \u00e9lev\u00e9 et peut \u00eatre facilement assembl\u00e9 et d\u00e9mont\u00e9 dans un petit<br \/>\nemballage pratique. Les lames amovibles d\u2019un diam\u00e8tre de 32 cm sont en silicone<br \/>\nsouple et adapt\u00e9es aux enfants. La pince garantit que le ventilateur peut \u00eatre<br \/>\nmont\u00e9 \u00e0 presque n\u2019importe quel endroit, par exemple sur un poteau de tente ou<br \/>\nune bo\u00eete dans la caravane, en bref partout o\u00f9 de l\u2019air frais est n\u00e9cessaire.<br \/>\n\u00c9galement disponible avec une prise 230V.\u00a0Taille: 40x15x32cm.\u00a0Pli\u00e9:<br \/>\n10x12x25cm.\u00a0Diam\u00e8tre du ventilateur: 32 cm.\u00a0Param\u00e8tres de vitesse:<br \/>\n1.\u00a0Force du ventilateur: 6 W.\u00a0Rotation: 600 r \/ m.\u00a0Niveau<br \/>\nsonore: 50 \/ 60Hz.\u00a0Mat\u00e9riel: ABS \/ PP.\u00a0Tension: 220V ou<br \/>\n12v.\u00a0Poids: 0,465 kg.\u00a0Couleur: 12V bleu<\/p>\n","protected":false},"excerpt":{"rendered":"<p>Vent de refroidissement merveilleux avec ce ventilateur. La connexion 12V permet d\u2019utiliser le ventilateur n\u2019importe o\u00f9, comme dans la voiture, le camping-car ou le bateau.\u00a0Le ventilateur est silencieux avec un d\u00e9bit d\u2019air \u00e9lev\u00e9 et peut \u00eatre facilement assembl\u00e9 et d\u00e9mont\u00e9 dans un petit emballage pratique. Les lames amovibles d\u2019un diam\u00e8tre de 32 cm sont en [&hellip;]<\/p>\n","protected":false},"featured_media":205530,"template":"","meta":{"_acf_changed":false},"product_featured_cat":[],"product_brand":[3074],"product_cat":[4093],"product_tag":[],"class_list":{"0":"post-180321","1":"product","2":"type-product","3":"status-publish","4":"has-post-thumbnail","6":"product_brand-eurotrail","7":"product_cat-ventilateurs","9":"first","10":"instock","11":"taxable","12":"shipping-taxable","13":"purchasable","14":"product-type-simple"},"acf":[],"yoast_head":"<!-- This site is optimized with the Yoast SEO plugin v27.4 - https:\/\/yoast.com\/product\/yoast-seo-wordpress\/ -->\n<title>Ventilateur\u00a012V - Bantam Wankm\u00fcller SA<\/title>\n<meta name=\"robots\" content=\"index, follow, max-snippet:-1, max-image-preview:large, max-video-preview:-1\" \/>\n<link rel=\"canonical\" href=\"https:\/\/shop.bantam.ch\/fr\/produit\/ventilateur-12-v\/\" \/>\n<meta property=\"og:locale\" content=\"fr_FR\" \/>\n<meta property=\"og:type\" content=\"article\" \/>\n<meta property=\"og:title\" content=\"Ventilateur\u00a012V - Bantam Wankm\u00fcller SA\" \/>\n<meta property=\"og:description\" content=\"Vent de refroidissement merveilleux avec ce ventilateur. La connexion 12V permet d\u2019utiliser le ventilateur n\u2019importe o\u00f9, comme dans la voiture, le camping-car ou le bateau.\u00a0Le ventilateur est silencieux avec un d\u00e9bit d\u2019air \u00e9lev\u00e9 et peut \u00eatre facilement assembl\u00e9 et d\u00e9mont\u00e9 dans un petit emballage pratique. Les lames amovibles d\u2019un diam\u00e8tre de 32 cm sont en [&hellip;]\" \/>\n<meta property=\"og:url\" content=\"https:\/\/shop.bantam.ch\/fr\/produit\/ventilateur-12-v\/\" \/>\n<meta property=\"og:site_name\" content=\"Bantam Wankm\u00fcller SA\" \/>\n<meta property=\"article:modified_time\" content=\"2026-04-19T20:48:58+00:00\" \/>\n<meta property=\"og:image\" content=\"https:\/\/shop.bantam.ch\/wp-content\/uploads\/2024\/09\/Movera-L-9935259100.jpg\" \/>\n\t<meta property=\"og:image:width\" content=\"502\" \/>\n\t<meta property=\"og:image:height\" content=\"800\" \/>\n\t<meta property=\"og:image:type\" content=\"image\/jpeg\" \/>\n<meta name=\"twitter:card\" content=\"summary_large_image\" \/>\n<meta name=\"twitter:label1\" content=\"Dur\u00e9e de lecture estim\u00e9e\" \/>\n\t<meta name=\"twitter:data1\" content=\"1 minute\" \/>\n<script type=\"application\/ld+json\" class=\"yoast-schema-graph\">{\"@context\":\"https:\\\/\\\/schema.org\",\"@graph\":[{\"@type\":\"WebPage\",\"@id\":\"https:\\\/\\\/shop.bantam.ch\\\/fr\\\/produit\\\/ventilateur-12-v\\\/\",\"url\":\"https:\\\/\\\/shop.bantam.ch\\\/fr\\\/produit\\\/ventilateur-12-v\\\/\",\"name\":\"Ventilateur\u00a012V - Bantam Wankm\u00fcller SA\",\"isPartOf\":{\"@id\":\"https:\\\/\\\/shop.bantam.ch\\\/fr\\\/#website\"},\"primaryImageOfPage\":{\"@id\":\"https:\\\/\\\/shop.bantam.ch\\\/fr\\\/produit\\\/ventilateur-12-v\\\/#primaryimage\"},\"image\":{\"@id\":\"https:\\\/\\\/shop.bantam.ch\\\/fr\\\/produit\\\/ventilateur-12-v\\\/#primaryimage\"},\"thumbnailUrl\":\"https:\\\/\\\/shop.bantam.ch\\\/wp-content\\\/uploads\\\/2024\\\/09\\\/Movera-L-9935259100.jpg\",\"datePublished\":\"2023-05-25T21:33:20+00:00\",\"dateModified\":\"2026-04-19T20:48:58+00:00\",\"breadcrumb\":{\"@id\":\"https:\\\/\\\/shop.bantam.ch\\\/fr\\\/produit\\\/ventilateur-12-v\\\/#breadcrumb\"},\"inLanguage\":\"fr-FR\",\"potentialAction\":[{\"@type\":\"ReadAction\",\"target\":[\"https:\\\/\\\/shop.bantam.ch\\\/fr\\\/produit\\\/ventilateur-12-v\\\/\"]}]},{\"@type\":\"ImageObject\",\"inLanguage\":\"fr-FR\",\"@id\":\"https:\\\/\\\/shop.bantam.ch\\\/fr\\\/produit\\\/ventilateur-12-v\\\/#primaryimage\",\"url\":\"https:\\\/\\\/shop.bantam.ch\\\/wp-content\\\/uploads\\\/2024\\\/09\\\/Movera-L-9935259100.jpg\",\"contentUrl\":\"https:\\\/\\\/shop.bantam.ch\\\/wp-content\\\/uploads\\\/2024\\\/09\\\/Movera-L-9935259100.jpg\",\"width\":502,\"height\":800},{\"@type\":\"BreadcrumbList\",\"@id\":\"https:\\\/\\\/shop.bantam.ch\\\/fr\\\/produit\\\/ventilateur-12-v\\\/#breadcrumb\",\"itemListElement\":[{\"@type\":\"ListItem\",\"position\":1,\"name\":\"Accueil\",\"item\":\"https:\\\/\\\/shop.bantam.ch\\\/fr\\\/\"},{\"@type\":\"ListItem\",\"position\":2,\"name\":\"Boutique\",\"item\":\"https:\\\/\\\/shop.bantam.ch\\\/fr\\\/boutique\\\/\"},{\"@type\":\"ListItem\",\"position\":3,\"name\":\"Ventilateur\u00a012V\"}]},{\"@type\":\"WebSite\",\"@id\":\"https:\\\/\\\/shop.bantam.ch\\\/fr\\\/#website\",\"url\":\"https:\\\/\\\/shop.bantam.ch\\\/fr\\\/\",\"name\":\"Bantam Wankm\u00fcller SA\",\"description\":\"\",\"publisher\":{\"@id\":\"https:\\\/\\\/shop.bantam.ch\\\/fr\\\/#organization\"},\"inLanguage\":\"fr-FR\"},{\"@type\":\"Organization\",\"@id\":\"https:\\\/\\\/shop.bantam.ch\\\/fr\\\/#organization\",\"name\":\"Bantam Wankm\u00fcller SA\",\"url\":\"https:\\\/\\\/shop.bantam.ch\\\/fr\\\/\",\"logo\":{\"@type\":\"ImageObject\",\"inLanguage\":\"fr-FR\",\"@id\":\"https:\\\/\\\/shop.bantam.ch\\\/fr\\\/#\\\/schema\\\/logo\\\/image\\\/\",\"url\":\"https:\\\/\\\/shop.bantam.ch\\\/wp-content\\\/uploads\\\/2022\\\/12\\\/bantam-logo.png\",\"contentUrl\":\"https:\\\/\\\/shop.bantam.ch\\\/wp-content\\\/uploads\\\/2022\\\/12\\\/bantam-logo.png\",\"width\":320,\"height\":71,\"caption\":\"Bantam Wankm\u00fcller SA\"},\"image\":{\"@id\":\"https:\\\/\\\/shop.bantam.ch\\\/fr\\\/#\\\/schema\\\/logo\\\/image\\\/\"}}]}<\/script>\n<!-- \/ Yoast SEO plugin. -->","yoast_head_json":{"title":"Ventilateur\u00a012V - Bantam Wankm\u00fcller SA","robots":{"index":"index","follow":"follow","max-snippet":"max-snippet:-1","max-image-preview":"max-image-preview:large","max-video-preview":"max-video-preview:-1"},"canonical":"https:\/\/shop.bantam.ch\/fr\/produit\/ventilateur-12-v\/","og_locale":"fr_FR","og_type":"article","og_title":"Ventilateur\u00a012V - Bantam Wankm\u00fcller SA","og_description":"Vent de refroidissement merveilleux avec ce ventilateur. La connexion 12V permet d\u2019utiliser le ventilateur n\u2019importe o\u00f9, comme dans la voiture, le camping-car ou le bateau.\u00a0Le ventilateur est silencieux avec un d\u00e9bit d\u2019air \u00e9lev\u00e9 et peut \u00eatre facilement assembl\u00e9 et d\u00e9mont\u00e9 dans un petit emballage pratique. Les lames amovibles d\u2019un diam\u00e8tre de 32 cm sont en [&hellip;]","og_url":"https:\/\/shop.bantam.ch\/fr\/produit\/ventilateur-12-v\/","og_site_name":"Bantam Wankm\u00fcller SA","article_modified_time":"2026-04-19T20:48:58+00:00","og_image":[{"width":502,"height":800,"url":"https:\/\/shop.bantam.ch\/wp-content\/uploads\/2024\/09\/Movera-L-9935259100.jpg","type":"image\/jpeg"}],"twitter_card":"summary_large_image","twitter_misc":{"Dur\u00e9e de lecture estim\u00e9e":"1 minute"},"schema":{"@context":"https:\/\/schema.org","@graph":[{"@type":"WebPage","@id":"https:\/\/shop.bantam.ch\/fr\/produit\/ventilateur-12-v\/","url":"https:\/\/shop.bantam.ch\/fr\/produit\/ventilateur-12-v\/","name":"Ventilateur\u00a012V - Bantam Wankm\u00fcller SA","isPartOf":{"@id":"https:\/\/shop.bantam.ch\/fr\/#website"},"primaryImageOfPage":{"@id":"https:\/\/shop.bantam.ch\/fr\/produit\/ventilateur-12-v\/#primaryimage"},"image":{"@id":"https:\/\/shop.bantam.ch\/fr\/produit\/ventilateur-12-v\/#primaryimage"},"thumbnailUrl":"https:\/\/shop.bantam.ch\/wp-content\/uploads\/2024\/09\/Movera-L-9935259100.jpg","datePublished":"2023-05-25T21:33:20+00:00","dateModified":"2026-04-19T20:48:58+00:00","breadcrumb":{"@id":"https:\/\/shop.bantam.ch\/fr\/produit\/ventilateur-12-v\/#breadcrumb"},"inLanguage":"fr-FR","potentialAction":[{"@type":"ReadAction","target":["https:\/\/shop.bantam.ch\/fr\/produit\/ventilateur-12-v\/"]}]},{"@type":"ImageObject","inLanguage":"fr-FR","@id":"https:\/\/shop.bantam.ch\/fr\/produit\/ventilateur-12-v\/#primaryimage","url":"https:\/\/shop.bantam.ch\/wp-content\/uploads\/2024\/09\/Movera-L-9935259100.jpg","contentUrl":"https:\/\/shop.bantam.ch\/wp-content\/uploads\/2024\/09\/Movera-L-9935259100.jpg","width":502,"height":800},{"@type":"BreadcrumbList","@id":"https:\/\/shop.bantam.ch\/fr\/produit\/ventilateur-12-v\/#breadcrumb","itemListElement":[{"@type":"ListItem","position":1,"name":"Accueil","item":"https:\/\/shop.bantam.ch\/fr\/"},{"@type":"ListItem","position":2,"name":"Boutique","item":"https:\/\/shop.bantam.ch\/fr\/boutique\/"},{"@type":"ListItem","position":3,"name":"Ventilateur\u00a012V"}]},{"@type":"WebSite","@id":"https:\/\/shop.bantam.ch\/fr\/#website","url":"https:\/\/shop.bantam.ch\/fr\/","name":"Bantam Wankm\u00fcller SA","description":"","publisher":{"@id":"https:\/\/shop.bantam.ch\/fr\/#organization"},"inLanguage":"fr-FR"},{"@type":"Organization","@id":"https:\/\/shop.bantam.ch\/fr\/#organization","name":"Bantam Wankm\u00fcller SA","url":"https:\/\/shop.bantam.ch\/fr\/","logo":{"@type":"ImageObject","inLanguage":"fr-FR","@id":"https:\/\/shop.bantam.ch\/fr\/#\/schema\/logo\/image\/","url":"https:\/\/shop.bantam.ch\/wp-content\/uploads\/2022\/12\/bantam-logo.png","contentUrl":"https:\/\/shop.bantam.ch\/wp-content\/uploads\/2022\/12\/bantam-logo.png","width":320,"height":71,"caption":"Bantam Wankm\u00fcller SA"},"image":{"@id":"https:\/\/shop.bantam.ch\/fr\/#\/schema\/logo\/image\/"}}]}},"_links":{"self":[{"href":"https:\/\/shop.bantam.ch\/fr\/wp-json\/wp\/v2\/product\/180321","targetHints":{"allow":["GET"]}}],"collection":[{"href":"https:\/\/shop.bantam.ch\/fr\/wp-json\/wp\/v2\/product"}],"about":[{"href":"https:\/\/shop.bantam.ch\/fr\/wp-json\/wp\/v2\/types\/product"}],"wp:featuredmedia":[{"embeddable":true,"href":"https:\/\/shop.bantam.ch\/fr\/wp-json\/wp\/v2\/media\/205530"}],"wp:attachment":[{"href":"https:\/\/shop.bantam.ch\/fr\/wp-json\/wp\/v2\/media?parent=180321"}],"wp:term":[{"taxonomy":"product_featured_cat","embeddable":true,"href":"https:\/\/shop.bantam.ch\/fr\/wp-json\/wp\/v2\/product_featured_cat?post=180321"},{"taxonomy":"product_brand","embeddable":true,"href":"https:\/\/shop.bantam.ch\/fr\/wp-json\/wp\/v2\/product_brand?post=180321"},{"taxonomy":"product_cat","embeddable":true,"href":"https:\/\/shop.bantam.ch\/fr\/wp-json\/wp\/v2\/product_cat?post=180321"},{"taxonomy":"product_tag","embeddable":true,"href":"https:\/\/shop.bantam.ch\/fr\/wp-json\/wp\/v2\/product_tag?post=180321"}],"curies":[{"name":"wp","href":"https:\/\/api.w.org\/{rel}","templated":true}]}}