{"id":179306,"date":"2023-05-25T22:55:25","date_gmt":"2023-05-25T20:55:25","guid":{"rendered":"https:\/\/shop.bantam.ch\/produit\/logiciel-de-navigation-z-emap66-z-n965\/"},"modified":"2026-04-18T00:45:36","modified_gmt":"2026-04-17T22:45:36","slug":"logiciel-de-navigation-z-emap66-z-n965","status":"publish","type":"product","link":"https:\/\/shop.bantam.ch\/fr\/produit\/logiciel-de-navigation-z-emap66-z-n965\/","title":{"rendered":"Logiciel de navigation Z-EMAP66 &#8211; Z-N965"},"content":{"rendered":"<p>Ce pack de cartes fonctionne avec le mod\u00e8le ZENEC suivant : Z-N965<\/p>\n<ul>\n<li>Logiciel de navigation 3D pour camping-cars avec cartes pour 47 pays\u00a0: Europe occidentale et orientale, Grande-Bretagne, Turquie, Ukraine, Belarus et Russie (sur une carte microSDHC de 16 Go)<\/li>\n<li>Profils de camping-cars pr\u00e9configur\u00e9s avec saisie de la hauteur, largeur, longueur, poids, remorque, etc.<\/li>\n<li>POI Camping Pack avec environ 20 000 destinations sp\u00e9ciales et informations d\u00e9taill\u00e9es (multilingue en DE \/ EN \/ NL \/ IT \/ FR)<\/li>\n<li>Europa Premium P.O.I. Pack avec plus de 6,5 millions de PI<\/li>\n<li>Repr\u00e9sentation r\u00e9aliste en 3D des paysages, des lieux touristiques, des centres-villes et des carrefours autoroutiers<\/li>\n<li>\u00c9cran partag\u00e9 de navigation dans les sources audio avec affichage des noms de rue et de la distance jusqu&rsquo;au prochain virage.<\/li>\n<li>Assistant de changement de voie, mode tunnel, zoom automatique 3D pour intersections et ronds-points, calcul intelligent d&rsquo;itin\u00e9raires alternatifs, etc.<\/li>\n<li>Guidage vocal TTS <\/li>\n<li>TPEG Service avec informations sur le trafic via DAB+ (couverture sp\u00e9cifique \u00e0 chaque pays, version gratuite)<\/li>\n<\/ul>\n","protected":false},"excerpt":{"rendered":"<p>Ce pack de cartes fonctionne avec le mod\u00e8le ZENEC suivant : Z-N965 Logiciel de navigation 3D pour camping-cars avec cartes pour 47 pays\u00a0: Europe occidentale et orientale, Grande-Bretagne, Turquie, Ukraine, Belarus et Russie (sur une carte microSDHC de 16 Go) Profils de camping-cars pr\u00e9configur\u00e9s avec saisie de la hauteur, largeur, longueur, poids, remorque, etc. POI [&hellip;]<\/p>\n","protected":false},"featured_media":179304,"template":"","meta":{"_acf_changed":false},"product_featured_cat":[],"product_brand":[3212],"product_cat":[4993],"product_tag":[],"class_list":{"0":"post-179306","1":"product","2":"type-product","3":"status-publish","4":"has-post-thumbnail","6":"product_brand-zenec","7":"product_cat-logiciels-de-navigation","9":"first","10":"instock","11":"taxable","12":"shipping-taxable","13":"purchasable","14":"product-type-variable"},"acf":[],"yoast_head":"<!-- This site is optimized with the Yoast SEO plugin v27.4 - https:\/\/yoast.com\/product\/yoast-seo-wordpress\/ -->\n<title>Logiciel de navigation Z-EMAP66 - Z-N965 - Bantam Wankm\u00fcller SA<\/title>\n<meta name=\"robots\" content=\"index, follow, max-snippet:-1, max-image-preview:large, max-video-preview:-1\" \/>\n<link rel=\"canonical\" href=\"https:\/\/shop.bantam.ch\/fr\/produit\/logiciel-de-navigation-z-emap66-z-n965\/\" \/>\n<meta property=\"og:locale\" content=\"fr_FR\" \/>\n<meta property=\"og:type\" content=\"article\" \/>\n<meta property=\"og:title\" content=\"Logiciel de navigation Z-EMAP66 - Z-N965 - Bantam Wankm\u00fcller SA\" \/>\n<meta property=\"og:description\" content=\"Ce pack de cartes fonctionne avec le mod\u00e8le ZENEC suivant : Z-N965 Logiciel de navigation 3D pour camping-cars avec cartes pour 47 pays\u00a0: Europe occidentale et orientale, Grande-Bretagne, Turquie, Ukraine, Belarus et Russie (sur une carte microSDHC de 16 Go) Profils de camping-cars pr\u00e9configur\u00e9s avec saisie de la hauteur, largeur, longueur, poids, remorque, etc. POI [&hellip;]\" \/>\n<meta property=\"og:url\" content=\"https:\/\/shop.bantam.ch\/fr\/produit\/logiciel-de-navigation-z-emap66-z-n965\/\" \/>\n<meta property=\"og:site_name\" content=\"Bantam Wankm\u00fcller SA\" \/>\n<meta property=\"article:modified_time\" content=\"2026-04-17T22:45:36+00:00\" \/>\n<meta property=\"og:image\" content=\"https:\/\/shop.bantam.ch\/wp-content\/uploads\/2023\/05\/995755411-scaled.jpg\" \/>\n\t<meta property=\"og:image:width\" content=\"2048\" \/>\n\t<meta property=\"og:image:height\" content=\"2048\" \/>\n\t<meta property=\"og:image:type\" content=\"image\/jpeg\" \/>\n<meta name=\"twitter:card\" content=\"summary_large_image\" \/>\n<meta name=\"twitter:label1\" content=\"Dur\u00e9e de lecture estim\u00e9e\" \/>\n\t<meta name=\"twitter:data1\" content=\"1 minute\" \/>\n<script type=\"application\/ld+json\" class=\"yoast-schema-graph\">{\"@context\":\"https:\\\/\\\/schema.org\",\"@graph\":[{\"@type\":\"WebPage\",\"@id\":\"https:\\\/\\\/shop.bantam.ch\\\/fr\\\/produit\\\/logiciel-de-navigation-z-emap66-z-n965\\\/\",\"url\":\"https:\\\/\\\/shop.bantam.ch\\\/fr\\\/produit\\\/logiciel-de-navigation-z-emap66-z-n965\\\/\",\"name\":\"Logiciel de navigation Z-EMAP66 - Z-N965 - Bantam Wankm\u00fcller SA\",\"isPartOf\":{\"@id\":\"https:\\\/\\\/shop.bantam.ch\\\/fr\\\/#website\"},\"primaryImageOfPage\":{\"@id\":\"https:\\\/\\\/shop.bantam.ch\\\/fr\\\/produit\\\/logiciel-de-navigation-z-emap66-z-n965\\\/#primaryimage\"},\"image\":{\"@id\":\"https:\\\/\\\/shop.bantam.ch\\\/fr\\\/produit\\\/logiciel-de-navigation-z-emap66-z-n965\\\/#primaryimage\"},\"thumbnailUrl\":\"https:\\\/\\\/shop.bantam.ch\\\/wp-content\\\/uploads\\\/2023\\\/05\\\/995755411-scaled.jpg\",\"datePublished\":\"2023-05-25T20:55:25+00:00\",\"dateModified\":\"2026-04-17T22:45:36+00:00\",\"breadcrumb\":{\"@id\":\"https:\\\/\\\/shop.bantam.ch\\\/fr\\\/produit\\\/logiciel-de-navigation-z-emap66-z-n965\\\/#breadcrumb\"},\"inLanguage\":\"fr-FR\",\"potentialAction\":[{\"@type\":\"ReadAction\",\"target\":[\"https:\\\/\\\/shop.bantam.ch\\\/fr\\\/produit\\\/logiciel-de-navigation-z-emap66-z-n965\\\/\"]}]},{\"@type\":\"ImageObject\",\"inLanguage\":\"fr-FR\",\"@id\":\"https:\\\/\\\/shop.bantam.ch\\\/fr\\\/produit\\\/logiciel-de-navigation-z-emap66-z-n965\\\/#primaryimage\",\"url\":\"https:\\\/\\\/shop.bantam.ch\\\/wp-content\\\/uploads\\\/2023\\\/05\\\/995755411-scaled.jpg\",\"contentUrl\":\"https:\\\/\\\/shop.bantam.ch\\\/wp-content\\\/uploads\\\/2023\\\/05\\\/995755411-scaled.jpg\",\"width\":2048,\"height\":2048},{\"@type\":\"BreadcrumbList\",\"@id\":\"https:\\\/\\\/shop.bantam.ch\\\/fr\\\/produit\\\/logiciel-de-navigation-z-emap66-z-n965\\\/#breadcrumb\",\"itemListElement\":[{\"@type\":\"ListItem\",\"position\":1,\"name\":\"Accueil\",\"item\":\"https:\\\/\\\/shop.bantam.ch\\\/fr\\\/\"},{\"@type\":\"ListItem\",\"position\":2,\"name\":\"Boutique\",\"item\":\"https:\\\/\\\/shop.bantam.ch\\\/fr\\\/boutique\\\/\"},{\"@type\":\"ListItem\",\"position\":3,\"name\":\"Logiciel de navigation Z-EMAP66 &#8211; Z-N965\"}]},{\"@type\":\"WebSite\",\"@id\":\"https:\\\/\\\/shop.bantam.ch\\\/fr\\\/#website\",\"url\":\"https:\\\/\\\/shop.bantam.ch\\\/fr\\\/\",\"name\":\"Bantam Wankm\u00fcller SA\",\"description\":\"\",\"publisher\":{\"@id\":\"https:\\\/\\\/shop.bantam.ch\\\/fr\\\/#organization\"},\"inLanguage\":\"fr-FR\"},{\"@type\":\"Organization\",\"@id\":\"https:\\\/\\\/shop.bantam.ch\\\/fr\\\/#organization\",\"name\":\"Bantam Wankm\u00fcller SA\",\"url\":\"https:\\\/\\\/shop.bantam.ch\\\/fr\\\/\",\"logo\":{\"@type\":\"ImageObject\",\"inLanguage\":\"fr-FR\",\"@id\":\"https:\\\/\\\/shop.bantam.ch\\\/fr\\\/#\\\/schema\\\/logo\\\/image\\\/\",\"url\":\"https:\\\/\\\/shop.bantam.ch\\\/wp-content\\\/uploads\\\/2022\\\/12\\\/bantam-logo.png\",\"contentUrl\":\"https:\\\/\\\/shop.bantam.ch\\\/wp-content\\\/uploads\\\/2022\\\/12\\\/bantam-logo.png\",\"width\":320,\"height\":71,\"caption\":\"Bantam Wankm\u00fcller SA\"},\"image\":{\"@id\":\"https:\\\/\\\/shop.bantam.ch\\\/fr\\\/#\\\/schema\\\/logo\\\/image\\\/\"}}]}<\/script>\n<!-- \/ Yoast SEO plugin. -->","yoast_head_json":{"title":"Logiciel de navigation Z-EMAP66 - Z-N965 - Bantam Wankm\u00fcller SA","robots":{"index":"index","follow":"follow","max-snippet":"max-snippet:-1","max-image-preview":"max-image-preview:large","max-video-preview":"max-video-preview:-1"},"canonical":"https:\/\/shop.bantam.ch\/fr\/produit\/logiciel-de-navigation-z-emap66-z-n965\/","og_locale":"fr_FR","og_type":"article","og_title":"Logiciel de navigation Z-EMAP66 - Z-N965 - Bantam Wankm\u00fcller SA","og_description":"Ce pack de cartes fonctionne avec le mod\u00e8le ZENEC suivant : Z-N965 Logiciel de navigation 3D pour camping-cars avec cartes pour 47 pays\u00a0: Europe occidentale et orientale, Grande-Bretagne, Turquie, Ukraine, Belarus et Russie (sur une carte microSDHC de 16 Go) Profils de camping-cars pr\u00e9configur\u00e9s avec saisie de la hauteur, largeur, longueur, poids, remorque, etc. POI [&hellip;]","og_url":"https:\/\/shop.bantam.ch\/fr\/produit\/logiciel-de-navigation-z-emap66-z-n965\/","og_site_name":"Bantam Wankm\u00fcller SA","article_modified_time":"2026-04-17T22:45:36+00:00","og_image":[{"width":2048,"height":2048,"url":"https:\/\/shop.bantam.ch\/wp-content\/uploads\/2023\/05\/995755411-scaled.jpg","type":"image\/jpeg"}],"twitter_card":"summary_large_image","twitter_misc":{"Dur\u00e9e de lecture estim\u00e9e":"1 minute"},"schema":{"@context":"https:\/\/schema.org","@graph":[{"@type":"WebPage","@id":"https:\/\/shop.bantam.ch\/fr\/produit\/logiciel-de-navigation-z-emap66-z-n965\/","url":"https:\/\/shop.bantam.ch\/fr\/produit\/logiciel-de-navigation-z-emap66-z-n965\/","name":"Logiciel de navigation Z-EMAP66 - Z-N965 - Bantam Wankm\u00fcller SA","isPartOf":{"@id":"https:\/\/shop.bantam.ch\/fr\/#website"},"primaryImageOfPage":{"@id":"https:\/\/shop.bantam.ch\/fr\/produit\/logiciel-de-navigation-z-emap66-z-n965\/#primaryimage"},"image":{"@id":"https:\/\/shop.bantam.ch\/fr\/produit\/logiciel-de-navigation-z-emap66-z-n965\/#primaryimage"},"thumbnailUrl":"https:\/\/shop.bantam.ch\/wp-content\/uploads\/2023\/05\/995755411-scaled.jpg","datePublished":"2023-05-25T20:55:25+00:00","dateModified":"2026-04-17T22:45:36+00:00","breadcrumb":{"@id":"https:\/\/shop.bantam.ch\/fr\/produit\/logiciel-de-navigation-z-emap66-z-n965\/#breadcrumb"},"inLanguage":"fr-FR","potentialAction":[{"@type":"ReadAction","target":["https:\/\/shop.bantam.ch\/fr\/produit\/logiciel-de-navigation-z-emap66-z-n965\/"]}]},{"@type":"ImageObject","inLanguage":"fr-FR","@id":"https:\/\/shop.bantam.ch\/fr\/produit\/logiciel-de-navigation-z-emap66-z-n965\/#primaryimage","url":"https:\/\/shop.bantam.ch\/wp-content\/uploads\/2023\/05\/995755411-scaled.jpg","contentUrl":"https:\/\/shop.bantam.ch\/wp-content\/uploads\/2023\/05\/995755411-scaled.jpg","width":2048,"height":2048},{"@type":"BreadcrumbList","@id":"https:\/\/shop.bantam.ch\/fr\/produit\/logiciel-de-navigation-z-emap66-z-n965\/#breadcrumb","itemListElement":[{"@type":"ListItem","position":1,"name":"Accueil","item":"https:\/\/shop.bantam.ch\/fr\/"},{"@type":"ListItem","position":2,"name":"Boutique","item":"https:\/\/shop.bantam.ch\/fr\/boutique\/"},{"@type":"ListItem","position":3,"name":"Logiciel de navigation Z-EMAP66 &#8211; Z-N965"}]},{"@type":"WebSite","@id":"https:\/\/shop.bantam.ch\/fr\/#website","url":"https:\/\/shop.bantam.ch\/fr\/","name":"Bantam Wankm\u00fcller SA","description":"","publisher":{"@id":"https:\/\/shop.bantam.ch\/fr\/#organization"},"inLanguage":"fr-FR"},{"@type":"Organization","@id":"https:\/\/shop.bantam.ch\/fr\/#organization","name":"Bantam Wankm\u00fcller SA","url":"https:\/\/shop.bantam.ch\/fr\/","logo":{"@type":"ImageObject","inLanguage":"fr-FR","@id":"https:\/\/shop.bantam.ch\/fr\/#\/schema\/logo\/image\/","url":"https:\/\/shop.bantam.ch\/wp-content\/uploads\/2022\/12\/bantam-logo.png","contentUrl":"https:\/\/shop.bantam.ch\/wp-content\/uploads\/2022\/12\/bantam-logo.png","width":320,"height":71,"caption":"Bantam Wankm\u00fcller SA"},"image":{"@id":"https:\/\/shop.bantam.ch\/fr\/#\/schema\/logo\/image\/"}}]}},"_links":{"self":[{"href":"https:\/\/shop.bantam.ch\/fr\/wp-json\/wp\/v2\/product\/179306","targetHints":{"allow":["GET"]}}],"collection":[{"href":"https:\/\/shop.bantam.ch\/fr\/wp-json\/wp\/v2\/product"}],"about":[{"href":"https:\/\/shop.bantam.ch\/fr\/wp-json\/wp\/v2\/types\/product"}],"wp:featuredmedia":[{"embeddable":true,"href":"https:\/\/shop.bantam.ch\/fr\/wp-json\/wp\/v2\/media\/179304"}],"wp:attachment":[{"href":"https:\/\/shop.bantam.ch\/fr\/wp-json\/wp\/v2\/media?parent=179306"}],"wp:term":[{"taxonomy":"product_featured_cat","embeddable":true,"href":"https:\/\/shop.bantam.ch\/fr\/wp-json\/wp\/v2\/product_featured_cat?post=179306"},{"taxonomy":"product_brand","embeddable":true,"href":"https:\/\/shop.bantam.ch\/fr\/wp-json\/wp\/v2\/product_brand?post=179306"},{"taxonomy":"product_cat","embeddable":true,"href":"https:\/\/shop.bantam.ch\/fr\/wp-json\/wp\/v2\/product_cat?post=179306"},{"taxonomy":"product_tag","embeddable":true,"href":"https:\/\/shop.bantam.ch\/fr\/wp-json\/wp\/v2\/product_tag?post=179306"}],"curies":[{"name":"wp","href":"https:\/\/api.w.org\/{rel}","templated":true}]}}