{"id":174882,"date":"2023-05-25T16:16:39","date_gmt":"2023-05-25T14:16:39","guid":{"rendered":"https:\/\/shop.bantam.ch\/produit\/installation-solaire-complete-mt-90-cis-avec-regulateur-230-w\/"},"modified":"2026-04-18T22:41:30","modified_gmt":"2026-04-18T20:41:30","slug":"installation-solaire-complete-mt-90-cis-avec-regulateur-230-w","status":"publish","type":"product","link":"https:\/\/shop.bantam.ch\/fr\/produit\/installation-solaire-complete-mt-90-cis-avec-regulateur-230-w\/","title":{"rendered":"Installation solaire compl\u00e8te MT 90 CIS avec r\u00e9gulateur 230 W"},"content":{"rendered":"<p>Des syst\u00e8mes solaires complets avec des modules solaires CIS qui sont moins sensibles \u00e0 l&rsquo;ombrage partiel et produisent plus que tous les modules solaires conventionnels dans ces conditions difficiles. Les kits solaires complets contiennent tout ce qui est n\u00e9cessaire pour installer un syst\u00e8me solaire pour un v\u00e9hicule de voyage. Tous les r\u00e9gulateurs solaires disposent d&rsquo;une deuxi\u00e8me sortie de charge (batterie de d\u00e9marrage) et d&rsquo;un raccordement pour l\u2019affichage solaire \u00e0 distance (en option). Les r\u00e9gulateurs solaires des syst\u00e8mes MT 55 CIS et MT 80 MC sont con\u00e7us de telle sorte qu&rsquo;un module avec la m\u00eame puissance peut \u00eatre ajout\u00e9 si n\u00e9cessaire.<\/p>\n<p>Contenu de la livraison :<br \/>Module solaire CIS<br \/>R\u00e9gulateur solaire PowerPlus avec capteur de temp\u00e9rature<br \/>Set de d\u00e9flecteurs de toit avec accessoires<br \/>Sortie de toit<br \/>Kit de collage pour set de d\u00e9flecteurs et sortie de toit<br \/>Faisceau de c\u00e2bles int\u00e9rieur \/ ext\u00e9rieur<br \/>Faisceau de c\u00e2bles pour v\u00e9hicules avec station de base LRE (Hymer Group)<br \/>Petites pi\u00e8ces<br \/>Instruction de montage<\/p>\n","protected":false},"excerpt":{"rendered":"<p>Des syst\u00e8mes solaires complets avec des modules solaires CIS qui sont moins sensibles \u00e0 l&rsquo;ombrage partiel et produisent plus que tous les modules solaires conventionnels dans ces conditions difficiles. Les kits solaires complets contiennent tout ce qui est n\u00e9cessaire pour installer un syst\u00e8me solaire pour un v\u00e9hicule de voyage. Tous les r\u00e9gulateurs solaires disposent d&rsquo;une [&hellip;]<\/p>\n","protected":false},"featured_media":174880,"template":"","meta":{"_acf_changed":false},"product_featured_cat":[],"product_brand":[3068],"product_cat":[4879],"product_tag":[],"class_list":{"0":"post-174882","1":"product","2":"type-product","3":"status-publish","4":"has-post-thumbnail","6":"product_brand-buttner-elektronik","7":"product_cat-kits-solaires","9":"first","10":"instock","11":"taxable","12":"shipping-taxable","13":"purchasable","14":"product-type-simple"},"acf":[],"yoast_head":"<!-- This site is optimized with the Yoast SEO plugin v27.4 - https:\/\/yoast.com\/product\/yoast-seo-wordpress\/ -->\n<title>Installation solaire compl\u00e8te MT 90 CIS avec r\u00e9gulateur 230 W - Bantam Wankm\u00fcller SA<\/title>\n<meta name=\"robots\" content=\"index, follow, max-snippet:-1, max-image-preview:large, max-video-preview:-1\" \/>\n<link rel=\"canonical\" href=\"https:\/\/shop.bantam.ch\/fr\/produit\/installation-solaire-complete-mt-90-cis-avec-regulateur-230-w\/\" \/>\n<meta property=\"og:locale\" content=\"fr_FR\" \/>\n<meta property=\"og:type\" content=\"article\" \/>\n<meta property=\"og:title\" content=\"Installation solaire compl\u00e8te MT 90 CIS avec r\u00e9gulateur 230 W - Bantam Wankm\u00fcller SA\" \/>\n<meta property=\"og:description\" content=\"Des syst\u00e8mes solaires complets avec des modules solaires CIS qui sont moins sensibles \u00e0 l&rsquo;ombrage partiel et produisent plus que tous les modules solaires conventionnels dans ces conditions difficiles. Les kits solaires complets contiennent tout ce qui est n\u00e9cessaire pour installer un syst\u00e8me solaire pour un v\u00e9hicule de voyage. Tous les r\u00e9gulateurs solaires disposent d&rsquo;une [&hellip;]\" \/>\n<meta property=\"og:url\" content=\"https:\/\/shop.bantam.ch\/fr\/produit\/installation-solaire-complete-mt-90-cis-avec-regulateur-230-w\/\" \/>\n<meta property=\"og:site_name\" content=\"Bantam Wankm\u00fcller SA\" \/>\n<meta property=\"article:modified_time\" content=\"2026-04-18T20:41:30+00:00\" \/>\n<meta property=\"og:image\" content=\"https:\/\/shop.bantam.ch\/wp-content\/uploads\/2023\/05\/995228311tx8yN2NUTZChq.jpg\" \/>\n\t<meta property=\"og:image:width\" content=\"1000\" \/>\n\t<meta property=\"og:image:height\" content=\"391\" \/>\n\t<meta property=\"og:image:type\" content=\"image\/jpeg\" \/>\n<meta name=\"twitter:card\" content=\"summary_large_image\" \/>\n<meta name=\"twitter:label1\" content=\"Dur\u00e9e de lecture estim\u00e9e\" \/>\n\t<meta name=\"twitter:data1\" content=\"1 minute\" \/>\n<script type=\"application\/ld+json\" class=\"yoast-schema-graph\">{\"@context\":\"https:\\\/\\\/schema.org\",\"@graph\":[{\"@type\":\"WebPage\",\"@id\":\"https:\\\/\\\/shop.bantam.ch\\\/fr\\\/produit\\\/installation-solaire-complete-mt-90-cis-avec-regulateur-230-w\\\/\",\"url\":\"https:\\\/\\\/shop.bantam.ch\\\/fr\\\/produit\\\/installation-solaire-complete-mt-90-cis-avec-regulateur-230-w\\\/\",\"name\":\"Installation solaire compl\u00e8te MT 90 CIS avec r\u00e9gulateur 230 W - Bantam Wankm\u00fcller SA\",\"isPartOf\":{\"@id\":\"https:\\\/\\\/shop.bantam.ch\\\/fr\\\/#website\"},\"primaryImageOfPage\":{\"@id\":\"https:\\\/\\\/shop.bantam.ch\\\/fr\\\/produit\\\/installation-solaire-complete-mt-90-cis-avec-regulateur-230-w\\\/#primaryimage\"},\"image\":{\"@id\":\"https:\\\/\\\/shop.bantam.ch\\\/fr\\\/produit\\\/installation-solaire-complete-mt-90-cis-avec-regulateur-230-w\\\/#primaryimage\"},\"thumbnailUrl\":\"https:\\\/\\\/shop.bantam.ch\\\/wp-content\\\/uploads\\\/2023\\\/05\\\/995228311tx8yN2NUTZChq.jpg\",\"datePublished\":\"2023-05-25T14:16:39+00:00\",\"dateModified\":\"2026-04-18T20:41:30+00:00\",\"breadcrumb\":{\"@id\":\"https:\\\/\\\/shop.bantam.ch\\\/fr\\\/produit\\\/installation-solaire-complete-mt-90-cis-avec-regulateur-230-w\\\/#breadcrumb\"},\"inLanguage\":\"fr-FR\",\"potentialAction\":[{\"@type\":\"ReadAction\",\"target\":[\"https:\\\/\\\/shop.bantam.ch\\\/fr\\\/produit\\\/installation-solaire-complete-mt-90-cis-avec-regulateur-230-w\\\/\"]}]},{\"@type\":\"ImageObject\",\"inLanguage\":\"fr-FR\",\"@id\":\"https:\\\/\\\/shop.bantam.ch\\\/fr\\\/produit\\\/installation-solaire-complete-mt-90-cis-avec-regulateur-230-w\\\/#primaryimage\",\"url\":\"https:\\\/\\\/shop.bantam.ch\\\/wp-content\\\/uploads\\\/2023\\\/05\\\/995228311tx8yN2NUTZChq.jpg\",\"contentUrl\":\"https:\\\/\\\/shop.bantam.ch\\\/wp-content\\\/uploads\\\/2023\\\/05\\\/995228311tx8yN2NUTZChq.jpg\",\"width\":1000,\"height\":391},{\"@type\":\"BreadcrumbList\",\"@id\":\"https:\\\/\\\/shop.bantam.ch\\\/fr\\\/produit\\\/installation-solaire-complete-mt-90-cis-avec-regulateur-230-w\\\/#breadcrumb\",\"itemListElement\":[{\"@type\":\"ListItem\",\"position\":1,\"name\":\"Accueil\",\"item\":\"https:\\\/\\\/shop.bantam.ch\\\/fr\\\/\"},{\"@type\":\"ListItem\",\"position\":2,\"name\":\"Boutique\",\"item\":\"https:\\\/\\\/shop.bantam.ch\\\/fr\\\/boutique\\\/\"},{\"@type\":\"ListItem\",\"position\":3,\"name\":\"Installation solaire compl\u00e8te MT 90 CIS avec r\u00e9gulateur 230 W\"}]},{\"@type\":\"WebSite\",\"@id\":\"https:\\\/\\\/shop.bantam.ch\\\/fr\\\/#website\",\"url\":\"https:\\\/\\\/shop.bantam.ch\\\/fr\\\/\",\"name\":\"Bantam Wankm\u00fcller SA\",\"description\":\"\",\"publisher\":{\"@id\":\"https:\\\/\\\/shop.bantam.ch\\\/fr\\\/#organization\"},\"inLanguage\":\"fr-FR\"},{\"@type\":\"Organization\",\"@id\":\"https:\\\/\\\/shop.bantam.ch\\\/fr\\\/#organization\",\"name\":\"Bantam Wankm\u00fcller SA\",\"url\":\"https:\\\/\\\/shop.bantam.ch\\\/fr\\\/\",\"logo\":{\"@type\":\"ImageObject\",\"inLanguage\":\"fr-FR\",\"@id\":\"https:\\\/\\\/shop.bantam.ch\\\/fr\\\/#\\\/schema\\\/logo\\\/image\\\/\",\"url\":\"https:\\\/\\\/shop.bantam.ch\\\/wp-content\\\/uploads\\\/2022\\\/12\\\/bantam-logo.png\",\"contentUrl\":\"https:\\\/\\\/shop.bantam.ch\\\/wp-content\\\/uploads\\\/2022\\\/12\\\/bantam-logo.png\",\"width\":320,\"height\":71,\"caption\":\"Bantam Wankm\u00fcller SA\"},\"image\":{\"@id\":\"https:\\\/\\\/shop.bantam.ch\\\/fr\\\/#\\\/schema\\\/logo\\\/image\\\/\"}}]}<\/script>\n<!-- \/ Yoast SEO plugin. -->","yoast_head_json":{"title":"Installation solaire compl\u00e8te MT 90 CIS avec r\u00e9gulateur 230 W - Bantam Wankm\u00fcller SA","robots":{"index":"index","follow":"follow","max-snippet":"max-snippet:-1","max-image-preview":"max-image-preview:large","max-video-preview":"max-video-preview:-1"},"canonical":"https:\/\/shop.bantam.ch\/fr\/produit\/installation-solaire-complete-mt-90-cis-avec-regulateur-230-w\/","og_locale":"fr_FR","og_type":"article","og_title":"Installation solaire compl\u00e8te MT 90 CIS avec r\u00e9gulateur 230 W - Bantam Wankm\u00fcller SA","og_description":"Des syst\u00e8mes solaires complets avec des modules solaires CIS qui sont moins sensibles \u00e0 l&rsquo;ombrage partiel et produisent plus que tous les modules solaires conventionnels dans ces conditions difficiles. Les kits solaires complets contiennent tout ce qui est n\u00e9cessaire pour installer un syst\u00e8me solaire pour un v\u00e9hicule de voyage. Tous les r\u00e9gulateurs solaires disposent d&rsquo;une [&hellip;]","og_url":"https:\/\/shop.bantam.ch\/fr\/produit\/installation-solaire-complete-mt-90-cis-avec-regulateur-230-w\/","og_site_name":"Bantam Wankm\u00fcller SA","article_modified_time":"2026-04-18T20:41:30+00:00","og_image":[{"width":1000,"height":391,"url":"https:\/\/shop.bantam.ch\/wp-content\/uploads\/2023\/05\/995228311tx8yN2NUTZChq.jpg","type":"image\/jpeg"}],"twitter_card":"summary_large_image","twitter_misc":{"Dur\u00e9e de lecture estim\u00e9e":"1 minute"},"schema":{"@context":"https:\/\/schema.org","@graph":[{"@type":"WebPage","@id":"https:\/\/shop.bantam.ch\/fr\/produit\/installation-solaire-complete-mt-90-cis-avec-regulateur-230-w\/","url":"https:\/\/shop.bantam.ch\/fr\/produit\/installation-solaire-complete-mt-90-cis-avec-regulateur-230-w\/","name":"Installation solaire compl\u00e8te MT 90 CIS avec r\u00e9gulateur 230 W - Bantam Wankm\u00fcller SA","isPartOf":{"@id":"https:\/\/shop.bantam.ch\/fr\/#website"},"primaryImageOfPage":{"@id":"https:\/\/shop.bantam.ch\/fr\/produit\/installation-solaire-complete-mt-90-cis-avec-regulateur-230-w\/#primaryimage"},"image":{"@id":"https:\/\/shop.bantam.ch\/fr\/produit\/installation-solaire-complete-mt-90-cis-avec-regulateur-230-w\/#primaryimage"},"thumbnailUrl":"https:\/\/shop.bantam.ch\/wp-content\/uploads\/2023\/05\/995228311tx8yN2NUTZChq.jpg","datePublished":"2023-05-25T14:16:39+00:00","dateModified":"2026-04-18T20:41:30+00:00","breadcrumb":{"@id":"https:\/\/shop.bantam.ch\/fr\/produit\/installation-solaire-complete-mt-90-cis-avec-regulateur-230-w\/#breadcrumb"},"inLanguage":"fr-FR","potentialAction":[{"@type":"ReadAction","target":["https:\/\/shop.bantam.ch\/fr\/produit\/installation-solaire-complete-mt-90-cis-avec-regulateur-230-w\/"]}]},{"@type":"ImageObject","inLanguage":"fr-FR","@id":"https:\/\/shop.bantam.ch\/fr\/produit\/installation-solaire-complete-mt-90-cis-avec-regulateur-230-w\/#primaryimage","url":"https:\/\/shop.bantam.ch\/wp-content\/uploads\/2023\/05\/995228311tx8yN2NUTZChq.jpg","contentUrl":"https:\/\/shop.bantam.ch\/wp-content\/uploads\/2023\/05\/995228311tx8yN2NUTZChq.jpg","width":1000,"height":391},{"@type":"BreadcrumbList","@id":"https:\/\/shop.bantam.ch\/fr\/produit\/installation-solaire-complete-mt-90-cis-avec-regulateur-230-w\/#breadcrumb","itemListElement":[{"@type":"ListItem","position":1,"name":"Accueil","item":"https:\/\/shop.bantam.ch\/fr\/"},{"@type":"ListItem","position":2,"name":"Boutique","item":"https:\/\/shop.bantam.ch\/fr\/boutique\/"},{"@type":"ListItem","position":3,"name":"Installation solaire compl\u00e8te MT 90 CIS avec r\u00e9gulateur 230 W"}]},{"@type":"WebSite","@id":"https:\/\/shop.bantam.ch\/fr\/#website","url":"https:\/\/shop.bantam.ch\/fr\/","name":"Bantam Wankm\u00fcller SA","description":"","publisher":{"@id":"https:\/\/shop.bantam.ch\/fr\/#organization"},"inLanguage":"fr-FR"},{"@type":"Organization","@id":"https:\/\/shop.bantam.ch\/fr\/#organization","name":"Bantam Wankm\u00fcller SA","url":"https:\/\/shop.bantam.ch\/fr\/","logo":{"@type":"ImageObject","inLanguage":"fr-FR","@id":"https:\/\/shop.bantam.ch\/fr\/#\/schema\/logo\/image\/","url":"https:\/\/shop.bantam.ch\/wp-content\/uploads\/2022\/12\/bantam-logo.png","contentUrl":"https:\/\/shop.bantam.ch\/wp-content\/uploads\/2022\/12\/bantam-logo.png","width":320,"height":71,"caption":"Bantam Wankm\u00fcller SA"},"image":{"@id":"https:\/\/shop.bantam.ch\/fr\/#\/schema\/logo\/image\/"}}]}},"_links":{"self":[{"href":"https:\/\/shop.bantam.ch\/fr\/wp-json\/wp\/v2\/product\/174882","targetHints":{"allow":["GET"]}}],"collection":[{"href":"https:\/\/shop.bantam.ch\/fr\/wp-json\/wp\/v2\/product"}],"about":[{"href":"https:\/\/shop.bantam.ch\/fr\/wp-json\/wp\/v2\/types\/product"}],"wp:featuredmedia":[{"embeddable":true,"href":"https:\/\/shop.bantam.ch\/fr\/wp-json\/wp\/v2\/media\/174880"}],"wp:attachment":[{"href":"https:\/\/shop.bantam.ch\/fr\/wp-json\/wp\/v2\/media?parent=174882"}],"wp:term":[{"taxonomy":"product_featured_cat","embeddable":true,"href":"https:\/\/shop.bantam.ch\/fr\/wp-json\/wp\/v2\/product_featured_cat?post=174882"},{"taxonomy":"product_brand","embeddable":true,"href":"https:\/\/shop.bantam.ch\/fr\/wp-json\/wp\/v2\/product_brand?post=174882"},{"taxonomy":"product_cat","embeddable":true,"href":"https:\/\/shop.bantam.ch\/fr\/wp-json\/wp\/v2\/product_cat?post=174882"},{"taxonomy":"product_tag","embeddable":true,"href":"https:\/\/shop.bantam.ch\/fr\/wp-json\/wp\/v2\/product_tag?post=174882"}],"curies":[{"name":"wp","href":"https:\/\/api.w.org\/{rel}","templated":true}]}}