{"id":173944,"date":"2023-05-25T15:42:54","date_gmt":"2023-05-25T13:42:54","guid":{"rendered":"https:\/\/shop.bantam.ch\/produit\/set-de-cuisson-primetech-stove-13-l\/"},"modified":"2026-04-17T22:39:07","modified_gmt":"2026-04-17T20:39:07","slug":"set-de-cuisson-primetech-stove-13-l","status":"publish","type":"product","link":"https:\/\/shop.bantam.ch\/fr\/produit\/set-de-cuisson-primetech-stove-13-l\/","title":{"rendered":"Batterie de cuisson Primus Primetech Stove 1,3\u00a0L"},"content":{"rendered":"<p>Le set PrimeTech Stove est la solution ultime pour les randonneurs soucieux de leurs performances. Le pare-vent efficace et la casserole dot\u00e9e d\u2019un \u00e9changeur de chaleur int\u00e9gr\u00e9 permettent de r\u00e9duire la consommation de gaz d&rsquo;environ 50% par rapport aux r\u00e9chauds traditionnels. La valve de r\u00e9glage avec r\u00e9gulateur de pression assure une puissance de sortie constante m\u00eame \u00e0 basse temp\u00e9rature ou lorsque la cartouche est vide. Pour une s\u00e9curit\u00e9 accrue, le br\u00fbleur est dot\u00e9 d&rsquo;une structure brevet\u00e9e qui emp\u00eache toute inflammation instantan\u00e9e en cas de renversement du r\u00e9chaud. Comme le pare-vent et le br\u00fbleur sont int\u00e9gr\u00e9s, le r\u00e9chaud est install\u00e9 et pr\u00eat \u00e0 l&#8217;emploi en un clin d&rsquo;\u0153il. Il suffit de retirer le pare-vent de la casserole, de raccorder le r\u00e9chaud \u00e0 la cartouche de gaz, d&rsquo;allumer le br\u00fbleur &#8211; et c&rsquo;est parti ! Pour le transport, les pi\u00e8ces s&rsquo;ins\u00e8rent pratiquement toutes dans la casserole &#8211; ajustement sans bruits de cliquetis. La deuxi\u00e8me casserole est livr\u00e9e sans \u00e9changeur de chaleur et est fabriqu\u00e9e en aluminium anodis\u00e9 dur.<br \/>Convient pour 1 \u00e0 3 personnes. Le set PrimeTech Stove est compatible avec la plupart des casseroles et po\u00eales sur le march\u00e9.<\/p>\n<p>Contenu de la livraison :<br \/>Pare-vent avec br\u00fbleur int\u00e9gr\u00e9<br \/>1 casserole PrimeTech de 1,3 l avec rev\u00eatement anti-adh\u00e9rent en c\u00e9ramique<br \/>1 casserole de 1,3 l en aluminium anodis\u00e9 dur (empilables l\u2019une dans l\u2019autre)<br \/>Couvercle avec passoire int\u00e9gr\u00e9e<br \/>Poign\u00e9e pince verrouillable<br \/>Allumeur pi\u00e9zo<br \/>Sac de rangement isolant<\/p>\n<ul>\n<li>Temps d&rsquo;\u00e9bullition : 3:30 min. \/ 1 l<\/li>\n<\/ul>\n","protected":false},"excerpt":{"rendered":"<p>Le set PrimeTech Stove est la solution ultime pour les randonneurs soucieux de leurs performances. Le pare-vent efficace et la casserole dot\u00e9e d\u2019un \u00e9changeur de chaleur int\u00e9gr\u00e9 permettent de r\u00e9duire la consommation de gaz d&rsquo;environ 50% par rapport aux r\u00e9chauds traditionnels. La valve de r\u00e9glage avec r\u00e9gulateur de pression assure une puissance de sortie constante [&hellip;]<\/p>\n","protected":false},"featured_media":173942,"template":"","meta":{"_acf_changed":false},"product_featured_cat":[],"product_brand":[3414],"product_cat":[4265,4305],"product_tag":[],"class_list":{"0":"post-173944","1":"product","2":"type-product","3":"status-publish","4":"has-post-thumbnail","6":"product_brand-primus","7":"product_cat-casseroles-poeles-et-sets","8":"product_cat-rechauds","10":"first","11":"instock","12":"taxable","13":"shipping-taxable","14":"purchasable","15":"product-type-simple"},"acf":[],"yoast_head":"<!-- This site is optimized with the Yoast SEO plugin v27.4 - https:\/\/yoast.com\/product\/yoast-seo-wordpress\/ -->\n<title>Batterie de cuisson Primus Primetech Stove 1,3\u00a0L - Bantam Wankm\u00fcller SA<\/title>\n<meta name=\"robots\" content=\"index, follow, max-snippet:-1, max-image-preview:large, max-video-preview:-1\" \/>\n<link rel=\"canonical\" href=\"https:\/\/shop.bantam.ch\/fr\/produit\/set-de-cuisson-primetech-stove-13-l\/\" \/>\n<meta property=\"og:locale\" content=\"fr_FR\" \/>\n<meta property=\"og:type\" content=\"article\" \/>\n<meta property=\"og:title\" content=\"Batterie de cuisson Primus Primetech Stove 1,3\u00a0L - Bantam Wankm\u00fcller SA\" \/>\n<meta property=\"og:description\" content=\"Le set PrimeTech Stove est la solution ultime pour les randonneurs soucieux de leurs performances. Le pare-vent efficace et la casserole dot\u00e9e d\u2019un \u00e9changeur de chaleur int\u00e9gr\u00e9 permettent de r\u00e9duire la consommation de gaz d&rsquo;environ 50% par rapport aux r\u00e9chauds traditionnels. La valve de r\u00e9glage avec r\u00e9gulateur de pression assure une puissance de sortie constante [&hellip;]\" \/>\n<meta property=\"og:url\" content=\"https:\/\/shop.bantam.ch\/fr\/produit\/set-de-cuisson-primetech-stove-13-l\/\" \/>\n<meta property=\"og:site_name\" content=\"Bantam Wankm\u00fcller SA\" \/>\n<meta property=\"article:modified_time\" content=\"2026-04-17T20:39:07+00:00\" \/>\n<meta property=\"og:image\" content=\"https:\/\/shop.bantam.ch\/wp-content\/uploads\/2023\/05\/994119611.jpg\" \/>\n\t<meta property=\"og:image:width\" content=\"1000\" \/>\n\t<meta property=\"og:image:height\" content=\"452\" \/>\n\t<meta property=\"og:image:type\" content=\"image\/jpeg\" \/>\n<meta name=\"twitter:card\" content=\"summary_large_image\" \/>\n<meta name=\"twitter:label1\" content=\"Dur\u00e9e de lecture estim\u00e9e\" \/>\n\t<meta name=\"twitter:data1\" content=\"1 minute\" \/>\n<script type=\"application\/ld+json\" class=\"yoast-schema-graph\">{\"@context\":\"https:\\\/\\\/schema.org\",\"@graph\":[{\"@type\":\"WebPage\",\"@id\":\"https:\\\/\\\/shop.bantam.ch\\\/fr\\\/produit\\\/set-de-cuisson-primetech-stove-13-l\\\/\",\"url\":\"https:\\\/\\\/shop.bantam.ch\\\/fr\\\/produit\\\/set-de-cuisson-primetech-stove-13-l\\\/\",\"name\":\"Batterie de cuisson Primus Primetech Stove 1,3\u00a0L - Bantam Wankm\u00fcller SA\",\"isPartOf\":{\"@id\":\"https:\\\/\\\/shop.bantam.ch\\\/fr\\\/#website\"},\"primaryImageOfPage\":{\"@id\":\"https:\\\/\\\/shop.bantam.ch\\\/fr\\\/produit\\\/set-de-cuisson-primetech-stove-13-l\\\/#primaryimage\"},\"image\":{\"@id\":\"https:\\\/\\\/shop.bantam.ch\\\/fr\\\/produit\\\/set-de-cuisson-primetech-stove-13-l\\\/#primaryimage\"},\"thumbnailUrl\":\"https:\\\/\\\/shop.bantam.ch\\\/wp-content\\\/uploads\\\/2023\\\/05\\\/994119611.jpg\",\"datePublished\":\"2023-05-25T13:42:54+00:00\",\"dateModified\":\"2026-04-17T20:39:07+00:00\",\"breadcrumb\":{\"@id\":\"https:\\\/\\\/shop.bantam.ch\\\/fr\\\/produit\\\/set-de-cuisson-primetech-stove-13-l\\\/#breadcrumb\"},\"inLanguage\":\"fr-FR\",\"potentialAction\":[{\"@type\":\"ReadAction\",\"target\":[\"https:\\\/\\\/shop.bantam.ch\\\/fr\\\/produit\\\/set-de-cuisson-primetech-stove-13-l\\\/\"]}]},{\"@type\":\"ImageObject\",\"inLanguage\":\"fr-FR\",\"@id\":\"https:\\\/\\\/shop.bantam.ch\\\/fr\\\/produit\\\/set-de-cuisson-primetech-stove-13-l\\\/#primaryimage\",\"url\":\"https:\\\/\\\/shop.bantam.ch\\\/wp-content\\\/uploads\\\/2023\\\/05\\\/994119611.jpg\",\"contentUrl\":\"https:\\\/\\\/shop.bantam.ch\\\/wp-content\\\/uploads\\\/2023\\\/05\\\/994119611.jpg\",\"width\":1000,\"height\":452},{\"@type\":\"BreadcrumbList\",\"@id\":\"https:\\\/\\\/shop.bantam.ch\\\/fr\\\/produit\\\/set-de-cuisson-primetech-stove-13-l\\\/#breadcrumb\",\"itemListElement\":[{\"@type\":\"ListItem\",\"position\":1,\"name\":\"Accueil\",\"item\":\"https:\\\/\\\/shop.bantam.ch\\\/fr\\\/\"},{\"@type\":\"ListItem\",\"position\":2,\"name\":\"Boutique\",\"item\":\"https:\\\/\\\/shop.bantam.ch\\\/fr\\\/boutique\\\/\"},{\"@type\":\"ListItem\",\"position\":3,\"name\":\"Batterie de cuisson Primus Primetech Stove 1,3\u00a0L\"}]},{\"@type\":\"WebSite\",\"@id\":\"https:\\\/\\\/shop.bantam.ch\\\/fr\\\/#website\",\"url\":\"https:\\\/\\\/shop.bantam.ch\\\/fr\\\/\",\"name\":\"Bantam Wankm\u00fcller SA\",\"description\":\"\",\"publisher\":{\"@id\":\"https:\\\/\\\/shop.bantam.ch\\\/fr\\\/#organization\"},\"inLanguage\":\"fr-FR\"},{\"@type\":\"Organization\",\"@id\":\"https:\\\/\\\/shop.bantam.ch\\\/fr\\\/#organization\",\"name\":\"Bantam Wankm\u00fcller SA\",\"url\":\"https:\\\/\\\/shop.bantam.ch\\\/fr\\\/\",\"logo\":{\"@type\":\"ImageObject\",\"inLanguage\":\"fr-FR\",\"@id\":\"https:\\\/\\\/shop.bantam.ch\\\/fr\\\/#\\\/schema\\\/logo\\\/image\\\/\",\"url\":\"https:\\\/\\\/shop.bantam.ch\\\/wp-content\\\/uploads\\\/2022\\\/12\\\/bantam-logo.png\",\"contentUrl\":\"https:\\\/\\\/shop.bantam.ch\\\/wp-content\\\/uploads\\\/2022\\\/12\\\/bantam-logo.png\",\"width\":320,\"height\":71,\"caption\":\"Bantam Wankm\u00fcller SA\"},\"image\":{\"@id\":\"https:\\\/\\\/shop.bantam.ch\\\/fr\\\/#\\\/schema\\\/logo\\\/image\\\/\"}}]}<\/script>\n<!-- \/ Yoast SEO plugin. -->","yoast_head_json":{"title":"Batterie de cuisson Primus Primetech Stove 1,3\u00a0L - Bantam Wankm\u00fcller SA","robots":{"index":"index","follow":"follow","max-snippet":"max-snippet:-1","max-image-preview":"max-image-preview:large","max-video-preview":"max-video-preview:-1"},"canonical":"https:\/\/shop.bantam.ch\/fr\/produit\/set-de-cuisson-primetech-stove-13-l\/","og_locale":"fr_FR","og_type":"article","og_title":"Batterie de cuisson Primus Primetech Stove 1,3\u00a0L - Bantam Wankm\u00fcller SA","og_description":"Le set PrimeTech Stove est la solution ultime pour les randonneurs soucieux de leurs performances. Le pare-vent efficace et la casserole dot\u00e9e d\u2019un \u00e9changeur de chaleur int\u00e9gr\u00e9 permettent de r\u00e9duire la consommation de gaz d&rsquo;environ 50% par rapport aux r\u00e9chauds traditionnels. La valve de r\u00e9glage avec r\u00e9gulateur de pression assure une puissance de sortie constante [&hellip;]","og_url":"https:\/\/shop.bantam.ch\/fr\/produit\/set-de-cuisson-primetech-stove-13-l\/","og_site_name":"Bantam Wankm\u00fcller SA","article_modified_time":"2026-04-17T20:39:07+00:00","og_image":[{"width":1000,"height":452,"url":"https:\/\/shop.bantam.ch\/wp-content\/uploads\/2023\/05\/994119611.jpg","type":"image\/jpeg"}],"twitter_card":"summary_large_image","twitter_misc":{"Dur\u00e9e de lecture estim\u00e9e":"1 minute"},"schema":{"@context":"https:\/\/schema.org","@graph":[{"@type":"WebPage","@id":"https:\/\/shop.bantam.ch\/fr\/produit\/set-de-cuisson-primetech-stove-13-l\/","url":"https:\/\/shop.bantam.ch\/fr\/produit\/set-de-cuisson-primetech-stove-13-l\/","name":"Batterie de cuisson Primus Primetech Stove 1,3\u00a0L - Bantam Wankm\u00fcller SA","isPartOf":{"@id":"https:\/\/shop.bantam.ch\/fr\/#website"},"primaryImageOfPage":{"@id":"https:\/\/shop.bantam.ch\/fr\/produit\/set-de-cuisson-primetech-stove-13-l\/#primaryimage"},"image":{"@id":"https:\/\/shop.bantam.ch\/fr\/produit\/set-de-cuisson-primetech-stove-13-l\/#primaryimage"},"thumbnailUrl":"https:\/\/shop.bantam.ch\/wp-content\/uploads\/2023\/05\/994119611.jpg","datePublished":"2023-05-25T13:42:54+00:00","dateModified":"2026-04-17T20:39:07+00:00","breadcrumb":{"@id":"https:\/\/shop.bantam.ch\/fr\/produit\/set-de-cuisson-primetech-stove-13-l\/#breadcrumb"},"inLanguage":"fr-FR","potentialAction":[{"@type":"ReadAction","target":["https:\/\/shop.bantam.ch\/fr\/produit\/set-de-cuisson-primetech-stove-13-l\/"]}]},{"@type":"ImageObject","inLanguage":"fr-FR","@id":"https:\/\/shop.bantam.ch\/fr\/produit\/set-de-cuisson-primetech-stove-13-l\/#primaryimage","url":"https:\/\/shop.bantam.ch\/wp-content\/uploads\/2023\/05\/994119611.jpg","contentUrl":"https:\/\/shop.bantam.ch\/wp-content\/uploads\/2023\/05\/994119611.jpg","width":1000,"height":452},{"@type":"BreadcrumbList","@id":"https:\/\/shop.bantam.ch\/fr\/produit\/set-de-cuisson-primetech-stove-13-l\/#breadcrumb","itemListElement":[{"@type":"ListItem","position":1,"name":"Accueil","item":"https:\/\/shop.bantam.ch\/fr\/"},{"@type":"ListItem","position":2,"name":"Boutique","item":"https:\/\/shop.bantam.ch\/fr\/boutique\/"},{"@type":"ListItem","position":3,"name":"Batterie de cuisson Primus Primetech Stove 1,3\u00a0L"}]},{"@type":"WebSite","@id":"https:\/\/shop.bantam.ch\/fr\/#website","url":"https:\/\/shop.bantam.ch\/fr\/","name":"Bantam Wankm\u00fcller SA","description":"","publisher":{"@id":"https:\/\/shop.bantam.ch\/fr\/#organization"},"inLanguage":"fr-FR"},{"@type":"Organization","@id":"https:\/\/shop.bantam.ch\/fr\/#organization","name":"Bantam Wankm\u00fcller SA","url":"https:\/\/shop.bantam.ch\/fr\/","logo":{"@type":"ImageObject","inLanguage":"fr-FR","@id":"https:\/\/shop.bantam.ch\/fr\/#\/schema\/logo\/image\/","url":"https:\/\/shop.bantam.ch\/wp-content\/uploads\/2022\/12\/bantam-logo.png","contentUrl":"https:\/\/shop.bantam.ch\/wp-content\/uploads\/2022\/12\/bantam-logo.png","width":320,"height":71,"caption":"Bantam Wankm\u00fcller SA"},"image":{"@id":"https:\/\/shop.bantam.ch\/fr\/#\/schema\/logo\/image\/"}}]}},"_links":{"self":[{"href":"https:\/\/shop.bantam.ch\/fr\/wp-json\/wp\/v2\/product\/173944","targetHints":{"allow":["GET"]}}],"collection":[{"href":"https:\/\/shop.bantam.ch\/fr\/wp-json\/wp\/v2\/product"}],"about":[{"href":"https:\/\/shop.bantam.ch\/fr\/wp-json\/wp\/v2\/types\/product"}],"wp:featuredmedia":[{"embeddable":true,"href":"https:\/\/shop.bantam.ch\/fr\/wp-json\/wp\/v2\/media\/173942"}],"wp:attachment":[{"href":"https:\/\/shop.bantam.ch\/fr\/wp-json\/wp\/v2\/media?parent=173944"}],"wp:term":[{"taxonomy":"product_featured_cat","embeddable":true,"href":"https:\/\/shop.bantam.ch\/fr\/wp-json\/wp\/v2\/product_featured_cat?post=173944"},{"taxonomy":"product_brand","embeddable":true,"href":"https:\/\/shop.bantam.ch\/fr\/wp-json\/wp\/v2\/product_brand?post=173944"},{"taxonomy":"product_cat","embeddable":true,"href":"https:\/\/shop.bantam.ch\/fr\/wp-json\/wp\/v2\/product_cat?post=173944"},{"taxonomy":"product_tag","embeddable":true,"href":"https:\/\/shop.bantam.ch\/fr\/wp-json\/wp\/v2\/product_tag?post=173944"}],"curies":[{"name":"wp","href":"https:\/\/api.w.org\/{rel}","templated":true}]}}