{"id":172861,"date":"2023-05-25T14:59:29","date_gmt":"2023-05-25T12:59:29","guid":{"rendered":"https:\/\/shop.bantam.ch\/produit\/sac-suspendu-pack-organizer-toiletry\/"},"modified":"2026-04-20T22:39:31","modified_gmt":"2026-04-20T20:39:31","slug":"sac-suspendu-pack-organizer-toiletry","status":"publish","type":"product","link":"https:\/\/shop.bantam.ch\/fr\/produit\/sac-suspendu-pack-organizer-toiletry\/","title":{"rendered":"Sac suspendu Pack Organizer Toiletry"},"content":{"rendered":"<p>Fiamma renouvelle compl\u00e8tement sa gamme Organizer pour devenir encore plus conviviale et moderne. La r\u00e9partition et l\u2019int\u00e9gration d\u2019\u00e9l\u00e9ments fonctionnels comme des filets, une pochette inf\u00e9rieure avec double compartiment permettent une utilisation optimale de l\u2019espace.<\/p>\n<ul>\n<li>Dimensions ferm\u00e9 : 30 x 37 x 11 cm (l\u2009x\u2009h\u2009x\u2009p)<\/li>\n<li>Dimensions d\u00e9pli\u00e9 : 30 x 118 x 11 cm (l\u2009x\u2009h\u2009x\u2009p)<\/li>\n<li>Poids : 0,6 kg<\/li>\n<\/ul>\n<p>\u00a0<\/p>\n<p>Mat\u00e9riau :<br \/>100 % polyester<\/p>\n","protected":false},"excerpt":{"rendered":"<p>Fiamma renouvelle compl\u00e8tement sa gamme Organizer pour devenir encore plus conviviale et moderne. La r\u00e9partition et l\u2019int\u00e9gration d\u2019\u00e9l\u00e9ments fonctionnels comme des filets, une pochette inf\u00e9rieure avec double compartiment permettent une utilisation optimale de l\u2019espace. Dimensions ferm\u00e9 : 30 x 37 x 11 cm (l\u2009x\u2009h\u2009x\u2009p) Dimensions d\u00e9pli\u00e9 : 30 x 118 x 11 cm (l\u2009x\u2009h\u2009x\u2009p) Poids [&hellip;]<\/p>\n","protected":false},"featured_media":172859,"template":"","meta":{"_acf_changed":false},"product_featured_cat":[],"product_brand":[3034],"product_cat":[4941],"product_tag":[],"class_list":{"0":"post-172861","1":"product","2":"type-product","3":"status-publish","4":"has-post-thumbnail","6":"product_brand-fiamma","7":"product_cat-soin-du-corps","9":"first","10":"instock","11":"taxable","12":"shipping-taxable","13":"purchasable","14":"product-type-simple"},"acf":[],"yoast_head":"<!-- This site is optimized with the Yoast SEO plugin v27.4 - https:\/\/yoast.com\/product\/yoast-seo-wordpress\/ -->\n<title>Sac suspendu Pack Organizer Toiletry - Bantam Wankm\u00fcller SA<\/title>\n<meta name=\"robots\" content=\"index, follow, max-snippet:-1, max-image-preview:large, max-video-preview:-1\" \/>\n<link rel=\"canonical\" href=\"https:\/\/shop.bantam.ch\/fr\/produit\/sac-suspendu-pack-organizer-toiletry\/\" \/>\n<meta property=\"og:locale\" content=\"fr_FR\" \/>\n<meta property=\"og:type\" content=\"article\" \/>\n<meta property=\"og:title\" content=\"Sac suspendu Pack Organizer Toiletry - Bantam Wankm\u00fcller SA\" \/>\n<meta property=\"og:description\" content=\"Fiamma renouvelle compl\u00e8tement sa gamme Organizer pour devenir encore plus conviviale et moderne. La r\u00e9partition et l\u2019int\u00e9gration d\u2019\u00e9l\u00e9ments fonctionnels comme des filets, une pochette inf\u00e9rieure avec double compartiment permettent une utilisation optimale de l\u2019espace. Dimensions ferm\u00e9 : 30 x 37 x 11 cm (l\u2009x\u2009h\u2009x\u2009p) Dimensions d\u00e9pli\u00e9 : 30 x 118 x 11 cm (l\u2009x\u2009h\u2009x\u2009p) Poids [&hellip;]\" \/>\n<meta property=\"og:url\" content=\"https:\/\/shop.bantam.ch\/fr\/produit\/sac-suspendu-pack-organizer-toiletry\/\" \/>\n<meta property=\"og:site_name\" content=\"Bantam Wankm\u00fcller SA\" \/>\n<meta property=\"article:modified_time\" content=\"2026-04-20T20:39:31+00:00\" \/>\n<meta property=\"og:image\" content=\"https:\/\/shop.bantam.ch\/wp-content\/uploads\/2023\/05\/9930578-100-1-3.jpg\" \/>\n\t<meta property=\"og:image:width\" content=\"500\" \/>\n\t<meta property=\"og:image:height\" content=\"300\" \/>\n\t<meta property=\"og:image:type\" content=\"image\/jpeg\" \/>\n<meta name=\"twitter:card\" content=\"summary_large_image\" \/>\n<script type=\"application\/ld+json\" class=\"yoast-schema-graph\">{\"@context\":\"https:\\\/\\\/schema.org\",\"@graph\":[{\"@type\":\"WebPage\",\"@id\":\"https:\\\/\\\/shop.bantam.ch\\\/fr\\\/produit\\\/sac-suspendu-pack-organizer-toiletry\\\/\",\"url\":\"https:\\\/\\\/shop.bantam.ch\\\/fr\\\/produit\\\/sac-suspendu-pack-organizer-toiletry\\\/\",\"name\":\"Sac suspendu Pack Organizer Toiletry - Bantam Wankm\u00fcller SA\",\"isPartOf\":{\"@id\":\"https:\\\/\\\/shop.bantam.ch\\\/fr\\\/#website\"},\"primaryImageOfPage\":{\"@id\":\"https:\\\/\\\/shop.bantam.ch\\\/fr\\\/produit\\\/sac-suspendu-pack-organizer-toiletry\\\/#primaryimage\"},\"image\":{\"@id\":\"https:\\\/\\\/shop.bantam.ch\\\/fr\\\/produit\\\/sac-suspendu-pack-organizer-toiletry\\\/#primaryimage\"},\"thumbnailUrl\":\"https:\\\/\\\/shop.bantam.ch\\\/wp-content\\\/uploads\\\/2023\\\/05\\\/9930578-100-1-3.jpg\",\"datePublished\":\"2023-05-25T12:59:29+00:00\",\"dateModified\":\"2026-04-20T20:39:31+00:00\",\"breadcrumb\":{\"@id\":\"https:\\\/\\\/shop.bantam.ch\\\/fr\\\/produit\\\/sac-suspendu-pack-organizer-toiletry\\\/#breadcrumb\"},\"inLanguage\":\"fr-FR\",\"potentialAction\":[{\"@type\":\"ReadAction\",\"target\":[\"https:\\\/\\\/shop.bantam.ch\\\/fr\\\/produit\\\/sac-suspendu-pack-organizer-toiletry\\\/\"]}]},{\"@type\":\"ImageObject\",\"inLanguage\":\"fr-FR\",\"@id\":\"https:\\\/\\\/shop.bantam.ch\\\/fr\\\/produit\\\/sac-suspendu-pack-organizer-toiletry\\\/#primaryimage\",\"url\":\"https:\\\/\\\/shop.bantam.ch\\\/wp-content\\\/uploads\\\/2023\\\/05\\\/9930578-100-1-3.jpg\",\"contentUrl\":\"https:\\\/\\\/shop.bantam.ch\\\/wp-content\\\/uploads\\\/2023\\\/05\\\/9930578-100-1-3.jpg\",\"width\":500,\"height\":300},{\"@type\":\"BreadcrumbList\",\"@id\":\"https:\\\/\\\/shop.bantam.ch\\\/fr\\\/produit\\\/sac-suspendu-pack-organizer-toiletry\\\/#breadcrumb\",\"itemListElement\":[{\"@type\":\"ListItem\",\"position\":1,\"name\":\"Accueil\",\"item\":\"https:\\\/\\\/shop.bantam.ch\\\/fr\\\/\"},{\"@type\":\"ListItem\",\"position\":2,\"name\":\"Boutique\",\"item\":\"https:\\\/\\\/shop.bantam.ch\\\/fr\\\/boutique\\\/\"},{\"@type\":\"ListItem\",\"position\":3,\"name\":\"Sac suspendu Pack Organizer Toiletry\"}]},{\"@type\":\"WebSite\",\"@id\":\"https:\\\/\\\/shop.bantam.ch\\\/fr\\\/#website\",\"url\":\"https:\\\/\\\/shop.bantam.ch\\\/fr\\\/\",\"name\":\"Bantam Wankm\u00fcller SA\",\"description\":\"\",\"publisher\":{\"@id\":\"https:\\\/\\\/shop.bantam.ch\\\/fr\\\/#organization\"},\"inLanguage\":\"fr-FR\"},{\"@type\":\"Organization\",\"@id\":\"https:\\\/\\\/shop.bantam.ch\\\/fr\\\/#organization\",\"name\":\"Bantam Wankm\u00fcller SA\",\"url\":\"https:\\\/\\\/shop.bantam.ch\\\/fr\\\/\",\"logo\":{\"@type\":\"ImageObject\",\"inLanguage\":\"fr-FR\",\"@id\":\"https:\\\/\\\/shop.bantam.ch\\\/fr\\\/#\\\/schema\\\/logo\\\/image\\\/\",\"url\":\"https:\\\/\\\/shop.bantam.ch\\\/wp-content\\\/uploads\\\/2022\\\/12\\\/bantam-logo.png\",\"contentUrl\":\"https:\\\/\\\/shop.bantam.ch\\\/wp-content\\\/uploads\\\/2022\\\/12\\\/bantam-logo.png\",\"width\":320,\"height\":71,\"caption\":\"Bantam Wankm\u00fcller SA\"},\"image\":{\"@id\":\"https:\\\/\\\/shop.bantam.ch\\\/fr\\\/#\\\/schema\\\/logo\\\/image\\\/\"}}]}<\/script>\n<!-- \/ Yoast SEO plugin. -->","yoast_head_json":{"title":"Sac suspendu Pack Organizer Toiletry - Bantam Wankm\u00fcller SA","robots":{"index":"index","follow":"follow","max-snippet":"max-snippet:-1","max-image-preview":"max-image-preview:large","max-video-preview":"max-video-preview:-1"},"canonical":"https:\/\/shop.bantam.ch\/fr\/produit\/sac-suspendu-pack-organizer-toiletry\/","og_locale":"fr_FR","og_type":"article","og_title":"Sac suspendu Pack Organizer Toiletry - Bantam Wankm\u00fcller SA","og_description":"Fiamma renouvelle compl\u00e8tement sa gamme Organizer pour devenir encore plus conviviale et moderne. La r\u00e9partition et l\u2019int\u00e9gration d\u2019\u00e9l\u00e9ments fonctionnels comme des filets, une pochette inf\u00e9rieure avec double compartiment permettent une utilisation optimale de l\u2019espace. Dimensions ferm\u00e9 : 30 x 37 x 11 cm (l\u2009x\u2009h\u2009x\u2009p) Dimensions d\u00e9pli\u00e9 : 30 x 118 x 11 cm (l\u2009x\u2009h\u2009x\u2009p) Poids [&hellip;]","og_url":"https:\/\/shop.bantam.ch\/fr\/produit\/sac-suspendu-pack-organizer-toiletry\/","og_site_name":"Bantam Wankm\u00fcller SA","article_modified_time":"2026-04-20T20:39:31+00:00","og_image":[{"width":500,"height":300,"url":"https:\/\/shop.bantam.ch\/wp-content\/uploads\/2023\/05\/9930578-100-1-3.jpg","type":"image\/jpeg"}],"twitter_card":"summary_large_image","schema":{"@context":"https:\/\/schema.org","@graph":[{"@type":"WebPage","@id":"https:\/\/shop.bantam.ch\/fr\/produit\/sac-suspendu-pack-organizer-toiletry\/","url":"https:\/\/shop.bantam.ch\/fr\/produit\/sac-suspendu-pack-organizer-toiletry\/","name":"Sac suspendu Pack Organizer Toiletry - Bantam Wankm\u00fcller SA","isPartOf":{"@id":"https:\/\/shop.bantam.ch\/fr\/#website"},"primaryImageOfPage":{"@id":"https:\/\/shop.bantam.ch\/fr\/produit\/sac-suspendu-pack-organizer-toiletry\/#primaryimage"},"image":{"@id":"https:\/\/shop.bantam.ch\/fr\/produit\/sac-suspendu-pack-organizer-toiletry\/#primaryimage"},"thumbnailUrl":"https:\/\/shop.bantam.ch\/wp-content\/uploads\/2023\/05\/9930578-100-1-3.jpg","datePublished":"2023-05-25T12:59:29+00:00","dateModified":"2026-04-20T20:39:31+00:00","breadcrumb":{"@id":"https:\/\/shop.bantam.ch\/fr\/produit\/sac-suspendu-pack-organizer-toiletry\/#breadcrumb"},"inLanguage":"fr-FR","potentialAction":[{"@type":"ReadAction","target":["https:\/\/shop.bantam.ch\/fr\/produit\/sac-suspendu-pack-organizer-toiletry\/"]}]},{"@type":"ImageObject","inLanguage":"fr-FR","@id":"https:\/\/shop.bantam.ch\/fr\/produit\/sac-suspendu-pack-organizer-toiletry\/#primaryimage","url":"https:\/\/shop.bantam.ch\/wp-content\/uploads\/2023\/05\/9930578-100-1-3.jpg","contentUrl":"https:\/\/shop.bantam.ch\/wp-content\/uploads\/2023\/05\/9930578-100-1-3.jpg","width":500,"height":300},{"@type":"BreadcrumbList","@id":"https:\/\/shop.bantam.ch\/fr\/produit\/sac-suspendu-pack-organizer-toiletry\/#breadcrumb","itemListElement":[{"@type":"ListItem","position":1,"name":"Accueil","item":"https:\/\/shop.bantam.ch\/fr\/"},{"@type":"ListItem","position":2,"name":"Boutique","item":"https:\/\/shop.bantam.ch\/fr\/boutique\/"},{"@type":"ListItem","position":3,"name":"Sac suspendu Pack Organizer Toiletry"}]},{"@type":"WebSite","@id":"https:\/\/shop.bantam.ch\/fr\/#website","url":"https:\/\/shop.bantam.ch\/fr\/","name":"Bantam Wankm\u00fcller SA","description":"","publisher":{"@id":"https:\/\/shop.bantam.ch\/fr\/#organization"},"inLanguage":"fr-FR"},{"@type":"Organization","@id":"https:\/\/shop.bantam.ch\/fr\/#organization","name":"Bantam Wankm\u00fcller SA","url":"https:\/\/shop.bantam.ch\/fr\/","logo":{"@type":"ImageObject","inLanguage":"fr-FR","@id":"https:\/\/shop.bantam.ch\/fr\/#\/schema\/logo\/image\/","url":"https:\/\/shop.bantam.ch\/wp-content\/uploads\/2022\/12\/bantam-logo.png","contentUrl":"https:\/\/shop.bantam.ch\/wp-content\/uploads\/2022\/12\/bantam-logo.png","width":320,"height":71,"caption":"Bantam Wankm\u00fcller SA"},"image":{"@id":"https:\/\/shop.bantam.ch\/fr\/#\/schema\/logo\/image\/"}}]}},"_links":{"self":[{"href":"https:\/\/shop.bantam.ch\/fr\/wp-json\/wp\/v2\/product\/172861","targetHints":{"allow":["GET"]}}],"collection":[{"href":"https:\/\/shop.bantam.ch\/fr\/wp-json\/wp\/v2\/product"}],"about":[{"href":"https:\/\/shop.bantam.ch\/fr\/wp-json\/wp\/v2\/types\/product"}],"wp:featuredmedia":[{"embeddable":true,"href":"https:\/\/shop.bantam.ch\/fr\/wp-json\/wp\/v2\/media\/172859"}],"wp:attachment":[{"href":"https:\/\/shop.bantam.ch\/fr\/wp-json\/wp\/v2\/media?parent=172861"}],"wp:term":[{"taxonomy":"product_featured_cat","embeddable":true,"href":"https:\/\/shop.bantam.ch\/fr\/wp-json\/wp\/v2\/product_featured_cat?post=172861"},{"taxonomy":"product_brand","embeddable":true,"href":"https:\/\/shop.bantam.ch\/fr\/wp-json\/wp\/v2\/product_brand?post=172861"},{"taxonomy":"product_cat","embeddable":true,"href":"https:\/\/shop.bantam.ch\/fr\/wp-json\/wp\/v2\/product_cat?post=172861"},{"taxonomy":"product_tag","embeddable":true,"href":"https:\/\/shop.bantam.ch\/fr\/wp-json\/wp\/v2\/product_tag?post=172861"}],"curies":[{"name":"wp","href":"https:\/\/api.w.org\/{rel}","templated":true}]}}