{"id":172289,"date":"2023-05-25T14:36:06","date_gmt":"2023-05-25T12:36:06","guid":{"rendered":"https:\/\/shop.bantam.ch\/produit\/toit-de-protection-pour-camping-car-caravane-vanprotect\/"},"modified":"2026-05-02T00:35:41","modified_gmt":"2026-05-01T22:35:41","slug":"toit-de-protection-pour-camping-car-caravane-vanprotect","status":"publish","type":"product","link":"https:\/\/shop.bantam.ch\/fr\/produit\/toit-de-protection-pour-camping-car-caravane-vanprotect\/","title":{"rendered":"Toit de protection pour camping-car\/caravane VanProtect"},"content":{"rendered":"<p><strong>Informations produit<\/strong><\/p>\n<p><span style=\"text-decoration: underline\">Le syst\u00e8me intelligent\u00a0:<\/span><\/p>\n<ul>\n<li>Montage et d\u00e9montage simples et rapides sans outils<\/li>\n<li>Pas d\u2019usure sur le v\u00e9hicule gr\u00e2ce au rev\u00eatement sur les tendeurs<\/li>\n<li>L\u00e9ger et peu encombrant<\/li>\n<li>Convient \u00e0 tous les types de camping-cars et de caravanes<\/li>\n<li>Sous-ventilation optimale<\/li>\n<li>Ecoulement de l\u2019eau gr\u00e2ce au cintrage et au porte-\u00e0-faux lat\u00e9ral<\/li>\n<li>La neige glisse<\/li>\n<li>R\u00e9siste aux temp\u00eates<\/li>\n<\/ul>\n<p><span style=\"text-decoration: underline\">Votre v\u00e9hicule reste propre et sec<\/span><br \/>Un v\u00e9hicule qui reste dehors est toujours expos\u00e9 aux influences ext\u00e9rieures (poussi\u00e8re, salet\u00e9, feuilles mortes, etc.) Gr\u00e2ce \u00e0 VANprotect, votre v\u00e9hicule reste prot\u00e9g\u00e9, propre et sec.<\/p>\n<p><span style=\"text-decoration: underline\">VANprotect pr\u00e9serve la valeur de votre v\u00e9hicule<\/span><br \/>C\u2019est lorsqu\u2019il reste inutilis\u00e9 et gar\u00e9 en ext\u00e9rieur expos\u00e9 \u00e0 tous les temps que votre camping-car perd le plus de sa valeur. Ce n\u2019est pas une fatalit\u00e9\u00a0! La r\u00e9ponse est VANprotect. Le produit prot\u00e8ge de l\u2019usure due aux \u00e9l\u00e9ments et donc de la perte de valeur. La b\u00e2che d\u00e9passe sur les c\u00f4t\u00e9s, l\u2019avant et l\u2019arri\u00e8re. VANprotect est un investissement vraiment rentable.<\/p>\n<p><strong>Protection optimale<\/strong><\/p>\n<p><span style=\"text-decoration: underline\">Neige<\/span><br \/>30\u00a0cm de poudreuse ne sont pas un probl\u00e8me et la neige mouill\u00e9e glisse d\u2019elle-m\u00eame gr\u00e2ce \u00e0 la courbure prononc\u00e9e. Toutefois, si une grande quantit\u00e9 de neige devait s\u2019amonceler sur le toit de protection, il faudra le d\u00e9blayer.<\/p>\n<p><span style=\"text-decoration: underline\">Temp\u00eate<\/span><br \/>Gr\u00e2ce \u00e0 la tension lat\u00e9rale, le toit de protection r\u00e9siste bien au vent. Il a \u00e9t\u00e9 test\u00e9 avec succ\u00e8s dans les vall\u00e9es expos\u00e9es au vent en Suisse et sur la c\u00f4te Atlantique en France.<\/p>\n<p><span style=\"text-decoration: underline\">Eau, chaleur, froid<\/span><br \/>Le toit de protection r\u00e9siste \u00e0 ces \u00e9l\u00e9ments. Toutefois, les rayons UV peuvent abimer la b\u00e2che au fil des ans, mais certaines sont utilis\u00e9es depuis plus de dix ans. L\u2019usure et les frottements provoqu\u00e9s par un montage et un d\u00e9montage effectu\u00e9s sans pr\u00e9caution sont les plus gros risques de d\u00e9t\u00e9rioration.<\/p>\n<p><strong>Montage<\/strong><\/p>\n<p><span style=\"text-decoration: underline\">Montage facile et rapide<\/span><br \/>Le toit se d\u00e9plie comme un accord\u00e9on et est tendu \u00e0 l&rsquo;avant et \u00e0 l&rsquo;arri\u00e8re gr\u00e2ce aux blocs de mousse et aux sangles. La protection de toit sur le v\u00e9hicule est support\u00e9e par des sangles \u00e9lastiques de 4 cm de large.  Le temps de montage est d\u2019environ 25\u00a0min. Gr\u00e2ce \u00e0 sa l\u00e9g\u00e8ret\u00e9 et \u00e0 son \u00ab\u00a0syst\u00e8me d\u2019arceaux\u00a0\u00bb ing\u00e9nieux, son montage est simple et rapide.<\/p>\n<p>Pour le montage et le d\u00e9montage, seule une \u00e9chelle est requise, aucun outil. Aucune perforation ou autre n\u2019est n\u00e9cessaire. La structure n\u2019est pas endommag\u00e9e car la surface de contact se fait sur des sangles \u00e9lastiques larges de 4\u00a0cm. Les tendeurs sont accroch\u00e9s sur le ch\u00e2ssis. La tension lat\u00e9rale passe sous le v\u00e9hicule en une composante. La climatisation, les antennes, les rambardes et les \u00e9chelles ne g\u00eanent pas. La simplicit\u00e9 du montage et du d\u00e9montage incite \u00e0 l&rsquo;utiliser m\u00eame pour de courtes p\u00e9riodes.<\/p>\n<p><span style=\"text-decoration: underline\">Pr\u00e9montage\u00a0: mettre les arceaux sous tension<\/span><br \/>En tirant sur les tendeurs et en appuyant et recourbant simultan\u00e9ment l\u2019arceau, embo\u00eeter l\u2019extr\u00e9mit\u00e9 de l\u2019arceau dans la poche. L\u2019arceau peut rester constamment sous tension\u00a0!<\/p>\n<p><span style=\"text-decoration: underline\">L\u00e9ger et peu encombrant<\/span><br \/>Exemple\u00a0: le toit d\u2019un camping-car de six m\u00e8tres p\u00e8se moins de 30\u00a0kilos et mesure enroul\u00e9 environ 20\u00a0cm de diam\u00e8tre et trois m\u00e8tres de long.<\/p>\n<p><span style=\"text-decoration: underline\">Temps de montage<\/span><br \/>Compter deux heures la premi\u00e8re fois pour l\u2019assemblage du kit. Pour le premier montage, compter \u00e9galement environ deux heures. Les montages suivants ne durent alors plus que 25\u00a0minutes (le d\u00e9montage est encore plus rapide).<\/p>\n<p><strong>Donn\u00e9es techniques<\/strong><\/p>\n<ul>\n<li>Mat\u00e9riau de la b\u00e2che\u00a0: b\u00e2che en PVC gris clair 450g\/m2 trait\u00e9e anti-UV<\/li>\n<li>Armature\u00a0: tubes rond 16\u00a0mm alliage alu, \u00e0 la fois souple et solide<\/li>\n<li>Sangles\u00a0: polyester, polypropyl\u00e8ne<\/li>\n<li>Poids\u00a0: environ 30\u00a0kg tout compris<\/li>\n<li>Intervalle entre les arceaux\u00a0: env. 65-70\u00a0cm<\/li>\n<li>B\u00e2che avant\u00a0: comprise<\/li>\n<\/ul>\n<p><span style=\"text-decoration: underline\">Garantie<\/span><br \/>Trois ans de garantie r\u00e9sistance aux UV pour la b\u00e2che et toutes les sangles, deux ans pour tout le reste.<\/p>\n<p><strong>Mesurer et calculer<\/strong><\/p>\n<p><span style=\"text-decoration: underline\">Commande et livraison<\/span><br \/>Une feuille explicative donne les renseignements n\u00e9cessaires pour prendre les mesures, les tailles disponibles et les prix. Vous recevez le toit de protection dans un emballage complet avec b\u00e2che pour l\u2019avant ou l\u2019arri\u00e8re, ainsi qu\u2019une notice de montage d\u00e9taill\u00e9e et illustr\u00e9e.<\/p>\n<p>\u00a0<\/p>\n<p><strong>!!! Suppl\u00e9ment de prix pour l\u2019option avec fermeture \u00e0 glissi\u00e8re (9940857) ATTENTION\u00a0: elle doit \u00eatre command\u00e9e imm\u00e9diatement car elle ne peut pas \u00eatre rajout\u00e9e ult\u00e9rieurement\u00a0!!!<\/strong><\/p>\n","protected":false},"excerpt":{"rendered":"<p>Informations produit Le syst\u00e8me intelligent\u00a0: Montage et d\u00e9montage simples et rapides sans outils Pas d\u2019usure sur le v\u00e9hicule gr\u00e2ce au rev\u00eatement sur les tendeurs L\u00e9ger et peu encombrant Convient \u00e0 tous les types de camping-cars et de caravanes Sous-ventilation optimale Ecoulement de l\u2019eau gr\u00e2ce au cintrage et au porte-\u00e0-faux lat\u00e9ral La neige glisse R\u00e9siste aux [&hellip;]<\/p>\n","protected":false},"featured_media":172279,"template":"","meta":{"_acf_changed":false},"product_featured_cat":[],"product_brand":[3820],"product_cat":[4153],"product_tag":[],"class_list":{"0":"post-172289","1":"product","2":"type-product","3":"status-publish","4":"has-post-thumbnail","6":"product_brand-vanprotect","7":"product_cat-toits-de-protection","9":"first","10":"instock","11":"taxable","12":"shipping-taxable","13":"purchasable","14":"product-type-variable"},"acf":[],"yoast_head":"<!-- This site is optimized with the Yoast SEO plugin v27.5 - https:\/\/yoast.com\/product\/yoast-seo-wordpress\/ -->\n<title>Toit de protection pour camping-car\/caravane VanProtect - Bantam<\/title>\n<meta name=\"robots\" content=\"index, follow, max-snippet:-1, max-image-preview:large, max-video-preview:-1\" \/>\n<link rel=\"canonical\" href=\"https:\/\/shop.bantam.ch\/fr\/produit\/toit-de-protection-pour-camping-car-caravane-vanprotect\/\" \/>\n<meta property=\"og:locale\" content=\"fr_FR\" \/>\n<meta property=\"og:type\" content=\"article\" \/>\n<meta property=\"og:title\" content=\"Toit de protection pour camping-car\/caravane VanProtect - Bantam\" \/>\n<meta property=\"og:description\" content=\"Informations produit Le syst\u00e8me intelligent\u00a0: Montage et d\u00e9montage simples et rapides sans outils Pas d\u2019usure sur le v\u00e9hicule gr\u00e2ce au rev\u00eatement sur les tendeurs L\u00e9ger et peu encombrant Convient \u00e0 tous les types de camping-cars et de caravanes Sous-ventilation optimale Ecoulement de l\u2019eau gr\u00e2ce au cintrage et au porte-\u00e0-faux lat\u00e9ral La neige glisse R\u00e9siste aux [&hellip;]\" \/>\n<meta property=\"og:url\" content=\"https:\/\/shop.bantam.ch\/fr\/produit\/toit-de-protection-pour-camping-car-caravane-vanprotect\/\" \/>\n<meta property=\"og:site_name\" content=\"Bantam\" \/>\n<meta property=\"article:modified_time\" content=\"2026-05-01T22:35:41+00:00\" \/>\n<meta property=\"og:image\" content=\"https:\/\/shop.bantam.ch\/wp-content\/uploads\/2023\/05\/9991850-VanProtect_Wohnmobil_Wohn-_wagenschutzdach_Gr_4_grau_f_Schutzdachlaenge_606-645_cm-Standard-01.jpg\" \/>\n\t<meta property=\"og:image:width\" content=\"1000\" \/>\n\t<meta property=\"og:image:height\" content=\"694\" \/>\n\t<meta property=\"og:image:type\" content=\"image\/jpeg\" \/>\n<meta name=\"twitter:card\" content=\"summary_large_image\" \/>\n<meta name=\"twitter:label1\" content=\"Dur\u00e9e de lecture estim\u00e9e\" \/>\n\t<meta name=\"twitter:data1\" content=\"4 minutes\" \/>\n<script type=\"application\/ld+json\" class=\"yoast-schema-graph\">{\"@context\":\"https:\\\/\\\/schema.org\",\"@graph\":[{\"@type\":\"WebPage\",\"@id\":\"https:\\\/\\\/shop.bantam.ch\\\/fr\\\/produit\\\/toit-de-protection-pour-camping-car-caravane-vanprotect\\\/\",\"url\":\"https:\\\/\\\/shop.bantam.ch\\\/fr\\\/produit\\\/toit-de-protection-pour-camping-car-caravane-vanprotect\\\/\",\"name\":\"Toit de protection pour camping-car\\\/caravane VanProtect - Bantam\",\"isPartOf\":{\"@id\":\"https:\\\/\\\/shop.bantam.ch\\\/fr\\\/#website\"},\"primaryImageOfPage\":{\"@id\":\"https:\\\/\\\/shop.bantam.ch\\\/fr\\\/produit\\\/toit-de-protection-pour-camping-car-caravane-vanprotect\\\/#primaryimage\"},\"image\":{\"@id\":\"https:\\\/\\\/shop.bantam.ch\\\/fr\\\/produit\\\/toit-de-protection-pour-camping-car-caravane-vanprotect\\\/#primaryimage\"},\"thumbnailUrl\":\"https:\\\/\\\/shop.bantam.ch\\\/wp-content\\\/uploads\\\/2023\\\/05\\\/9991850-VanProtect_Wohnmobil_Wohn-_wagenschutzdach_Gr_4_grau_f_Schutzdachlaenge_606-645_cm-Standard-01.jpg\",\"datePublished\":\"2023-05-25T12:36:06+00:00\",\"dateModified\":\"2026-05-01T22:35:41+00:00\",\"breadcrumb\":{\"@id\":\"https:\\\/\\\/shop.bantam.ch\\\/fr\\\/produit\\\/toit-de-protection-pour-camping-car-caravane-vanprotect\\\/#breadcrumb\"},\"inLanguage\":\"fr-FR\",\"potentialAction\":[{\"@type\":\"ReadAction\",\"target\":[\"https:\\\/\\\/shop.bantam.ch\\\/fr\\\/produit\\\/toit-de-protection-pour-camping-car-caravane-vanprotect\\\/\"]}]},{\"@type\":\"ImageObject\",\"inLanguage\":\"fr-FR\",\"@id\":\"https:\\\/\\\/shop.bantam.ch\\\/fr\\\/produit\\\/toit-de-protection-pour-camping-car-caravane-vanprotect\\\/#primaryimage\",\"url\":\"https:\\\/\\\/shop.bantam.ch\\\/wp-content\\\/uploads\\\/2023\\\/05\\\/9991850-VanProtect_Wohnmobil_Wohn-_wagenschutzdach_Gr_4_grau_f_Schutzdachlaenge_606-645_cm-Standard-01.jpg\",\"contentUrl\":\"https:\\\/\\\/shop.bantam.ch\\\/wp-content\\\/uploads\\\/2023\\\/05\\\/9991850-VanProtect_Wohnmobil_Wohn-_wagenschutzdach_Gr_4_grau_f_Schutzdachlaenge_606-645_cm-Standard-01.jpg\",\"width\":1000,\"height\":694},{\"@type\":\"BreadcrumbList\",\"@id\":\"https:\\\/\\\/shop.bantam.ch\\\/fr\\\/produit\\\/toit-de-protection-pour-camping-car-caravane-vanprotect\\\/#breadcrumb\",\"itemListElement\":[{\"@type\":\"ListItem\",\"position\":1,\"name\":\"Accueil\",\"item\":\"https:\\\/\\\/shop.bantam.ch\\\/fr\\\/\"},{\"@type\":\"ListItem\",\"position\":2,\"name\":\"Boutique\",\"item\":\"https:\\\/\\\/shop.bantam.ch\\\/fr\\\/boutique\\\/\"},{\"@type\":\"ListItem\",\"position\":3,\"name\":\"Toit de protection pour camping-car\\\/caravane VanProtect\"}]},{\"@type\":\"WebSite\",\"@id\":\"https:\\\/\\\/shop.bantam.ch\\\/fr\\\/#website\",\"url\":\"https:\\\/\\\/shop.bantam.ch\\\/fr\\\/\",\"name\":\"Bantam\",\"description\":\"\",\"publisher\":{\"@id\":\"https:\\\/\\\/shop.bantam.ch\\\/fr\\\/#organization\"},\"inLanguage\":\"fr-FR\"},{\"@type\":\"Organization\",\"@id\":\"https:\\\/\\\/shop.bantam.ch\\\/fr\\\/#organization\",\"name\":\"Bantam\",\"url\":\"https:\\\/\\\/shop.bantam.ch\\\/fr\\\/\",\"logo\":{\"@type\":\"ImageObject\",\"inLanguage\":\"fr-FR\",\"@id\":\"https:\\\/\\\/shop.bantam.ch\\\/fr\\\/#\\\/schema\\\/logo\\\/image\\\/\",\"url\":\"https:\\\/\\\/shop.bantam.ch\\\/wp-content\\\/uploads\\\/2022\\\/12\\\/bantam-logo.png\",\"contentUrl\":\"https:\\\/\\\/shop.bantam.ch\\\/wp-content\\\/uploads\\\/2022\\\/12\\\/bantam-logo.png\",\"width\":320,\"height\":71,\"caption\":\"Bantam\"},\"image\":{\"@id\":\"https:\\\/\\\/shop.bantam.ch\\\/fr\\\/#\\\/schema\\\/logo\\\/image\\\/\"}}]}<\/script>\n<!-- \/ Yoast SEO plugin. -->","yoast_head_json":{"title":"Toit de protection pour camping-car\/caravane VanProtect - Bantam","robots":{"index":"index","follow":"follow","max-snippet":"max-snippet:-1","max-image-preview":"max-image-preview:large","max-video-preview":"max-video-preview:-1"},"canonical":"https:\/\/shop.bantam.ch\/fr\/produit\/toit-de-protection-pour-camping-car-caravane-vanprotect\/","og_locale":"fr_FR","og_type":"article","og_title":"Toit de protection pour camping-car\/caravane VanProtect - Bantam","og_description":"Informations produit Le syst\u00e8me intelligent\u00a0: Montage et d\u00e9montage simples et rapides sans outils Pas d\u2019usure sur le v\u00e9hicule gr\u00e2ce au rev\u00eatement sur les tendeurs L\u00e9ger et peu encombrant Convient \u00e0 tous les types de camping-cars et de caravanes Sous-ventilation optimale Ecoulement de l\u2019eau gr\u00e2ce au cintrage et au porte-\u00e0-faux lat\u00e9ral La neige glisse R\u00e9siste aux [&hellip;]","og_url":"https:\/\/shop.bantam.ch\/fr\/produit\/toit-de-protection-pour-camping-car-caravane-vanprotect\/","og_site_name":"Bantam","article_modified_time":"2026-05-01T22:35:41+00:00","og_image":[{"width":1000,"height":694,"url":"https:\/\/shop.bantam.ch\/wp-content\/uploads\/2023\/05\/9991850-VanProtect_Wohnmobil_Wohn-_wagenschutzdach_Gr_4_grau_f_Schutzdachlaenge_606-645_cm-Standard-01.jpg","type":"image\/jpeg"}],"twitter_card":"summary_large_image","twitter_misc":{"Dur\u00e9e de lecture estim\u00e9e":"4 minutes"},"schema":{"@context":"https:\/\/schema.org","@graph":[{"@type":"WebPage","@id":"https:\/\/shop.bantam.ch\/fr\/produit\/toit-de-protection-pour-camping-car-caravane-vanprotect\/","url":"https:\/\/shop.bantam.ch\/fr\/produit\/toit-de-protection-pour-camping-car-caravane-vanprotect\/","name":"Toit de protection pour camping-car\/caravane VanProtect - Bantam","isPartOf":{"@id":"https:\/\/shop.bantam.ch\/fr\/#website"},"primaryImageOfPage":{"@id":"https:\/\/shop.bantam.ch\/fr\/produit\/toit-de-protection-pour-camping-car-caravane-vanprotect\/#primaryimage"},"image":{"@id":"https:\/\/shop.bantam.ch\/fr\/produit\/toit-de-protection-pour-camping-car-caravane-vanprotect\/#primaryimage"},"thumbnailUrl":"https:\/\/shop.bantam.ch\/wp-content\/uploads\/2023\/05\/9991850-VanProtect_Wohnmobil_Wohn-_wagenschutzdach_Gr_4_grau_f_Schutzdachlaenge_606-645_cm-Standard-01.jpg","datePublished":"2023-05-25T12:36:06+00:00","dateModified":"2026-05-01T22:35:41+00:00","breadcrumb":{"@id":"https:\/\/shop.bantam.ch\/fr\/produit\/toit-de-protection-pour-camping-car-caravane-vanprotect\/#breadcrumb"},"inLanguage":"fr-FR","potentialAction":[{"@type":"ReadAction","target":["https:\/\/shop.bantam.ch\/fr\/produit\/toit-de-protection-pour-camping-car-caravane-vanprotect\/"]}]},{"@type":"ImageObject","inLanguage":"fr-FR","@id":"https:\/\/shop.bantam.ch\/fr\/produit\/toit-de-protection-pour-camping-car-caravane-vanprotect\/#primaryimage","url":"https:\/\/shop.bantam.ch\/wp-content\/uploads\/2023\/05\/9991850-VanProtect_Wohnmobil_Wohn-_wagenschutzdach_Gr_4_grau_f_Schutzdachlaenge_606-645_cm-Standard-01.jpg","contentUrl":"https:\/\/shop.bantam.ch\/wp-content\/uploads\/2023\/05\/9991850-VanProtect_Wohnmobil_Wohn-_wagenschutzdach_Gr_4_grau_f_Schutzdachlaenge_606-645_cm-Standard-01.jpg","width":1000,"height":694},{"@type":"BreadcrumbList","@id":"https:\/\/shop.bantam.ch\/fr\/produit\/toit-de-protection-pour-camping-car-caravane-vanprotect\/#breadcrumb","itemListElement":[{"@type":"ListItem","position":1,"name":"Accueil","item":"https:\/\/shop.bantam.ch\/fr\/"},{"@type":"ListItem","position":2,"name":"Boutique","item":"https:\/\/shop.bantam.ch\/fr\/boutique\/"},{"@type":"ListItem","position":3,"name":"Toit de protection pour camping-car\/caravane VanProtect"}]},{"@type":"WebSite","@id":"https:\/\/shop.bantam.ch\/fr\/#website","url":"https:\/\/shop.bantam.ch\/fr\/","name":"Bantam","description":"","publisher":{"@id":"https:\/\/shop.bantam.ch\/fr\/#organization"},"inLanguage":"fr-FR"},{"@type":"Organization","@id":"https:\/\/shop.bantam.ch\/fr\/#organization","name":"Bantam","url":"https:\/\/shop.bantam.ch\/fr\/","logo":{"@type":"ImageObject","inLanguage":"fr-FR","@id":"https:\/\/shop.bantam.ch\/fr\/#\/schema\/logo\/image\/","url":"https:\/\/shop.bantam.ch\/wp-content\/uploads\/2022\/12\/bantam-logo.png","contentUrl":"https:\/\/shop.bantam.ch\/wp-content\/uploads\/2022\/12\/bantam-logo.png","width":320,"height":71,"caption":"Bantam"},"image":{"@id":"https:\/\/shop.bantam.ch\/fr\/#\/schema\/logo\/image\/"}}]}},"_links":{"self":[{"href":"https:\/\/shop.bantam.ch\/fr\/wp-json\/wp\/v2\/product\/172289","targetHints":{"allow":["GET"]}}],"collection":[{"href":"https:\/\/shop.bantam.ch\/fr\/wp-json\/wp\/v2\/product"}],"about":[{"href":"https:\/\/shop.bantam.ch\/fr\/wp-json\/wp\/v2\/types\/product"}],"wp:featuredmedia":[{"embeddable":true,"href":"https:\/\/shop.bantam.ch\/fr\/wp-json\/wp\/v2\/media\/172279"}],"wp:attachment":[{"href":"https:\/\/shop.bantam.ch\/fr\/wp-json\/wp\/v2\/media?parent=172289"}],"wp:term":[{"taxonomy":"product_featured_cat","embeddable":true,"href":"https:\/\/shop.bantam.ch\/fr\/wp-json\/wp\/v2\/product_featured_cat?post=172289"},{"taxonomy":"product_brand","embeddable":true,"href":"https:\/\/shop.bantam.ch\/fr\/wp-json\/wp\/v2\/product_brand?post=172289"},{"taxonomy":"product_cat","embeddable":true,"href":"https:\/\/shop.bantam.ch\/fr\/wp-json\/wp\/v2\/product_cat?post=172289"},{"taxonomy":"product_tag","embeddable":true,"href":"https:\/\/shop.bantam.ch\/fr\/wp-json\/wp\/v2\/product_tag?post=172289"}],"curies":[{"name":"wp","href":"https:\/\/api.w.org\/{rel}","templated":true}]}}