{"id":172099,"date":"2023-05-25T14:29:07","date_gmt":"2023-05-25T12:29:07","guid":{"rendered":"https:\/\/shop.bantam.ch\/produit\/systeme-de-chauffe-eau-etanche-nautic-compact-e\/"},"modified":"2026-04-19T00:43:07","modified_gmt":"2026-04-18T22:43:07","slug":"systeme-de-chauffe-eau-etanche-nautic-compact-e","status":"publish","type":"product","link":"https:\/\/shop.bantam.ch\/fr\/produit\/systeme-de-chauffe-eau-etanche-nautic-compact-e\/","title":{"rendered":"Syst\u00e8me de chauffe-eau \u00e9tanche Nautic Compact E"},"content":{"rendered":"<p>Cette chaudi\u00e8re en inox\u00a0V4A compacte haut de gamme est la solution id\u00e9ale en cas d\u2019espace limit\u00e9. Elle est r\u00e9sistante \u00e0 la pression et peut \u00eatre install\u00e9e de s\u00e9rie ou ult\u00e9rieurement sur tout syst\u00e8me d\u2019alimentation en eau froide gr\u00e2ce \u00e0 un tuyau flexible. Il est possible de se raccorder \u00e0 une pompe immerg\u00e9e, \u00e0 une pompe \u00e0 main ou \u00e0 pied, ou \u00e0 une pompe de pression. Gr\u00e2ce \u00e0 son isolation exceptionnelle, vous profitez encore d\u2019eau chaude le jour suivant.<\/p>\n<p>Contenu de la livraison : <br \/>Support de montage inclus pour installation au sol<\/p>\n","protected":false},"excerpt":{"rendered":"<p>Cette chaudi\u00e8re en inox\u00a0V4A compacte haut de gamme est la solution id\u00e9ale en cas d\u2019espace limit\u00e9. Elle est r\u00e9sistante \u00e0 la pression et peut \u00eatre install\u00e9e de s\u00e9rie ou ult\u00e9rieurement sur tout syst\u00e8me d\u2019alimentation en eau froide gr\u00e2ce \u00e0 un tuyau flexible. Il est possible de se raccorder \u00e0 une pompe immerg\u00e9e, \u00e0 une pompe [&hellip;]<\/p>\n","protected":false},"featured_media":172097,"template":"","meta":{"_acf_changed":false},"product_featured_cat":[],"product_brand":[3192],"product_cat":[4587],"product_tag":[],"class_list":{"0":"post-172099","1":"product","2":"type-product","3":"status-publish","4":"has-post-thumbnail","6":"product_brand-elgena","7":"product_cat-chauffe-eau-electrique","9":"first","10":"instock","11":"taxable","12":"shipping-taxable","13":"purchasable","14":"product-type-variable"},"acf":[],"yoast_head":"<!-- This site is optimized with the Yoast SEO plugin v27.4 - https:\/\/yoast.com\/product\/yoast-seo-wordpress\/ -->\n<title>Syst\u00e8me de chauffe-eau \u00e9tanche Nautic Compact E - Bantam Wankm\u00fcller SA<\/title>\n<meta name=\"robots\" content=\"index, follow, max-snippet:-1, max-image-preview:large, max-video-preview:-1\" \/>\n<link rel=\"canonical\" href=\"https:\/\/shop.bantam.ch\/fr\/produit\/systeme-de-chauffe-eau-etanche-nautic-compact-e\/\" \/>\n<meta property=\"og:locale\" content=\"fr_FR\" \/>\n<meta property=\"og:type\" content=\"article\" \/>\n<meta property=\"og:title\" content=\"Syst\u00e8me de chauffe-eau \u00e9tanche Nautic Compact E - Bantam Wankm\u00fcller SA\" \/>\n<meta property=\"og:description\" content=\"Cette chaudi\u00e8re en inox\u00a0V4A compacte haut de gamme est la solution id\u00e9ale en cas d\u2019espace limit\u00e9. Elle est r\u00e9sistante \u00e0 la pression et peut \u00eatre install\u00e9e de s\u00e9rie ou ult\u00e9rieurement sur tout syst\u00e8me d\u2019alimentation en eau froide gr\u00e2ce \u00e0 un tuyau flexible. Il est possible de se raccorder \u00e0 une pompe immerg\u00e9e, \u00e0 une pompe [&hellip;]\" \/>\n<meta property=\"og:url\" content=\"https:\/\/shop.bantam.ch\/fr\/produit\/systeme-de-chauffe-eau-etanche-nautic-compact-e\/\" \/>\n<meta property=\"og:site_name\" content=\"Bantam Wankm\u00fcller SA\" \/>\n<meta property=\"article:modified_time\" content=\"2026-04-18T22:43:07+00:00\" \/>\n<meta property=\"og:image\" content=\"https:\/\/shop.bantam.ch\/wp-content\/uploads\/2023\/05\/997791811.jpg\" \/>\n\t<meta property=\"og:image:width\" content=\"1000\" \/>\n\t<meta property=\"og:image:height\" content=\"677\" \/>\n\t<meta property=\"og:image:type\" content=\"image\/jpeg\" \/>\n<meta name=\"twitter:card\" content=\"summary_large_image\" \/>\n<script type=\"application\/ld+json\" class=\"yoast-schema-graph\">{\"@context\":\"https:\\\/\\\/schema.org\",\"@graph\":[{\"@type\":\"WebPage\",\"@id\":\"https:\\\/\\\/shop.bantam.ch\\\/fr\\\/produit\\\/systeme-de-chauffe-eau-etanche-nautic-compact-e\\\/\",\"url\":\"https:\\\/\\\/shop.bantam.ch\\\/fr\\\/produit\\\/systeme-de-chauffe-eau-etanche-nautic-compact-e\\\/\",\"name\":\"Syst\u00e8me de chauffe-eau \u00e9tanche Nautic Compact E - Bantam Wankm\u00fcller SA\",\"isPartOf\":{\"@id\":\"https:\\\/\\\/shop.bantam.ch\\\/fr\\\/#website\"},\"primaryImageOfPage\":{\"@id\":\"https:\\\/\\\/shop.bantam.ch\\\/fr\\\/produit\\\/systeme-de-chauffe-eau-etanche-nautic-compact-e\\\/#primaryimage\"},\"image\":{\"@id\":\"https:\\\/\\\/shop.bantam.ch\\\/fr\\\/produit\\\/systeme-de-chauffe-eau-etanche-nautic-compact-e\\\/#primaryimage\"},\"thumbnailUrl\":\"https:\\\/\\\/shop.bantam.ch\\\/wp-content\\\/uploads\\\/2023\\\/05\\\/997791811.jpg\",\"datePublished\":\"2023-05-25T12:29:07+00:00\",\"dateModified\":\"2026-04-18T22:43:07+00:00\",\"breadcrumb\":{\"@id\":\"https:\\\/\\\/shop.bantam.ch\\\/fr\\\/produit\\\/systeme-de-chauffe-eau-etanche-nautic-compact-e\\\/#breadcrumb\"},\"inLanguage\":\"fr-FR\",\"potentialAction\":[{\"@type\":\"ReadAction\",\"target\":[\"https:\\\/\\\/shop.bantam.ch\\\/fr\\\/produit\\\/systeme-de-chauffe-eau-etanche-nautic-compact-e\\\/\"]}]},{\"@type\":\"ImageObject\",\"inLanguage\":\"fr-FR\",\"@id\":\"https:\\\/\\\/shop.bantam.ch\\\/fr\\\/produit\\\/systeme-de-chauffe-eau-etanche-nautic-compact-e\\\/#primaryimage\",\"url\":\"https:\\\/\\\/shop.bantam.ch\\\/wp-content\\\/uploads\\\/2023\\\/05\\\/997791811.jpg\",\"contentUrl\":\"https:\\\/\\\/shop.bantam.ch\\\/wp-content\\\/uploads\\\/2023\\\/05\\\/997791811.jpg\",\"width\":1000,\"height\":677},{\"@type\":\"BreadcrumbList\",\"@id\":\"https:\\\/\\\/shop.bantam.ch\\\/fr\\\/produit\\\/systeme-de-chauffe-eau-etanche-nautic-compact-e\\\/#breadcrumb\",\"itemListElement\":[{\"@type\":\"ListItem\",\"position\":1,\"name\":\"Accueil\",\"item\":\"https:\\\/\\\/shop.bantam.ch\\\/fr\\\/\"},{\"@type\":\"ListItem\",\"position\":2,\"name\":\"Boutique\",\"item\":\"https:\\\/\\\/shop.bantam.ch\\\/fr\\\/boutique\\\/\"},{\"@type\":\"ListItem\",\"position\":3,\"name\":\"Syst\u00e8me de chauffe-eau \u00e9tanche Nautic Compact E\"}]},{\"@type\":\"WebSite\",\"@id\":\"https:\\\/\\\/shop.bantam.ch\\\/fr\\\/#website\",\"url\":\"https:\\\/\\\/shop.bantam.ch\\\/fr\\\/\",\"name\":\"Bantam Wankm\u00fcller SA\",\"description\":\"\",\"publisher\":{\"@id\":\"https:\\\/\\\/shop.bantam.ch\\\/fr\\\/#organization\"},\"inLanguage\":\"fr-FR\"},{\"@type\":\"Organization\",\"@id\":\"https:\\\/\\\/shop.bantam.ch\\\/fr\\\/#organization\",\"name\":\"Bantam Wankm\u00fcller SA\",\"url\":\"https:\\\/\\\/shop.bantam.ch\\\/fr\\\/\",\"logo\":{\"@type\":\"ImageObject\",\"inLanguage\":\"fr-FR\",\"@id\":\"https:\\\/\\\/shop.bantam.ch\\\/fr\\\/#\\\/schema\\\/logo\\\/image\\\/\",\"url\":\"https:\\\/\\\/shop.bantam.ch\\\/wp-content\\\/uploads\\\/2022\\\/12\\\/bantam-logo.png\",\"contentUrl\":\"https:\\\/\\\/shop.bantam.ch\\\/wp-content\\\/uploads\\\/2022\\\/12\\\/bantam-logo.png\",\"width\":320,\"height\":71,\"caption\":\"Bantam Wankm\u00fcller SA\"},\"image\":{\"@id\":\"https:\\\/\\\/shop.bantam.ch\\\/fr\\\/#\\\/schema\\\/logo\\\/image\\\/\"}}]}<\/script>\n<!-- \/ Yoast SEO plugin. -->","yoast_head_json":{"title":"Syst\u00e8me de chauffe-eau \u00e9tanche Nautic Compact E - Bantam Wankm\u00fcller SA","robots":{"index":"index","follow":"follow","max-snippet":"max-snippet:-1","max-image-preview":"max-image-preview:large","max-video-preview":"max-video-preview:-1"},"canonical":"https:\/\/shop.bantam.ch\/fr\/produit\/systeme-de-chauffe-eau-etanche-nautic-compact-e\/","og_locale":"fr_FR","og_type":"article","og_title":"Syst\u00e8me de chauffe-eau \u00e9tanche Nautic Compact E - Bantam Wankm\u00fcller SA","og_description":"Cette chaudi\u00e8re en inox\u00a0V4A compacte haut de gamme est la solution id\u00e9ale en cas d\u2019espace limit\u00e9. Elle est r\u00e9sistante \u00e0 la pression et peut \u00eatre install\u00e9e de s\u00e9rie ou ult\u00e9rieurement sur tout syst\u00e8me d\u2019alimentation en eau froide gr\u00e2ce \u00e0 un tuyau flexible. Il est possible de se raccorder \u00e0 une pompe immerg\u00e9e, \u00e0 une pompe [&hellip;]","og_url":"https:\/\/shop.bantam.ch\/fr\/produit\/systeme-de-chauffe-eau-etanche-nautic-compact-e\/","og_site_name":"Bantam Wankm\u00fcller SA","article_modified_time":"2026-04-18T22:43:07+00:00","og_image":[{"width":1000,"height":677,"url":"https:\/\/shop.bantam.ch\/wp-content\/uploads\/2023\/05\/997791811.jpg","type":"image\/jpeg"}],"twitter_card":"summary_large_image","schema":{"@context":"https:\/\/schema.org","@graph":[{"@type":"WebPage","@id":"https:\/\/shop.bantam.ch\/fr\/produit\/systeme-de-chauffe-eau-etanche-nautic-compact-e\/","url":"https:\/\/shop.bantam.ch\/fr\/produit\/systeme-de-chauffe-eau-etanche-nautic-compact-e\/","name":"Syst\u00e8me de chauffe-eau \u00e9tanche Nautic Compact E - Bantam Wankm\u00fcller SA","isPartOf":{"@id":"https:\/\/shop.bantam.ch\/fr\/#website"},"primaryImageOfPage":{"@id":"https:\/\/shop.bantam.ch\/fr\/produit\/systeme-de-chauffe-eau-etanche-nautic-compact-e\/#primaryimage"},"image":{"@id":"https:\/\/shop.bantam.ch\/fr\/produit\/systeme-de-chauffe-eau-etanche-nautic-compact-e\/#primaryimage"},"thumbnailUrl":"https:\/\/shop.bantam.ch\/wp-content\/uploads\/2023\/05\/997791811.jpg","datePublished":"2023-05-25T12:29:07+00:00","dateModified":"2026-04-18T22:43:07+00:00","breadcrumb":{"@id":"https:\/\/shop.bantam.ch\/fr\/produit\/systeme-de-chauffe-eau-etanche-nautic-compact-e\/#breadcrumb"},"inLanguage":"fr-FR","potentialAction":[{"@type":"ReadAction","target":["https:\/\/shop.bantam.ch\/fr\/produit\/systeme-de-chauffe-eau-etanche-nautic-compact-e\/"]}]},{"@type":"ImageObject","inLanguage":"fr-FR","@id":"https:\/\/shop.bantam.ch\/fr\/produit\/systeme-de-chauffe-eau-etanche-nautic-compact-e\/#primaryimage","url":"https:\/\/shop.bantam.ch\/wp-content\/uploads\/2023\/05\/997791811.jpg","contentUrl":"https:\/\/shop.bantam.ch\/wp-content\/uploads\/2023\/05\/997791811.jpg","width":1000,"height":677},{"@type":"BreadcrumbList","@id":"https:\/\/shop.bantam.ch\/fr\/produit\/systeme-de-chauffe-eau-etanche-nautic-compact-e\/#breadcrumb","itemListElement":[{"@type":"ListItem","position":1,"name":"Accueil","item":"https:\/\/shop.bantam.ch\/fr\/"},{"@type":"ListItem","position":2,"name":"Boutique","item":"https:\/\/shop.bantam.ch\/fr\/boutique\/"},{"@type":"ListItem","position":3,"name":"Syst\u00e8me de chauffe-eau \u00e9tanche Nautic Compact E"}]},{"@type":"WebSite","@id":"https:\/\/shop.bantam.ch\/fr\/#website","url":"https:\/\/shop.bantam.ch\/fr\/","name":"Bantam Wankm\u00fcller SA","description":"","publisher":{"@id":"https:\/\/shop.bantam.ch\/fr\/#organization"},"inLanguage":"fr-FR"},{"@type":"Organization","@id":"https:\/\/shop.bantam.ch\/fr\/#organization","name":"Bantam Wankm\u00fcller SA","url":"https:\/\/shop.bantam.ch\/fr\/","logo":{"@type":"ImageObject","inLanguage":"fr-FR","@id":"https:\/\/shop.bantam.ch\/fr\/#\/schema\/logo\/image\/","url":"https:\/\/shop.bantam.ch\/wp-content\/uploads\/2022\/12\/bantam-logo.png","contentUrl":"https:\/\/shop.bantam.ch\/wp-content\/uploads\/2022\/12\/bantam-logo.png","width":320,"height":71,"caption":"Bantam Wankm\u00fcller SA"},"image":{"@id":"https:\/\/shop.bantam.ch\/fr\/#\/schema\/logo\/image\/"}}]}},"_links":{"self":[{"href":"https:\/\/shop.bantam.ch\/fr\/wp-json\/wp\/v2\/product\/172099","targetHints":{"allow":["GET"]}}],"collection":[{"href":"https:\/\/shop.bantam.ch\/fr\/wp-json\/wp\/v2\/product"}],"about":[{"href":"https:\/\/shop.bantam.ch\/fr\/wp-json\/wp\/v2\/types\/product"}],"wp:featuredmedia":[{"embeddable":true,"href":"https:\/\/shop.bantam.ch\/fr\/wp-json\/wp\/v2\/media\/172097"}],"wp:attachment":[{"href":"https:\/\/shop.bantam.ch\/fr\/wp-json\/wp\/v2\/media?parent=172099"}],"wp:term":[{"taxonomy":"product_featured_cat","embeddable":true,"href":"https:\/\/shop.bantam.ch\/fr\/wp-json\/wp\/v2\/product_featured_cat?post=172099"},{"taxonomy":"product_brand","embeddable":true,"href":"https:\/\/shop.bantam.ch\/fr\/wp-json\/wp\/v2\/product_brand?post=172099"},{"taxonomy":"product_cat","embeddable":true,"href":"https:\/\/shop.bantam.ch\/fr\/wp-json\/wp\/v2\/product_cat?post=172099"},{"taxonomy":"product_tag","embeddable":true,"href":"https:\/\/shop.bantam.ch\/fr\/wp-json\/wp\/v2\/product_tag?post=172099"}],"curies":[{"name":"wp","href":"https:\/\/api.w.org\/{rel}","templated":true}]}}