{"id":171729,"date":"2023-05-25T14:14:51","date_gmt":"2023-05-25T12:14:51","guid":{"rendered":"https:\/\/shop.bantam.ch\/produit\/espace-de-cuisine-azabache-daily-ct-modele-2017\/"},"modified":"2026-05-10T22:37:12","modified_gmt":"2026-05-10T20:37:12","slug":"espace-de-cuisine-azabache-daily-ct-modele-2017","status":"publish","type":"product","link":"https:\/\/shop.bantam.ch\/fr\/produit\/espace-de-cuisine-azabache-daily-ct-modele-2017\/","title":{"rendered":"Meuble cuisine Azabache Daily CT, noir"},"content":{"rendered":"<p>Meubles de qualit\u00e9 sup\u00e9rieure avec armature pliable robuste en profil\u00e9 alu carr\u00e9. Montage et d\u00e9montage en quelques secondes gr\u00e2ce aux charni\u00e8res articul\u00e9es. Rev\u00eatement tr\u00e8s r\u00e9sistant en tissu rev\u00eatu des deux c\u00f4t\u00e9s. Durable, facile d\u2018entretien et \u00e9l\u00e9gant. Tr\u00e8s compact lorsqu&rsquo;il est ferm\u00e9 et donc facile \u00e0 transporter et \u00e0 ranger. Tous les pieds sont r\u00e9glables en hauteur par rotation.<\/p>\n<p>Mat\u00e9riau :<br \/>Rev\u00eatement : 100 % polyester et PVC<br \/>Cadre\u00a0: aluminium<\/p>\n<p>Contenu de la livraison :<br \/>sac de transport fourni<\/p>\n<ul>\n<li>Gaze de ventilation sur la paroi arri\u00e8re<\/li>\n<li>Pieds r\u00e9glables en hauteur<\/li>\n<li>Sac \u00e0 ustensiles pratique sur le c\u00f4t\u00e9<\/li>\n<\/ul>\n","protected":false},"excerpt":{"rendered":"<p>Meubles de qualit\u00e9 sup\u00e9rieure avec armature pliable robuste en profil\u00e9 alu carr\u00e9. Montage et d\u00e9montage en quelques secondes gr\u00e2ce aux charni\u00e8res articul\u00e9es. Rev\u00eatement tr\u00e8s r\u00e9sistant en tissu rev\u00eatu des deux c\u00f4t\u00e9s. Durable, facile d\u2018entretien et \u00e9l\u00e9gant. Tr\u00e8s compact lorsqu&rsquo;il est ferm\u00e9 et donc facile \u00e0 transporter et \u00e0 ranger. Tous les pieds sont r\u00e9glables en [&hellip;]<\/p>\n","protected":false},"featured_media":171723,"template":"","meta":{"_acf_changed":false},"product_featured_cat":[],"product_brand":[3080],"product_cat":[4055],"product_tag":[],"class_list":{"0":"post-171729","1":"product","2":"type-product","3":"status-publish","4":"has-post-thumbnail","6":"product_brand-brunner","7":"product_cat-cuisines-de-camping","9":"first","10":"instock","11":"taxable","12":"shipping-taxable","13":"purchasable","14":"product-type-simple"},"acf":[],"yoast_head":"<!-- This site is optimized with the Yoast SEO plugin v27.5 - https:\/\/yoast.com\/product\/yoast-seo-wordpress\/ -->\n<title>Meuble cuisine Azabache Daily CT, noir - Bantam<\/title>\n<meta name=\"robots\" content=\"index, follow, max-snippet:-1, max-image-preview:large, max-video-preview:-1\" \/>\n<link rel=\"canonical\" href=\"https:\/\/shop.bantam.ch\/fr\/produit\/espace-de-cuisine-azabache-daily-ct-modele-2017\/\" \/>\n<meta property=\"og:locale\" content=\"fr_FR\" \/>\n<meta property=\"og:type\" content=\"article\" \/>\n<meta property=\"og:title\" content=\"Meuble cuisine Azabache Daily CT, noir - Bantam\" \/>\n<meta property=\"og:description\" content=\"Meubles de qualit\u00e9 sup\u00e9rieure avec armature pliable robuste en profil\u00e9 alu carr\u00e9. Montage et d\u00e9montage en quelques secondes gr\u00e2ce aux charni\u00e8res articul\u00e9es. Rev\u00eatement tr\u00e8s r\u00e9sistant en tissu rev\u00eatu des deux c\u00f4t\u00e9s. Durable, facile d\u2018entretien et \u00e9l\u00e9gant. Tr\u00e8s compact lorsqu&rsquo;il est ferm\u00e9 et donc facile \u00e0 transporter et \u00e0 ranger. Tous les pieds sont r\u00e9glables en [&hellip;]\" \/>\n<meta property=\"og:url\" content=\"https:\/\/shop.bantam.ch\/fr\/produit\/espace-de-cuisine-azabache-daily-ct-modele-2017\/\" \/>\n<meta property=\"og:site_name\" content=\"Bantam\" \/>\n<meta property=\"article:modified_time\" content=\"2026-05-10T20:37:12+00:00\" \/>\n<meta property=\"og:image\" content=\"https:\/\/shop.bantam.ch\/wp-content\/uploads\/2023\/05\/9930383-Kochbox_Azabache_Daily_CT_Farbe_schwarz-Standard-03.jpg\" \/>\n\t<meta property=\"og:image:width\" content=\"1000\" \/>\n\t<meta property=\"og:image:height\" content=\"850\" \/>\n\t<meta property=\"og:image:type\" content=\"image\/jpeg\" \/>\n<meta name=\"twitter:card\" content=\"summary_large_image\" \/>\n<meta name=\"twitter:label1\" content=\"Dur\u00e9e de lecture estim\u00e9e\" \/>\n\t<meta name=\"twitter:data1\" content=\"1 minute\" \/>\n<script type=\"application\/ld+json\" class=\"yoast-schema-graph\">{\"@context\":\"https:\\\/\\\/schema.org\",\"@graph\":[{\"@type\":\"WebPage\",\"@id\":\"https:\\\/\\\/shop.bantam.ch\\\/fr\\\/produit\\\/espace-de-cuisine-azabache-daily-ct-modele-2017\\\/\",\"url\":\"https:\\\/\\\/shop.bantam.ch\\\/fr\\\/produit\\\/espace-de-cuisine-azabache-daily-ct-modele-2017\\\/\",\"name\":\"Meuble cuisine Azabache Daily CT, noir - Bantam\",\"isPartOf\":{\"@id\":\"https:\\\/\\\/shop.bantam.ch\\\/fr\\\/#website\"},\"primaryImageOfPage\":{\"@id\":\"https:\\\/\\\/shop.bantam.ch\\\/fr\\\/produit\\\/espace-de-cuisine-azabache-daily-ct-modele-2017\\\/#primaryimage\"},\"image\":{\"@id\":\"https:\\\/\\\/shop.bantam.ch\\\/fr\\\/produit\\\/espace-de-cuisine-azabache-daily-ct-modele-2017\\\/#primaryimage\"},\"thumbnailUrl\":\"https:\\\/\\\/shop.bantam.ch\\\/wp-content\\\/uploads\\\/2023\\\/05\\\/9930383-Kochbox_Azabache_Daily_CT_Farbe_schwarz-Standard-03.jpg\",\"datePublished\":\"2023-05-25T12:14:51+00:00\",\"dateModified\":\"2026-05-10T20:37:12+00:00\",\"breadcrumb\":{\"@id\":\"https:\\\/\\\/shop.bantam.ch\\\/fr\\\/produit\\\/espace-de-cuisine-azabache-daily-ct-modele-2017\\\/#breadcrumb\"},\"inLanguage\":\"fr-FR\",\"potentialAction\":[{\"@type\":\"ReadAction\",\"target\":[\"https:\\\/\\\/shop.bantam.ch\\\/fr\\\/produit\\\/espace-de-cuisine-azabache-daily-ct-modele-2017\\\/\"]}]},{\"@type\":\"ImageObject\",\"inLanguage\":\"fr-FR\",\"@id\":\"https:\\\/\\\/shop.bantam.ch\\\/fr\\\/produit\\\/espace-de-cuisine-azabache-daily-ct-modele-2017\\\/#primaryimage\",\"url\":\"https:\\\/\\\/shop.bantam.ch\\\/wp-content\\\/uploads\\\/2023\\\/05\\\/9930383-Kochbox_Azabache_Daily_CT_Farbe_schwarz-Standard-03.jpg\",\"contentUrl\":\"https:\\\/\\\/shop.bantam.ch\\\/wp-content\\\/uploads\\\/2023\\\/05\\\/9930383-Kochbox_Azabache_Daily_CT_Farbe_schwarz-Standard-03.jpg\",\"width\":1000,\"height\":850},{\"@type\":\"BreadcrumbList\",\"@id\":\"https:\\\/\\\/shop.bantam.ch\\\/fr\\\/produit\\\/espace-de-cuisine-azabache-daily-ct-modele-2017\\\/#breadcrumb\",\"itemListElement\":[{\"@type\":\"ListItem\",\"position\":1,\"name\":\"Accueil\",\"item\":\"https:\\\/\\\/shop.bantam.ch\\\/fr\\\/\"},{\"@type\":\"ListItem\",\"position\":2,\"name\":\"Boutique\",\"item\":\"https:\\\/\\\/shop.bantam.ch\\\/fr\\\/boutique\\\/\"},{\"@type\":\"ListItem\",\"position\":3,\"name\":\"Meuble cuisine Azabache Daily CT, noir\"}]},{\"@type\":\"WebSite\",\"@id\":\"https:\\\/\\\/shop.bantam.ch\\\/fr\\\/#website\",\"url\":\"https:\\\/\\\/shop.bantam.ch\\\/fr\\\/\",\"name\":\"Bantam\",\"description\":\"\",\"publisher\":{\"@id\":\"https:\\\/\\\/shop.bantam.ch\\\/fr\\\/#organization\"},\"inLanguage\":\"fr-FR\"},{\"@type\":\"Organization\",\"@id\":\"https:\\\/\\\/shop.bantam.ch\\\/fr\\\/#organization\",\"name\":\"Bantam\",\"url\":\"https:\\\/\\\/shop.bantam.ch\\\/fr\\\/\",\"logo\":{\"@type\":\"ImageObject\",\"inLanguage\":\"fr-FR\",\"@id\":\"https:\\\/\\\/shop.bantam.ch\\\/fr\\\/#\\\/schema\\\/logo\\\/image\\\/\",\"url\":\"https:\\\/\\\/shop.bantam.ch\\\/wp-content\\\/uploads\\\/2022\\\/12\\\/bantam-logo.png\",\"contentUrl\":\"https:\\\/\\\/shop.bantam.ch\\\/wp-content\\\/uploads\\\/2022\\\/12\\\/bantam-logo.png\",\"width\":320,\"height\":71,\"caption\":\"Bantam\"},\"image\":{\"@id\":\"https:\\\/\\\/shop.bantam.ch\\\/fr\\\/#\\\/schema\\\/logo\\\/image\\\/\"}}]}<\/script>\n<!-- \/ Yoast SEO plugin. -->","yoast_head_json":{"title":"Meuble cuisine Azabache Daily CT, noir - Bantam","robots":{"index":"index","follow":"follow","max-snippet":"max-snippet:-1","max-image-preview":"max-image-preview:large","max-video-preview":"max-video-preview:-1"},"canonical":"https:\/\/shop.bantam.ch\/fr\/produit\/espace-de-cuisine-azabache-daily-ct-modele-2017\/","og_locale":"fr_FR","og_type":"article","og_title":"Meuble cuisine Azabache Daily CT, noir - Bantam","og_description":"Meubles de qualit\u00e9 sup\u00e9rieure avec armature pliable robuste en profil\u00e9 alu carr\u00e9. Montage et d\u00e9montage en quelques secondes gr\u00e2ce aux charni\u00e8res articul\u00e9es. Rev\u00eatement tr\u00e8s r\u00e9sistant en tissu rev\u00eatu des deux c\u00f4t\u00e9s. Durable, facile d\u2018entretien et \u00e9l\u00e9gant. Tr\u00e8s compact lorsqu&rsquo;il est ferm\u00e9 et donc facile \u00e0 transporter et \u00e0 ranger. Tous les pieds sont r\u00e9glables en [&hellip;]","og_url":"https:\/\/shop.bantam.ch\/fr\/produit\/espace-de-cuisine-azabache-daily-ct-modele-2017\/","og_site_name":"Bantam","article_modified_time":"2026-05-10T20:37:12+00:00","og_image":[{"width":1000,"height":850,"url":"https:\/\/shop.bantam.ch\/wp-content\/uploads\/2023\/05\/9930383-Kochbox_Azabache_Daily_CT_Farbe_schwarz-Standard-03.jpg","type":"image\/jpeg"}],"twitter_card":"summary_large_image","twitter_misc":{"Dur\u00e9e de lecture estim\u00e9e":"1 minute"},"schema":{"@context":"https:\/\/schema.org","@graph":[{"@type":"WebPage","@id":"https:\/\/shop.bantam.ch\/fr\/produit\/espace-de-cuisine-azabache-daily-ct-modele-2017\/","url":"https:\/\/shop.bantam.ch\/fr\/produit\/espace-de-cuisine-azabache-daily-ct-modele-2017\/","name":"Meuble cuisine Azabache Daily CT, noir - Bantam","isPartOf":{"@id":"https:\/\/shop.bantam.ch\/fr\/#website"},"primaryImageOfPage":{"@id":"https:\/\/shop.bantam.ch\/fr\/produit\/espace-de-cuisine-azabache-daily-ct-modele-2017\/#primaryimage"},"image":{"@id":"https:\/\/shop.bantam.ch\/fr\/produit\/espace-de-cuisine-azabache-daily-ct-modele-2017\/#primaryimage"},"thumbnailUrl":"https:\/\/shop.bantam.ch\/wp-content\/uploads\/2023\/05\/9930383-Kochbox_Azabache_Daily_CT_Farbe_schwarz-Standard-03.jpg","datePublished":"2023-05-25T12:14:51+00:00","dateModified":"2026-05-10T20:37:12+00:00","breadcrumb":{"@id":"https:\/\/shop.bantam.ch\/fr\/produit\/espace-de-cuisine-azabache-daily-ct-modele-2017\/#breadcrumb"},"inLanguage":"fr-FR","potentialAction":[{"@type":"ReadAction","target":["https:\/\/shop.bantam.ch\/fr\/produit\/espace-de-cuisine-azabache-daily-ct-modele-2017\/"]}]},{"@type":"ImageObject","inLanguage":"fr-FR","@id":"https:\/\/shop.bantam.ch\/fr\/produit\/espace-de-cuisine-azabache-daily-ct-modele-2017\/#primaryimage","url":"https:\/\/shop.bantam.ch\/wp-content\/uploads\/2023\/05\/9930383-Kochbox_Azabache_Daily_CT_Farbe_schwarz-Standard-03.jpg","contentUrl":"https:\/\/shop.bantam.ch\/wp-content\/uploads\/2023\/05\/9930383-Kochbox_Azabache_Daily_CT_Farbe_schwarz-Standard-03.jpg","width":1000,"height":850},{"@type":"BreadcrumbList","@id":"https:\/\/shop.bantam.ch\/fr\/produit\/espace-de-cuisine-azabache-daily-ct-modele-2017\/#breadcrumb","itemListElement":[{"@type":"ListItem","position":1,"name":"Accueil","item":"https:\/\/shop.bantam.ch\/fr\/"},{"@type":"ListItem","position":2,"name":"Boutique","item":"https:\/\/shop.bantam.ch\/fr\/boutique\/"},{"@type":"ListItem","position":3,"name":"Meuble cuisine Azabache Daily CT, noir"}]},{"@type":"WebSite","@id":"https:\/\/shop.bantam.ch\/fr\/#website","url":"https:\/\/shop.bantam.ch\/fr\/","name":"Bantam","description":"","publisher":{"@id":"https:\/\/shop.bantam.ch\/fr\/#organization"},"inLanguage":"fr-FR"},{"@type":"Organization","@id":"https:\/\/shop.bantam.ch\/fr\/#organization","name":"Bantam","url":"https:\/\/shop.bantam.ch\/fr\/","logo":{"@type":"ImageObject","inLanguage":"fr-FR","@id":"https:\/\/shop.bantam.ch\/fr\/#\/schema\/logo\/image\/","url":"https:\/\/shop.bantam.ch\/wp-content\/uploads\/2022\/12\/bantam-logo.png","contentUrl":"https:\/\/shop.bantam.ch\/wp-content\/uploads\/2022\/12\/bantam-logo.png","width":320,"height":71,"caption":"Bantam"},"image":{"@id":"https:\/\/shop.bantam.ch\/fr\/#\/schema\/logo\/image\/"}}]}},"_links":{"self":[{"href":"https:\/\/shop.bantam.ch\/fr\/wp-json\/wp\/v2\/product\/171729","targetHints":{"allow":["GET"]}}],"collection":[{"href":"https:\/\/shop.bantam.ch\/fr\/wp-json\/wp\/v2\/product"}],"about":[{"href":"https:\/\/shop.bantam.ch\/fr\/wp-json\/wp\/v2\/types\/product"}],"wp:featuredmedia":[{"embeddable":true,"href":"https:\/\/shop.bantam.ch\/fr\/wp-json\/wp\/v2\/media\/171723"}],"wp:attachment":[{"href":"https:\/\/shop.bantam.ch\/fr\/wp-json\/wp\/v2\/media?parent=171729"}],"wp:term":[{"taxonomy":"product_featured_cat","embeddable":true,"href":"https:\/\/shop.bantam.ch\/fr\/wp-json\/wp\/v2\/product_featured_cat?post=171729"},{"taxonomy":"product_brand","embeddable":true,"href":"https:\/\/shop.bantam.ch\/fr\/wp-json\/wp\/v2\/product_brand?post=171729"},{"taxonomy":"product_cat","embeddable":true,"href":"https:\/\/shop.bantam.ch\/fr\/wp-json\/wp\/v2\/product_cat?post=171729"},{"taxonomy":"product_tag","embeddable":true,"href":"https:\/\/shop.bantam.ch\/fr\/wp-json\/wp\/v2\/product_tag?post=171729"}],"curies":[{"name":"wp","href":"https:\/\/api.w.org\/{rel}","templated":true}]}}