{"id":171386,"date":"2023-05-25T12:58:58","date_gmt":"2023-05-25T10:58:58","guid":{"rendered":"https:\/\/shop.bantam.ch\/produit\/trappe-de-service-edu-800-blanc\/"},"modified":"2026-04-18T22:39:29","modified_gmt":"2026-04-18T20:39:29","slug":"trappe-de-service-edu-800-blanc","status":"publish","type":"product","link":"https:\/\/shop.bantam.ch\/fr\/produit\/trappe-de-service-edu-800-blanc\/","title":{"rendered":"Ch\u00e2ssis EDU\u00a0800 pour trappe ext\u00e9rieure, mat, blanc"},"content":{"rendered":"<p>Ch\u00e2ssis en plastique avec verrou. La partie d\u00e9coup\u00e9e est ins\u00e9r\u00e9e dans le ch\u00e2ssis pour assurer l\u2019harmonie visuelle entre la trappe et la paroi du v\u00e9hicule. Le ch\u00e2ssis s\u2019adapte \u00e0 l\u2019\u00e9paisseur de la paroi. Un patron de montage et une notice sont fournis pour assurer la pr\u00e9cision de la d\u00e9coupe et du montage.<\/p>\n<ul>\n<li>Dimensions de montage (cm)\u00a0: 80 x 30\n<\/li>\n<li>Dimensions ext\u00e9rieures (cm)\u00a0: 84 x 34,5\n<\/li>\n<li>Ouverture (cm)\u00a0: 78 x 28<\/li>\n<\/ul>\n","protected":false},"excerpt":{"rendered":"<p>Ch\u00e2ssis en plastique avec verrou. La partie d\u00e9coup\u00e9e est ins\u00e9r\u00e9e dans le ch\u00e2ssis pour assurer l\u2019harmonie visuelle entre la trappe et la paroi du v\u00e9hicule. Le ch\u00e2ssis s\u2019adapte \u00e0 l\u2019\u00e9paisseur de la paroi. Un patron de montage et une notice sont fournis pour assurer la pr\u00e9cision de la d\u00e9coupe et du montage. Dimensions de montage [&hellip;]<\/p>\n","protected":false},"featured_media":171384,"template":"","meta":{"_acf_changed":false},"product_featured_cat":[],"product_brand":[3178],"product_cat":[4787],"product_tag":[],"class_list":{"0":"post-171386","1":"product","2":"type-product","3":"status-publish","4":"has-post-thumbnail","6":"product_brand-h-a-b-a","7":"product_cat-trappes-de-service","9":"first","10":"instock","11":"taxable","12":"shipping-taxable","13":"purchasable","14":"product-type-simple"},"acf":[],"yoast_head":"<!-- This site is optimized with the Yoast SEO plugin v27.4 - https:\/\/yoast.com\/product\/yoast-seo-wordpress\/ -->\n<title>Ch\u00e2ssis EDU\u00a0800 pour trappe ext\u00e9rieure, mat, blanc - Bantam Wankm\u00fcller SA<\/title>\n<meta name=\"robots\" content=\"index, follow, max-snippet:-1, max-image-preview:large, max-video-preview:-1\" \/>\n<link rel=\"canonical\" href=\"https:\/\/shop.bantam.ch\/fr\/produit\/trappe-de-service-edu-800-blanc\/\" \/>\n<meta property=\"og:locale\" content=\"fr_FR\" \/>\n<meta property=\"og:type\" content=\"article\" \/>\n<meta property=\"og:title\" content=\"Ch\u00e2ssis EDU\u00a0800 pour trappe ext\u00e9rieure, mat, blanc - Bantam Wankm\u00fcller SA\" \/>\n<meta property=\"og:description\" content=\"Ch\u00e2ssis en plastique avec verrou. La partie d\u00e9coup\u00e9e est ins\u00e9r\u00e9e dans le ch\u00e2ssis pour assurer l\u2019harmonie visuelle entre la trappe et la paroi du v\u00e9hicule. Le ch\u00e2ssis s\u2019adapte \u00e0 l\u2019\u00e9paisseur de la paroi. Un patron de montage et une notice sont fournis pour assurer la pr\u00e9cision de la d\u00e9coupe et du montage. Dimensions de montage [&hellip;]\" \/>\n<meta property=\"og:url\" content=\"https:\/\/shop.bantam.ch\/fr\/produit\/trappe-de-service-edu-800-blanc\/\" \/>\n<meta property=\"og:site_name\" content=\"Bantam Wankm\u00fcller SA\" \/>\n<meta property=\"article:modified_time\" content=\"2026-04-18T20:39:29+00:00\" \/>\n<meta property=\"og:image\" content=\"https:\/\/shop.bantam.ch\/wp-content\/uploads\/2023\/05\/9964701-Serviceklappe_EDU_800_weiss-Standard-01.jpg\" \/>\n\t<meta property=\"og:image:width\" content=\"1000\" \/>\n\t<meta property=\"og:image:height\" content=\"651\" \/>\n\t<meta property=\"og:image:type\" content=\"image\/jpeg\" \/>\n<meta name=\"twitter:card\" content=\"summary_large_image\" \/>\n<script type=\"application\/ld+json\" class=\"yoast-schema-graph\">{\"@context\":\"https:\\\/\\\/schema.org\",\"@graph\":[{\"@type\":\"WebPage\",\"@id\":\"https:\\\/\\\/shop.bantam.ch\\\/fr\\\/produit\\\/trappe-de-service-edu-800-blanc\\\/\",\"url\":\"https:\\\/\\\/shop.bantam.ch\\\/fr\\\/produit\\\/trappe-de-service-edu-800-blanc\\\/\",\"name\":\"Ch\u00e2ssis EDU\u00a0800 pour trappe ext\u00e9rieure, mat, blanc - Bantam Wankm\u00fcller SA\",\"isPartOf\":{\"@id\":\"https:\\\/\\\/shop.bantam.ch\\\/fr\\\/#website\"},\"primaryImageOfPage\":{\"@id\":\"https:\\\/\\\/shop.bantam.ch\\\/fr\\\/produit\\\/trappe-de-service-edu-800-blanc\\\/#primaryimage\"},\"image\":{\"@id\":\"https:\\\/\\\/shop.bantam.ch\\\/fr\\\/produit\\\/trappe-de-service-edu-800-blanc\\\/#primaryimage\"},\"thumbnailUrl\":\"https:\\\/\\\/shop.bantam.ch\\\/wp-content\\\/uploads\\\/2023\\\/05\\\/9964701-Serviceklappe_EDU_800_weiss-Standard-01.jpg\",\"datePublished\":\"2023-05-25T10:58:58+00:00\",\"dateModified\":\"2026-04-18T20:39:29+00:00\",\"breadcrumb\":{\"@id\":\"https:\\\/\\\/shop.bantam.ch\\\/fr\\\/produit\\\/trappe-de-service-edu-800-blanc\\\/#breadcrumb\"},\"inLanguage\":\"fr-FR\",\"potentialAction\":[{\"@type\":\"ReadAction\",\"target\":[\"https:\\\/\\\/shop.bantam.ch\\\/fr\\\/produit\\\/trappe-de-service-edu-800-blanc\\\/\"]}]},{\"@type\":\"ImageObject\",\"inLanguage\":\"fr-FR\",\"@id\":\"https:\\\/\\\/shop.bantam.ch\\\/fr\\\/produit\\\/trappe-de-service-edu-800-blanc\\\/#primaryimage\",\"url\":\"https:\\\/\\\/shop.bantam.ch\\\/wp-content\\\/uploads\\\/2023\\\/05\\\/9964701-Serviceklappe_EDU_800_weiss-Standard-01.jpg\",\"contentUrl\":\"https:\\\/\\\/shop.bantam.ch\\\/wp-content\\\/uploads\\\/2023\\\/05\\\/9964701-Serviceklappe_EDU_800_weiss-Standard-01.jpg\",\"width\":1000,\"height\":651},{\"@type\":\"BreadcrumbList\",\"@id\":\"https:\\\/\\\/shop.bantam.ch\\\/fr\\\/produit\\\/trappe-de-service-edu-800-blanc\\\/#breadcrumb\",\"itemListElement\":[{\"@type\":\"ListItem\",\"position\":1,\"name\":\"Accueil\",\"item\":\"https:\\\/\\\/shop.bantam.ch\\\/fr\\\/\"},{\"@type\":\"ListItem\",\"position\":2,\"name\":\"Boutique\",\"item\":\"https:\\\/\\\/shop.bantam.ch\\\/fr\\\/boutique\\\/\"},{\"@type\":\"ListItem\",\"position\":3,\"name\":\"Ch\u00e2ssis EDU\u00a0800 pour trappe ext\u00e9rieure, mat, blanc\"}]},{\"@type\":\"WebSite\",\"@id\":\"https:\\\/\\\/shop.bantam.ch\\\/fr\\\/#website\",\"url\":\"https:\\\/\\\/shop.bantam.ch\\\/fr\\\/\",\"name\":\"Bantam Wankm\u00fcller SA\",\"description\":\"\",\"publisher\":{\"@id\":\"https:\\\/\\\/shop.bantam.ch\\\/fr\\\/#organization\"},\"inLanguage\":\"fr-FR\"},{\"@type\":\"Organization\",\"@id\":\"https:\\\/\\\/shop.bantam.ch\\\/fr\\\/#organization\",\"name\":\"Bantam Wankm\u00fcller SA\",\"url\":\"https:\\\/\\\/shop.bantam.ch\\\/fr\\\/\",\"logo\":{\"@type\":\"ImageObject\",\"inLanguage\":\"fr-FR\",\"@id\":\"https:\\\/\\\/shop.bantam.ch\\\/fr\\\/#\\\/schema\\\/logo\\\/image\\\/\",\"url\":\"https:\\\/\\\/shop.bantam.ch\\\/wp-content\\\/uploads\\\/2022\\\/12\\\/bantam-logo.png\",\"contentUrl\":\"https:\\\/\\\/shop.bantam.ch\\\/wp-content\\\/uploads\\\/2022\\\/12\\\/bantam-logo.png\",\"width\":320,\"height\":71,\"caption\":\"Bantam Wankm\u00fcller SA\"},\"image\":{\"@id\":\"https:\\\/\\\/shop.bantam.ch\\\/fr\\\/#\\\/schema\\\/logo\\\/image\\\/\"}}]}<\/script>\n<!-- \/ Yoast SEO plugin. -->","yoast_head_json":{"title":"Ch\u00e2ssis EDU\u00a0800 pour trappe ext\u00e9rieure, mat, blanc - Bantam Wankm\u00fcller SA","robots":{"index":"index","follow":"follow","max-snippet":"max-snippet:-1","max-image-preview":"max-image-preview:large","max-video-preview":"max-video-preview:-1"},"canonical":"https:\/\/shop.bantam.ch\/fr\/produit\/trappe-de-service-edu-800-blanc\/","og_locale":"fr_FR","og_type":"article","og_title":"Ch\u00e2ssis EDU\u00a0800 pour trappe ext\u00e9rieure, mat, blanc - Bantam Wankm\u00fcller SA","og_description":"Ch\u00e2ssis en plastique avec verrou. La partie d\u00e9coup\u00e9e est ins\u00e9r\u00e9e dans le ch\u00e2ssis pour assurer l\u2019harmonie visuelle entre la trappe et la paroi du v\u00e9hicule. Le ch\u00e2ssis s\u2019adapte \u00e0 l\u2019\u00e9paisseur de la paroi. Un patron de montage et une notice sont fournis pour assurer la pr\u00e9cision de la d\u00e9coupe et du montage. Dimensions de montage [&hellip;]","og_url":"https:\/\/shop.bantam.ch\/fr\/produit\/trappe-de-service-edu-800-blanc\/","og_site_name":"Bantam Wankm\u00fcller SA","article_modified_time":"2026-04-18T20:39:29+00:00","og_image":[{"width":1000,"height":651,"url":"https:\/\/shop.bantam.ch\/wp-content\/uploads\/2023\/05\/9964701-Serviceklappe_EDU_800_weiss-Standard-01.jpg","type":"image\/jpeg"}],"twitter_card":"summary_large_image","schema":{"@context":"https:\/\/schema.org","@graph":[{"@type":"WebPage","@id":"https:\/\/shop.bantam.ch\/fr\/produit\/trappe-de-service-edu-800-blanc\/","url":"https:\/\/shop.bantam.ch\/fr\/produit\/trappe-de-service-edu-800-blanc\/","name":"Ch\u00e2ssis EDU\u00a0800 pour trappe ext\u00e9rieure, mat, blanc - Bantam Wankm\u00fcller SA","isPartOf":{"@id":"https:\/\/shop.bantam.ch\/fr\/#website"},"primaryImageOfPage":{"@id":"https:\/\/shop.bantam.ch\/fr\/produit\/trappe-de-service-edu-800-blanc\/#primaryimage"},"image":{"@id":"https:\/\/shop.bantam.ch\/fr\/produit\/trappe-de-service-edu-800-blanc\/#primaryimage"},"thumbnailUrl":"https:\/\/shop.bantam.ch\/wp-content\/uploads\/2023\/05\/9964701-Serviceklappe_EDU_800_weiss-Standard-01.jpg","datePublished":"2023-05-25T10:58:58+00:00","dateModified":"2026-04-18T20:39:29+00:00","breadcrumb":{"@id":"https:\/\/shop.bantam.ch\/fr\/produit\/trappe-de-service-edu-800-blanc\/#breadcrumb"},"inLanguage":"fr-FR","potentialAction":[{"@type":"ReadAction","target":["https:\/\/shop.bantam.ch\/fr\/produit\/trappe-de-service-edu-800-blanc\/"]}]},{"@type":"ImageObject","inLanguage":"fr-FR","@id":"https:\/\/shop.bantam.ch\/fr\/produit\/trappe-de-service-edu-800-blanc\/#primaryimage","url":"https:\/\/shop.bantam.ch\/wp-content\/uploads\/2023\/05\/9964701-Serviceklappe_EDU_800_weiss-Standard-01.jpg","contentUrl":"https:\/\/shop.bantam.ch\/wp-content\/uploads\/2023\/05\/9964701-Serviceklappe_EDU_800_weiss-Standard-01.jpg","width":1000,"height":651},{"@type":"BreadcrumbList","@id":"https:\/\/shop.bantam.ch\/fr\/produit\/trappe-de-service-edu-800-blanc\/#breadcrumb","itemListElement":[{"@type":"ListItem","position":1,"name":"Accueil","item":"https:\/\/shop.bantam.ch\/fr\/"},{"@type":"ListItem","position":2,"name":"Boutique","item":"https:\/\/shop.bantam.ch\/fr\/boutique\/"},{"@type":"ListItem","position":3,"name":"Ch\u00e2ssis EDU\u00a0800 pour trappe ext\u00e9rieure, mat, blanc"}]},{"@type":"WebSite","@id":"https:\/\/shop.bantam.ch\/fr\/#website","url":"https:\/\/shop.bantam.ch\/fr\/","name":"Bantam Wankm\u00fcller SA","description":"","publisher":{"@id":"https:\/\/shop.bantam.ch\/fr\/#organization"},"inLanguage":"fr-FR"},{"@type":"Organization","@id":"https:\/\/shop.bantam.ch\/fr\/#organization","name":"Bantam Wankm\u00fcller SA","url":"https:\/\/shop.bantam.ch\/fr\/","logo":{"@type":"ImageObject","inLanguage":"fr-FR","@id":"https:\/\/shop.bantam.ch\/fr\/#\/schema\/logo\/image\/","url":"https:\/\/shop.bantam.ch\/wp-content\/uploads\/2022\/12\/bantam-logo.png","contentUrl":"https:\/\/shop.bantam.ch\/wp-content\/uploads\/2022\/12\/bantam-logo.png","width":320,"height":71,"caption":"Bantam Wankm\u00fcller SA"},"image":{"@id":"https:\/\/shop.bantam.ch\/fr\/#\/schema\/logo\/image\/"}}]}},"_links":{"self":[{"href":"https:\/\/shop.bantam.ch\/fr\/wp-json\/wp\/v2\/product\/171386","targetHints":{"allow":["GET"]}}],"collection":[{"href":"https:\/\/shop.bantam.ch\/fr\/wp-json\/wp\/v2\/product"}],"about":[{"href":"https:\/\/shop.bantam.ch\/fr\/wp-json\/wp\/v2\/types\/product"}],"wp:featuredmedia":[{"embeddable":true,"href":"https:\/\/shop.bantam.ch\/fr\/wp-json\/wp\/v2\/media\/171384"}],"wp:attachment":[{"href":"https:\/\/shop.bantam.ch\/fr\/wp-json\/wp\/v2\/media?parent=171386"}],"wp:term":[{"taxonomy":"product_featured_cat","embeddable":true,"href":"https:\/\/shop.bantam.ch\/fr\/wp-json\/wp\/v2\/product_featured_cat?post=171386"},{"taxonomy":"product_brand","embeddable":true,"href":"https:\/\/shop.bantam.ch\/fr\/wp-json\/wp\/v2\/product_brand?post=171386"},{"taxonomy":"product_cat","embeddable":true,"href":"https:\/\/shop.bantam.ch\/fr\/wp-json\/wp\/v2\/product_cat?post=171386"},{"taxonomy":"product_tag","embeddable":true,"href":"https:\/\/shop.bantam.ch\/fr\/wp-json\/wp\/v2\/product_tag?post=171386"}],"curies":[{"name":"wp","href":"https:\/\/api.w.org\/{rel}","templated":true}]}}