{"id":171382,"date":"2023-05-25T12:58:49","date_gmt":"2023-05-25T10:58:49","guid":{"rendered":"https:\/\/shop.bantam.ch\/produit\/fixation-au-sol-hdk-pour-pp-qube\/"},"modified":"2026-04-18T22:39:29","modified_gmt":"2026-04-18T20:39:29","slug":"fixation-au-sol-hdk-pour-pp-qube","status":"publish","type":"product","link":"https:\/\/shop.bantam.ch\/fr\/produit\/fixation-au-sol-hdk-pour-pp-qube\/","title":{"rendered":"Fixation au sol HDK pour PP Qube"},"content":{"rendered":"<p>Kit de fixation du Porta Potti \u00e0 n\u2019importe quel endroit du sol de votre bateau. Toilette pouvant s\u2019enlever facilement gr\u00e2ce \u00e0 la poign\u00e9e. Gr\u00e2ce \u00e0 ce kit, vos toilettes mobiles restent une alternative confortable et assez abordable par rapport \u00e0 l\u2019installation d\u2019un r\u00e9servoir d\u2019eaux us\u00e9es.<\/p>\n","protected":false},"excerpt":{"rendered":"<p>Kit de fixation du Porta Potti \u00e0 n\u2019importe quel endroit du sol de votre bateau. Toilette pouvant s\u2019enlever facilement gr\u00e2ce \u00e0 la poign\u00e9e. Gr\u00e2ce \u00e0 ce kit, vos toilettes mobiles restent une alternative confortable et assez abordable par rapport \u00e0 l\u2019installation d\u2019un r\u00e9servoir d\u2019eaux us\u00e9es.<\/p>\n","protected":false},"featured_media":171380,"template":"","meta":{"_acf_changed":false},"product_featured_cat":[],"product_brand":[3066],"product_cat":[4107],"product_tag":[],"class_list":{"0":"post-171382","1":"product","2":"type-product","3":"status-publish","4":"has-post-thumbnail","6":"product_brand-thetford","7":"product_cat-accessoires-pour-toilettes-de-camping","9":"first","10":"instock","11":"taxable","12":"shipping-taxable","13":"purchasable","14":"product-type-simple"},"acf":[],"yoast_head":"<!-- This site is optimized with the Yoast SEO plugin v27.4 - https:\/\/yoast.com\/product\/yoast-seo-wordpress\/ -->\n<title>Fixation au sol HDK pour PP Qube - Bantam Wankm\u00fcller SA<\/title>\n<meta name=\"robots\" content=\"index, follow, max-snippet:-1, max-image-preview:large, max-video-preview:-1\" \/>\n<link rel=\"canonical\" href=\"https:\/\/shop.bantam.ch\/fr\/produit\/fixation-au-sol-hdk-pour-pp-qube\/\" \/>\n<meta property=\"og:locale\" content=\"fr_FR\" \/>\n<meta property=\"og:type\" content=\"article\" \/>\n<meta property=\"og:title\" content=\"Fixation au sol HDK pour PP Qube - Bantam Wankm\u00fcller SA\" \/>\n<meta property=\"og:description\" content=\"Kit de fixation du Porta Potti \u00e0 n\u2019importe quel endroit du sol de votre bateau. Toilette pouvant s\u2019enlever facilement gr\u00e2ce \u00e0 la poign\u00e9e. Gr\u00e2ce \u00e0 ce kit, vos toilettes mobiles restent une alternative confortable et assez abordable par rapport \u00e0 l\u2019installation d\u2019un r\u00e9servoir d\u2019eaux us\u00e9es.\" \/>\n<meta property=\"og:url\" content=\"https:\/\/shop.bantam.ch\/fr\/produit\/fixation-au-sol-hdk-pour-pp-qube\/\" \/>\n<meta property=\"og:site_name\" content=\"Bantam Wankm\u00fcller SA\" \/>\n<meta property=\"article:modified_time\" content=\"2026-04-18T20:39:29+00:00\" \/>\n<meta property=\"og:image\" content=\"https:\/\/shop.bantam.ch\/wp-content\/uploads\/2023\/05\/9906539-Bodenbefestigung_fuer_Porta_Potti_Qube_-Standard-01.jpg\" \/>\n\t<meta property=\"og:image:width\" content=\"1000\" \/>\n\t<meta property=\"og:image:height\" content=\"873\" \/>\n\t<meta property=\"og:image:type\" content=\"image\/jpeg\" \/>\n<meta name=\"twitter:card\" content=\"summary_large_image\" \/>\n<script type=\"application\/ld+json\" class=\"yoast-schema-graph\">{\"@context\":\"https:\\\/\\\/schema.org\",\"@graph\":[{\"@type\":\"WebPage\",\"@id\":\"https:\\\/\\\/shop.bantam.ch\\\/fr\\\/produit\\\/fixation-au-sol-hdk-pour-pp-qube\\\/\",\"url\":\"https:\\\/\\\/shop.bantam.ch\\\/fr\\\/produit\\\/fixation-au-sol-hdk-pour-pp-qube\\\/\",\"name\":\"Fixation au sol HDK pour PP Qube - Bantam Wankm\u00fcller SA\",\"isPartOf\":{\"@id\":\"https:\\\/\\\/shop.bantam.ch\\\/fr\\\/#website\"},\"primaryImageOfPage\":{\"@id\":\"https:\\\/\\\/shop.bantam.ch\\\/fr\\\/produit\\\/fixation-au-sol-hdk-pour-pp-qube\\\/#primaryimage\"},\"image\":{\"@id\":\"https:\\\/\\\/shop.bantam.ch\\\/fr\\\/produit\\\/fixation-au-sol-hdk-pour-pp-qube\\\/#primaryimage\"},\"thumbnailUrl\":\"https:\\\/\\\/shop.bantam.ch\\\/wp-content\\\/uploads\\\/2023\\\/05\\\/9906539-Bodenbefestigung_fuer_Porta_Potti_Qube_-Standard-01.jpg\",\"datePublished\":\"2023-05-25T10:58:49+00:00\",\"dateModified\":\"2026-04-18T20:39:29+00:00\",\"breadcrumb\":{\"@id\":\"https:\\\/\\\/shop.bantam.ch\\\/fr\\\/produit\\\/fixation-au-sol-hdk-pour-pp-qube\\\/#breadcrumb\"},\"inLanguage\":\"fr-FR\",\"potentialAction\":[{\"@type\":\"ReadAction\",\"target\":[\"https:\\\/\\\/shop.bantam.ch\\\/fr\\\/produit\\\/fixation-au-sol-hdk-pour-pp-qube\\\/\"]}]},{\"@type\":\"ImageObject\",\"inLanguage\":\"fr-FR\",\"@id\":\"https:\\\/\\\/shop.bantam.ch\\\/fr\\\/produit\\\/fixation-au-sol-hdk-pour-pp-qube\\\/#primaryimage\",\"url\":\"https:\\\/\\\/shop.bantam.ch\\\/wp-content\\\/uploads\\\/2023\\\/05\\\/9906539-Bodenbefestigung_fuer_Porta_Potti_Qube_-Standard-01.jpg\",\"contentUrl\":\"https:\\\/\\\/shop.bantam.ch\\\/wp-content\\\/uploads\\\/2023\\\/05\\\/9906539-Bodenbefestigung_fuer_Porta_Potti_Qube_-Standard-01.jpg\",\"width\":1000,\"height\":873},{\"@type\":\"BreadcrumbList\",\"@id\":\"https:\\\/\\\/shop.bantam.ch\\\/fr\\\/produit\\\/fixation-au-sol-hdk-pour-pp-qube\\\/#breadcrumb\",\"itemListElement\":[{\"@type\":\"ListItem\",\"position\":1,\"name\":\"Accueil\",\"item\":\"https:\\\/\\\/shop.bantam.ch\\\/fr\\\/\"},{\"@type\":\"ListItem\",\"position\":2,\"name\":\"Boutique\",\"item\":\"https:\\\/\\\/shop.bantam.ch\\\/fr\\\/boutique\\\/\"},{\"@type\":\"ListItem\",\"position\":3,\"name\":\"Fixation au sol HDK pour PP Qube\"}]},{\"@type\":\"WebSite\",\"@id\":\"https:\\\/\\\/shop.bantam.ch\\\/fr\\\/#website\",\"url\":\"https:\\\/\\\/shop.bantam.ch\\\/fr\\\/\",\"name\":\"Bantam Wankm\u00fcller SA\",\"description\":\"\",\"publisher\":{\"@id\":\"https:\\\/\\\/shop.bantam.ch\\\/fr\\\/#organization\"},\"inLanguage\":\"fr-FR\"},{\"@type\":\"Organization\",\"@id\":\"https:\\\/\\\/shop.bantam.ch\\\/fr\\\/#organization\",\"name\":\"Bantam Wankm\u00fcller SA\",\"url\":\"https:\\\/\\\/shop.bantam.ch\\\/fr\\\/\",\"logo\":{\"@type\":\"ImageObject\",\"inLanguage\":\"fr-FR\",\"@id\":\"https:\\\/\\\/shop.bantam.ch\\\/fr\\\/#\\\/schema\\\/logo\\\/image\\\/\",\"url\":\"https:\\\/\\\/shop.bantam.ch\\\/wp-content\\\/uploads\\\/2022\\\/12\\\/bantam-logo.png\",\"contentUrl\":\"https:\\\/\\\/shop.bantam.ch\\\/wp-content\\\/uploads\\\/2022\\\/12\\\/bantam-logo.png\",\"width\":320,\"height\":71,\"caption\":\"Bantam Wankm\u00fcller SA\"},\"image\":{\"@id\":\"https:\\\/\\\/shop.bantam.ch\\\/fr\\\/#\\\/schema\\\/logo\\\/image\\\/\"}}]}<\/script>\n<!-- \/ Yoast SEO plugin. -->","yoast_head_json":{"title":"Fixation au sol HDK pour PP Qube - Bantam Wankm\u00fcller SA","robots":{"index":"index","follow":"follow","max-snippet":"max-snippet:-1","max-image-preview":"max-image-preview:large","max-video-preview":"max-video-preview:-1"},"canonical":"https:\/\/shop.bantam.ch\/fr\/produit\/fixation-au-sol-hdk-pour-pp-qube\/","og_locale":"fr_FR","og_type":"article","og_title":"Fixation au sol HDK pour PP Qube - Bantam Wankm\u00fcller SA","og_description":"Kit de fixation du Porta Potti \u00e0 n\u2019importe quel endroit du sol de votre bateau. Toilette pouvant s\u2019enlever facilement gr\u00e2ce \u00e0 la poign\u00e9e. Gr\u00e2ce \u00e0 ce kit, vos toilettes mobiles restent une alternative confortable et assez abordable par rapport \u00e0 l\u2019installation d\u2019un r\u00e9servoir d\u2019eaux us\u00e9es.","og_url":"https:\/\/shop.bantam.ch\/fr\/produit\/fixation-au-sol-hdk-pour-pp-qube\/","og_site_name":"Bantam Wankm\u00fcller SA","article_modified_time":"2026-04-18T20:39:29+00:00","og_image":[{"width":1000,"height":873,"url":"https:\/\/shop.bantam.ch\/wp-content\/uploads\/2023\/05\/9906539-Bodenbefestigung_fuer_Porta_Potti_Qube_-Standard-01.jpg","type":"image\/jpeg"}],"twitter_card":"summary_large_image","schema":{"@context":"https:\/\/schema.org","@graph":[{"@type":"WebPage","@id":"https:\/\/shop.bantam.ch\/fr\/produit\/fixation-au-sol-hdk-pour-pp-qube\/","url":"https:\/\/shop.bantam.ch\/fr\/produit\/fixation-au-sol-hdk-pour-pp-qube\/","name":"Fixation au sol HDK pour PP Qube - Bantam Wankm\u00fcller SA","isPartOf":{"@id":"https:\/\/shop.bantam.ch\/fr\/#website"},"primaryImageOfPage":{"@id":"https:\/\/shop.bantam.ch\/fr\/produit\/fixation-au-sol-hdk-pour-pp-qube\/#primaryimage"},"image":{"@id":"https:\/\/shop.bantam.ch\/fr\/produit\/fixation-au-sol-hdk-pour-pp-qube\/#primaryimage"},"thumbnailUrl":"https:\/\/shop.bantam.ch\/wp-content\/uploads\/2023\/05\/9906539-Bodenbefestigung_fuer_Porta_Potti_Qube_-Standard-01.jpg","datePublished":"2023-05-25T10:58:49+00:00","dateModified":"2026-04-18T20:39:29+00:00","breadcrumb":{"@id":"https:\/\/shop.bantam.ch\/fr\/produit\/fixation-au-sol-hdk-pour-pp-qube\/#breadcrumb"},"inLanguage":"fr-FR","potentialAction":[{"@type":"ReadAction","target":["https:\/\/shop.bantam.ch\/fr\/produit\/fixation-au-sol-hdk-pour-pp-qube\/"]}]},{"@type":"ImageObject","inLanguage":"fr-FR","@id":"https:\/\/shop.bantam.ch\/fr\/produit\/fixation-au-sol-hdk-pour-pp-qube\/#primaryimage","url":"https:\/\/shop.bantam.ch\/wp-content\/uploads\/2023\/05\/9906539-Bodenbefestigung_fuer_Porta_Potti_Qube_-Standard-01.jpg","contentUrl":"https:\/\/shop.bantam.ch\/wp-content\/uploads\/2023\/05\/9906539-Bodenbefestigung_fuer_Porta_Potti_Qube_-Standard-01.jpg","width":1000,"height":873},{"@type":"BreadcrumbList","@id":"https:\/\/shop.bantam.ch\/fr\/produit\/fixation-au-sol-hdk-pour-pp-qube\/#breadcrumb","itemListElement":[{"@type":"ListItem","position":1,"name":"Accueil","item":"https:\/\/shop.bantam.ch\/fr\/"},{"@type":"ListItem","position":2,"name":"Boutique","item":"https:\/\/shop.bantam.ch\/fr\/boutique\/"},{"@type":"ListItem","position":3,"name":"Fixation au sol HDK pour PP Qube"}]},{"@type":"WebSite","@id":"https:\/\/shop.bantam.ch\/fr\/#website","url":"https:\/\/shop.bantam.ch\/fr\/","name":"Bantam Wankm\u00fcller SA","description":"","publisher":{"@id":"https:\/\/shop.bantam.ch\/fr\/#organization"},"inLanguage":"fr-FR"},{"@type":"Organization","@id":"https:\/\/shop.bantam.ch\/fr\/#organization","name":"Bantam Wankm\u00fcller SA","url":"https:\/\/shop.bantam.ch\/fr\/","logo":{"@type":"ImageObject","inLanguage":"fr-FR","@id":"https:\/\/shop.bantam.ch\/fr\/#\/schema\/logo\/image\/","url":"https:\/\/shop.bantam.ch\/wp-content\/uploads\/2022\/12\/bantam-logo.png","contentUrl":"https:\/\/shop.bantam.ch\/wp-content\/uploads\/2022\/12\/bantam-logo.png","width":320,"height":71,"caption":"Bantam Wankm\u00fcller SA"},"image":{"@id":"https:\/\/shop.bantam.ch\/fr\/#\/schema\/logo\/image\/"}}]}},"_links":{"self":[{"href":"https:\/\/shop.bantam.ch\/fr\/wp-json\/wp\/v2\/product\/171382","targetHints":{"allow":["GET"]}}],"collection":[{"href":"https:\/\/shop.bantam.ch\/fr\/wp-json\/wp\/v2\/product"}],"about":[{"href":"https:\/\/shop.bantam.ch\/fr\/wp-json\/wp\/v2\/types\/product"}],"wp:featuredmedia":[{"embeddable":true,"href":"https:\/\/shop.bantam.ch\/fr\/wp-json\/wp\/v2\/media\/171380"}],"wp:attachment":[{"href":"https:\/\/shop.bantam.ch\/fr\/wp-json\/wp\/v2\/media?parent=171382"}],"wp:term":[{"taxonomy":"product_featured_cat","embeddable":true,"href":"https:\/\/shop.bantam.ch\/fr\/wp-json\/wp\/v2\/product_featured_cat?post=171382"},{"taxonomy":"product_brand","embeddable":true,"href":"https:\/\/shop.bantam.ch\/fr\/wp-json\/wp\/v2\/product_brand?post=171382"},{"taxonomy":"product_cat","embeddable":true,"href":"https:\/\/shop.bantam.ch\/fr\/wp-json\/wp\/v2\/product_cat?post=171382"},{"taxonomy":"product_tag","embeddable":true,"href":"https:\/\/shop.bantam.ch\/fr\/wp-json\/wp\/v2\/product_tag?post=171382"}],"curies":[{"name":"wp","href":"https:\/\/api.w.org\/{rel}","templated":true}]}}