{"id":170912,"date":"2023-05-25T12:38:53","date_gmt":"2023-05-25T10:38:53","guid":{"rendered":"https:\/\/shop.bantam.ch\/produit\/pompe-a-eau-sous-pression-classic-serie-12-v-100-l-31-bar\/"},"modified":"2026-05-01T22:33:03","modified_gmt":"2026-05-01T20:33:03","slug":"pompe-a-eau-sous-pression-classic-serie-12-v-100-l-31-bar","status":"publish","type":"product","link":"https:\/\/shop.bantam.ch\/fr\/produit\/pompe-a-eau-sous-pression-classic-serie-12-v-100-l-31-bar\/","title":{"rendered":"Lilie by Shurflo Pompe \u00e0 pression automatique Serie classic Whisper King"},"content":{"rendered":"<p>Pompe sous pression silencieuse avec d\u00e9bit \u00e9lev\u00e9. Le bruit est att\u00e9nu\u00e9 gr\u00e2ce \u00e0 un mat\u00e9riau insonorisant pour le support et la plaque de fond et gr\u00e2ce \u00e0 des joints sp\u00e9ciaux entre la t\u00eate de pompe et le moteur. Le pressostat optimis\u00e9 assure des cycles d\u2018allumage plus longs. La dur\u00e9e de vie de la pompe est ainsi augment\u00e9e tout en \u00e9conomisant de l\u2018\u00e9lectricit\u00e9.<\/p>\n<p>Contenu de la livraison : <br \/>deux embouts de 12 mm droit et coud\u00e9 inclus<\/p>\n<ul>\n<li>Consommation \u00e9lectrique\u00a0: 5,5 A<\/li>\n<li>Amorce automatique jusqu\u2018\u00e0 3,1 m de haut<\/li>\n<\/ul>\n","protected":false},"excerpt":{"rendered":"<p>Pompe sous pression silencieuse avec d\u00e9bit \u00e9lev\u00e9. Le bruit est att\u00e9nu\u00e9 gr\u00e2ce \u00e0 un mat\u00e9riau insonorisant pour le support et la plaque de fond et gr\u00e2ce \u00e0 des joints sp\u00e9ciaux entre la t\u00eate de pompe et le moteur. Le pressostat optimis\u00e9 assure des cycles d\u2018allumage plus longs. La dur\u00e9e de vie de la pompe est [&hellip;]<\/p>\n","protected":false},"featured_media":170910,"template":"","meta":{"_acf_changed":false},"product_featured_cat":[],"product_brand":[3108],"product_cat":[4629],"product_tag":[],"class_list":{"0":"post-170912","1":"product","2":"type-product","3":"status-publish","4":"has-post-thumbnail","6":"product_brand-lilie","7":"product_cat-pompes-a-eau-sous-pression","9":"first","10":"instock","11":"taxable","12":"shipping-taxable","13":"purchasable","14":"product-type-simple"},"acf":[],"yoast_head":"<!-- This site is optimized with the Yoast SEO plugin v27.5 - https:\/\/yoast.com\/product\/yoast-seo-wordpress\/ -->\n<title>Lilie by Shurflo Pompe \u00e0 pression automatique Serie classic Whisper King - Bantam<\/title>\n<meta name=\"robots\" content=\"index, follow, max-snippet:-1, max-image-preview:large, max-video-preview:-1\" \/>\n<link rel=\"canonical\" href=\"https:\/\/shop.bantam.ch\/fr\/produit\/pompe-a-eau-sous-pression-classic-serie-12-v-100-l-31-bar\/\" \/>\n<meta property=\"og:locale\" content=\"fr_FR\" \/>\n<meta property=\"og:type\" content=\"article\" \/>\n<meta property=\"og:title\" content=\"Lilie by Shurflo Pompe \u00e0 pression automatique Serie classic Whisper King - Bantam\" \/>\n<meta property=\"og:description\" content=\"Pompe sous pression silencieuse avec d\u00e9bit \u00e9lev\u00e9. Le bruit est att\u00e9nu\u00e9 gr\u00e2ce \u00e0 un mat\u00e9riau insonorisant pour le support et la plaque de fond et gr\u00e2ce \u00e0 des joints sp\u00e9ciaux entre la t\u00eate de pompe et le moteur. Le pressostat optimis\u00e9 assure des cycles d\u2018allumage plus longs. La dur\u00e9e de vie de la pompe est [&hellip;]\" \/>\n<meta property=\"og:url\" content=\"https:\/\/shop.bantam.ch\/fr\/produit\/pompe-a-eau-sous-pression-classic-serie-12-v-100-l-31-bar\/\" \/>\n<meta property=\"og:site_name\" content=\"Bantam\" \/>\n<meta property=\"article:modified_time\" content=\"2026-05-01T20:33:03+00:00\" \/>\n<meta property=\"og:image\" content=\"https:\/\/shop.bantam.ch\/wp-content\/uploads\/2023\/05\/9912786-Lilie_by_Shurflo_Druckwasser-_pumpe_Classic_Serie_Whisper_King-Standard-01.jpg\" \/>\n\t<meta property=\"og:image:width\" content=\"1000\" \/>\n\t<meta property=\"og:image:height\" content=\"663\" \/>\n\t<meta property=\"og:image:type\" content=\"image\/jpeg\" \/>\n<meta name=\"twitter:card\" content=\"summary_large_image\" \/>\n<script type=\"application\/ld+json\" class=\"yoast-schema-graph\">{\"@context\":\"https:\\\/\\\/schema.org\",\"@graph\":[{\"@type\":\"WebPage\",\"@id\":\"https:\\\/\\\/shop.bantam.ch\\\/fr\\\/produit\\\/pompe-a-eau-sous-pression-classic-serie-12-v-100-l-31-bar\\\/\",\"url\":\"https:\\\/\\\/shop.bantam.ch\\\/fr\\\/produit\\\/pompe-a-eau-sous-pression-classic-serie-12-v-100-l-31-bar\\\/\",\"name\":\"Lilie by Shurflo Pompe \u00e0 pression automatique Serie classic Whisper King - Bantam\",\"isPartOf\":{\"@id\":\"https:\\\/\\\/shop.bantam.ch\\\/fr\\\/#website\"},\"primaryImageOfPage\":{\"@id\":\"https:\\\/\\\/shop.bantam.ch\\\/fr\\\/produit\\\/pompe-a-eau-sous-pression-classic-serie-12-v-100-l-31-bar\\\/#primaryimage\"},\"image\":{\"@id\":\"https:\\\/\\\/shop.bantam.ch\\\/fr\\\/produit\\\/pompe-a-eau-sous-pression-classic-serie-12-v-100-l-31-bar\\\/#primaryimage\"},\"thumbnailUrl\":\"https:\\\/\\\/shop.bantam.ch\\\/wp-content\\\/uploads\\\/2023\\\/05\\\/9912786-Lilie_by_Shurflo_Druckwasser-_pumpe_Classic_Serie_Whisper_King-Standard-01.jpg\",\"datePublished\":\"2023-05-25T10:38:53+00:00\",\"dateModified\":\"2026-05-01T20:33:03+00:00\",\"breadcrumb\":{\"@id\":\"https:\\\/\\\/shop.bantam.ch\\\/fr\\\/produit\\\/pompe-a-eau-sous-pression-classic-serie-12-v-100-l-31-bar\\\/#breadcrumb\"},\"inLanguage\":\"fr-FR\",\"potentialAction\":[{\"@type\":\"ReadAction\",\"target\":[\"https:\\\/\\\/shop.bantam.ch\\\/fr\\\/produit\\\/pompe-a-eau-sous-pression-classic-serie-12-v-100-l-31-bar\\\/\"]}]},{\"@type\":\"ImageObject\",\"inLanguage\":\"fr-FR\",\"@id\":\"https:\\\/\\\/shop.bantam.ch\\\/fr\\\/produit\\\/pompe-a-eau-sous-pression-classic-serie-12-v-100-l-31-bar\\\/#primaryimage\",\"url\":\"https:\\\/\\\/shop.bantam.ch\\\/wp-content\\\/uploads\\\/2023\\\/05\\\/9912786-Lilie_by_Shurflo_Druckwasser-_pumpe_Classic_Serie_Whisper_King-Standard-01.jpg\",\"contentUrl\":\"https:\\\/\\\/shop.bantam.ch\\\/wp-content\\\/uploads\\\/2023\\\/05\\\/9912786-Lilie_by_Shurflo_Druckwasser-_pumpe_Classic_Serie_Whisper_King-Standard-01.jpg\",\"width\":1000,\"height\":663},{\"@type\":\"BreadcrumbList\",\"@id\":\"https:\\\/\\\/shop.bantam.ch\\\/fr\\\/produit\\\/pompe-a-eau-sous-pression-classic-serie-12-v-100-l-31-bar\\\/#breadcrumb\",\"itemListElement\":[{\"@type\":\"ListItem\",\"position\":1,\"name\":\"Accueil\",\"item\":\"https:\\\/\\\/shop.bantam.ch\\\/fr\\\/\"},{\"@type\":\"ListItem\",\"position\":2,\"name\":\"Boutique\",\"item\":\"https:\\\/\\\/shop.bantam.ch\\\/fr\\\/boutique\\\/\"},{\"@type\":\"ListItem\",\"position\":3,\"name\":\"Lilie by Shurflo Pompe \u00e0 pression automatique Serie classic Whisper King\"}]},{\"@type\":\"WebSite\",\"@id\":\"https:\\\/\\\/shop.bantam.ch\\\/fr\\\/#website\",\"url\":\"https:\\\/\\\/shop.bantam.ch\\\/fr\\\/\",\"name\":\"Bantam\",\"description\":\"\",\"publisher\":{\"@id\":\"https:\\\/\\\/shop.bantam.ch\\\/fr\\\/#organization\"},\"inLanguage\":\"fr-FR\"},{\"@type\":\"Organization\",\"@id\":\"https:\\\/\\\/shop.bantam.ch\\\/fr\\\/#organization\",\"name\":\"Bantam\",\"url\":\"https:\\\/\\\/shop.bantam.ch\\\/fr\\\/\",\"logo\":{\"@type\":\"ImageObject\",\"inLanguage\":\"fr-FR\",\"@id\":\"https:\\\/\\\/shop.bantam.ch\\\/fr\\\/#\\\/schema\\\/logo\\\/image\\\/\",\"url\":\"https:\\\/\\\/shop.bantam.ch\\\/wp-content\\\/uploads\\\/2022\\\/12\\\/bantam-logo.png\",\"contentUrl\":\"https:\\\/\\\/shop.bantam.ch\\\/wp-content\\\/uploads\\\/2022\\\/12\\\/bantam-logo.png\",\"width\":320,\"height\":71,\"caption\":\"Bantam\"},\"image\":{\"@id\":\"https:\\\/\\\/shop.bantam.ch\\\/fr\\\/#\\\/schema\\\/logo\\\/image\\\/\"}}]}<\/script>\n<!-- \/ Yoast SEO plugin. -->","yoast_head_json":{"title":"Lilie by Shurflo Pompe \u00e0 pression automatique Serie classic Whisper King - Bantam","robots":{"index":"index","follow":"follow","max-snippet":"max-snippet:-1","max-image-preview":"max-image-preview:large","max-video-preview":"max-video-preview:-1"},"canonical":"https:\/\/shop.bantam.ch\/fr\/produit\/pompe-a-eau-sous-pression-classic-serie-12-v-100-l-31-bar\/","og_locale":"fr_FR","og_type":"article","og_title":"Lilie by Shurflo Pompe \u00e0 pression automatique Serie classic Whisper King - Bantam","og_description":"Pompe sous pression silencieuse avec d\u00e9bit \u00e9lev\u00e9. Le bruit est att\u00e9nu\u00e9 gr\u00e2ce \u00e0 un mat\u00e9riau insonorisant pour le support et la plaque de fond et gr\u00e2ce \u00e0 des joints sp\u00e9ciaux entre la t\u00eate de pompe et le moteur. Le pressostat optimis\u00e9 assure des cycles d\u2018allumage plus longs. La dur\u00e9e de vie de la pompe est [&hellip;]","og_url":"https:\/\/shop.bantam.ch\/fr\/produit\/pompe-a-eau-sous-pression-classic-serie-12-v-100-l-31-bar\/","og_site_name":"Bantam","article_modified_time":"2026-05-01T20:33:03+00:00","og_image":[{"width":1000,"height":663,"url":"https:\/\/shop.bantam.ch\/wp-content\/uploads\/2023\/05\/9912786-Lilie_by_Shurflo_Druckwasser-_pumpe_Classic_Serie_Whisper_King-Standard-01.jpg","type":"image\/jpeg"}],"twitter_card":"summary_large_image","schema":{"@context":"https:\/\/schema.org","@graph":[{"@type":"WebPage","@id":"https:\/\/shop.bantam.ch\/fr\/produit\/pompe-a-eau-sous-pression-classic-serie-12-v-100-l-31-bar\/","url":"https:\/\/shop.bantam.ch\/fr\/produit\/pompe-a-eau-sous-pression-classic-serie-12-v-100-l-31-bar\/","name":"Lilie by Shurflo Pompe \u00e0 pression automatique Serie classic Whisper King - Bantam","isPartOf":{"@id":"https:\/\/shop.bantam.ch\/fr\/#website"},"primaryImageOfPage":{"@id":"https:\/\/shop.bantam.ch\/fr\/produit\/pompe-a-eau-sous-pression-classic-serie-12-v-100-l-31-bar\/#primaryimage"},"image":{"@id":"https:\/\/shop.bantam.ch\/fr\/produit\/pompe-a-eau-sous-pression-classic-serie-12-v-100-l-31-bar\/#primaryimage"},"thumbnailUrl":"https:\/\/shop.bantam.ch\/wp-content\/uploads\/2023\/05\/9912786-Lilie_by_Shurflo_Druckwasser-_pumpe_Classic_Serie_Whisper_King-Standard-01.jpg","datePublished":"2023-05-25T10:38:53+00:00","dateModified":"2026-05-01T20:33:03+00:00","breadcrumb":{"@id":"https:\/\/shop.bantam.ch\/fr\/produit\/pompe-a-eau-sous-pression-classic-serie-12-v-100-l-31-bar\/#breadcrumb"},"inLanguage":"fr-FR","potentialAction":[{"@type":"ReadAction","target":["https:\/\/shop.bantam.ch\/fr\/produit\/pompe-a-eau-sous-pression-classic-serie-12-v-100-l-31-bar\/"]}]},{"@type":"ImageObject","inLanguage":"fr-FR","@id":"https:\/\/shop.bantam.ch\/fr\/produit\/pompe-a-eau-sous-pression-classic-serie-12-v-100-l-31-bar\/#primaryimage","url":"https:\/\/shop.bantam.ch\/wp-content\/uploads\/2023\/05\/9912786-Lilie_by_Shurflo_Druckwasser-_pumpe_Classic_Serie_Whisper_King-Standard-01.jpg","contentUrl":"https:\/\/shop.bantam.ch\/wp-content\/uploads\/2023\/05\/9912786-Lilie_by_Shurflo_Druckwasser-_pumpe_Classic_Serie_Whisper_King-Standard-01.jpg","width":1000,"height":663},{"@type":"BreadcrumbList","@id":"https:\/\/shop.bantam.ch\/fr\/produit\/pompe-a-eau-sous-pression-classic-serie-12-v-100-l-31-bar\/#breadcrumb","itemListElement":[{"@type":"ListItem","position":1,"name":"Accueil","item":"https:\/\/shop.bantam.ch\/fr\/"},{"@type":"ListItem","position":2,"name":"Boutique","item":"https:\/\/shop.bantam.ch\/fr\/boutique\/"},{"@type":"ListItem","position":3,"name":"Lilie by Shurflo Pompe \u00e0 pression automatique Serie classic Whisper King"}]},{"@type":"WebSite","@id":"https:\/\/shop.bantam.ch\/fr\/#website","url":"https:\/\/shop.bantam.ch\/fr\/","name":"Bantam","description":"","publisher":{"@id":"https:\/\/shop.bantam.ch\/fr\/#organization"},"inLanguage":"fr-FR"},{"@type":"Organization","@id":"https:\/\/shop.bantam.ch\/fr\/#organization","name":"Bantam","url":"https:\/\/shop.bantam.ch\/fr\/","logo":{"@type":"ImageObject","inLanguage":"fr-FR","@id":"https:\/\/shop.bantam.ch\/fr\/#\/schema\/logo\/image\/","url":"https:\/\/shop.bantam.ch\/wp-content\/uploads\/2022\/12\/bantam-logo.png","contentUrl":"https:\/\/shop.bantam.ch\/wp-content\/uploads\/2022\/12\/bantam-logo.png","width":320,"height":71,"caption":"Bantam"},"image":{"@id":"https:\/\/shop.bantam.ch\/fr\/#\/schema\/logo\/image\/"}}]}},"_links":{"self":[{"href":"https:\/\/shop.bantam.ch\/fr\/wp-json\/wp\/v2\/product\/170912","targetHints":{"allow":["GET"]}}],"collection":[{"href":"https:\/\/shop.bantam.ch\/fr\/wp-json\/wp\/v2\/product"}],"about":[{"href":"https:\/\/shop.bantam.ch\/fr\/wp-json\/wp\/v2\/types\/product"}],"wp:featuredmedia":[{"embeddable":true,"href":"https:\/\/shop.bantam.ch\/fr\/wp-json\/wp\/v2\/media\/170910"}],"wp:attachment":[{"href":"https:\/\/shop.bantam.ch\/fr\/wp-json\/wp\/v2\/media?parent=170912"}],"wp:term":[{"taxonomy":"product_featured_cat","embeddable":true,"href":"https:\/\/shop.bantam.ch\/fr\/wp-json\/wp\/v2\/product_featured_cat?post=170912"},{"taxonomy":"product_brand","embeddable":true,"href":"https:\/\/shop.bantam.ch\/fr\/wp-json\/wp\/v2\/product_brand?post=170912"},{"taxonomy":"product_cat","embeddable":true,"href":"https:\/\/shop.bantam.ch\/fr\/wp-json\/wp\/v2\/product_cat?post=170912"},{"taxonomy":"product_tag","embeddable":true,"href":"https:\/\/shop.bantam.ch\/fr\/wp-json\/wp\/v2\/product_tag?post=170912"}],"curies":[{"name":"wp","href":"https:\/\/api.w.org\/{rel}","templated":true}]}}