{"id":170826,"date":"2023-05-25T12:35:50","date_gmt":"2023-05-25T10:35:50","guid":{"rendered":"https:\/\/shop.bantam.ch\/produit\/led-raintec-rt100-fiat-ducato\/"},"modified":"2026-04-19T00:42:23","modified_gmt":"2026-04-18T22:42:23","slug":"led-raintec-rt100-fiat-ducato","status":"publish","type":"product","link":"https:\/\/shop.bantam.ch\/fr\/produit\/led-raintec-rt100-fiat-ducato\/","title":{"rendered":"LED RainTec RT100, Fiat Ducato"},"content":{"rendered":"<p>Parfaite \u00e9vacuation de l&rsquo;eau de pluie avec \u00e9clairage ext\u00e9rieur<br \/>Tous ceux qui ont ouvert leur porte coulissante alors qu\u2018il pleuvait connaissent le ph\u00e9nom\u00e8ne de la douche automatique. Pour \u00e9viter ce c\u00f4t\u00e9 d\u00e9sagr\u00e9able, Dometic a maintenant d\u00e9velopp\u00e9 une goutti\u00e8re \u00e0 installer ult\u00e9rieurement sur les fourgons. Elle \u00e9vacue l\u2018eau de pluie sur les c\u00f4t\u00e9s et est \u00e9quip\u00e9e d\u2018une barrette lumineuse \u00e0 LED. Le probl\u00e8me de l\u2018\u00e9clairage de nuit manquant est ainsi r\u00e9solu de mani\u00e8re \u00e9l\u00e9gante !<\/p>\n","protected":false},"excerpt":{"rendered":"<p>Parfaite \u00e9vacuation de l&rsquo;eau de pluie avec \u00e9clairage ext\u00e9rieurTous ceux qui ont ouvert leur porte coulissante alors qu\u2018il pleuvait connaissent le ph\u00e9nom\u00e8ne de la douche automatique. Pour \u00e9viter ce c\u00f4t\u00e9 d\u00e9sagr\u00e9able, Dometic a maintenant d\u00e9velopp\u00e9 une goutti\u00e8re \u00e0 installer ult\u00e9rieurement sur les fourgons. Elle \u00e9vacue l\u2018eau de pluie sur les c\u00f4t\u00e9s et est \u00e9quip\u00e9e d\u2018une [&hellip;]<\/p>\n","protected":false},"featured_media":170818,"template":"","meta":{"_acf_changed":false},"product_featured_cat":[],"product_brand":[3028],"product_cat":[5121],"product_tag":[],"class_list":{"0":"post-170826","1":"product","2":"type-product","3":"status-publish","4":"has-post-thumbnail","6":"product_brand-dometic","7":"product_cat-stores-eclairage","9":"first","10":"instock","11":"taxable","12":"shipping-taxable","13":"purchasable","14":"product-type-variable"},"acf":[],"yoast_head":"<!-- This site is optimized with the Yoast SEO plugin v27.4 - https:\/\/yoast.com\/product\/yoast-seo-wordpress\/ -->\n<title>LED RainTec RT100, Fiat Ducato - Bantam Wankm\u00fcller SA<\/title>\n<meta name=\"robots\" content=\"index, follow, max-snippet:-1, max-image-preview:large, max-video-preview:-1\" \/>\n<link rel=\"canonical\" href=\"https:\/\/shop.bantam.ch\/fr\/produit\/led-raintec-rt100-fiat-ducato\/\" \/>\n<meta property=\"og:locale\" content=\"fr_FR\" \/>\n<meta property=\"og:type\" content=\"article\" \/>\n<meta property=\"og:title\" content=\"LED RainTec RT100, Fiat Ducato - Bantam Wankm\u00fcller SA\" \/>\n<meta property=\"og:description\" content=\"Parfaite \u00e9vacuation de l&rsquo;eau de pluie avec \u00e9clairage ext\u00e9rieurTous ceux qui ont ouvert leur porte coulissante alors qu\u2018il pleuvait connaissent le ph\u00e9nom\u00e8ne de la douche automatique. Pour \u00e9viter ce c\u00f4t\u00e9 d\u00e9sagr\u00e9able, Dometic a maintenant d\u00e9velopp\u00e9 une goutti\u00e8re \u00e0 installer ult\u00e9rieurement sur les fourgons. Elle \u00e9vacue l\u2018eau de pluie sur les c\u00f4t\u00e9s et est \u00e9quip\u00e9e d\u2018une [&hellip;]\" \/>\n<meta property=\"og:url\" content=\"https:\/\/shop.bantam.ch\/fr\/produit\/led-raintec-rt100-fiat-ducato\/\" \/>\n<meta property=\"og:site_name\" content=\"Bantam Wankm\u00fcller SA\" \/>\n<meta property=\"article:modified_time\" content=\"2026-04-18T22:42:23+00:00\" \/>\n<meta property=\"og:image\" content=\"https:\/\/shop.bantam.ch\/wp-content\/uploads\/2023\/05\/9915249-100-4-3.jpg\" \/>\n\t<meta property=\"og:image:width\" content=\"500\" \/>\n\t<meta property=\"og:image:height\" content=\"500\" \/>\n\t<meta property=\"og:image:type\" content=\"image\/jpeg\" \/>\n<meta name=\"twitter:card\" content=\"summary_large_image\" \/>\n<script type=\"application\/ld+json\" class=\"yoast-schema-graph\">{\"@context\":\"https:\\\/\\\/schema.org\",\"@graph\":[{\"@type\":\"WebPage\",\"@id\":\"https:\\\/\\\/shop.bantam.ch\\\/fr\\\/produit\\\/led-raintec-rt100-fiat-ducato\\\/\",\"url\":\"https:\\\/\\\/shop.bantam.ch\\\/fr\\\/produit\\\/led-raintec-rt100-fiat-ducato\\\/\",\"name\":\"LED RainTec RT100, Fiat Ducato - Bantam Wankm\u00fcller SA\",\"isPartOf\":{\"@id\":\"https:\\\/\\\/shop.bantam.ch\\\/fr\\\/#website\"},\"primaryImageOfPage\":{\"@id\":\"https:\\\/\\\/shop.bantam.ch\\\/fr\\\/produit\\\/led-raintec-rt100-fiat-ducato\\\/#primaryimage\"},\"image\":{\"@id\":\"https:\\\/\\\/shop.bantam.ch\\\/fr\\\/produit\\\/led-raintec-rt100-fiat-ducato\\\/#primaryimage\"},\"thumbnailUrl\":\"https:\\\/\\\/shop.bantam.ch\\\/wp-content\\\/uploads\\\/2023\\\/05\\\/9915249-100-4-3.jpg\",\"datePublished\":\"2023-05-25T10:35:50+00:00\",\"dateModified\":\"2026-04-18T22:42:23+00:00\",\"breadcrumb\":{\"@id\":\"https:\\\/\\\/shop.bantam.ch\\\/fr\\\/produit\\\/led-raintec-rt100-fiat-ducato\\\/#breadcrumb\"},\"inLanguage\":\"fr-FR\",\"potentialAction\":[{\"@type\":\"ReadAction\",\"target\":[\"https:\\\/\\\/shop.bantam.ch\\\/fr\\\/produit\\\/led-raintec-rt100-fiat-ducato\\\/\"]}]},{\"@type\":\"ImageObject\",\"inLanguage\":\"fr-FR\",\"@id\":\"https:\\\/\\\/shop.bantam.ch\\\/fr\\\/produit\\\/led-raintec-rt100-fiat-ducato\\\/#primaryimage\",\"url\":\"https:\\\/\\\/shop.bantam.ch\\\/wp-content\\\/uploads\\\/2023\\\/05\\\/9915249-100-4-3.jpg\",\"contentUrl\":\"https:\\\/\\\/shop.bantam.ch\\\/wp-content\\\/uploads\\\/2023\\\/05\\\/9915249-100-4-3.jpg\",\"width\":500,\"height\":500},{\"@type\":\"BreadcrumbList\",\"@id\":\"https:\\\/\\\/shop.bantam.ch\\\/fr\\\/produit\\\/led-raintec-rt100-fiat-ducato\\\/#breadcrumb\",\"itemListElement\":[{\"@type\":\"ListItem\",\"position\":1,\"name\":\"Accueil\",\"item\":\"https:\\\/\\\/shop.bantam.ch\\\/fr\\\/\"},{\"@type\":\"ListItem\",\"position\":2,\"name\":\"Boutique\",\"item\":\"https:\\\/\\\/shop.bantam.ch\\\/fr\\\/boutique\\\/\"},{\"@type\":\"ListItem\",\"position\":3,\"name\":\"LED RainTec RT100, Fiat Ducato\"}]},{\"@type\":\"WebSite\",\"@id\":\"https:\\\/\\\/shop.bantam.ch\\\/fr\\\/#website\",\"url\":\"https:\\\/\\\/shop.bantam.ch\\\/fr\\\/\",\"name\":\"Bantam Wankm\u00fcller SA\",\"description\":\"\",\"publisher\":{\"@id\":\"https:\\\/\\\/shop.bantam.ch\\\/fr\\\/#organization\"},\"inLanguage\":\"fr-FR\"},{\"@type\":\"Organization\",\"@id\":\"https:\\\/\\\/shop.bantam.ch\\\/fr\\\/#organization\",\"name\":\"Bantam Wankm\u00fcller SA\",\"url\":\"https:\\\/\\\/shop.bantam.ch\\\/fr\\\/\",\"logo\":{\"@type\":\"ImageObject\",\"inLanguage\":\"fr-FR\",\"@id\":\"https:\\\/\\\/shop.bantam.ch\\\/fr\\\/#\\\/schema\\\/logo\\\/image\\\/\",\"url\":\"https:\\\/\\\/shop.bantam.ch\\\/wp-content\\\/uploads\\\/2022\\\/12\\\/bantam-logo.png\",\"contentUrl\":\"https:\\\/\\\/shop.bantam.ch\\\/wp-content\\\/uploads\\\/2022\\\/12\\\/bantam-logo.png\",\"width\":320,\"height\":71,\"caption\":\"Bantam Wankm\u00fcller SA\"},\"image\":{\"@id\":\"https:\\\/\\\/shop.bantam.ch\\\/fr\\\/#\\\/schema\\\/logo\\\/image\\\/\"}}]}<\/script>\n<!-- \/ Yoast SEO plugin. -->","yoast_head_json":{"title":"LED RainTec RT100, Fiat Ducato - Bantam Wankm\u00fcller SA","robots":{"index":"index","follow":"follow","max-snippet":"max-snippet:-1","max-image-preview":"max-image-preview:large","max-video-preview":"max-video-preview:-1"},"canonical":"https:\/\/shop.bantam.ch\/fr\/produit\/led-raintec-rt100-fiat-ducato\/","og_locale":"fr_FR","og_type":"article","og_title":"LED RainTec RT100, Fiat Ducato - Bantam Wankm\u00fcller SA","og_description":"Parfaite \u00e9vacuation de l&rsquo;eau de pluie avec \u00e9clairage ext\u00e9rieurTous ceux qui ont ouvert leur porte coulissante alors qu\u2018il pleuvait connaissent le ph\u00e9nom\u00e8ne de la douche automatique. Pour \u00e9viter ce c\u00f4t\u00e9 d\u00e9sagr\u00e9able, Dometic a maintenant d\u00e9velopp\u00e9 une goutti\u00e8re \u00e0 installer ult\u00e9rieurement sur les fourgons. Elle \u00e9vacue l\u2018eau de pluie sur les c\u00f4t\u00e9s et est \u00e9quip\u00e9e d\u2018une [&hellip;]","og_url":"https:\/\/shop.bantam.ch\/fr\/produit\/led-raintec-rt100-fiat-ducato\/","og_site_name":"Bantam Wankm\u00fcller SA","article_modified_time":"2026-04-18T22:42:23+00:00","og_image":[{"width":500,"height":500,"url":"https:\/\/shop.bantam.ch\/wp-content\/uploads\/2023\/05\/9915249-100-4-3.jpg","type":"image\/jpeg"}],"twitter_card":"summary_large_image","schema":{"@context":"https:\/\/schema.org","@graph":[{"@type":"WebPage","@id":"https:\/\/shop.bantam.ch\/fr\/produit\/led-raintec-rt100-fiat-ducato\/","url":"https:\/\/shop.bantam.ch\/fr\/produit\/led-raintec-rt100-fiat-ducato\/","name":"LED RainTec RT100, Fiat Ducato - Bantam Wankm\u00fcller SA","isPartOf":{"@id":"https:\/\/shop.bantam.ch\/fr\/#website"},"primaryImageOfPage":{"@id":"https:\/\/shop.bantam.ch\/fr\/produit\/led-raintec-rt100-fiat-ducato\/#primaryimage"},"image":{"@id":"https:\/\/shop.bantam.ch\/fr\/produit\/led-raintec-rt100-fiat-ducato\/#primaryimage"},"thumbnailUrl":"https:\/\/shop.bantam.ch\/wp-content\/uploads\/2023\/05\/9915249-100-4-3.jpg","datePublished":"2023-05-25T10:35:50+00:00","dateModified":"2026-04-18T22:42:23+00:00","breadcrumb":{"@id":"https:\/\/shop.bantam.ch\/fr\/produit\/led-raintec-rt100-fiat-ducato\/#breadcrumb"},"inLanguage":"fr-FR","potentialAction":[{"@type":"ReadAction","target":["https:\/\/shop.bantam.ch\/fr\/produit\/led-raintec-rt100-fiat-ducato\/"]}]},{"@type":"ImageObject","inLanguage":"fr-FR","@id":"https:\/\/shop.bantam.ch\/fr\/produit\/led-raintec-rt100-fiat-ducato\/#primaryimage","url":"https:\/\/shop.bantam.ch\/wp-content\/uploads\/2023\/05\/9915249-100-4-3.jpg","contentUrl":"https:\/\/shop.bantam.ch\/wp-content\/uploads\/2023\/05\/9915249-100-4-3.jpg","width":500,"height":500},{"@type":"BreadcrumbList","@id":"https:\/\/shop.bantam.ch\/fr\/produit\/led-raintec-rt100-fiat-ducato\/#breadcrumb","itemListElement":[{"@type":"ListItem","position":1,"name":"Accueil","item":"https:\/\/shop.bantam.ch\/fr\/"},{"@type":"ListItem","position":2,"name":"Boutique","item":"https:\/\/shop.bantam.ch\/fr\/boutique\/"},{"@type":"ListItem","position":3,"name":"LED RainTec RT100, Fiat Ducato"}]},{"@type":"WebSite","@id":"https:\/\/shop.bantam.ch\/fr\/#website","url":"https:\/\/shop.bantam.ch\/fr\/","name":"Bantam Wankm\u00fcller SA","description":"","publisher":{"@id":"https:\/\/shop.bantam.ch\/fr\/#organization"},"inLanguage":"fr-FR"},{"@type":"Organization","@id":"https:\/\/shop.bantam.ch\/fr\/#organization","name":"Bantam Wankm\u00fcller SA","url":"https:\/\/shop.bantam.ch\/fr\/","logo":{"@type":"ImageObject","inLanguage":"fr-FR","@id":"https:\/\/shop.bantam.ch\/fr\/#\/schema\/logo\/image\/","url":"https:\/\/shop.bantam.ch\/wp-content\/uploads\/2022\/12\/bantam-logo.png","contentUrl":"https:\/\/shop.bantam.ch\/wp-content\/uploads\/2022\/12\/bantam-logo.png","width":320,"height":71,"caption":"Bantam Wankm\u00fcller SA"},"image":{"@id":"https:\/\/shop.bantam.ch\/fr\/#\/schema\/logo\/image\/"}}]}},"_links":{"self":[{"href":"https:\/\/shop.bantam.ch\/fr\/wp-json\/wp\/v2\/product\/170826","targetHints":{"allow":["GET"]}}],"collection":[{"href":"https:\/\/shop.bantam.ch\/fr\/wp-json\/wp\/v2\/product"}],"about":[{"href":"https:\/\/shop.bantam.ch\/fr\/wp-json\/wp\/v2\/types\/product"}],"wp:featuredmedia":[{"embeddable":true,"href":"https:\/\/shop.bantam.ch\/fr\/wp-json\/wp\/v2\/media\/170818"}],"wp:attachment":[{"href":"https:\/\/shop.bantam.ch\/fr\/wp-json\/wp\/v2\/media?parent=170826"}],"wp:term":[{"taxonomy":"product_featured_cat","embeddable":true,"href":"https:\/\/shop.bantam.ch\/fr\/wp-json\/wp\/v2\/product_featured_cat?post=170826"},{"taxonomy":"product_brand","embeddable":true,"href":"https:\/\/shop.bantam.ch\/fr\/wp-json\/wp\/v2\/product_brand?post=170826"},{"taxonomy":"product_cat","embeddable":true,"href":"https:\/\/shop.bantam.ch\/fr\/wp-json\/wp\/v2\/product_cat?post=170826"},{"taxonomy":"product_tag","embeddable":true,"href":"https:\/\/shop.bantam.ch\/fr\/wp-json\/wp\/v2\/product_tag?post=170826"}],"curies":[{"name":"wp","href":"https:\/\/api.w.org\/{rel}","templated":true}]}}