{"id":170115,"date":"2023-05-25T12:03:52","date_gmt":"2023-05-25T10:03:52","guid":{"rendered":"https:\/\/shop.bantam.ch\/produit\/feu-stop-de-securite-rouge\/"},"modified":"2026-04-17T22:34:34","modified_gmt":"2026-04-17T20:34:34","slug":"feu-stop-de-securite-rouge","status":"publish","type":"product","link":"https:\/\/shop.bantam.ch\/fr\/produit\/feu-stop-de-securite-rouge\/","title":{"rendered":"Feu stop de s\u00e9curit\u00e9 rouge"},"content":{"rendered":"<p>Feu stop de s\u00e9curit\u00e9 pour une installation horizontale, avec 12\u00a0LED rouges brillantes avec effet de profondeur en 3D car chaque LED est int\u00e9gr\u00e9e dans un r\u00e9flecteur distinct.<\/p>\n<p>Contenu de la livraison :<br \/>C\u00e2ble de raccordement 20\u00a0cm inclus<\/p>\n<ul>\n<li>Consommation \u00e9lectrique\u00a0: 0,15\u00a0A<\/li>\n<\/ul>\n","protected":false},"excerpt":{"rendered":"<p>Feu stop de s\u00e9curit\u00e9 pour une installation horizontale, avec 12\u00a0LED rouges brillantes avec effet de profondeur en 3D car chaque LED est int\u00e9gr\u00e9e dans un r\u00e9flecteur distinct. Contenu de la livraison :C\u00e2ble de raccordement 20\u00a0cm inclus Consommation \u00e9lectrique\u00a0: 0,15\u00a0A<\/p>\n","protected":false},"featured_media":170113,"template":"","meta":{"_acf_changed":false},"product_featured_cat":[],"product_brand":[3238],"product_cat":[4703],"product_tag":[],"class_list":{"0":"post-170115","1":"product","2":"type-product","3":"status-publish","4":"has-post-thumbnail","6":"product_brand-hella","7":"product_cat-feux-arriere","9":"first","10":"instock","11":"taxable","12":"shipping-taxable","13":"purchasable","14":"product-type-simple"},"acf":[],"yoast_head":"<!-- This site is optimized with the Yoast SEO plugin v27.4 - https:\/\/yoast.com\/product\/yoast-seo-wordpress\/ -->\n<title>Feu stop de s\u00e9curit\u00e9 rouge - Bantam Wankm\u00fcller SA<\/title>\n<meta name=\"robots\" content=\"index, follow, max-snippet:-1, max-image-preview:large, max-video-preview:-1\" \/>\n<link rel=\"canonical\" href=\"https:\/\/shop.bantam.ch\/fr\/produit\/feu-stop-de-securite-rouge\/\" \/>\n<meta property=\"og:locale\" content=\"fr_FR\" \/>\n<meta property=\"og:type\" content=\"article\" \/>\n<meta property=\"og:title\" content=\"Feu stop de s\u00e9curit\u00e9 rouge - Bantam Wankm\u00fcller SA\" \/>\n<meta property=\"og:description\" content=\"Feu stop de s\u00e9curit\u00e9 pour une installation horizontale, avec 12\u00a0LED rouges brillantes avec effet de profondeur en 3D car chaque LED est int\u00e9gr\u00e9e dans un r\u00e9flecteur distinct. Contenu de la livraison :C\u00e2ble de raccordement 20\u00a0cm inclus Consommation \u00e9lectrique\u00a0: 0,15\u00a0A\" \/>\n<meta property=\"og:url\" content=\"https:\/\/shop.bantam.ch\/fr\/produit\/feu-stop-de-securite-rouge\/\" \/>\n<meta property=\"og:site_name\" content=\"Bantam Wankm\u00fcller SA\" \/>\n<meta property=\"article:modified_time\" content=\"2026-04-17T20:34:34+00:00\" \/>\n<meta property=\"og:image\" content=\"https:\/\/shop.bantam.ch\/wp-content\/uploads\/2023\/05\/9975217-Sicherheitsbremsleuchte_rote_Lichtscheibe-Standard-01.jpg\" \/>\n\t<meta property=\"og:image:width\" content=\"1000\" \/>\n\t<meta property=\"og:image:height\" content=\"174\" \/>\n\t<meta property=\"og:image:type\" content=\"image\/jpeg\" \/>\n<meta name=\"twitter:card\" content=\"summary_large_image\" \/>\n<script type=\"application\/ld+json\" class=\"yoast-schema-graph\">{\"@context\":\"https:\\\/\\\/schema.org\",\"@graph\":[{\"@type\":\"WebPage\",\"@id\":\"https:\\\/\\\/shop.bantam.ch\\\/fr\\\/produit\\\/feu-stop-de-securite-rouge\\\/\",\"url\":\"https:\\\/\\\/shop.bantam.ch\\\/fr\\\/produit\\\/feu-stop-de-securite-rouge\\\/\",\"name\":\"Feu stop de s\u00e9curit\u00e9 rouge - Bantam Wankm\u00fcller SA\",\"isPartOf\":{\"@id\":\"https:\\\/\\\/shop.bantam.ch\\\/fr\\\/#website\"},\"primaryImageOfPage\":{\"@id\":\"https:\\\/\\\/shop.bantam.ch\\\/fr\\\/produit\\\/feu-stop-de-securite-rouge\\\/#primaryimage\"},\"image\":{\"@id\":\"https:\\\/\\\/shop.bantam.ch\\\/fr\\\/produit\\\/feu-stop-de-securite-rouge\\\/#primaryimage\"},\"thumbnailUrl\":\"https:\\\/\\\/shop.bantam.ch\\\/wp-content\\\/uploads\\\/2023\\\/05\\\/9975217-Sicherheitsbremsleuchte_rote_Lichtscheibe-Standard-01.jpg\",\"datePublished\":\"2023-05-25T10:03:52+00:00\",\"dateModified\":\"2026-04-17T20:34:34+00:00\",\"breadcrumb\":{\"@id\":\"https:\\\/\\\/shop.bantam.ch\\\/fr\\\/produit\\\/feu-stop-de-securite-rouge\\\/#breadcrumb\"},\"inLanguage\":\"fr-FR\",\"potentialAction\":[{\"@type\":\"ReadAction\",\"target\":[\"https:\\\/\\\/shop.bantam.ch\\\/fr\\\/produit\\\/feu-stop-de-securite-rouge\\\/\"]}]},{\"@type\":\"ImageObject\",\"inLanguage\":\"fr-FR\",\"@id\":\"https:\\\/\\\/shop.bantam.ch\\\/fr\\\/produit\\\/feu-stop-de-securite-rouge\\\/#primaryimage\",\"url\":\"https:\\\/\\\/shop.bantam.ch\\\/wp-content\\\/uploads\\\/2023\\\/05\\\/9975217-Sicherheitsbremsleuchte_rote_Lichtscheibe-Standard-01.jpg\",\"contentUrl\":\"https:\\\/\\\/shop.bantam.ch\\\/wp-content\\\/uploads\\\/2023\\\/05\\\/9975217-Sicherheitsbremsleuchte_rote_Lichtscheibe-Standard-01.jpg\",\"width\":1000,\"height\":174},{\"@type\":\"BreadcrumbList\",\"@id\":\"https:\\\/\\\/shop.bantam.ch\\\/fr\\\/produit\\\/feu-stop-de-securite-rouge\\\/#breadcrumb\",\"itemListElement\":[{\"@type\":\"ListItem\",\"position\":1,\"name\":\"Accueil\",\"item\":\"https:\\\/\\\/shop.bantam.ch\\\/fr\\\/\"},{\"@type\":\"ListItem\",\"position\":2,\"name\":\"Boutique\",\"item\":\"https:\\\/\\\/shop.bantam.ch\\\/fr\\\/boutique\\\/\"},{\"@type\":\"ListItem\",\"position\":3,\"name\":\"Feu stop de s\u00e9curit\u00e9 rouge\"}]},{\"@type\":\"WebSite\",\"@id\":\"https:\\\/\\\/shop.bantam.ch\\\/fr\\\/#website\",\"url\":\"https:\\\/\\\/shop.bantam.ch\\\/fr\\\/\",\"name\":\"Bantam Wankm\u00fcller SA\",\"description\":\"\",\"publisher\":{\"@id\":\"https:\\\/\\\/shop.bantam.ch\\\/fr\\\/#organization\"},\"inLanguage\":\"fr-FR\"},{\"@type\":\"Organization\",\"@id\":\"https:\\\/\\\/shop.bantam.ch\\\/fr\\\/#organization\",\"name\":\"Bantam Wankm\u00fcller SA\",\"url\":\"https:\\\/\\\/shop.bantam.ch\\\/fr\\\/\",\"logo\":{\"@type\":\"ImageObject\",\"inLanguage\":\"fr-FR\",\"@id\":\"https:\\\/\\\/shop.bantam.ch\\\/fr\\\/#\\\/schema\\\/logo\\\/image\\\/\",\"url\":\"https:\\\/\\\/shop.bantam.ch\\\/wp-content\\\/uploads\\\/2022\\\/12\\\/bantam-logo.png\",\"contentUrl\":\"https:\\\/\\\/shop.bantam.ch\\\/wp-content\\\/uploads\\\/2022\\\/12\\\/bantam-logo.png\",\"width\":320,\"height\":71,\"caption\":\"Bantam Wankm\u00fcller SA\"},\"image\":{\"@id\":\"https:\\\/\\\/shop.bantam.ch\\\/fr\\\/#\\\/schema\\\/logo\\\/image\\\/\"}}]}<\/script>\n<!-- \/ Yoast SEO plugin. -->","yoast_head_json":{"title":"Feu stop de s\u00e9curit\u00e9 rouge - Bantam Wankm\u00fcller SA","robots":{"index":"index","follow":"follow","max-snippet":"max-snippet:-1","max-image-preview":"max-image-preview:large","max-video-preview":"max-video-preview:-1"},"canonical":"https:\/\/shop.bantam.ch\/fr\/produit\/feu-stop-de-securite-rouge\/","og_locale":"fr_FR","og_type":"article","og_title":"Feu stop de s\u00e9curit\u00e9 rouge - Bantam Wankm\u00fcller SA","og_description":"Feu stop de s\u00e9curit\u00e9 pour une installation horizontale, avec 12\u00a0LED rouges brillantes avec effet de profondeur en 3D car chaque LED est int\u00e9gr\u00e9e dans un r\u00e9flecteur distinct. Contenu de la livraison :C\u00e2ble de raccordement 20\u00a0cm inclus Consommation \u00e9lectrique\u00a0: 0,15\u00a0A","og_url":"https:\/\/shop.bantam.ch\/fr\/produit\/feu-stop-de-securite-rouge\/","og_site_name":"Bantam Wankm\u00fcller SA","article_modified_time":"2026-04-17T20:34:34+00:00","og_image":[{"width":1000,"height":174,"url":"https:\/\/shop.bantam.ch\/wp-content\/uploads\/2023\/05\/9975217-Sicherheitsbremsleuchte_rote_Lichtscheibe-Standard-01.jpg","type":"image\/jpeg"}],"twitter_card":"summary_large_image","schema":{"@context":"https:\/\/schema.org","@graph":[{"@type":"WebPage","@id":"https:\/\/shop.bantam.ch\/fr\/produit\/feu-stop-de-securite-rouge\/","url":"https:\/\/shop.bantam.ch\/fr\/produit\/feu-stop-de-securite-rouge\/","name":"Feu stop de s\u00e9curit\u00e9 rouge - Bantam Wankm\u00fcller SA","isPartOf":{"@id":"https:\/\/shop.bantam.ch\/fr\/#website"},"primaryImageOfPage":{"@id":"https:\/\/shop.bantam.ch\/fr\/produit\/feu-stop-de-securite-rouge\/#primaryimage"},"image":{"@id":"https:\/\/shop.bantam.ch\/fr\/produit\/feu-stop-de-securite-rouge\/#primaryimage"},"thumbnailUrl":"https:\/\/shop.bantam.ch\/wp-content\/uploads\/2023\/05\/9975217-Sicherheitsbremsleuchte_rote_Lichtscheibe-Standard-01.jpg","datePublished":"2023-05-25T10:03:52+00:00","dateModified":"2026-04-17T20:34:34+00:00","breadcrumb":{"@id":"https:\/\/shop.bantam.ch\/fr\/produit\/feu-stop-de-securite-rouge\/#breadcrumb"},"inLanguage":"fr-FR","potentialAction":[{"@type":"ReadAction","target":["https:\/\/shop.bantam.ch\/fr\/produit\/feu-stop-de-securite-rouge\/"]}]},{"@type":"ImageObject","inLanguage":"fr-FR","@id":"https:\/\/shop.bantam.ch\/fr\/produit\/feu-stop-de-securite-rouge\/#primaryimage","url":"https:\/\/shop.bantam.ch\/wp-content\/uploads\/2023\/05\/9975217-Sicherheitsbremsleuchte_rote_Lichtscheibe-Standard-01.jpg","contentUrl":"https:\/\/shop.bantam.ch\/wp-content\/uploads\/2023\/05\/9975217-Sicherheitsbremsleuchte_rote_Lichtscheibe-Standard-01.jpg","width":1000,"height":174},{"@type":"BreadcrumbList","@id":"https:\/\/shop.bantam.ch\/fr\/produit\/feu-stop-de-securite-rouge\/#breadcrumb","itemListElement":[{"@type":"ListItem","position":1,"name":"Accueil","item":"https:\/\/shop.bantam.ch\/fr\/"},{"@type":"ListItem","position":2,"name":"Boutique","item":"https:\/\/shop.bantam.ch\/fr\/boutique\/"},{"@type":"ListItem","position":3,"name":"Feu stop de s\u00e9curit\u00e9 rouge"}]},{"@type":"WebSite","@id":"https:\/\/shop.bantam.ch\/fr\/#website","url":"https:\/\/shop.bantam.ch\/fr\/","name":"Bantam Wankm\u00fcller SA","description":"","publisher":{"@id":"https:\/\/shop.bantam.ch\/fr\/#organization"},"inLanguage":"fr-FR"},{"@type":"Organization","@id":"https:\/\/shop.bantam.ch\/fr\/#organization","name":"Bantam Wankm\u00fcller SA","url":"https:\/\/shop.bantam.ch\/fr\/","logo":{"@type":"ImageObject","inLanguage":"fr-FR","@id":"https:\/\/shop.bantam.ch\/fr\/#\/schema\/logo\/image\/","url":"https:\/\/shop.bantam.ch\/wp-content\/uploads\/2022\/12\/bantam-logo.png","contentUrl":"https:\/\/shop.bantam.ch\/wp-content\/uploads\/2022\/12\/bantam-logo.png","width":320,"height":71,"caption":"Bantam Wankm\u00fcller SA"},"image":{"@id":"https:\/\/shop.bantam.ch\/fr\/#\/schema\/logo\/image\/"}}]}},"_links":{"self":[{"href":"https:\/\/shop.bantam.ch\/fr\/wp-json\/wp\/v2\/product\/170115","targetHints":{"allow":["GET"]}}],"collection":[{"href":"https:\/\/shop.bantam.ch\/fr\/wp-json\/wp\/v2\/product"}],"about":[{"href":"https:\/\/shop.bantam.ch\/fr\/wp-json\/wp\/v2\/types\/product"}],"wp:featuredmedia":[{"embeddable":true,"href":"https:\/\/shop.bantam.ch\/fr\/wp-json\/wp\/v2\/media\/170113"}],"wp:attachment":[{"href":"https:\/\/shop.bantam.ch\/fr\/wp-json\/wp\/v2\/media?parent=170115"}],"wp:term":[{"taxonomy":"product_featured_cat","embeddable":true,"href":"https:\/\/shop.bantam.ch\/fr\/wp-json\/wp\/v2\/product_featured_cat?post=170115"},{"taxonomy":"product_brand","embeddable":true,"href":"https:\/\/shop.bantam.ch\/fr\/wp-json\/wp\/v2\/product_brand?post=170115"},{"taxonomy":"product_cat","embeddable":true,"href":"https:\/\/shop.bantam.ch\/fr\/wp-json\/wp\/v2\/product_cat?post=170115"},{"taxonomy":"product_tag","embeddable":true,"href":"https:\/\/shop.bantam.ch\/fr\/wp-json\/wp\/v2\/product_tag?post=170115"}],"curies":[{"name":"wp","href":"https:\/\/api.w.org\/{rel}","templated":true}]}}