{"id":169991,"date":"2023-05-25T11:59:39","date_gmt":"2023-05-25T09:59:39","guid":{"rendered":"https:\/\/shop.bantam.ch\/produit\/bouteille-de-gaz-en-aluminium-11-kg\/"},"modified":"2026-04-17T22:34:28","modified_gmt":"2026-04-17T20:34:28","slug":"bouteille-de-gaz-en-aluminium-11-kg","status":"publish","type":"product","link":"https:\/\/shop.bantam.ch\/fr\/produit\/bouteille-de-gaz-en-aluminium-11-kg\/","title":{"rendered":"Bouteille de gaz alu 11 kg"},"content":{"rendered":"<p>Bouteille de gaz 11\u00a0kg, vide, env. 2 \u00e0 3\u00a0fois plus l\u00e9g\u00e8re que les bouteilles de gaz en acier. Aucune particule de rouille, donc aucun blocage dans les conduites de gaz, les br\u00fbleurs ou les soupapes. Inclus homologation\u00a0T\u00dcV<\/p>\n<ul>\n<li>Poids \u00e0 vide\u00a0: env. 5,4\u00a0kg<\/li>\n<li>Particuli\u00e8rement l\u00e9g\u00e8re<\/li>\n<\/ul>\n","protected":false},"excerpt":{"rendered":"<p>Bouteille de gaz 11\u00a0kg, vide, env. 2 \u00e0 3\u00a0fois plus l\u00e9g\u00e8re que les bouteilles de gaz en acier. Aucune particule de rouille, donc aucun blocage dans les conduites de gaz, les br\u00fbleurs ou les soupapes. Inclus homologation\u00a0T\u00dcV Poids \u00e0 vide\u00a0: env. 5,4\u00a0kg Particuli\u00e8rement l\u00e9g\u00e8re<\/p>\n","protected":false},"featured_media":169985,"template":"","meta":{"_acf_changed":false},"product_featured_cat":[],"product_brand":[3234],"product_cat":[4481],"product_tag":[],"class_list":{"0":"post-169991","1":"product","2":"type-product","3":"status-publish","4":"has-post-thumbnail","6":"product_brand-alugas","7":"product_cat-bouteilles-de-gaz","9":"first","10":"instock","11":"taxable","12":"shipping-taxable","13":"purchasable","14":"product-type-simple"},"acf":[],"yoast_head":"<!-- This site is optimized with the Yoast SEO plugin v27.4 - https:\/\/yoast.com\/product\/yoast-seo-wordpress\/ -->\n<title>Bouteille de gaz alu 11 kg - Bantam Wankm\u00fcller SA<\/title>\n<meta name=\"robots\" content=\"index, follow, max-snippet:-1, max-image-preview:large, max-video-preview:-1\" \/>\n<link rel=\"canonical\" href=\"https:\/\/shop.bantam.ch\/fr\/produit\/bouteille-de-gaz-en-aluminium-11-kg\/\" \/>\n<meta property=\"og:locale\" content=\"fr_FR\" \/>\n<meta property=\"og:type\" content=\"article\" \/>\n<meta property=\"og:title\" content=\"Bouteille de gaz alu 11 kg - Bantam Wankm\u00fcller SA\" \/>\n<meta property=\"og:description\" content=\"Bouteille de gaz 11\u00a0kg, vide, env. 2 \u00e0 3\u00a0fois plus l\u00e9g\u00e8re que les bouteilles de gaz en acier. Aucune particule de rouille, donc aucun blocage dans les conduites de gaz, les br\u00fbleurs ou les soupapes. Inclus homologation\u00a0T\u00dcV Poids \u00e0 vide\u00a0: env. 5,4\u00a0kg Particuli\u00e8rement l\u00e9g\u00e8re\" \/>\n<meta property=\"og:url\" content=\"https:\/\/shop.bantam.ch\/fr\/produit\/bouteille-de-gaz-en-aluminium-11-kg\/\" \/>\n<meta property=\"og:site_name\" content=\"Bantam Wankm\u00fcller SA\" \/>\n<meta property=\"article:modified_time\" content=\"2026-04-17T20:34:28+00:00\" \/>\n<meta property=\"og:image\" content=\"https:\/\/shop.bantam.ch\/wp-content\/uploads\/2023\/05\/9977122-Alu-Gasflasche_11_kg-Standard-01.jpg\" \/>\n\t<meta property=\"og:image:width\" content=\"477\" \/>\n\t<meta property=\"og:image:height\" content=\"1000\" \/>\n\t<meta property=\"og:image:type\" content=\"image\/jpeg\" \/>\n<meta name=\"twitter:card\" content=\"summary_large_image\" \/>\n<script type=\"application\/ld+json\" class=\"yoast-schema-graph\">{\"@context\":\"https:\\\/\\\/schema.org\",\"@graph\":[{\"@type\":\"WebPage\",\"@id\":\"https:\\\/\\\/shop.bantam.ch\\\/fr\\\/produit\\\/bouteille-de-gaz-en-aluminium-11-kg\\\/\",\"url\":\"https:\\\/\\\/shop.bantam.ch\\\/fr\\\/produit\\\/bouteille-de-gaz-en-aluminium-11-kg\\\/\",\"name\":\"Bouteille de gaz alu 11 kg - Bantam Wankm\u00fcller SA\",\"isPartOf\":{\"@id\":\"https:\\\/\\\/shop.bantam.ch\\\/fr\\\/#website\"},\"primaryImageOfPage\":{\"@id\":\"https:\\\/\\\/shop.bantam.ch\\\/fr\\\/produit\\\/bouteille-de-gaz-en-aluminium-11-kg\\\/#primaryimage\"},\"image\":{\"@id\":\"https:\\\/\\\/shop.bantam.ch\\\/fr\\\/produit\\\/bouteille-de-gaz-en-aluminium-11-kg\\\/#primaryimage\"},\"thumbnailUrl\":\"https:\\\/\\\/shop.bantam.ch\\\/wp-content\\\/uploads\\\/2023\\\/05\\\/9977122-Alu-Gasflasche_11_kg-Standard-01.jpg\",\"datePublished\":\"2023-05-25T09:59:39+00:00\",\"dateModified\":\"2026-04-17T20:34:28+00:00\",\"breadcrumb\":{\"@id\":\"https:\\\/\\\/shop.bantam.ch\\\/fr\\\/produit\\\/bouteille-de-gaz-en-aluminium-11-kg\\\/#breadcrumb\"},\"inLanguage\":\"fr-FR\",\"potentialAction\":[{\"@type\":\"ReadAction\",\"target\":[\"https:\\\/\\\/shop.bantam.ch\\\/fr\\\/produit\\\/bouteille-de-gaz-en-aluminium-11-kg\\\/\"]}]},{\"@type\":\"ImageObject\",\"inLanguage\":\"fr-FR\",\"@id\":\"https:\\\/\\\/shop.bantam.ch\\\/fr\\\/produit\\\/bouteille-de-gaz-en-aluminium-11-kg\\\/#primaryimage\",\"url\":\"https:\\\/\\\/shop.bantam.ch\\\/wp-content\\\/uploads\\\/2023\\\/05\\\/9977122-Alu-Gasflasche_11_kg-Standard-01.jpg\",\"contentUrl\":\"https:\\\/\\\/shop.bantam.ch\\\/wp-content\\\/uploads\\\/2023\\\/05\\\/9977122-Alu-Gasflasche_11_kg-Standard-01.jpg\",\"width\":477,\"height\":1000},{\"@type\":\"BreadcrumbList\",\"@id\":\"https:\\\/\\\/shop.bantam.ch\\\/fr\\\/produit\\\/bouteille-de-gaz-en-aluminium-11-kg\\\/#breadcrumb\",\"itemListElement\":[{\"@type\":\"ListItem\",\"position\":1,\"name\":\"Accueil\",\"item\":\"https:\\\/\\\/shop.bantam.ch\\\/fr\\\/\"},{\"@type\":\"ListItem\",\"position\":2,\"name\":\"Boutique\",\"item\":\"https:\\\/\\\/shop.bantam.ch\\\/fr\\\/boutique\\\/\"},{\"@type\":\"ListItem\",\"position\":3,\"name\":\"Bouteille de gaz alu 11 kg\"}]},{\"@type\":\"WebSite\",\"@id\":\"https:\\\/\\\/shop.bantam.ch\\\/fr\\\/#website\",\"url\":\"https:\\\/\\\/shop.bantam.ch\\\/fr\\\/\",\"name\":\"Bantam Wankm\u00fcller SA\",\"description\":\"\",\"publisher\":{\"@id\":\"https:\\\/\\\/shop.bantam.ch\\\/fr\\\/#organization\"},\"inLanguage\":\"fr-FR\"},{\"@type\":\"Organization\",\"@id\":\"https:\\\/\\\/shop.bantam.ch\\\/fr\\\/#organization\",\"name\":\"Bantam Wankm\u00fcller SA\",\"url\":\"https:\\\/\\\/shop.bantam.ch\\\/fr\\\/\",\"logo\":{\"@type\":\"ImageObject\",\"inLanguage\":\"fr-FR\",\"@id\":\"https:\\\/\\\/shop.bantam.ch\\\/fr\\\/#\\\/schema\\\/logo\\\/image\\\/\",\"url\":\"https:\\\/\\\/shop.bantam.ch\\\/wp-content\\\/uploads\\\/2022\\\/12\\\/bantam-logo.png\",\"contentUrl\":\"https:\\\/\\\/shop.bantam.ch\\\/wp-content\\\/uploads\\\/2022\\\/12\\\/bantam-logo.png\",\"width\":320,\"height\":71,\"caption\":\"Bantam Wankm\u00fcller SA\"},\"image\":{\"@id\":\"https:\\\/\\\/shop.bantam.ch\\\/fr\\\/#\\\/schema\\\/logo\\\/image\\\/\"}}]}<\/script>\n<!-- \/ Yoast SEO plugin. -->","yoast_head_json":{"title":"Bouteille de gaz alu 11 kg - Bantam Wankm\u00fcller SA","robots":{"index":"index","follow":"follow","max-snippet":"max-snippet:-1","max-image-preview":"max-image-preview:large","max-video-preview":"max-video-preview:-1"},"canonical":"https:\/\/shop.bantam.ch\/fr\/produit\/bouteille-de-gaz-en-aluminium-11-kg\/","og_locale":"fr_FR","og_type":"article","og_title":"Bouteille de gaz alu 11 kg - Bantam Wankm\u00fcller SA","og_description":"Bouteille de gaz 11\u00a0kg, vide, env. 2 \u00e0 3\u00a0fois plus l\u00e9g\u00e8re que les bouteilles de gaz en acier. Aucune particule de rouille, donc aucun blocage dans les conduites de gaz, les br\u00fbleurs ou les soupapes. Inclus homologation\u00a0T\u00dcV Poids \u00e0 vide\u00a0: env. 5,4\u00a0kg Particuli\u00e8rement l\u00e9g\u00e8re","og_url":"https:\/\/shop.bantam.ch\/fr\/produit\/bouteille-de-gaz-en-aluminium-11-kg\/","og_site_name":"Bantam Wankm\u00fcller SA","article_modified_time":"2026-04-17T20:34:28+00:00","og_image":[{"width":477,"height":1000,"url":"https:\/\/shop.bantam.ch\/wp-content\/uploads\/2023\/05\/9977122-Alu-Gasflasche_11_kg-Standard-01.jpg","type":"image\/jpeg"}],"twitter_card":"summary_large_image","schema":{"@context":"https:\/\/schema.org","@graph":[{"@type":"WebPage","@id":"https:\/\/shop.bantam.ch\/fr\/produit\/bouteille-de-gaz-en-aluminium-11-kg\/","url":"https:\/\/shop.bantam.ch\/fr\/produit\/bouteille-de-gaz-en-aluminium-11-kg\/","name":"Bouteille de gaz alu 11 kg - Bantam Wankm\u00fcller SA","isPartOf":{"@id":"https:\/\/shop.bantam.ch\/fr\/#website"},"primaryImageOfPage":{"@id":"https:\/\/shop.bantam.ch\/fr\/produit\/bouteille-de-gaz-en-aluminium-11-kg\/#primaryimage"},"image":{"@id":"https:\/\/shop.bantam.ch\/fr\/produit\/bouteille-de-gaz-en-aluminium-11-kg\/#primaryimage"},"thumbnailUrl":"https:\/\/shop.bantam.ch\/wp-content\/uploads\/2023\/05\/9977122-Alu-Gasflasche_11_kg-Standard-01.jpg","datePublished":"2023-05-25T09:59:39+00:00","dateModified":"2026-04-17T20:34:28+00:00","breadcrumb":{"@id":"https:\/\/shop.bantam.ch\/fr\/produit\/bouteille-de-gaz-en-aluminium-11-kg\/#breadcrumb"},"inLanguage":"fr-FR","potentialAction":[{"@type":"ReadAction","target":["https:\/\/shop.bantam.ch\/fr\/produit\/bouteille-de-gaz-en-aluminium-11-kg\/"]}]},{"@type":"ImageObject","inLanguage":"fr-FR","@id":"https:\/\/shop.bantam.ch\/fr\/produit\/bouteille-de-gaz-en-aluminium-11-kg\/#primaryimage","url":"https:\/\/shop.bantam.ch\/wp-content\/uploads\/2023\/05\/9977122-Alu-Gasflasche_11_kg-Standard-01.jpg","contentUrl":"https:\/\/shop.bantam.ch\/wp-content\/uploads\/2023\/05\/9977122-Alu-Gasflasche_11_kg-Standard-01.jpg","width":477,"height":1000},{"@type":"BreadcrumbList","@id":"https:\/\/shop.bantam.ch\/fr\/produit\/bouteille-de-gaz-en-aluminium-11-kg\/#breadcrumb","itemListElement":[{"@type":"ListItem","position":1,"name":"Accueil","item":"https:\/\/shop.bantam.ch\/fr\/"},{"@type":"ListItem","position":2,"name":"Boutique","item":"https:\/\/shop.bantam.ch\/fr\/boutique\/"},{"@type":"ListItem","position":3,"name":"Bouteille de gaz alu 11 kg"}]},{"@type":"WebSite","@id":"https:\/\/shop.bantam.ch\/fr\/#website","url":"https:\/\/shop.bantam.ch\/fr\/","name":"Bantam Wankm\u00fcller SA","description":"","publisher":{"@id":"https:\/\/shop.bantam.ch\/fr\/#organization"},"inLanguage":"fr-FR"},{"@type":"Organization","@id":"https:\/\/shop.bantam.ch\/fr\/#organization","name":"Bantam Wankm\u00fcller SA","url":"https:\/\/shop.bantam.ch\/fr\/","logo":{"@type":"ImageObject","inLanguage":"fr-FR","@id":"https:\/\/shop.bantam.ch\/fr\/#\/schema\/logo\/image\/","url":"https:\/\/shop.bantam.ch\/wp-content\/uploads\/2022\/12\/bantam-logo.png","contentUrl":"https:\/\/shop.bantam.ch\/wp-content\/uploads\/2022\/12\/bantam-logo.png","width":320,"height":71,"caption":"Bantam Wankm\u00fcller SA"},"image":{"@id":"https:\/\/shop.bantam.ch\/fr\/#\/schema\/logo\/image\/"}}]}},"_links":{"self":[{"href":"https:\/\/shop.bantam.ch\/fr\/wp-json\/wp\/v2\/product\/169991","targetHints":{"allow":["GET"]}}],"collection":[{"href":"https:\/\/shop.bantam.ch\/fr\/wp-json\/wp\/v2\/product"}],"about":[{"href":"https:\/\/shop.bantam.ch\/fr\/wp-json\/wp\/v2\/types\/product"}],"wp:featuredmedia":[{"embeddable":true,"href":"https:\/\/shop.bantam.ch\/fr\/wp-json\/wp\/v2\/media\/169985"}],"wp:attachment":[{"href":"https:\/\/shop.bantam.ch\/fr\/wp-json\/wp\/v2\/media?parent=169991"}],"wp:term":[{"taxonomy":"product_featured_cat","embeddable":true,"href":"https:\/\/shop.bantam.ch\/fr\/wp-json\/wp\/v2\/product_featured_cat?post=169991"},{"taxonomy":"product_brand","embeddable":true,"href":"https:\/\/shop.bantam.ch\/fr\/wp-json\/wp\/v2\/product_brand?post=169991"},{"taxonomy":"product_cat","embeddable":true,"href":"https:\/\/shop.bantam.ch\/fr\/wp-json\/wp\/v2\/product_cat?post=169991"},{"taxonomy":"product_tag","embeddable":true,"href":"https:\/\/shop.bantam.ch\/fr\/wp-json\/wp\/v2\/product_tag?post=169991"}],"curies":[{"name":"wp","href":"https:\/\/api.w.org\/{rel}","templated":true}]}}