{"id":169289,"date":"2023-05-25T11:13:16","date_gmt":"2023-05-25T09:13:16","guid":{"rendered":"https:\/\/shop.bantam.ch\/produit\/console-pivotante-de-siege-conducteur-ford-transit-2004-2013-uniquement-pour-vehicule-avec-frein-a-main-a-gauche\/"},"modified":"2026-04-20T22:34:49","modified_gmt":"2026-04-20T20:34:49","slug":"console-pivotante-de-siege-conducteur-ford-transit-2004-2013-uniquement-pour-vehicule-avec-frein-a-main-a-gauche","status":"publish","type":"product","link":"https:\/\/shop.bantam.ch\/fr\/produit\/console-pivotante-de-siege-conducteur-ford-transit-2004-2013-uniquement-pour-vehicule-avec-frein-a-main-a-gauche\/","title":{"rendered":"Console rotative, axe milieu C\u00f4t\u00e9 conducteur pour Ford Transit de\u00a02004 \u00e0 2013"},"content":{"rendered":"<p>Console rotative, rotative au milieu. Montage du si\u00e8ge conducteur entre le si\u00e8ge d\u2019origine et les rails de guidage Ford. Ne convient pas aux v\u00e9hicules disposant du frein \u00e0 main \u00e0 droite.<\/p>\n<ul>\n<li>Si\u00e8ge d\u2019origine<\/li>\n<li>ABS<\/li>\n<\/ul>\n","protected":false},"excerpt":{"rendered":"<p>Console rotative, rotative au milieu. Montage du si\u00e8ge conducteur entre le si\u00e8ge d\u2019origine et les rails de guidage Ford. Ne convient pas aux v\u00e9hicules disposant du frein \u00e0 main \u00e0 droite. Si\u00e8ge d\u2019origine ABS<\/p>\n","protected":false},"featured_media":169287,"template":"","meta":{"_acf_changed":false},"product_featured_cat":[],"product_brand":[3036],"product_cat":[4757],"product_tag":[],"class_list":{"0":"post-169289","1":"product","2":"type-product","3":"status-publish","4":"has-post-thumbnail","6":"product_brand-sportscraft","7":"product_cat-consoles-rotatives","9":"first","10":"instock","11":"taxable","12":"shipping-taxable","13":"purchasable","14":"product-type-simple"},"acf":[],"yoast_head":"<!-- This site is optimized with the Yoast SEO plugin v27.4 - https:\/\/yoast.com\/product\/yoast-seo-wordpress\/ -->\n<title>Console rotative, axe milieu C\u00f4t\u00e9 conducteur pour Ford Transit de\u00a02004 \u00e0 2013 - Bantam Wankm\u00fcller SA<\/title>\n<meta name=\"robots\" content=\"index, follow, max-snippet:-1, max-image-preview:large, max-video-preview:-1\" \/>\n<link rel=\"canonical\" href=\"https:\/\/shop.bantam.ch\/fr\/produit\/console-pivotante-de-siege-conducteur-ford-transit-2004-2013-uniquement-pour-vehicule-avec-frein-a-main-a-gauche\/\" \/>\n<meta property=\"og:locale\" content=\"fr_FR\" \/>\n<meta property=\"og:type\" content=\"article\" \/>\n<meta property=\"og:title\" content=\"Console rotative, axe milieu C\u00f4t\u00e9 conducteur pour Ford Transit de\u00a02004 \u00e0 2013 - Bantam Wankm\u00fcller SA\" \/>\n<meta property=\"og:description\" content=\"Console rotative, rotative au milieu. Montage du si\u00e8ge conducteur entre le si\u00e8ge d\u2019origine et les rails de guidage Ford. Ne convient pas aux v\u00e9hicules disposant du frein \u00e0 main \u00e0 droite. Si\u00e8ge d\u2019origine ABS\" \/>\n<meta property=\"og:url\" content=\"https:\/\/shop.bantam.ch\/fr\/produit\/console-pivotante-de-siege-conducteur-ford-transit-2004-2013-uniquement-pour-vehicule-avec-frein-a-main-a-gauche\/\" \/>\n<meta property=\"og:site_name\" content=\"Bantam Wankm\u00fcller SA\" \/>\n<meta property=\"article:modified_time\" content=\"2026-04-20T20:34:49+00:00\" \/>\n<meta property=\"og:image\" content=\"https:\/\/shop.bantam.ch\/wp-content\/uploads\/2023\/05\/996972611.jpg\" \/>\n\t<meta property=\"og:image:width\" content=\"1000\" \/>\n\t<meta property=\"og:image:height\" content=\"665\" \/>\n\t<meta property=\"og:image:type\" content=\"image\/jpeg\" \/>\n<meta name=\"twitter:card\" content=\"summary_large_image\" \/>\n<script type=\"application\/ld+json\" class=\"yoast-schema-graph\">{\"@context\":\"https:\\\/\\\/schema.org\",\"@graph\":[{\"@type\":\"WebPage\",\"@id\":\"https:\\\/\\\/shop.bantam.ch\\\/fr\\\/produit\\\/console-pivotante-de-siege-conducteur-ford-transit-2004-2013-uniquement-pour-vehicule-avec-frein-a-main-a-gauche\\\/\",\"url\":\"https:\\\/\\\/shop.bantam.ch\\\/fr\\\/produit\\\/console-pivotante-de-siege-conducteur-ford-transit-2004-2013-uniquement-pour-vehicule-avec-frein-a-main-a-gauche\\\/\",\"name\":\"Console rotative, axe milieu C\u00f4t\u00e9 conducteur pour Ford Transit de\u00a02004 \u00e0 2013 - Bantam Wankm\u00fcller SA\",\"isPartOf\":{\"@id\":\"https:\\\/\\\/shop.bantam.ch\\\/fr\\\/#website\"},\"primaryImageOfPage\":{\"@id\":\"https:\\\/\\\/shop.bantam.ch\\\/fr\\\/produit\\\/console-pivotante-de-siege-conducteur-ford-transit-2004-2013-uniquement-pour-vehicule-avec-frein-a-main-a-gauche\\\/#primaryimage\"},\"image\":{\"@id\":\"https:\\\/\\\/shop.bantam.ch\\\/fr\\\/produit\\\/console-pivotante-de-siege-conducteur-ford-transit-2004-2013-uniquement-pour-vehicule-avec-frein-a-main-a-gauche\\\/#primaryimage\"},\"thumbnailUrl\":\"https:\\\/\\\/shop.bantam.ch\\\/wp-content\\\/uploads\\\/2023\\\/05\\\/996972611.jpg\",\"datePublished\":\"2023-05-25T09:13:16+00:00\",\"dateModified\":\"2026-04-20T20:34:49+00:00\",\"breadcrumb\":{\"@id\":\"https:\\\/\\\/shop.bantam.ch\\\/fr\\\/produit\\\/console-pivotante-de-siege-conducteur-ford-transit-2004-2013-uniquement-pour-vehicule-avec-frein-a-main-a-gauche\\\/#breadcrumb\"},\"inLanguage\":\"fr-FR\",\"potentialAction\":[{\"@type\":\"ReadAction\",\"target\":[\"https:\\\/\\\/shop.bantam.ch\\\/fr\\\/produit\\\/console-pivotante-de-siege-conducteur-ford-transit-2004-2013-uniquement-pour-vehicule-avec-frein-a-main-a-gauche\\\/\"]}]},{\"@type\":\"ImageObject\",\"inLanguage\":\"fr-FR\",\"@id\":\"https:\\\/\\\/shop.bantam.ch\\\/fr\\\/produit\\\/console-pivotante-de-siege-conducteur-ford-transit-2004-2013-uniquement-pour-vehicule-avec-frein-a-main-a-gauche\\\/#primaryimage\",\"url\":\"https:\\\/\\\/shop.bantam.ch\\\/wp-content\\\/uploads\\\/2023\\\/05\\\/996972611.jpg\",\"contentUrl\":\"https:\\\/\\\/shop.bantam.ch\\\/wp-content\\\/uploads\\\/2023\\\/05\\\/996972611.jpg\",\"width\":1000,\"height\":665},{\"@type\":\"BreadcrumbList\",\"@id\":\"https:\\\/\\\/shop.bantam.ch\\\/fr\\\/produit\\\/console-pivotante-de-siege-conducteur-ford-transit-2004-2013-uniquement-pour-vehicule-avec-frein-a-main-a-gauche\\\/#breadcrumb\",\"itemListElement\":[{\"@type\":\"ListItem\",\"position\":1,\"name\":\"Accueil\",\"item\":\"https:\\\/\\\/shop.bantam.ch\\\/fr\\\/\"},{\"@type\":\"ListItem\",\"position\":2,\"name\":\"Boutique\",\"item\":\"https:\\\/\\\/shop.bantam.ch\\\/fr\\\/boutique\\\/\"},{\"@type\":\"ListItem\",\"position\":3,\"name\":\"Console rotative, axe milieu C\u00f4t\u00e9 conducteur pour Ford Transit de\u00a02004 \u00e0 2013\"}]},{\"@type\":\"WebSite\",\"@id\":\"https:\\\/\\\/shop.bantam.ch\\\/fr\\\/#website\",\"url\":\"https:\\\/\\\/shop.bantam.ch\\\/fr\\\/\",\"name\":\"Bantam Wankm\u00fcller SA\",\"description\":\"\",\"publisher\":{\"@id\":\"https:\\\/\\\/shop.bantam.ch\\\/fr\\\/#organization\"},\"inLanguage\":\"fr-FR\"},{\"@type\":\"Organization\",\"@id\":\"https:\\\/\\\/shop.bantam.ch\\\/fr\\\/#organization\",\"name\":\"Bantam Wankm\u00fcller SA\",\"url\":\"https:\\\/\\\/shop.bantam.ch\\\/fr\\\/\",\"logo\":{\"@type\":\"ImageObject\",\"inLanguage\":\"fr-FR\",\"@id\":\"https:\\\/\\\/shop.bantam.ch\\\/fr\\\/#\\\/schema\\\/logo\\\/image\\\/\",\"url\":\"https:\\\/\\\/shop.bantam.ch\\\/wp-content\\\/uploads\\\/2022\\\/12\\\/bantam-logo.png\",\"contentUrl\":\"https:\\\/\\\/shop.bantam.ch\\\/wp-content\\\/uploads\\\/2022\\\/12\\\/bantam-logo.png\",\"width\":320,\"height\":71,\"caption\":\"Bantam Wankm\u00fcller SA\"},\"image\":{\"@id\":\"https:\\\/\\\/shop.bantam.ch\\\/fr\\\/#\\\/schema\\\/logo\\\/image\\\/\"}}]}<\/script>\n<!-- \/ Yoast SEO plugin. -->","yoast_head_json":{"title":"Console rotative, axe milieu C\u00f4t\u00e9 conducteur pour Ford Transit de\u00a02004 \u00e0 2013 - Bantam Wankm\u00fcller SA","robots":{"index":"index","follow":"follow","max-snippet":"max-snippet:-1","max-image-preview":"max-image-preview:large","max-video-preview":"max-video-preview:-1"},"canonical":"https:\/\/shop.bantam.ch\/fr\/produit\/console-pivotante-de-siege-conducteur-ford-transit-2004-2013-uniquement-pour-vehicule-avec-frein-a-main-a-gauche\/","og_locale":"fr_FR","og_type":"article","og_title":"Console rotative, axe milieu C\u00f4t\u00e9 conducteur pour Ford Transit de\u00a02004 \u00e0 2013 - Bantam Wankm\u00fcller SA","og_description":"Console rotative, rotative au milieu. Montage du si\u00e8ge conducteur entre le si\u00e8ge d\u2019origine et les rails de guidage Ford. Ne convient pas aux v\u00e9hicules disposant du frein \u00e0 main \u00e0 droite. Si\u00e8ge d\u2019origine ABS","og_url":"https:\/\/shop.bantam.ch\/fr\/produit\/console-pivotante-de-siege-conducteur-ford-transit-2004-2013-uniquement-pour-vehicule-avec-frein-a-main-a-gauche\/","og_site_name":"Bantam Wankm\u00fcller SA","article_modified_time":"2026-04-20T20:34:49+00:00","og_image":[{"width":1000,"height":665,"url":"https:\/\/shop.bantam.ch\/wp-content\/uploads\/2023\/05\/996972611.jpg","type":"image\/jpeg"}],"twitter_card":"summary_large_image","schema":{"@context":"https:\/\/schema.org","@graph":[{"@type":"WebPage","@id":"https:\/\/shop.bantam.ch\/fr\/produit\/console-pivotante-de-siege-conducteur-ford-transit-2004-2013-uniquement-pour-vehicule-avec-frein-a-main-a-gauche\/","url":"https:\/\/shop.bantam.ch\/fr\/produit\/console-pivotante-de-siege-conducteur-ford-transit-2004-2013-uniquement-pour-vehicule-avec-frein-a-main-a-gauche\/","name":"Console rotative, axe milieu C\u00f4t\u00e9 conducteur pour Ford Transit de\u00a02004 \u00e0 2013 - Bantam Wankm\u00fcller SA","isPartOf":{"@id":"https:\/\/shop.bantam.ch\/fr\/#website"},"primaryImageOfPage":{"@id":"https:\/\/shop.bantam.ch\/fr\/produit\/console-pivotante-de-siege-conducteur-ford-transit-2004-2013-uniquement-pour-vehicule-avec-frein-a-main-a-gauche\/#primaryimage"},"image":{"@id":"https:\/\/shop.bantam.ch\/fr\/produit\/console-pivotante-de-siege-conducteur-ford-transit-2004-2013-uniquement-pour-vehicule-avec-frein-a-main-a-gauche\/#primaryimage"},"thumbnailUrl":"https:\/\/shop.bantam.ch\/wp-content\/uploads\/2023\/05\/996972611.jpg","datePublished":"2023-05-25T09:13:16+00:00","dateModified":"2026-04-20T20:34:49+00:00","breadcrumb":{"@id":"https:\/\/shop.bantam.ch\/fr\/produit\/console-pivotante-de-siege-conducteur-ford-transit-2004-2013-uniquement-pour-vehicule-avec-frein-a-main-a-gauche\/#breadcrumb"},"inLanguage":"fr-FR","potentialAction":[{"@type":"ReadAction","target":["https:\/\/shop.bantam.ch\/fr\/produit\/console-pivotante-de-siege-conducteur-ford-transit-2004-2013-uniquement-pour-vehicule-avec-frein-a-main-a-gauche\/"]}]},{"@type":"ImageObject","inLanguage":"fr-FR","@id":"https:\/\/shop.bantam.ch\/fr\/produit\/console-pivotante-de-siege-conducteur-ford-transit-2004-2013-uniquement-pour-vehicule-avec-frein-a-main-a-gauche\/#primaryimage","url":"https:\/\/shop.bantam.ch\/wp-content\/uploads\/2023\/05\/996972611.jpg","contentUrl":"https:\/\/shop.bantam.ch\/wp-content\/uploads\/2023\/05\/996972611.jpg","width":1000,"height":665},{"@type":"BreadcrumbList","@id":"https:\/\/shop.bantam.ch\/fr\/produit\/console-pivotante-de-siege-conducteur-ford-transit-2004-2013-uniquement-pour-vehicule-avec-frein-a-main-a-gauche\/#breadcrumb","itemListElement":[{"@type":"ListItem","position":1,"name":"Accueil","item":"https:\/\/shop.bantam.ch\/fr\/"},{"@type":"ListItem","position":2,"name":"Boutique","item":"https:\/\/shop.bantam.ch\/fr\/boutique\/"},{"@type":"ListItem","position":3,"name":"Console rotative, axe milieu C\u00f4t\u00e9 conducteur pour Ford Transit de\u00a02004 \u00e0 2013"}]},{"@type":"WebSite","@id":"https:\/\/shop.bantam.ch\/fr\/#website","url":"https:\/\/shop.bantam.ch\/fr\/","name":"Bantam Wankm\u00fcller SA","description":"","publisher":{"@id":"https:\/\/shop.bantam.ch\/fr\/#organization"},"inLanguage":"fr-FR"},{"@type":"Organization","@id":"https:\/\/shop.bantam.ch\/fr\/#organization","name":"Bantam Wankm\u00fcller SA","url":"https:\/\/shop.bantam.ch\/fr\/","logo":{"@type":"ImageObject","inLanguage":"fr-FR","@id":"https:\/\/shop.bantam.ch\/fr\/#\/schema\/logo\/image\/","url":"https:\/\/shop.bantam.ch\/wp-content\/uploads\/2022\/12\/bantam-logo.png","contentUrl":"https:\/\/shop.bantam.ch\/wp-content\/uploads\/2022\/12\/bantam-logo.png","width":320,"height":71,"caption":"Bantam Wankm\u00fcller SA"},"image":{"@id":"https:\/\/shop.bantam.ch\/fr\/#\/schema\/logo\/image\/"}}]}},"_links":{"self":[{"href":"https:\/\/shop.bantam.ch\/fr\/wp-json\/wp\/v2\/product\/169289","targetHints":{"allow":["GET"]}}],"collection":[{"href":"https:\/\/shop.bantam.ch\/fr\/wp-json\/wp\/v2\/product"}],"about":[{"href":"https:\/\/shop.bantam.ch\/fr\/wp-json\/wp\/v2\/types\/product"}],"wp:featuredmedia":[{"embeddable":true,"href":"https:\/\/shop.bantam.ch\/fr\/wp-json\/wp\/v2\/media\/169287"}],"wp:attachment":[{"href":"https:\/\/shop.bantam.ch\/fr\/wp-json\/wp\/v2\/media?parent=169289"}],"wp:term":[{"taxonomy":"product_featured_cat","embeddable":true,"href":"https:\/\/shop.bantam.ch\/fr\/wp-json\/wp\/v2\/product_featured_cat?post=169289"},{"taxonomy":"product_brand","embeddable":true,"href":"https:\/\/shop.bantam.ch\/fr\/wp-json\/wp\/v2\/product_brand?post=169289"},{"taxonomy":"product_cat","embeddable":true,"href":"https:\/\/shop.bantam.ch\/fr\/wp-json\/wp\/v2\/product_cat?post=169289"},{"taxonomy":"product_tag","embeddable":true,"href":"https:\/\/shop.bantam.ch\/fr\/wp-json\/wp\/v2\/product_tag?post=169289"}],"curies":[{"name":"wp","href":"https:\/\/api.w.org\/{rel}","templated":true}]}}