{"id":169281,"date":"2023-05-25T11:12:55","date_gmt":"2023-05-25T09:12:55","guid":{"rendered":"https:\/\/shop.bantam.ch\/produit\/adaptateur-de-profile-plat-ducato\/"},"modified":"2026-04-22T22:33:53","modified_gmt":"2026-04-22T20:33:53","slug":"adaptateur-de-profile-plat-ducato","status":"publish","type":"product","link":"https:\/\/shop.bantam.ch\/fr\/produit\/adaptateur-de-profile-plat-ducato\/","title":{"rendered":"Adaptateur pour Si\u00e8ge S.x Ducato\u00a0230 depuis 1995-2002 et Ducato\u00a0244 de 2002 \u00e0 2006 et Ducato jsq 1994"},"content":{"rendered":"<p>Adaptateur plat pour si\u00e8ges Sportcraft. Montage entre les rails de guidage et le si\u00e8ge.<\/p>\n<ul>\n<li>Fiat Ducato, Citro\u00ebn Jumper, Peugeot Boxer de 1995 \u00e0 2002<\/li>\n<li>Fiat Ducato, Citro\u00ebn\u00a0C25, Peugeot\u00a0J5, Talbot Express jusqu\u2019\u00e0 1994<\/li>\n<li>Si\u00e8ge Sportcraft<\/li>\n<li>ABS<\/li>\n<\/ul>\n","protected":false},"excerpt":{"rendered":"<p>Adaptateur plat pour si\u00e8ges Sportcraft. Montage entre les rails de guidage et le si\u00e8ge. Fiat Ducato, Citro\u00ebn Jumper, Peugeot Boxer de 1995 \u00e0 2002 Fiat Ducato, Citro\u00ebn\u00a0C25, Peugeot\u00a0J5, Talbot Express jusqu\u2019\u00e0 1994 Si\u00e8ge Sportcraft ABS<\/p>\n","protected":false},"featured_media":169279,"template":"","meta":{"_acf_changed":false},"product_featured_cat":[],"product_brand":[3036],"product_cat":[4757],"product_tag":[],"class_list":{"0":"post-169281","1":"product","2":"type-product","3":"status-publish","4":"has-post-thumbnail","6":"product_brand-sportscraft","7":"product_cat-consoles-rotatives","9":"first","10":"instock","11":"taxable","12":"shipping-taxable","13":"purchasable","14":"product-type-simple"},"acf":[],"yoast_head":"<!-- This site is optimized with the Yoast SEO plugin v27.4 - https:\/\/yoast.com\/product\/yoast-seo-wordpress\/ -->\n<title>Adaptateur pour Si\u00e8ge S.x Ducato\u00a0230 depuis 1995-2002 et Ducato\u00a0244 de 2002 \u00e0 2006 et Ducato jsq 1994 - Bantam Wankm\u00fcller SA<\/title>\n<meta name=\"robots\" content=\"index, follow, max-snippet:-1, max-image-preview:large, max-video-preview:-1\" \/>\n<link rel=\"canonical\" href=\"https:\/\/shop.bantam.ch\/fr\/produit\/adaptateur-de-profile-plat-ducato\/\" \/>\n<meta property=\"og:locale\" content=\"fr_FR\" \/>\n<meta property=\"og:type\" content=\"article\" \/>\n<meta property=\"og:title\" content=\"Adaptateur pour Si\u00e8ge S.x Ducato\u00a0230 depuis 1995-2002 et Ducato\u00a0244 de 2002 \u00e0 2006 et Ducato jsq 1994 - Bantam Wankm\u00fcller SA\" \/>\n<meta property=\"og:description\" content=\"Adaptateur plat pour si\u00e8ges Sportcraft. Montage entre les rails de guidage et le si\u00e8ge. Fiat Ducato, Citro\u00ebn Jumper, Peugeot Boxer de 1995 \u00e0 2002 Fiat Ducato, Citro\u00ebn\u00a0C25, Peugeot\u00a0J5, Talbot Express jusqu\u2019\u00e0 1994 Si\u00e8ge Sportcraft ABS\" \/>\n<meta property=\"og:url\" content=\"https:\/\/shop.bantam.ch\/fr\/produit\/adaptateur-de-profile-plat-ducato\/\" \/>\n<meta property=\"og:site_name\" content=\"Bantam Wankm\u00fcller SA\" \/>\n<meta property=\"article:modified_time\" content=\"2026-04-22T20:33:53+00:00\" \/>\n<meta property=\"og:image\" content=\"https:\/\/shop.bantam.ch\/wp-content\/uploads\/2023\/05\/9969691-100-1-3-scaled.jpg\" \/>\n\t<meta property=\"og:image:width\" content=\"2048\" \/>\n\t<meta property=\"og:image:height\" content=\"1363\" \/>\n\t<meta property=\"og:image:type\" content=\"image\/jpeg\" \/>\n<meta name=\"twitter:card\" content=\"summary_large_image\" \/>\n<script type=\"application\/ld+json\" class=\"yoast-schema-graph\">{\"@context\":\"https:\\\/\\\/schema.org\",\"@graph\":[{\"@type\":\"WebPage\",\"@id\":\"https:\\\/\\\/shop.bantam.ch\\\/fr\\\/produit\\\/adaptateur-de-profile-plat-ducato\\\/\",\"url\":\"https:\\\/\\\/shop.bantam.ch\\\/fr\\\/produit\\\/adaptateur-de-profile-plat-ducato\\\/\",\"name\":\"Adaptateur pour Si\u00e8ge S.x Ducato\u00a0230 depuis 1995-2002 et Ducato\u00a0244 de 2002 \u00e0 2006 et Ducato jsq 1994 - Bantam Wankm\u00fcller SA\",\"isPartOf\":{\"@id\":\"https:\\\/\\\/shop.bantam.ch\\\/fr\\\/#website\"},\"primaryImageOfPage\":{\"@id\":\"https:\\\/\\\/shop.bantam.ch\\\/fr\\\/produit\\\/adaptateur-de-profile-plat-ducato\\\/#primaryimage\"},\"image\":{\"@id\":\"https:\\\/\\\/shop.bantam.ch\\\/fr\\\/produit\\\/adaptateur-de-profile-plat-ducato\\\/#primaryimage\"},\"thumbnailUrl\":\"https:\\\/\\\/shop.bantam.ch\\\/wp-content\\\/uploads\\\/2023\\\/05\\\/9969691-100-1-3-scaled.jpg\",\"datePublished\":\"2023-05-25T09:12:55+00:00\",\"dateModified\":\"2026-04-22T20:33:53+00:00\",\"breadcrumb\":{\"@id\":\"https:\\\/\\\/shop.bantam.ch\\\/fr\\\/produit\\\/adaptateur-de-profile-plat-ducato\\\/#breadcrumb\"},\"inLanguage\":\"fr-FR\",\"potentialAction\":[{\"@type\":\"ReadAction\",\"target\":[\"https:\\\/\\\/shop.bantam.ch\\\/fr\\\/produit\\\/adaptateur-de-profile-plat-ducato\\\/\"]}]},{\"@type\":\"ImageObject\",\"inLanguage\":\"fr-FR\",\"@id\":\"https:\\\/\\\/shop.bantam.ch\\\/fr\\\/produit\\\/adaptateur-de-profile-plat-ducato\\\/#primaryimage\",\"url\":\"https:\\\/\\\/shop.bantam.ch\\\/wp-content\\\/uploads\\\/2023\\\/05\\\/9969691-100-1-3-scaled.jpg\",\"contentUrl\":\"https:\\\/\\\/shop.bantam.ch\\\/wp-content\\\/uploads\\\/2023\\\/05\\\/9969691-100-1-3-scaled.jpg\",\"width\":2048,\"height\":1363},{\"@type\":\"BreadcrumbList\",\"@id\":\"https:\\\/\\\/shop.bantam.ch\\\/fr\\\/produit\\\/adaptateur-de-profile-plat-ducato\\\/#breadcrumb\",\"itemListElement\":[{\"@type\":\"ListItem\",\"position\":1,\"name\":\"Accueil\",\"item\":\"https:\\\/\\\/shop.bantam.ch\\\/fr\\\/\"},{\"@type\":\"ListItem\",\"position\":2,\"name\":\"Boutique\",\"item\":\"https:\\\/\\\/shop.bantam.ch\\\/fr\\\/boutique\\\/\"},{\"@type\":\"ListItem\",\"position\":3,\"name\":\"Adaptateur pour Si\u00e8ge S.x Ducato\u00a0230 depuis 1995-2002 et Ducato\u00a0244 de 2002 \u00e0 2006 et Ducato jsq 1994\"}]},{\"@type\":\"WebSite\",\"@id\":\"https:\\\/\\\/shop.bantam.ch\\\/fr\\\/#website\",\"url\":\"https:\\\/\\\/shop.bantam.ch\\\/fr\\\/\",\"name\":\"Bantam Wankm\u00fcller SA\",\"description\":\"\",\"publisher\":{\"@id\":\"https:\\\/\\\/shop.bantam.ch\\\/fr\\\/#organization\"},\"inLanguage\":\"fr-FR\"},{\"@type\":\"Organization\",\"@id\":\"https:\\\/\\\/shop.bantam.ch\\\/fr\\\/#organization\",\"name\":\"Bantam Wankm\u00fcller SA\",\"url\":\"https:\\\/\\\/shop.bantam.ch\\\/fr\\\/\",\"logo\":{\"@type\":\"ImageObject\",\"inLanguage\":\"fr-FR\",\"@id\":\"https:\\\/\\\/shop.bantam.ch\\\/fr\\\/#\\\/schema\\\/logo\\\/image\\\/\",\"url\":\"https:\\\/\\\/shop.bantam.ch\\\/wp-content\\\/uploads\\\/2022\\\/12\\\/bantam-logo.png\",\"contentUrl\":\"https:\\\/\\\/shop.bantam.ch\\\/wp-content\\\/uploads\\\/2022\\\/12\\\/bantam-logo.png\",\"width\":320,\"height\":71,\"caption\":\"Bantam Wankm\u00fcller SA\"},\"image\":{\"@id\":\"https:\\\/\\\/shop.bantam.ch\\\/fr\\\/#\\\/schema\\\/logo\\\/image\\\/\"}}]}<\/script>\n<!-- \/ Yoast SEO plugin. -->","yoast_head_json":{"title":"Adaptateur pour Si\u00e8ge S.x Ducato\u00a0230 depuis 1995-2002 et Ducato\u00a0244 de 2002 \u00e0 2006 et Ducato jsq 1994 - Bantam Wankm\u00fcller SA","robots":{"index":"index","follow":"follow","max-snippet":"max-snippet:-1","max-image-preview":"max-image-preview:large","max-video-preview":"max-video-preview:-1"},"canonical":"https:\/\/shop.bantam.ch\/fr\/produit\/adaptateur-de-profile-plat-ducato\/","og_locale":"fr_FR","og_type":"article","og_title":"Adaptateur pour Si\u00e8ge S.x Ducato\u00a0230 depuis 1995-2002 et Ducato\u00a0244 de 2002 \u00e0 2006 et Ducato jsq 1994 - Bantam Wankm\u00fcller SA","og_description":"Adaptateur plat pour si\u00e8ges Sportcraft. Montage entre les rails de guidage et le si\u00e8ge. Fiat Ducato, Citro\u00ebn Jumper, Peugeot Boxer de 1995 \u00e0 2002 Fiat Ducato, Citro\u00ebn\u00a0C25, Peugeot\u00a0J5, Talbot Express jusqu\u2019\u00e0 1994 Si\u00e8ge Sportcraft ABS","og_url":"https:\/\/shop.bantam.ch\/fr\/produit\/adaptateur-de-profile-plat-ducato\/","og_site_name":"Bantam Wankm\u00fcller SA","article_modified_time":"2026-04-22T20:33:53+00:00","og_image":[{"width":2048,"height":1363,"url":"https:\/\/shop.bantam.ch\/wp-content\/uploads\/2023\/05\/9969691-100-1-3-scaled.jpg","type":"image\/jpeg"}],"twitter_card":"summary_large_image","schema":{"@context":"https:\/\/schema.org","@graph":[{"@type":"WebPage","@id":"https:\/\/shop.bantam.ch\/fr\/produit\/adaptateur-de-profile-plat-ducato\/","url":"https:\/\/shop.bantam.ch\/fr\/produit\/adaptateur-de-profile-plat-ducato\/","name":"Adaptateur pour Si\u00e8ge S.x Ducato\u00a0230 depuis 1995-2002 et Ducato\u00a0244 de 2002 \u00e0 2006 et Ducato jsq 1994 - Bantam Wankm\u00fcller SA","isPartOf":{"@id":"https:\/\/shop.bantam.ch\/fr\/#website"},"primaryImageOfPage":{"@id":"https:\/\/shop.bantam.ch\/fr\/produit\/adaptateur-de-profile-plat-ducato\/#primaryimage"},"image":{"@id":"https:\/\/shop.bantam.ch\/fr\/produit\/adaptateur-de-profile-plat-ducato\/#primaryimage"},"thumbnailUrl":"https:\/\/shop.bantam.ch\/wp-content\/uploads\/2023\/05\/9969691-100-1-3-scaled.jpg","datePublished":"2023-05-25T09:12:55+00:00","dateModified":"2026-04-22T20:33:53+00:00","breadcrumb":{"@id":"https:\/\/shop.bantam.ch\/fr\/produit\/adaptateur-de-profile-plat-ducato\/#breadcrumb"},"inLanguage":"fr-FR","potentialAction":[{"@type":"ReadAction","target":["https:\/\/shop.bantam.ch\/fr\/produit\/adaptateur-de-profile-plat-ducato\/"]}]},{"@type":"ImageObject","inLanguage":"fr-FR","@id":"https:\/\/shop.bantam.ch\/fr\/produit\/adaptateur-de-profile-plat-ducato\/#primaryimage","url":"https:\/\/shop.bantam.ch\/wp-content\/uploads\/2023\/05\/9969691-100-1-3-scaled.jpg","contentUrl":"https:\/\/shop.bantam.ch\/wp-content\/uploads\/2023\/05\/9969691-100-1-3-scaled.jpg","width":2048,"height":1363},{"@type":"BreadcrumbList","@id":"https:\/\/shop.bantam.ch\/fr\/produit\/adaptateur-de-profile-plat-ducato\/#breadcrumb","itemListElement":[{"@type":"ListItem","position":1,"name":"Accueil","item":"https:\/\/shop.bantam.ch\/fr\/"},{"@type":"ListItem","position":2,"name":"Boutique","item":"https:\/\/shop.bantam.ch\/fr\/boutique\/"},{"@type":"ListItem","position":3,"name":"Adaptateur pour Si\u00e8ge S.x Ducato\u00a0230 depuis 1995-2002 et Ducato\u00a0244 de 2002 \u00e0 2006 et Ducato jsq 1994"}]},{"@type":"WebSite","@id":"https:\/\/shop.bantam.ch\/fr\/#website","url":"https:\/\/shop.bantam.ch\/fr\/","name":"Bantam Wankm\u00fcller SA","description":"","publisher":{"@id":"https:\/\/shop.bantam.ch\/fr\/#organization"},"inLanguage":"fr-FR"},{"@type":"Organization","@id":"https:\/\/shop.bantam.ch\/fr\/#organization","name":"Bantam Wankm\u00fcller SA","url":"https:\/\/shop.bantam.ch\/fr\/","logo":{"@type":"ImageObject","inLanguage":"fr-FR","@id":"https:\/\/shop.bantam.ch\/fr\/#\/schema\/logo\/image\/","url":"https:\/\/shop.bantam.ch\/wp-content\/uploads\/2022\/12\/bantam-logo.png","contentUrl":"https:\/\/shop.bantam.ch\/wp-content\/uploads\/2022\/12\/bantam-logo.png","width":320,"height":71,"caption":"Bantam Wankm\u00fcller SA"},"image":{"@id":"https:\/\/shop.bantam.ch\/fr\/#\/schema\/logo\/image\/"}}]}},"_links":{"self":[{"href":"https:\/\/shop.bantam.ch\/fr\/wp-json\/wp\/v2\/product\/169281","targetHints":{"allow":["GET"]}}],"collection":[{"href":"https:\/\/shop.bantam.ch\/fr\/wp-json\/wp\/v2\/product"}],"about":[{"href":"https:\/\/shop.bantam.ch\/fr\/wp-json\/wp\/v2\/types\/product"}],"wp:featuredmedia":[{"embeddable":true,"href":"https:\/\/shop.bantam.ch\/fr\/wp-json\/wp\/v2\/media\/169279"}],"wp:attachment":[{"href":"https:\/\/shop.bantam.ch\/fr\/wp-json\/wp\/v2\/media?parent=169281"}],"wp:term":[{"taxonomy":"product_featured_cat","embeddable":true,"href":"https:\/\/shop.bantam.ch\/fr\/wp-json\/wp\/v2\/product_featured_cat?post=169281"},{"taxonomy":"product_brand","embeddable":true,"href":"https:\/\/shop.bantam.ch\/fr\/wp-json\/wp\/v2\/product_brand?post=169281"},{"taxonomy":"product_cat","embeddable":true,"href":"https:\/\/shop.bantam.ch\/fr\/wp-json\/wp\/v2\/product_cat?post=169281"},{"taxonomy":"product_tag","embeddable":true,"href":"https:\/\/shop.bantam.ch\/fr\/wp-json\/wp\/v2\/product_tag?post=169281"}],"curies":[{"name":"wp","href":"https:\/\/api.w.org\/{rel}","templated":true}]}}