{"id":168669,"date":"2024-02-26T09:57:09","date_gmt":"2024-02-26T08:57:09","guid":{"rendered":"https:\/\/shop.bantam.ch\/produit\/batterie-agm-100a-20h-moove\/"},"modified":"2026-04-18T22:34:55","modified_gmt":"2026-04-18T20:34:55","slug":"batterie-agm-100a-20h-moove","status":"publish","type":"product","link":"https:\/\/shop.bantam.ch\/fr\/produit\/batterie-agm-100a-20h-moove\/","title":{"rendered":"Batterie AGM 100A\/20H Moove"},"content":{"rendered":"<p>Batterie Stationnaire AGM<br \/>\nAGM signifie Absorbed Glass Mat : l\u2019\u00e9lectrolyte est imbib\u00e9 dans les s\u00e9parateurs en fibre de verre dispos\u00e9s entre les plaques.<br \/>\nCette technologie de batterie est qualifi\u00e9e de faible entretien car les batteries ne n\u00e9cessitent jamais de remise en eau.<br \/>\nUne batterie AGM est plus adapt\u00e9e pour fournir un courant tr\u00e8s \u00e9lev\u00e9 sur une courte dur\u00e9e.<\/p>\n<p>Bac L5D<br \/>\nTension (V) 12<br \/>\nCapacit\u00e9 Ah\/20H 100<br \/>\nDimensions : 345 L x 175 l x 230 H (en mm)<\/p>\n","protected":false},"excerpt":{"rendered":"<p>Batterie Stationnaire AGM AGM signifie Absorbed Glass Mat : l\u2019\u00e9lectrolyte est imbib\u00e9 dans les s\u00e9parateurs en fibre de verre dispos\u00e9s entre les plaques. Cette technologie de batterie est qualifi\u00e9e de faible entretien car les batteries ne n\u00e9cessitent jamais de remise en eau. Une batterie AGM est plus adapt\u00e9e pour fournir un courant tr\u00e8s \u00e9lev\u00e9 sur [&hellip;]<\/p>\n","protected":false},"featured_media":203014,"template":"","meta":{"_acf_changed":false},"product_featured_cat":[5296],"product_brand":[3810],"product_cat":[4903],"product_tag":[],"class_list":{"0":"post-168669","1":"product","2":"type-product","3":"status-publish","4":"has-post-thumbnail","6":"product_featured_cat-prix-bantam-hindelbank-fr","7":"product_brand-moove","8":"product_cat-batteries-de-bord","10":"first","11":"instock","12":"taxable","13":"shipping-taxable","14":"purchasable","15":"product-type-simple"},"acf":[],"yoast_head":"<!-- This site is optimized with the Yoast SEO plugin v27.4 - https:\/\/yoast.com\/product\/yoast-seo-wordpress\/ -->\n<title>Batterie AGM 100A\/20H Moove - Bantam Wankm\u00fcller SA<\/title>\n<meta name=\"robots\" content=\"index, follow, max-snippet:-1, max-image-preview:large, max-video-preview:-1\" \/>\n<link rel=\"canonical\" href=\"https:\/\/shop.bantam.ch\/fr\/produit\/batterie-agm-100a-20h-moove\/\" \/>\n<meta property=\"og:locale\" content=\"fr_FR\" \/>\n<meta property=\"og:type\" content=\"article\" \/>\n<meta property=\"og:title\" content=\"Batterie AGM 100A\/20H Moove - Bantam Wankm\u00fcller SA\" \/>\n<meta property=\"og:description\" content=\"Batterie Stationnaire AGM AGM signifie Absorbed Glass Mat : l\u2019\u00e9lectrolyte est imbib\u00e9 dans les s\u00e9parateurs en fibre de verre dispos\u00e9s entre les plaques. Cette technologie de batterie est qualifi\u00e9e de faible entretien car les batteries ne n\u00e9cessitent jamais de remise en eau. Une batterie AGM est plus adapt\u00e9e pour fournir un courant tr\u00e8s \u00e9lev\u00e9 sur [&hellip;]\" \/>\n<meta property=\"og:url\" content=\"https:\/\/shop.bantam.ch\/fr\/produit\/batterie-agm-100a-20h-moove\/\" \/>\n<meta property=\"og:site_name\" content=\"Bantam Wankm\u00fcller SA\" \/>\n<meta property=\"article:modified_time\" content=\"2026-04-18T20:34:55+00:00\" \/>\n<meta property=\"og:image\" content=\"https:\/\/shop.bantam.ch\/wp-content\/uploads\/2024\/06\/batterie-agm-100a-20h-moove_1024x1024@2x.jpg\" \/>\n\t<meta property=\"og:image:width\" content=\"643\" \/>\n\t<meta property=\"og:image:height\" content=\"643\" \/>\n\t<meta property=\"og:image:type\" content=\"image\/jpeg\" \/>\n<meta name=\"twitter:card\" content=\"summary_large_image\" \/>\n<meta name=\"twitter:label1\" content=\"Dur\u00e9e de lecture estim\u00e9e\" \/>\n\t<meta name=\"twitter:data1\" content=\"1 minute\" \/>\n<script type=\"application\/ld+json\" class=\"yoast-schema-graph\">{\"@context\":\"https:\\\/\\\/schema.org\",\"@graph\":[{\"@type\":\"WebPage\",\"@id\":\"https:\\\/\\\/shop.bantam.ch\\\/fr\\\/produit\\\/batterie-agm-100a-20h-moove\\\/\",\"url\":\"https:\\\/\\\/shop.bantam.ch\\\/fr\\\/produit\\\/batterie-agm-100a-20h-moove\\\/\",\"name\":\"Batterie AGM 100A\\\/20H Moove - Bantam Wankm\u00fcller SA\",\"isPartOf\":{\"@id\":\"https:\\\/\\\/shop.bantam.ch\\\/fr\\\/#website\"},\"primaryImageOfPage\":{\"@id\":\"https:\\\/\\\/shop.bantam.ch\\\/fr\\\/produit\\\/batterie-agm-100a-20h-moove\\\/#primaryimage\"},\"image\":{\"@id\":\"https:\\\/\\\/shop.bantam.ch\\\/fr\\\/produit\\\/batterie-agm-100a-20h-moove\\\/#primaryimage\"},\"thumbnailUrl\":\"https:\\\/\\\/shop.bantam.ch\\\/wp-content\\\/uploads\\\/2024\\\/06\\\/batterie-agm-100a-20h-moove_1024x1024@2x.jpg\",\"datePublished\":\"2024-02-26T08:57:09+00:00\",\"dateModified\":\"2026-04-18T20:34:55+00:00\",\"breadcrumb\":{\"@id\":\"https:\\\/\\\/shop.bantam.ch\\\/fr\\\/produit\\\/batterie-agm-100a-20h-moove\\\/#breadcrumb\"},\"inLanguage\":\"fr-FR\",\"potentialAction\":[{\"@type\":\"ReadAction\",\"target\":[\"https:\\\/\\\/shop.bantam.ch\\\/fr\\\/produit\\\/batterie-agm-100a-20h-moove\\\/\"]}]},{\"@type\":\"ImageObject\",\"inLanguage\":\"fr-FR\",\"@id\":\"https:\\\/\\\/shop.bantam.ch\\\/fr\\\/produit\\\/batterie-agm-100a-20h-moove\\\/#primaryimage\",\"url\":\"https:\\\/\\\/shop.bantam.ch\\\/wp-content\\\/uploads\\\/2024\\\/06\\\/batterie-agm-100a-20h-moove_1024x1024@2x.jpg\",\"contentUrl\":\"https:\\\/\\\/shop.bantam.ch\\\/wp-content\\\/uploads\\\/2024\\\/06\\\/batterie-agm-100a-20h-moove_1024x1024@2x.jpg\",\"width\":643,\"height\":643},{\"@type\":\"BreadcrumbList\",\"@id\":\"https:\\\/\\\/shop.bantam.ch\\\/fr\\\/produit\\\/batterie-agm-100a-20h-moove\\\/#breadcrumb\",\"itemListElement\":[{\"@type\":\"ListItem\",\"position\":1,\"name\":\"Accueil\",\"item\":\"https:\\\/\\\/shop.bantam.ch\\\/fr\\\/\"},{\"@type\":\"ListItem\",\"position\":2,\"name\":\"Boutique\",\"item\":\"https:\\\/\\\/shop.bantam.ch\\\/fr\\\/boutique\\\/\"},{\"@type\":\"ListItem\",\"position\":3,\"name\":\"Batterie AGM 100A\\\/20H Moove\"}]},{\"@type\":\"WebSite\",\"@id\":\"https:\\\/\\\/shop.bantam.ch\\\/fr\\\/#website\",\"url\":\"https:\\\/\\\/shop.bantam.ch\\\/fr\\\/\",\"name\":\"Bantam Wankm\u00fcller SA\",\"description\":\"\",\"publisher\":{\"@id\":\"https:\\\/\\\/shop.bantam.ch\\\/fr\\\/#organization\"},\"inLanguage\":\"fr-FR\"},{\"@type\":\"Organization\",\"@id\":\"https:\\\/\\\/shop.bantam.ch\\\/fr\\\/#organization\",\"name\":\"Bantam Wankm\u00fcller SA\",\"url\":\"https:\\\/\\\/shop.bantam.ch\\\/fr\\\/\",\"logo\":{\"@type\":\"ImageObject\",\"inLanguage\":\"fr-FR\",\"@id\":\"https:\\\/\\\/shop.bantam.ch\\\/fr\\\/#\\\/schema\\\/logo\\\/image\\\/\",\"url\":\"https:\\\/\\\/shop.bantam.ch\\\/wp-content\\\/uploads\\\/2022\\\/12\\\/bantam-logo.png\",\"contentUrl\":\"https:\\\/\\\/shop.bantam.ch\\\/wp-content\\\/uploads\\\/2022\\\/12\\\/bantam-logo.png\",\"width\":320,\"height\":71,\"caption\":\"Bantam Wankm\u00fcller SA\"},\"image\":{\"@id\":\"https:\\\/\\\/shop.bantam.ch\\\/fr\\\/#\\\/schema\\\/logo\\\/image\\\/\"}}]}<\/script>\n<!-- \/ Yoast SEO plugin. -->","yoast_head_json":{"title":"Batterie AGM 100A\/20H Moove - Bantam Wankm\u00fcller SA","robots":{"index":"index","follow":"follow","max-snippet":"max-snippet:-1","max-image-preview":"max-image-preview:large","max-video-preview":"max-video-preview:-1"},"canonical":"https:\/\/shop.bantam.ch\/fr\/produit\/batterie-agm-100a-20h-moove\/","og_locale":"fr_FR","og_type":"article","og_title":"Batterie AGM 100A\/20H Moove - Bantam Wankm\u00fcller SA","og_description":"Batterie Stationnaire AGM AGM signifie Absorbed Glass Mat : l\u2019\u00e9lectrolyte est imbib\u00e9 dans les s\u00e9parateurs en fibre de verre dispos\u00e9s entre les plaques. Cette technologie de batterie est qualifi\u00e9e de faible entretien car les batteries ne n\u00e9cessitent jamais de remise en eau. Une batterie AGM est plus adapt\u00e9e pour fournir un courant tr\u00e8s \u00e9lev\u00e9 sur [&hellip;]","og_url":"https:\/\/shop.bantam.ch\/fr\/produit\/batterie-agm-100a-20h-moove\/","og_site_name":"Bantam Wankm\u00fcller SA","article_modified_time":"2026-04-18T20:34:55+00:00","og_image":[{"width":643,"height":643,"url":"https:\/\/shop.bantam.ch\/wp-content\/uploads\/2024\/06\/batterie-agm-100a-20h-moove_1024x1024@2x.jpg","type":"image\/jpeg"}],"twitter_card":"summary_large_image","twitter_misc":{"Dur\u00e9e de lecture estim\u00e9e":"1 minute"},"schema":{"@context":"https:\/\/schema.org","@graph":[{"@type":"WebPage","@id":"https:\/\/shop.bantam.ch\/fr\/produit\/batterie-agm-100a-20h-moove\/","url":"https:\/\/shop.bantam.ch\/fr\/produit\/batterie-agm-100a-20h-moove\/","name":"Batterie AGM 100A\/20H Moove - Bantam Wankm\u00fcller SA","isPartOf":{"@id":"https:\/\/shop.bantam.ch\/fr\/#website"},"primaryImageOfPage":{"@id":"https:\/\/shop.bantam.ch\/fr\/produit\/batterie-agm-100a-20h-moove\/#primaryimage"},"image":{"@id":"https:\/\/shop.bantam.ch\/fr\/produit\/batterie-agm-100a-20h-moove\/#primaryimage"},"thumbnailUrl":"https:\/\/shop.bantam.ch\/wp-content\/uploads\/2024\/06\/batterie-agm-100a-20h-moove_1024x1024@2x.jpg","datePublished":"2024-02-26T08:57:09+00:00","dateModified":"2026-04-18T20:34:55+00:00","breadcrumb":{"@id":"https:\/\/shop.bantam.ch\/fr\/produit\/batterie-agm-100a-20h-moove\/#breadcrumb"},"inLanguage":"fr-FR","potentialAction":[{"@type":"ReadAction","target":["https:\/\/shop.bantam.ch\/fr\/produit\/batterie-agm-100a-20h-moove\/"]}]},{"@type":"ImageObject","inLanguage":"fr-FR","@id":"https:\/\/shop.bantam.ch\/fr\/produit\/batterie-agm-100a-20h-moove\/#primaryimage","url":"https:\/\/shop.bantam.ch\/wp-content\/uploads\/2024\/06\/batterie-agm-100a-20h-moove_1024x1024@2x.jpg","contentUrl":"https:\/\/shop.bantam.ch\/wp-content\/uploads\/2024\/06\/batterie-agm-100a-20h-moove_1024x1024@2x.jpg","width":643,"height":643},{"@type":"BreadcrumbList","@id":"https:\/\/shop.bantam.ch\/fr\/produit\/batterie-agm-100a-20h-moove\/#breadcrumb","itemListElement":[{"@type":"ListItem","position":1,"name":"Accueil","item":"https:\/\/shop.bantam.ch\/fr\/"},{"@type":"ListItem","position":2,"name":"Boutique","item":"https:\/\/shop.bantam.ch\/fr\/boutique\/"},{"@type":"ListItem","position":3,"name":"Batterie AGM 100A\/20H Moove"}]},{"@type":"WebSite","@id":"https:\/\/shop.bantam.ch\/fr\/#website","url":"https:\/\/shop.bantam.ch\/fr\/","name":"Bantam Wankm\u00fcller SA","description":"","publisher":{"@id":"https:\/\/shop.bantam.ch\/fr\/#organization"},"inLanguage":"fr-FR"},{"@type":"Organization","@id":"https:\/\/shop.bantam.ch\/fr\/#organization","name":"Bantam Wankm\u00fcller SA","url":"https:\/\/shop.bantam.ch\/fr\/","logo":{"@type":"ImageObject","inLanguage":"fr-FR","@id":"https:\/\/shop.bantam.ch\/fr\/#\/schema\/logo\/image\/","url":"https:\/\/shop.bantam.ch\/wp-content\/uploads\/2022\/12\/bantam-logo.png","contentUrl":"https:\/\/shop.bantam.ch\/wp-content\/uploads\/2022\/12\/bantam-logo.png","width":320,"height":71,"caption":"Bantam Wankm\u00fcller SA"},"image":{"@id":"https:\/\/shop.bantam.ch\/fr\/#\/schema\/logo\/image\/"}}]}},"_links":{"self":[{"href":"https:\/\/shop.bantam.ch\/fr\/wp-json\/wp\/v2\/product\/168669","targetHints":{"allow":["GET"]}}],"collection":[{"href":"https:\/\/shop.bantam.ch\/fr\/wp-json\/wp\/v2\/product"}],"about":[{"href":"https:\/\/shop.bantam.ch\/fr\/wp-json\/wp\/v2\/types\/product"}],"wp:featuredmedia":[{"embeddable":true,"href":"https:\/\/shop.bantam.ch\/fr\/wp-json\/wp\/v2\/media\/203014"}],"wp:attachment":[{"href":"https:\/\/shop.bantam.ch\/fr\/wp-json\/wp\/v2\/media?parent=168669"}],"wp:term":[{"taxonomy":"product_featured_cat","embeddable":true,"href":"https:\/\/shop.bantam.ch\/fr\/wp-json\/wp\/v2\/product_featured_cat?post=168669"},{"taxonomy":"product_brand","embeddable":true,"href":"https:\/\/shop.bantam.ch\/fr\/wp-json\/wp\/v2\/product_brand?post=168669"},{"taxonomy":"product_cat","embeddable":true,"href":"https:\/\/shop.bantam.ch\/fr\/wp-json\/wp\/v2\/product_cat?post=168669"},{"taxonomy":"product_tag","embeddable":true,"href":"https:\/\/shop.bantam.ch\/fr\/wp-json\/wp\/v2\/product_tag?post=168669"}],"curies":[{"name":"wp","href":"https:\/\/api.w.org\/{rel}","templated":true}]}}