{"id":168481,"date":"2023-04-17T11:37:58","date_gmt":"2023-04-17T09:37:58","guid":{"rendered":"https:\/\/shop.bantam.ch\/produit\/kit-panneau-solaire-140w\/"},"modified":"2026-05-08T22:32:57","modified_gmt":"2026-05-08T20:32:57","slug":"kit-panneau-solaire-140w","status":"publish","type":"product","link":"https:\/\/shop.bantam.ch\/fr\/produit\/kit-panneau-solaire-140w\/","title":{"rendered":"Kit Panneau solaire 140W + MPPT 15A"},"content":{"rendered":"<p>Sp\u00e9cialement con\u00e7u pour s\u2019adapter \u00e0 tous types de configurations : fourgon, toit bomb\u00e9, v\u00e9hicule capucine, bateaux&#8230;<\/p>\n<p>Les avantages de cette technologie sont nombreux : gain a\u00e9rodynamique sensible, durabilit\u00e9, rendement \u00e9lev\u00e9 et poids r\u00e9duit. Cellules PERC pour un rendement optimal.<\/p>\n<p>Ce pack contient\u00a0:<br \/>\n1x panneau solaire SemiFlex Perc 140W,<br \/>\n2x c\u00e2ble anti UV double,<br \/>\n1x passe toit \u00e9tanche slim.<\/p>\n<p>Puissance nominale : 140 W<br \/>\nTechnologie : Perc<br \/>\nTension \u00e0 puissance max : 22V<br \/>\nCourant \u00e0 puissance max : 7,28A<br \/>\nTension en circuit ouvert : 18,3V<br \/>\nCourant de court-ciruit : 6,85A<br \/>\nSection c\u00e2ble : 2&#215;4 mm2<\/p>\n<p>Dimension cellule : 210&#215;84 mm<br \/>\nRendement cellules : 22?dre : Feuille d&rsquo;aluminium 2mm<br \/>\nType fixation : Par collage \/ Rayon de courbure 5\u00b0 max.<br \/>\nFinition : Slim<br \/>\nConnectique DC : Premont\u00e9 avec c\u00e2ble 2&#215;5 m<br \/>\nProtection \/ securit\u00e9 : Diode anti-retour \/ c\u00e2ble anti-UV<br \/>\nDimensions hors tout en mm produit (L x l x H) : 1050*666*20<br \/>\nPoids : 3,4 kg<br \/>\nNorme boitier de connexion : IP65<br \/>\nLivr\u00e9 avec : Passe toit slim<br \/>\nCertiications, homologations : CE compatible environnement R10, IP67<br \/>\nGarantie : 2 ans<br \/>\nPuissane 1140 W. + r\u00e9gulateur MPPT 15A<\/p>\n","protected":false},"excerpt":{"rendered":"<p>Sp\u00e9cialement con\u00e7u pour s\u2019adapter \u00e0 tous types de configurations : fourgon, toit bomb\u00e9, v\u00e9hicule capucine, bateaux&#8230; Les avantages de cette technologie sont nombreux : gain a\u00e9rodynamique sensible, durabilit\u00e9, rendement \u00e9lev\u00e9 et poids r\u00e9duit. Cellules PERC pour un rendement optimal. Ce pack contient\u00a0: 1x panneau solaire SemiFlex Perc 140W, 2x c\u00e2ble anti UV double, 1x passe [&hellip;]<\/p>\n","protected":false},"featured_media":168475,"template":"","meta":{"_acf_changed":false},"product_featured_cat":[],"product_brand":[3808],"product_cat":[4879],"product_tag":[],"class_list":{"0":"post-168481","1":"product","2":"type-product","3":"status-publish","4":"has-post-thumbnail","6":"product_brand-perc","7":"product_cat-kits-solaires","9":"first","10":"instock","11":"taxable","12":"shipping-taxable","13":"purchasable","14":"product-type-simple"},"acf":[],"yoast_head":"<!-- This site is optimized with the Yoast SEO plugin v27.5 - https:\/\/yoast.com\/product\/yoast-seo-wordpress\/ -->\n<title>Kit Panneau solaire 140W + MPPT 15A - Bantam<\/title>\n<meta name=\"robots\" content=\"index, follow, max-snippet:-1, max-image-preview:large, max-video-preview:-1\" \/>\n<link rel=\"canonical\" href=\"https:\/\/shop.bantam.ch\/fr\/produit\/kit-panneau-solaire-140w\/\" \/>\n<meta property=\"og:locale\" content=\"fr_FR\" \/>\n<meta property=\"og:type\" content=\"article\" \/>\n<meta property=\"og:title\" content=\"Kit Panneau solaire 140W + MPPT 15A - Bantam\" \/>\n<meta property=\"og:description\" content=\"Sp\u00e9cialement con\u00e7u pour s\u2019adapter \u00e0 tous types de configurations : fourgon, toit bomb\u00e9, v\u00e9hicule capucine, bateaux&#8230; Les avantages de cette technologie sont nombreux : gain a\u00e9rodynamique sensible, durabilit\u00e9, rendement \u00e9lev\u00e9 et poids r\u00e9duit. Cellules PERC pour un rendement optimal. Ce pack contient\u00a0: 1x panneau solaire SemiFlex Perc 140W, 2x c\u00e2ble anti UV double, 1x passe [&hellip;]\" \/>\n<meta property=\"og:url\" content=\"https:\/\/shop.bantam.ch\/fr\/produit\/kit-panneau-solaire-140w\/\" \/>\n<meta property=\"og:site_name\" content=\"Bantam\" \/>\n<meta property=\"article:modified_time\" content=\"2026-05-08T20:32:57+00:00\" \/>\n<meta property=\"og:image\" content=\"https:\/\/shop.bantam.ch\/wp-content\/uploads\/2023\/04\/773230011.jpg\" \/>\n\t<meta property=\"og:image:width\" content=\"455\" \/>\n\t<meta property=\"og:image:height\" content=\"460\" \/>\n\t<meta property=\"og:image:type\" content=\"image\/jpeg\" \/>\n<meta name=\"twitter:card\" content=\"summary_large_image\" \/>\n<meta name=\"twitter:label1\" content=\"Dur\u00e9e de lecture estim\u00e9e\" \/>\n\t<meta name=\"twitter:data1\" content=\"1 minute\" \/>\n<script type=\"application\/ld+json\" class=\"yoast-schema-graph\">{\"@context\":\"https:\\\/\\\/schema.org\",\"@graph\":[{\"@type\":\"WebPage\",\"@id\":\"https:\\\/\\\/shop.bantam.ch\\\/fr\\\/produit\\\/kit-panneau-solaire-140w\\\/\",\"url\":\"https:\\\/\\\/shop.bantam.ch\\\/fr\\\/produit\\\/kit-panneau-solaire-140w\\\/\",\"name\":\"Kit Panneau solaire 140W + MPPT 15A - Bantam\",\"isPartOf\":{\"@id\":\"https:\\\/\\\/shop.bantam.ch\\\/fr\\\/#website\"},\"primaryImageOfPage\":{\"@id\":\"https:\\\/\\\/shop.bantam.ch\\\/fr\\\/produit\\\/kit-panneau-solaire-140w\\\/#primaryimage\"},\"image\":{\"@id\":\"https:\\\/\\\/shop.bantam.ch\\\/fr\\\/produit\\\/kit-panneau-solaire-140w\\\/#primaryimage\"},\"thumbnailUrl\":\"https:\\\/\\\/shop.bantam.ch\\\/wp-content\\\/uploads\\\/2023\\\/04\\\/773230011.jpg\",\"datePublished\":\"2023-04-17T09:37:58+00:00\",\"dateModified\":\"2026-05-08T20:32:57+00:00\",\"breadcrumb\":{\"@id\":\"https:\\\/\\\/shop.bantam.ch\\\/fr\\\/produit\\\/kit-panneau-solaire-140w\\\/#breadcrumb\"},\"inLanguage\":\"fr-FR\",\"potentialAction\":[{\"@type\":\"ReadAction\",\"target\":[\"https:\\\/\\\/shop.bantam.ch\\\/fr\\\/produit\\\/kit-panneau-solaire-140w\\\/\"]}]},{\"@type\":\"ImageObject\",\"inLanguage\":\"fr-FR\",\"@id\":\"https:\\\/\\\/shop.bantam.ch\\\/fr\\\/produit\\\/kit-panneau-solaire-140w\\\/#primaryimage\",\"url\":\"https:\\\/\\\/shop.bantam.ch\\\/wp-content\\\/uploads\\\/2023\\\/04\\\/773230011.jpg\",\"contentUrl\":\"https:\\\/\\\/shop.bantam.ch\\\/wp-content\\\/uploads\\\/2023\\\/04\\\/773230011.jpg\",\"width\":455,\"height\":460},{\"@type\":\"BreadcrumbList\",\"@id\":\"https:\\\/\\\/shop.bantam.ch\\\/fr\\\/produit\\\/kit-panneau-solaire-140w\\\/#breadcrumb\",\"itemListElement\":[{\"@type\":\"ListItem\",\"position\":1,\"name\":\"Accueil\",\"item\":\"https:\\\/\\\/shop.bantam.ch\\\/fr\\\/\"},{\"@type\":\"ListItem\",\"position\":2,\"name\":\"Boutique\",\"item\":\"https:\\\/\\\/shop.bantam.ch\\\/fr\\\/boutique\\\/\"},{\"@type\":\"ListItem\",\"position\":3,\"name\":\"Kit Panneau solaire 140W + MPPT 15A\"}]},{\"@type\":\"WebSite\",\"@id\":\"https:\\\/\\\/shop.bantam.ch\\\/fr\\\/#website\",\"url\":\"https:\\\/\\\/shop.bantam.ch\\\/fr\\\/\",\"name\":\"Bantam\",\"description\":\"\",\"publisher\":{\"@id\":\"https:\\\/\\\/shop.bantam.ch\\\/fr\\\/#organization\"},\"inLanguage\":\"fr-FR\"},{\"@type\":\"Organization\",\"@id\":\"https:\\\/\\\/shop.bantam.ch\\\/fr\\\/#organization\",\"name\":\"Bantam\",\"url\":\"https:\\\/\\\/shop.bantam.ch\\\/fr\\\/\",\"logo\":{\"@type\":\"ImageObject\",\"inLanguage\":\"fr-FR\",\"@id\":\"https:\\\/\\\/shop.bantam.ch\\\/fr\\\/#\\\/schema\\\/logo\\\/image\\\/\",\"url\":\"https:\\\/\\\/shop.bantam.ch\\\/wp-content\\\/uploads\\\/2022\\\/12\\\/bantam-logo.png\",\"contentUrl\":\"https:\\\/\\\/shop.bantam.ch\\\/wp-content\\\/uploads\\\/2022\\\/12\\\/bantam-logo.png\",\"width\":320,\"height\":71,\"caption\":\"Bantam\"},\"image\":{\"@id\":\"https:\\\/\\\/shop.bantam.ch\\\/fr\\\/#\\\/schema\\\/logo\\\/image\\\/\"}}]}<\/script>\n<!-- \/ Yoast SEO plugin. -->","yoast_head_json":{"title":"Kit Panneau solaire 140W + MPPT 15A - Bantam","robots":{"index":"index","follow":"follow","max-snippet":"max-snippet:-1","max-image-preview":"max-image-preview:large","max-video-preview":"max-video-preview:-1"},"canonical":"https:\/\/shop.bantam.ch\/fr\/produit\/kit-panneau-solaire-140w\/","og_locale":"fr_FR","og_type":"article","og_title":"Kit Panneau solaire 140W + MPPT 15A - Bantam","og_description":"Sp\u00e9cialement con\u00e7u pour s\u2019adapter \u00e0 tous types de configurations : fourgon, toit bomb\u00e9, v\u00e9hicule capucine, bateaux&#8230; Les avantages de cette technologie sont nombreux : gain a\u00e9rodynamique sensible, durabilit\u00e9, rendement \u00e9lev\u00e9 et poids r\u00e9duit. Cellules PERC pour un rendement optimal. Ce pack contient\u00a0: 1x panneau solaire SemiFlex Perc 140W, 2x c\u00e2ble anti UV double, 1x passe [&hellip;]","og_url":"https:\/\/shop.bantam.ch\/fr\/produit\/kit-panneau-solaire-140w\/","og_site_name":"Bantam","article_modified_time":"2026-05-08T20:32:57+00:00","og_image":[{"width":455,"height":460,"url":"https:\/\/shop.bantam.ch\/wp-content\/uploads\/2023\/04\/773230011.jpg","type":"image\/jpeg"}],"twitter_card":"summary_large_image","twitter_misc":{"Dur\u00e9e de lecture estim\u00e9e":"1 minute"},"schema":{"@context":"https:\/\/schema.org","@graph":[{"@type":"WebPage","@id":"https:\/\/shop.bantam.ch\/fr\/produit\/kit-panneau-solaire-140w\/","url":"https:\/\/shop.bantam.ch\/fr\/produit\/kit-panneau-solaire-140w\/","name":"Kit Panneau solaire 140W + MPPT 15A - Bantam","isPartOf":{"@id":"https:\/\/shop.bantam.ch\/fr\/#website"},"primaryImageOfPage":{"@id":"https:\/\/shop.bantam.ch\/fr\/produit\/kit-panneau-solaire-140w\/#primaryimage"},"image":{"@id":"https:\/\/shop.bantam.ch\/fr\/produit\/kit-panneau-solaire-140w\/#primaryimage"},"thumbnailUrl":"https:\/\/shop.bantam.ch\/wp-content\/uploads\/2023\/04\/773230011.jpg","datePublished":"2023-04-17T09:37:58+00:00","dateModified":"2026-05-08T20:32:57+00:00","breadcrumb":{"@id":"https:\/\/shop.bantam.ch\/fr\/produit\/kit-panneau-solaire-140w\/#breadcrumb"},"inLanguage":"fr-FR","potentialAction":[{"@type":"ReadAction","target":["https:\/\/shop.bantam.ch\/fr\/produit\/kit-panneau-solaire-140w\/"]}]},{"@type":"ImageObject","inLanguage":"fr-FR","@id":"https:\/\/shop.bantam.ch\/fr\/produit\/kit-panneau-solaire-140w\/#primaryimage","url":"https:\/\/shop.bantam.ch\/wp-content\/uploads\/2023\/04\/773230011.jpg","contentUrl":"https:\/\/shop.bantam.ch\/wp-content\/uploads\/2023\/04\/773230011.jpg","width":455,"height":460},{"@type":"BreadcrumbList","@id":"https:\/\/shop.bantam.ch\/fr\/produit\/kit-panneau-solaire-140w\/#breadcrumb","itemListElement":[{"@type":"ListItem","position":1,"name":"Accueil","item":"https:\/\/shop.bantam.ch\/fr\/"},{"@type":"ListItem","position":2,"name":"Boutique","item":"https:\/\/shop.bantam.ch\/fr\/boutique\/"},{"@type":"ListItem","position":3,"name":"Kit Panneau solaire 140W + MPPT 15A"}]},{"@type":"WebSite","@id":"https:\/\/shop.bantam.ch\/fr\/#website","url":"https:\/\/shop.bantam.ch\/fr\/","name":"Bantam","description":"","publisher":{"@id":"https:\/\/shop.bantam.ch\/fr\/#organization"},"inLanguage":"fr-FR"},{"@type":"Organization","@id":"https:\/\/shop.bantam.ch\/fr\/#organization","name":"Bantam","url":"https:\/\/shop.bantam.ch\/fr\/","logo":{"@type":"ImageObject","inLanguage":"fr-FR","@id":"https:\/\/shop.bantam.ch\/fr\/#\/schema\/logo\/image\/","url":"https:\/\/shop.bantam.ch\/wp-content\/uploads\/2022\/12\/bantam-logo.png","contentUrl":"https:\/\/shop.bantam.ch\/wp-content\/uploads\/2022\/12\/bantam-logo.png","width":320,"height":71,"caption":"Bantam"},"image":{"@id":"https:\/\/shop.bantam.ch\/fr\/#\/schema\/logo\/image\/"}}]}},"_links":{"self":[{"href":"https:\/\/shop.bantam.ch\/fr\/wp-json\/wp\/v2\/product\/168481","targetHints":{"allow":["GET"]}}],"collection":[{"href":"https:\/\/shop.bantam.ch\/fr\/wp-json\/wp\/v2\/product"}],"about":[{"href":"https:\/\/shop.bantam.ch\/fr\/wp-json\/wp\/v2\/types\/product"}],"wp:featuredmedia":[{"embeddable":true,"href":"https:\/\/shop.bantam.ch\/fr\/wp-json\/wp\/v2\/media\/168475"}],"wp:attachment":[{"href":"https:\/\/shop.bantam.ch\/fr\/wp-json\/wp\/v2\/media?parent=168481"}],"wp:term":[{"taxonomy":"product_featured_cat","embeddable":true,"href":"https:\/\/shop.bantam.ch\/fr\/wp-json\/wp\/v2\/product_featured_cat?post=168481"},{"taxonomy":"product_brand","embeddable":true,"href":"https:\/\/shop.bantam.ch\/fr\/wp-json\/wp\/v2\/product_brand?post=168481"},{"taxonomy":"product_cat","embeddable":true,"href":"https:\/\/shop.bantam.ch\/fr\/wp-json\/wp\/v2\/product_cat?post=168481"},{"taxonomy":"product_tag","embeddable":true,"href":"https:\/\/shop.bantam.ch\/fr\/wp-json\/wp\/v2\/product_tag?post=168481"}],"curies":[{"name":"wp","href":"https:\/\/api.w.org\/{rel}","templated":true}]}}