{"id":168464,"date":"2023-04-17T11:19:13","date_gmt":"2023-04-17T09:19:13","guid":{"rendered":"https:\/\/shop.bantam.ch\/produit\/separateur-2-bat-inovtech\/"},"modified":"2026-04-28T22:33:39","modified_gmt":"2026-04-28T20:33:39","slug":"separateur-2-bat-inovtech","status":"publish","type":"product","link":"https:\/\/shop.bantam.ch\/fr\/produit\/separateur-2-bat-inovtech\/","title":{"rendered":"Separateur 2 BAT Inovtech"},"content":{"rendered":"<p>Connectent et d\u00e9connectent automatiquement vos batteries install\u00e9es en parall\u00e8le selon des seuils de tension pr\u00e9d\u00e9finis. Pr\u00e9servent vos batteries d&rsquo;une d\u00e9charge compl\u00e8te qui pourrait les endommager. Donnent toujours la priorit\u00e9 \u00e0 la batterie moteur afin de pouvoir red\u00e9marrer partout sans encombre.<\/p>\n<p>Assure le couplage des batteries principale (batterie de d\u00e9marrage) et auxiliaire (batterie de service AGM ou Gel).<\/p>\n<p>Batteries : Moteur + 1 auxiliaire<br \/>\nSeuils : Connexion 13,6V \/ D\u00e9connexion 12,5V<br \/>\nFrigo : &#8211;<br \/>\nAccessoires : &#8211;<br \/>\nSecours : &#8211;<br \/>\nAutres : T\u00e9moin de couplage.<br \/>\nEntr\u00e9e : &#8211;<br \/>\nMod\u00e8le : Coupleur 2 batteries<br \/>\nAccessoires : &#8211;<br \/>\nAutres : T\u00e9moin de couplage.<br \/>\nAvec notice de montage d\u00e9taill\u00e9e<br \/>\nBatteries : Moteur + 1 auxiliaire. (alternateur EURO 5 et ant\u00e9rieur) Entr\u00e9e : &#8211;<br \/>\nCapacit\u00e9 batterie (individuelle) : 300 A\/heure<br \/>\nCompatible Batteries AGM et GEL. (non compatible batteries lithium)<br \/>\nCourant de charge max. 70 A<br \/>\nFrigo : &#8211;<br \/>\nSecours : &#8211;<br \/>\nSeuils : Connexion 13,6V \/ D\u00e9connexion 12,5V<\/p>\n","protected":false},"excerpt":{"rendered":"<p>Connectent et d\u00e9connectent automatiquement vos batteries install\u00e9es en parall\u00e8le selon des seuils de tension pr\u00e9d\u00e9finis. Pr\u00e9servent vos batteries d&rsquo;une d\u00e9charge compl\u00e8te qui pourrait les endommager. Donnent toujours la priorit\u00e9 \u00e0 la batterie moteur afin de pouvoir red\u00e9marrer partout sans encombre. Assure le couplage des batteries principale (batterie de d\u00e9marrage) et auxiliaire (batterie de service AGM [&hellip;]<\/p>\n","protected":false},"featured_media":168454,"template":"","meta":{"_acf_changed":false},"product_featured_cat":[],"product_brand":[3678],"product_cat":[4187],"product_tag":[],"class_list":{"0":"post-168464","1":"product","2":"type-product","3":"status-publish","4":"has-post-thumbnail","6":"product_brand-inovtech","7":"product_cat-batteries","9":"first","10":"instock","11":"taxable","12":"shipping-taxable","13":"purchasable","14":"product-type-simple"},"acf":[],"yoast_head":"<!-- This site is optimized with the Yoast SEO plugin v27.5 - https:\/\/yoast.com\/product\/yoast-seo-wordpress\/ -->\n<title>Separateur 2 BAT Inovtech - Bantam<\/title>\n<meta name=\"robots\" content=\"index, follow, max-snippet:-1, max-image-preview:large, max-video-preview:-1\" \/>\n<link rel=\"canonical\" href=\"https:\/\/shop.bantam.ch\/fr\/produit\/separateur-2-bat-inovtech\/\" \/>\n<meta property=\"og:locale\" content=\"fr_FR\" \/>\n<meta property=\"og:type\" content=\"article\" \/>\n<meta property=\"og:title\" content=\"Separateur 2 BAT Inovtech - Bantam\" \/>\n<meta property=\"og:description\" content=\"Connectent et d\u00e9connectent automatiquement vos batteries install\u00e9es en parall\u00e8le selon des seuils de tension pr\u00e9d\u00e9finis. Pr\u00e9servent vos batteries d&rsquo;une d\u00e9charge compl\u00e8te qui pourrait les endommager. Donnent toujours la priorit\u00e9 \u00e0 la batterie moteur afin de pouvoir red\u00e9marrer partout sans encombre. Assure le couplage des batteries principale (batterie de d\u00e9marrage) et auxiliaire (batterie de service AGM [&hellip;]\" \/>\n<meta property=\"og:url\" content=\"https:\/\/shop.bantam.ch\/fr\/produit\/separateur-2-bat-inovtech\/\" \/>\n<meta property=\"og:site_name\" content=\"Bantam\" \/>\n<meta property=\"article:modified_time\" content=\"2026-04-28T20:33:39+00:00\" \/>\n<meta property=\"og:image\" content=\"https:\/\/shop.bantam.ch\/wp-content\/uploads\/2023\/04\/773230074.jpg\" \/>\n\t<meta property=\"og:image:width\" content=\"455\" \/>\n\t<meta property=\"og:image:height\" content=\"460\" \/>\n\t<meta property=\"og:image:type\" content=\"image\/jpeg\" \/>\n<meta name=\"twitter:card\" content=\"summary_large_image\" \/>\n<meta name=\"twitter:label1\" content=\"Dur\u00e9e de lecture estim\u00e9e\" \/>\n\t<meta name=\"twitter:data1\" content=\"1 minute\" \/>\n<script type=\"application\/ld+json\" class=\"yoast-schema-graph\">{\"@context\":\"https:\\\/\\\/schema.org\",\"@graph\":[{\"@type\":\"WebPage\",\"@id\":\"https:\\\/\\\/shop.bantam.ch\\\/fr\\\/produit\\\/separateur-2-bat-inovtech\\\/\",\"url\":\"https:\\\/\\\/shop.bantam.ch\\\/fr\\\/produit\\\/separateur-2-bat-inovtech\\\/\",\"name\":\"Separateur 2 BAT Inovtech - Bantam\",\"isPartOf\":{\"@id\":\"https:\\\/\\\/shop.bantam.ch\\\/fr\\\/#website\"},\"primaryImageOfPage\":{\"@id\":\"https:\\\/\\\/shop.bantam.ch\\\/fr\\\/produit\\\/separateur-2-bat-inovtech\\\/#primaryimage\"},\"image\":{\"@id\":\"https:\\\/\\\/shop.bantam.ch\\\/fr\\\/produit\\\/separateur-2-bat-inovtech\\\/#primaryimage\"},\"thumbnailUrl\":\"https:\\\/\\\/shop.bantam.ch\\\/wp-content\\\/uploads\\\/2023\\\/04\\\/773230074.jpg\",\"datePublished\":\"2023-04-17T09:19:13+00:00\",\"dateModified\":\"2026-04-28T20:33:39+00:00\",\"breadcrumb\":{\"@id\":\"https:\\\/\\\/shop.bantam.ch\\\/fr\\\/produit\\\/separateur-2-bat-inovtech\\\/#breadcrumb\"},\"inLanguage\":\"fr-FR\",\"potentialAction\":[{\"@type\":\"ReadAction\",\"target\":[\"https:\\\/\\\/shop.bantam.ch\\\/fr\\\/produit\\\/separateur-2-bat-inovtech\\\/\"]}]},{\"@type\":\"ImageObject\",\"inLanguage\":\"fr-FR\",\"@id\":\"https:\\\/\\\/shop.bantam.ch\\\/fr\\\/produit\\\/separateur-2-bat-inovtech\\\/#primaryimage\",\"url\":\"https:\\\/\\\/shop.bantam.ch\\\/wp-content\\\/uploads\\\/2023\\\/04\\\/773230074.jpg\",\"contentUrl\":\"https:\\\/\\\/shop.bantam.ch\\\/wp-content\\\/uploads\\\/2023\\\/04\\\/773230074.jpg\",\"width\":455,\"height\":460},{\"@type\":\"BreadcrumbList\",\"@id\":\"https:\\\/\\\/shop.bantam.ch\\\/fr\\\/produit\\\/separateur-2-bat-inovtech\\\/#breadcrumb\",\"itemListElement\":[{\"@type\":\"ListItem\",\"position\":1,\"name\":\"Accueil\",\"item\":\"https:\\\/\\\/shop.bantam.ch\\\/fr\\\/\"},{\"@type\":\"ListItem\",\"position\":2,\"name\":\"Boutique\",\"item\":\"https:\\\/\\\/shop.bantam.ch\\\/fr\\\/boutique\\\/\"},{\"@type\":\"ListItem\",\"position\":3,\"name\":\"Separateur 2 BAT Inovtech\"}]},{\"@type\":\"WebSite\",\"@id\":\"https:\\\/\\\/shop.bantam.ch\\\/fr\\\/#website\",\"url\":\"https:\\\/\\\/shop.bantam.ch\\\/fr\\\/\",\"name\":\"Bantam\",\"description\":\"\",\"publisher\":{\"@id\":\"https:\\\/\\\/shop.bantam.ch\\\/fr\\\/#organization\"},\"inLanguage\":\"fr-FR\"},{\"@type\":\"Organization\",\"@id\":\"https:\\\/\\\/shop.bantam.ch\\\/fr\\\/#organization\",\"name\":\"Bantam\",\"url\":\"https:\\\/\\\/shop.bantam.ch\\\/fr\\\/\",\"logo\":{\"@type\":\"ImageObject\",\"inLanguage\":\"fr-FR\",\"@id\":\"https:\\\/\\\/shop.bantam.ch\\\/fr\\\/#\\\/schema\\\/logo\\\/image\\\/\",\"url\":\"https:\\\/\\\/shop.bantam.ch\\\/wp-content\\\/uploads\\\/2022\\\/12\\\/bantam-logo.png\",\"contentUrl\":\"https:\\\/\\\/shop.bantam.ch\\\/wp-content\\\/uploads\\\/2022\\\/12\\\/bantam-logo.png\",\"width\":320,\"height\":71,\"caption\":\"Bantam\"},\"image\":{\"@id\":\"https:\\\/\\\/shop.bantam.ch\\\/fr\\\/#\\\/schema\\\/logo\\\/image\\\/\"}}]}<\/script>\n<!-- \/ Yoast SEO plugin. -->","yoast_head_json":{"title":"Separateur 2 BAT Inovtech - Bantam","robots":{"index":"index","follow":"follow","max-snippet":"max-snippet:-1","max-image-preview":"max-image-preview:large","max-video-preview":"max-video-preview:-1"},"canonical":"https:\/\/shop.bantam.ch\/fr\/produit\/separateur-2-bat-inovtech\/","og_locale":"fr_FR","og_type":"article","og_title":"Separateur 2 BAT Inovtech - Bantam","og_description":"Connectent et d\u00e9connectent automatiquement vos batteries install\u00e9es en parall\u00e8le selon des seuils de tension pr\u00e9d\u00e9finis. Pr\u00e9servent vos batteries d&rsquo;une d\u00e9charge compl\u00e8te qui pourrait les endommager. Donnent toujours la priorit\u00e9 \u00e0 la batterie moteur afin de pouvoir red\u00e9marrer partout sans encombre. Assure le couplage des batteries principale (batterie de d\u00e9marrage) et auxiliaire (batterie de service AGM [&hellip;]","og_url":"https:\/\/shop.bantam.ch\/fr\/produit\/separateur-2-bat-inovtech\/","og_site_name":"Bantam","article_modified_time":"2026-04-28T20:33:39+00:00","og_image":[{"width":455,"height":460,"url":"https:\/\/shop.bantam.ch\/wp-content\/uploads\/2023\/04\/773230074.jpg","type":"image\/jpeg"}],"twitter_card":"summary_large_image","twitter_misc":{"Dur\u00e9e de lecture estim\u00e9e":"1 minute"},"schema":{"@context":"https:\/\/schema.org","@graph":[{"@type":"WebPage","@id":"https:\/\/shop.bantam.ch\/fr\/produit\/separateur-2-bat-inovtech\/","url":"https:\/\/shop.bantam.ch\/fr\/produit\/separateur-2-bat-inovtech\/","name":"Separateur 2 BAT Inovtech - Bantam","isPartOf":{"@id":"https:\/\/shop.bantam.ch\/fr\/#website"},"primaryImageOfPage":{"@id":"https:\/\/shop.bantam.ch\/fr\/produit\/separateur-2-bat-inovtech\/#primaryimage"},"image":{"@id":"https:\/\/shop.bantam.ch\/fr\/produit\/separateur-2-bat-inovtech\/#primaryimage"},"thumbnailUrl":"https:\/\/shop.bantam.ch\/wp-content\/uploads\/2023\/04\/773230074.jpg","datePublished":"2023-04-17T09:19:13+00:00","dateModified":"2026-04-28T20:33:39+00:00","breadcrumb":{"@id":"https:\/\/shop.bantam.ch\/fr\/produit\/separateur-2-bat-inovtech\/#breadcrumb"},"inLanguage":"fr-FR","potentialAction":[{"@type":"ReadAction","target":["https:\/\/shop.bantam.ch\/fr\/produit\/separateur-2-bat-inovtech\/"]}]},{"@type":"ImageObject","inLanguage":"fr-FR","@id":"https:\/\/shop.bantam.ch\/fr\/produit\/separateur-2-bat-inovtech\/#primaryimage","url":"https:\/\/shop.bantam.ch\/wp-content\/uploads\/2023\/04\/773230074.jpg","contentUrl":"https:\/\/shop.bantam.ch\/wp-content\/uploads\/2023\/04\/773230074.jpg","width":455,"height":460},{"@type":"BreadcrumbList","@id":"https:\/\/shop.bantam.ch\/fr\/produit\/separateur-2-bat-inovtech\/#breadcrumb","itemListElement":[{"@type":"ListItem","position":1,"name":"Accueil","item":"https:\/\/shop.bantam.ch\/fr\/"},{"@type":"ListItem","position":2,"name":"Boutique","item":"https:\/\/shop.bantam.ch\/fr\/boutique\/"},{"@type":"ListItem","position":3,"name":"Separateur 2 BAT Inovtech"}]},{"@type":"WebSite","@id":"https:\/\/shop.bantam.ch\/fr\/#website","url":"https:\/\/shop.bantam.ch\/fr\/","name":"Bantam","description":"","publisher":{"@id":"https:\/\/shop.bantam.ch\/fr\/#organization"},"inLanguage":"fr-FR"},{"@type":"Organization","@id":"https:\/\/shop.bantam.ch\/fr\/#organization","name":"Bantam","url":"https:\/\/shop.bantam.ch\/fr\/","logo":{"@type":"ImageObject","inLanguage":"fr-FR","@id":"https:\/\/shop.bantam.ch\/fr\/#\/schema\/logo\/image\/","url":"https:\/\/shop.bantam.ch\/wp-content\/uploads\/2022\/12\/bantam-logo.png","contentUrl":"https:\/\/shop.bantam.ch\/wp-content\/uploads\/2022\/12\/bantam-logo.png","width":320,"height":71,"caption":"Bantam"},"image":{"@id":"https:\/\/shop.bantam.ch\/fr\/#\/schema\/logo\/image\/"}}]}},"_links":{"self":[{"href":"https:\/\/shop.bantam.ch\/fr\/wp-json\/wp\/v2\/product\/168464","targetHints":{"allow":["GET"]}}],"collection":[{"href":"https:\/\/shop.bantam.ch\/fr\/wp-json\/wp\/v2\/product"}],"about":[{"href":"https:\/\/shop.bantam.ch\/fr\/wp-json\/wp\/v2\/types\/product"}],"wp:featuredmedia":[{"embeddable":true,"href":"https:\/\/shop.bantam.ch\/fr\/wp-json\/wp\/v2\/media\/168454"}],"wp:attachment":[{"href":"https:\/\/shop.bantam.ch\/fr\/wp-json\/wp\/v2\/media?parent=168464"}],"wp:term":[{"taxonomy":"product_featured_cat","embeddable":true,"href":"https:\/\/shop.bantam.ch\/fr\/wp-json\/wp\/v2\/product_featured_cat?post=168464"},{"taxonomy":"product_brand","embeddable":true,"href":"https:\/\/shop.bantam.ch\/fr\/wp-json\/wp\/v2\/product_brand?post=168464"},{"taxonomy":"product_cat","embeddable":true,"href":"https:\/\/shop.bantam.ch\/fr\/wp-json\/wp\/v2\/product_cat?post=168464"},{"taxonomy":"product_tag","embeddable":true,"href":"https:\/\/shop.bantam.ch\/fr\/wp-json\/wp\/v2\/product_tag?post=168464"}],"curies":[{"name":"wp","href":"https:\/\/api.w.org\/{rel}","templated":true}]}}