{"id":168432,"date":"2023-04-17T11:07:07","date_gmt":"2023-04-17T09:07:07","guid":{"rendered":"https:\/\/shop.bantam.ch\/produit\/attelage-fourgon-ducato-standard\/"},"modified":"2026-04-22T22:33:17","modified_gmt":"2026-04-22T20:33:17","slug":"attelage-fourgon-ducato-standard","status":"publish","type":"product","link":"https:\/\/shop.bantam.ch\/fr\/produit\/attelage-fourgon-ducato-standard\/","title":{"rendered":"Attelage Fourgon Ducato standard"},"content":{"rendered":"<p>Construction plate, \u00e9l\u00e9gante, robuste et r\u00e9sistante \u00e0 la corrosion, valeur D 12, 5 kN (charge remorquable jusqu&rsquo;\u00e0 2000 kg pour 3500 kg). Livraison unit\u00e9 de montage d\u00e9sassembl\u00e9e avec certificat d&rsquo;homologation CE<br \/>\nSyst\u00e8me de rotule d&rsquo;attelage amovible en option.<br \/>\nJeu de c\u00e2bles \u00e9lectriques \u00e0 commander s\u00e9par\u00e9ment<\/p>\n","protected":false},"excerpt":{"rendered":"<p>Construction plate, \u00e9l\u00e9gante, robuste et r\u00e9sistante \u00e0 la corrosion, valeur D 12, 5 kN (charge remorquable jusqu&rsquo;\u00e0 2000 kg pour 3500 kg). Livraison unit\u00e9 de montage d\u00e9sassembl\u00e9e avec certificat d&rsquo;homologation CE Syst\u00e8me de rotule d&rsquo;attelage amovible en option. Jeu de c\u00e2bles \u00e9lectriques \u00e0 commander s\u00e9par\u00e9ment<\/p>\n","protected":false},"featured_media":168430,"template":"","meta":{"_acf_changed":false},"product_featured_cat":[],"product_brand":[3800],"product_cat":[4795],"product_tag":[],"class_list":{"0":"post-168432","1":"product","2":"type-product","3":"status-publish","4":"has-post-thumbnail","6":"product_brand-ducato","7":"product_cat-attelages-de-remorque","9":"first","10":"instock","11":"taxable","12":"shipping-taxable","13":"purchasable","14":"product-type-simple"},"acf":[],"yoast_head":"<!-- This site is optimized with the Yoast SEO plugin v27.4 - https:\/\/yoast.com\/product\/yoast-seo-wordpress\/ -->\n<title>Attelage Fourgon Ducato standard - Bantam Wankm\u00fcller SA<\/title>\n<meta name=\"robots\" content=\"index, follow, max-snippet:-1, max-image-preview:large, max-video-preview:-1\" \/>\n<link rel=\"canonical\" href=\"https:\/\/shop.bantam.ch\/fr\/produit\/attelage-fourgon-ducato-standard\/\" \/>\n<meta property=\"og:locale\" content=\"fr_FR\" \/>\n<meta property=\"og:type\" content=\"article\" \/>\n<meta property=\"og:title\" content=\"Attelage Fourgon Ducato standard - Bantam Wankm\u00fcller SA\" \/>\n<meta property=\"og:description\" content=\"Construction plate, \u00e9l\u00e9gante, robuste et r\u00e9sistante \u00e0 la corrosion, valeur D 12, 5 kN (charge remorquable jusqu&rsquo;\u00e0 2000 kg pour 3500 kg). Livraison unit\u00e9 de montage d\u00e9sassembl\u00e9e avec certificat d&rsquo;homologation CE Syst\u00e8me de rotule d&rsquo;attelage amovible en option. Jeu de c\u00e2bles \u00e9lectriques \u00e0 commander s\u00e9par\u00e9ment\" \/>\n<meta property=\"og:url\" content=\"https:\/\/shop.bantam.ch\/fr\/produit\/attelage-fourgon-ducato-standard\/\" \/>\n<meta property=\"og:site_name\" content=\"Bantam Wankm\u00fcller SA\" \/>\n<meta property=\"article:modified_time\" content=\"2026-04-22T20:33:17+00:00\" \/>\n<meta property=\"og:image\" content=\"https:\/\/shop.bantam.ch\/wp-content\/uploads\/2023\/04\/13023003-scaled.jpg\" \/>\n\t<meta property=\"og:image:width\" content=\"2869\" \/>\n\t<meta property=\"og:image:height\" content=\"1437\" \/>\n\t<meta property=\"og:image:type\" content=\"image\/jpeg\" \/>\n<meta name=\"twitter:card\" content=\"summary_large_image\" \/>\n<script type=\"application\/ld+json\" class=\"yoast-schema-graph\">{\"@context\":\"https:\\\/\\\/schema.org\",\"@graph\":[{\"@type\":\"WebPage\",\"@id\":\"https:\\\/\\\/shop.bantam.ch\\\/fr\\\/produit\\\/attelage-fourgon-ducato-standard\\\/\",\"url\":\"https:\\\/\\\/shop.bantam.ch\\\/fr\\\/produit\\\/attelage-fourgon-ducato-standard\\\/\",\"name\":\"Attelage Fourgon Ducato standard - Bantam Wankm\u00fcller SA\",\"isPartOf\":{\"@id\":\"https:\\\/\\\/shop.bantam.ch\\\/fr\\\/#website\"},\"primaryImageOfPage\":{\"@id\":\"https:\\\/\\\/shop.bantam.ch\\\/fr\\\/produit\\\/attelage-fourgon-ducato-standard\\\/#primaryimage\"},\"image\":{\"@id\":\"https:\\\/\\\/shop.bantam.ch\\\/fr\\\/produit\\\/attelage-fourgon-ducato-standard\\\/#primaryimage\"},\"thumbnailUrl\":\"https:\\\/\\\/shop.bantam.ch\\\/wp-content\\\/uploads\\\/2023\\\/04\\\/13023003-scaled.jpg\",\"datePublished\":\"2023-04-17T09:07:07+00:00\",\"dateModified\":\"2026-04-22T20:33:17+00:00\",\"breadcrumb\":{\"@id\":\"https:\\\/\\\/shop.bantam.ch\\\/fr\\\/produit\\\/attelage-fourgon-ducato-standard\\\/#breadcrumb\"},\"inLanguage\":\"fr-FR\",\"potentialAction\":[{\"@type\":\"ReadAction\",\"target\":[\"https:\\\/\\\/shop.bantam.ch\\\/fr\\\/produit\\\/attelage-fourgon-ducato-standard\\\/\"]}]},{\"@type\":\"ImageObject\",\"inLanguage\":\"fr-FR\",\"@id\":\"https:\\\/\\\/shop.bantam.ch\\\/fr\\\/produit\\\/attelage-fourgon-ducato-standard\\\/#primaryimage\",\"url\":\"https:\\\/\\\/shop.bantam.ch\\\/wp-content\\\/uploads\\\/2023\\\/04\\\/13023003-scaled.jpg\",\"contentUrl\":\"https:\\\/\\\/shop.bantam.ch\\\/wp-content\\\/uploads\\\/2023\\\/04\\\/13023003-scaled.jpg\",\"width\":2048,\"height\":1026},{\"@type\":\"BreadcrumbList\",\"@id\":\"https:\\\/\\\/shop.bantam.ch\\\/fr\\\/produit\\\/attelage-fourgon-ducato-standard\\\/#breadcrumb\",\"itemListElement\":[{\"@type\":\"ListItem\",\"position\":1,\"name\":\"Accueil\",\"item\":\"https:\\\/\\\/shop.bantam.ch\\\/fr\\\/\"},{\"@type\":\"ListItem\",\"position\":2,\"name\":\"Boutique\",\"item\":\"https:\\\/\\\/shop.bantam.ch\\\/fr\\\/boutique\\\/\"},{\"@type\":\"ListItem\",\"position\":3,\"name\":\"Attelage Fourgon Ducato standard\"}]},{\"@type\":\"WebSite\",\"@id\":\"https:\\\/\\\/shop.bantam.ch\\\/fr\\\/#website\",\"url\":\"https:\\\/\\\/shop.bantam.ch\\\/fr\\\/\",\"name\":\"Bantam Wankm\u00fcller SA\",\"description\":\"\",\"publisher\":{\"@id\":\"https:\\\/\\\/shop.bantam.ch\\\/fr\\\/#organization\"},\"inLanguage\":\"fr-FR\"},{\"@type\":\"Organization\",\"@id\":\"https:\\\/\\\/shop.bantam.ch\\\/fr\\\/#organization\",\"name\":\"Bantam Wankm\u00fcller SA\",\"url\":\"https:\\\/\\\/shop.bantam.ch\\\/fr\\\/\",\"logo\":{\"@type\":\"ImageObject\",\"inLanguage\":\"fr-FR\",\"@id\":\"https:\\\/\\\/shop.bantam.ch\\\/fr\\\/#\\\/schema\\\/logo\\\/image\\\/\",\"url\":\"https:\\\/\\\/shop.bantam.ch\\\/wp-content\\\/uploads\\\/2022\\\/12\\\/bantam-logo.png\",\"contentUrl\":\"https:\\\/\\\/shop.bantam.ch\\\/wp-content\\\/uploads\\\/2022\\\/12\\\/bantam-logo.png\",\"width\":320,\"height\":71,\"caption\":\"Bantam Wankm\u00fcller SA\"},\"image\":{\"@id\":\"https:\\\/\\\/shop.bantam.ch\\\/fr\\\/#\\\/schema\\\/logo\\\/image\\\/\"}}]}<\/script>\n<!-- \/ Yoast SEO plugin. -->","yoast_head_json":{"title":"Attelage Fourgon Ducato standard - Bantam Wankm\u00fcller SA","robots":{"index":"index","follow":"follow","max-snippet":"max-snippet:-1","max-image-preview":"max-image-preview:large","max-video-preview":"max-video-preview:-1"},"canonical":"https:\/\/shop.bantam.ch\/fr\/produit\/attelage-fourgon-ducato-standard\/","og_locale":"fr_FR","og_type":"article","og_title":"Attelage Fourgon Ducato standard - Bantam Wankm\u00fcller SA","og_description":"Construction plate, \u00e9l\u00e9gante, robuste et r\u00e9sistante \u00e0 la corrosion, valeur D 12, 5 kN (charge remorquable jusqu&rsquo;\u00e0 2000 kg pour 3500 kg). Livraison unit\u00e9 de montage d\u00e9sassembl\u00e9e avec certificat d&rsquo;homologation CE Syst\u00e8me de rotule d&rsquo;attelage amovible en option. Jeu de c\u00e2bles \u00e9lectriques \u00e0 commander s\u00e9par\u00e9ment","og_url":"https:\/\/shop.bantam.ch\/fr\/produit\/attelage-fourgon-ducato-standard\/","og_site_name":"Bantam Wankm\u00fcller SA","article_modified_time":"2026-04-22T20:33:17+00:00","og_image":[{"width":2869,"height":1437,"url":"https:\/\/shop.bantam.ch\/wp-content\/uploads\/2023\/04\/13023003-scaled.jpg","type":"image\/jpeg"}],"twitter_card":"summary_large_image","schema":{"@context":"https:\/\/schema.org","@graph":[{"@type":"WebPage","@id":"https:\/\/shop.bantam.ch\/fr\/produit\/attelage-fourgon-ducato-standard\/","url":"https:\/\/shop.bantam.ch\/fr\/produit\/attelage-fourgon-ducato-standard\/","name":"Attelage Fourgon Ducato standard - Bantam Wankm\u00fcller SA","isPartOf":{"@id":"https:\/\/shop.bantam.ch\/fr\/#website"},"primaryImageOfPage":{"@id":"https:\/\/shop.bantam.ch\/fr\/produit\/attelage-fourgon-ducato-standard\/#primaryimage"},"image":{"@id":"https:\/\/shop.bantam.ch\/fr\/produit\/attelage-fourgon-ducato-standard\/#primaryimage"},"thumbnailUrl":"https:\/\/shop.bantam.ch\/wp-content\/uploads\/2023\/04\/13023003-scaled.jpg","datePublished":"2023-04-17T09:07:07+00:00","dateModified":"2026-04-22T20:33:17+00:00","breadcrumb":{"@id":"https:\/\/shop.bantam.ch\/fr\/produit\/attelage-fourgon-ducato-standard\/#breadcrumb"},"inLanguage":"fr-FR","potentialAction":[{"@type":"ReadAction","target":["https:\/\/shop.bantam.ch\/fr\/produit\/attelage-fourgon-ducato-standard\/"]}]},{"@type":"ImageObject","inLanguage":"fr-FR","@id":"https:\/\/shop.bantam.ch\/fr\/produit\/attelage-fourgon-ducato-standard\/#primaryimage","url":"https:\/\/shop.bantam.ch\/wp-content\/uploads\/2023\/04\/13023003-scaled.jpg","contentUrl":"https:\/\/shop.bantam.ch\/wp-content\/uploads\/2023\/04\/13023003-scaled.jpg","width":2048,"height":1026},{"@type":"BreadcrumbList","@id":"https:\/\/shop.bantam.ch\/fr\/produit\/attelage-fourgon-ducato-standard\/#breadcrumb","itemListElement":[{"@type":"ListItem","position":1,"name":"Accueil","item":"https:\/\/shop.bantam.ch\/fr\/"},{"@type":"ListItem","position":2,"name":"Boutique","item":"https:\/\/shop.bantam.ch\/fr\/boutique\/"},{"@type":"ListItem","position":3,"name":"Attelage Fourgon Ducato standard"}]},{"@type":"WebSite","@id":"https:\/\/shop.bantam.ch\/fr\/#website","url":"https:\/\/shop.bantam.ch\/fr\/","name":"Bantam Wankm\u00fcller SA","description":"","publisher":{"@id":"https:\/\/shop.bantam.ch\/fr\/#organization"},"inLanguage":"fr-FR"},{"@type":"Organization","@id":"https:\/\/shop.bantam.ch\/fr\/#organization","name":"Bantam Wankm\u00fcller SA","url":"https:\/\/shop.bantam.ch\/fr\/","logo":{"@type":"ImageObject","inLanguage":"fr-FR","@id":"https:\/\/shop.bantam.ch\/fr\/#\/schema\/logo\/image\/","url":"https:\/\/shop.bantam.ch\/wp-content\/uploads\/2022\/12\/bantam-logo.png","contentUrl":"https:\/\/shop.bantam.ch\/wp-content\/uploads\/2022\/12\/bantam-logo.png","width":320,"height":71,"caption":"Bantam Wankm\u00fcller SA"},"image":{"@id":"https:\/\/shop.bantam.ch\/fr\/#\/schema\/logo\/image\/"}}]}},"_links":{"self":[{"href":"https:\/\/shop.bantam.ch\/fr\/wp-json\/wp\/v2\/product\/168432","targetHints":{"allow":["GET"]}}],"collection":[{"href":"https:\/\/shop.bantam.ch\/fr\/wp-json\/wp\/v2\/product"}],"about":[{"href":"https:\/\/shop.bantam.ch\/fr\/wp-json\/wp\/v2\/types\/product"}],"wp:featuredmedia":[{"embeddable":true,"href":"https:\/\/shop.bantam.ch\/fr\/wp-json\/wp\/v2\/media\/168430"}],"wp:attachment":[{"href":"https:\/\/shop.bantam.ch\/fr\/wp-json\/wp\/v2\/media?parent=168432"}],"wp:term":[{"taxonomy":"product_featured_cat","embeddable":true,"href":"https:\/\/shop.bantam.ch\/fr\/wp-json\/wp\/v2\/product_featured_cat?post=168432"},{"taxonomy":"product_brand","embeddable":true,"href":"https:\/\/shop.bantam.ch\/fr\/wp-json\/wp\/v2\/product_brand?post=168432"},{"taxonomy":"product_cat","embeddable":true,"href":"https:\/\/shop.bantam.ch\/fr\/wp-json\/wp\/v2\/product_cat?post=168432"},{"taxonomy":"product_tag","embeddable":true,"href":"https:\/\/shop.bantam.ch\/fr\/wp-json\/wp\/v2\/product_tag?post=168432"}],"curies":[{"name":"wp","href":"https:\/\/api.w.org\/{rel}","templated":true}]}}