{"id":167966,"date":"2023-03-29T13:13:20","date_gmt":"2023-03-29T11:13:20","guid":{"rendered":"https:\/\/shop.bantam.ch\/produit\/glaciere-a-compresseur-mt\/"},"modified":"2026-05-03T00:31:21","modified_gmt":"2026-05-02T22:31:21","slug":"glaciere-a-compresseur-mt","status":"publish","type":"product","link":"https:\/\/shop.bantam.ch\/fr\/produit\/glaciere-a-compresseur-mt\/","title":{"rendered":"Glaci\u00e8re \u00e0 compresseur\u00a0MT"},"content":{"rendered":"<p>La derni\u00e8re g\u00e9n\u00e9ration de compresseurs \u00e0 moteur oscillant ENGEL est encore plus silencieuse et efficace pour une consommation d\u2019\u00e9lectricit\u00e9 encore plus basse. Le compresseur ENGEL est le seul sur le march\u00e9 \u00e0 avoir \u00e9t\u00e9 d\u00e9velopp\u00e9 exclusivement pour une utilisation mobile. Utilisant une batterie, ses avantages sont ind\u00e9niables notamment son faible courant de d\u00e9marrage. Dans des conditions d\u2019utilisation identiques, avec les m\u00eames batteries et en cas de refroidissement normal c\u2019est-\u00e0-dire une plage de temp\u00e9ratures de +5\u00a0\u00b0C, il affiche une plus longue dur\u00e9e d\u2019utilisation que les autres compresseurs.<\/p>\n<ul>\n<li>Tr\u00e8s faible consommation d\u2019\u00e9nergie (32\u00a0W)<\/li>\n<li>Tient 30\u00a0% plus longtemps que des appareils comparables avec la m\u00eame source d\u2019alimentation<\/li>\n<li>Pas de courant de d\u00e9marrage plus \u00e9lev\u00e9 lors de la mise sous tension<\/li>\n<li>Pas de consommation \u00e9lectrique plus \u00e9lev\u00e9e en cas de temp\u00e9ratures ext\u00e9rieures extr\u00eames ou d\u2019utilisations intensives<\/li>\n<li>Baisse maximale de la temp\u00e9rature de 1-2\u00a0degr\u00e9s entre les cycles d\u2019allumage\/extinction (ind\u00e9pendamment de la temp\u00e9rature ext\u00e9rieure)<\/li>\n<li>Sp\u00e9cialement con\u00e7u pour une utilisation dans les domaines m\u00e9dicaux et pharmaceutiques et dans les laboratoires<\/li>\n<li>Dur\u00e9e de vie exceptionnelle, jusqu\u2019\u00e0 30\u00a0ans et plus<\/li>\n<li>Con\u00e7u pour une utilisation solaire<\/li>\n<li>100\u00a0% sans maintenance<\/li>\n<li>Isolation\u00a0PU, sans FCKW\/FKW<\/li>\n<li>Nettoyage simple gr\u00e2ce aux surfaces lisses<\/li>\n<li>Insensible lors des chocs ou des coups et en position oblique<\/li>\n<li>Volume 1\/3 plus important gr\u00e2ce \u00e0 l\u2019unit\u00e9 de r\u00e9frig\u00e9ration plac\u00e9e \u00e0 l\u2019ext\u00e9rieur du compartiment de r\u00e9frig\u00e9ration<\/li>\n<li>Fonctionnement optimal m\u00eame en cas de temp\u00e9ratures ext\u00e9rieures sup\u00e9rieures \u00e0 50\u00b0<\/li>\n<li>Garantie 5 ans<\/li>\n<\/ul>\n","protected":false},"excerpt":{"rendered":"<p>La derni\u00e8re g\u00e9n\u00e9ration de compresseurs \u00e0 moteur oscillant ENGEL est encore plus silencieuse et efficace pour une consommation d\u2019\u00e9lectricit\u00e9 encore plus basse. Le compresseur ENGEL est le seul sur le march\u00e9 \u00e0 avoir \u00e9t\u00e9 d\u00e9velopp\u00e9 exclusivement pour une utilisation mobile. Utilisant une batterie, ses avantages sont ind\u00e9niables notamment son faible courant de d\u00e9marrage. Dans des [&hellip;]<\/p>\n","protected":false},"featured_media":167956,"template":"","meta":{"_acf_changed":false},"product_featured_cat":[94],"product_brand":[3772],"product_cat":[4545],"product_tag":[],"class_list":{"0":"post-167966","1":"product","2":"type-product","3":"status-publish","4":"has-post-thumbnail","6":"product_featured_cat-promotions-etagnieres","7":"product_brand-engel","8":"product_cat-glacieres-a-compression","10":"first","11":"instock","12":"sale","13":"taxable","14":"shipping-taxable","15":"purchasable","16":"product-type-variable"},"acf":[],"yoast_head":"<!-- This site is optimized with the Yoast SEO plugin v27.5 - https:\/\/yoast.com\/product\/yoast-seo-wordpress\/ -->\n<title>Glaci\u00e8re \u00e0 compresseur\u00a0MT - Bantam<\/title>\n<meta name=\"robots\" content=\"index, follow, max-snippet:-1, max-image-preview:large, max-video-preview:-1\" \/>\n<link rel=\"canonical\" href=\"https:\/\/shop.bantam.ch\/fr\/produit\/glaciere-a-compresseur-mt\/\" \/>\n<meta property=\"og:locale\" content=\"fr_FR\" \/>\n<meta property=\"og:type\" content=\"article\" \/>\n<meta property=\"og:title\" content=\"Glaci\u00e8re \u00e0 compresseur\u00a0MT - Bantam\" \/>\n<meta property=\"og:description\" content=\"La derni\u00e8re g\u00e9n\u00e9ration de compresseurs \u00e0 moteur oscillant ENGEL est encore plus silencieuse et efficace pour une consommation d\u2019\u00e9lectricit\u00e9 encore plus basse. Le compresseur ENGEL est le seul sur le march\u00e9 \u00e0 avoir \u00e9t\u00e9 d\u00e9velopp\u00e9 exclusivement pour une utilisation mobile. Utilisant une batterie, ses avantages sont ind\u00e9niables notamment son faible courant de d\u00e9marrage. Dans des [&hellip;]\" \/>\n<meta property=\"og:url\" content=\"https:\/\/shop.bantam.ch\/fr\/produit\/glaciere-a-compresseur-mt\/\" \/>\n<meta property=\"og:site_name\" content=\"Bantam\" \/>\n<meta property=\"article:modified_time\" content=\"2026-05-02T22:31:21+00:00\" \/>\n<meta property=\"og:image\" content=\"https:\/\/shop.bantam.ch\/wp-content\/uploads\/2023\/03\/994394611-2.gif\" \/>\n\t<meta property=\"og:image:width\" content=\"250\" \/>\n\t<meta property=\"og:image:height\" content=\"224\" \/>\n\t<meta property=\"og:image:type\" content=\"image\/gif\" \/>\n<meta name=\"twitter:card\" content=\"summary_large_image\" \/>\n<meta name=\"twitter:label1\" content=\"Dur\u00e9e de lecture estim\u00e9e\" \/>\n\t<meta name=\"twitter:data1\" content=\"1 minute\" \/>\n<script type=\"application\/ld+json\" class=\"yoast-schema-graph\">{\"@context\":\"https:\\\/\\\/schema.org\",\"@graph\":[{\"@type\":\"WebPage\",\"@id\":\"https:\\\/\\\/shop.bantam.ch\\\/fr\\\/produit\\\/glaciere-a-compresseur-mt\\\/\",\"url\":\"https:\\\/\\\/shop.bantam.ch\\\/fr\\\/produit\\\/glaciere-a-compresseur-mt\\\/\",\"name\":\"Glaci\u00e8re \u00e0 compresseur\u00a0MT - Bantam\",\"isPartOf\":{\"@id\":\"https:\\\/\\\/shop.bantam.ch\\\/fr\\\/#website\"},\"primaryImageOfPage\":{\"@id\":\"https:\\\/\\\/shop.bantam.ch\\\/fr\\\/produit\\\/glaciere-a-compresseur-mt\\\/#primaryimage\"},\"image\":{\"@id\":\"https:\\\/\\\/shop.bantam.ch\\\/fr\\\/produit\\\/glaciere-a-compresseur-mt\\\/#primaryimage\"},\"thumbnailUrl\":\"https:\\\/\\\/shop.bantam.ch\\\/wp-content\\\/uploads\\\/2023\\\/03\\\/994394611-2.gif\",\"datePublished\":\"2023-03-29T11:13:20+00:00\",\"dateModified\":\"2026-05-02T22:31:21+00:00\",\"breadcrumb\":{\"@id\":\"https:\\\/\\\/shop.bantam.ch\\\/fr\\\/produit\\\/glaciere-a-compresseur-mt\\\/#breadcrumb\"},\"inLanguage\":\"fr-FR\",\"potentialAction\":[{\"@type\":\"ReadAction\",\"target\":[\"https:\\\/\\\/shop.bantam.ch\\\/fr\\\/produit\\\/glaciere-a-compresseur-mt\\\/\"]}]},{\"@type\":\"ImageObject\",\"inLanguage\":\"fr-FR\",\"@id\":\"https:\\\/\\\/shop.bantam.ch\\\/fr\\\/produit\\\/glaciere-a-compresseur-mt\\\/#primaryimage\",\"url\":\"https:\\\/\\\/shop.bantam.ch\\\/wp-content\\\/uploads\\\/2023\\\/03\\\/994394611-2.gif\",\"contentUrl\":\"https:\\\/\\\/shop.bantam.ch\\\/wp-content\\\/uploads\\\/2023\\\/03\\\/994394611-2.gif\",\"width\":250,\"height\":224},{\"@type\":\"BreadcrumbList\",\"@id\":\"https:\\\/\\\/shop.bantam.ch\\\/fr\\\/produit\\\/glaciere-a-compresseur-mt\\\/#breadcrumb\",\"itemListElement\":[{\"@type\":\"ListItem\",\"position\":1,\"name\":\"Accueil\",\"item\":\"https:\\\/\\\/shop.bantam.ch\\\/fr\\\/\"},{\"@type\":\"ListItem\",\"position\":2,\"name\":\"Boutique\",\"item\":\"https:\\\/\\\/shop.bantam.ch\\\/fr\\\/boutique\\\/\"},{\"@type\":\"ListItem\",\"position\":3,\"name\":\"Glaci\u00e8re \u00e0 compresseur\u00a0MT\"}]},{\"@type\":\"WebSite\",\"@id\":\"https:\\\/\\\/shop.bantam.ch\\\/fr\\\/#website\",\"url\":\"https:\\\/\\\/shop.bantam.ch\\\/fr\\\/\",\"name\":\"Bantam\",\"description\":\"\",\"publisher\":{\"@id\":\"https:\\\/\\\/shop.bantam.ch\\\/fr\\\/#organization\"},\"inLanguage\":\"fr-FR\"},{\"@type\":\"Organization\",\"@id\":\"https:\\\/\\\/shop.bantam.ch\\\/fr\\\/#organization\",\"name\":\"Bantam\",\"url\":\"https:\\\/\\\/shop.bantam.ch\\\/fr\\\/\",\"logo\":{\"@type\":\"ImageObject\",\"inLanguage\":\"fr-FR\",\"@id\":\"https:\\\/\\\/shop.bantam.ch\\\/fr\\\/#\\\/schema\\\/logo\\\/image\\\/\",\"url\":\"https:\\\/\\\/shop.bantam.ch\\\/wp-content\\\/uploads\\\/2022\\\/12\\\/bantam-logo.png\",\"contentUrl\":\"https:\\\/\\\/shop.bantam.ch\\\/wp-content\\\/uploads\\\/2022\\\/12\\\/bantam-logo.png\",\"width\":320,\"height\":71,\"caption\":\"Bantam\"},\"image\":{\"@id\":\"https:\\\/\\\/shop.bantam.ch\\\/fr\\\/#\\\/schema\\\/logo\\\/image\\\/\"}}]}<\/script>\n<!-- \/ Yoast SEO plugin. -->","yoast_head_json":{"title":"Glaci\u00e8re \u00e0 compresseur\u00a0MT - Bantam","robots":{"index":"index","follow":"follow","max-snippet":"max-snippet:-1","max-image-preview":"max-image-preview:large","max-video-preview":"max-video-preview:-1"},"canonical":"https:\/\/shop.bantam.ch\/fr\/produit\/glaciere-a-compresseur-mt\/","og_locale":"fr_FR","og_type":"article","og_title":"Glaci\u00e8re \u00e0 compresseur\u00a0MT - Bantam","og_description":"La derni\u00e8re g\u00e9n\u00e9ration de compresseurs \u00e0 moteur oscillant ENGEL est encore plus silencieuse et efficace pour une consommation d\u2019\u00e9lectricit\u00e9 encore plus basse. Le compresseur ENGEL est le seul sur le march\u00e9 \u00e0 avoir \u00e9t\u00e9 d\u00e9velopp\u00e9 exclusivement pour une utilisation mobile. Utilisant une batterie, ses avantages sont ind\u00e9niables notamment son faible courant de d\u00e9marrage. Dans des [&hellip;]","og_url":"https:\/\/shop.bantam.ch\/fr\/produit\/glaciere-a-compresseur-mt\/","og_site_name":"Bantam","article_modified_time":"2026-05-02T22:31:21+00:00","og_image":[{"width":250,"height":224,"url":"https:\/\/shop.bantam.ch\/wp-content\/uploads\/2023\/03\/994394611-2.gif","type":"image\/gif"}],"twitter_card":"summary_large_image","twitter_misc":{"Dur\u00e9e de lecture estim\u00e9e":"1 minute"},"schema":{"@context":"https:\/\/schema.org","@graph":[{"@type":"WebPage","@id":"https:\/\/shop.bantam.ch\/fr\/produit\/glaciere-a-compresseur-mt\/","url":"https:\/\/shop.bantam.ch\/fr\/produit\/glaciere-a-compresseur-mt\/","name":"Glaci\u00e8re \u00e0 compresseur\u00a0MT - Bantam","isPartOf":{"@id":"https:\/\/shop.bantam.ch\/fr\/#website"},"primaryImageOfPage":{"@id":"https:\/\/shop.bantam.ch\/fr\/produit\/glaciere-a-compresseur-mt\/#primaryimage"},"image":{"@id":"https:\/\/shop.bantam.ch\/fr\/produit\/glaciere-a-compresseur-mt\/#primaryimage"},"thumbnailUrl":"https:\/\/shop.bantam.ch\/wp-content\/uploads\/2023\/03\/994394611-2.gif","datePublished":"2023-03-29T11:13:20+00:00","dateModified":"2026-05-02T22:31:21+00:00","breadcrumb":{"@id":"https:\/\/shop.bantam.ch\/fr\/produit\/glaciere-a-compresseur-mt\/#breadcrumb"},"inLanguage":"fr-FR","potentialAction":[{"@type":"ReadAction","target":["https:\/\/shop.bantam.ch\/fr\/produit\/glaciere-a-compresseur-mt\/"]}]},{"@type":"ImageObject","inLanguage":"fr-FR","@id":"https:\/\/shop.bantam.ch\/fr\/produit\/glaciere-a-compresseur-mt\/#primaryimage","url":"https:\/\/shop.bantam.ch\/wp-content\/uploads\/2023\/03\/994394611-2.gif","contentUrl":"https:\/\/shop.bantam.ch\/wp-content\/uploads\/2023\/03\/994394611-2.gif","width":250,"height":224},{"@type":"BreadcrumbList","@id":"https:\/\/shop.bantam.ch\/fr\/produit\/glaciere-a-compresseur-mt\/#breadcrumb","itemListElement":[{"@type":"ListItem","position":1,"name":"Accueil","item":"https:\/\/shop.bantam.ch\/fr\/"},{"@type":"ListItem","position":2,"name":"Boutique","item":"https:\/\/shop.bantam.ch\/fr\/boutique\/"},{"@type":"ListItem","position":3,"name":"Glaci\u00e8re \u00e0 compresseur\u00a0MT"}]},{"@type":"WebSite","@id":"https:\/\/shop.bantam.ch\/fr\/#website","url":"https:\/\/shop.bantam.ch\/fr\/","name":"Bantam","description":"","publisher":{"@id":"https:\/\/shop.bantam.ch\/fr\/#organization"},"inLanguage":"fr-FR"},{"@type":"Organization","@id":"https:\/\/shop.bantam.ch\/fr\/#organization","name":"Bantam","url":"https:\/\/shop.bantam.ch\/fr\/","logo":{"@type":"ImageObject","inLanguage":"fr-FR","@id":"https:\/\/shop.bantam.ch\/fr\/#\/schema\/logo\/image\/","url":"https:\/\/shop.bantam.ch\/wp-content\/uploads\/2022\/12\/bantam-logo.png","contentUrl":"https:\/\/shop.bantam.ch\/wp-content\/uploads\/2022\/12\/bantam-logo.png","width":320,"height":71,"caption":"Bantam"},"image":{"@id":"https:\/\/shop.bantam.ch\/fr\/#\/schema\/logo\/image\/"}}]}},"_links":{"self":[{"href":"https:\/\/shop.bantam.ch\/fr\/wp-json\/wp\/v2\/product\/167966","targetHints":{"allow":["GET"]}}],"collection":[{"href":"https:\/\/shop.bantam.ch\/fr\/wp-json\/wp\/v2\/product"}],"about":[{"href":"https:\/\/shop.bantam.ch\/fr\/wp-json\/wp\/v2\/types\/product"}],"wp:featuredmedia":[{"embeddable":true,"href":"https:\/\/shop.bantam.ch\/fr\/wp-json\/wp\/v2\/media\/167956"}],"wp:attachment":[{"href":"https:\/\/shop.bantam.ch\/fr\/wp-json\/wp\/v2\/media?parent=167966"}],"wp:term":[{"taxonomy":"product_featured_cat","embeddable":true,"href":"https:\/\/shop.bantam.ch\/fr\/wp-json\/wp\/v2\/product_featured_cat?post=167966"},{"taxonomy":"product_brand","embeddable":true,"href":"https:\/\/shop.bantam.ch\/fr\/wp-json\/wp\/v2\/product_brand?post=167966"},{"taxonomy":"product_cat","embeddable":true,"href":"https:\/\/shop.bantam.ch\/fr\/wp-json\/wp\/v2\/product_cat?post=167966"},{"taxonomy":"product_tag","embeddable":true,"href":"https:\/\/shop.bantam.ch\/fr\/wp-json\/wp\/v2\/product_tag?post=167966"}],"curies":[{"name":"wp","href":"https:\/\/api.w.org\/{rel}","templated":true}]}}