{"id":167792,"date":"2023-03-29T13:09:15","date_gmt":"2023-03-29T11:09:15","guid":{"rendered":"https:\/\/shop.bantam.ch\/produit\/matelas-de-camping-dreamboat-bleu-nuit\/"},"modified":"2026-04-18T00:34:38","modified_gmt":"2026-04-17T22:34:38","slug":"matelas-de-camping-dreamboat-bleu-nuit","status":"publish","type":"product","link":"https:\/\/shop.bantam.ch\/fr\/produit\/matelas-de-camping-dreamboat-bleu-nuit\/","title":{"rendered":"Matelas de camping Dreamboat bleu nuit"},"content":{"rendered":"<ul>\n<li>La conception unique de la mousse sert \u00e0 r\u00e9guler la chaleur et garantit confort tout au long de l&rsquo;ann\u00e9e<\/li>\n<li>Des valves plates et performantes am\u00e9liorent la circulation de l&rsquo;air<\/li>\n<li>Des cavit\u00e9s extra larges dans la mousse offrent plus de confort et r\u00e9duisent la taille et le poids de l\u2019ensemble<\/li>\n<li>Forme tridimensionnelle et grande profondeur de profil pour un grand confort<\/li>\n<li>Polyester extensible particuli\u00e8rement robuste avec un rev\u00eatement agr\u00e9ablement doux<\/li>\n<li>Sac de transport inclus pour faciliter le stockage et le transport<\/li>\n<li>Conception en TPU tr\u00e8s durable, pas de pelage des couches<\/li>\n<li>Un tissu solide sur le c\u00f4t\u00e9 stabilise la forme 3D et acc\u00e9l\u00e8re le gonflage<\/li>\n<li>Sans PFC<\/li>\n<\/ul>\n<p>Mat\u00e9riau<\/p>\n<ul>\n<li>100 % polyester<\/li>\n<\/ul>\n","protected":false},"excerpt":{"rendered":"<p>La conception unique de la mousse sert \u00e0 r\u00e9guler la chaleur et garantit confort tout au long de l&rsquo;ann\u00e9e Des valves plates et performantes am\u00e9liorent la circulation de l&rsquo;air Des cavit\u00e9s extra larges dans la mousse offrent plus de confort et r\u00e9duisent la taille et le poids de l\u2019ensemble Forme tridimensionnelle et grande profondeur de [&hellip;]<\/p>\n","protected":false},"featured_media":167788,"template":"","meta":{"_acf_changed":false},"product_featured_cat":[],"product_brand":[3296],"product_cat":[4355],"product_tag":[],"class_list":{"0":"post-167792","1":"product","2":"type-product","3":"status-publish","4":"has-post-thumbnail","6":"product_brand-outwell","7":"product_cat-tapis-isolants","9":"first","10":"instock","11":"taxable","12":"shipping-taxable","13":"purchasable","14":"product-type-variable"},"acf":[],"yoast_head":"<!-- This site is optimized with the Yoast SEO plugin v27.4 - https:\/\/yoast.com\/product\/yoast-seo-wordpress\/ -->\n<title>Matelas de camping Dreamboat bleu nuit - Bantam Wankm\u00fcller SA<\/title>\n<meta name=\"robots\" content=\"index, follow, max-snippet:-1, max-image-preview:large, max-video-preview:-1\" \/>\n<link rel=\"canonical\" href=\"https:\/\/shop.bantam.ch\/fr\/produit\/matelas-de-camping-dreamboat-bleu-nuit\/\" \/>\n<meta property=\"og:locale\" content=\"fr_FR\" \/>\n<meta property=\"og:type\" content=\"article\" \/>\n<meta property=\"og:title\" content=\"Matelas de camping Dreamboat bleu nuit - Bantam Wankm\u00fcller SA\" \/>\n<meta property=\"og:description\" content=\"La conception unique de la mousse sert \u00e0 r\u00e9guler la chaleur et garantit confort tout au long de l&rsquo;ann\u00e9e Des valves plates et performantes am\u00e9liorent la circulation de l&rsquo;air Des cavit\u00e9s extra larges dans la mousse offrent plus de confort et r\u00e9duisent la taille et le poids de l\u2019ensemble Forme tridimensionnelle et grande profondeur de [&hellip;]\" \/>\n<meta property=\"og:url\" content=\"https:\/\/shop.bantam.ch\/fr\/produit\/matelas-de-camping-dreamboat-bleu-nuit\/\" \/>\n<meta property=\"og:site_name\" content=\"Bantam Wankm\u00fcller SA\" \/>\n<meta property=\"article:modified_time\" content=\"2026-04-17T22:34:38+00:00\" \/>\n<meta property=\"og:image\" content=\"https:\/\/shop.bantam.ch\/wp-content\/uploads\/2023\/03\/996042611I3EQIBajQZbK0.jpg\" \/>\n\t<meta property=\"og:image:width\" content=\"1000\" \/>\n\t<meta property=\"og:image:height\" content=\"563\" \/>\n\t<meta property=\"og:image:type\" content=\"image\/jpeg\" \/>\n<meta name=\"twitter:card\" content=\"summary_large_image\" \/>\n<meta name=\"twitter:label1\" content=\"Dur\u00e9e de lecture estim\u00e9e\" \/>\n\t<meta name=\"twitter:data1\" content=\"1 minute\" \/>\n<script type=\"application\/ld+json\" class=\"yoast-schema-graph\">{\"@context\":\"https:\\\/\\\/schema.org\",\"@graph\":[{\"@type\":\"WebPage\",\"@id\":\"https:\\\/\\\/shop.bantam.ch\\\/fr\\\/produit\\\/matelas-de-camping-dreamboat-bleu-nuit\\\/\",\"url\":\"https:\\\/\\\/shop.bantam.ch\\\/fr\\\/produit\\\/matelas-de-camping-dreamboat-bleu-nuit\\\/\",\"name\":\"Matelas de camping Dreamboat bleu nuit - Bantam Wankm\u00fcller SA\",\"isPartOf\":{\"@id\":\"https:\\\/\\\/shop.bantam.ch\\\/fr\\\/#website\"},\"primaryImageOfPage\":{\"@id\":\"https:\\\/\\\/shop.bantam.ch\\\/fr\\\/produit\\\/matelas-de-camping-dreamboat-bleu-nuit\\\/#primaryimage\"},\"image\":{\"@id\":\"https:\\\/\\\/shop.bantam.ch\\\/fr\\\/produit\\\/matelas-de-camping-dreamboat-bleu-nuit\\\/#primaryimage\"},\"thumbnailUrl\":\"https:\\\/\\\/shop.bantam.ch\\\/wp-content\\\/uploads\\\/2023\\\/03\\\/996042611I3EQIBajQZbK0.jpg\",\"datePublished\":\"2023-03-29T11:09:15+00:00\",\"dateModified\":\"2026-04-17T22:34:38+00:00\",\"breadcrumb\":{\"@id\":\"https:\\\/\\\/shop.bantam.ch\\\/fr\\\/produit\\\/matelas-de-camping-dreamboat-bleu-nuit\\\/#breadcrumb\"},\"inLanguage\":\"fr-FR\",\"potentialAction\":[{\"@type\":\"ReadAction\",\"target\":[\"https:\\\/\\\/shop.bantam.ch\\\/fr\\\/produit\\\/matelas-de-camping-dreamboat-bleu-nuit\\\/\"]}]},{\"@type\":\"ImageObject\",\"inLanguage\":\"fr-FR\",\"@id\":\"https:\\\/\\\/shop.bantam.ch\\\/fr\\\/produit\\\/matelas-de-camping-dreamboat-bleu-nuit\\\/#primaryimage\",\"url\":\"https:\\\/\\\/shop.bantam.ch\\\/wp-content\\\/uploads\\\/2023\\\/03\\\/996042611I3EQIBajQZbK0.jpg\",\"contentUrl\":\"https:\\\/\\\/shop.bantam.ch\\\/wp-content\\\/uploads\\\/2023\\\/03\\\/996042611I3EQIBajQZbK0.jpg\",\"width\":1000,\"height\":563},{\"@type\":\"BreadcrumbList\",\"@id\":\"https:\\\/\\\/shop.bantam.ch\\\/fr\\\/produit\\\/matelas-de-camping-dreamboat-bleu-nuit\\\/#breadcrumb\",\"itemListElement\":[{\"@type\":\"ListItem\",\"position\":1,\"name\":\"Accueil\",\"item\":\"https:\\\/\\\/shop.bantam.ch\\\/fr\\\/\"},{\"@type\":\"ListItem\",\"position\":2,\"name\":\"Boutique\",\"item\":\"https:\\\/\\\/shop.bantam.ch\\\/fr\\\/boutique\\\/\"},{\"@type\":\"ListItem\",\"position\":3,\"name\":\"Matelas de camping Dreamboat bleu nuit\"}]},{\"@type\":\"WebSite\",\"@id\":\"https:\\\/\\\/shop.bantam.ch\\\/fr\\\/#website\",\"url\":\"https:\\\/\\\/shop.bantam.ch\\\/fr\\\/\",\"name\":\"Bantam Wankm\u00fcller SA\",\"description\":\"\",\"publisher\":{\"@id\":\"https:\\\/\\\/shop.bantam.ch\\\/fr\\\/#organization\"},\"inLanguage\":\"fr-FR\"},{\"@type\":\"Organization\",\"@id\":\"https:\\\/\\\/shop.bantam.ch\\\/fr\\\/#organization\",\"name\":\"Bantam Wankm\u00fcller SA\",\"url\":\"https:\\\/\\\/shop.bantam.ch\\\/fr\\\/\",\"logo\":{\"@type\":\"ImageObject\",\"inLanguage\":\"fr-FR\",\"@id\":\"https:\\\/\\\/shop.bantam.ch\\\/fr\\\/#\\\/schema\\\/logo\\\/image\\\/\",\"url\":\"https:\\\/\\\/shop.bantam.ch\\\/wp-content\\\/uploads\\\/2022\\\/12\\\/bantam-logo.png\",\"contentUrl\":\"https:\\\/\\\/shop.bantam.ch\\\/wp-content\\\/uploads\\\/2022\\\/12\\\/bantam-logo.png\",\"width\":320,\"height\":71,\"caption\":\"Bantam Wankm\u00fcller SA\"},\"image\":{\"@id\":\"https:\\\/\\\/shop.bantam.ch\\\/fr\\\/#\\\/schema\\\/logo\\\/image\\\/\"}}]}<\/script>\n<!-- \/ Yoast SEO plugin. -->","yoast_head_json":{"title":"Matelas de camping Dreamboat bleu nuit - Bantam Wankm\u00fcller SA","robots":{"index":"index","follow":"follow","max-snippet":"max-snippet:-1","max-image-preview":"max-image-preview:large","max-video-preview":"max-video-preview:-1"},"canonical":"https:\/\/shop.bantam.ch\/fr\/produit\/matelas-de-camping-dreamboat-bleu-nuit\/","og_locale":"fr_FR","og_type":"article","og_title":"Matelas de camping Dreamboat bleu nuit - Bantam Wankm\u00fcller SA","og_description":"La conception unique de la mousse sert \u00e0 r\u00e9guler la chaleur et garantit confort tout au long de l&rsquo;ann\u00e9e Des valves plates et performantes am\u00e9liorent la circulation de l&rsquo;air Des cavit\u00e9s extra larges dans la mousse offrent plus de confort et r\u00e9duisent la taille et le poids de l\u2019ensemble Forme tridimensionnelle et grande profondeur de [&hellip;]","og_url":"https:\/\/shop.bantam.ch\/fr\/produit\/matelas-de-camping-dreamboat-bleu-nuit\/","og_site_name":"Bantam Wankm\u00fcller SA","article_modified_time":"2026-04-17T22:34:38+00:00","og_image":[{"width":1000,"height":563,"url":"https:\/\/shop.bantam.ch\/wp-content\/uploads\/2023\/03\/996042611I3EQIBajQZbK0.jpg","type":"image\/jpeg"}],"twitter_card":"summary_large_image","twitter_misc":{"Dur\u00e9e de lecture estim\u00e9e":"1 minute"},"schema":{"@context":"https:\/\/schema.org","@graph":[{"@type":"WebPage","@id":"https:\/\/shop.bantam.ch\/fr\/produit\/matelas-de-camping-dreamboat-bleu-nuit\/","url":"https:\/\/shop.bantam.ch\/fr\/produit\/matelas-de-camping-dreamboat-bleu-nuit\/","name":"Matelas de camping Dreamboat bleu nuit - Bantam Wankm\u00fcller SA","isPartOf":{"@id":"https:\/\/shop.bantam.ch\/fr\/#website"},"primaryImageOfPage":{"@id":"https:\/\/shop.bantam.ch\/fr\/produit\/matelas-de-camping-dreamboat-bleu-nuit\/#primaryimage"},"image":{"@id":"https:\/\/shop.bantam.ch\/fr\/produit\/matelas-de-camping-dreamboat-bleu-nuit\/#primaryimage"},"thumbnailUrl":"https:\/\/shop.bantam.ch\/wp-content\/uploads\/2023\/03\/996042611I3EQIBajQZbK0.jpg","datePublished":"2023-03-29T11:09:15+00:00","dateModified":"2026-04-17T22:34:38+00:00","breadcrumb":{"@id":"https:\/\/shop.bantam.ch\/fr\/produit\/matelas-de-camping-dreamboat-bleu-nuit\/#breadcrumb"},"inLanguage":"fr-FR","potentialAction":[{"@type":"ReadAction","target":["https:\/\/shop.bantam.ch\/fr\/produit\/matelas-de-camping-dreamboat-bleu-nuit\/"]}]},{"@type":"ImageObject","inLanguage":"fr-FR","@id":"https:\/\/shop.bantam.ch\/fr\/produit\/matelas-de-camping-dreamboat-bleu-nuit\/#primaryimage","url":"https:\/\/shop.bantam.ch\/wp-content\/uploads\/2023\/03\/996042611I3EQIBajQZbK0.jpg","contentUrl":"https:\/\/shop.bantam.ch\/wp-content\/uploads\/2023\/03\/996042611I3EQIBajQZbK0.jpg","width":1000,"height":563},{"@type":"BreadcrumbList","@id":"https:\/\/shop.bantam.ch\/fr\/produit\/matelas-de-camping-dreamboat-bleu-nuit\/#breadcrumb","itemListElement":[{"@type":"ListItem","position":1,"name":"Accueil","item":"https:\/\/shop.bantam.ch\/fr\/"},{"@type":"ListItem","position":2,"name":"Boutique","item":"https:\/\/shop.bantam.ch\/fr\/boutique\/"},{"@type":"ListItem","position":3,"name":"Matelas de camping Dreamboat bleu nuit"}]},{"@type":"WebSite","@id":"https:\/\/shop.bantam.ch\/fr\/#website","url":"https:\/\/shop.bantam.ch\/fr\/","name":"Bantam Wankm\u00fcller SA","description":"","publisher":{"@id":"https:\/\/shop.bantam.ch\/fr\/#organization"},"inLanguage":"fr-FR"},{"@type":"Organization","@id":"https:\/\/shop.bantam.ch\/fr\/#organization","name":"Bantam Wankm\u00fcller SA","url":"https:\/\/shop.bantam.ch\/fr\/","logo":{"@type":"ImageObject","inLanguage":"fr-FR","@id":"https:\/\/shop.bantam.ch\/fr\/#\/schema\/logo\/image\/","url":"https:\/\/shop.bantam.ch\/wp-content\/uploads\/2022\/12\/bantam-logo.png","contentUrl":"https:\/\/shop.bantam.ch\/wp-content\/uploads\/2022\/12\/bantam-logo.png","width":320,"height":71,"caption":"Bantam Wankm\u00fcller SA"},"image":{"@id":"https:\/\/shop.bantam.ch\/fr\/#\/schema\/logo\/image\/"}}]}},"_links":{"self":[{"href":"https:\/\/shop.bantam.ch\/fr\/wp-json\/wp\/v2\/product\/167792","targetHints":{"allow":["GET"]}}],"collection":[{"href":"https:\/\/shop.bantam.ch\/fr\/wp-json\/wp\/v2\/product"}],"about":[{"href":"https:\/\/shop.bantam.ch\/fr\/wp-json\/wp\/v2\/types\/product"}],"wp:featuredmedia":[{"embeddable":true,"href":"https:\/\/shop.bantam.ch\/fr\/wp-json\/wp\/v2\/media\/167788"}],"wp:attachment":[{"href":"https:\/\/shop.bantam.ch\/fr\/wp-json\/wp\/v2\/media?parent=167792"}],"wp:term":[{"taxonomy":"product_featured_cat","embeddable":true,"href":"https:\/\/shop.bantam.ch\/fr\/wp-json\/wp\/v2\/product_featured_cat?post=167792"},{"taxonomy":"product_brand","embeddable":true,"href":"https:\/\/shop.bantam.ch\/fr\/wp-json\/wp\/v2\/product_brand?post=167792"},{"taxonomy":"product_cat","embeddable":true,"href":"https:\/\/shop.bantam.ch\/fr\/wp-json\/wp\/v2\/product_cat?post=167792"},{"taxonomy":"product_tag","embeddable":true,"href":"https:\/\/shop.bantam.ch\/fr\/wp-json\/wp\/v2\/product_tag?post=167792"}],"curies":[{"name":"wp","href":"https:\/\/api.w.org\/{rel}","templated":true}]}}