{"id":167682,"date":"2023-03-29T13:06:53","date_gmt":"2023-03-29T11:06:53","guid":{"rendered":"https:\/\/shop.bantam.ch\/produit\/store-mural-omnistor-3200-boitier-argent-toile-coul-gris\/"},"modified":"2026-04-18T00:34:00","modified_gmt":"2026-04-17T22:34:00","slug":"store-mural-omnistor-3200-boitier-argent-toile-coul-gris","status":"publish","type":"product","link":"https:\/\/shop.bantam.ch\/fr\/produit\/store-mural-omnistor-3200-boitier-argent-toile-coul-gris\/","title":{"rendered":"Store mural Omnistor 3200 &#8211; bo\u00eetier argent, toile coul. gris"},"content":{"rendered":"<p>Ce nouveau store manuel l\u00e9ger \u00e0 caisson est parfait pour \u00eatre mont\u00e9 sur les mini-vans et les SUV \/ CUV.<\/p>\n<ul>\n<li>Utilisation par une seule personne<\/li>\n<li>Stabilit\u00e9 exceptionnelle et tension du tissu<\/li>\n<li>Store manuel \u00e0 enrouler<\/li>\n<li>Longueurs de store de 1.90 m \u00e0 3.00 m<\/li>\n<li>Grande rallonge de 2.50 m pour toutes les longueurs<\/li>\n<li>Id\u00e9al pour le montage direct sur certains mini-vans (VW T6, Renault Trafic, &#8230;) et le montage sur le toit des voitures<\/li>\n<li>Facile \u00e0 installer par une seule personne<\/li>\n<li>Gr\u00e2ce \u00e0 sa forme, sa taille et sa hauteur de montage, il peut \u00e9galement entrer dans des parkings \u00e0 \u00e9tages (hauteur : max. 2.00 m)<\/li>\n<li>\u00c0 l&rsquo;\u00e9preuve du vent<\/li>\n<li>Syst\u00e8me exclusif de tension de la toile avec technologie \u00e0 cliquet pour une tension parfaite de la toile<\/li>\n<\/ul>\n<p>Mat\u00e9riau :<br \/>Toile en PVC<\/p>\n","protected":false},"excerpt":{"rendered":"<p>Ce nouveau store manuel l\u00e9ger \u00e0 caisson est parfait pour \u00eatre mont\u00e9 sur les mini-vans et les SUV \/ CUV. Utilisation par une seule personne Stabilit\u00e9 exceptionnelle et tension du tissu Store manuel \u00e0 enrouler Longueurs de store de 1.90 m \u00e0 3.00 m Grande rallonge de 2.50 m pour toutes les longueurs Id\u00e9al pour [&hellip;]<\/p>\n","protected":false},"featured_media":167676,"template":"","meta":{"_acf_changed":false},"product_featured_cat":[],"product_brand":[3046],"product_cat":[3971],"product_tag":[],"class_list":{"0":"post-167682","1":"product","2":"type-product","3":"status-publish","4":"has-post-thumbnail","6":"product_brand-thule","7":"product_cat-stores","9":"first","10":"instock","11":"taxable","12":"shipping-taxable","13":"purchasable","14":"product-type-variable"},"acf":[],"yoast_head":"<!-- This site is optimized with the Yoast SEO plugin v27.4 - https:\/\/yoast.com\/product\/yoast-seo-wordpress\/ -->\n<title>Store mural Omnistor 3200 - bo\u00eetier argent, toile coul. gris - Bantam Wankm\u00fcller SA<\/title>\n<meta name=\"robots\" content=\"index, follow, max-snippet:-1, max-image-preview:large, max-video-preview:-1\" \/>\n<link rel=\"canonical\" href=\"https:\/\/shop.bantam.ch\/fr\/produit\/store-mural-omnistor-3200-boitier-argent-toile-coul-gris\/\" \/>\n<meta property=\"og:locale\" content=\"fr_FR\" \/>\n<meta property=\"og:type\" content=\"article\" \/>\n<meta property=\"og:title\" content=\"Store mural Omnistor 3200 - bo\u00eetier argent, toile coul. gris - Bantam Wankm\u00fcller SA\" \/>\n<meta property=\"og:description\" content=\"Ce nouveau store manuel l\u00e9ger \u00e0 caisson est parfait pour \u00eatre mont\u00e9 sur les mini-vans et les SUV \/ CUV. Utilisation par une seule personne Stabilit\u00e9 exceptionnelle et tension du tissu Store manuel \u00e0 enrouler Longueurs de store de 1.90 m \u00e0 3.00 m Grande rallonge de 2.50 m pour toutes les longueurs Id\u00e9al pour [&hellip;]\" \/>\n<meta property=\"og:url\" content=\"https:\/\/shop.bantam.ch\/fr\/produit\/store-mural-omnistor-3200-boitier-argent-toile-coul-gris\/\" \/>\n<meta property=\"og:site_name\" content=\"Bantam Wankm\u00fcller SA\" \/>\n<meta property=\"article:modified_time\" content=\"2026-04-17T22:34:00+00:00\" \/>\n<meta property=\"og:image\" content=\"https:\/\/shop.bantam.ch\/wp-content\/uploads\/2023\/03\/995569711.jpg\" \/>\n\t<meta property=\"og:image:width\" content=\"1000\" \/>\n\t<meta property=\"og:image:height\" content=\"667\" \/>\n\t<meta property=\"og:image:type\" content=\"image\/jpeg\" \/>\n<meta name=\"twitter:card\" content=\"summary_large_image\" \/>\n<meta name=\"twitter:label1\" content=\"Dur\u00e9e de lecture estim\u00e9e\" \/>\n\t<meta name=\"twitter:data1\" content=\"1 minute\" \/>\n<script type=\"application\/ld+json\" class=\"yoast-schema-graph\">{\"@context\":\"https:\\\/\\\/schema.org\",\"@graph\":[{\"@type\":\"WebPage\",\"@id\":\"https:\\\/\\\/shop.bantam.ch\\\/fr\\\/produit\\\/store-mural-omnistor-3200-boitier-argent-toile-coul-gris\\\/\",\"url\":\"https:\\\/\\\/shop.bantam.ch\\\/fr\\\/produit\\\/store-mural-omnistor-3200-boitier-argent-toile-coul-gris\\\/\",\"name\":\"Store mural Omnistor 3200 - bo\u00eetier argent, toile coul. gris - Bantam Wankm\u00fcller SA\",\"isPartOf\":{\"@id\":\"https:\\\/\\\/shop.bantam.ch\\\/fr\\\/#website\"},\"primaryImageOfPage\":{\"@id\":\"https:\\\/\\\/shop.bantam.ch\\\/fr\\\/produit\\\/store-mural-omnistor-3200-boitier-argent-toile-coul-gris\\\/#primaryimage\"},\"image\":{\"@id\":\"https:\\\/\\\/shop.bantam.ch\\\/fr\\\/produit\\\/store-mural-omnistor-3200-boitier-argent-toile-coul-gris\\\/#primaryimage\"},\"thumbnailUrl\":\"https:\\\/\\\/shop.bantam.ch\\\/wp-content\\\/uploads\\\/2023\\\/03\\\/995569711.jpg\",\"datePublished\":\"2023-03-29T11:06:53+00:00\",\"dateModified\":\"2026-04-17T22:34:00+00:00\",\"breadcrumb\":{\"@id\":\"https:\\\/\\\/shop.bantam.ch\\\/fr\\\/produit\\\/store-mural-omnistor-3200-boitier-argent-toile-coul-gris\\\/#breadcrumb\"},\"inLanguage\":\"fr-FR\",\"potentialAction\":[{\"@type\":\"ReadAction\",\"target\":[\"https:\\\/\\\/shop.bantam.ch\\\/fr\\\/produit\\\/store-mural-omnistor-3200-boitier-argent-toile-coul-gris\\\/\"]}]},{\"@type\":\"ImageObject\",\"inLanguage\":\"fr-FR\",\"@id\":\"https:\\\/\\\/shop.bantam.ch\\\/fr\\\/produit\\\/store-mural-omnistor-3200-boitier-argent-toile-coul-gris\\\/#primaryimage\",\"url\":\"https:\\\/\\\/shop.bantam.ch\\\/wp-content\\\/uploads\\\/2023\\\/03\\\/995569711.jpg\",\"contentUrl\":\"https:\\\/\\\/shop.bantam.ch\\\/wp-content\\\/uploads\\\/2023\\\/03\\\/995569711.jpg\",\"width\":1000,\"height\":667},{\"@type\":\"BreadcrumbList\",\"@id\":\"https:\\\/\\\/shop.bantam.ch\\\/fr\\\/produit\\\/store-mural-omnistor-3200-boitier-argent-toile-coul-gris\\\/#breadcrumb\",\"itemListElement\":[{\"@type\":\"ListItem\",\"position\":1,\"name\":\"Accueil\",\"item\":\"https:\\\/\\\/shop.bantam.ch\\\/fr\\\/\"},{\"@type\":\"ListItem\",\"position\":2,\"name\":\"Boutique\",\"item\":\"https:\\\/\\\/shop.bantam.ch\\\/fr\\\/boutique\\\/\"},{\"@type\":\"ListItem\",\"position\":3,\"name\":\"Store mural Omnistor 3200 &#8211; bo\u00eetier argent, toile coul. gris\"}]},{\"@type\":\"WebSite\",\"@id\":\"https:\\\/\\\/shop.bantam.ch\\\/fr\\\/#website\",\"url\":\"https:\\\/\\\/shop.bantam.ch\\\/fr\\\/\",\"name\":\"Bantam Wankm\u00fcller SA\",\"description\":\"\",\"publisher\":{\"@id\":\"https:\\\/\\\/shop.bantam.ch\\\/fr\\\/#organization\"},\"inLanguage\":\"fr-FR\"},{\"@type\":\"Organization\",\"@id\":\"https:\\\/\\\/shop.bantam.ch\\\/fr\\\/#organization\",\"name\":\"Bantam Wankm\u00fcller SA\",\"url\":\"https:\\\/\\\/shop.bantam.ch\\\/fr\\\/\",\"logo\":{\"@type\":\"ImageObject\",\"inLanguage\":\"fr-FR\",\"@id\":\"https:\\\/\\\/shop.bantam.ch\\\/fr\\\/#\\\/schema\\\/logo\\\/image\\\/\",\"url\":\"https:\\\/\\\/shop.bantam.ch\\\/wp-content\\\/uploads\\\/2022\\\/12\\\/bantam-logo.png\",\"contentUrl\":\"https:\\\/\\\/shop.bantam.ch\\\/wp-content\\\/uploads\\\/2022\\\/12\\\/bantam-logo.png\",\"width\":320,\"height\":71,\"caption\":\"Bantam Wankm\u00fcller SA\"},\"image\":{\"@id\":\"https:\\\/\\\/shop.bantam.ch\\\/fr\\\/#\\\/schema\\\/logo\\\/image\\\/\"}}]}<\/script>\n<!-- \/ Yoast SEO plugin. -->","yoast_head_json":{"title":"Store mural Omnistor 3200 - bo\u00eetier argent, toile coul. gris - Bantam Wankm\u00fcller SA","robots":{"index":"index","follow":"follow","max-snippet":"max-snippet:-1","max-image-preview":"max-image-preview:large","max-video-preview":"max-video-preview:-1"},"canonical":"https:\/\/shop.bantam.ch\/fr\/produit\/store-mural-omnistor-3200-boitier-argent-toile-coul-gris\/","og_locale":"fr_FR","og_type":"article","og_title":"Store mural Omnistor 3200 - bo\u00eetier argent, toile coul. gris - Bantam Wankm\u00fcller SA","og_description":"Ce nouveau store manuel l\u00e9ger \u00e0 caisson est parfait pour \u00eatre mont\u00e9 sur les mini-vans et les SUV \/ CUV. Utilisation par une seule personne Stabilit\u00e9 exceptionnelle et tension du tissu Store manuel \u00e0 enrouler Longueurs de store de 1.90 m \u00e0 3.00 m Grande rallonge de 2.50 m pour toutes les longueurs Id\u00e9al pour [&hellip;]","og_url":"https:\/\/shop.bantam.ch\/fr\/produit\/store-mural-omnistor-3200-boitier-argent-toile-coul-gris\/","og_site_name":"Bantam Wankm\u00fcller SA","article_modified_time":"2026-04-17T22:34:00+00:00","og_image":[{"width":1000,"height":667,"url":"https:\/\/shop.bantam.ch\/wp-content\/uploads\/2023\/03\/995569711.jpg","type":"image\/jpeg"}],"twitter_card":"summary_large_image","twitter_misc":{"Dur\u00e9e de lecture estim\u00e9e":"1 minute"},"schema":{"@context":"https:\/\/schema.org","@graph":[{"@type":"WebPage","@id":"https:\/\/shop.bantam.ch\/fr\/produit\/store-mural-omnistor-3200-boitier-argent-toile-coul-gris\/","url":"https:\/\/shop.bantam.ch\/fr\/produit\/store-mural-omnistor-3200-boitier-argent-toile-coul-gris\/","name":"Store mural Omnistor 3200 - bo\u00eetier argent, toile coul. gris - Bantam Wankm\u00fcller SA","isPartOf":{"@id":"https:\/\/shop.bantam.ch\/fr\/#website"},"primaryImageOfPage":{"@id":"https:\/\/shop.bantam.ch\/fr\/produit\/store-mural-omnistor-3200-boitier-argent-toile-coul-gris\/#primaryimage"},"image":{"@id":"https:\/\/shop.bantam.ch\/fr\/produit\/store-mural-omnistor-3200-boitier-argent-toile-coul-gris\/#primaryimage"},"thumbnailUrl":"https:\/\/shop.bantam.ch\/wp-content\/uploads\/2023\/03\/995569711.jpg","datePublished":"2023-03-29T11:06:53+00:00","dateModified":"2026-04-17T22:34:00+00:00","breadcrumb":{"@id":"https:\/\/shop.bantam.ch\/fr\/produit\/store-mural-omnistor-3200-boitier-argent-toile-coul-gris\/#breadcrumb"},"inLanguage":"fr-FR","potentialAction":[{"@type":"ReadAction","target":["https:\/\/shop.bantam.ch\/fr\/produit\/store-mural-omnistor-3200-boitier-argent-toile-coul-gris\/"]}]},{"@type":"ImageObject","inLanguage":"fr-FR","@id":"https:\/\/shop.bantam.ch\/fr\/produit\/store-mural-omnistor-3200-boitier-argent-toile-coul-gris\/#primaryimage","url":"https:\/\/shop.bantam.ch\/wp-content\/uploads\/2023\/03\/995569711.jpg","contentUrl":"https:\/\/shop.bantam.ch\/wp-content\/uploads\/2023\/03\/995569711.jpg","width":1000,"height":667},{"@type":"BreadcrumbList","@id":"https:\/\/shop.bantam.ch\/fr\/produit\/store-mural-omnistor-3200-boitier-argent-toile-coul-gris\/#breadcrumb","itemListElement":[{"@type":"ListItem","position":1,"name":"Accueil","item":"https:\/\/shop.bantam.ch\/fr\/"},{"@type":"ListItem","position":2,"name":"Boutique","item":"https:\/\/shop.bantam.ch\/fr\/boutique\/"},{"@type":"ListItem","position":3,"name":"Store mural Omnistor 3200 &#8211; bo\u00eetier argent, toile coul. gris"}]},{"@type":"WebSite","@id":"https:\/\/shop.bantam.ch\/fr\/#website","url":"https:\/\/shop.bantam.ch\/fr\/","name":"Bantam Wankm\u00fcller SA","description":"","publisher":{"@id":"https:\/\/shop.bantam.ch\/fr\/#organization"},"inLanguage":"fr-FR"},{"@type":"Organization","@id":"https:\/\/shop.bantam.ch\/fr\/#organization","name":"Bantam Wankm\u00fcller SA","url":"https:\/\/shop.bantam.ch\/fr\/","logo":{"@type":"ImageObject","inLanguage":"fr-FR","@id":"https:\/\/shop.bantam.ch\/fr\/#\/schema\/logo\/image\/","url":"https:\/\/shop.bantam.ch\/wp-content\/uploads\/2022\/12\/bantam-logo.png","contentUrl":"https:\/\/shop.bantam.ch\/wp-content\/uploads\/2022\/12\/bantam-logo.png","width":320,"height":71,"caption":"Bantam Wankm\u00fcller SA"},"image":{"@id":"https:\/\/shop.bantam.ch\/fr\/#\/schema\/logo\/image\/"}}]}},"_links":{"self":[{"href":"https:\/\/shop.bantam.ch\/fr\/wp-json\/wp\/v2\/product\/167682","targetHints":{"allow":["GET"]}}],"collection":[{"href":"https:\/\/shop.bantam.ch\/fr\/wp-json\/wp\/v2\/product"}],"about":[{"href":"https:\/\/shop.bantam.ch\/fr\/wp-json\/wp\/v2\/types\/product"}],"wp:featuredmedia":[{"embeddable":true,"href":"https:\/\/shop.bantam.ch\/fr\/wp-json\/wp\/v2\/media\/167676"}],"wp:attachment":[{"href":"https:\/\/shop.bantam.ch\/fr\/wp-json\/wp\/v2\/media?parent=167682"}],"wp:term":[{"taxonomy":"product_featured_cat","embeddable":true,"href":"https:\/\/shop.bantam.ch\/fr\/wp-json\/wp\/v2\/product_featured_cat?post=167682"},{"taxonomy":"product_brand","embeddable":true,"href":"https:\/\/shop.bantam.ch\/fr\/wp-json\/wp\/v2\/product_brand?post=167682"},{"taxonomy":"product_cat","embeddable":true,"href":"https:\/\/shop.bantam.ch\/fr\/wp-json\/wp\/v2\/product_cat?post=167682"},{"taxonomy":"product_tag","embeddable":true,"href":"https:\/\/shop.bantam.ch\/fr\/wp-json\/wp\/v2\/product_tag?post=167682"}],"curies":[{"name":"wp","href":"https:\/\/api.w.org\/{rel}","templated":true}]}}