{"id":167666,"date":"2023-03-29T13:06:34","date_gmt":"2023-03-29T11:06:34","guid":{"rendered":"https:\/\/shop.bantam.ch\/produit\/porte-charges-girovan-pour-fourgon-fiat-ducato-a-partir-de-07-2006\/"},"modified":"2026-04-19T00:36:32","modified_gmt":"2026-04-18T22:36:32","slug":"porte-charges-girovan-pour-fourgon-fiat-ducato-a-partir-de-07-2006","status":"publish","type":"product","link":"https:\/\/shop.bantam.ch\/fr\/produit\/porte-charges-girovan-pour-fourgon-fiat-ducato-a-partir-de-07-2006\/","title":{"rendered":"Porte-charges GiroVan pour fourgon Fiat Ducato \u00e0 partir de 07\/2006"},"content":{"rendered":"<p>Le porte-charges pivotant GiroVan, d\u00e9velopp\u00e9 sp\u00e9cialement pour le fourgon Fiat Ducato, ann\u00e9e de construction \u00e0 partir de 07\/2006, s\u00e9duit en premi\u00e8re ligne par son design \u00e9l\u00e9gant et la libert\u00e9 qu\u2019il procure.<\/p>\n<ul>\n<li>Transport de 2 v\u00e9los (extensible \u00e0 4 v\u00e9los)<\/li>\n<li>Pivotant\u00a0: Ouverture possible des portes arri\u00e8res en \u00e9tat charg\u00e9<\/li>\n<li>Combinaison possible avec l\u2019accouplement de remorque Linnepe<\/li>\n<li>Rabattable vers le haut sans outil en \u00e9tat non charg\u00e9 (plus court d\u2019env. 40\u00a0cm)<\/li>\n<li>D\u00e9montage sans outils<\/li>\n<\/ul>\n<p>Contenu de la livraison :<br \/>Barre lumineuse LED<br \/>Fixation compl\u00e8te pour deux v\u00e9los ou v\u00e9los \u00e9lectriques<br \/>Crochet de maintien<br \/>R\u00e9cepteur de ch\u00e2ssis<br \/>Fermeture rapide pour d\u00e9montage sans outil<br \/>M\u00e9canisme de pliage<\/p>\n","protected":false},"excerpt":{"rendered":"<p>Le porte-charges pivotant GiroVan, d\u00e9velopp\u00e9 sp\u00e9cialement pour le fourgon Fiat Ducato, ann\u00e9e de construction \u00e0 partir de 07\/2006, s\u00e9duit en premi\u00e8re ligne par son design \u00e9l\u00e9gant et la libert\u00e9 qu\u2019il procure. Transport de 2 v\u00e9los (extensible \u00e0 4 v\u00e9los) Pivotant\u00a0: Ouverture possible des portes arri\u00e8res en \u00e9tat charg\u00e9 Combinaison possible avec l\u2019accouplement de remorque Linnepe [&hellip;]<\/p>\n","protected":false},"featured_media":167658,"template":"","meta":{"_acf_changed":false},"product_featured_cat":[],"product_brand":[3146],"product_cat":[5137],"product_tag":[],"class_list":{"0":"post-167666","1":"product","2":"type-product","3":"status-publish","4":"has-post-thumbnail","6":"product_brand-linnepe","7":"product_cat-porte-velos-arriere","9":"first","10":"instock","11":"taxable","12":"shipping-taxable","13":"purchasable","14":"product-type-variable"},"acf":[],"yoast_head":"<!-- This site is optimized with the Yoast SEO plugin v27.4 - https:\/\/yoast.com\/product\/yoast-seo-wordpress\/ -->\n<title>Porte-charges GiroVan pour fourgon Fiat Ducato \u00e0 partir de 07\/2006 - Bantam Wankm\u00fcller SA<\/title>\n<meta name=\"robots\" content=\"index, follow, max-snippet:-1, max-image-preview:large, max-video-preview:-1\" \/>\n<link rel=\"canonical\" href=\"https:\/\/shop.bantam.ch\/fr\/produit\/porte-charges-girovan-pour-fourgon-fiat-ducato-a-partir-de-07-2006\/\" \/>\n<meta property=\"og:locale\" content=\"fr_FR\" \/>\n<meta property=\"og:type\" content=\"article\" \/>\n<meta property=\"og:title\" content=\"Porte-charges GiroVan pour fourgon Fiat Ducato \u00e0 partir de 07\/2006 - Bantam Wankm\u00fcller SA\" \/>\n<meta property=\"og:description\" content=\"Le porte-charges pivotant GiroVan, d\u00e9velopp\u00e9 sp\u00e9cialement pour le fourgon Fiat Ducato, ann\u00e9e de construction \u00e0 partir de 07\/2006, s\u00e9duit en premi\u00e8re ligne par son design \u00e9l\u00e9gant et la libert\u00e9 qu\u2019il procure. Transport de 2 v\u00e9los (extensible \u00e0 4 v\u00e9los) Pivotant\u00a0: Ouverture possible des portes arri\u00e8res en \u00e9tat charg\u00e9 Combinaison possible avec l\u2019accouplement de remorque Linnepe [&hellip;]\" \/>\n<meta property=\"og:url\" content=\"https:\/\/shop.bantam.ch\/fr\/produit\/porte-charges-girovan-pour-fourgon-fiat-ducato-a-partir-de-07-2006\/\" \/>\n<meta property=\"og:site_name\" content=\"Bantam Wankm\u00fcller SA\" \/>\n<meta property=\"article:modified_time\" content=\"2026-04-18T22:36:32+00:00\" \/>\n<meta property=\"og:image\" content=\"https:\/\/shop.bantam.ch\/wp-content\/uploads\/2023\/03\/994341411.jpg\" \/>\n\t<meta property=\"og:image:width\" content=\"927\" \/>\n\t<meta property=\"og:image:height\" content=\"1000\" \/>\n\t<meta property=\"og:image:type\" content=\"image\/jpeg\" \/>\n<meta name=\"twitter:card\" content=\"summary_large_image\" \/>\n<meta name=\"twitter:label1\" content=\"Dur\u00e9e de lecture estim\u00e9e\" \/>\n\t<meta name=\"twitter:data1\" content=\"1 minute\" \/>\n<script type=\"application\/ld+json\" class=\"yoast-schema-graph\">{\"@context\":\"https:\\\/\\\/schema.org\",\"@graph\":[{\"@type\":\"WebPage\",\"@id\":\"https:\\\/\\\/shop.bantam.ch\\\/fr\\\/produit\\\/porte-charges-girovan-pour-fourgon-fiat-ducato-a-partir-de-07-2006\\\/\",\"url\":\"https:\\\/\\\/shop.bantam.ch\\\/fr\\\/produit\\\/porte-charges-girovan-pour-fourgon-fiat-ducato-a-partir-de-07-2006\\\/\",\"name\":\"Porte-charges GiroVan pour fourgon Fiat Ducato \u00e0 partir de 07\\\/2006 - Bantam Wankm\u00fcller SA\",\"isPartOf\":{\"@id\":\"https:\\\/\\\/shop.bantam.ch\\\/fr\\\/#website\"},\"primaryImageOfPage\":{\"@id\":\"https:\\\/\\\/shop.bantam.ch\\\/fr\\\/produit\\\/porte-charges-girovan-pour-fourgon-fiat-ducato-a-partir-de-07-2006\\\/#primaryimage\"},\"image\":{\"@id\":\"https:\\\/\\\/shop.bantam.ch\\\/fr\\\/produit\\\/porte-charges-girovan-pour-fourgon-fiat-ducato-a-partir-de-07-2006\\\/#primaryimage\"},\"thumbnailUrl\":\"https:\\\/\\\/shop.bantam.ch\\\/wp-content\\\/uploads\\\/2023\\\/03\\\/994341411.jpg\",\"datePublished\":\"2023-03-29T11:06:34+00:00\",\"dateModified\":\"2026-04-18T22:36:32+00:00\",\"breadcrumb\":{\"@id\":\"https:\\\/\\\/shop.bantam.ch\\\/fr\\\/produit\\\/porte-charges-girovan-pour-fourgon-fiat-ducato-a-partir-de-07-2006\\\/#breadcrumb\"},\"inLanguage\":\"fr-FR\",\"potentialAction\":[{\"@type\":\"ReadAction\",\"target\":[\"https:\\\/\\\/shop.bantam.ch\\\/fr\\\/produit\\\/porte-charges-girovan-pour-fourgon-fiat-ducato-a-partir-de-07-2006\\\/\"]}]},{\"@type\":\"ImageObject\",\"inLanguage\":\"fr-FR\",\"@id\":\"https:\\\/\\\/shop.bantam.ch\\\/fr\\\/produit\\\/porte-charges-girovan-pour-fourgon-fiat-ducato-a-partir-de-07-2006\\\/#primaryimage\",\"url\":\"https:\\\/\\\/shop.bantam.ch\\\/wp-content\\\/uploads\\\/2023\\\/03\\\/994341411.jpg\",\"contentUrl\":\"https:\\\/\\\/shop.bantam.ch\\\/wp-content\\\/uploads\\\/2023\\\/03\\\/994341411.jpg\",\"width\":927,\"height\":1000},{\"@type\":\"BreadcrumbList\",\"@id\":\"https:\\\/\\\/shop.bantam.ch\\\/fr\\\/produit\\\/porte-charges-girovan-pour-fourgon-fiat-ducato-a-partir-de-07-2006\\\/#breadcrumb\",\"itemListElement\":[{\"@type\":\"ListItem\",\"position\":1,\"name\":\"Accueil\",\"item\":\"https:\\\/\\\/shop.bantam.ch\\\/fr\\\/\"},{\"@type\":\"ListItem\",\"position\":2,\"name\":\"Boutique\",\"item\":\"https:\\\/\\\/shop.bantam.ch\\\/fr\\\/boutique\\\/\"},{\"@type\":\"ListItem\",\"position\":3,\"name\":\"Porte-charges GiroVan pour fourgon Fiat Ducato \u00e0 partir de 07\\\/2006\"}]},{\"@type\":\"WebSite\",\"@id\":\"https:\\\/\\\/shop.bantam.ch\\\/fr\\\/#website\",\"url\":\"https:\\\/\\\/shop.bantam.ch\\\/fr\\\/\",\"name\":\"Bantam Wankm\u00fcller SA\",\"description\":\"\",\"publisher\":{\"@id\":\"https:\\\/\\\/shop.bantam.ch\\\/fr\\\/#organization\"},\"inLanguage\":\"fr-FR\"},{\"@type\":\"Organization\",\"@id\":\"https:\\\/\\\/shop.bantam.ch\\\/fr\\\/#organization\",\"name\":\"Bantam Wankm\u00fcller SA\",\"url\":\"https:\\\/\\\/shop.bantam.ch\\\/fr\\\/\",\"logo\":{\"@type\":\"ImageObject\",\"inLanguage\":\"fr-FR\",\"@id\":\"https:\\\/\\\/shop.bantam.ch\\\/fr\\\/#\\\/schema\\\/logo\\\/image\\\/\",\"url\":\"https:\\\/\\\/shop.bantam.ch\\\/wp-content\\\/uploads\\\/2022\\\/12\\\/bantam-logo.png\",\"contentUrl\":\"https:\\\/\\\/shop.bantam.ch\\\/wp-content\\\/uploads\\\/2022\\\/12\\\/bantam-logo.png\",\"width\":320,\"height\":71,\"caption\":\"Bantam Wankm\u00fcller SA\"},\"image\":{\"@id\":\"https:\\\/\\\/shop.bantam.ch\\\/fr\\\/#\\\/schema\\\/logo\\\/image\\\/\"}}]}<\/script>\n<!-- \/ Yoast SEO plugin. -->","yoast_head_json":{"title":"Porte-charges GiroVan pour fourgon Fiat Ducato \u00e0 partir de 07\/2006 - Bantam Wankm\u00fcller SA","robots":{"index":"index","follow":"follow","max-snippet":"max-snippet:-1","max-image-preview":"max-image-preview:large","max-video-preview":"max-video-preview:-1"},"canonical":"https:\/\/shop.bantam.ch\/fr\/produit\/porte-charges-girovan-pour-fourgon-fiat-ducato-a-partir-de-07-2006\/","og_locale":"fr_FR","og_type":"article","og_title":"Porte-charges GiroVan pour fourgon Fiat Ducato \u00e0 partir de 07\/2006 - Bantam Wankm\u00fcller SA","og_description":"Le porte-charges pivotant GiroVan, d\u00e9velopp\u00e9 sp\u00e9cialement pour le fourgon Fiat Ducato, ann\u00e9e de construction \u00e0 partir de 07\/2006, s\u00e9duit en premi\u00e8re ligne par son design \u00e9l\u00e9gant et la libert\u00e9 qu\u2019il procure. Transport de 2 v\u00e9los (extensible \u00e0 4 v\u00e9los) Pivotant\u00a0: Ouverture possible des portes arri\u00e8res en \u00e9tat charg\u00e9 Combinaison possible avec l\u2019accouplement de remorque Linnepe [&hellip;]","og_url":"https:\/\/shop.bantam.ch\/fr\/produit\/porte-charges-girovan-pour-fourgon-fiat-ducato-a-partir-de-07-2006\/","og_site_name":"Bantam Wankm\u00fcller SA","article_modified_time":"2026-04-18T22:36:32+00:00","og_image":[{"width":927,"height":1000,"url":"https:\/\/shop.bantam.ch\/wp-content\/uploads\/2023\/03\/994341411.jpg","type":"image\/jpeg"}],"twitter_card":"summary_large_image","twitter_misc":{"Dur\u00e9e de lecture estim\u00e9e":"1 minute"},"schema":{"@context":"https:\/\/schema.org","@graph":[{"@type":"WebPage","@id":"https:\/\/shop.bantam.ch\/fr\/produit\/porte-charges-girovan-pour-fourgon-fiat-ducato-a-partir-de-07-2006\/","url":"https:\/\/shop.bantam.ch\/fr\/produit\/porte-charges-girovan-pour-fourgon-fiat-ducato-a-partir-de-07-2006\/","name":"Porte-charges GiroVan pour fourgon Fiat Ducato \u00e0 partir de 07\/2006 - Bantam Wankm\u00fcller SA","isPartOf":{"@id":"https:\/\/shop.bantam.ch\/fr\/#website"},"primaryImageOfPage":{"@id":"https:\/\/shop.bantam.ch\/fr\/produit\/porte-charges-girovan-pour-fourgon-fiat-ducato-a-partir-de-07-2006\/#primaryimage"},"image":{"@id":"https:\/\/shop.bantam.ch\/fr\/produit\/porte-charges-girovan-pour-fourgon-fiat-ducato-a-partir-de-07-2006\/#primaryimage"},"thumbnailUrl":"https:\/\/shop.bantam.ch\/wp-content\/uploads\/2023\/03\/994341411.jpg","datePublished":"2023-03-29T11:06:34+00:00","dateModified":"2026-04-18T22:36:32+00:00","breadcrumb":{"@id":"https:\/\/shop.bantam.ch\/fr\/produit\/porte-charges-girovan-pour-fourgon-fiat-ducato-a-partir-de-07-2006\/#breadcrumb"},"inLanguage":"fr-FR","potentialAction":[{"@type":"ReadAction","target":["https:\/\/shop.bantam.ch\/fr\/produit\/porte-charges-girovan-pour-fourgon-fiat-ducato-a-partir-de-07-2006\/"]}]},{"@type":"ImageObject","inLanguage":"fr-FR","@id":"https:\/\/shop.bantam.ch\/fr\/produit\/porte-charges-girovan-pour-fourgon-fiat-ducato-a-partir-de-07-2006\/#primaryimage","url":"https:\/\/shop.bantam.ch\/wp-content\/uploads\/2023\/03\/994341411.jpg","contentUrl":"https:\/\/shop.bantam.ch\/wp-content\/uploads\/2023\/03\/994341411.jpg","width":927,"height":1000},{"@type":"BreadcrumbList","@id":"https:\/\/shop.bantam.ch\/fr\/produit\/porte-charges-girovan-pour-fourgon-fiat-ducato-a-partir-de-07-2006\/#breadcrumb","itemListElement":[{"@type":"ListItem","position":1,"name":"Accueil","item":"https:\/\/shop.bantam.ch\/fr\/"},{"@type":"ListItem","position":2,"name":"Boutique","item":"https:\/\/shop.bantam.ch\/fr\/boutique\/"},{"@type":"ListItem","position":3,"name":"Porte-charges GiroVan pour fourgon Fiat Ducato \u00e0 partir de 07\/2006"}]},{"@type":"WebSite","@id":"https:\/\/shop.bantam.ch\/fr\/#website","url":"https:\/\/shop.bantam.ch\/fr\/","name":"Bantam Wankm\u00fcller SA","description":"","publisher":{"@id":"https:\/\/shop.bantam.ch\/fr\/#organization"},"inLanguage":"fr-FR"},{"@type":"Organization","@id":"https:\/\/shop.bantam.ch\/fr\/#organization","name":"Bantam Wankm\u00fcller SA","url":"https:\/\/shop.bantam.ch\/fr\/","logo":{"@type":"ImageObject","inLanguage":"fr-FR","@id":"https:\/\/shop.bantam.ch\/fr\/#\/schema\/logo\/image\/","url":"https:\/\/shop.bantam.ch\/wp-content\/uploads\/2022\/12\/bantam-logo.png","contentUrl":"https:\/\/shop.bantam.ch\/wp-content\/uploads\/2022\/12\/bantam-logo.png","width":320,"height":71,"caption":"Bantam Wankm\u00fcller SA"},"image":{"@id":"https:\/\/shop.bantam.ch\/fr\/#\/schema\/logo\/image\/"}}]}},"_links":{"self":[{"href":"https:\/\/shop.bantam.ch\/fr\/wp-json\/wp\/v2\/product\/167666","targetHints":{"allow":["GET"]}}],"collection":[{"href":"https:\/\/shop.bantam.ch\/fr\/wp-json\/wp\/v2\/product"}],"about":[{"href":"https:\/\/shop.bantam.ch\/fr\/wp-json\/wp\/v2\/types\/product"}],"wp:featuredmedia":[{"embeddable":true,"href":"https:\/\/shop.bantam.ch\/fr\/wp-json\/wp\/v2\/media\/167658"}],"wp:attachment":[{"href":"https:\/\/shop.bantam.ch\/fr\/wp-json\/wp\/v2\/media?parent=167666"}],"wp:term":[{"taxonomy":"product_featured_cat","embeddable":true,"href":"https:\/\/shop.bantam.ch\/fr\/wp-json\/wp\/v2\/product_featured_cat?post=167666"},{"taxonomy":"product_brand","embeddable":true,"href":"https:\/\/shop.bantam.ch\/fr\/wp-json\/wp\/v2\/product_brand?post=167666"},{"taxonomy":"product_cat","embeddable":true,"href":"https:\/\/shop.bantam.ch\/fr\/wp-json\/wp\/v2\/product_cat?post=167666"},{"taxonomy":"product_tag","embeddable":true,"href":"https:\/\/shop.bantam.ch\/fr\/wp-json\/wp\/v2\/product_tag?post=167666"}],"curies":[{"name":"wp","href":"https:\/\/api.w.org\/{rel}","templated":true}]}}