{"id":167476,"date":"2023-03-29T13:02:05","date_gmt":"2023-03-29T11:02:05","guid":{"rendered":"https:\/\/shop.bantam.ch\/produit\/alimentation-lps\/"},"modified":"2026-05-02T00:26:31","modified_gmt":"2026-05-01T22:26:31","slug":"alimentation-lps","status":"publish","type":"product","link":"https:\/\/shop.bantam.ch\/fr\/produit\/alimentation-lps\/","title":{"rendered":"Alimentation\u00a0LPS"},"content":{"rendered":"<p>Les batteries auxiliaires classiques pr\u00e9sentent certains inconv\u00e9nients\u00a0: elles sont compliqu\u00e9es \u00e0 installer et les batteries au plomb fr\u00e9quemment utilis\u00e9es sont lourdes et co\u00fbteuses. Par cons\u00e9quent, la soci\u00e9t\u00e9 allemande LEAB\u00a0Automotive a d\u00e9velopp\u00e9 avec son partenaire danois Clayton Power un syst\u00e8me d\u2019alimentation mobile qui facilite \u00e9norm\u00e9ment l\u2019ajout d\u2019une batterie auxiliaire dans les camping-cars d\u00e8s le d\u00e9part ou ult\u00e9rieurement. Tous les composants individuels qui devaient jusqu\u2019\u00e0 pr\u00e9sent \u00eatre assembl\u00e9s et reli\u00e9s entre eux sont r\u00e9unis dans un seul bo\u00eetier\u00a0: une batterie au lithium moderne, un onduleur qui fournit 230\u00a0volts, un chargeur qui permet de recharger enti\u00e8rement le syst\u00e8me d\u2019alimentation\u00a0LPS en moins de deux\u00a0heures ainsi qu\u2019un booster de chargement qui assure \u00e9galement le chargement fiable de la batterie au lithium par le biais de l\u2019alternateur pour les v\u00e9hicules Euro\u00a06. Le syst\u00e8me\u00a0LPS alimente non seulement des appareils de 12 volts sans aucun probl\u00e8me, mais il peut aussi alimenter les appareils m\u00e9nagers standard 230\u00a0volts. Gr\u00e2ce \u00e0 la technologie de connexion tr\u00e8s simple, vous pouvez retirer temporairement le syst\u00e8me\u00a0LPS du v\u00e9hicule pour l\u2019emmener \u00e0 la plage par exemple. Vous pourrez vous d\u00e9tendre et profiter de vos vacances, sans renoncer au confort des appareils \u00e9lectriques. Le syst\u00e8me\u00a0LPS est la solution id\u00e9ale en d\u00e9placement. Le chargement peut \u00eatre r\u00e9alis\u00e9 de plusieurs mani\u00e8res\u00a0: comme d\u2019habitude, en branchant le syst\u00e8me\u00a0LPS \u00e0 une prise de courant 230\u00a0volts ou par le biais de l\u2019alternateur. Il est aussi possible de le charger gr\u00e2ce \u00e0 l\u2019\u00e9nergie solaire. Vous ne vous retrouverez pas dans le noir de fa\u00e7on inattendue\u00a0: le syst\u00e8me\u00a0LPS vous indique \u00e0 la minute pr\u00e8s l\u2019autonomie restante avant que le syst\u00e8me de gestion de la batterie ne place les batteries en veille pour les prot\u00e9ger contre une d\u00e9charge totale.<\/p>\n<p>Type de protection\u00a0: IP\u00a021<\/p>\n<p>Contacts\u00a0:<\/p>\n<p>Avant\u00a0:<\/p>\n<ul>\n<li>Sortie\u00a0230\u00a0V (prise Schuko)<\/li>\n<\/ul>\n<p>Arri\u00e8re\u00a0:<\/p>\n<ul>\n<li>Sortie 230\u00a0V (prise Neutrik)<\/li>\n<li>Entr\u00e9e 230\u00a0V (prise Neutrik)<\/li>\n<li>Sortie 12\u00a0V (SB-50)<\/li>\n<li>Entr\u00e9e 12\u00a0V (SB-50)<\/li>\n<li>Interface de communication<\/li>\n<\/ul>\n","protected":false},"excerpt":{"rendered":"<p>Les batteries auxiliaires classiques pr\u00e9sentent certains inconv\u00e9nients\u00a0: elles sont compliqu\u00e9es \u00e0 installer et les batteries au plomb fr\u00e9quemment utilis\u00e9es sont lourdes et co\u00fbteuses. Par cons\u00e9quent, la soci\u00e9t\u00e9 allemande LEAB\u00a0Automotive a d\u00e9velopp\u00e9 avec son partenaire danois Clayton Power un syst\u00e8me d\u2019alimentation mobile qui facilite \u00e9norm\u00e9ment l\u2019ajout d\u2019une batterie auxiliaire dans les camping-cars d\u00e8s le d\u00e9part ou [&hellip;]<\/p>\n","protected":false},"featured_media":167472,"template":"","meta":{"_acf_changed":false},"product_featured_cat":[],"product_brand":[3492],"product_cat":[4189],"product_tag":[],"class_list":{"0":"post-167476","1":"product","2":"type-product","3":"status-publish","4":"has-post-thumbnail","6":"product_brand-leab","7":"product_cat-chargeurs-de-batterie","9":"first","10":"instock","11":"taxable","12":"shipping-taxable","13":"purchasable","14":"product-type-variable"},"acf":[],"yoast_head":"<!-- This site is optimized with the Yoast SEO plugin v27.5 - https:\/\/yoast.com\/product\/yoast-seo-wordpress\/ -->\n<title>Alimentation\u00a0LPS - Bantam<\/title>\n<meta name=\"robots\" content=\"index, follow, max-snippet:-1, max-image-preview:large, max-video-preview:-1\" \/>\n<link rel=\"canonical\" href=\"https:\/\/shop.bantam.ch\/fr\/produit\/alimentation-lps\/\" \/>\n<meta property=\"og:locale\" content=\"fr_FR\" \/>\n<meta property=\"og:type\" content=\"article\" \/>\n<meta property=\"og:title\" content=\"Alimentation\u00a0LPS - Bantam\" \/>\n<meta property=\"og:description\" content=\"Les batteries auxiliaires classiques pr\u00e9sentent certains inconv\u00e9nients\u00a0: elles sont compliqu\u00e9es \u00e0 installer et les batteries au plomb fr\u00e9quemment utilis\u00e9es sont lourdes et co\u00fbteuses. Par cons\u00e9quent, la soci\u00e9t\u00e9 allemande LEAB\u00a0Automotive a d\u00e9velopp\u00e9 avec son partenaire danois Clayton Power un syst\u00e8me d\u2019alimentation mobile qui facilite \u00e9norm\u00e9ment l\u2019ajout d\u2019une batterie auxiliaire dans les camping-cars d\u00e8s le d\u00e9part ou [&hellip;]\" \/>\n<meta property=\"og:url\" content=\"https:\/\/shop.bantam.ch\/fr\/produit\/alimentation-lps\/\" \/>\n<meta property=\"og:site_name\" content=\"Bantam\" \/>\n<meta property=\"article:modified_time\" content=\"2026-05-01T22:26:31+00:00\" \/>\n<meta property=\"og:image\" content=\"https:\/\/shop.bantam.ch\/wp-content\/uploads\/2023\/03\/9942363-100-1-3.jpg\" \/>\n\t<meta property=\"og:image:width\" content=\"1000\" \/>\n\t<meta property=\"og:image:height\" content=\"563\" \/>\n\t<meta property=\"og:image:type\" content=\"image\/jpeg\" \/>\n<meta name=\"twitter:card\" content=\"summary_large_image\" \/>\n<meta name=\"twitter:label1\" content=\"Dur\u00e9e de lecture estim\u00e9e\" \/>\n\t<meta name=\"twitter:data1\" content=\"2 minutes\" \/>\n<script type=\"application\/ld+json\" class=\"yoast-schema-graph\">{\"@context\":\"https:\\\/\\\/schema.org\",\"@graph\":[{\"@type\":\"WebPage\",\"@id\":\"https:\\\/\\\/shop.bantam.ch\\\/fr\\\/produit\\\/alimentation-lps\\\/\",\"url\":\"https:\\\/\\\/shop.bantam.ch\\\/fr\\\/produit\\\/alimentation-lps\\\/\",\"name\":\"Alimentation\u00a0LPS - Bantam\",\"isPartOf\":{\"@id\":\"https:\\\/\\\/shop.bantam.ch\\\/fr\\\/#website\"},\"primaryImageOfPage\":{\"@id\":\"https:\\\/\\\/shop.bantam.ch\\\/fr\\\/produit\\\/alimentation-lps\\\/#primaryimage\"},\"image\":{\"@id\":\"https:\\\/\\\/shop.bantam.ch\\\/fr\\\/produit\\\/alimentation-lps\\\/#primaryimage\"},\"thumbnailUrl\":\"https:\\\/\\\/shop.bantam.ch\\\/wp-content\\\/uploads\\\/2023\\\/03\\\/9942363-100-1-3.jpg\",\"datePublished\":\"2023-03-29T11:02:05+00:00\",\"dateModified\":\"2026-05-01T22:26:31+00:00\",\"breadcrumb\":{\"@id\":\"https:\\\/\\\/shop.bantam.ch\\\/fr\\\/produit\\\/alimentation-lps\\\/#breadcrumb\"},\"inLanguage\":\"fr-FR\",\"potentialAction\":[{\"@type\":\"ReadAction\",\"target\":[\"https:\\\/\\\/shop.bantam.ch\\\/fr\\\/produit\\\/alimentation-lps\\\/\"]}]},{\"@type\":\"ImageObject\",\"inLanguage\":\"fr-FR\",\"@id\":\"https:\\\/\\\/shop.bantam.ch\\\/fr\\\/produit\\\/alimentation-lps\\\/#primaryimage\",\"url\":\"https:\\\/\\\/shop.bantam.ch\\\/wp-content\\\/uploads\\\/2023\\\/03\\\/9942363-100-1-3.jpg\",\"contentUrl\":\"https:\\\/\\\/shop.bantam.ch\\\/wp-content\\\/uploads\\\/2023\\\/03\\\/9942363-100-1-3.jpg\",\"width\":1000,\"height\":563},{\"@type\":\"BreadcrumbList\",\"@id\":\"https:\\\/\\\/shop.bantam.ch\\\/fr\\\/produit\\\/alimentation-lps\\\/#breadcrumb\",\"itemListElement\":[{\"@type\":\"ListItem\",\"position\":1,\"name\":\"Accueil\",\"item\":\"https:\\\/\\\/shop.bantam.ch\\\/fr\\\/\"},{\"@type\":\"ListItem\",\"position\":2,\"name\":\"Boutique\",\"item\":\"https:\\\/\\\/shop.bantam.ch\\\/fr\\\/boutique\\\/\"},{\"@type\":\"ListItem\",\"position\":3,\"name\":\"Alimentation\u00a0LPS\"}]},{\"@type\":\"WebSite\",\"@id\":\"https:\\\/\\\/shop.bantam.ch\\\/fr\\\/#website\",\"url\":\"https:\\\/\\\/shop.bantam.ch\\\/fr\\\/\",\"name\":\"Bantam\",\"description\":\"\",\"publisher\":{\"@id\":\"https:\\\/\\\/shop.bantam.ch\\\/fr\\\/#organization\"},\"inLanguage\":\"fr-FR\"},{\"@type\":\"Organization\",\"@id\":\"https:\\\/\\\/shop.bantam.ch\\\/fr\\\/#organization\",\"name\":\"Bantam\",\"url\":\"https:\\\/\\\/shop.bantam.ch\\\/fr\\\/\",\"logo\":{\"@type\":\"ImageObject\",\"inLanguage\":\"fr-FR\",\"@id\":\"https:\\\/\\\/shop.bantam.ch\\\/fr\\\/#\\\/schema\\\/logo\\\/image\\\/\",\"url\":\"https:\\\/\\\/shop.bantam.ch\\\/wp-content\\\/uploads\\\/2022\\\/12\\\/bantam-logo.png\",\"contentUrl\":\"https:\\\/\\\/shop.bantam.ch\\\/wp-content\\\/uploads\\\/2022\\\/12\\\/bantam-logo.png\",\"width\":320,\"height\":71,\"caption\":\"Bantam\"},\"image\":{\"@id\":\"https:\\\/\\\/shop.bantam.ch\\\/fr\\\/#\\\/schema\\\/logo\\\/image\\\/\"}}]}<\/script>\n<!-- \/ Yoast SEO plugin. -->","yoast_head_json":{"title":"Alimentation\u00a0LPS - Bantam","robots":{"index":"index","follow":"follow","max-snippet":"max-snippet:-1","max-image-preview":"max-image-preview:large","max-video-preview":"max-video-preview:-1"},"canonical":"https:\/\/shop.bantam.ch\/fr\/produit\/alimentation-lps\/","og_locale":"fr_FR","og_type":"article","og_title":"Alimentation\u00a0LPS - Bantam","og_description":"Les batteries auxiliaires classiques pr\u00e9sentent certains inconv\u00e9nients\u00a0: elles sont compliqu\u00e9es \u00e0 installer et les batteries au plomb fr\u00e9quemment utilis\u00e9es sont lourdes et co\u00fbteuses. Par cons\u00e9quent, la soci\u00e9t\u00e9 allemande LEAB\u00a0Automotive a d\u00e9velopp\u00e9 avec son partenaire danois Clayton Power un syst\u00e8me d\u2019alimentation mobile qui facilite \u00e9norm\u00e9ment l\u2019ajout d\u2019une batterie auxiliaire dans les camping-cars d\u00e8s le d\u00e9part ou [&hellip;]","og_url":"https:\/\/shop.bantam.ch\/fr\/produit\/alimentation-lps\/","og_site_name":"Bantam","article_modified_time":"2026-05-01T22:26:31+00:00","og_image":[{"width":1000,"height":563,"url":"https:\/\/shop.bantam.ch\/wp-content\/uploads\/2023\/03\/9942363-100-1-3.jpg","type":"image\/jpeg"}],"twitter_card":"summary_large_image","twitter_misc":{"Dur\u00e9e de lecture estim\u00e9e":"2 minutes"},"schema":{"@context":"https:\/\/schema.org","@graph":[{"@type":"WebPage","@id":"https:\/\/shop.bantam.ch\/fr\/produit\/alimentation-lps\/","url":"https:\/\/shop.bantam.ch\/fr\/produit\/alimentation-lps\/","name":"Alimentation\u00a0LPS - Bantam","isPartOf":{"@id":"https:\/\/shop.bantam.ch\/fr\/#website"},"primaryImageOfPage":{"@id":"https:\/\/shop.bantam.ch\/fr\/produit\/alimentation-lps\/#primaryimage"},"image":{"@id":"https:\/\/shop.bantam.ch\/fr\/produit\/alimentation-lps\/#primaryimage"},"thumbnailUrl":"https:\/\/shop.bantam.ch\/wp-content\/uploads\/2023\/03\/9942363-100-1-3.jpg","datePublished":"2023-03-29T11:02:05+00:00","dateModified":"2026-05-01T22:26:31+00:00","breadcrumb":{"@id":"https:\/\/shop.bantam.ch\/fr\/produit\/alimentation-lps\/#breadcrumb"},"inLanguage":"fr-FR","potentialAction":[{"@type":"ReadAction","target":["https:\/\/shop.bantam.ch\/fr\/produit\/alimentation-lps\/"]}]},{"@type":"ImageObject","inLanguage":"fr-FR","@id":"https:\/\/shop.bantam.ch\/fr\/produit\/alimentation-lps\/#primaryimage","url":"https:\/\/shop.bantam.ch\/wp-content\/uploads\/2023\/03\/9942363-100-1-3.jpg","contentUrl":"https:\/\/shop.bantam.ch\/wp-content\/uploads\/2023\/03\/9942363-100-1-3.jpg","width":1000,"height":563},{"@type":"BreadcrumbList","@id":"https:\/\/shop.bantam.ch\/fr\/produit\/alimentation-lps\/#breadcrumb","itemListElement":[{"@type":"ListItem","position":1,"name":"Accueil","item":"https:\/\/shop.bantam.ch\/fr\/"},{"@type":"ListItem","position":2,"name":"Boutique","item":"https:\/\/shop.bantam.ch\/fr\/boutique\/"},{"@type":"ListItem","position":3,"name":"Alimentation\u00a0LPS"}]},{"@type":"WebSite","@id":"https:\/\/shop.bantam.ch\/fr\/#website","url":"https:\/\/shop.bantam.ch\/fr\/","name":"Bantam","description":"","publisher":{"@id":"https:\/\/shop.bantam.ch\/fr\/#organization"},"inLanguage":"fr-FR"},{"@type":"Organization","@id":"https:\/\/shop.bantam.ch\/fr\/#organization","name":"Bantam","url":"https:\/\/shop.bantam.ch\/fr\/","logo":{"@type":"ImageObject","inLanguage":"fr-FR","@id":"https:\/\/shop.bantam.ch\/fr\/#\/schema\/logo\/image\/","url":"https:\/\/shop.bantam.ch\/wp-content\/uploads\/2022\/12\/bantam-logo.png","contentUrl":"https:\/\/shop.bantam.ch\/wp-content\/uploads\/2022\/12\/bantam-logo.png","width":320,"height":71,"caption":"Bantam"},"image":{"@id":"https:\/\/shop.bantam.ch\/fr\/#\/schema\/logo\/image\/"}}]}},"_links":{"self":[{"href":"https:\/\/shop.bantam.ch\/fr\/wp-json\/wp\/v2\/product\/167476","targetHints":{"allow":["GET"]}}],"collection":[{"href":"https:\/\/shop.bantam.ch\/fr\/wp-json\/wp\/v2\/product"}],"about":[{"href":"https:\/\/shop.bantam.ch\/fr\/wp-json\/wp\/v2\/types\/product"}],"wp:featuredmedia":[{"embeddable":true,"href":"https:\/\/shop.bantam.ch\/fr\/wp-json\/wp\/v2\/media\/167472"}],"wp:attachment":[{"href":"https:\/\/shop.bantam.ch\/fr\/wp-json\/wp\/v2\/media?parent=167476"}],"wp:term":[{"taxonomy":"product_featured_cat","embeddable":true,"href":"https:\/\/shop.bantam.ch\/fr\/wp-json\/wp\/v2\/product_featured_cat?post=167476"},{"taxonomy":"product_brand","embeddable":true,"href":"https:\/\/shop.bantam.ch\/fr\/wp-json\/wp\/v2\/product_brand?post=167476"},{"taxonomy":"product_cat","embeddable":true,"href":"https:\/\/shop.bantam.ch\/fr\/wp-json\/wp\/v2\/product_cat?post=167476"},{"taxonomy":"product_tag","embeddable":true,"href":"https:\/\/shop.bantam.ch\/fr\/wp-json\/wp\/v2\/product_tag?post=167476"}],"curies":[{"name":"wp","href":"https:\/\/api.w.org\/{rel}","templated":true}]}}