{"id":167368,"date":"2023-03-29T12:58:57","date_gmt":"2023-03-29T10:58:57","guid":{"rendered":"https:\/\/shop.bantam.ch\/produit\/paroi-avant-rain-blocker-g2\/"},"modified":"2026-05-02T00:25:43","modified_gmt":"2026-05-01T22:25:43","slug":"paroi-avant-rain-blocker-g2","status":"publish","type":"product","link":"https:\/\/shop.bantam.ch\/fr\/produit\/paroi-avant-rain-blocker-g2\/","title":{"rendered":"Paroi avant Rain Blocker G2"},"content":{"rendered":"<p>Paroi avant pour les stores bannes Thule comme protection contre les regards indiscrets, le vent et la pluie.<\/p>\n<ul>\n<li>La toile du store glisse dans la barre de charge\u00a0<\/li>\n<li>Toutes les parois peuvent \u00eatre enroul\u00e9es et fix\u00e9es gr\u00e2ce \u00e0 des boucles \u00e0 ouverture lat\u00e9rale.\u00a0<\/li>\n<li>Les b\u00e2ches Rain Blocker G2 peuvent \u00eatre associ\u00e9es \u00e0 des raccords intelligents\u00a0<\/li>\n<li>Mati\u00e8re en toile r\u00e9sistante<\/li>\n<\/ul>\n<p>Hauteurs de montage<\/p>\n<ul>\n<li>Hauteur S\u00a0: 205 &#8211; 224 cm<\/li>\n<li>Hauteur M\u00a0: 225 &#8211; 244 cm<\/li>\n<li>Hauteur L\u00a0: 245 &#8211; 264 cm<\/li>\n<li>Hauteur XL\u00a0: 265 -284 cm<\/li>\n<li>Hauteur XXL\u00a0: 285 &#8211; 304 cm<\/li>\n<\/ul>\n<p>Mat\u00e9riau<\/p>\n<ul>\n<li>Toile de polychlorure de vinyle<\/li>\n<\/ul>\n<p>\u00a0<\/p>\n","protected":false},"excerpt":{"rendered":"<p>Paroi avant pour les stores bannes Thule comme protection contre les regards indiscrets, le vent et la pluie. La toile du store glisse dans la barre de charge\u00a0 Toutes les parois peuvent \u00eatre enroul\u00e9es et fix\u00e9es gr\u00e2ce \u00e0 des boucles \u00e0 ouverture lat\u00e9rale.\u00a0 Les b\u00e2ches Rain Blocker G2 peuvent \u00eatre associ\u00e9es \u00e0 des raccords intelligents\u00a0 [&hellip;]<\/p>\n","protected":false},"featured_media":167366,"template":"","meta":{"_acf_changed":false},"product_featured_cat":[],"product_brand":[3046],"product_cat":[4219],"product_tag":[],"class_list":{"0":"post-167368","1":"product","2":"type-product","3":"status-publish","4":"has-post-thumbnail","6":"product_brand-thule","7":"product_cat-parois-avant","9":"first","10":"instock","11":"taxable","12":"shipping-taxable","13":"purchasable","14":"product-type-variable"},"acf":[],"yoast_head":"<!-- This site is optimized with the Yoast SEO plugin v27.5 - https:\/\/yoast.com\/product\/yoast-seo-wordpress\/ -->\n<title>Paroi avant Rain Blocker G2 - Bantam<\/title>\n<meta name=\"robots\" content=\"index, follow, max-snippet:-1, max-image-preview:large, max-video-preview:-1\" \/>\n<link rel=\"canonical\" href=\"https:\/\/shop.bantam.ch\/fr\/produit\/paroi-avant-rain-blocker-g2\/\" \/>\n<meta property=\"og:locale\" content=\"fr_FR\" \/>\n<meta property=\"og:type\" content=\"article\" \/>\n<meta property=\"og:title\" content=\"Paroi avant Rain Blocker G2 - Bantam\" \/>\n<meta property=\"og:description\" content=\"Paroi avant pour les stores bannes Thule comme protection contre les regards indiscrets, le vent et la pluie. La toile du store glisse dans la barre de charge\u00a0 Toutes les parois peuvent \u00eatre enroul\u00e9es et fix\u00e9es gr\u00e2ce \u00e0 des boucles \u00e0 ouverture lat\u00e9rale.\u00a0 Les b\u00e2ches Rain Blocker G2 peuvent \u00eatre associ\u00e9es \u00e0 des raccords intelligents\u00a0 [&hellip;]\" \/>\n<meta property=\"og:url\" content=\"https:\/\/shop.bantam.ch\/fr\/produit\/paroi-avant-rain-blocker-g2\/\" \/>\n<meta property=\"og:site_name\" content=\"Bantam\" \/>\n<meta property=\"article:modified_time\" content=\"2026-05-01T22:25:43+00:00\" \/>\n<meta property=\"og:image\" content=\"https:\/\/shop.bantam.ch\/wp-content\/uploads\/2023\/03\/995147611-13.jpg\" \/>\n\t<meta property=\"og:image:width\" content=\"1000\" \/>\n\t<meta property=\"og:image:height\" content=\"847\" \/>\n\t<meta property=\"og:image:type\" content=\"image\/jpeg\" \/>\n<meta name=\"twitter:card\" content=\"summary_large_image\" \/>\n<script type=\"application\/ld+json\" class=\"yoast-schema-graph\">{\"@context\":\"https:\\\/\\\/schema.org\",\"@graph\":[{\"@type\":\"WebPage\",\"@id\":\"https:\\\/\\\/shop.bantam.ch\\\/fr\\\/produit\\\/paroi-avant-rain-blocker-g2\\\/\",\"url\":\"https:\\\/\\\/shop.bantam.ch\\\/fr\\\/produit\\\/paroi-avant-rain-blocker-g2\\\/\",\"name\":\"Paroi avant Rain Blocker G2 - Bantam\",\"isPartOf\":{\"@id\":\"https:\\\/\\\/shop.bantam.ch\\\/fr\\\/#website\"},\"primaryImageOfPage\":{\"@id\":\"https:\\\/\\\/shop.bantam.ch\\\/fr\\\/produit\\\/paroi-avant-rain-blocker-g2\\\/#primaryimage\"},\"image\":{\"@id\":\"https:\\\/\\\/shop.bantam.ch\\\/fr\\\/produit\\\/paroi-avant-rain-blocker-g2\\\/#primaryimage\"},\"thumbnailUrl\":\"https:\\\/\\\/shop.bantam.ch\\\/wp-content\\\/uploads\\\/2023\\\/03\\\/995147611-13.jpg\",\"datePublished\":\"2023-03-29T10:58:57+00:00\",\"dateModified\":\"2026-05-01T22:25:43+00:00\",\"breadcrumb\":{\"@id\":\"https:\\\/\\\/shop.bantam.ch\\\/fr\\\/produit\\\/paroi-avant-rain-blocker-g2\\\/#breadcrumb\"},\"inLanguage\":\"fr-FR\",\"potentialAction\":[{\"@type\":\"ReadAction\",\"target\":[\"https:\\\/\\\/shop.bantam.ch\\\/fr\\\/produit\\\/paroi-avant-rain-blocker-g2\\\/\"]}]},{\"@type\":\"ImageObject\",\"inLanguage\":\"fr-FR\",\"@id\":\"https:\\\/\\\/shop.bantam.ch\\\/fr\\\/produit\\\/paroi-avant-rain-blocker-g2\\\/#primaryimage\",\"url\":\"https:\\\/\\\/shop.bantam.ch\\\/wp-content\\\/uploads\\\/2023\\\/03\\\/995147611-13.jpg\",\"contentUrl\":\"https:\\\/\\\/shop.bantam.ch\\\/wp-content\\\/uploads\\\/2023\\\/03\\\/995147611-13.jpg\",\"width\":1000,\"height\":847},{\"@type\":\"BreadcrumbList\",\"@id\":\"https:\\\/\\\/shop.bantam.ch\\\/fr\\\/produit\\\/paroi-avant-rain-blocker-g2\\\/#breadcrumb\",\"itemListElement\":[{\"@type\":\"ListItem\",\"position\":1,\"name\":\"Accueil\",\"item\":\"https:\\\/\\\/shop.bantam.ch\\\/fr\\\/\"},{\"@type\":\"ListItem\",\"position\":2,\"name\":\"Boutique\",\"item\":\"https:\\\/\\\/shop.bantam.ch\\\/fr\\\/boutique\\\/\"},{\"@type\":\"ListItem\",\"position\":3,\"name\":\"Paroi avant Rain Blocker G2\"}]},{\"@type\":\"WebSite\",\"@id\":\"https:\\\/\\\/shop.bantam.ch\\\/fr\\\/#website\",\"url\":\"https:\\\/\\\/shop.bantam.ch\\\/fr\\\/\",\"name\":\"Bantam\",\"description\":\"\",\"publisher\":{\"@id\":\"https:\\\/\\\/shop.bantam.ch\\\/fr\\\/#organization\"},\"inLanguage\":\"fr-FR\"},{\"@type\":\"Organization\",\"@id\":\"https:\\\/\\\/shop.bantam.ch\\\/fr\\\/#organization\",\"name\":\"Bantam\",\"url\":\"https:\\\/\\\/shop.bantam.ch\\\/fr\\\/\",\"logo\":{\"@type\":\"ImageObject\",\"inLanguage\":\"fr-FR\",\"@id\":\"https:\\\/\\\/shop.bantam.ch\\\/fr\\\/#\\\/schema\\\/logo\\\/image\\\/\",\"url\":\"https:\\\/\\\/shop.bantam.ch\\\/wp-content\\\/uploads\\\/2022\\\/12\\\/bantam-logo.png\",\"contentUrl\":\"https:\\\/\\\/shop.bantam.ch\\\/wp-content\\\/uploads\\\/2022\\\/12\\\/bantam-logo.png\",\"width\":320,\"height\":71,\"caption\":\"Bantam\"},\"image\":{\"@id\":\"https:\\\/\\\/shop.bantam.ch\\\/fr\\\/#\\\/schema\\\/logo\\\/image\\\/\"}}]}<\/script>\n<!-- \/ Yoast SEO plugin. -->","yoast_head_json":{"title":"Paroi avant Rain Blocker G2 - Bantam","robots":{"index":"index","follow":"follow","max-snippet":"max-snippet:-1","max-image-preview":"max-image-preview:large","max-video-preview":"max-video-preview:-1"},"canonical":"https:\/\/shop.bantam.ch\/fr\/produit\/paroi-avant-rain-blocker-g2\/","og_locale":"fr_FR","og_type":"article","og_title":"Paroi avant Rain Blocker G2 - Bantam","og_description":"Paroi avant pour les stores bannes Thule comme protection contre les regards indiscrets, le vent et la pluie. La toile du store glisse dans la barre de charge\u00a0 Toutes les parois peuvent \u00eatre enroul\u00e9es et fix\u00e9es gr\u00e2ce \u00e0 des boucles \u00e0 ouverture lat\u00e9rale.\u00a0 Les b\u00e2ches Rain Blocker G2 peuvent \u00eatre associ\u00e9es \u00e0 des raccords intelligents\u00a0 [&hellip;]","og_url":"https:\/\/shop.bantam.ch\/fr\/produit\/paroi-avant-rain-blocker-g2\/","og_site_name":"Bantam","article_modified_time":"2026-05-01T22:25:43+00:00","og_image":[{"width":1000,"height":847,"url":"https:\/\/shop.bantam.ch\/wp-content\/uploads\/2023\/03\/995147611-13.jpg","type":"image\/jpeg"}],"twitter_card":"summary_large_image","schema":{"@context":"https:\/\/schema.org","@graph":[{"@type":"WebPage","@id":"https:\/\/shop.bantam.ch\/fr\/produit\/paroi-avant-rain-blocker-g2\/","url":"https:\/\/shop.bantam.ch\/fr\/produit\/paroi-avant-rain-blocker-g2\/","name":"Paroi avant Rain Blocker G2 - Bantam","isPartOf":{"@id":"https:\/\/shop.bantam.ch\/fr\/#website"},"primaryImageOfPage":{"@id":"https:\/\/shop.bantam.ch\/fr\/produit\/paroi-avant-rain-blocker-g2\/#primaryimage"},"image":{"@id":"https:\/\/shop.bantam.ch\/fr\/produit\/paroi-avant-rain-blocker-g2\/#primaryimage"},"thumbnailUrl":"https:\/\/shop.bantam.ch\/wp-content\/uploads\/2023\/03\/995147611-13.jpg","datePublished":"2023-03-29T10:58:57+00:00","dateModified":"2026-05-01T22:25:43+00:00","breadcrumb":{"@id":"https:\/\/shop.bantam.ch\/fr\/produit\/paroi-avant-rain-blocker-g2\/#breadcrumb"},"inLanguage":"fr-FR","potentialAction":[{"@type":"ReadAction","target":["https:\/\/shop.bantam.ch\/fr\/produit\/paroi-avant-rain-blocker-g2\/"]}]},{"@type":"ImageObject","inLanguage":"fr-FR","@id":"https:\/\/shop.bantam.ch\/fr\/produit\/paroi-avant-rain-blocker-g2\/#primaryimage","url":"https:\/\/shop.bantam.ch\/wp-content\/uploads\/2023\/03\/995147611-13.jpg","contentUrl":"https:\/\/shop.bantam.ch\/wp-content\/uploads\/2023\/03\/995147611-13.jpg","width":1000,"height":847},{"@type":"BreadcrumbList","@id":"https:\/\/shop.bantam.ch\/fr\/produit\/paroi-avant-rain-blocker-g2\/#breadcrumb","itemListElement":[{"@type":"ListItem","position":1,"name":"Accueil","item":"https:\/\/shop.bantam.ch\/fr\/"},{"@type":"ListItem","position":2,"name":"Boutique","item":"https:\/\/shop.bantam.ch\/fr\/boutique\/"},{"@type":"ListItem","position":3,"name":"Paroi avant Rain Blocker G2"}]},{"@type":"WebSite","@id":"https:\/\/shop.bantam.ch\/fr\/#website","url":"https:\/\/shop.bantam.ch\/fr\/","name":"Bantam","description":"","publisher":{"@id":"https:\/\/shop.bantam.ch\/fr\/#organization"},"inLanguage":"fr-FR"},{"@type":"Organization","@id":"https:\/\/shop.bantam.ch\/fr\/#organization","name":"Bantam","url":"https:\/\/shop.bantam.ch\/fr\/","logo":{"@type":"ImageObject","inLanguage":"fr-FR","@id":"https:\/\/shop.bantam.ch\/fr\/#\/schema\/logo\/image\/","url":"https:\/\/shop.bantam.ch\/wp-content\/uploads\/2022\/12\/bantam-logo.png","contentUrl":"https:\/\/shop.bantam.ch\/wp-content\/uploads\/2022\/12\/bantam-logo.png","width":320,"height":71,"caption":"Bantam"},"image":{"@id":"https:\/\/shop.bantam.ch\/fr\/#\/schema\/logo\/image\/"}}]}},"_links":{"self":[{"href":"https:\/\/shop.bantam.ch\/fr\/wp-json\/wp\/v2\/product\/167368","targetHints":{"allow":["GET"]}}],"collection":[{"href":"https:\/\/shop.bantam.ch\/fr\/wp-json\/wp\/v2\/product"}],"about":[{"href":"https:\/\/shop.bantam.ch\/fr\/wp-json\/wp\/v2\/types\/product"}],"wp:featuredmedia":[{"embeddable":true,"href":"https:\/\/shop.bantam.ch\/fr\/wp-json\/wp\/v2\/media\/167366"}],"wp:attachment":[{"href":"https:\/\/shop.bantam.ch\/fr\/wp-json\/wp\/v2\/media?parent=167368"}],"wp:term":[{"taxonomy":"product_featured_cat","embeddable":true,"href":"https:\/\/shop.bantam.ch\/fr\/wp-json\/wp\/v2\/product_featured_cat?post=167368"},{"taxonomy":"product_brand","embeddable":true,"href":"https:\/\/shop.bantam.ch\/fr\/wp-json\/wp\/v2\/product_brand?post=167368"},{"taxonomy":"product_cat","embeddable":true,"href":"https:\/\/shop.bantam.ch\/fr\/wp-json\/wp\/v2\/product_cat?post=167368"},{"taxonomy":"product_tag","embeddable":true,"href":"https:\/\/shop.bantam.ch\/fr\/wp-json\/wp\/v2\/product_tag?post=167368"}],"curies":[{"name":"wp","href":"https:\/\/api.w.org\/{rel}","templated":true}]}}