{"id":167172,"date":"2023-03-29T12:53:48","date_gmt":"2023-03-29T10:53:48","guid":{"rendered":"https:\/\/shop.bantam.ch\/produit\/fenetre-basculante-s4-blanc-creme\/"},"modified":"2026-04-20T00:37:11","modified_gmt":"2026-04-19T22:37:11","slug":"fenetre-basculante-s4-blanc-creme","status":"publish","type":"product","link":"https:\/\/shop.bantam.ch\/fr\/produit\/fenetre-basculante-s4-blanc-creme\/","title":{"rendered":"Fen\u00eatre basculante\u00a0S4, blanc cr\u00e8me"},"content":{"rendered":"<p>Fen\u00eatre compl\u00e8te pour camping-cars et caravanes, pr\u00e9mont\u00e9e avec double vitrage en verre acrylique, et stores et moustiquaire int\u00e9gr\u00e9s. La manivelle centrale permet de relier les deux stores et de les positionner diff\u00e9remment.<\/p>\n<p>Fen\u00eatre basculante\u00a0S4<br \/>Pr\u00eate \u00e0 l\u2019emploi avec bras t\u00e9lescopique et syst\u00e8me de fermeture s\u00e9curis\u00e9.<\/p>\n","protected":false},"excerpt":{"rendered":"<p>Fen\u00eatre compl\u00e8te pour camping-cars et caravanes, pr\u00e9mont\u00e9e avec double vitrage en verre acrylique, et stores et moustiquaire int\u00e9gr\u00e9s. La manivelle centrale permet de relier les deux stores et de les positionner diff\u00e9remment. Fen\u00eatre basculante\u00a0S4Pr\u00eate \u00e0 l\u2019emploi avec bras t\u00e9lescopique et syst\u00e8me de fermeture s\u00e9curis\u00e9.<\/p>\n","protected":false},"featured_media":167170,"template":"","meta":{"_acf_changed":false},"product_featured_cat":[],"product_brand":[3028],"product_cat":[4715],"product_tag":[],"class_list":{"0":"post-167172","1":"product","2":"type-product","3":"status-publish","4":"has-post-thumbnail","6":"product_brand-dometic","7":"product_cat-fenetres","9":"first","10":"instock","11":"taxable","12":"shipping-taxable","13":"purchasable","14":"product-type-variable"},"acf":[],"yoast_head":"<!-- This site is optimized with the Yoast SEO plugin v27.4 - https:\/\/yoast.com\/product\/yoast-seo-wordpress\/ -->\n<title>Fen\u00eatre basculante\u00a0S4, blanc cr\u00e8me - Bantam Wankm\u00fcller SA<\/title>\n<meta name=\"robots\" content=\"index, follow, max-snippet:-1, max-image-preview:large, max-video-preview:-1\" \/>\n<link rel=\"canonical\" href=\"https:\/\/shop.bantam.ch\/fr\/produit\/fenetre-basculante-s4-blanc-creme\/\" \/>\n<meta property=\"og:locale\" content=\"fr_FR\" \/>\n<meta property=\"og:type\" content=\"article\" \/>\n<meta property=\"og:title\" content=\"Fen\u00eatre basculante\u00a0S4, blanc cr\u00e8me - Bantam Wankm\u00fcller SA\" \/>\n<meta property=\"og:description\" content=\"Fen\u00eatre compl\u00e8te pour camping-cars et caravanes, pr\u00e9mont\u00e9e avec double vitrage en verre acrylique, et stores et moustiquaire int\u00e9gr\u00e9s. La manivelle centrale permet de relier les deux stores et de les positionner diff\u00e9remment. Fen\u00eatre basculante\u00a0S4Pr\u00eate \u00e0 l\u2019emploi avec bras t\u00e9lescopique et syst\u00e8me de fermeture s\u00e9curis\u00e9.\" \/>\n<meta property=\"og:url\" content=\"https:\/\/shop.bantam.ch\/fr\/produit\/fenetre-basculante-s4-blanc-creme\/\" \/>\n<meta property=\"og:site_name\" content=\"Bantam Wankm\u00fcller SA\" \/>\n<meta property=\"article:modified_time\" content=\"2026-04-19T22:37:11+00:00\" \/>\n<meta property=\"og:image\" content=\"https:\/\/shop.bantam.ch\/wp-content\/uploads\/2023\/03\/9961008-Ausstellf_S4_600x500_creme_weiss-Standard-01-58.jpg\" \/>\n\t<meta property=\"og:image:width\" content=\"1000\" \/>\n\t<meta property=\"og:image:height\" content=\"620\" \/>\n\t<meta property=\"og:image:type\" content=\"image\/jpeg\" \/>\n<meta name=\"twitter:card\" content=\"summary_large_image\" \/>\n<script type=\"application\/ld+json\" class=\"yoast-schema-graph\">{\"@context\":\"https:\\\/\\\/schema.org\",\"@graph\":[{\"@type\":\"WebPage\",\"@id\":\"https:\\\/\\\/shop.bantam.ch\\\/fr\\\/produit\\\/fenetre-basculante-s4-blanc-creme\\\/\",\"url\":\"https:\\\/\\\/shop.bantam.ch\\\/fr\\\/produit\\\/fenetre-basculante-s4-blanc-creme\\\/\",\"name\":\"Fen\u00eatre basculante\u00a0S4, blanc cr\u00e8me - Bantam Wankm\u00fcller SA\",\"isPartOf\":{\"@id\":\"https:\\\/\\\/shop.bantam.ch\\\/fr\\\/#website\"},\"primaryImageOfPage\":{\"@id\":\"https:\\\/\\\/shop.bantam.ch\\\/fr\\\/produit\\\/fenetre-basculante-s4-blanc-creme\\\/#primaryimage\"},\"image\":{\"@id\":\"https:\\\/\\\/shop.bantam.ch\\\/fr\\\/produit\\\/fenetre-basculante-s4-blanc-creme\\\/#primaryimage\"},\"thumbnailUrl\":\"https:\\\/\\\/shop.bantam.ch\\\/wp-content\\\/uploads\\\/2023\\\/03\\\/9961008-Ausstellf_S4_600x500_creme_weiss-Standard-01-58.jpg\",\"datePublished\":\"2023-03-29T10:53:48+00:00\",\"dateModified\":\"2026-04-19T22:37:11+00:00\",\"breadcrumb\":{\"@id\":\"https:\\\/\\\/shop.bantam.ch\\\/fr\\\/produit\\\/fenetre-basculante-s4-blanc-creme\\\/#breadcrumb\"},\"inLanguage\":\"fr-FR\",\"potentialAction\":[{\"@type\":\"ReadAction\",\"target\":[\"https:\\\/\\\/shop.bantam.ch\\\/fr\\\/produit\\\/fenetre-basculante-s4-blanc-creme\\\/\"]}]},{\"@type\":\"ImageObject\",\"inLanguage\":\"fr-FR\",\"@id\":\"https:\\\/\\\/shop.bantam.ch\\\/fr\\\/produit\\\/fenetre-basculante-s4-blanc-creme\\\/#primaryimage\",\"url\":\"https:\\\/\\\/shop.bantam.ch\\\/wp-content\\\/uploads\\\/2023\\\/03\\\/9961008-Ausstellf_S4_600x500_creme_weiss-Standard-01-58.jpg\",\"contentUrl\":\"https:\\\/\\\/shop.bantam.ch\\\/wp-content\\\/uploads\\\/2023\\\/03\\\/9961008-Ausstellf_S4_600x500_creme_weiss-Standard-01-58.jpg\",\"width\":1000,\"height\":620},{\"@type\":\"BreadcrumbList\",\"@id\":\"https:\\\/\\\/shop.bantam.ch\\\/fr\\\/produit\\\/fenetre-basculante-s4-blanc-creme\\\/#breadcrumb\",\"itemListElement\":[{\"@type\":\"ListItem\",\"position\":1,\"name\":\"Accueil\",\"item\":\"https:\\\/\\\/shop.bantam.ch\\\/fr\\\/\"},{\"@type\":\"ListItem\",\"position\":2,\"name\":\"Boutique\",\"item\":\"https:\\\/\\\/shop.bantam.ch\\\/fr\\\/boutique\\\/\"},{\"@type\":\"ListItem\",\"position\":3,\"name\":\"Fen\u00eatre basculante\u00a0S4, blanc cr\u00e8me\"}]},{\"@type\":\"WebSite\",\"@id\":\"https:\\\/\\\/shop.bantam.ch\\\/fr\\\/#website\",\"url\":\"https:\\\/\\\/shop.bantam.ch\\\/fr\\\/\",\"name\":\"Bantam Wankm\u00fcller SA\",\"description\":\"\",\"publisher\":{\"@id\":\"https:\\\/\\\/shop.bantam.ch\\\/fr\\\/#organization\"},\"inLanguage\":\"fr-FR\"},{\"@type\":\"Organization\",\"@id\":\"https:\\\/\\\/shop.bantam.ch\\\/fr\\\/#organization\",\"name\":\"Bantam Wankm\u00fcller SA\",\"url\":\"https:\\\/\\\/shop.bantam.ch\\\/fr\\\/\",\"logo\":{\"@type\":\"ImageObject\",\"inLanguage\":\"fr-FR\",\"@id\":\"https:\\\/\\\/shop.bantam.ch\\\/fr\\\/#\\\/schema\\\/logo\\\/image\\\/\",\"url\":\"https:\\\/\\\/shop.bantam.ch\\\/wp-content\\\/uploads\\\/2022\\\/12\\\/bantam-logo.png\",\"contentUrl\":\"https:\\\/\\\/shop.bantam.ch\\\/wp-content\\\/uploads\\\/2022\\\/12\\\/bantam-logo.png\",\"width\":320,\"height\":71,\"caption\":\"Bantam Wankm\u00fcller SA\"},\"image\":{\"@id\":\"https:\\\/\\\/shop.bantam.ch\\\/fr\\\/#\\\/schema\\\/logo\\\/image\\\/\"}}]}<\/script>\n<!-- \/ Yoast SEO plugin. -->","yoast_head_json":{"title":"Fen\u00eatre basculante\u00a0S4, blanc cr\u00e8me - Bantam Wankm\u00fcller SA","robots":{"index":"index","follow":"follow","max-snippet":"max-snippet:-1","max-image-preview":"max-image-preview:large","max-video-preview":"max-video-preview:-1"},"canonical":"https:\/\/shop.bantam.ch\/fr\/produit\/fenetre-basculante-s4-blanc-creme\/","og_locale":"fr_FR","og_type":"article","og_title":"Fen\u00eatre basculante\u00a0S4, blanc cr\u00e8me - Bantam Wankm\u00fcller SA","og_description":"Fen\u00eatre compl\u00e8te pour camping-cars et caravanes, pr\u00e9mont\u00e9e avec double vitrage en verre acrylique, et stores et moustiquaire int\u00e9gr\u00e9s. La manivelle centrale permet de relier les deux stores et de les positionner diff\u00e9remment. Fen\u00eatre basculante\u00a0S4Pr\u00eate \u00e0 l\u2019emploi avec bras t\u00e9lescopique et syst\u00e8me de fermeture s\u00e9curis\u00e9.","og_url":"https:\/\/shop.bantam.ch\/fr\/produit\/fenetre-basculante-s4-blanc-creme\/","og_site_name":"Bantam Wankm\u00fcller SA","article_modified_time":"2026-04-19T22:37:11+00:00","og_image":[{"width":1000,"height":620,"url":"https:\/\/shop.bantam.ch\/wp-content\/uploads\/2023\/03\/9961008-Ausstellf_S4_600x500_creme_weiss-Standard-01-58.jpg","type":"image\/jpeg"}],"twitter_card":"summary_large_image","schema":{"@context":"https:\/\/schema.org","@graph":[{"@type":"WebPage","@id":"https:\/\/shop.bantam.ch\/fr\/produit\/fenetre-basculante-s4-blanc-creme\/","url":"https:\/\/shop.bantam.ch\/fr\/produit\/fenetre-basculante-s4-blanc-creme\/","name":"Fen\u00eatre basculante\u00a0S4, blanc cr\u00e8me - Bantam Wankm\u00fcller SA","isPartOf":{"@id":"https:\/\/shop.bantam.ch\/fr\/#website"},"primaryImageOfPage":{"@id":"https:\/\/shop.bantam.ch\/fr\/produit\/fenetre-basculante-s4-blanc-creme\/#primaryimage"},"image":{"@id":"https:\/\/shop.bantam.ch\/fr\/produit\/fenetre-basculante-s4-blanc-creme\/#primaryimage"},"thumbnailUrl":"https:\/\/shop.bantam.ch\/wp-content\/uploads\/2023\/03\/9961008-Ausstellf_S4_600x500_creme_weiss-Standard-01-58.jpg","datePublished":"2023-03-29T10:53:48+00:00","dateModified":"2026-04-19T22:37:11+00:00","breadcrumb":{"@id":"https:\/\/shop.bantam.ch\/fr\/produit\/fenetre-basculante-s4-blanc-creme\/#breadcrumb"},"inLanguage":"fr-FR","potentialAction":[{"@type":"ReadAction","target":["https:\/\/shop.bantam.ch\/fr\/produit\/fenetre-basculante-s4-blanc-creme\/"]}]},{"@type":"ImageObject","inLanguage":"fr-FR","@id":"https:\/\/shop.bantam.ch\/fr\/produit\/fenetre-basculante-s4-blanc-creme\/#primaryimage","url":"https:\/\/shop.bantam.ch\/wp-content\/uploads\/2023\/03\/9961008-Ausstellf_S4_600x500_creme_weiss-Standard-01-58.jpg","contentUrl":"https:\/\/shop.bantam.ch\/wp-content\/uploads\/2023\/03\/9961008-Ausstellf_S4_600x500_creme_weiss-Standard-01-58.jpg","width":1000,"height":620},{"@type":"BreadcrumbList","@id":"https:\/\/shop.bantam.ch\/fr\/produit\/fenetre-basculante-s4-blanc-creme\/#breadcrumb","itemListElement":[{"@type":"ListItem","position":1,"name":"Accueil","item":"https:\/\/shop.bantam.ch\/fr\/"},{"@type":"ListItem","position":2,"name":"Boutique","item":"https:\/\/shop.bantam.ch\/fr\/boutique\/"},{"@type":"ListItem","position":3,"name":"Fen\u00eatre basculante\u00a0S4, blanc cr\u00e8me"}]},{"@type":"WebSite","@id":"https:\/\/shop.bantam.ch\/fr\/#website","url":"https:\/\/shop.bantam.ch\/fr\/","name":"Bantam Wankm\u00fcller SA","description":"","publisher":{"@id":"https:\/\/shop.bantam.ch\/fr\/#organization"},"inLanguage":"fr-FR"},{"@type":"Organization","@id":"https:\/\/shop.bantam.ch\/fr\/#organization","name":"Bantam Wankm\u00fcller SA","url":"https:\/\/shop.bantam.ch\/fr\/","logo":{"@type":"ImageObject","inLanguage":"fr-FR","@id":"https:\/\/shop.bantam.ch\/fr\/#\/schema\/logo\/image\/","url":"https:\/\/shop.bantam.ch\/wp-content\/uploads\/2022\/12\/bantam-logo.png","contentUrl":"https:\/\/shop.bantam.ch\/wp-content\/uploads\/2022\/12\/bantam-logo.png","width":320,"height":71,"caption":"Bantam Wankm\u00fcller SA"},"image":{"@id":"https:\/\/shop.bantam.ch\/fr\/#\/schema\/logo\/image\/"}}]}},"_links":{"self":[{"href":"https:\/\/shop.bantam.ch\/fr\/wp-json\/wp\/v2\/product\/167172","targetHints":{"allow":["GET"]}}],"collection":[{"href":"https:\/\/shop.bantam.ch\/fr\/wp-json\/wp\/v2\/product"}],"about":[{"href":"https:\/\/shop.bantam.ch\/fr\/wp-json\/wp\/v2\/types\/product"}],"wp:featuredmedia":[{"embeddable":true,"href":"https:\/\/shop.bantam.ch\/fr\/wp-json\/wp\/v2\/media\/167170"}],"wp:attachment":[{"href":"https:\/\/shop.bantam.ch\/fr\/wp-json\/wp\/v2\/media?parent=167172"}],"wp:term":[{"taxonomy":"product_featured_cat","embeddable":true,"href":"https:\/\/shop.bantam.ch\/fr\/wp-json\/wp\/v2\/product_featured_cat?post=167172"},{"taxonomy":"product_brand","embeddable":true,"href":"https:\/\/shop.bantam.ch\/fr\/wp-json\/wp\/v2\/product_brand?post=167172"},{"taxonomy":"product_cat","embeddable":true,"href":"https:\/\/shop.bantam.ch\/fr\/wp-json\/wp\/v2\/product_cat?post=167172"},{"taxonomy":"product_tag","embeddable":true,"href":"https:\/\/shop.bantam.ch\/fr\/wp-json\/wp\/v2\/product_tag?post=167172"}],"curies":[{"name":"wp","href":"https:\/\/api.w.org\/{rel}","templated":true}]}}